{"id":10976,"date":"2018-12-10T13:48:12","date_gmt":"2018-12-10T13:48:12","guid":{"rendered":"https:\/\/www.filtrox.com\/?page_id=10976"},"modified":"2024-12-31T12:36:16","modified_gmt":"2024-12-31T11:36:16","slug":"tiefenfiltration","status":"publish","type":"page","link":"https:\/\/www.filtrox.com\/ch\/dienstleistungen\/tiefenfiltration\/","title":{"rendered":"Tiefenfiltration"},"content":{"rendered":"<div class=\"yoast-breadcrumbs\">\t&#8211;\n<span><span><a href=\"https:\/\/www.filtrox.com\/ch\/\">Home<\/a><\/span> \u00bb <span><a href=\"https:\/\/www.filtrox.com\/ch\/dienstleistungen\/\">Leistungen<\/a><\/span> \u00bb <span class=\"breadcrumb_last\" aria-current=\"page\"><strong>Tiefenfiltration<\/strong><\/span><\/span><\/div>\n\n\n<div style=\"height:30px\" aria-hidden=\"true\" class=\"wp-block-spacer\"><\/div>\n\n\n\n<h2>TIEFENFILTRATION<\/h2>\n<p>Tiefenschichtenfilter werden zur Entfernung von Partikeln aus einer Fl\u00fcssigkeit eingesetzt. Dabei k\u00f6nnen Fl\u00fcssigkeiten kl\u00e4r-, fein- oder entkeimend filtriert werden.&nbsp;Bei der Tiefenfiltration werden \u00abdicke\u00bb Filtermedien (2.5 \u2013 4.5mm) verwendet.&nbsp;Die Partikel werden durch zwei Filtrationsprinzipien zur\u00fcckgehalten:<\/p>\n<p>1. Oberfl\u00e4chenfiltration und 2. Tiefenfiltration<\/p>\n<p>Die Fl\u00fcssigkeit durchl\u00e4uft im Tiefenfilter ein dreidimensionales asymmetrisches Fasernetzwerk. Die festen (\u00abTrub\u00bb-)Bestandteile werden durch mechanische und elektrokinetische Effekte zur\u00fcckgehalten. Damit erh\u00f6ht sich die Aufnahmekapazit\u00e4t f\u00fcr Trubpartikel entscheidend.<\/p>\n<p>Der Zweck eines Filtrationsprozesses ist entweder die Gewinnung der Fl\u00fcssigkeit (Filtrat) oder Gewinnung der Feststoffe (Retentat). Bei der Tiefenfiltration konzentriert man sich haupts\u00e4chlich auf die Gewinnung des fl\u00fcssigen Filtrats.<\/p>\n\n\n\n<h2>Filterschichten<\/h2>\n<p>Filterschichten bestehen aus einer Mischung von speziell aufgeschlossenen Fasern (z. B. Zellulose) und pulverf\u00f6rmigen, anorganischen Filterhilfsmitteln wie Kieselgur und\/oder Perliten.&nbsp; Durch die Mahlart und die Menge und Art der eingesetzten Grundstoffe wie Filterhilfsmittel kann die R\u00fcckhalterate bestimmt werden. Ein Polymerharz wird in geringen Mengen als Nassfestmittel zugef\u00fcgt. Je nach Polymerharztyp wird bei der Durchstr\u00f6mung der Filterschicht eine mehr oder weniger grosse positive Ladung, auch \u00abZetapotential\u00bb genannt, erzeugt. Die positive Ladung verbessert die Aufnahme kleiner negativ geladener Partikel oder Mikroorganismen.<\/p>\n<p>Das innere Trubaufnahmevolumen einer typischen Tiefenfilterschicht betr\u00e4gt ca. 4 l \/m<sup>2&nbsp;<\/sup>Filterfl\u00e4che. Beim Filtrationsprozess werden mehrere Tiefenfilterschichten hintereinander in einen Schichtenfilter eingesetzt. Damit erh\u00e4lt man eine grosse Filterfl\u00e4che auf relativ kleinem Raum.<\/p>\n<p>Eine andere Methode, Tiefenfilterschichten weniger zeit- und arbeitsaufw\u00e4ndig einzusetzen, sind Tiefenfiltermodule. Hierbei wird ein vorgepacktes Filterpaket in ein Filtergeh\u00e4use eingebaut. Tiefenfilter sind ersch\u00f6pft, wenn die innere Matrix mit Trubpartikeln gef\u00fcllt ist. Anzeichen daf\u00fcr ist der steigende Differenzdruck zwischen dem Einlauf (Unfiltrat) und dem Auslauf (Filtrat) und eine geringere Fliessgeschwindigkeit der Fl\u00fcssigkeit. Ab einem gewissen Punkt ist die Kapazit\u00e4t der Tiefenfilter ersch\u00f6pft (1.5 bar bei Sterilisation; 2.5 \u2013 3 bar f\u00fcr Kl\u00e4rung der Fl\u00fcssigkeit). Unter gewissen Umst\u00e4nden ist es m\u00f6glich, den Filter zu regenerieren.<\/p>\n\n\n\n<h2>Filterhilfsmittel<\/h2>\n<p>Bei hohen Trublasten (ca. &gt;1.5 %) k\u00f6nnen Standard-Tiefenschichtenfilter schnell verblocken. Durch den Einsatz von Filterhilfsmittel wie zum Beispiel Kieselgur bei einer Anschwemmfiltration kann die Durchsatzmenge erh\u00f6ht werden. Bei der Anschwemmfiltration werden Filterhilfsmittel in einer Fl\u00fcssigkeit suspendiert und anschliessend auf einer Tr\u00e4gerschicht in einem Schichtenfilter angeschwemmt, um einen Filterkuchen zu bilden. Die Tr\u00e4gerschichten selber fungieren dabei nicht als Filter, sondern dienen nur als Ger\u00fcst f\u00fcr den Filterkuchen, in dem die eigentliche Trubentfernung stattfindet.<\/p>\n<p>Die Abtrennung der Partikel funktioniert dabei nach einem \u00e4hnlichen Mechanismus wie bei den Filterschichten. Wie bei der Schichtenfiltration zeigt ein Anstieg des Differenzdrucks an, wann die Filterbelegung ersch\u00f6pft ist. Da der Filterkuchen gew\u00f6hnlich dicker ist als die Filterschichten, haben Anschwemmfilter eine l\u00e4ngere Standzeit durch h\u00f6here Trubaufnahmef\u00e4higkeit. Der verbrauchte Filterkuchen wird ausgesp\u00fclt und entsprechend der Natur des Trubes entsorgt.<\/p>\n\n\n\n<p><img decoding=\"async\" data-src=\"https:\/\/www.filtrox.com\/wp-content\/uploads\/2018\/12\/CarbonPadDiagramC-ot-e1544600874820.gif\" alt=\"Tiefenfiltration und die Filtration mit Filterkuchen\" width=\"200\" height=\"257\" src=\"data:image\/svg+xml;base64,PHN2ZyB3aWR0aD0iMSIgaGVpZ2h0PSIxIiB4bWxucz0iaHR0cDovL3d3dy53My5vcmcvMjAwMC9zdmciPjwvc3ZnPg==\" class=\"lazyload\" style=\"--smush-placeholder-width: 200px; --smush-placeholder-aspect-ratio: 200\/257;\" \/>\u00a0 \u00a0 \u00a0 <img decoding=\"async\" data-src=\"https:\/\/www.filtrox.com\/wp-content\/uploads\/2018\/12\/CarbonPadDiagramB-ot-e1544600941481.gif\" alt=\"Tiefenfiltration\" width=\"200\" height=\"252\" src=\"data:image\/svg+xml;base64,PHN2ZyB3aWR0aD0iMSIgaGVpZ2h0PSIxIiB4bWxucz0iaHR0cDovL3d3dy53My5vcmcvMjAwMC9zdmciPjwvc3ZnPg==\" class=\"lazyload\" style=\"--smush-placeholder-width: 200px; --smush-placeholder-aspect-ratio: 200\/252;\" \/>\u00a0 \u00a0 \u00a0<img decoding=\"async\" data-src=\"https:\/\/www.filtrox.com\/wp-content\/uploads\/2018\/12\/CarbonPadDiagramA-ot-e1544600978518.gif\" alt=\"Surface Filtration\" width=\"200\" height=\"253\" src=\"data:image\/svg+xml;base64,PHN2ZyB3aWR0aD0iMSIgaGVpZ2h0PSIxIiB4bWxucz0iaHR0cDovL3d3dy53My5vcmcvMjAwMC9zdmciPjwvc3ZnPg==\" class=\"lazyload\" style=\"--smush-placeholder-width: 200px; --smush-placeholder-aspect-ratio: 200\/253;\" \/>\u00a0 \u00a0\u00a0<img decoding=\"async\" data-src=\"https:\/\/www.filtrox.com\/wp-content\/uploads\/2018\/12\/CarbonPadDiagram_Legende.gif\" alt=\"Legende\" width=\"339\" height=\"163\" src=\"data:image\/svg+xml;base64,PHN2ZyB3aWR0aD0iMSIgaGVpZ2h0PSIxIiB4bWxucz0iaHR0cDovL3d3dy53My5vcmcvMjAwMC9zdmciPjwvc3ZnPg==\" class=\"lazyload\" style=\"--smush-placeholder-width: 339px; --smush-placeholder-aspect-ratio: 339\/163;\" \/><\/p>\n","protected":false},"excerpt":{"rendered":"<p>TIEFENFILTRATION Tiefenschichtenfilter werden zur Entfernung von Partikeln aus einer Fl\u00fcssigkeit eingesetzt. Dabei k\u00f6nnen Fl\u00fcssigkeiten kl\u00e4r-, fein- oder entkeimend filtriert werden.&nbsp;Bei der Tiefenfiltration werden \u00abdicke\u00bb Filtermedien (2.5 \u2013 4.5mm) verwendet.&nbsp;Die Partikel werden durch zwei Filtrationsprinzipien zur\u00fcckgehalten: 1. Oberfl\u00e4chenfiltration und 2. Tiefenfiltration Die Fl\u00fcssigkeit durchl\u00e4uft im Tiefenfilter ein dreidimensionales asymmetrisches Fasernetzwerk. Die festen (\u00abTrub\u00bb-)Bestandteile werden durch mechanische &hellip; <a href=\"https:\/\/www.filtrox.com\/ch\/dienstleistungen\/tiefenfiltration\/\" class=\"more-link\">Continue reading <span class=\"screen-reader-text\">Tiefenfiltration<\/span> <span class=\"meta-nav\">&rarr;<\/span><\/a><\/p>\n","protected":false},"author":8,"featured_media":0,"parent":4913,"menu_order":83,"comment_status":"closed","ping_status":"closed","template":"template_services.php","meta":{"_acf_changed":false,"advgb_blocks_editor_width":"","advgb_blocks_columns_visual_guide":"","footnotes":""},"class_list":["post-10976","page","type-page","status-publish","hentry"],"acf":[],"yoast_head":"<!-- This site is optimized with the Yoast SEO plugin v26.3 - https:\/\/yoast.com\/wordpress\/plugins\/seo\/ -->\n<title>Filtrationswissen - Basiswissen \u00fcber die Tiefenfiltration<\/title>\n<meta name=\"description\" content=\"Basisinformationen \u00fcber die Technologie der Tiefenfiltration. Was ist die Tiefenfiltration und wie funktioniert sie?\" \/>\n<meta name=\"robots\" content=\"index, follow, max-snippet:-1, max-image-preview:large, max-video-preview:-1\" \/>\n<link rel=\"canonical\" href=\"https:\/\/www.filtrox.com\/ch\/dienstleistungen\/tiefenfiltration\/\" \/>\n<meta property=\"og:locale\" content=\"de_DE\" \/>\n<meta property=\"og:type\" content=\"article\" \/>\n<meta property=\"og:title\" content=\"Filtrationswissen - Basiswissen \u00fcber die Tiefenfiltration\" \/>\n<meta property=\"og:description\" content=\"Basisinformationen \u00fcber die Technologie der Tiefenfiltration. Was ist die Tiefenfiltration und wie funktioniert sie?\" \/>\n<meta property=\"og:url\" content=\"https:\/\/www.filtrox.com\/ch\/dienstleistungen\/tiefenfiltration\/\" \/>\n<meta property=\"og:site_name\" content=\"Filtrox\" \/>\n<meta property=\"article:publisher\" content=\"https:\/\/www.facebook.com\/Filtrox-AG-2091458717567633\" \/>\n<meta property=\"article:modified_time\" content=\"2024-12-31T11:36:16+00:00\" \/>\n<meta property=\"og:image\" content=\"https:\/\/www.filtrox.com\/wp-content\/uploads\/2018\/12\/CarbonPadDiagramC-ot-e1544600874820.gif\" \/>\n<meta name=\"twitter:card\" content=\"summary_large_image\" \/>\n<meta name=\"twitter:site\" content=\"@FILTROX1\" \/>\n<meta name=\"twitter:label1\" content=\"Gesch\u00e4tzte Lesezeit\" \/>\n\t<meta name=\"twitter:data1\" content=\"3 Minuten\" \/>\n<script type=\"application\/ld+json\" class=\"yoast-schema-graph\">{\"@context\":\"https:\/\/schema.org\",\"@graph\":[{\"@type\":\"WebPage\",\"@id\":\"https:\/\/www.filtrox.com\/ch\/dienstleistungen\/tiefenfiltration\/\",\"url\":\"https:\/\/www.filtrox.com\/ch\/dienstleistungen\/tiefenfiltration\/\",\"name\":\"Filtrationswissen - Basiswissen \u00fcber die Tiefenfiltration\",\"isPartOf\":{\"@id\":\"https:\/\/www.filtrox.com\/#website\"},\"primaryImageOfPage\":{\"@id\":\"https:\/\/www.filtrox.com\/ch\/dienstleistungen\/tiefenfiltration\/#primaryimage\"},\"image\":{\"@id\":\"https:\/\/www.filtrox.com\/ch\/dienstleistungen\/tiefenfiltration\/#primaryimage\"},\"thumbnailUrl\":\"https:\/\/www.filtrox.com\/wp-content\/uploads\/2018\/12\/CarbonPadDiagramC-ot-e1544600874820.gif\",\"datePublished\":\"2018-12-10T13:48:12+00:00\",\"dateModified\":\"2024-12-31T11:36:16+00:00\",\"description\":\"Basisinformationen \u00fcber die Technologie der Tiefenfiltration. Was ist die Tiefenfiltration und wie funktioniert sie?\",\"breadcrumb\":{\"@id\":\"https:\/\/www.filtrox.com\/ch\/dienstleistungen\/tiefenfiltration\/#breadcrumb\"},\"inLanguage\":\"de-CH\",\"potentialAction\":[{\"@type\":\"ReadAction\",\"target\":[\"https:\/\/www.filtrox.com\/ch\/dienstleistungen\/tiefenfiltration\/\"]}]},{\"@type\":\"ImageObject\",\"inLanguage\":\"de-CH\",\"@id\":\"https:\/\/www.filtrox.com\/ch\/dienstleistungen\/tiefenfiltration\/#primaryimage\",\"url\":\"https:\/\/www.filtrox.com\/wp-content\/uploads\/2018\/12\/CarbonPadDiagramC-ot-e1544600874820.gif\",\"contentUrl\":\"https:\/\/www.filtrox.com\/wp-content\/uploads\/2018\/12\/CarbonPadDiagramC-ot-e1544600874820.gif\"},{\"@type\":\"BreadcrumbList\",\"@id\":\"https:\/\/www.filtrox.com\/ch\/dienstleistungen\/tiefenfiltration\/#breadcrumb\",\"itemListElement\":[{\"@type\":\"ListItem\",\"position\":1,\"name\":\"Home\",\"item\":\"https:\/\/www.filtrox.com\/ch\/\"},{\"@type\":\"ListItem\",\"position\":2,\"name\":\"Leistungen\",\"item\":\"https:\/\/www.filtrox.com\/ch\/dienstleistungen\/\"},{\"@type\":\"ListItem\",\"position\":3,\"name\":\"Tiefenfiltration\"}]},{\"@type\":\"WebSite\",\"@id\":\"https:\/\/www.filtrox.com\/#website\",\"url\":\"https:\/\/www.filtrox.com\/\",\"name\":\"Filtrox\",\"description\":\"DEPTH FILTRATION FOR VALUABLE LIQUIDS.\",\"publisher\":{\"@id\":\"https:\/\/www.filtrox.com\/#organization\"},\"potentialAction\":[{\"@type\":\"SearchAction\",\"target\":{\"@type\":\"EntryPoint\",\"urlTemplate\":\"https:\/\/www.filtrox.com\/?s={search_term_string}\"},\"query-input\":{\"@type\":\"PropertyValueSpecification\",\"valueRequired\":true,\"valueName\":\"search_term_string\"}}],\"inLanguage\":\"de-CH\"},{\"@type\":\"Organization\",\"@id\":\"https:\/\/www.filtrox.com\/#organization\",\"name\":\"Filtrox\",\"alternateName\":\"FX\",\"url\":\"https:\/\/www.filtrox.com\/\",\"logo\":{\"@type\":\"ImageObject\",\"inLanguage\":\"de-CH\",\"@id\":\"https:\/\/www.filtrox.com\/#\/schema\/logo\/image\/\",\"url\":\"https:\/\/www.filtrox.com\/wp-content\/uploads\/2015\/02\/FX-Logo_RGB_0-74-153.jpg\",\"contentUrl\":\"https:\/\/www.filtrox.com\/wp-content\/uploads\/2015\/02\/FX-Logo_RGB_0-74-153.jpg\",\"width\":512,\"height\":512,\"caption\":\"Filtrox\"},\"image\":{\"@id\":\"https:\/\/www.filtrox.com\/#\/schema\/logo\/image\/\"},\"sameAs\":[\"https:\/\/www.facebook.com\/Filtrox-AG-2091458717567633\",\"https:\/\/x.com\/FILTROX1\",\"https:\/\/www.instagram.com\/filtroxag\/\",\"https:\/\/www.linkedin.com\/company\/34636121\/\",\"https:\/\/www.youtube.com\/channel\/UCi3A2_4M_c-CcEst9YJ4U9g\/featured?disable_polymer=1\"]}]}<\/script>\n<!-- \/ Yoast SEO plugin. -->","yoast_head_json":{"title":"Filtrationswissen - Basiswissen \u00fcber die Tiefenfiltration","description":"Basisinformationen \u00fcber die Technologie der Tiefenfiltration. Was ist die Tiefenfiltration und wie funktioniert sie?","robots":{"index":"index","follow":"follow","max-snippet":"max-snippet:-1","max-image-preview":"max-image-preview:large","max-video-preview":"max-video-preview:-1"},"canonical":"https:\/\/www.filtrox.com\/ch\/dienstleistungen\/tiefenfiltration\/","og_locale":"de_DE","og_type":"article","og_title":"Filtrationswissen - Basiswissen \u00fcber die Tiefenfiltration","og_description":"Basisinformationen \u00fcber die Technologie der Tiefenfiltration. Was ist die Tiefenfiltration und wie funktioniert sie?","og_url":"https:\/\/www.filtrox.com\/ch\/dienstleistungen\/tiefenfiltration\/","og_site_name":"Filtrox","article_publisher":"https:\/\/www.facebook.com\/Filtrox-AG-2091458717567633","article_modified_time":"2024-12-31T11:36:16+00:00","og_image":[{"url":"https:\/\/www.filtrox.com\/wp-content\/uploads\/2018\/12\/CarbonPadDiagramC-ot-e1544600874820.gif","type":"","width":"","height":""}],"twitter_card":"summary_large_image","twitter_site":"@FILTROX1","twitter_misc":{"Gesch\u00e4tzte Lesezeit":"3 Minuten"},"schema":{"@context":"https:\/\/schema.org","@graph":[{"@type":"WebPage","@id":"https:\/\/www.filtrox.com\/ch\/dienstleistungen\/tiefenfiltration\/","url":"https:\/\/www.filtrox.com\/ch\/dienstleistungen\/tiefenfiltration\/","name":"Filtrationswissen - Basiswissen \u00fcber die Tiefenfiltration","isPartOf":{"@id":"https:\/\/www.filtrox.com\/#website"},"primaryImageOfPage":{"@id":"https:\/\/www.filtrox.com\/ch\/dienstleistungen\/tiefenfiltration\/#primaryimage"},"image":{"@id":"https:\/\/www.filtrox.com\/ch\/dienstleistungen\/tiefenfiltration\/#primaryimage"},"thumbnailUrl":"https:\/\/www.filtrox.com\/wp-content\/uploads\/2018\/12\/CarbonPadDiagramC-ot-e1544600874820.gif","datePublished":"2018-12-10T13:48:12+00:00","dateModified":"2024-12-31T11:36:16+00:00","description":"Basisinformationen \u00fcber die Technologie der Tiefenfiltration. Was ist die Tiefenfiltration und wie funktioniert sie?","breadcrumb":{"@id":"https:\/\/www.filtrox.com\/ch\/dienstleistungen\/tiefenfiltration\/#breadcrumb"},"inLanguage":"de-CH","potentialAction":[{"@type":"ReadAction","target":["https:\/\/www.filtrox.com\/ch\/dienstleistungen\/tiefenfiltration\/"]}]},{"@type":"ImageObject","inLanguage":"de-CH","@id":"https:\/\/www.filtrox.com\/ch\/dienstleistungen\/tiefenfiltration\/#primaryimage","url":"https:\/\/www.filtrox.com\/wp-content\/uploads\/2018\/12\/CarbonPadDiagramC-ot-e1544600874820.gif","contentUrl":"https:\/\/www.filtrox.com\/wp-content\/uploads\/2018\/12\/CarbonPadDiagramC-ot-e1544600874820.gif"},{"@type":"BreadcrumbList","@id":"https:\/\/www.filtrox.com\/ch\/dienstleistungen\/tiefenfiltration\/#breadcrumb","itemListElement":[{"@type":"ListItem","position":1,"name":"Home","item":"https:\/\/www.filtrox.com\/ch\/"},{"@type":"ListItem","position":2,"name":"Leistungen","item":"https:\/\/www.filtrox.com\/ch\/dienstleistungen\/"},{"@type":"ListItem","position":3,"name":"Tiefenfiltration"}]},{"@type":"WebSite","@id":"https:\/\/www.filtrox.com\/#website","url":"https:\/\/www.filtrox.com\/","name":"Filtrox","description":"DEPTH FILTRATION FOR VALUABLE LIQUIDS.","publisher":{"@id":"https:\/\/www.filtrox.com\/#organization"},"potentialAction":[{"@type":"SearchAction","target":{"@type":"EntryPoint","urlTemplate":"https:\/\/www.filtrox.com\/?s={search_term_string}"},"query-input":{"@type":"PropertyValueSpecification","valueRequired":true,"valueName":"search_term_string"}}],"inLanguage":"de-CH"},{"@type":"Organization","@id":"https:\/\/www.filtrox.com\/#organization","name":"Filtrox","alternateName":"FX","url":"https:\/\/www.filtrox.com\/","logo":{"@type":"ImageObject","inLanguage":"de-CH","@id":"https:\/\/www.filtrox.com\/#\/schema\/logo\/image\/","url":"https:\/\/www.filtrox.com\/wp-content\/uploads\/2015\/02\/FX-Logo_RGB_0-74-153.jpg","contentUrl":"https:\/\/www.filtrox.com\/wp-content\/uploads\/2015\/02\/FX-Logo_RGB_0-74-153.jpg","width":512,"height":512,"caption":"Filtrox"},"image":{"@id":"https:\/\/www.filtrox.com\/#\/schema\/logo\/image\/"},"sameAs":["https:\/\/www.facebook.com\/Filtrox-AG-2091458717567633","https:\/\/x.com\/FILTROX1","https:\/\/www.instagram.com\/filtroxag\/","https:\/\/www.linkedin.com\/company\/34636121\/","https:\/\/www.youtube.com\/channel\/UCi3A2_4M_c-CcEst9YJ4U9g\/featured?disable_polymer=1"]}]}},"coauthors":[],"author_meta":{"author_link":"https:\/\/www.filtrox.com\/ch\/blog\/author\/fosca-roman\/","display_name":"Fosca Roman"},"relative_dates":{"created":"Posted 7 Jahren ago","modified":"Updated 1 Jahr ago"},"absolute_dates":{"created":"Posted on Dezember 10, 2018","modified":"Updated on Dezember 31, 2024"},"absolute_dates_time":{"created":"Posted on Dezember 10, 2018 1:48 pm","modified":"Updated on Dezember 31, 2024 12:36 pm"},"featured_img_caption":"","featured_img":false,"series_order":"","publishpress_future_action":{"enabled":false,"date":"2026-05-01 15:07:42","action":"change-status","newStatus":"draft","terms":[],"taxonomy":"translation_priority","extraData":[]},"publishpress_future_workflow_manual_trigger":{"enabledWorkflows":[]},"_links":{"self":[{"href":"https:\/\/www.filtrox.com\/ch\/wp-json\/wp\/v2\/pages\/10976","targetHints":{"allow":["GET"]}}],"collection":[{"href":"https:\/\/www.filtrox.com\/ch\/wp-json\/wp\/v2\/pages"}],"about":[{"href":"https:\/\/www.filtrox.com\/ch\/wp-json\/wp\/v2\/types\/page"}],"author":[{"embeddable":true,"href":"https:\/\/www.filtrox.com\/ch\/wp-json\/wp\/v2\/users\/8"}],"replies":[{"embeddable":true,"href":"https:\/\/www.filtrox.com\/ch\/wp-json\/wp\/v2\/comments?post=10976"}],"version-history":[{"count":11,"href":"https:\/\/www.filtrox.com\/ch\/wp-json\/wp\/v2\/pages\/10976\/revisions"}],"predecessor-version":[{"id":59814,"href":"https:\/\/www.filtrox.com\/ch\/wp-json\/wp\/v2\/pages\/10976\/revisions\/59814"}],"up":[{"embeddable":true,"href":"https:\/\/www.filtrox.com\/ch\/wp-json\/wp\/v2\/pages\/4913"}],"wp:attachment":[{"href":"https:\/\/www.filtrox.com\/ch\/wp-json\/wp\/v2\/media?parent=10976"}],"curies":[{"name":"wp","href":"https:\/\/api.w.org\/{rel}","templated":true}]}}