{"id":11024,"date":"2019-04-11T15:09:18","date_gmt":"2019-04-11T15:09:18","guid":{"rendered":"https:\/\/www.filtrox.com\/?page_id=11024"},"modified":"2025-01-02T15:13:14","modified_gmt":"2025-01-02T14:13:14","slug":"aktivkohle-filtration","status":"publish","type":"page","link":"https:\/\/www.filtrox.com\/ch\/dienstleistungen\/filtrationswissen\/aktivkohle-filtration\/","title":{"rendered":"Aktivkohle Filtration"},"content":{"rendered":"<div class=\"yoast-breadcrumbs\">\t&#8211;\n<span><span><a href=\"https:\/\/www.filtrox.com\/ch\/\">Home<\/a><\/span> \u00bb <span><a href=\"https:\/\/www.filtrox.com\/ch\/dienstleistungen\/\">Leistungen<\/a><\/span> \u00bb <span><a href=\"https:\/\/www.filtrox.com\/ch\/dienstleistungen\/filtrationswissen\/\">Filtrationswissen<\/a><\/span> \u00bb <span class=\"breadcrumb_last\" aria-current=\"page\"><strong>Aktivkohle Filtration<\/strong><\/span><\/span><\/div>\r\n\r\n<p><img decoding=\"async\" class=\"alignnone lazyload\" title=\"Carbofil for decolorization of liquids with activated carbon\" data-src=\"https:\/\/www.filtrox.com\/wp-content\/uploads\/2021\/08\/Carbofil_header.jpg\" alt=\"decolorization of liquids with activated carbon\" width=\"100%\" height=\"\" src=\"data:image\/svg+xml;base64,PHN2ZyB3aWR0aD0iMSIgaGVpZ2h0PSIxIiB4bWxucz0iaHR0cDovL3d3dy53My5vcmcvMjAwMC9zdmciPjwvc3ZnPg==\" style=\"--smush-placeholder-width: 800px; --smush-placeholder-aspect-ratio: 800\/200;\" \/><\/p>\r\n\r\n\r\n<h2>TIEFENFILTRATION MIT IMMOBILISIERTER AKTIVKOHLE<\/h2>\r\n\r\n\r\n<p>Pulverf\u00f6rmige Aktivkohlen (PAC) spielen in einer Vielzahl von Anwendungen eine entscheidende Rolle. Entf\u00e4rben, Desodorieren oder Entfernen anderer Spuren von Verunreinigungen sind h\u00e4ufige Anwendungen bei denen pulverf\u00f6rmige Aktivkohle in der pharmazeutischen sowie in der Lebensmittel- und Getr\u00e4nkeindustrie eingesetzt wird. Aufgrund ihrer einzigartigen Adsorptionseigenschaften werden PAC auch in der biotechnologischen Verarbeitung und der Herstellung von Feinchemikalien eingesetzt. Um diese verschiedenen Anforderungen bei der Aktivkohle-Filtration zu erf\u00fcllen, steht eine gro\u00dfe Anzahl von Aktivkohlen zur Verf\u00fcgung. Diese weisen jeweils unterschiedliche Aktivierungsniveaus, molekulare Strukturen und Reinheitsgrade auf. Die Verwendung von Aktivkohle in immobilisierter Form (z. B. in einer Filterschicht oder in einem Linsenmodul) bietet im Vergleich zur Verwendung von pulverf\u00f6rmiger Aktivkohle erhebliche Vorteile bei der Handhabung, Reinigung und Zeit (Kostenersparnis). FILTROX ACTIVASORB\u00ae Aktivkohle-Produkte bieten alle Vorteile von immobilisierter Aktivkohle gegen\u00fcber PAC. Dar\u00fcber hinaus ist die Adsorptionseffizienz von immobilisierter Aktivkohle h\u00f6her als bei einer \u00e4quivalenten Menge an PAC.<\/p>\r\n\r\n\r\n<div class=\"wp-block-spacer advgb-dyn-eb7a75d9\" style=\"height: 25px;\" aria-hidden=\"true\">\u00a0<\/div>\r\n\r\n\r\n<h2>Verteilung der Porengr\u00f6ssen f\u00fcr die Aktivkohle-Filtration<\/h2>\r\n\r\n\r\n<div class=\"wp-block-columns is-layout-flex wp-container-core-columns-is-layout-1 wp-block-columns-is-layout-flex\">\r\n<div class=\"wp-block-column is-layout-flow wp-block-column-is-layout-flow\" style=\"flex-basis: 33.33%;\">\r\n\r\n<figure class=\"wp-block-image size-full\"><a href=\"https:\/\/www.filtrox.com\/wp-content\/uploads\/2023\/05\/Activasorb_graph_05-2023.gif\"><img decoding=\"async\" width=\"800\" height=\"480\" class=\"wp-image-53085 lazyload\" data-src=\"https:\/\/www.filtrox.com\/wp-content\/uploads\/2023\/05\/Activasorb_graph_05-2023.gif\" alt=\"pore size distribution of the Activasorb activaded carbon grades\" src=\"data:image\/svg+xml;base64,PHN2ZyB3aWR0aD0iMSIgaGVpZ2h0PSIxIiB4bWxucz0iaHR0cDovL3d3dy53My5vcmcvMjAwMC9zdmciPjwvc3ZnPg==\" style=\"--smush-placeholder-width: 800px; --smush-placeholder-aspect-ratio: 800\/480;\" \/><\/a><\/figure>\r\n<\/div>\r\n\r\n\r\n<div class=\"wp-block-column is-layout-flow wp-block-column-is-layout-flow\" style=\"flex-basis: 66.66%;\">\r\n<p>Aktivkohle ist ein hochpor\u00f6ses adsorptives Material. Organische Verunreinigungen werden in den Poren eingeschlossen. Die Porengr\u00f6\u00dfen variieren zwischen Mikroporen, Mesoporen und Makroporen. Abh\u00e4ngig von der Aktivierungsmethode und der Materialquelle weisen die Aktivkohlen unterschiedliche Verteilungsmuster auf. Beispiel rechts: ACTIVASORB\u00ae Produkte Verteilung der Progengr\u00f6ssen und Anwendungsbereich<\/p>\r\n<\/div>\r\n<\/div>\r\n\r\n\r\n<div class=\"wp-block-spacer advgb-dyn-eadf77bb\" style=\"height: 20px;\" aria-hidden=\"true\">\u00a0<\/div>\r\n\r\n<h2>Aktivkohle-Filtration Charakterisierung<\/h2>\r\n<p>Die Porengr\u00f6\u00dfenverteilung bestimmt das Adsorptionsmuster der Aktivkohle. Dieses wird durch den Jod Index, Methylenblau-Adsorption und Melasse Index charakterisiert.<\/p>\r\n<table style=\"border-collapse: collapse; width: 100%;\">\r\n<tbody>\r\n<tr>\r\n<td style=\"width: 33.3333%;\">\r\n<figure style=\"width: 200px\" class=\"wp-caption alignnone\"><img decoding=\"async\" data-src=\"https:\/\/www.filtrox.com\/wp-content\/uploads\/2018\/12\/Activated_Carbon_Bild_03_03.gif\" alt=\"Melasse Index Macropre\" width=\"200\" height=\"211\" src=\"data:image\/svg+xml;base64,PHN2ZyB3aWR0aD0iMSIgaGVpZ2h0PSIxIiB4bWxucz0iaHR0cDovL3d3dy53My5vcmcvMjAwMC9zdmciPjwvc3ZnPg==\" class=\"lazyload\" style=\"--smush-placeholder-width: 200px; --smush-placeholder-aspect-ratio: 200\/211;\" \/><figcaption class=\"wp-caption-text\">Molasses Index Macropore (r &gt; 25 nm)<\/figcaption><\/figure>\r\n<\/td>\r\n<td style=\"width: 33.3333%;\">\r\n<figure style=\"width: 200px\" class=\"wp-caption alignnone\"><img decoding=\"async\" data-src=\"https:\/\/www.filtrox.com\/wp-content\/uploads\/2018\/12\/Activated_Carbon_Bild_02_03.gif\" alt=\"Methylene blue Index Mesopore\" width=\"200\" height=\"203\" src=\"data:image\/svg+xml;base64,PHN2ZyB3aWR0aD0iMSIgaGVpZ2h0PSIxIiB4bWxucz0iaHR0cDovL3d3dy53My5vcmcvMjAwMC9zdmciPjwvc3ZnPg==\" class=\"lazyload\" style=\"--smush-placeholder-width: 200px; --smush-placeholder-aspect-ratio: 200\/203;\" \/><figcaption class=\"wp-caption-text\">Methylene blue Mesopore (1 &lt; r &lt; 25 nm)<\/figcaption><\/figure>\r\n<\/td>\r\n<td style=\"width: 33.3333%;\">\r\n<figure style=\"width: 200px\" class=\"wp-caption alignnone\"><img decoding=\"async\" data-src=\"https:\/\/www.filtrox.com\/wp-content\/uploads\/2018\/12\/Activated_Carbon_Bild_01_03.gif\" alt=\"Iodine Index Micropore\" width=\"200\" height=\"202\" src=\"data:image\/svg+xml;base64,PHN2ZyB3aWR0aD0iMSIgaGVpZ2h0PSIxIiB4bWxucz0iaHR0cDovL3d3dy53My5vcmcvMjAwMC9zdmciPjwvc3ZnPg==\" class=\"lazyload\" style=\"--smush-placeholder-width: 200px; --smush-placeholder-aspect-ratio: 200\/202;\" \/><figcaption class=\"wp-caption-text\">Iodine Index Micropore (r &lt; 1 nm)<\/figcaption><\/figure>\r\n<\/td>\r\n<\/tr>\r\n<\/tbody>\r\n<\/table>\r\n\r\n<h2>Videos<\/h2>\r\n\r\n\r\n<figure class=\"wp-block-embed aligncenter is-type-video is-provider-youtube wp-block-embed-youtube wp-embed-aspect-16-9 wp-has-aspect-ratio\">\r\n<div class=\"wp-block-embed__wrapper\">https:\/\/youtu.be\/twrHotb-jK8<\/div>\r\n<\/figure>\r\n\r\n\r\n<figure class=\"wp-block-embed is-type-rich is-provider-handler-einbetten wp-block-embed-handler-einbetten wp-embed-aspect-16-9 wp-has-aspect-ratio\">\r\n<div class=\"wp-block-embed__wrapper\">https:\/\/www.youtube.com\/embed\/h6BsmhnPqHw<\/div>\r\n<\/figure>\r\n\r\n\r\n<div class=\"wp-block-spacer advgb-dyn-eadf77bb\" style=\"height: 20px;\" aria-hidden=\"true\">\u00a0<\/div>\r\n","protected":false},"excerpt":{"rendered":"<p>TIEFENFILTRATION MIT IMMOBILISIERTER AKTIVKOHLE Pulverf\u00f6rmige Aktivkohlen (PAC) spielen in einer Vielzahl von Anwendungen eine entscheidende Rolle. Entf\u00e4rben, Desodorieren oder Entfernen anderer Spuren von Verunreinigungen sind h\u00e4ufige Anwendungen bei denen pulverf\u00f6rmige Aktivkohle in der pharmazeutischen sowie in der Lebensmittel- und Getr\u00e4nkeindustrie eingesetzt wird. Aufgrund ihrer einzigartigen Adsorptionseigenschaften werden PAC auch in der biotechnologischen Verarbeitung und der &hellip; <a href=\"https:\/\/www.filtrox.com\/ch\/dienstleistungen\/filtrationswissen\/aktivkohle-filtration\/\" class=\"more-link\">Continue reading <span class=\"screen-reader-text\">Aktivkohle Filtration<\/span> <span class=\"meta-nav\">&rarr;<\/span><\/a><\/p>\n","protected":false},"author":8,"featured_media":0,"parent":4929,"menu_order":71,"comment_status":"closed","ping_status":"open","template":"","meta":{"_acf_changed":false,"advgb_blocks_editor_width":"","advgb_blocks_columns_visual_guide":"","footnotes":""},"class_list":["post-11024","page","type-page","status-publish","hentry"],"acf":[],"yoast_head":"<!-- This site is optimized with the Yoast SEO plugin v26.3 - https:\/\/yoast.com\/wordpress\/plugins\/seo\/ -->\n<title>Aktivkohle Filtration - FILTROX - Tiefenfiltration: die Grundlagen<\/title>\n<meta name=\"description\" content=\"Mit der Aktivkohle Filtration werden in der Regel Parameter wie Farbe, Geruch, Geschmack oder Tr\u00fcbung einer Fl\u00fcssigkeit behandelt.\" \/>\n<meta name=\"robots\" content=\"index, follow, max-snippet:-1, max-image-preview:large, max-video-preview:-1\" \/>\n<link rel=\"canonical\" href=\"https:\/\/www.filtrox.com\/ch\/dienstleistungen\/filtrationswissen\/aktivkohle-filtration\/\" \/>\n<meta property=\"og:locale\" content=\"de_DE\" \/>\n<meta property=\"og:type\" content=\"article\" \/>\n<meta property=\"og:title\" content=\"Aktivkohle Filtration - FILTROX - Tiefenfiltration: die Grundlagen\" \/>\n<meta property=\"og:description\" content=\"Mit der Aktivkohle Filtration werden in der Regel Parameter wie Farbe, Geruch, Geschmack oder Tr\u00fcbung einer Fl\u00fcssigkeit behandelt.\" \/>\n<meta property=\"og:url\" content=\"https:\/\/www.filtrox.com\/ch\/dienstleistungen\/filtrationswissen\/aktivkohle-filtration\/\" \/>\n<meta property=\"og:site_name\" content=\"Filtrox\" \/>\n<meta property=\"article:publisher\" content=\"https:\/\/www.facebook.com\/Filtrox-AG-2091458717567633\" \/>\n<meta property=\"article:modified_time\" content=\"2025-01-02T14:13:14+00:00\" \/>\n<meta property=\"og:image\" content=\"https:\/\/www.filtrox.com\/wp-content\/uploads\/2021\/08\/Carbofil_header.jpg\" \/>\n<meta name=\"twitter:card\" content=\"summary_large_image\" \/>\n<meta name=\"twitter:site\" content=\"@FILTROX1\" \/>\n<meta name=\"twitter:label1\" content=\"Gesch\u00e4tzte Lesezeit\" \/>\n\t<meta name=\"twitter:data1\" content=\"3 Minuten\" \/>\n<script type=\"application\/ld+json\" class=\"yoast-schema-graph\">{\"@context\":\"https:\/\/schema.org\",\"@graph\":[{\"@type\":\"WebPage\",\"@id\":\"https:\/\/www.filtrox.com\/ch\/dienstleistungen\/filtrationswissen\/aktivkohle-filtration\/\",\"url\":\"https:\/\/www.filtrox.com\/ch\/dienstleistungen\/filtrationswissen\/aktivkohle-filtration\/\",\"name\":\"Aktivkohle Filtration - FILTROX - Tiefenfiltration: die Grundlagen\",\"isPartOf\":{\"@id\":\"https:\/\/www.filtrox.com\/#website\"},\"primaryImageOfPage\":{\"@id\":\"https:\/\/www.filtrox.com\/ch\/dienstleistungen\/filtrationswissen\/aktivkohle-filtration\/#primaryimage\"},\"image\":{\"@id\":\"https:\/\/www.filtrox.com\/ch\/dienstleistungen\/filtrationswissen\/aktivkohle-filtration\/#primaryimage\"},\"thumbnailUrl\":\"https:\/\/www.filtrox.com\/wp-content\/uploads\/2021\/08\/Carbofil_header.jpg\",\"datePublished\":\"2019-04-11T15:09:18+00:00\",\"dateModified\":\"2025-01-02T14:13:14+00:00\",\"description\":\"Mit der Aktivkohle Filtration werden in der Regel Parameter wie Farbe, Geruch, Geschmack oder Tr\u00fcbung einer Fl\u00fcssigkeit behandelt.\",\"breadcrumb\":{\"@id\":\"https:\/\/www.filtrox.com\/ch\/dienstleistungen\/filtrationswissen\/aktivkohle-filtration\/#breadcrumb\"},\"inLanguage\":\"de-CH\",\"potentialAction\":[{\"@type\":\"ReadAction\",\"target\":[\"https:\/\/www.filtrox.com\/ch\/dienstleistungen\/filtrationswissen\/aktivkohle-filtration\/\"]}]},{\"@type\":\"ImageObject\",\"inLanguage\":\"de-CH\",\"@id\":\"https:\/\/www.filtrox.com\/ch\/dienstleistungen\/filtrationswissen\/aktivkohle-filtration\/#primaryimage\",\"url\":\"https:\/\/www.filtrox.com\/wp-content\/uploads\/2021\/08\/Carbofil_header.jpg\",\"contentUrl\":\"https:\/\/www.filtrox.com\/wp-content\/uploads\/2021\/08\/Carbofil_header.jpg\"},{\"@type\":\"BreadcrumbList\",\"@id\":\"https:\/\/www.filtrox.com\/ch\/dienstleistungen\/filtrationswissen\/aktivkohle-filtration\/#breadcrumb\",\"itemListElement\":[{\"@type\":\"ListItem\",\"position\":1,\"name\":\"Home\",\"item\":\"https:\/\/www.filtrox.com\/ch\/\"},{\"@type\":\"ListItem\",\"position\":2,\"name\":\"Leistungen\",\"item\":\"https:\/\/www.filtrox.com\/ch\/dienstleistungen\/\"},{\"@type\":\"ListItem\",\"position\":3,\"name\":\"Filtrationswissen\",\"item\":\"https:\/\/www.filtrox.com\/ch\/dienstleistungen\/filtrationswissen\/\"},{\"@type\":\"ListItem\",\"position\":4,\"name\":\"Aktivkohle Filtration\"}]},{\"@type\":\"WebSite\",\"@id\":\"https:\/\/www.filtrox.com\/#website\",\"url\":\"https:\/\/www.filtrox.com\/\",\"name\":\"Filtrox\",\"description\":\"DEPTH FILTRATION FOR VALUABLE LIQUIDS.\",\"publisher\":{\"@id\":\"https:\/\/www.filtrox.com\/#organization\"},\"potentialAction\":[{\"@type\":\"SearchAction\",\"target\":{\"@type\":\"EntryPoint\",\"urlTemplate\":\"https:\/\/www.filtrox.com\/?s={search_term_string}\"},\"query-input\":{\"@type\":\"PropertyValueSpecification\",\"valueRequired\":true,\"valueName\":\"search_term_string\"}}],\"inLanguage\":\"de-CH\"},{\"@type\":\"Organization\",\"@id\":\"https:\/\/www.filtrox.com\/#organization\",\"name\":\"Filtrox\",\"alternateName\":\"FX\",\"url\":\"https:\/\/www.filtrox.com\/\",\"logo\":{\"@type\":\"ImageObject\",\"inLanguage\":\"de-CH\",\"@id\":\"https:\/\/www.filtrox.com\/#\/schema\/logo\/image\/\",\"url\":\"https:\/\/www.filtrox.com\/wp-content\/uploads\/2015\/02\/FX-Logo_RGB_0-74-153.jpg\",\"contentUrl\":\"https:\/\/www.filtrox.com\/wp-content\/uploads\/2015\/02\/FX-Logo_RGB_0-74-153.jpg\",\"width\":512,\"height\":512,\"caption\":\"Filtrox\"},\"image\":{\"@id\":\"https:\/\/www.filtrox.com\/#\/schema\/logo\/image\/\"},\"sameAs\":[\"https:\/\/www.facebook.com\/Filtrox-AG-2091458717567633\",\"https:\/\/x.com\/FILTROX1\",\"https:\/\/www.instagram.com\/filtroxag\/\",\"https:\/\/www.linkedin.com\/company\/34636121\/\",\"https:\/\/www.youtube.com\/channel\/UCi3A2_4M_c-CcEst9YJ4U9g\/featured?disable_polymer=1\"]}]}<\/script>\n<!-- \/ Yoast SEO plugin. -->","yoast_head_json":{"title":"Aktivkohle Filtration - FILTROX - Tiefenfiltration: die Grundlagen","description":"Mit der Aktivkohle Filtration werden in der Regel Parameter wie Farbe, Geruch, Geschmack oder Tr\u00fcbung einer Fl\u00fcssigkeit behandelt.","robots":{"index":"index","follow":"follow","max-snippet":"max-snippet:-1","max-image-preview":"max-image-preview:large","max-video-preview":"max-video-preview:-1"},"canonical":"https:\/\/www.filtrox.com\/ch\/dienstleistungen\/filtrationswissen\/aktivkohle-filtration\/","og_locale":"de_DE","og_type":"article","og_title":"Aktivkohle Filtration - FILTROX - Tiefenfiltration: die Grundlagen","og_description":"Mit der Aktivkohle Filtration werden in der Regel Parameter wie Farbe, Geruch, Geschmack oder Tr\u00fcbung einer Fl\u00fcssigkeit behandelt.","og_url":"https:\/\/www.filtrox.com\/ch\/dienstleistungen\/filtrationswissen\/aktivkohle-filtration\/","og_site_name":"Filtrox","article_publisher":"https:\/\/www.facebook.com\/Filtrox-AG-2091458717567633","article_modified_time":"2025-01-02T14:13:14+00:00","og_image":[{"url":"https:\/\/www.filtrox.com\/wp-content\/uploads\/2021\/08\/Carbofil_header.jpg","type":"","width":"","height":""}],"twitter_card":"summary_large_image","twitter_site":"@FILTROX1","twitter_misc":{"Gesch\u00e4tzte Lesezeit":"3 Minuten"},"schema":{"@context":"https:\/\/schema.org","@graph":[{"@type":"WebPage","@id":"https:\/\/www.filtrox.com\/ch\/dienstleistungen\/filtrationswissen\/aktivkohle-filtration\/","url":"https:\/\/www.filtrox.com\/ch\/dienstleistungen\/filtrationswissen\/aktivkohle-filtration\/","name":"Aktivkohle Filtration - FILTROX - Tiefenfiltration: die Grundlagen","isPartOf":{"@id":"https:\/\/www.filtrox.com\/#website"},"primaryImageOfPage":{"@id":"https:\/\/www.filtrox.com\/ch\/dienstleistungen\/filtrationswissen\/aktivkohle-filtration\/#primaryimage"},"image":{"@id":"https:\/\/www.filtrox.com\/ch\/dienstleistungen\/filtrationswissen\/aktivkohle-filtration\/#primaryimage"},"thumbnailUrl":"https:\/\/www.filtrox.com\/wp-content\/uploads\/2021\/08\/Carbofil_header.jpg","datePublished":"2019-04-11T15:09:18+00:00","dateModified":"2025-01-02T14:13:14+00:00","description":"Mit der Aktivkohle Filtration werden in der Regel Parameter wie Farbe, Geruch, Geschmack oder Tr\u00fcbung einer Fl\u00fcssigkeit behandelt.","breadcrumb":{"@id":"https:\/\/www.filtrox.com\/ch\/dienstleistungen\/filtrationswissen\/aktivkohle-filtration\/#breadcrumb"},"inLanguage":"de-CH","potentialAction":[{"@type":"ReadAction","target":["https:\/\/www.filtrox.com\/ch\/dienstleistungen\/filtrationswissen\/aktivkohle-filtration\/"]}]},{"@type":"ImageObject","inLanguage":"de-CH","@id":"https:\/\/www.filtrox.com\/ch\/dienstleistungen\/filtrationswissen\/aktivkohle-filtration\/#primaryimage","url":"https:\/\/www.filtrox.com\/wp-content\/uploads\/2021\/08\/Carbofil_header.jpg","contentUrl":"https:\/\/www.filtrox.com\/wp-content\/uploads\/2021\/08\/Carbofil_header.jpg"},{"@type":"BreadcrumbList","@id":"https:\/\/www.filtrox.com\/ch\/dienstleistungen\/filtrationswissen\/aktivkohle-filtration\/#breadcrumb","itemListElement":[{"@type":"ListItem","position":1,"name":"Home","item":"https:\/\/www.filtrox.com\/ch\/"},{"@type":"ListItem","position":2,"name":"Leistungen","item":"https:\/\/www.filtrox.com\/ch\/dienstleistungen\/"},{"@type":"ListItem","position":3,"name":"Filtrationswissen","item":"https:\/\/www.filtrox.com\/ch\/dienstleistungen\/filtrationswissen\/"},{"@type":"ListItem","position":4,"name":"Aktivkohle Filtration"}]},{"@type":"WebSite","@id":"https:\/\/www.filtrox.com\/#website","url":"https:\/\/www.filtrox.com\/","name":"Filtrox","description":"DEPTH FILTRATION FOR VALUABLE LIQUIDS.","publisher":{"@id":"https:\/\/www.filtrox.com\/#organization"},"potentialAction":[{"@type":"SearchAction","target":{"@type":"EntryPoint","urlTemplate":"https:\/\/www.filtrox.com\/?s={search_term_string}"},"query-input":{"@type":"PropertyValueSpecification","valueRequired":true,"valueName":"search_term_string"}}],"inLanguage":"de-CH"},{"@type":"Organization","@id":"https:\/\/www.filtrox.com\/#organization","name":"Filtrox","alternateName":"FX","url":"https:\/\/www.filtrox.com\/","logo":{"@type":"ImageObject","inLanguage":"de-CH","@id":"https:\/\/www.filtrox.com\/#\/schema\/logo\/image\/","url":"https:\/\/www.filtrox.com\/wp-content\/uploads\/2015\/02\/FX-Logo_RGB_0-74-153.jpg","contentUrl":"https:\/\/www.filtrox.com\/wp-content\/uploads\/2015\/02\/FX-Logo_RGB_0-74-153.jpg","width":512,"height":512,"caption":"Filtrox"},"image":{"@id":"https:\/\/www.filtrox.com\/#\/schema\/logo\/image\/"},"sameAs":["https:\/\/www.facebook.com\/Filtrox-AG-2091458717567633","https:\/\/x.com\/FILTROX1","https:\/\/www.instagram.com\/filtroxag\/","https:\/\/www.linkedin.com\/company\/34636121\/","https:\/\/www.youtube.com\/channel\/UCi3A2_4M_c-CcEst9YJ4U9g\/featured?disable_polymer=1"]}]}},"coauthors":[],"author_meta":{"author_link":"https:\/\/www.filtrox.com\/ch\/blog\/author\/fosca-roman\/","display_name":"Fosca Roman"},"relative_dates":{"created":"Posted 7 Jahren ago","modified":"Updated 1 Jahr ago"},"absolute_dates":{"created":"Posted on April 11, 2019","modified":"Updated on Januar 2, 2025"},"absolute_dates_time":{"created":"Posted on April 11, 2019 3:09 pm","modified":"Updated on Januar 2, 2025 3:13 pm"},"featured_img_caption":"","featured_img":false,"series_order":"","publishpress_future_action":{"enabled":false,"date":"2026-05-05 17:50:52","action":"change-status","newStatus":"draft","terms":[],"taxonomy":"translation_priority","extraData":[]},"publishpress_future_workflow_manual_trigger":{"enabledWorkflows":[]},"_links":{"self":[{"href":"https:\/\/www.filtrox.com\/ch\/wp-json\/wp\/v2\/pages\/11024","targetHints":{"allow":["GET"]}}],"collection":[{"href":"https:\/\/www.filtrox.com\/ch\/wp-json\/wp\/v2\/pages"}],"about":[{"href":"https:\/\/www.filtrox.com\/ch\/wp-json\/wp\/v2\/types\/page"}],"author":[{"embeddable":true,"href":"https:\/\/www.filtrox.com\/ch\/wp-json\/wp\/v2\/users\/8"}],"replies":[{"embeddable":true,"href":"https:\/\/www.filtrox.com\/ch\/wp-json\/wp\/v2\/comments?post=11024"}],"version-history":[{"count":10,"href":"https:\/\/www.filtrox.com\/ch\/wp-json\/wp\/v2\/pages\/11024\/revisions"}],"predecessor-version":[{"id":59945,"href":"https:\/\/www.filtrox.com\/ch\/wp-json\/wp\/v2\/pages\/11024\/revisions\/59945"}],"up":[{"embeddable":true,"href":"https:\/\/www.filtrox.com\/ch\/wp-json\/wp\/v2\/pages\/4929"}],"wp:attachment":[{"href":"https:\/\/www.filtrox.com\/ch\/wp-json\/wp\/v2\/media?parent=11024"}],"curies":[{"name":"wp","href":"https:\/\/api.w.org\/{rel}","templated":true}]}}