{"id":11157,"date":"2019-04-11T14:22:30","date_gmt":"2019-04-11T14:22:30","guid":{"rendered":"https:\/\/www.filtrox.com\/?page_id=11157"},"modified":"2023-05-12T11:27:27","modified_gmt":"2023-05-12T10:27:27","slug":"mikrofiltration","status":"publish","type":"page","link":"https:\/\/www.filtrox.com\/ch\/dienstleistungen\/filtrationswissen\/mikrofiltration\/","title":{"rendered":"Mikrofiltration"},"content":{"rendered":"<div class=\"yoast-breadcrumbs\">\t&#8211;\n<span><span><a href=\"https:\/\/www.filtrox.com\/ch\/\">Home<\/a><\/span> \u00bb <span><a href=\"https:\/\/www.filtrox.com\/ch\/dienstleistungen\/\">Leistungen<\/a><\/span> \u00bb <span><a href=\"https:\/\/www.filtrox.com\/ch\/dienstleistungen\/filtrationswissen\/\">Filtrationswissen<\/a><\/span> \u00bb <span class=\"breadcrumb_last\" aria-current=\"page\"><strong>Mikrofiltration<\/strong><\/span><\/span><\/div>\n\n\n<div style=\"height:10px\" aria-hidden=\"true\" class=\"wp-block-spacer\"><\/div>\n\n\n<table style=\"border-collapse: collapse; width: 100%;\" border=\"0\">\n<tbody>\n<tr>\n<td style=\"width: 70%;\">\n<h2>EINF\u00dcHRUNG IN DIE MIKROFILTRATION<\/h2>\n<p>Das Verfahren der Mikrofiltration entfernt Verunreinigungen aus Fl\u00fcssigkeiten (zum Beispiel Fl\u00fcssigkeiten oder Gasen), indem es durch eine mikropor\u00f6se Membran flie\u00dft. Die Verunreinigungen k\u00f6nnen zum Beispiel feine Feststoffe und Organismen wie Bakterien sein, die im Schritt der Sterilfiltration aufgefangen werden sollen. Dies ist ein rein physikalischer (mechanischer) Trennprozess.<\/p>\n<p>Die Porengr\u00f6\u00dfen der Membran betragen 0,1 bis 10 \u00b5m. Das hei\u00dft, die Membran h\u00e4lt alle Partikel in der Fl\u00fcssigkeit oder im Gas zur\u00fcck, die gr\u00f6\u00dfer als die Porengr\u00f6\u00dfe sind. Andere g\u00e4ngige Filtrationstechniken sind neben der Mikrofiltration beispielsweise die Ultrafiltration (mit einer Porengr\u00f6\u00dfe von &lt;0,1 \u03bcm) oder die Nanofiltration mit einer Porengr\u00f6\u00dfe von h\u00f6chstens 2 nm. Der Filter selbst oder das Filtermedium kann je nach Anwendung und Anforderung oder Prozess unterschiedliche Formen haben. Die g\u00e4ngigsten Varianten sind Filterschichten, Kerzenfilter, Flachmembranen, Taschenfilter oder Hohlfasermodule. Dar\u00fcber hinaus kann die Filteroberfl\u00e4che aus unterschiedlichen Materialien wie Edelstahl, Kunststoff, Keramik oder Textilgewebe bestehen. Die treibende Kraft bei diesem Filtrations-Prozess ist der Differenzdruck zwischen Einlass und Auslass der Filteroberfl\u00e4che, der zwischen 0,1 und 10 bar liegt.<\/p>\n<h2>ANWENDUNGEN IN DER FILTRATION<\/h2>\n<p>Typische Anwendungen f\u00fcr dieses Niederdruckverfahren finden sich in der Trinkwasser und Wasseraufbereitung f\u00fcr die Getr\u00e4nkeindustrie und Lebensmittelindustrie. In anderen Bereichen wie in der Biotechnologie wird diese Art der Filtration f\u00fcr die Zellabtrennung aus Fermentationsbr\u00fchen eingesetzt. In anderen Industriebetrieben findet die Mikrofiltration beispielsweise in der \u00d6l-\/Wasser Trennung oder zur R\u00fcckgewinnung von chemischen Reinigungsmitteln ihre Anwendung. Mit anderen Worten: Diese Art von Filtern wird h\u00e4ufig dort eingesetzt, wo sterile Produkte ben\u00f6tigt werden.<\/p>\n<\/td>\n<td style=\"width: 30%;\">&nbsp;<\/td>\n<\/tr>\n<\/tbody>\n<\/table>\n<figure id=\"attachment_11151\" aria-describedby=\"caption-attachment-11151\" style=\"width: 650px\" class=\"wp-caption alignnone\"><a href=\"https:\/\/www.filtrox.com\/wp-content\/uploads\/2018\/12\/Mikrofiltration.gif\"><img decoding=\"async\" class=\"wp-image-11151 size-full lazyload\" title=\"Parktikelgr\u00f6ssen in der Filtration, Mikrofiltration\" data-src=\"https:\/\/www.filtrox.com\/wp-content\/uploads\/2018\/12\/Mikrofiltration.gif\" alt=\"Mikrofiltration, die filterbaren Partikelgr\u00f6ssen\" width=\"650\" height=\"195\" src=\"data:image\/svg+xml;base64,PHN2ZyB3aWR0aD0iMSIgaGVpZ2h0PSIxIiB4bWxucz0iaHR0cDovL3d3dy53My5vcmcvMjAwMC9zdmciPjwvc3ZnPg==\" style=\"--smush-placeholder-width: 650px; --smush-placeholder-aspect-ratio: 650\/195;\"><\/a><figcaption id=\"caption-attachment-11151\" class=\"wp-caption-text\"><em>Filtrationsverfahren und die Partikelgr\u00f6ssen \u00dcbersicht<\/em><\/figcaption><\/figure>\n\n\n<div style=\"height:30px\" aria-hidden=\"true\" class=\"wp-block-spacer advgb-dyn-afe3be10\"><\/div>\n\n\n\n<p>Unsere Mikrofiltrationsmedien sind als Filterschichten in unterschiedlichen Gr\u00f6ssen und Formen, als Filtermodule oder Filterkerzen erh\u00e4ltlich.<\/p>\n<p>Mehr zur Mikrofiltration <a href=\"https:\/\/de.wikipedia.org\/wiki\/Mikrofiltration\" target=\"_blank\" rel=\"noopener\">Wikipedia<\/a><\/p>\n","protected":false},"excerpt":{"rendered":"<p>EINF\u00dcHRUNG IN DIE MIKROFILTRATION Das Verfahren der Mikrofiltration entfernt Verunreinigungen aus Fl\u00fcssigkeiten (zum Beispiel Fl\u00fcssigkeiten oder Gasen), indem es durch eine mikropor\u00f6se Membran flie\u00dft. Die Verunreinigungen k\u00f6nnen zum Beispiel feine Feststoffe und Organismen wie Bakterien sein, die im Schritt der Sterilfiltration aufgefangen werden sollen. Dies ist ein rein physikalischer (mechanischer) Trennprozess. Die Porengr\u00f6\u00dfen der Membran &hellip; <a href=\"https:\/\/www.filtrox.com\/ch\/dienstleistungen\/filtrationswissen\/mikrofiltration\/\" class=\"more-link\">Continue reading <span class=\"screen-reader-text\">Mikrofiltration<\/span> <span class=\"meta-nav\">&rarr;<\/span><\/a><\/p>\n","protected":false},"author":8,"featured_media":0,"parent":4929,"menu_order":66,"comment_status":"closed","ping_status":"open","template":"","meta":{"_acf_changed":false,"advgb_blocks_editor_width":"","advgb_blocks_columns_visual_guide":"","footnotes":""},"class_list":["post-11157","page","type-page","status-publish","hentry"],"acf":[],"yoast_head":"<!-- This site is optimized with the Yoast SEO plugin v26.3 - https:\/\/yoast.com\/wordpress\/plugins\/seo\/ -->\n<title>Mikrofiltration Entfernung Feststoffe - FILTROX Filtrationswissen<\/title>\n<meta name=\"description\" content=\"Die Mikrofiltration wird zur Entfernung von feinen Feststoffen und Organismen wie Bakterien, im Schritt der Sterilfiltration eingesetzt.\" \/>\n<meta name=\"robots\" content=\"index, follow, max-snippet:-1, max-image-preview:large, max-video-preview:-1\" \/>\n<link rel=\"canonical\" href=\"https:\/\/www.filtrox.com\/ch\/dienstleistungen\/filtrationswissen\/mikrofiltration\/\" \/>\n<meta property=\"og:locale\" content=\"de_DE\" \/>\n<meta property=\"og:type\" content=\"article\" \/>\n<meta property=\"og:title\" content=\"Mikrofiltration Entfernung Feststoffe - FILTROX Filtrationswissen\" \/>\n<meta property=\"og:description\" content=\"Die Mikrofiltration wird zur Entfernung von feinen Feststoffen und Organismen wie Bakterien, im Schritt der Sterilfiltration eingesetzt.\" \/>\n<meta property=\"og:url\" content=\"https:\/\/www.filtrox.com\/ch\/dienstleistungen\/filtrationswissen\/mikrofiltration\/\" \/>\n<meta property=\"og:site_name\" content=\"Filtrox\" \/>\n<meta property=\"article:publisher\" content=\"https:\/\/www.facebook.com\/Filtrox-AG-2091458717567633\" \/>\n<meta property=\"article:modified_time\" content=\"2023-05-12T10:27:27+00:00\" \/>\n<meta property=\"og:image\" content=\"https:\/\/www.filtrox.com\/wp-content\/uploads\/2018\/12\/Mikrofiltration.gif\" \/>\n<meta name=\"twitter:card\" content=\"summary_large_image\" \/>\n<meta name=\"twitter:site\" content=\"@FILTROX1\" \/>\n<meta name=\"twitter:label1\" content=\"Gesch\u00e4tzte Lesezeit\" \/>\n\t<meta name=\"twitter:data1\" content=\"2 Minuten\" \/>\n<script type=\"application\/ld+json\" class=\"yoast-schema-graph\">{\"@context\":\"https:\/\/schema.org\",\"@graph\":[{\"@type\":\"WebPage\",\"@id\":\"https:\/\/www.filtrox.com\/ch\/dienstleistungen\/filtrationswissen\/mikrofiltration\/\",\"url\":\"https:\/\/www.filtrox.com\/ch\/dienstleistungen\/filtrationswissen\/mikrofiltration\/\",\"name\":\"Mikrofiltration Entfernung Feststoffe - FILTROX Filtrationswissen\",\"isPartOf\":{\"@id\":\"https:\/\/www.filtrox.com\/#website\"},\"primaryImageOfPage\":{\"@id\":\"https:\/\/www.filtrox.com\/ch\/dienstleistungen\/filtrationswissen\/mikrofiltration\/#primaryimage\"},\"image\":{\"@id\":\"https:\/\/www.filtrox.com\/ch\/dienstleistungen\/filtrationswissen\/mikrofiltration\/#primaryimage\"},\"thumbnailUrl\":\"https:\/\/www.filtrox.com\/wp-content\/uploads\/2018\/12\/Mikrofiltration.gif\",\"datePublished\":\"2019-04-11T14:22:30+00:00\",\"dateModified\":\"2023-05-12T10:27:27+00:00\",\"description\":\"Die Mikrofiltration wird zur Entfernung von feinen Feststoffen und Organismen wie Bakterien, im Schritt der Sterilfiltration eingesetzt.\",\"breadcrumb\":{\"@id\":\"https:\/\/www.filtrox.com\/ch\/dienstleistungen\/filtrationswissen\/mikrofiltration\/#breadcrumb\"},\"inLanguage\":\"de-CH\",\"potentialAction\":[{\"@type\":\"ReadAction\",\"target\":[\"https:\/\/www.filtrox.com\/ch\/dienstleistungen\/filtrationswissen\/mikrofiltration\/\"]}]},{\"@type\":\"ImageObject\",\"inLanguage\":\"de-CH\",\"@id\":\"https:\/\/www.filtrox.com\/ch\/dienstleistungen\/filtrationswissen\/mikrofiltration\/#primaryimage\",\"url\":\"https:\/\/www.filtrox.com\/wp-content\/uploads\/2018\/12\/Mikrofiltration.gif\",\"contentUrl\":\"https:\/\/www.filtrox.com\/wp-content\/uploads\/2018\/12\/Mikrofiltration.gif\"},{\"@type\":\"BreadcrumbList\",\"@id\":\"https:\/\/www.filtrox.com\/ch\/dienstleistungen\/filtrationswissen\/mikrofiltration\/#breadcrumb\",\"itemListElement\":[{\"@type\":\"ListItem\",\"position\":1,\"name\":\"Home\",\"item\":\"https:\/\/www.filtrox.com\/ch\/\"},{\"@type\":\"ListItem\",\"position\":2,\"name\":\"Leistungen\",\"item\":\"https:\/\/www.filtrox.com\/ch\/dienstleistungen\/\"},{\"@type\":\"ListItem\",\"position\":3,\"name\":\"Filtrationswissen\",\"item\":\"https:\/\/www.filtrox.com\/ch\/dienstleistungen\/filtrationswissen\/\"},{\"@type\":\"ListItem\",\"position\":4,\"name\":\"Mikrofiltration\"}]},{\"@type\":\"WebSite\",\"@id\":\"https:\/\/www.filtrox.com\/#website\",\"url\":\"https:\/\/www.filtrox.com\/\",\"name\":\"Filtrox\",\"description\":\"DEPTH FILTRATION FOR VALUABLE LIQUIDS.\",\"publisher\":{\"@id\":\"https:\/\/www.filtrox.com\/#organization\"},\"potentialAction\":[{\"@type\":\"SearchAction\",\"target\":{\"@type\":\"EntryPoint\",\"urlTemplate\":\"https:\/\/www.filtrox.com\/?s={search_term_string}\"},\"query-input\":{\"@type\":\"PropertyValueSpecification\",\"valueRequired\":true,\"valueName\":\"search_term_string\"}}],\"inLanguage\":\"de-CH\"},{\"@type\":\"Organization\",\"@id\":\"https:\/\/www.filtrox.com\/#organization\",\"name\":\"Filtrox\",\"alternateName\":\"FX\",\"url\":\"https:\/\/www.filtrox.com\/\",\"logo\":{\"@type\":\"ImageObject\",\"inLanguage\":\"de-CH\",\"@id\":\"https:\/\/www.filtrox.com\/#\/schema\/logo\/image\/\",\"url\":\"https:\/\/www.filtrox.com\/wp-content\/uploads\/2015\/02\/FX-Logo_RGB_0-74-153.jpg\",\"contentUrl\":\"https:\/\/www.filtrox.com\/wp-content\/uploads\/2015\/02\/FX-Logo_RGB_0-74-153.jpg\",\"width\":512,\"height\":512,\"caption\":\"Filtrox\"},\"image\":{\"@id\":\"https:\/\/www.filtrox.com\/#\/schema\/logo\/image\/\"},\"sameAs\":[\"https:\/\/www.facebook.com\/Filtrox-AG-2091458717567633\",\"https:\/\/x.com\/FILTROX1\",\"https:\/\/www.instagram.com\/filtroxag\/\",\"https:\/\/www.linkedin.com\/company\/34636121\/\",\"https:\/\/www.youtube.com\/channel\/UCi3A2_4M_c-CcEst9YJ4U9g\/featured?disable_polymer=1\"]}]}<\/script>\n<!-- \/ Yoast SEO plugin. -->","yoast_head_json":{"title":"Mikrofiltration Entfernung Feststoffe - FILTROX Filtrationswissen","description":"Die Mikrofiltration wird zur Entfernung von feinen Feststoffen und Organismen wie Bakterien, im Schritt der Sterilfiltration eingesetzt.","robots":{"index":"index","follow":"follow","max-snippet":"max-snippet:-1","max-image-preview":"max-image-preview:large","max-video-preview":"max-video-preview:-1"},"canonical":"https:\/\/www.filtrox.com\/ch\/dienstleistungen\/filtrationswissen\/mikrofiltration\/","og_locale":"de_DE","og_type":"article","og_title":"Mikrofiltration Entfernung Feststoffe - FILTROX Filtrationswissen","og_description":"Die Mikrofiltration wird zur Entfernung von feinen Feststoffen und Organismen wie Bakterien, im Schritt der Sterilfiltration eingesetzt.","og_url":"https:\/\/www.filtrox.com\/ch\/dienstleistungen\/filtrationswissen\/mikrofiltration\/","og_site_name":"Filtrox","article_publisher":"https:\/\/www.facebook.com\/Filtrox-AG-2091458717567633","article_modified_time":"2023-05-12T10:27:27+00:00","og_image":[{"url":"https:\/\/www.filtrox.com\/wp-content\/uploads\/2018\/12\/Mikrofiltration.gif","type":"","width":"","height":""}],"twitter_card":"summary_large_image","twitter_site":"@FILTROX1","twitter_misc":{"Gesch\u00e4tzte Lesezeit":"2 Minuten"},"schema":{"@context":"https:\/\/schema.org","@graph":[{"@type":"WebPage","@id":"https:\/\/www.filtrox.com\/ch\/dienstleistungen\/filtrationswissen\/mikrofiltration\/","url":"https:\/\/www.filtrox.com\/ch\/dienstleistungen\/filtrationswissen\/mikrofiltration\/","name":"Mikrofiltration Entfernung Feststoffe - FILTROX Filtrationswissen","isPartOf":{"@id":"https:\/\/www.filtrox.com\/#website"},"primaryImageOfPage":{"@id":"https:\/\/www.filtrox.com\/ch\/dienstleistungen\/filtrationswissen\/mikrofiltration\/#primaryimage"},"image":{"@id":"https:\/\/www.filtrox.com\/ch\/dienstleistungen\/filtrationswissen\/mikrofiltration\/#primaryimage"},"thumbnailUrl":"https:\/\/www.filtrox.com\/wp-content\/uploads\/2018\/12\/Mikrofiltration.gif","datePublished":"2019-04-11T14:22:30+00:00","dateModified":"2023-05-12T10:27:27+00:00","description":"Die Mikrofiltration wird zur Entfernung von feinen Feststoffen und Organismen wie Bakterien, im Schritt der Sterilfiltration eingesetzt.","breadcrumb":{"@id":"https:\/\/www.filtrox.com\/ch\/dienstleistungen\/filtrationswissen\/mikrofiltration\/#breadcrumb"},"inLanguage":"de-CH","potentialAction":[{"@type":"ReadAction","target":["https:\/\/www.filtrox.com\/ch\/dienstleistungen\/filtrationswissen\/mikrofiltration\/"]}]},{"@type":"ImageObject","inLanguage":"de-CH","@id":"https:\/\/www.filtrox.com\/ch\/dienstleistungen\/filtrationswissen\/mikrofiltration\/#primaryimage","url":"https:\/\/www.filtrox.com\/wp-content\/uploads\/2018\/12\/Mikrofiltration.gif","contentUrl":"https:\/\/www.filtrox.com\/wp-content\/uploads\/2018\/12\/Mikrofiltration.gif"},{"@type":"BreadcrumbList","@id":"https:\/\/www.filtrox.com\/ch\/dienstleistungen\/filtrationswissen\/mikrofiltration\/#breadcrumb","itemListElement":[{"@type":"ListItem","position":1,"name":"Home","item":"https:\/\/www.filtrox.com\/ch\/"},{"@type":"ListItem","position":2,"name":"Leistungen","item":"https:\/\/www.filtrox.com\/ch\/dienstleistungen\/"},{"@type":"ListItem","position":3,"name":"Filtrationswissen","item":"https:\/\/www.filtrox.com\/ch\/dienstleistungen\/filtrationswissen\/"},{"@type":"ListItem","position":4,"name":"Mikrofiltration"}]},{"@type":"WebSite","@id":"https:\/\/www.filtrox.com\/#website","url":"https:\/\/www.filtrox.com\/","name":"Filtrox","description":"DEPTH FILTRATION FOR VALUABLE LIQUIDS.","publisher":{"@id":"https:\/\/www.filtrox.com\/#organization"},"potentialAction":[{"@type":"SearchAction","target":{"@type":"EntryPoint","urlTemplate":"https:\/\/www.filtrox.com\/?s={search_term_string}"},"query-input":{"@type":"PropertyValueSpecification","valueRequired":true,"valueName":"search_term_string"}}],"inLanguage":"de-CH"},{"@type":"Organization","@id":"https:\/\/www.filtrox.com\/#organization","name":"Filtrox","alternateName":"FX","url":"https:\/\/www.filtrox.com\/","logo":{"@type":"ImageObject","inLanguage":"de-CH","@id":"https:\/\/www.filtrox.com\/#\/schema\/logo\/image\/","url":"https:\/\/www.filtrox.com\/wp-content\/uploads\/2015\/02\/FX-Logo_RGB_0-74-153.jpg","contentUrl":"https:\/\/www.filtrox.com\/wp-content\/uploads\/2015\/02\/FX-Logo_RGB_0-74-153.jpg","width":512,"height":512,"caption":"Filtrox"},"image":{"@id":"https:\/\/www.filtrox.com\/#\/schema\/logo\/image\/"},"sameAs":["https:\/\/www.facebook.com\/Filtrox-AG-2091458717567633","https:\/\/x.com\/FILTROX1","https:\/\/www.instagram.com\/filtroxag\/","https:\/\/www.linkedin.com\/company\/34636121\/","https:\/\/www.youtube.com\/channel\/UCi3A2_4M_c-CcEst9YJ4U9g\/featured?disable_polymer=1"]}]}},"coauthors":[],"author_meta":{"author_link":"https:\/\/www.filtrox.com\/ch\/blog\/author\/fosca-roman\/","display_name":"Fosca Roman"},"relative_dates":{"created":"Posted 7 Jahren ago","modified":"Updated 3 Jahren ago"},"absolute_dates":{"created":"Posted on April 11, 2019","modified":"Updated on Mai 12, 2023"},"absolute_dates_time":{"created":"Posted on April 11, 2019 2:22 pm","modified":"Updated on Mai 12, 2023 11:27 am"},"featured_img_caption":"","featured_img":false,"series_order":"","publishpress_future_action":{"enabled":false,"date":"2026-05-04 17:57:01","action":"change-status","newStatus":"draft","terms":[],"taxonomy":"translation_priority","extraData":[]},"publishpress_future_workflow_manual_trigger":{"enabledWorkflows":[]},"_links":{"self":[{"href":"https:\/\/www.filtrox.com\/ch\/wp-json\/wp\/v2\/pages\/11157","targetHints":{"allow":["GET"]}}],"collection":[{"href":"https:\/\/www.filtrox.com\/ch\/wp-json\/wp\/v2\/pages"}],"about":[{"href":"https:\/\/www.filtrox.com\/ch\/wp-json\/wp\/v2\/types\/page"}],"author":[{"embeddable":true,"href":"https:\/\/www.filtrox.com\/ch\/wp-json\/wp\/v2\/users\/8"}],"replies":[{"embeddable":true,"href":"https:\/\/www.filtrox.com\/ch\/wp-json\/wp\/v2\/comments?post=11157"}],"version-history":[{"count":4,"href":"https:\/\/www.filtrox.com\/ch\/wp-json\/wp\/v2\/pages\/11157\/revisions"}],"predecessor-version":[{"id":52833,"href":"https:\/\/www.filtrox.com\/ch\/wp-json\/wp\/v2\/pages\/11157\/revisions\/52833"}],"up":[{"embeddable":true,"href":"https:\/\/www.filtrox.com\/ch\/wp-json\/wp\/v2\/pages\/4929"}],"wp:attachment":[{"href":"https:\/\/www.filtrox.com\/ch\/wp-json\/wp\/v2\/media?parent=11157"}],"curies":[{"name":"wp","href":"https:\/\/api.w.org\/{rel}","templated":true}]}}