{"id":19977,"date":"2019-02-18T12:12:35","date_gmt":"2019-02-18T12:12:35","guid":{"rendered":"https:\/\/www.filtrox.com\/?page_id=19977"},"modified":"2025-01-03T07:01:32","modified_gmt":"2025-01-03T06:01:32","slug":"sitemap-filtrox","status":"publish","type":"page","link":"https:\/\/www.filtrox.com\/ch\/sitemap-filtrox\/","title":{"rendered":"Sitemap filtrox"},"content":{"rendered":"<h1>Sitemap filtrox.com<\/h1>\n<p>Willkommen auf der Sitemap von <strong>filtrox.com<\/strong>, Ihrem zentralen Ausgangspunkt f\u00fcr alle Informationen rund um unsere Produkte, Dienstleistungen und L\u00f6sungen im Bereich der Tiefenfiltration. Diese Seite bietet Ihnen eine klare \u00dcbersicht \u00fcber die Struktur unserer Webseite, damit Sie schnell und einfach die gesuchten Inhalte finden k\u00f6nnen.<\/p>\n<p><strong>Unsere Kernbereiche:<\/strong><\/p>\n<ul>\n<li><strong>Produkte:<\/strong> Entdecken Sie unser umfassendes Sortiment an Filterschichten, Filtermodulen und Filterkerzen. Wir bieten hochwertige L\u00f6sungen f\u00fcr anspruchsvolle Filtrationsprozesse in verschiedenen Branchen wie der Lebensmittel-, Getr\u00e4nke-, Pharma-, Biotech- und Chemieindustrie.<\/li>\n<li><strong>L\u00f6sungen:<\/strong> Erfahren Sie mehr \u00fcber unsere ma\u00dfgeschneiderten Filtrationsl\u00f6sungen und wie wir Sie bei der Optimierung Ihrer Prozesse unterst\u00fctzen k\u00f6nnen.<\/li>\n<li><strong>Service &amp; Support:<\/strong> Unser Expertenteam steht Ihnen mit Beratung, Schulungen und technischen Services zur Seite, um Ihren Filtrationsprozess effizient und nachhaltig zu gestalten.<\/li>\n<li><strong>Unternehmen:<\/strong> Lernen Sie die FILTROX AG kennen, einschlie\u00dflich unserer Geschichte, Werte und unserem globalen Netzwerk.<\/li>\n<\/ul>\n<p><strong>Weitere Inhalte:<\/strong><\/p>\n<ul>\n<li><strong>Blog und News:<\/strong> Aktuelle Beitr\u00e4ge zu Innovationen, Anwendungsf\u00e4llen und Trends in der Filtrationsbranche.<\/li>\n<li><strong>Karriere:<\/strong> Werden Sie Teil unseres Teams und gestalten Sie die Zukunft der Filtration mit uns.<\/li>\n<li><strong>Kontakt:<\/strong> Alle wichtigen Informationen, um mit uns in Verbindung zu treten, einschlie\u00dflich Ansprechpartner und Standorte.<\/li>\n<li><strong>Impressum und Datenschutz:<\/strong> Rechtliche Informationen und Hinweise zum Schutz Ihrer Daten.<\/li>\n<\/ul>\n<p>Nutzen Sie diese Sitemap, um Ihre Navigation auf filtrox.com zu optimieren. Wir freuen uns darauf, Ihnen die besten Filtrationsl\u00f6sungen anzubieten und Ihre Erwartungen zu \u00fcbertreffen!<\/p>\n<div id=\"simple-sitemap-container-69f38dc96222e\" class=\"simple-sitemap-container simple-sitemap-container-69f38dc96222e tab-disabled\"><div class=\"simple-sitemap-wrap\"><h3 class=\"post-type\">Seiten<\/h3><ul class=\"simple-sitemap-page main\"><li class=\"sitemap-item page_item page-item-47896\"><a href=\"https:\/\/www.filtrox.com\/ch\/anweisungen-portal-2\/\">Gebrauchsanweisungen Portal<\/a><\/li>\n<li class=\"sitemap-item page_item page-item-41012 page_item_has_children\"><a href=\"https:\/\/www.filtrox.com\/ch\/kontakt\/\">Kontakt<\/a>\n<ul class='children'>\n\t<li class=\"sitemap-item page_item page-item-40975\"><a href=\"https:\/\/www.filtrox.com\/ch\/kontakt\/karriere\/\">Karriere<\/a><\/li>\n\t<li class=\"sitemap-item page_item page-item-40706\"><a href=\"https:\/\/www.filtrox.com\/ch\/kontakt\/fragen-an-filtrox-experten\/\">Fragen an FILTROX Experten<\/a><\/li>\n\t<li class=\"sitemap-item page_item page-item-4937\"><a href=\"https:\/\/www.filtrox.com\/ch\/kontakt\/anfragen\/\">Anfragen<\/a><\/li>\n\t<li class=\"sitemap-item page_item page-item-4936\"><a href=\"https:\/\/www.filtrox.com\/ch\/kontakt\/standorte\/\">Standorte<\/a><\/li>\n<\/ul>\n<\/li>\n<li class=\"sitemap-item page_item page-item-19977\"><a href=\"https:\/\/www.filtrox.com\/ch\/sitemap-filtrox\/\">Sitemap filtrox<\/a><\/li>\n<li class=\"sitemap-item page_item page-item-8739\"><a href=\"https:\/\/www.filtrox.com\/ch\/datenschutz\/\">Datenschutz<\/a><\/li>\n<li class=\"sitemap-item page_item page-item-4905\"><a href=\"https:\/\/www.filtrox.com\/ch\/impressum\/\">Impressum<\/a><\/li>\n<li class=\"sitemap-item page_item page-item-4909\"><a href=\"https:\/\/www.filtrox.com\/ch\/haftungsausschluss\/\">Haftungsausschluss<\/a><\/li>\n<li class=\"sitemap-item page_item page-item-4940\"><a href=\"https:\/\/www.filtrox.com\/ch\/\">Homepage<\/a><\/li>\n<li class=\"sitemap-item page_item page-item-4913 page_item_has_children\"><a href=\"https:\/\/www.filtrox.com\/ch\/dienstleistungen\/\">Leistungen<\/a>\n<ul class='children'>\n\t<li class=\"sitemap-item page_item page-item-10976\"><a href=\"https:\/\/www.filtrox.com\/ch\/dienstleistungen\/tiefenfiltration\/\">Tiefenfiltration<\/a><\/li>\n\t<li class=\"sitemap-item page_item page-item-4931\"><a href=\"https:\/\/www.filtrox.com\/ch\/dienstleistungen\/unterstuetzung-bei-validierung\/\">Unterst\u00fctzung bei der Validierung<\/a><\/li>\n\t<li class=\"sitemap-item page_item page-item-4930\"><a href=\"https:\/\/www.filtrox.com\/ch\/dienstleistungen\/ersatzteile\/\">Ersatzteile<\/a><\/li>\n\t<li class=\"sitemap-item page_item page-item-4929 page_item_has_children\"><a href=\"https:\/\/www.filtrox.com\/ch\/dienstleistungen\/filtrationswissen\/\">Filtrationswissen<\/a>\n\t<ul class='children'>\n\t\t<li class=\"sitemap-item page_item page-item-11157\"><a href=\"https:\/\/www.filtrox.com\/ch\/dienstleistungen\/filtrationswissen\/mikrofiltration\/\">Mikrofiltration<\/a><\/li>\n\t\t<li class=\"sitemap-item page_item page-item-11024\"><a href=\"https:\/\/www.filtrox.com\/ch\/dienstleistungen\/filtrationswissen\/aktivkohle-filtration\/\">Aktivkohle Filtration<\/a><\/li>\n\t<\/ul>\n<\/li>\n\t<li class=\"sitemap-item page_item page-item-4928\"><a href=\"https:\/\/www.filtrox.com\/ch\/dienstleistungen\/anwendungsberatung\/\">Anwendungsberatung<\/a><\/li>\n<\/ul>\n<\/li>\n<li class=\"sitemap-item page_item page-item-4912 page_item_has_children\"><a href=\"https:\/\/www.filtrox.com\/ch\/anwendungen\/\">Anwendungen<\/a>\n<ul class='children'>\n\t<li class=\"sitemap-item page_item page-item-41544\"><a href=\"https:\/\/www.filtrox.com\/ch\/anwendungen\/frittieroel-filtration-2\/\">Frittier\u00f6l Filtration<\/a><\/li>\n\t<li class=\"sitemap-item page_item page-item-4925 page_item_has_children\"><a href=\"https:\/\/www.filtrox.com\/ch\/anwendungen\/lebensmittel-und-getranke\/\">Lebensmittel &amp; Getr\u00e4nke<\/a>\n\t<ul class='children'>\n\t\t<li class=\"sitemap-item page_item page-item-31226\"><a href=\"https:\/\/www.filtrox.com\/ch\/anwendungen\/lebensmittel-und-getranke\/hard-seltzer\/\">Hard Seltzer<\/a><\/li>\n\t\t<li class=\"sitemap-item page_item page-item-61322\"><a href=\"https:\/\/www.filtrox.com\/ch\/anwendungen\/lebensmittel-und-getranke\/destillierte-spirituosen\/\">Destillierte Spirituosen<\/a><\/li>\n\t\t<li class=\"sitemap-item page_item page-item-25975\"><a href=\"https:\/\/www.filtrox.com\/ch\/anwendungen\/lebensmittel-und-getranke\/bierfiltration\/\">Bier<\/a><\/li>\n\t\t<li class=\"sitemap-item page_item page-item-20984 page_item_has_children\"><a href=\"https:\/\/www.filtrox.com\/ch\/anwendungen\/lebensmittel-und-getranke\/wein\/\">Wein<\/a>\n\t\t<ul class='children'>\n\t\t\t<li class=\"sitemap-item page_item page-item-55529\"><a href=\"https:\/\/www.filtrox.com\/ch\/anwendungen\/lebensmittel-und-getranke\/wein\/librasorb-mx\/\">LIBRASORB MX<\/a><\/li>\n\t\t<\/ul>\n<\/li>\n\t<\/ul>\n<\/li>\n\t<li class=\"sitemap-item page_item page-item-4924 page_item_has_children\"><a href=\"https:\/\/www.filtrox.com\/ch\/anwendungen\/life-sciences\/\">Life Sciences, Pharma<\/a>\n\t<ul class='children'>\n\t\t<li class=\"sitemap-item page_item page-item-29618\"><a href=\"https:\/\/www.filtrox.com\/ch\/anwendungen\/life-sciences\/saeugtierzellen-und-maks-2\/\">S\u00e4ugtierzellen und mAks<\/a><\/li>\n\t\t<li class=\"sitemap-item page_item page-item-56752\"><a href=\"https:\/\/www.filtrox.com\/ch\/anwendungen\/life-sciences\/aromen-und-duftstoffe\/\">Aromen &amp; Duftstoffe<\/a><\/li>\n\t\t<li class=\"sitemap-item page_item page-item-58395\"><a href=\"https:\/\/www.filtrox.com\/ch\/anwendungen\/life-sciences\/plasma-fraktionierung\/\">Blutplasma-Fraktionierung<\/a><\/li>\n\t\t<li class=\"sitemap-item page_item page-item-60527\"><a href=\"https:\/\/www.filtrox.com\/ch\/anwendungen\/life-sciences\/plasmid-dna\/\">Plasmid-DNA<\/a><\/li>\n\t\t<li class=\"sitemap-item page_item page-item-26630\"><a href=\"https:\/\/www.filtrox.com\/ch\/anwendungen\/life-sciences\/cbd-oel\/\">Hanfextrakte - CBD \u00d6l<\/a><\/li>\n\t\t<li class=\"sitemap-item page_item page-item-60795\"><a href=\"https:\/\/www.filtrox.com\/ch\/anwendungen\/life-sciences\/single-use-tiefenfilter\/\">Single-use Tiefenfilter<\/a><\/li>\n\t<\/ul>\n<\/li>\n<\/ul>\n<\/li>\n<li class=\"sitemap-item page_item page-item-4911 page_item_has_children\"><a href=\"https:\/\/www.filtrox.com\/ch\/produkte-fuer-die-filtration\/\">Produkte f\u00fcr die Filtration<\/a>\n<ul class='children'>\n\t<li class=\"sitemap-item page_item page-item-52197\"><a href=\"https:\/\/www.filtrox.com\/ch\/produkte-fuer-die-filtration\/ergaenzende-produkte\/\">Erg\u00e4nzende Produkte<\/a><\/li>\n\t<li class=\"sitemap-item page_item page-item-52165 page_item_has_children\"><a href=\"https:\/\/www.filtrox.com\/ch\/produkte-fuer-die-filtration\/filtermedien\/\">Filtermedien<\/a>\n\t<ul class='children'>\n\t\t<li class=\"sitemap-item page_item page-item-39418\"><a href=\"https:\/\/www.filtrox.com\/ch\/produkte-fuer-die-filtration\/filtermedien\/durofil\/\">DUROFIL St\u00fctzschicht<\/a><\/li>\n\t<\/ul>\n<\/li>\n\t<li class=\"sitemap-item page_item page-item-52226\"><a href=\"https:\/\/www.filtrox.com\/ch\/produkte-fuer-die-filtration\/filterpressen-und-gehaeuse-2\/\">Filterpressen und Geh\u00e4use<\/a><\/li>\n\t<li class=\"sitemap-item page_item page-item-53481\"><a href=\"https:\/\/www.filtrox.com\/ch\/produkte-fuer-die-filtration\/puraspin-laborfilter\/\">PURASPIN<\/a><\/li>\n\t<li class=\"sitemap-item page_item page-item-41548\"><a href=\"https:\/\/www.filtrox.com\/ch\/produkte-fuer-die-filtration\/labor-filtermaterial\/\">Labor Filtermaterial<\/a><\/li>\n<\/ul>\n<\/li>\n<li class=\"sitemap-item page_item page-item-4910 page_item_has_children\"><a href=\"https:\/\/www.filtrox.com\/ch\/ueber-filtrox\/\">\u00dcber Filtrox<\/a>\n<ul class='children'>\n\t<li class=\"sitemap-item page_item page-item-39021\"><a href=\"https:\/\/www.filtrox.com\/ch\/ueber-filtrox\/filtrox-vision\/\">Vision<\/a><\/li>\n\t<li class=\"sitemap-item page_item page-item-35847\"><a href=\"https:\/\/www.filtrox.com\/ch\/ueber-filtrox\/nachhaltigkeit-2\/\">Nachhaltigkeit<\/a><\/li>\n\t<li class=\"sitemap-item page_item page-item-4917\"><a href=\"https:\/\/www.filtrox.com\/ch\/ueber-filtrox\/organisation\/\">Organisation<\/a><\/li>\n\t<li class=\"sitemap-item page_item page-item-4916\"><a href=\"https:\/\/www.filtrox.com\/ch\/ueber-filtrox\/filtrox-geschichte\/\">Filtrox Geschichte<\/a><\/li>\n<\/ul>\n<\/li>\n<li class=\"sitemap-item page_item page-item-51397\"><a href=\"https:\/\/www.filtrox.com\/ch\/downloads-dokumente\/\">Downloads und Dokumente<\/a><\/li>\n<\/ul><\/div><\/div><br style=\"clear: both;\">\n\n\n<figure class=\"wp-block-image size-large is-style-default\"><a href=\"https:\/\/www.filtrox.com\/wp-content\/uploads\/2015\/02\/Filtrox-ABOUT-US-title_PR.jpg\"><img decoding=\"async\" width=\"1024\" height=\"275\" data-src=\"https:\/\/www.filtrox.com\/wp-content\/uploads\/2015\/02\/Filtrox-ABOUT-US-title_PR-1024x275.jpg\" alt=\"sitemap de - FILTROX Hauptsitz in St.Gallen\" class=\"wp-image-9092 lazyload\" title=\"Sitemap Filtrox Hauptquartier\" data-srcset=\"https:\/\/www.filtrox.com\/wp-content\/uploads\/2015\/02\/Filtrox-ABOUT-US-title_PR-1024x275.jpg 1024w, https:\/\/www.filtrox.com\/wp-content\/uploads\/2015\/02\/Filtrox-ABOUT-US-title_PR-300x81.jpg 300w, https:\/\/www.filtrox.com\/wp-content\/uploads\/2015\/02\/Filtrox-ABOUT-US-title_PR-24x6.jpg 24w, https:\/\/www.filtrox.com\/wp-content\/uploads\/2015\/02\/Filtrox-ABOUT-US-title_PR-36x10.jpg 36w, https:\/\/www.filtrox.com\/wp-content\/uploads\/2015\/02\/Filtrox-ABOUT-US-title_PR-48x13.jpg 48w, https:\/\/www.filtrox.com\/wp-content\/uploads\/2015\/02\/Filtrox-ABOUT-US-title_PR.jpg 1200w\" data-sizes=\"(max-width: 1024px) 100vw, 1024px\" src=\"data:image\/svg+xml;base64,PHN2ZyB3aWR0aD0iMSIgaGVpZ2h0PSIxIiB4bWxucz0iaHR0cDovL3d3dy53My5vcmcvMjAwMC9zdmciPjwvc3ZnPg==\" style=\"--smush-placeholder-width: 1024px; --smush-placeholder-aspect-ratio: 1024\/275;\" \/><\/a><figcaption class=\"wp-element-caption\">Sitemap \/ Hauptquartier St.Gallen<\/figcaption><\/figure>\n","protected":false},"excerpt":{"rendered":"<p>Sitemap filtrox.com Willkommen auf der Sitemap von filtrox.com, Ihrem zentralen Ausgangspunkt f\u00fcr alle Informationen rund um unsere Produkte, Dienstleistungen und L\u00f6sungen im Bereich der Tiefenfiltration. Diese Seite bietet Ihnen eine klare \u00dcbersicht \u00fcber die Struktur unserer Webseite, damit Sie schnell und einfach die gesuchten Inhalte finden k\u00f6nnen. Unsere Kernbereiche: Produkte: Entdecken Sie unser umfassendes Sortiment &hellip; <a href=\"https:\/\/www.filtrox.com\/ch\/sitemap-filtrox\/\" class=\"more-link\">Continue reading <span class=\"screen-reader-text\">Sitemap filtrox<\/span> <span class=\"meta-nav\">&rarr;<\/span><\/a><\/p>\n","protected":false},"author":6,"featured_media":0,"parent":0,"menu_order":79,"comment_status":"closed","ping_status":"closed","template":"","meta":{"_acf_changed":false,"advgb_blocks_editor_width":"","advgb_blocks_columns_visual_guide":"","footnotes":""},"class_list":["post-19977","page","type-page","status-publish","hentry"],"acf":[],"yoast_head":"<!-- This site is optimized with the Yoast SEO plugin v26.3 - https:\/\/yoast.com\/wordpress\/plugins\/seo\/ -->\n<title>Sitemap filtrox de - Filtrox webseite - Tiefenfiltration f\u00fcr Fl\u00fcssigkeiten<\/title>\n<meta name=\"description\" content=\"Dies ist die Sitemap de der FILTROX webseite. Die Seite enth\u00e4lt Informationen \u00fcber das Unternehmen wie auch zur Tiefenfiltration.\" \/>\n<meta name=\"robots\" content=\"index, follow, max-snippet:-1, max-image-preview:large, max-video-preview:-1\" \/>\n<link rel=\"canonical\" href=\"https:\/\/www.filtrox.com\/ch\/sitemap-filtrox\/\" \/>\n<meta property=\"og:locale\" content=\"de_DE\" \/>\n<meta property=\"og:type\" content=\"article\" \/>\n<meta property=\"og:title\" content=\"Sitemap filtrox de - Filtrox webseite - Tiefenfiltration f\u00fcr Fl\u00fcssigkeiten\" \/>\n<meta property=\"og:description\" content=\"Dies ist die Sitemap de der FILTROX webseite. Die Seite enth\u00e4lt Informationen \u00fcber das Unternehmen wie auch zur Tiefenfiltration.\" \/>\n<meta property=\"og:url\" content=\"https:\/\/www.filtrox.com\/ch\/sitemap-filtrox\/\" \/>\n<meta property=\"og:site_name\" content=\"Filtrox\" \/>\n<meta property=\"article:publisher\" content=\"https:\/\/www.facebook.com\/Filtrox-AG-2091458717567633\" \/>\n<meta property=\"article:modified_time\" content=\"2025-01-03T06:01:32+00:00\" \/>\n<meta property=\"og:image\" content=\"https:\/\/www.filtrox.com\/wp-content\/uploads\/2015\/02\/Filtrox-ABOUT-US-title_PR.jpg\" \/>\n\t<meta property=\"og:image:width\" content=\"1200\" \/>\n\t<meta property=\"og:image:height\" content=\"322\" \/>\n\t<meta property=\"og:image:type\" content=\"image\/jpeg\" \/>\n<meta name=\"twitter:card\" content=\"summary_large_image\" \/>\n<meta name=\"twitter:site\" content=\"@FILTROX1\" \/>\n<meta name=\"twitter:label1\" content=\"Gesch\u00e4tzte Lesezeit\" \/>\n\t<meta name=\"twitter:data1\" content=\"2 Minuten\" \/>\n<script type=\"application\/ld+json\" class=\"yoast-schema-graph\">{\"@context\":\"https:\/\/schema.org\",\"@graph\":[{\"@type\":\"WebPage\",\"@id\":\"https:\/\/www.filtrox.com\/ch\/sitemap-filtrox\/\",\"url\":\"https:\/\/www.filtrox.com\/ch\/sitemap-filtrox\/\",\"name\":\"Sitemap filtrox de - Filtrox webseite - Tiefenfiltration f\u00fcr Fl\u00fcssigkeiten\",\"isPartOf\":{\"@id\":\"https:\/\/www.filtrox.com\/#website\"},\"primaryImageOfPage\":{\"@id\":\"https:\/\/www.filtrox.com\/ch\/sitemap-filtrox\/#primaryimage\"},\"image\":{\"@id\":\"https:\/\/www.filtrox.com\/ch\/sitemap-filtrox\/#primaryimage\"},\"thumbnailUrl\":\"https:\/\/www.filtrox.com\/wp-content\/uploads\/2015\/02\/Filtrox-ABOUT-US-title_PR-1024x275.jpg\",\"datePublished\":\"2019-02-18T12:12:35+00:00\",\"dateModified\":\"2025-01-03T06:01:32+00:00\",\"description\":\"Dies ist die Sitemap de der FILTROX webseite. Die Seite enth\u00e4lt Informationen \u00fcber das Unternehmen wie auch zur Tiefenfiltration.\",\"breadcrumb\":{\"@id\":\"https:\/\/www.filtrox.com\/ch\/sitemap-filtrox\/#breadcrumb\"},\"inLanguage\":\"de-CH\",\"potentialAction\":[{\"@type\":\"ReadAction\",\"target\":[\"https:\/\/www.filtrox.com\/ch\/sitemap-filtrox\/\"]}]},{\"@type\":\"ImageObject\",\"inLanguage\":\"de-CH\",\"@id\":\"https:\/\/www.filtrox.com\/ch\/sitemap-filtrox\/#primaryimage\",\"url\":\"https:\/\/www.filtrox.com\/wp-content\/uploads\/2015\/02\/Filtrox-ABOUT-US-title_PR-1024x275.jpg\",\"contentUrl\":\"https:\/\/www.filtrox.com\/wp-content\/uploads\/2015\/02\/Filtrox-ABOUT-US-title_PR-1024x275.jpg\"},{\"@type\":\"BreadcrumbList\",\"@id\":\"https:\/\/www.filtrox.com\/ch\/sitemap-filtrox\/#breadcrumb\",\"itemListElement\":[{\"@type\":\"ListItem\",\"position\":1,\"name\":\"Home\",\"item\":\"https:\/\/www.filtrox.com\/ch\/\"},{\"@type\":\"ListItem\",\"position\":2,\"name\":\"Sitemap filtrox\"}]},{\"@type\":\"WebSite\",\"@id\":\"https:\/\/www.filtrox.com\/#website\",\"url\":\"https:\/\/www.filtrox.com\/\",\"name\":\"Filtrox\",\"description\":\"DEPTH FILTRATION FOR VALUABLE LIQUIDS.\",\"publisher\":{\"@id\":\"https:\/\/www.filtrox.com\/#organization\"},\"potentialAction\":[{\"@type\":\"SearchAction\",\"target\":{\"@type\":\"EntryPoint\",\"urlTemplate\":\"https:\/\/www.filtrox.com\/?s={search_term_string}\"},\"query-input\":{\"@type\":\"PropertyValueSpecification\",\"valueRequired\":true,\"valueName\":\"search_term_string\"}}],\"inLanguage\":\"de-CH\"},{\"@type\":\"Organization\",\"@id\":\"https:\/\/www.filtrox.com\/#organization\",\"name\":\"Filtrox\",\"alternateName\":\"FX\",\"url\":\"https:\/\/www.filtrox.com\/\",\"logo\":{\"@type\":\"ImageObject\",\"inLanguage\":\"de-CH\",\"@id\":\"https:\/\/www.filtrox.com\/#\/schema\/logo\/image\/\",\"url\":\"https:\/\/www.filtrox.com\/wp-content\/uploads\/2015\/02\/FX-Logo_RGB_0-74-153.jpg\",\"contentUrl\":\"https:\/\/www.filtrox.com\/wp-content\/uploads\/2015\/02\/FX-Logo_RGB_0-74-153.jpg\",\"width\":512,\"height\":512,\"caption\":\"Filtrox\"},\"image\":{\"@id\":\"https:\/\/www.filtrox.com\/#\/schema\/logo\/image\/\"},\"sameAs\":[\"https:\/\/www.facebook.com\/Filtrox-AG-2091458717567633\",\"https:\/\/x.com\/FILTROX1\",\"https:\/\/www.instagram.com\/filtroxag\/\",\"https:\/\/www.linkedin.com\/company\/34636121\/\",\"https:\/\/www.youtube.com\/channel\/UCi3A2_4M_c-CcEst9YJ4U9g\/featured?disable_polymer=1\"]}]}<\/script>\n<!-- \/ Yoast SEO plugin. -->","yoast_head_json":{"title":"Sitemap filtrox de - Filtrox webseite - Tiefenfiltration f\u00fcr Fl\u00fcssigkeiten","description":"Dies ist die Sitemap de der FILTROX webseite. Die Seite enth\u00e4lt Informationen \u00fcber das Unternehmen wie auch zur Tiefenfiltration.","robots":{"index":"index","follow":"follow","max-snippet":"max-snippet:-1","max-image-preview":"max-image-preview:large","max-video-preview":"max-video-preview:-1"},"canonical":"https:\/\/www.filtrox.com\/ch\/sitemap-filtrox\/","og_locale":"de_DE","og_type":"article","og_title":"Sitemap filtrox de - Filtrox webseite - Tiefenfiltration f\u00fcr Fl\u00fcssigkeiten","og_description":"Dies ist die Sitemap de der FILTROX webseite. Die Seite enth\u00e4lt Informationen \u00fcber das Unternehmen wie auch zur Tiefenfiltration.","og_url":"https:\/\/www.filtrox.com\/ch\/sitemap-filtrox\/","og_site_name":"Filtrox","article_publisher":"https:\/\/www.facebook.com\/Filtrox-AG-2091458717567633","article_modified_time":"2025-01-03T06:01:32+00:00","og_image":[{"width":1200,"height":322,"url":"https:\/\/www.filtrox.com\/wp-content\/uploads\/2015\/02\/Filtrox-ABOUT-US-title_PR.jpg","type":"image\/jpeg"}],"twitter_card":"summary_large_image","twitter_site":"@FILTROX1","twitter_misc":{"Gesch\u00e4tzte Lesezeit":"2 Minuten"},"schema":{"@context":"https:\/\/schema.org","@graph":[{"@type":"WebPage","@id":"https:\/\/www.filtrox.com\/ch\/sitemap-filtrox\/","url":"https:\/\/www.filtrox.com\/ch\/sitemap-filtrox\/","name":"Sitemap filtrox de - Filtrox webseite - Tiefenfiltration f\u00fcr Fl\u00fcssigkeiten","isPartOf":{"@id":"https:\/\/www.filtrox.com\/#website"},"primaryImageOfPage":{"@id":"https:\/\/www.filtrox.com\/ch\/sitemap-filtrox\/#primaryimage"},"image":{"@id":"https:\/\/www.filtrox.com\/ch\/sitemap-filtrox\/#primaryimage"},"thumbnailUrl":"https:\/\/www.filtrox.com\/wp-content\/uploads\/2015\/02\/Filtrox-ABOUT-US-title_PR-1024x275.jpg","datePublished":"2019-02-18T12:12:35+00:00","dateModified":"2025-01-03T06:01:32+00:00","description":"Dies ist die Sitemap de der FILTROX webseite. Die Seite enth\u00e4lt Informationen \u00fcber das Unternehmen wie auch zur Tiefenfiltration.","breadcrumb":{"@id":"https:\/\/www.filtrox.com\/ch\/sitemap-filtrox\/#breadcrumb"},"inLanguage":"de-CH","potentialAction":[{"@type":"ReadAction","target":["https:\/\/www.filtrox.com\/ch\/sitemap-filtrox\/"]}]},{"@type":"ImageObject","inLanguage":"de-CH","@id":"https:\/\/www.filtrox.com\/ch\/sitemap-filtrox\/#primaryimage","url":"https:\/\/www.filtrox.com\/wp-content\/uploads\/2015\/02\/Filtrox-ABOUT-US-title_PR-1024x275.jpg","contentUrl":"https:\/\/www.filtrox.com\/wp-content\/uploads\/2015\/02\/Filtrox-ABOUT-US-title_PR-1024x275.jpg"},{"@type":"BreadcrumbList","@id":"https:\/\/www.filtrox.com\/ch\/sitemap-filtrox\/#breadcrumb","itemListElement":[{"@type":"ListItem","position":1,"name":"Home","item":"https:\/\/www.filtrox.com\/ch\/"},{"@type":"ListItem","position":2,"name":"Sitemap filtrox"}]},{"@type":"WebSite","@id":"https:\/\/www.filtrox.com\/#website","url":"https:\/\/www.filtrox.com\/","name":"Filtrox","description":"DEPTH FILTRATION FOR VALUABLE LIQUIDS.","publisher":{"@id":"https:\/\/www.filtrox.com\/#organization"},"potentialAction":[{"@type":"SearchAction","target":{"@type":"EntryPoint","urlTemplate":"https:\/\/www.filtrox.com\/?s={search_term_string}"},"query-input":{"@type":"PropertyValueSpecification","valueRequired":true,"valueName":"search_term_string"}}],"inLanguage":"de-CH"},{"@type":"Organization","@id":"https:\/\/www.filtrox.com\/#organization","name":"Filtrox","alternateName":"FX","url":"https:\/\/www.filtrox.com\/","logo":{"@type":"ImageObject","inLanguage":"de-CH","@id":"https:\/\/www.filtrox.com\/#\/schema\/logo\/image\/","url":"https:\/\/www.filtrox.com\/wp-content\/uploads\/2015\/02\/FX-Logo_RGB_0-74-153.jpg","contentUrl":"https:\/\/www.filtrox.com\/wp-content\/uploads\/2015\/02\/FX-Logo_RGB_0-74-153.jpg","width":512,"height":512,"caption":"Filtrox"},"image":{"@id":"https:\/\/www.filtrox.com\/#\/schema\/logo\/image\/"},"sameAs":["https:\/\/www.facebook.com\/Filtrox-AG-2091458717567633","https:\/\/x.com\/FILTROX1","https:\/\/www.instagram.com\/filtroxag\/","https:\/\/www.linkedin.com\/company\/34636121\/","https:\/\/www.youtube.com\/channel\/UCi3A2_4M_c-CcEst9YJ4U9g\/featured?disable_polymer=1"]}]}},"coauthors":[],"author_meta":{"author_link":"https:\/\/www.filtrox.com\/ch\/blog\/author\/marketing\/","display_name":"marketing"},"relative_dates":{"created":"Posted 7 Jahren ago","modified":"Updated 1 Jahr ago"},"absolute_dates":{"created":"Posted on Februar 18, 2019","modified":"Updated on Januar 3, 2025"},"absolute_dates_time":{"created":"Posted on Februar 18, 2019 12:12 pm","modified":"Updated on Januar 3, 2025 7:01 am"},"featured_img_caption":"","featured_img":false,"series_order":"","publishpress_future_action":{"enabled":false,"date":"2026-05-07 18:13:45","action":"change-status","newStatus":"draft","terms":[],"taxonomy":"translation_priority","extraData":[]},"publishpress_future_workflow_manual_trigger":{"enabledWorkflows":[]},"_links":{"self":[{"href":"https:\/\/www.filtrox.com\/ch\/wp-json\/wp\/v2\/pages\/19977","targetHints":{"allow":["GET"]}}],"collection":[{"href":"https:\/\/www.filtrox.com\/ch\/wp-json\/wp\/v2\/pages"}],"about":[{"href":"https:\/\/www.filtrox.com\/ch\/wp-json\/wp\/v2\/types\/page"}],"author":[{"embeddable":true,"href":"https:\/\/www.filtrox.com\/ch\/wp-json\/wp\/v2\/users\/6"}],"replies":[{"embeddable":true,"href":"https:\/\/www.filtrox.com\/ch\/wp-json\/wp\/v2\/comments?post=19977"}],"version-history":[{"count":6,"href":"https:\/\/www.filtrox.com\/ch\/wp-json\/wp\/v2\/pages\/19977\/revisions"}],"predecessor-version":[{"id":59973,"href":"https:\/\/www.filtrox.com\/ch\/wp-json\/wp\/v2\/pages\/19977\/revisions\/59973"}],"wp:attachment":[{"href":"https:\/\/www.filtrox.com\/ch\/wp-json\/wp\/v2\/media?parent=19977"}],"curies":[{"name":"wp","href":"https:\/\/api.w.org\/{rel}","templated":true}]}}