{"id":40975,"date":"2021-10-08T20:33:43","date_gmt":"2021-10-08T19:33:43","guid":{"rendered":"https:\/\/www.filtrox.com\/karriere\/"},"modified":"2026-04-14T14:48:50","modified_gmt":"2026-04-14T13:48:50","slug":"karriere","status":"publish","type":"page","link":"https:\/\/www.filtrox.com\/ch\/kontakt\/karriere\/","title":{"rendered":"Karriere"},"content":{"rendered":"\n<h4><strong><span style=\"font-size: 24pt;\">Jobs und Karriere bei FILTROX<\/span><\/strong><\/h4>\n<p>Exzellente Mitarbeiter sind die Basis unseres Erfolgs. Deshalb sind wir immer auf der Suche nach neuen Talenten, die unser motiviertes Team unterst\u00fctzen. M\u00f6chten Sie gerne f\u00fcr einen weltweiten technologischen Marktf\u00fchrer auf einem kleinen, aber nicht minder faszinierenden Nischenmarkt t\u00e4tig werden? Dann senden Sie uns bitte Ihre Bewerbungsunterlagen mit Foto per Email zu. Hier finden Sie Informationen zu offenen Jobs und Karriere.<\/p>\n\n\n\n<hr class=\"wp-block-separator has-css-opacity is-style-wide\"\/>\n\n\n\n<p><strong>AKTUELL 1 VAKANZ.<\/strong><\/p>\n<p><a href=\"https:\/\/www.filtrox.com\/wp-content\/uploads\/2026\/04\/Inserat-Verkauf-Export-80-100_04-26.pdf\" target=\"_blank\" rel=\"noopener\">Sachbearbeiter Verkauf-Export 80 &#8211; 100% (m\/w\/d)<\/a><\/p>\n<p dir=\"ltr\" data-placeholder=\"\u00dcbersetzung\">\u00a0<\/p>\n\n\n\n<hr class=\"wp-block-separator has-css-opacity is-style-wide\"\/>\n\n\n\n<p>Ihre Bewerbung senden Sie bitte an:<\/p>\n<p>FILTROX AG<br \/>Human Resources<br \/>Moosm\u00fchelstrasse 6<br \/>9001 St.Gallen<br \/><a href=\"mailto:jobs@filtrox.com\">jobs@filtrox.com<\/a><br \/><br \/><\/p>\n\n\n\n<div style=\"height:100px\" aria-hidden=\"true\" class=\"wp-block-spacer\"><\/div>\n\n\n\n<h4><span style=\"font-size: 24pt;\"><strong>AUS- UND WEITERBILDUNG<\/strong><\/span><\/h4>\n<p>Wir f\u00f6rdern die Ausbildung und Weiterbildung junger Fachkr\u00e4fte und sind stolz darauf, den folgenden Organisationen anzugeh\u00f6ren:<\/p>\n<table style=\"width: 100%;\">\n<tbody>\n<tr>\n<td width=\"200\"><a href=\"\/wp-content\/uploads\/2015\/02\/^94FD3C46638A1BC7D1F5AE163F5C5FAF039C4CEEB9C0F7D05F^pimgpsh_fullsize_distr.png\"><img decoding=\"async\" class=\"alignnone wp-image-1653 size-full lazyload\" title=\"Il portale della formazione professionale e professionale svizzera. Trova documenti utili, link e un glossario. vacanti.\" data-src=\"https:\/\/www.filtrox.com\/wp-content\/uploads\/2015\/02\/^94FD3C46638A1BC7D1F5AE163F5C5FAF039C4CEEB9C0F7D05F^pimgpsh_fullsize_distr.png\" alt=\"Il portale della formazione professionale e professionale svizzera. Trova documenti utili, link e un glossario.\" width=\"108\" height=\"108\" data-srcset=\"https:\/\/www.filtrox.com\/wp-content\/uploads\/2015\/02\/^94FD3C46638A1BC7D1F5AE163F5C5FAF039C4CEEB9C0F7D05F^pimgpsh_fullsize_distr.png 108w, https:\/\/www.filtrox.com\/wp-content\/uploads\/2015\/02\/^94FD3C46638A1BC7D1F5AE163F5C5FAF039C4CEEB9C0F7D05F^pimgpsh_fullsize_distr-24x24.png 24w, https:\/\/www.filtrox.com\/wp-content\/uploads\/2015\/02\/^94FD3C46638A1BC7D1F5AE163F5C5FAF039C4CEEB9C0F7D05F^pimgpsh_fullsize_distr-36x36.png 36w, https:\/\/www.filtrox.com\/wp-content\/uploads\/2015\/02\/^94FD3C46638A1BC7D1F5AE163F5C5FAF039C4CEEB9C0F7D05F^pimgpsh_fullsize_distr-48x48.png 48w\" data-sizes=\"(max-width: 108px) 100vw, 108px\" src=\"data:image\/svg+xml;base64,PHN2ZyB3aWR0aD0iMSIgaGVpZ2h0PSIxIiB4bWxucz0iaHR0cDovL3d3dy53My5vcmcvMjAwMC9zdmciPjwvc3ZnPg==\" style=\"--smush-placeholder-width: 108px; --smush-placeholder-aspect-ratio: 108\/108;\" \/><\/a><\/td>\n<td>\n<p>\u00a0<a title=\"website for vocational training\" href=\"http:\/\/berufsbildung.ch\" target=\"_blank\" rel=\"noopener noreferrer\">berufsbildung.ch<\/a><\/p>\n<p>Das Portal zur Berufsbildung. Hier finden Sie n\u00fctzliche Unterlagen, Links und ein Glossar.<\/p>\n<\/td>\n<\/tr>\n<tr>\n<td><a href=\"\/wp-content\/uploads\/2015\/02\/Filtrox-ABOUT-US-tunostschweiz_PR-100x1001.gif\"><img decoding=\"async\" class=\"alignnone wp-image-2620 size-full lazyload\" title=\"Questo \u00e8 un laboratorio di ricerca e laboratorio di inventori. Vacanti.\" data-src=\"https:\/\/www.filtrox.com\/wp-content\/uploads\/2015\/02\/Filtrox-ABOUT-US-tunostschweiz_PR-100x1001.gif\" alt=\"Per vacanti. Questo \u00e8 un laboratorio di ricerca e laboratorio di inventori.\" width=\"100\" height=\"100\" data-srcset=\"https:\/\/www.filtrox.com\/wp-content\/uploads\/2015\/02\/Filtrox-ABOUT-US-tunostschweiz_PR-100x1001.gif 100w, https:\/\/www.filtrox.com\/wp-content\/uploads\/2015\/02\/Filtrox-ABOUT-US-tunostschweiz_PR-100x1001-24x24.gif 24w, https:\/\/www.filtrox.com\/wp-content\/uploads\/2015\/02\/Filtrox-ABOUT-US-tunostschweiz_PR-100x1001-36x36.gif 36w, https:\/\/www.filtrox.com\/wp-content\/uploads\/2015\/02\/Filtrox-ABOUT-US-tunostschweiz_PR-100x1001-48x48.gif 48w\" data-sizes=\"(max-width: 100px) 100vw, 100px\" src=\"data:image\/svg+xml;base64,PHN2ZyB3aWR0aD0iMSIgaGVpZ2h0PSIxIiB4bWxucz0iaHR0cDovL3d3dy53My5vcmcvMjAwMC9zdmciPjwvc3ZnPg==\" style=\"--smush-placeholder-width: 100px; --smush-placeholder-aspect-ratio: 100\/100;\" \/><\/a><\/td>\n<td>\n<p>\u00a0<a title=\"youth development in technology and natural sciences\" href=\"http:\/\/tunOstschweiz.ch\" target=\"_blank\" rel=\"noopener noreferrer\">tunOstschweiz.ch<\/a><\/p>\n<p>tun ist Forscherlabor und Erfinderwerkstatt: Kinder und Jugendliche von 6 \u2013 13 Jahren k\u00f6nnen nach Lust und Laune forschen, staunen und entdecken. Durch die fr\u00fche Sensibilisierung werden die Kinder, im Rahmen dieses ausserschulischen Projektes, f\u00fcr die faszinierende Welt der MINT-F\u00e4cher begeistert.<\/p>\n<\/td>\n<\/tr>\n<tr>\n<td><a href=\"\/wp-content\/uploads\/2015\/02\/part_logo_04.png\"><img decoding=\"async\" class=\"alignnone wp-image-824 size-full lazyload\" title=\"Per vacanti futur. Triebwerk \u00e8 l'interfaccia tra scuola e impresa.\" data-src=\"https:\/\/www.filtrox.com\/wp-content\/uploads\/2015\/02\/part_logo_04.png\" alt=\"Triebwerk \u00e8 l'interfaccia tra scuola e impresa. Vacanti futuri.\" width=\"146\" height=\"38\" data-srcset=\"https:\/\/www.filtrox.com\/wp-content\/uploads\/2015\/02\/part_logo_04.png 146w, https:\/\/www.filtrox.com\/wp-content\/uploads\/2015\/02\/part_logo_04-24x6.png 24w, https:\/\/www.filtrox.com\/wp-content\/uploads\/2015\/02\/part_logo_04-36x9.png 36w, https:\/\/www.filtrox.com\/wp-content\/uploads\/2015\/02\/part_logo_04-48x12.png 48w\" data-sizes=\"(max-width: 146px) 100vw, 146px\" src=\"data:image\/svg+xml;base64,PHN2ZyB3aWR0aD0iMSIgaGVpZ2h0PSIxIiB4bWxucz0iaHR0cDovL3d3dy53My5vcmcvMjAwMC9zdmciPjwvc3ZnPg==\" style=\"--smush-placeholder-width: 146px; --smush-placeholder-aspect-ratio: 146\/38;\" \/><\/a><\/td>\n<td>\n<p>\u00a0<a title=\"platform for apprentices\" href=\"https:\/\/www.verein-triebwerk.ch\/\" target=\"_blank\" rel=\"noopener noreferrer\">triebwerk-sg.ch<\/a><\/p>\n<p>Der Verein Triebwerk ist die Schnittstelle zwischen Schule und Wirtschaft. Das heisst, er unterst\u00fctzt die Lehrpersonen im Berufswahlprozess, die Sch\u00fcler\/-innen bei der Berufswahl und die Lehrbetriebe beim Lehrstellenmarketing.<\/p>\n<\/td>\n<\/tr>\n<\/tbody>\n<\/table>\n","protected":false},"excerpt":{"rendered":"<p>Jobs und Karriere bei FILTROX Exzellente Mitarbeiter sind die Basis unseres Erfolgs. Deshalb sind wir immer auf der Suche nach neuen Talenten, die unser motiviertes Team unterst\u00fctzen. M\u00f6chten Sie gerne f\u00fcr einen weltweiten technologischen Marktf\u00fchrer auf einem kleinen, aber nicht minder faszinierenden Nischenmarkt t\u00e4tig werden? Dann senden Sie uns bitte Ihre Bewerbungsunterlagen mit Foto per &hellip; <a href=\"https:\/\/www.filtrox.com\/ch\/kontakt\/karriere\/\" class=\"more-link\">Continue reading <span class=\"screen-reader-text\">Karriere<\/span> <span class=\"meta-nav\">&rarr;<\/span><\/a><\/p>\n","protected":false},"author":8,"featured_media":0,"parent":41012,"menu_order":8,"comment_status":"closed","ping_status":"closed","template":"template_contactofcial.php","meta":{"_acf_changed":false,"advgb_blocks_editor_width":"","advgb_blocks_columns_visual_guide":"","footnotes":""},"class_list":["post-40975","page","type-page","status-publish","hentry"],"acf":[],"yoast_head":"<!-- This site is optimized with the Yoast SEO plugin v26.3 - https:\/\/yoast.com\/wordpress\/plugins\/seo\/ -->\n<title>Karriere - Filtrox Tiefenfiltrationsl\u00f6sungen f\u00fcr wertvolle Fl\u00fcssigkeiten<\/title>\n<meta name=\"description\" content=\"Wir sind st\u00e4ndig auf der Suche nach neuen Talenten, um unser motiviertes Team zu verst\u00e4rken. Hier die offenen Stellen:\" \/>\n<meta name=\"robots\" content=\"index, follow, max-snippet:-1, max-image-preview:large, max-video-preview:-1\" \/>\n<link rel=\"canonical\" href=\"https:\/\/www.filtrox.com\/ch\/kontakt\/karriere\/\" \/>\n<meta property=\"og:locale\" content=\"de_DE\" \/>\n<meta property=\"og:type\" content=\"article\" \/>\n<meta property=\"og:title\" content=\"Karriere - Filtrox Tiefenfiltrationsl\u00f6sungen f\u00fcr wertvolle Fl\u00fcssigkeiten\" \/>\n<meta property=\"og:description\" content=\"Wir sind st\u00e4ndig auf der Suche nach neuen Talenten, um unser motiviertes Team zu verst\u00e4rken. Hier die offenen Stellen:\" \/>\n<meta property=\"og:url\" content=\"https:\/\/www.filtrox.com\/ch\/kontakt\/karriere\/\" \/>\n<meta property=\"og:site_name\" content=\"Filtrox\" \/>\n<meta property=\"article:publisher\" content=\"https:\/\/www.facebook.com\/Filtrox-AG-2091458717567633\" \/>\n<meta property=\"article:modified_time\" content=\"2026-04-14T13:48:50+00:00\" \/>\n<meta property=\"og:image\" content=\"https:\/\/www.filtrox.com\/wp-content\/uploads\/2015\/02\/94FD3C46638A1BC7D1F5AE163F5C5FAF039C4CEEB9C0F7D05Fpimgpsh_fullsize_distr.png\" \/>\n\t<meta property=\"og:image:width\" content=\"108\" \/>\n\t<meta property=\"og:image:height\" content=\"108\" \/>\n\t<meta property=\"og:image:type\" content=\"image\/png\" \/>\n<meta name=\"twitter:card\" content=\"summary_large_image\" \/>\n<meta name=\"twitter:site\" content=\"@FILTROX1\" \/>\n<meta name=\"twitter:label1\" content=\"Gesch\u00e4tzte Lesezeit\" \/>\n\t<meta name=\"twitter:data1\" content=\"2 Minuten\" \/>\n<script type=\"application\/ld+json\" class=\"yoast-schema-graph\">{\"@context\":\"https:\/\/schema.org\",\"@graph\":[{\"@type\":\"WebPage\",\"@id\":\"https:\/\/www.filtrox.com\/ch\/kontakt\/karriere\/\",\"url\":\"https:\/\/www.filtrox.com\/ch\/kontakt\/karriere\/\",\"name\":\"Karriere - Filtrox Tiefenfiltrationsl\u00f6sungen f\u00fcr wertvolle Fl\u00fcssigkeiten\",\"isPartOf\":{\"@id\":\"https:\/\/www.filtrox.com\/#website\"},\"primaryImageOfPage\":{\"@id\":\"https:\/\/www.filtrox.com\/ch\/kontakt\/karriere\/#primaryimage\"},\"image\":{\"@id\":\"https:\/\/www.filtrox.com\/ch\/kontakt\/karriere\/#primaryimage\"},\"thumbnailUrl\":\"https:\/\/www.filtrox.com\/wp-content\/uploads\/2015\/02\/^94FD3C46638A1BC7D1F5AE163F5C5FAF039C4CEEB9C0F7D05F^pimgpsh_fullsize_distr.png\",\"datePublished\":\"2021-10-08T19:33:43+00:00\",\"dateModified\":\"2026-04-14T13:48:50+00:00\",\"description\":\"Wir sind st\u00e4ndig auf der Suche nach neuen Talenten, um unser motiviertes Team zu verst\u00e4rken. Hier die offenen Stellen:\",\"breadcrumb\":{\"@id\":\"https:\/\/www.filtrox.com\/ch\/kontakt\/karriere\/#breadcrumb\"},\"inLanguage\":\"de-CH\",\"potentialAction\":[{\"@type\":\"ReadAction\",\"target\":[\"https:\/\/www.filtrox.com\/ch\/kontakt\/karriere\/\"]}]},{\"@type\":\"ImageObject\",\"inLanguage\":\"de-CH\",\"@id\":\"https:\/\/www.filtrox.com\/ch\/kontakt\/karriere\/#primaryimage\",\"url\":\"https:\/\/www.filtrox.com\/wp-content\/uploads\/2015\/02\/^94FD3C46638A1BC7D1F5AE163F5C5FAF039C4CEEB9C0F7D05F^pimgpsh_fullsize_distr.png\",\"contentUrl\":\"https:\/\/www.filtrox.com\/wp-content\/uploads\/2015\/02\/^94FD3C46638A1BC7D1F5AE163F5C5FAF039C4CEEB9C0F7D05F^pimgpsh_fullsize_distr.png\"},{\"@type\":\"BreadcrumbList\",\"@id\":\"https:\/\/www.filtrox.com\/ch\/kontakt\/karriere\/#breadcrumb\",\"itemListElement\":[{\"@type\":\"ListItem\",\"position\":1,\"name\":\"Home\",\"item\":\"https:\/\/www.filtrox.com\/ch\/\"},{\"@type\":\"ListItem\",\"position\":2,\"name\":\"Kontakt\",\"item\":\"https:\/\/www.filtrox.com\/ch\/kontakt\/\"},{\"@type\":\"ListItem\",\"position\":3,\"name\":\"Karriere\"}]},{\"@type\":\"WebSite\",\"@id\":\"https:\/\/www.filtrox.com\/#website\",\"url\":\"https:\/\/www.filtrox.com\/\",\"name\":\"Filtrox\",\"description\":\"DEPTH FILTRATION FOR VALUABLE LIQUIDS.\",\"publisher\":{\"@id\":\"https:\/\/www.filtrox.com\/#organization\"},\"potentialAction\":[{\"@type\":\"SearchAction\",\"target\":{\"@type\":\"EntryPoint\",\"urlTemplate\":\"https:\/\/www.filtrox.com\/?s={search_term_string}\"},\"query-input\":{\"@type\":\"PropertyValueSpecification\",\"valueRequired\":true,\"valueName\":\"search_term_string\"}}],\"inLanguage\":\"de-CH\"},{\"@type\":\"Organization\",\"@id\":\"https:\/\/www.filtrox.com\/#organization\",\"name\":\"Filtrox\",\"alternateName\":\"FX\",\"url\":\"https:\/\/www.filtrox.com\/\",\"logo\":{\"@type\":\"ImageObject\",\"inLanguage\":\"de-CH\",\"@id\":\"https:\/\/www.filtrox.com\/#\/schema\/logo\/image\/\",\"url\":\"https:\/\/www.filtrox.com\/wp-content\/uploads\/2015\/02\/FX-Logo_RGB_0-74-153.jpg\",\"contentUrl\":\"https:\/\/www.filtrox.com\/wp-content\/uploads\/2015\/02\/FX-Logo_RGB_0-74-153.jpg\",\"width\":512,\"height\":512,\"caption\":\"Filtrox\"},\"image\":{\"@id\":\"https:\/\/www.filtrox.com\/#\/schema\/logo\/image\/\"},\"sameAs\":[\"https:\/\/www.facebook.com\/Filtrox-AG-2091458717567633\",\"https:\/\/x.com\/FILTROX1\",\"https:\/\/www.instagram.com\/filtroxag\/\",\"https:\/\/www.linkedin.com\/company\/34636121\/\",\"https:\/\/www.youtube.com\/channel\/UCi3A2_4M_c-CcEst9YJ4U9g\/featured?disable_polymer=1\"]}]}<\/script>\n<!-- \/ Yoast SEO plugin. -->","yoast_head_json":{"title":"Karriere - Filtrox Tiefenfiltrationsl\u00f6sungen f\u00fcr wertvolle Fl\u00fcssigkeiten","description":"Wir sind st\u00e4ndig auf der Suche nach neuen Talenten, um unser motiviertes Team zu verst\u00e4rken. Hier die offenen Stellen:","robots":{"index":"index","follow":"follow","max-snippet":"max-snippet:-1","max-image-preview":"max-image-preview:large","max-video-preview":"max-video-preview:-1"},"canonical":"https:\/\/www.filtrox.com\/ch\/kontakt\/karriere\/","og_locale":"de_DE","og_type":"article","og_title":"Karriere - Filtrox Tiefenfiltrationsl\u00f6sungen f\u00fcr wertvolle Fl\u00fcssigkeiten","og_description":"Wir sind st\u00e4ndig auf der Suche nach neuen Talenten, um unser motiviertes Team zu verst\u00e4rken. Hier die offenen Stellen:","og_url":"https:\/\/www.filtrox.com\/ch\/kontakt\/karriere\/","og_site_name":"Filtrox","article_publisher":"https:\/\/www.facebook.com\/Filtrox-AG-2091458717567633","article_modified_time":"2026-04-14T13:48:50+00:00","og_image":[{"width":108,"height":108,"url":"https:\/\/www.filtrox.com\/wp-content\/uploads\/2015\/02\/^94FD3C46638A1BC7D1F5AE163F5C5FAF039C4CEEB9C0F7D05F^pimgpsh_fullsize_distr.png","type":"image\/png"}],"twitter_card":"summary_large_image","twitter_site":"@FILTROX1","twitter_misc":{"Gesch\u00e4tzte Lesezeit":"2 Minuten"},"schema":{"@context":"https:\/\/schema.org","@graph":[{"@type":"WebPage","@id":"https:\/\/www.filtrox.com\/ch\/kontakt\/karriere\/","url":"https:\/\/www.filtrox.com\/ch\/kontakt\/karriere\/","name":"Karriere - Filtrox Tiefenfiltrationsl\u00f6sungen f\u00fcr wertvolle Fl\u00fcssigkeiten","isPartOf":{"@id":"https:\/\/www.filtrox.com\/#website"},"primaryImageOfPage":{"@id":"https:\/\/www.filtrox.com\/ch\/kontakt\/karriere\/#primaryimage"},"image":{"@id":"https:\/\/www.filtrox.com\/ch\/kontakt\/karriere\/#primaryimage"},"thumbnailUrl":"https:\/\/www.filtrox.com\/wp-content\/uploads\/2015\/02\/^94FD3C46638A1BC7D1F5AE163F5C5FAF039C4CEEB9C0F7D05F^pimgpsh_fullsize_distr.png","datePublished":"2021-10-08T19:33:43+00:00","dateModified":"2026-04-14T13:48:50+00:00","description":"Wir sind st\u00e4ndig auf der Suche nach neuen Talenten, um unser motiviertes Team zu verst\u00e4rken. Hier die offenen Stellen:","breadcrumb":{"@id":"https:\/\/www.filtrox.com\/ch\/kontakt\/karriere\/#breadcrumb"},"inLanguage":"de-CH","potentialAction":[{"@type":"ReadAction","target":["https:\/\/www.filtrox.com\/ch\/kontakt\/karriere\/"]}]},{"@type":"ImageObject","inLanguage":"de-CH","@id":"https:\/\/www.filtrox.com\/ch\/kontakt\/karriere\/#primaryimage","url":"https:\/\/www.filtrox.com\/wp-content\/uploads\/2015\/02\/^94FD3C46638A1BC7D1F5AE163F5C5FAF039C4CEEB9C0F7D05F^pimgpsh_fullsize_distr.png","contentUrl":"https:\/\/www.filtrox.com\/wp-content\/uploads\/2015\/02\/^94FD3C46638A1BC7D1F5AE163F5C5FAF039C4CEEB9C0F7D05F^pimgpsh_fullsize_distr.png"},{"@type":"BreadcrumbList","@id":"https:\/\/www.filtrox.com\/ch\/kontakt\/karriere\/#breadcrumb","itemListElement":[{"@type":"ListItem","position":1,"name":"Home","item":"https:\/\/www.filtrox.com\/ch\/"},{"@type":"ListItem","position":2,"name":"Kontakt","item":"https:\/\/www.filtrox.com\/ch\/kontakt\/"},{"@type":"ListItem","position":3,"name":"Karriere"}]},{"@type":"WebSite","@id":"https:\/\/www.filtrox.com\/#website","url":"https:\/\/www.filtrox.com\/","name":"Filtrox","description":"DEPTH FILTRATION FOR VALUABLE LIQUIDS.","publisher":{"@id":"https:\/\/www.filtrox.com\/#organization"},"potentialAction":[{"@type":"SearchAction","target":{"@type":"EntryPoint","urlTemplate":"https:\/\/www.filtrox.com\/?s={search_term_string}"},"query-input":{"@type":"PropertyValueSpecification","valueRequired":true,"valueName":"search_term_string"}}],"inLanguage":"de-CH"},{"@type":"Organization","@id":"https:\/\/www.filtrox.com\/#organization","name":"Filtrox","alternateName":"FX","url":"https:\/\/www.filtrox.com\/","logo":{"@type":"ImageObject","inLanguage":"de-CH","@id":"https:\/\/www.filtrox.com\/#\/schema\/logo\/image\/","url":"https:\/\/www.filtrox.com\/wp-content\/uploads\/2015\/02\/FX-Logo_RGB_0-74-153.jpg","contentUrl":"https:\/\/www.filtrox.com\/wp-content\/uploads\/2015\/02\/FX-Logo_RGB_0-74-153.jpg","width":512,"height":512,"caption":"Filtrox"},"image":{"@id":"https:\/\/www.filtrox.com\/#\/schema\/logo\/image\/"},"sameAs":["https:\/\/www.facebook.com\/Filtrox-AG-2091458717567633","https:\/\/x.com\/FILTROX1","https:\/\/www.instagram.com\/filtroxag\/","https:\/\/www.linkedin.com\/company\/34636121\/","https:\/\/www.youtube.com\/channel\/UCi3A2_4M_c-CcEst9YJ4U9g\/featured?disable_polymer=1"]}]}},"coauthors":[],"author_meta":{"author_link":"https:\/\/www.filtrox.com\/ch\/blog\/author\/fosca-roman\/","display_name":"Fosca Roman"},"relative_dates":{"created":"Posted 5 Jahren ago","modified":"Updated 2 Wochen ago"},"absolute_dates":{"created":"Posted on Oktober 8, 2021","modified":"Updated on April 14, 2026"},"absolute_dates_time":{"created":"Posted on Oktober 8, 2021 8:33 pm","modified":"Updated on April 14, 2026 2:48 pm"},"featured_img_caption":"","featured_img":false,"series_order":"","publishpress_future_action":{"enabled":false,"date":"2026-05-06 17:08:57","action":"change-status","newStatus":"draft","terms":[],"taxonomy":"translation_priority","extraData":[]},"publishpress_future_workflow_manual_trigger":{"enabledWorkflows":[]},"_links":{"self":[{"href":"https:\/\/www.filtrox.com\/ch\/wp-json\/wp\/v2\/pages\/40975","targetHints":{"allow":["GET"]}}],"collection":[{"href":"https:\/\/www.filtrox.com\/ch\/wp-json\/wp\/v2\/pages"}],"about":[{"href":"https:\/\/www.filtrox.com\/ch\/wp-json\/wp\/v2\/types\/page"}],"author":[{"embeddable":true,"href":"https:\/\/www.filtrox.com\/ch\/wp-json\/wp\/v2\/users\/8"}],"replies":[{"embeddable":true,"href":"https:\/\/www.filtrox.com\/ch\/wp-json\/wp\/v2\/comments?post=40975"}],"version-history":[{"count":45,"href":"https:\/\/www.filtrox.com\/ch\/wp-json\/wp\/v2\/pages\/40975\/revisions"}],"predecessor-version":[{"id":62829,"href":"https:\/\/www.filtrox.com\/ch\/wp-json\/wp\/v2\/pages\/40975\/revisions\/62829"}],"up":[{"embeddable":true,"href":"https:\/\/www.filtrox.com\/ch\/wp-json\/wp\/v2\/pages\/41012"}],"wp:attachment":[{"href":"https:\/\/www.filtrox.com\/ch\/wp-json\/wp\/v2\/media?parent=40975"}],"curies":[{"name":"wp","href":"https:\/\/api.w.org\/{rel}","templated":true}]}}