{"id":4909,"date":"2016-08-16T09:26:30","date_gmt":"2016-08-16T09:26:30","guid":{"rendered":"https:\/\/www.filtrox.com\/ch\/disclaimer\/"},"modified":"2025-01-02T16:01:06","modified_gmt":"2025-01-02T15:01:06","slug":"haftungsausschluss","status":"publish","type":"page","link":"https:\/\/www.filtrox.com\/ch\/haftungsausschluss\/","title":{"rendered":"Haftungsausschluss"},"content":{"rendered":"<div class=\"wpb-content-wrapper\"><p>[vc_row][vc_column][vc_column_text]<\/p>\n<div class=\"page\" title=\"Page 1\">\n<div class=\"layoutArea\">\n<div class=\"column\">\n<h3><strong>HAFTUNGSAUSSCHLUSS ANWENDUNGSBEREICH<\/strong><\/h3>\n<p>Dies ist die offizielle Website der FILTROX AG. Sie dient der Kundeninformation.\u00a0Die auf der Website publizierten Informationen begr\u00fcnden weder eine Aufforderung, ein Angebot oder eine Empfehlung zum Kauf oder Verkauf von Dienstleistungen oder zur T\u00e4tigung sonstiger Transaktionen. Die Informationen auf der Website haben als Ganzes beschreibenden Charakter.<\/p>\n<h4><strong>Geistiges Eigentum und andere Rechte<\/strong><\/h4>\n<p>Die FILTROX AG (nachfolgend FILTROX genannt) ist Inhaberin und Betreiberin dieser Website. S\u00e4mtliche Marken, Namen, Titel, Logos, Bilder, Designs, Texte und andere Inhalte sind Eigentum der FILTROX. Das Aufrufen, Herunterladen oder Kopieren dieser Daten \u00fcbertr\u00e4gt keine Rechte. Jede vollst\u00e4ndige oder auszugsweise Vervielf\u00e4ltigung, \u00c4nderung, Verlinkung oder Verwendung der Inhalte dieser Website f\u00fcr \u00f6ffentliche oder kommerzielle Zwecke bedarf der vorhergehenden schriftlichen Genehmigung der FILTROX.<\/p>\n<h4><strong>Haftungsausschluss<\/strong><\/h4>\n<p>FILTROX schliesst jede Haftung (auch Fahrl\u00e4ssigkeit) f\u00fcr Ereignisse im Zusammenhang mit dem Zugriff oder unm\u00f6glichen Zugriff auf diese Website aus. Es besteht keine Gew\u00e4hr f\u00fcr eine permanente st\u00f6rungsfreie Funktion, den Zugriff oder die Nutzung dieser Website. Beim Internet handelt es sich um ein offenes Netzwerk, das jedem frei zug\u00e4nglich ist. Dementsprechend kann es nicht als sichere Umgebung verstanden werden. In der Regel\u00a0 werden die einzelnen Datenpakete in verschl\u00fcsselter Form \u00fcbertragen. Dies gilt allerdings nicht f\u00fcr den Absender und Empf\u00e4nger. Zudem k\u00f6nnen Daten auch in L\u00e4nder \u00fcbertragen werden, in denen die Datenschutzbestimmungen nicht so streng sind wie in der Schweiz oder EU sind. Die FILTROX schliesst jede Haftung f\u00fcr die Sicherheit der Daten aus, die \u00fcber das Internet \u00fcbertragen werden. F\u00fcr Links auf der FILTROX Website die zu Websites Dritter f\u00fchren, wird keine Gew\u00e4hrleistung oder Haftung f\u00fcr deren Inhalte \u00fcbernommen und dass die Betreiber die gesetzlichen Datenschutzbestimmungen einhalten.<\/p>\n<h4><strong>Erfassung und Verwendung von Informationen<\/strong><\/h4>\n<p>Beim Zugriff auf unsere Website werden Informationen wie Datum, Uhrzeit des Zugriffs, die IP-Adresse oder die aufgerufenen Seiten gespeichert. Pers\u00f6nliche Daten werden nicht ausgewertet. Alle Informationen werden nur anonym verarbeitet. Dies geschieht f\u00fcr statistische Zwecke, zum Beispiel um festzustellen, wie h\u00e4ufig unsere Website am Tag aufgerufen wird. Die Daten werden vertraulich behandelt und nicht an Dritte weitergeleitet oder zug\u00e4nglich gemacht. Es sei denn, dies wird nach einem geltenden Gesetz und insbesondere nach Massgabe der Strafverfolgungsbeh\u00f6rden erforderlich. <a href=\"https:\/\/www.filtrox.com\/ch\/datenschutz\/\" target=\"_blank\" rel=\"noopener noreferrer\">Weitere Informationen finden Sie auf unserer Datenschutz-Seite.<\/a><\/p>\n<\/div>\n<\/div>\n<\/div>\n<p>[\/vc_column_text][\/vc_column][\/vc_row]<\/p>\n<\/div>","protected":false},"excerpt":{"rendered":"<p>[vc_row][vc_column][vc_column_text] HAFTUNGSAUSSCHLUSS ANWENDUNGSBEREICH Dies ist die offizielle Website der FILTROX AG. Sie dient der Kundeninformation.\u00a0Die auf der Website publizierten Informationen begr\u00fcnden weder eine Aufforderung, ein Angebot oder eine Empfehlung zum Kauf oder Verkauf von Dienstleistungen oder zur T\u00e4tigung sonstiger Transaktionen. Die Informationen auf der Website haben als Ganzes beschreibenden Charakter. Geistiges Eigentum und andere Rechte &hellip; <a href=\"https:\/\/www.filtrox.com\/ch\/haftungsausschluss\/\" class=\"more-link\">Continue reading <span class=\"screen-reader-text\">Haftungsausschluss<\/span> <span class=\"meta-nav\">&rarr;<\/span><\/a><\/p>\n","protected":false},"author":8,"featured_media":0,"parent":0,"menu_order":100,"comment_status":"closed","ping_status":"open","template":"","meta":{"_acf_changed":false,"advgb_blocks_editor_width":"","advgb_blocks_columns_visual_guide":"","footnotes":""},"class_list":["post-4909","page","type-page","status-publish","hentry"],"acf":[],"yoast_head":"<!-- This site is optimized with the Yoast SEO plugin v26.3 - https:\/\/yoast.com\/wordpress\/plugins\/seo\/ -->\n<title>Haftungsausschluss von FILTROX - Experten in der Tiefenfiltration<\/title>\n<meta name=\"description\" content=\"Haftungsausschluss. Dies ist die Website der FILTROX AG. Sie dient der Bereitstellung von Informationen zu unseren Produkten und L\u00f6sungen.\" \/>\n<meta name=\"robots\" content=\"index, follow, max-snippet:-1, max-image-preview:large, max-video-preview:-1\" \/>\n<link rel=\"canonical\" href=\"https:\/\/www.filtrox.com\/ch\/haftungsausschluss\/\" \/>\n<meta property=\"og:locale\" content=\"de_DE\" \/>\n<meta property=\"og:type\" content=\"article\" \/>\n<meta property=\"og:title\" content=\"Haftungsausschluss von FILTROX - Experten in der Tiefenfiltration\" \/>\n<meta property=\"og:description\" content=\"Haftungsausschluss. Dies ist die Website der FILTROX AG. Sie dient der Bereitstellung von Informationen zu unseren Produkten und L\u00f6sungen.\" \/>\n<meta property=\"og:url\" content=\"https:\/\/www.filtrox.com\/ch\/haftungsausschluss\/\" \/>\n<meta property=\"og:site_name\" content=\"Filtrox\" \/>\n<meta property=\"article:publisher\" content=\"https:\/\/www.facebook.com\/Filtrox-AG-2091458717567633\" \/>\n<meta property=\"article:modified_time\" content=\"2025-01-02T15:01:06+00:00\" \/>\n<meta name=\"twitter:card\" content=\"summary_large_image\" \/>\n<meta name=\"twitter:site\" content=\"@FILTROX1\" \/>\n<meta name=\"twitter:label1\" content=\"Gesch\u00e4tzte Lesezeit\" \/>\n\t<meta name=\"twitter:data1\" content=\"2 Minuten\" \/>\n<script type=\"application\/ld+json\" class=\"yoast-schema-graph\">{\"@context\":\"https:\/\/schema.org\",\"@graph\":[{\"@type\":\"WebPage\",\"@id\":\"https:\/\/www.filtrox.com\/ch\/haftungsausschluss\/\",\"url\":\"https:\/\/www.filtrox.com\/ch\/haftungsausschluss\/\",\"name\":\"Haftungsausschluss von FILTROX - Experten in der Tiefenfiltration\",\"isPartOf\":{\"@id\":\"https:\/\/www.filtrox.com\/#website\"},\"datePublished\":\"2016-08-16T09:26:30+00:00\",\"dateModified\":\"2025-01-02T15:01:06+00:00\",\"description\":\"Haftungsausschluss. Dies ist die Website der FILTROX AG. Sie dient der Bereitstellung von Informationen zu unseren Produkten und L\u00f6sungen.\",\"breadcrumb\":{\"@id\":\"https:\/\/www.filtrox.com\/ch\/haftungsausschluss\/#breadcrumb\"},\"inLanguage\":\"de-CH\",\"potentialAction\":[{\"@type\":\"ReadAction\",\"target\":[\"https:\/\/www.filtrox.com\/ch\/haftungsausschluss\/\"]}]},{\"@type\":\"BreadcrumbList\",\"@id\":\"https:\/\/www.filtrox.com\/ch\/haftungsausschluss\/#breadcrumb\",\"itemListElement\":[{\"@type\":\"ListItem\",\"position\":1,\"name\":\"Home\",\"item\":\"https:\/\/www.filtrox.com\/ch\/\"},{\"@type\":\"ListItem\",\"position\":2,\"name\":\"Haftungsausschluss\"}]},{\"@type\":\"WebSite\",\"@id\":\"https:\/\/www.filtrox.com\/#website\",\"url\":\"https:\/\/www.filtrox.com\/\",\"name\":\"Filtrox\",\"description\":\"DEPTH FILTRATION FOR VALUABLE LIQUIDS.\",\"publisher\":{\"@id\":\"https:\/\/www.filtrox.com\/#organization\"},\"potentialAction\":[{\"@type\":\"SearchAction\",\"target\":{\"@type\":\"EntryPoint\",\"urlTemplate\":\"https:\/\/www.filtrox.com\/?s={search_term_string}\"},\"query-input\":{\"@type\":\"PropertyValueSpecification\",\"valueRequired\":true,\"valueName\":\"search_term_string\"}}],\"inLanguage\":\"de-CH\"},{\"@type\":\"Organization\",\"@id\":\"https:\/\/www.filtrox.com\/#organization\",\"name\":\"Filtrox\",\"alternateName\":\"FX\",\"url\":\"https:\/\/www.filtrox.com\/\",\"logo\":{\"@type\":\"ImageObject\",\"inLanguage\":\"de-CH\",\"@id\":\"https:\/\/www.filtrox.com\/#\/schema\/logo\/image\/\",\"url\":\"https:\/\/www.filtrox.com\/wp-content\/uploads\/2015\/02\/FX-Logo_RGB_0-74-153.jpg\",\"contentUrl\":\"https:\/\/www.filtrox.com\/wp-content\/uploads\/2015\/02\/FX-Logo_RGB_0-74-153.jpg\",\"width\":512,\"height\":512,\"caption\":\"Filtrox\"},\"image\":{\"@id\":\"https:\/\/www.filtrox.com\/#\/schema\/logo\/image\/\"},\"sameAs\":[\"https:\/\/www.facebook.com\/Filtrox-AG-2091458717567633\",\"https:\/\/x.com\/FILTROX1\",\"https:\/\/www.instagram.com\/filtroxag\/\",\"https:\/\/www.linkedin.com\/company\/34636121\/\",\"https:\/\/www.youtube.com\/channel\/UCi3A2_4M_c-CcEst9YJ4U9g\/featured?disable_polymer=1\"]}]}<\/script>\n<!-- \/ Yoast SEO plugin. -->","yoast_head_json":{"title":"Haftungsausschluss von FILTROX - Experten in der Tiefenfiltration","description":"Haftungsausschluss. Dies ist die Website der FILTROX AG. Sie dient der Bereitstellung von Informationen zu unseren Produkten und L\u00f6sungen.","robots":{"index":"index","follow":"follow","max-snippet":"max-snippet:-1","max-image-preview":"max-image-preview:large","max-video-preview":"max-video-preview:-1"},"canonical":"https:\/\/www.filtrox.com\/ch\/haftungsausschluss\/","og_locale":"de_DE","og_type":"article","og_title":"Haftungsausschluss von FILTROX - Experten in der Tiefenfiltration","og_description":"Haftungsausschluss. Dies ist die Website der FILTROX AG. Sie dient der Bereitstellung von Informationen zu unseren Produkten und L\u00f6sungen.","og_url":"https:\/\/www.filtrox.com\/ch\/haftungsausschluss\/","og_site_name":"Filtrox","article_publisher":"https:\/\/www.facebook.com\/Filtrox-AG-2091458717567633","article_modified_time":"2025-01-02T15:01:06+00:00","twitter_card":"summary_large_image","twitter_site":"@FILTROX1","twitter_misc":{"Gesch\u00e4tzte Lesezeit":"2 Minuten"},"schema":{"@context":"https:\/\/schema.org","@graph":[{"@type":"WebPage","@id":"https:\/\/www.filtrox.com\/ch\/haftungsausschluss\/","url":"https:\/\/www.filtrox.com\/ch\/haftungsausschluss\/","name":"Haftungsausschluss von FILTROX - Experten in der Tiefenfiltration","isPartOf":{"@id":"https:\/\/www.filtrox.com\/#website"},"datePublished":"2016-08-16T09:26:30+00:00","dateModified":"2025-01-02T15:01:06+00:00","description":"Haftungsausschluss. Dies ist die Website der FILTROX AG. Sie dient der Bereitstellung von Informationen zu unseren Produkten und L\u00f6sungen.","breadcrumb":{"@id":"https:\/\/www.filtrox.com\/ch\/haftungsausschluss\/#breadcrumb"},"inLanguage":"de-CH","potentialAction":[{"@type":"ReadAction","target":["https:\/\/www.filtrox.com\/ch\/haftungsausschluss\/"]}]},{"@type":"BreadcrumbList","@id":"https:\/\/www.filtrox.com\/ch\/haftungsausschluss\/#breadcrumb","itemListElement":[{"@type":"ListItem","position":1,"name":"Home","item":"https:\/\/www.filtrox.com\/ch\/"},{"@type":"ListItem","position":2,"name":"Haftungsausschluss"}]},{"@type":"WebSite","@id":"https:\/\/www.filtrox.com\/#website","url":"https:\/\/www.filtrox.com\/","name":"Filtrox","description":"DEPTH FILTRATION FOR VALUABLE LIQUIDS.","publisher":{"@id":"https:\/\/www.filtrox.com\/#organization"},"potentialAction":[{"@type":"SearchAction","target":{"@type":"EntryPoint","urlTemplate":"https:\/\/www.filtrox.com\/?s={search_term_string}"},"query-input":{"@type":"PropertyValueSpecification","valueRequired":true,"valueName":"search_term_string"}}],"inLanguage":"de-CH"},{"@type":"Organization","@id":"https:\/\/www.filtrox.com\/#organization","name":"Filtrox","alternateName":"FX","url":"https:\/\/www.filtrox.com\/","logo":{"@type":"ImageObject","inLanguage":"de-CH","@id":"https:\/\/www.filtrox.com\/#\/schema\/logo\/image\/","url":"https:\/\/www.filtrox.com\/wp-content\/uploads\/2015\/02\/FX-Logo_RGB_0-74-153.jpg","contentUrl":"https:\/\/www.filtrox.com\/wp-content\/uploads\/2015\/02\/FX-Logo_RGB_0-74-153.jpg","width":512,"height":512,"caption":"Filtrox"},"image":{"@id":"https:\/\/www.filtrox.com\/#\/schema\/logo\/image\/"},"sameAs":["https:\/\/www.facebook.com\/Filtrox-AG-2091458717567633","https:\/\/x.com\/FILTROX1","https:\/\/www.instagram.com\/filtroxag\/","https:\/\/www.linkedin.com\/company\/34636121\/","https:\/\/www.youtube.com\/channel\/UCi3A2_4M_c-CcEst9YJ4U9g\/featured?disable_polymer=1"]}]}},"coauthors":[],"author_meta":{"author_link":"https:\/\/www.filtrox.com\/ch\/blog\/author\/fosca-roman\/","display_name":"Fosca Roman"},"relative_dates":{"created":"Posted 10 Jahren ago","modified":"Updated 1 Jahr ago"},"absolute_dates":{"created":"Posted on August 16, 2016","modified":"Updated on Januar 2, 2025"},"absolute_dates_time":{"created":"Posted on August 16, 2016 9:26 am","modified":"Updated on Januar 2, 2025 4:01 pm"},"featured_img_caption":"","featured_img":false,"series_order":"","publishpress_future_action":{"enabled":false,"date":"2026-05-07 18:13:49","action":"change-status","newStatus":"draft","terms":[],"taxonomy":"translation_priority","extraData":[]},"publishpress_future_workflow_manual_trigger":{"enabledWorkflows":[]},"_links":{"self":[{"href":"https:\/\/www.filtrox.com\/ch\/wp-json\/wp\/v2\/pages\/4909","targetHints":{"allow":["GET"]}}],"collection":[{"href":"https:\/\/www.filtrox.com\/ch\/wp-json\/wp\/v2\/pages"}],"about":[{"href":"https:\/\/www.filtrox.com\/ch\/wp-json\/wp\/v2\/types\/page"}],"author":[{"embeddable":true,"href":"https:\/\/www.filtrox.com\/ch\/wp-json\/wp\/v2\/users\/8"}],"replies":[{"embeddable":true,"href":"https:\/\/www.filtrox.com\/ch\/wp-json\/wp\/v2\/comments?post=4909"}],"version-history":[{"count":1,"href":"https:\/\/www.filtrox.com\/ch\/wp-json\/wp\/v2\/pages\/4909\/revisions"}],"predecessor-version":[{"id":59965,"href":"https:\/\/www.filtrox.com\/ch\/wp-json\/wp\/v2\/pages\/4909\/revisions\/59965"}],"wp:attachment":[{"href":"https:\/\/www.filtrox.com\/ch\/wp-json\/wp\/v2\/media?parent=4909"}],"curies":[{"name":"wp","href":"https:\/\/api.w.org\/{rel}","templated":true}]}}