{"id":4916,"date":"2016-08-16T09:26:31","date_gmt":"2016-08-16T09:26:31","guid":{"rendered":"https:\/\/www.filtrox.com\/ch\/unternehmen\/unternehmensprofil\/"},"modified":"2025-01-02T08:57:25","modified_gmt":"2025-01-02T07:57:25","slug":"filtrox-geschichte","status":"publish","type":"page","link":"https:\/\/www.filtrox.com\/ch\/ueber-filtrox\/filtrox-geschichte\/","title":{"rendered":"Filtrox Geschichte"},"content":{"rendered":"<h1>Die FILTROX Geschichte<\/h1>\n<p>Die FILTROX Geschichte beginnt am 2. September 1938, als Hans Schmid das kleine Unternehmen in St. Gallen gr\u00fcndete. FILTROX hat sich zu einem international breit aufgestellten Unternehmen mit fast 300 Mitarbeitenden weltweit entwickelt. Neben dem Hauptsitz in der Schweiz verf\u00fcgt FILTROX \u00fcber zwei Produktionsstandorte f\u00fcr <a href=\"https:\/\/www.filtrox.com\/ch\/produkte-fuer-die-filtration\/filtermedien\/\">Filtermedien<\/a> in Gro\u00dfbritannien und Mexiko.<\/p>\n<p>Das Wachstum des Unternehmens war keineswegs eine lineare Entwicklung. Auf erfolgreiche Zeiten folgten immer wieder Phasen der Herausforderung. Doch FILTROX hat stets \u00fcberzeugende Antworten auf die wirtschaftlichen Herausforderungen der jeweiligen Zeit gefunden.<\/p>\n<p>Heute wie damals verf\u00fcgt FILTROX \u00fcber hochmotivierte, hervorragend qualifizierte Mitarbeitende und eine F\u00fchrung mit unternehmerischem Gesp\u00fcr. Alle sind bereit, weiterhin ihr Bestes f\u00fcr das Familienunternehmen zu geben. Wir sind spezialisiert auf die Nische der Tiefenfiltration f\u00fcr wertvolle Fl\u00fcssigkeiten im Bereich Lebensmittel und Getr\u00e4nke, Pharma, Biotech, Kosmetik, Extrakte aber auch Frittier\u00f6l in der Gastronomie.<\/p>\n<p>Unser Bestreben ist es, stets die bestm\u00f6gliche Filtrationsl\u00f6sung f\u00fcr unseren Kunden zu finden. Dies setzt oft eine Reihe von Tests voraus, bei denen wir unsere Kunden gerne mit unserer Jahrzehnte langen Expertise unterst\u00fctzen. Ob das Filtermedium allein oder die Kombination mit einem unserer Filterapparate, wir setzen das Bed\u00fcrfnis und die Anforderungen des Kunden in den Mittelpunkt unserer Beratung. Dabei kann es sich um die Entwicklung einer ganz neuen Filtrationsl\u00f6sungen f\u00fcr den Kunden sein, aber auch die Verbesserung eines bestehenden Filtrationsprozesses im gesamten Produktionsablauf.<\/p>\n<p>Der grosse Vorteil der Tiefenfiltration ist seine Skalierbarkeit. Das bedeutet, dass von erfolgreichen Labortests, die Filtrationsl\u00f6sung auf Produktionsgr\u00f6sse hochgerechnet werden kann.<\/p>\n","protected":false},"excerpt":{"rendered":"<p>Die FILTROX Geschichte Die FILTROX Geschichte beginnt am 2. September 1938, als Hans Schmid das kleine Unternehmen in St. Gallen gr\u00fcndete. FILTROX hat sich zu einem international breit aufgestellten Unternehmen mit fast 300 Mitarbeitenden weltweit entwickelt. Neben dem Hauptsitz in der Schweiz verf\u00fcgt FILTROX \u00fcber zwei Produktionsstandorte f\u00fcr Filtermedien in Gro\u00dfbritannien und Mexiko. Das Wachstum &hellip; <a href=\"https:\/\/www.filtrox.com\/ch\/ueber-filtrox\/filtrox-geschichte\/\" class=\"more-link\">Continue reading <span class=\"screen-reader-text\">Filtrox Geschichte<\/span> <span class=\"meta-nav\">&rarr;<\/span><\/a><\/p>\n","protected":false},"author":8,"featured_media":393,"parent":4910,"menu_order":249,"comment_status":"closed","ping_status":"closed","template":"template_comprofl.php","meta":{"_acf_changed":false,"advgb_blocks_editor_width":"","advgb_blocks_columns_visual_guide":"","footnotes":""},"class_list":["post-4916","page","type-page","status-publish","has-post-thumbnail","hentry"],"acf":[],"yoast_head":"<!-- This site is optimized with the Yoast SEO plugin v26.3 - https:\/\/yoast.com\/wordpress\/plugins\/seo\/ -->\n<title>FILTROX Geschichte - Experten f\u00fcr Tiefenfiltration weltweit.<\/title>\n<meta name=\"description\" content=\"Die Geschichte von FILTROX beginnt bereits 1938 und ist heute Experte f\u00fcr die Filtration wertvoller Fl\u00fcssigkeiten.\" \/>\n<meta name=\"robots\" content=\"index, follow, max-snippet:-1, max-image-preview:large, max-video-preview:-1\" \/>\n<link rel=\"canonical\" href=\"https:\/\/www.filtrox.com\/ch\/ueber-filtrox\/filtrox-geschichte\/\" \/>\n<meta property=\"og:locale\" content=\"de_DE\" \/>\n<meta property=\"og:type\" content=\"article\" \/>\n<meta property=\"og:title\" content=\"FILTROX Geschichte - Experten f\u00fcr Tiefenfiltration weltweit.\" \/>\n<meta property=\"og:description\" content=\"Die Geschichte von FILTROX beginnt bereits 1938 und ist heute Experte f\u00fcr die Filtration wertvoller Fl\u00fcssigkeiten.\" \/>\n<meta property=\"og:url\" content=\"https:\/\/www.filtrox.com\/ch\/ueber-filtrox\/filtrox-geschichte\/\" \/>\n<meta property=\"og:site_name\" content=\"Filtrox\" \/>\n<meta property=\"article:publisher\" content=\"https:\/\/www.facebook.com\/Filtrox-AG-2091458717567633\" \/>\n<meta property=\"article:modified_time\" content=\"2025-01-02T07:57:25+00:00\" \/>\n<meta property=\"og:image\" content=\"https:\/\/www.filtrox.com\/wp-content\/uploads\/2015\/02\/Filtrox-ABOUT-US-title_PR.jpg\" \/>\n\t<meta property=\"og:image:width\" content=\"1200\" \/>\n\t<meta property=\"og:image:height\" content=\"322\" \/>\n\t<meta property=\"og:image:type\" content=\"image\/jpeg\" \/>\n<meta name=\"twitter:card\" content=\"summary_large_image\" \/>\n<meta name=\"twitter:site\" content=\"@FILTROX1\" \/>\n<meta name=\"twitter:label1\" content=\"Gesch\u00e4tzte Lesezeit\" \/>\n\t<meta name=\"twitter:data1\" content=\"2 Minuten\" \/>\n<script type=\"application\/ld+json\" class=\"yoast-schema-graph\">{\"@context\":\"https:\/\/schema.org\",\"@graph\":[{\"@type\":\"WebPage\",\"@id\":\"https:\/\/www.filtrox.com\/ch\/ueber-filtrox\/filtrox-geschichte\/\",\"url\":\"https:\/\/www.filtrox.com\/ch\/ueber-filtrox\/filtrox-geschichte\/\",\"name\":\"FILTROX Geschichte - Experten f\u00fcr Tiefenfiltration weltweit.\",\"isPartOf\":{\"@id\":\"https:\/\/www.filtrox.com\/#website\"},\"primaryImageOfPage\":{\"@id\":\"https:\/\/www.filtrox.com\/ch\/ueber-filtrox\/filtrox-geschichte\/#primaryimage\"},\"image\":{\"@id\":\"https:\/\/www.filtrox.com\/ch\/ueber-filtrox\/filtrox-geschichte\/#primaryimage\"},\"thumbnailUrl\":\"https:\/\/www.filtrox.com\/wp-content\/uploads\/2015\/02\/Filtrox-ABOUT-US-title_PR.jpg\",\"datePublished\":\"2016-08-16T09:26:31+00:00\",\"dateModified\":\"2025-01-02T07:57:25+00:00\",\"description\":\"Die Geschichte von FILTROX beginnt bereits 1938 und ist heute Experte f\u00fcr die Filtration wertvoller Fl\u00fcssigkeiten.\",\"breadcrumb\":{\"@id\":\"https:\/\/www.filtrox.com\/ch\/ueber-filtrox\/filtrox-geschichte\/#breadcrumb\"},\"inLanguage\":\"de-CH\",\"potentialAction\":[{\"@type\":\"ReadAction\",\"target\":[\"https:\/\/www.filtrox.com\/ch\/ueber-filtrox\/filtrox-geschichte\/\"]}]},{\"@type\":\"ImageObject\",\"inLanguage\":\"de-CH\",\"@id\":\"https:\/\/www.filtrox.com\/ch\/ueber-filtrox\/filtrox-geschichte\/#primaryimage\",\"url\":\"https:\/\/www.filtrox.com\/wp-content\/uploads\/2015\/02\/Filtrox-ABOUT-US-title_PR.jpg\",\"contentUrl\":\"https:\/\/www.filtrox.com\/wp-content\/uploads\/2015\/02\/Filtrox-ABOUT-US-title_PR.jpg\",\"width\":1200,\"height\":322,\"caption\":\"Sede en St.Gallen, Suiza\"},{\"@type\":\"BreadcrumbList\",\"@id\":\"https:\/\/www.filtrox.com\/ch\/ueber-filtrox\/filtrox-geschichte\/#breadcrumb\",\"itemListElement\":[{\"@type\":\"ListItem\",\"position\":1,\"name\":\"Home\",\"item\":\"https:\/\/www.filtrox.com\/ch\/\"},{\"@type\":\"ListItem\",\"position\":2,\"name\":\"\u00dcber Filtrox\",\"item\":\"https:\/\/www.filtrox.com\/ch\/ueber-filtrox\/\"},{\"@type\":\"ListItem\",\"position\":3,\"name\":\"Filtrox Geschichte\"}]},{\"@type\":\"WebSite\",\"@id\":\"https:\/\/www.filtrox.com\/#website\",\"url\":\"https:\/\/www.filtrox.com\/\",\"name\":\"Filtrox\",\"description\":\"DEPTH FILTRATION FOR VALUABLE LIQUIDS.\",\"publisher\":{\"@id\":\"https:\/\/www.filtrox.com\/#organization\"},\"potentialAction\":[{\"@type\":\"SearchAction\",\"target\":{\"@type\":\"EntryPoint\",\"urlTemplate\":\"https:\/\/www.filtrox.com\/?s={search_term_string}\"},\"query-input\":{\"@type\":\"PropertyValueSpecification\",\"valueRequired\":true,\"valueName\":\"search_term_string\"}}],\"inLanguage\":\"de-CH\"},{\"@type\":\"Organization\",\"@id\":\"https:\/\/www.filtrox.com\/#organization\",\"name\":\"Filtrox\",\"alternateName\":\"FX\",\"url\":\"https:\/\/www.filtrox.com\/\",\"logo\":{\"@type\":\"ImageObject\",\"inLanguage\":\"de-CH\",\"@id\":\"https:\/\/www.filtrox.com\/#\/schema\/logo\/image\/\",\"url\":\"https:\/\/www.filtrox.com\/wp-content\/uploads\/2015\/02\/FX-Logo_RGB_0-74-153.jpg\",\"contentUrl\":\"https:\/\/www.filtrox.com\/wp-content\/uploads\/2015\/02\/FX-Logo_RGB_0-74-153.jpg\",\"width\":512,\"height\":512,\"caption\":\"Filtrox\"},\"image\":{\"@id\":\"https:\/\/www.filtrox.com\/#\/schema\/logo\/image\/\"},\"sameAs\":[\"https:\/\/www.facebook.com\/Filtrox-AG-2091458717567633\",\"https:\/\/x.com\/FILTROX1\",\"https:\/\/www.instagram.com\/filtroxag\/\",\"https:\/\/www.linkedin.com\/company\/34636121\/\",\"https:\/\/www.youtube.com\/channel\/UCi3A2_4M_c-CcEst9YJ4U9g\/featured?disable_polymer=1\"]}]}<\/script>\n<!-- \/ Yoast SEO plugin. -->","yoast_head_json":{"title":"FILTROX Geschichte - Experten f\u00fcr Tiefenfiltration weltweit.","description":"Die Geschichte von FILTROX beginnt bereits 1938 und ist heute Experte f\u00fcr die Filtration wertvoller Fl\u00fcssigkeiten.","robots":{"index":"index","follow":"follow","max-snippet":"max-snippet:-1","max-image-preview":"max-image-preview:large","max-video-preview":"max-video-preview:-1"},"canonical":"https:\/\/www.filtrox.com\/ch\/ueber-filtrox\/filtrox-geschichte\/","og_locale":"de_DE","og_type":"article","og_title":"FILTROX Geschichte - Experten f\u00fcr Tiefenfiltration weltweit.","og_description":"Die Geschichte von FILTROX beginnt bereits 1938 und ist heute Experte f\u00fcr die Filtration wertvoller Fl\u00fcssigkeiten.","og_url":"https:\/\/www.filtrox.com\/ch\/ueber-filtrox\/filtrox-geschichte\/","og_site_name":"Filtrox","article_publisher":"https:\/\/www.facebook.com\/Filtrox-AG-2091458717567633","article_modified_time":"2025-01-02T07:57:25+00:00","og_image":[{"width":1200,"height":322,"url":"https:\/\/www.filtrox.com\/wp-content\/uploads\/2015\/02\/Filtrox-ABOUT-US-title_PR.jpg","type":"image\/jpeg"}],"twitter_card":"summary_large_image","twitter_site":"@FILTROX1","twitter_misc":{"Gesch\u00e4tzte Lesezeit":"2 Minuten"},"schema":{"@context":"https:\/\/schema.org","@graph":[{"@type":"WebPage","@id":"https:\/\/www.filtrox.com\/ch\/ueber-filtrox\/filtrox-geschichte\/","url":"https:\/\/www.filtrox.com\/ch\/ueber-filtrox\/filtrox-geschichte\/","name":"FILTROX Geschichte - Experten f\u00fcr Tiefenfiltration weltweit.","isPartOf":{"@id":"https:\/\/www.filtrox.com\/#website"},"primaryImageOfPage":{"@id":"https:\/\/www.filtrox.com\/ch\/ueber-filtrox\/filtrox-geschichte\/#primaryimage"},"image":{"@id":"https:\/\/www.filtrox.com\/ch\/ueber-filtrox\/filtrox-geschichte\/#primaryimage"},"thumbnailUrl":"https:\/\/www.filtrox.com\/wp-content\/uploads\/2015\/02\/Filtrox-ABOUT-US-title_PR.jpg","datePublished":"2016-08-16T09:26:31+00:00","dateModified":"2025-01-02T07:57:25+00:00","description":"Die Geschichte von FILTROX beginnt bereits 1938 und ist heute Experte f\u00fcr die Filtration wertvoller Fl\u00fcssigkeiten.","breadcrumb":{"@id":"https:\/\/www.filtrox.com\/ch\/ueber-filtrox\/filtrox-geschichte\/#breadcrumb"},"inLanguage":"de-CH","potentialAction":[{"@type":"ReadAction","target":["https:\/\/www.filtrox.com\/ch\/ueber-filtrox\/filtrox-geschichte\/"]}]},{"@type":"ImageObject","inLanguage":"de-CH","@id":"https:\/\/www.filtrox.com\/ch\/ueber-filtrox\/filtrox-geschichte\/#primaryimage","url":"https:\/\/www.filtrox.com\/wp-content\/uploads\/2015\/02\/Filtrox-ABOUT-US-title_PR.jpg","contentUrl":"https:\/\/www.filtrox.com\/wp-content\/uploads\/2015\/02\/Filtrox-ABOUT-US-title_PR.jpg","width":1200,"height":322,"caption":"Sede en St.Gallen, Suiza"},{"@type":"BreadcrumbList","@id":"https:\/\/www.filtrox.com\/ch\/ueber-filtrox\/filtrox-geschichte\/#breadcrumb","itemListElement":[{"@type":"ListItem","position":1,"name":"Home","item":"https:\/\/www.filtrox.com\/ch\/"},{"@type":"ListItem","position":2,"name":"\u00dcber Filtrox","item":"https:\/\/www.filtrox.com\/ch\/ueber-filtrox\/"},{"@type":"ListItem","position":3,"name":"Filtrox Geschichte"}]},{"@type":"WebSite","@id":"https:\/\/www.filtrox.com\/#website","url":"https:\/\/www.filtrox.com\/","name":"Filtrox","description":"DEPTH FILTRATION FOR VALUABLE LIQUIDS.","publisher":{"@id":"https:\/\/www.filtrox.com\/#organization"},"potentialAction":[{"@type":"SearchAction","target":{"@type":"EntryPoint","urlTemplate":"https:\/\/www.filtrox.com\/?s={search_term_string}"},"query-input":{"@type":"PropertyValueSpecification","valueRequired":true,"valueName":"search_term_string"}}],"inLanguage":"de-CH"},{"@type":"Organization","@id":"https:\/\/www.filtrox.com\/#organization","name":"Filtrox","alternateName":"FX","url":"https:\/\/www.filtrox.com\/","logo":{"@type":"ImageObject","inLanguage":"de-CH","@id":"https:\/\/www.filtrox.com\/#\/schema\/logo\/image\/","url":"https:\/\/www.filtrox.com\/wp-content\/uploads\/2015\/02\/FX-Logo_RGB_0-74-153.jpg","contentUrl":"https:\/\/www.filtrox.com\/wp-content\/uploads\/2015\/02\/FX-Logo_RGB_0-74-153.jpg","width":512,"height":512,"caption":"Filtrox"},"image":{"@id":"https:\/\/www.filtrox.com\/#\/schema\/logo\/image\/"},"sameAs":["https:\/\/www.facebook.com\/Filtrox-AG-2091458717567633","https:\/\/x.com\/FILTROX1","https:\/\/www.instagram.com\/filtroxag\/","https:\/\/www.linkedin.com\/company\/34636121\/","https:\/\/www.youtube.com\/channel\/UCi3A2_4M_c-CcEst9YJ4U9g\/featured?disable_polymer=1"]}]}},"coauthors":[],"author_meta":{"author_link":"https:\/\/www.filtrox.com\/ch\/blog\/author\/fosca-roman\/","display_name":"Fosca Roman"},"relative_dates":{"created":"Posted 10 Jahren ago","modified":"Updated 1 Jahr ago"},"absolute_dates":{"created":"Posted on August 16, 2016","modified":"Updated on Januar 2, 2025"},"absolute_dates_time":{"created":"Posted on August 16, 2016 9:26 am","modified":"Updated on Januar 2, 2025 8:57 am"},"featured_img_caption":"Sede en St.Gallen, Suiza","featured_img":"https:\/\/www.filtrox.com\/wp-content\/uploads\/2015\/02\/Filtrox-ABOUT-US-title_PR-604x270.jpg","series_order":"","publishpress_future_action":{"enabled":false,"date":"2026-05-06 17:08:56","action":"change-status","newStatus":"draft","terms":[],"taxonomy":"translation_priority","extraData":[]},"publishpress_future_workflow_manual_trigger":{"enabledWorkflows":[]},"_links":{"self":[{"href":"https:\/\/www.filtrox.com\/ch\/wp-json\/wp\/v2\/pages\/4916","targetHints":{"allow":["GET"]}}],"collection":[{"href":"https:\/\/www.filtrox.com\/ch\/wp-json\/wp\/v2\/pages"}],"about":[{"href":"https:\/\/www.filtrox.com\/ch\/wp-json\/wp\/v2\/types\/page"}],"author":[{"embeddable":true,"href":"https:\/\/www.filtrox.com\/ch\/wp-json\/wp\/v2\/users\/8"}],"replies":[{"embeddable":true,"href":"https:\/\/www.filtrox.com\/ch\/wp-json\/wp\/v2\/comments?post=4916"}],"version-history":[{"count":13,"href":"https:\/\/www.filtrox.com\/ch\/wp-json\/wp\/v2\/pages\/4916\/revisions"}],"predecessor-version":[{"id":59864,"href":"https:\/\/www.filtrox.com\/ch\/wp-json\/wp\/v2\/pages\/4916\/revisions\/59864"}],"up":[{"embeddable":true,"href":"https:\/\/www.filtrox.com\/ch\/wp-json\/wp\/v2\/pages\/4910"}],"wp:featuredmedia":[{"embeddable":true,"href":"https:\/\/www.filtrox.com\/ch\/wp-json\/wp\/v2\/media\/393"}],"wp:attachment":[{"href":"https:\/\/www.filtrox.com\/ch\/wp-json\/wp\/v2\/media?parent=4916"}],"curies":[{"name":"wp","href":"https:\/\/api.w.org\/{rel}","templated":true}]}}