{"id":4917,"date":"2015-02-17T06:42:46","date_gmt":"2015-02-17T06:42:46","guid":{"rendered":"https:\/\/www.filtrox.com\/ch\/unternehmen\/unternehmen\/"},"modified":"2026-03-04T09:16:25","modified_gmt":"2026-03-04T08:16:25","slug":"organisation","status":"publish","type":"page","link":"https:\/\/www.filtrox.com\/ch\/ueber-filtrox\/organisation\/","title":{"rendered":"Organisation"},"content":{"rendered":"<h1>Organization<\/h1>\n<p>FILTROX Group Management ist ein familiengef\u00fchrtes und unabh\u00e4ngiges Unternehmen. Unsere vergleichsweise kleine Gr\u00f6\u00dfe und schlanke Organisation erm\u00f6glicht es uns, individuell auf die Bed\u00fcrfnisse unserer Kunden einzugehen. Der Aufbau pers\u00f6nlicher Beziehungen zu ihnen hilft uns, ihre Filtrationsaufgaben zu verstehen. Dar\u00fcber hinaus k\u00f6nnen wir Mehrwertsysteme zur Verbesserung ihrer Prozesse und Produkte bereitstellen.<\/p>\n<p>Die Mission von FILTROX ist klar: Wir wollen der weltweit f\u00fchrende Anbieter von Tiefenfiltrationssystemen f\u00fcr hochsensible Fl\u00fcssigkeiten sein. Diese ausgesprochen spezialisierte Nische im Filtrationsmarkt ist seit der Gr\u00fcndung im Jahr 1938 der Fokus von FILTROX.<\/p>\n<p>Das FILTROX Group Management hat eine Holdingstruktur. F\u00fcr die strategische Ausrichtung ist der Vorstand der Holding der FILTROX-Gruppe verantwortlich. Er ernennt die Mitglieder des Group Leadership Teams. Das Group Leadership Team (GLT) besteht derzeit aus f\u00fcnf Mitgliedern. Der Vorstand der Gruppe aus f\u00fcnf Mitgliedern ebenso.<\/p>\n\n\n<div class=\"wp-block-advgb-columns advgb-columns-wrapper\" id=\"advgb-cols-1b37e4e3-d572-4386-94aa-a34758242511\"><div class=\"advgb-columns-container\"><div class=\"advgb-columns advgb-columns-row advgb-is-mobile advgb-columns-3 layout-13-13-13 mbl-layout-stacked vgutter-10\">\n<div class=\"wp-block-advgb-column advgb-column advgb-is-one-third-tablet advgb-is-full-mobile\" id=\"advgb-col-ef8f6e39-3154-4b05-beab-356ec5c462bb\"><div class=\"advgb-column-inner\" style=\"border-style:none;border-width:1px\">\n<h4><strong><span style=\"font-size: 14pt;\">FILTROX NIEDERLASSUNGEN<\/span><\/strong><\/h4>\n\n\n\n<div style=\"height:50px\" aria-hidden=\"true\" class=\"wp-block-spacer\"><\/div>\n<\/div><\/div>\n\n\n\n<div class=\"wp-block-advgb-column advgb-column advgb-is-one-third-tablet advgb-is-full-mobile\" id=\"advgb-col-28b77eea-ff6d-45ed-80c1-63da728b7b7d\"><div class=\"advgb-column-inner\" style=\"border-style:none;border-width:1px\">\n<p>FILTROX AG<br>Moosm\u00fchlestr. 6<br>CH-9001 St.Gallen \/ Schweiz<br>Telefon: +41 71 272 91 11<br><a href=\"mailto:sales(at)filtrox.ch\">sales@filtrox.ch<\/a><\/p>\n<p>FILTROX France s.a.r.l.<br>1 Rue du Claire Matin<br>F 21200 Beaune \/ Frankreich<br>Telefon: +33 380 222 915<br>Fax: +33 380 241 856<br><a href=\"mailto:contact(at)filtroxfrance.com\">contact<\/a><a href=\"mailto:sales(at)filtrox.ch\">@<\/a><a href=\"mailto:contact(at)filtroxfrance.com\">filtroxfrance.com<\/a><\/p>\n<p>FILTROX North America, Inc<br>5506 6<sup>th<\/sup>&nbsp;Ave S. Suite 107<br>Seattle, WA 98108 \/ USA<br>Telefon: Toll free 800 473 4526<br>Phone: +1 425 820 4850<br>Fax: +1 425 820 2816<br><a href=\"mailto:info(at)filtercorp.com\">info<\/a><a href=\"mailto:sales(at)filtrox.ch\">@<\/a><a href=\"mailto:info(at)filtroxnorthamerica.com\">filtroxnorthamerica.com<\/a><\/p>\n<p>FILTROX Latinoamerica S.A. de C.V.<br>Prolongaci\u00f3n Recursos Hidr\u00e1ulicos 22, Lote A<br>La Loma, Tlalnepantla de Baz, CP 54060<br>Estado de M\u00e9xcio \/ Mexiko<br>Telefon: +52 55 2628 1691<br><a href=\"mailto:info(at)filtrox.com.mx\">info@filtrox.com.mx<\/a><\/p>\n<\/div><\/div>\n\n\n\n<div class=\"wp-block-advgb-column advgb-column advgb-is-one-third-tablet advgb-is-full-mobile\" id=\"advgb-col-cb1cd1b3-2e93-4a5b-b8bb-3dcf885f2ae9\"><div class=\"advgb-column-inner\" style=\"border-style:none;border-width:1px\">\n<p>FILTROX (Shanghai) Filtration Systems Co., Ltd<br \/>Room 406, Qinghewan Road #980<br \/>Qingpu district<br \/>Shanghai 201717 \/ P.R. China<br \/>Telefon: +86 021 5922 7601<br \/><a href=\"mailto:sales_apac(at)filtrox.com\">sales_apac@filtrox.com<\/a><\/p>\n<p>FILTROX Carlson Ltd UK &amp; Northern Europe<br \/>Butts Mill<br \/>Barnoldswick<br \/>Lancashire<br \/>BB18 5HP \/ United Kingdom<br \/>Telefon: +44 1282 811000<br \/>Fax: +44 1282 811001<br \/><a href=\"mailto:filtrox.UK(at)filtrox.com\">filtrox.UK@filtrox.com<\/a><\/p>\n<p>FILTROX\u00a0Southern Europe<br \/>Calle Can Vinyalets, 15<br \/>08130 Santa Perp\u00e8tua de Mogoda\/ Spanien<br \/>Telefon: +34 934 626 700<br \/><a href=\"mailto:filtrox@filtrox.es\" target=\"_blank\" rel=\"noopener noreferrer\">filtrox@filtrox.es<\/a><\/p>\n<p>FILTROX Asia-Pacific Pte Ltd<br \/>25 International Business Park<br \/>#02-14 German Center<br \/>Singapur 609916 \/ Singapore<br \/>Telefon: +65 9880 1651<br \/><a href=\"mailto:sales_apac@filtrox.com\">sales_apac@filtrox.com<\/a><\/p>\n<\/div><\/div>\n<\/div><\/div><\/div>\n<style class=\"advgb-styles-renderer\">#advgb-cols-1b37e4e3-d572-4386-94aa-a34758242511{}@media screen and (max-width: 1023px) {#advgb-cols-1b37e4e3-d572-4386-94aa-a34758242511{}}@media screen and (max-width: 767px) {#advgb-cols-1b37e4e3-d572-4386-94aa-a34758242511{}}#advgb-col-ef8f6e39-3154-4b05-beab-356ec5c462bb>.advgb-column-inner{}@media screen and (max-width: 1023px) {#advgb-col-ef8f6e39-3154-4b05-beab-356ec5c462bb>.advgb-column-inner{}}@media screen and (max-width: 767px) {#advgb-col-ef8f6e39-3154-4b05-beab-356ec5c462bb>.advgb-column-inner{}}#advgb-col-28b77eea-ff6d-45ed-80c1-63da728b7b7d>.advgb-column-inner{}@media screen and (max-width: 1023px) {#advgb-col-28b77eea-ff6d-45ed-80c1-63da728b7b7d>.advgb-column-inner{}}@media screen and (max-width: 767px) {#advgb-col-28b77eea-ff6d-45ed-80c1-63da728b7b7d>.advgb-column-inner{}}#advgb-col-cb1cd1b3-2e93-4a5b-b8bb-3dcf885f2ae9>.advgb-column-inner{}@media screen and (max-width: 1023px) {#advgb-col-cb1cd1b3-2e93-4a5b-b8bb-3dcf885f2ae9>.advgb-column-inner{}}@media screen and (max-width: 767px) {#advgb-col-cb1cd1b3-2e93-4a5b-b8bb-3dcf885f2ae9>.advgb-column-inner{}}<\/style>","protected":false},"excerpt":{"rendered":"<p>Organization FILTROX Group Management ist ein familiengef\u00fchrtes und unabh\u00e4ngiges Unternehmen. Unsere vergleichsweise kleine Gr\u00f6\u00dfe und schlanke Organisation erm\u00f6glicht es uns, individuell auf die Bed\u00fcrfnisse unserer Kunden einzugehen. Der Aufbau pers\u00f6nlicher Beziehungen zu ihnen hilft uns, ihre Filtrationsaufgaben zu verstehen. Dar\u00fcber hinaus k\u00f6nnen wir Mehrwertsysteme zur Verbesserung ihrer Prozesse und Produkte bereitstellen. Die Mission von FILTROX &hellip; <a href=\"https:\/\/www.filtrox.com\/ch\/ueber-filtrox\/organisation\/\" class=\"more-link\">Continue reading <span class=\"screen-reader-text\">Organisation<\/span> <span class=\"meta-nav\">&rarr;<\/span><\/a><\/p>\n","protected":false},"author":8,"featured_media":393,"parent":4910,"menu_order":244,"comment_status":"closed","ping_status":"closed","template":"template_organizandourprocess.php","meta":{"_acf_changed":false,"advgb_blocks_editor_width":"","advgb_blocks_columns_visual_guide":"","footnotes":""},"class_list":["post-4917","page","type-page","status-publish","has-post-thumbnail","hentry"],"acf":[],"yoast_head":"<!-- This site is optimized with the Yoast SEO plugin v26.3 - https:\/\/yoast.com\/wordpress\/plugins\/seo\/ -->\n<title>FILTROX Group Management und Organisation - die Filtrox Gruppe<\/title>\n<meta name=\"description\" content=\"Das FILTROX Group Management. Der Hauptsitz liegt in St.Gallen, Schweiz. Niederlassungen finden Sie auf der ganzen Welt.\" \/>\n<meta name=\"robots\" content=\"index, follow, max-snippet:-1, max-image-preview:large, max-video-preview:-1\" \/>\n<link rel=\"canonical\" href=\"https:\/\/www.filtrox.com\/ch\/ueber-filtrox\/organisation\/\" \/>\n<meta property=\"og:locale\" content=\"de_DE\" \/>\n<meta property=\"og:type\" content=\"article\" \/>\n<meta property=\"og:title\" content=\"FILTROX Group Management und Organisation - die Filtrox Gruppe\" \/>\n<meta property=\"og:description\" content=\"Das FILTROX Group Management. Der Hauptsitz liegt in St.Gallen, Schweiz. Niederlassungen finden Sie auf der ganzen Welt.\" \/>\n<meta property=\"og:url\" content=\"https:\/\/www.filtrox.com\/ch\/ueber-filtrox\/organisation\/\" \/>\n<meta property=\"og:site_name\" content=\"Filtrox\" \/>\n<meta property=\"article:publisher\" content=\"https:\/\/www.facebook.com\/Filtrox-AG-2091458717567633\" \/>\n<meta property=\"article:modified_time\" content=\"2026-03-04T08:16:25+00:00\" \/>\n<meta property=\"og:image\" content=\"https:\/\/www.filtrox.com\/wp-content\/uploads\/2015\/02\/Filtrox-ABOUT-US-title_PR.jpg\" \/>\n\t<meta property=\"og:image:width\" content=\"1200\" \/>\n\t<meta property=\"og:image:height\" content=\"322\" \/>\n\t<meta property=\"og:image:type\" content=\"image\/jpeg\" \/>\n<meta name=\"twitter:card\" content=\"summary_large_image\" \/>\n<meta name=\"twitter:site\" content=\"@FILTROX1\" \/>\n<meta name=\"twitter:label1\" content=\"Gesch\u00e4tzte Lesezeit\" \/>\n\t<meta name=\"twitter:data1\" content=\"2 Minuten\" \/>\n<script type=\"application\/ld+json\" class=\"yoast-schema-graph\">{\"@context\":\"https:\/\/schema.org\",\"@graph\":[{\"@type\":\"WebPage\",\"@id\":\"https:\/\/www.filtrox.com\/ch\/ueber-filtrox\/organisation\/\",\"url\":\"https:\/\/www.filtrox.com\/ch\/ueber-filtrox\/organisation\/\",\"name\":\"FILTROX Group Management und Organisation - die Filtrox Gruppe\",\"isPartOf\":{\"@id\":\"https:\/\/www.filtrox.com\/#website\"},\"primaryImageOfPage\":{\"@id\":\"https:\/\/www.filtrox.com\/ch\/ueber-filtrox\/organisation\/#primaryimage\"},\"image\":{\"@id\":\"https:\/\/www.filtrox.com\/ch\/ueber-filtrox\/organisation\/#primaryimage\"},\"thumbnailUrl\":\"https:\/\/www.filtrox.com\/wp-content\/uploads\/2015\/02\/Filtrox-ABOUT-US-title_PR.jpg\",\"datePublished\":\"2015-02-17T06:42:46+00:00\",\"dateModified\":\"2026-03-04T08:16:25+00:00\",\"description\":\"Das FILTROX Group Management. Der Hauptsitz liegt in St.Gallen, Schweiz. Niederlassungen finden Sie auf der ganzen Welt.\",\"breadcrumb\":{\"@id\":\"https:\/\/www.filtrox.com\/ch\/ueber-filtrox\/organisation\/#breadcrumb\"},\"inLanguage\":\"de-CH\",\"potentialAction\":[{\"@type\":\"ReadAction\",\"target\":[\"https:\/\/www.filtrox.com\/ch\/ueber-filtrox\/organisation\/\"]}]},{\"@type\":\"ImageObject\",\"inLanguage\":\"de-CH\",\"@id\":\"https:\/\/www.filtrox.com\/ch\/ueber-filtrox\/organisation\/#primaryimage\",\"url\":\"https:\/\/www.filtrox.com\/wp-content\/uploads\/2015\/02\/Filtrox-ABOUT-US-title_PR.jpg\",\"contentUrl\":\"https:\/\/www.filtrox.com\/wp-content\/uploads\/2015\/02\/Filtrox-ABOUT-US-title_PR.jpg\",\"width\":1200,\"height\":322,\"caption\":\"Sede en St.Gallen, Suiza\"},{\"@type\":\"BreadcrumbList\",\"@id\":\"https:\/\/www.filtrox.com\/ch\/ueber-filtrox\/organisation\/#breadcrumb\",\"itemListElement\":[{\"@type\":\"ListItem\",\"position\":1,\"name\":\"Home\",\"item\":\"https:\/\/www.filtrox.com\/ch\/\"},{\"@type\":\"ListItem\",\"position\":2,\"name\":\"\u00dcber Filtrox\",\"item\":\"https:\/\/www.filtrox.com\/ch\/ueber-filtrox\/\"},{\"@type\":\"ListItem\",\"position\":3,\"name\":\"Organisation\"}]},{\"@type\":\"WebSite\",\"@id\":\"https:\/\/www.filtrox.com\/#website\",\"url\":\"https:\/\/www.filtrox.com\/\",\"name\":\"Filtrox\",\"description\":\"DEPTH FILTRATION FOR VALUABLE LIQUIDS.\",\"publisher\":{\"@id\":\"https:\/\/www.filtrox.com\/#organization\"},\"potentialAction\":[{\"@type\":\"SearchAction\",\"target\":{\"@type\":\"EntryPoint\",\"urlTemplate\":\"https:\/\/www.filtrox.com\/?s={search_term_string}\"},\"query-input\":{\"@type\":\"PropertyValueSpecification\",\"valueRequired\":true,\"valueName\":\"search_term_string\"}}],\"inLanguage\":\"de-CH\"},{\"@type\":\"Organization\",\"@id\":\"https:\/\/www.filtrox.com\/#organization\",\"name\":\"Filtrox\",\"alternateName\":\"FX\",\"url\":\"https:\/\/www.filtrox.com\/\",\"logo\":{\"@type\":\"ImageObject\",\"inLanguage\":\"de-CH\",\"@id\":\"https:\/\/www.filtrox.com\/#\/schema\/logo\/image\/\",\"url\":\"https:\/\/www.filtrox.com\/wp-content\/uploads\/2015\/02\/FX-Logo_RGB_0-74-153.jpg\",\"contentUrl\":\"https:\/\/www.filtrox.com\/wp-content\/uploads\/2015\/02\/FX-Logo_RGB_0-74-153.jpg\",\"width\":512,\"height\":512,\"caption\":\"Filtrox\"},\"image\":{\"@id\":\"https:\/\/www.filtrox.com\/#\/schema\/logo\/image\/\"},\"sameAs\":[\"https:\/\/www.facebook.com\/Filtrox-AG-2091458717567633\",\"https:\/\/x.com\/FILTROX1\",\"https:\/\/www.instagram.com\/filtroxag\/\",\"https:\/\/www.linkedin.com\/company\/34636121\/\",\"https:\/\/www.youtube.com\/channel\/UCi3A2_4M_c-CcEst9YJ4U9g\/featured?disable_polymer=1\"]}]}<\/script>\n<!-- \/ Yoast SEO plugin. -->","yoast_head_json":{"title":"FILTROX Group Management und Organisation - die Filtrox Gruppe","description":"Das FILTROX Group Management. Der Hauptsitz liegt in St.Gallen, Schweiz. Niederlassungen finden Sie auf der ganzen Welt.","robots":{"index":"index","follow":"follow","max-snippet":"max-snippet:-1","max-image-preview":"max-image-preview:large","max-video-preview":"max-video-preview:-1"},"canonical":"https:\/\/www.filtrox.com\/ch\/ueber-filtrox\/organisation\/","og_locale":"de_DE","og_type":"article","og_title":"FILTROX Group Management und Organisation - die Filtrox Gruppe","og_description":"Das FILTROX Group Management. Der Hauptsitz liegt in St.Gallen, Schweiz. Niederlassungen finden Sie auf der ganzen Welt.","og_url":"https:\/\/www.filtrox.com\/ch\/ueber-filtrox\/organisation\/","og_site_name":"Filtrox","article_publisher":"https:\/\/www.facebook.com\/Filtrox-AG-2091458717567633","article_modified_time":"2026-03-04T08:16:25+00:00","og_image":[{"width":1200,"height":322,"url":"https:\/\/www.filtrox.com\/wp-content\/uploads\/2015\/02\/Filtrox-ABOUT-US-title_PR.jpg","type":"image\/jpeg"}],"twitter_card":"summary_large_image","twitter_site":"@FILTROX1","twitter_misc":{"Gesch\u00e4tzte Lesezeit":"2 Minuten"},"schema":{"@context":"https:\/\/schema.org","@graph":[{"@type":"WebPage","@id":"https:\/\/www.filtrox.com\/ch\/ueber-filtrox\/organisation\/","url":"https:\/\/www.filtrox.com\/ch\/ueber-filtrox\/organisation\/","name":"FILTROX Group Management und Organisation - die Filtrox Gruppe","isPartOf":{"@id":"https:\/\/www.filtrox.com\/#website"},"primaryImageOfPage":{"@id":"https:\/\/www.filtrox.com\/ch\/ueber-filtrox\/organisation\/#primaryimage"},"image":{"@id":"https:\/\/www.filtrox.com\/ch\/ueber-filtrox\/organisation\/#primaryimage"},"thumbnailUrl":"https:\/\/www.filtrox.com\/wp-content\/uploads\/2015\/02\/Filtrox-ABOUT-US-title_PR.jpg","datePublished":"2015-02-17T06:42:46+00:00","dateModified":"2026-03-04T08:16:25+00:00","description":"Das FILTROX Group Management. Der Hauptsitz liegt in St.Gallen, Schweiz. Niederlassungen finden Sie auf der ganzen Welt.","breadcrumb":{"@id":"https:\/\/www.filtrox.com\/ch\/ueber-filtrox\/organisation\/#breadcrumb"},"inLanguage":"de-CH","potentialAction":[{"@type":"ReadAction","target":["https:\/\/www.filtrox.com\/ch\/ueber-filtrox\/organisation\/"]}]},{"@type":"ImageObject","inLanguage":"de-CH","@id":"https:\/\/www.filtrox.com\/ch\/ueber-filtrox\/organisation\/#primaryimage","url":"https:\/\/www.filtrox.com\/wp-content\/uploads\/2015\/02\/Filtrox-ABOUT-US-title_PR.jpg","contentUrl":"https:\/\/www.filtrox.com\/wp-content\/uploads\/2015\/02\/Filtrox-ABOUT-US-title_PR.jpg","width":1200,"height":322,"caption":"Sede en St.Gallen, Suiza"},{"@type":"BreadcrumbList","@id":"https:\/\/www.filtrox.com\/ch\/ueber-filtrox\/organisation\/#breadcrumb","itemListElement":[{"@type":"ListItem","position":1,"name":"Home","item":"https:\/\/www.filtrox.com\/ch\/"},{"@type":"ListItem","position":2,"name":"\u00dcber Filtrox","item":"https:\/\/www.filtrox.com\/ch\/ueber-filtrox\/"},{"@type":"ListItem","position":3,"name":"Organisation"}]},{"@type":"WebSite","@id":"https:\/\/www.filtrox.com\/#website","url":"https:\/\/www.filtrox.com\/","name":"Filtrox","description":"DEPTH FILTRATION FOR VALUABLE LIQUIDS.","publisher":{"@id":"https:\/\/www.filtrox.com\/#organization"},"potentialAction":[{"@type":"SearchAction","target":{"@type":"EntryPoint","urlTemplate":"https:\/\/www.filtrox.com\/?s={search_term_string}"},"query-input":{"@type":"PropertyValueSpecification","valueRequired":true,"valueName":"search_term_string"}}],"inLanguage":"de-CH"},{"@type":"Organization","@id":"https:\/\/www.filtrox.com\/#organization","name":"Filtrox","alternateName":"FX","url":"https:\/\/www.filtrox.com\/","logo":{"@type":"ImageObject","inLanguage":"de-CH","@id":"https:\/\/www.filtrox.com\/#\/schema\/logo\/image\/","url":"https:\/\/www.filtrox.com\/wp-content\/uploads\/2015\/02\/FX-Logo_RGB_0-74-153.jpg","contentUrl":"https:\/\/www.filtrox.com\/wp-content\/uploads\/2015\/02\/FX-Logo_RGB_0-74-153.jpg","width":512,"height":512,"caption":"Filtrox"},"image":{"@id":"https:\/\/www.filtrox.com\/#\/schema\/logo\/image\/"},"sameAs":["https:\/\/www.facebook.com\/Filtrox-AG-2091458717567633","https:\/\/x.com\/FILTROX1","https:\/\/www.instagram.com\/filtroxag\/","https:\/\/www.linkedin.com\/company\/34636121\/","https:\/\/www.youtube.com\/channel\/UCi3A2_4M_c-CcEst9YJ4U9g\/featured?disable_polymer=1"]}]}},"coauthors":[],"author_meta":{"author_link":"https:\/\/www.filtrox.com\/ch\/blog\/author\/fosca-roman\/","display_name":"Fosca Roman"},"relative_dates":{"created":"Posted 11 Jahren ago","modified":"Updated 2 Monaten ago"},"absolute_dates":{"created":"Posted on Februar 17, 2015","modified":"Updated on M\u00e4rz 4, 2026"},"absolute_dates_time":{"created":"Posted on Februar 17, 2015 6:42 am","modified":"Updated on M\u00e4rz 4, 2026 9:16 am"},"featured_img_caption":"Sede en St.Gallen, Suiza","featured_img":"https:\/\/www.filtrox.com\/wp-content\/uploads\/2015\/02\/Filtrox-ABOUT-US-title_PR-604x270.jpg","series_order":"","publishpress_future_action":{"enabled":false,"date":"2026-05-07 17:05:27","action":"change-status","newStatus":"draft","terms":[],"taxonomy":"translation_priority","extraData":[]},"publishpress_future_workflow_manual_trigger":{"enabledWorkflows":[]},"_links":{"self":[{"href":"https:\/\/www.filtrox.com\/ch\/wp-json\/wp\/v2\/pages\/4917","targetHints":{"allow":["GET"]}}],"collection":[{"href":"https:\/\/www.filtrox.com\/ch\/wp-json\/wp\/v2\/pages"}],"about":[{"href":"https:\/\/www.filtrox.com\/ch\/wp-json\/wp\/v2\/types\/page"}],"author":[{"embeddable":true,"href":"https:\/\/www.filtrox.com\/ch\/wp-json\/wp\/v2\/users\/8"}],"replies":[{"embeddable":true,"href":"https:\/\/www.filtrox.com\/ch\/wp-json\/wp\/v2\/comments?post=4917"}],"version-history":[{"count":34,"href":"https:\/\/www.filtrox.com\/ch\/wp-json\/wp\/v2\/pages\/4917\/revisions"}],"predecessor-version":[{"id":62593,"href":"https:\/\/www.filtrox.com\/ch\/wp-json\/wp\/v2\/pages\/4917\/revisions\/62593"}],"up":[{"embeddable":true,"href":"https:\/\/www.filtrox.com\/ch\/wp-json\/wp\/v2\/pages\/4910"}],"wp:featuredmedia":[{"embeddable":true,"href":"https:\/\/www.filtrox.com\/ch\/wp-json\/wp\/v2\/media\/393"}],"wp:attachment":[{"href":"https:\/\/www.filtrox.com\/ch\/wp-json\/wp\/v2\/media?parent=4917"}],"curies":[{"name":"wp","href":"https:\/\/api.w.org\/{rel}","templated":true}]}}