{"id":4925,"date":"2015-02-17T06:47:34","date_gmt":"2015-02-17T05:47:34","guid":{"rendered":"https:\/\/www.filtrox.com\/ch\/anwendungen\/lebensmittel-getraenke\/"},"modified":"2026-03-31T12:45:27","modified_gmt":"2026-03-31T11:45:27","slug":"lebensmittel-und-getranke","status":"publish","type":"page","link":"https:\/\/www.filtrox.com\/ch\/anwendungen\/lebensmittel-und-getranke\/","title":{"rendered":"Lebensmittel &amp; Getr\u00e4nke"},"content":{"rendered":"<div class=\"wpb-content-wrapper\"><p>[vc_row][vc_column][vc_column_text css=&#8221;&#8221;]<\/p>\n<h2>LEBENSMITTEL GETR\u00c4NKE FILTRATION<\/h2>\n<p>Urspr\u00fcnglich wurden viele unserer Tiefenfiltrationsverfahren f\u00fcr Anwendungen in der Herstellung von Getr\u00e4nken entwickelt. Die Filtrationsschritte dienen zum Beispiel der Kl\u00e4rung, Reduktion von Bakterien, Sterilisation und Stabilisierung der Fl\u00fcssigkeiten. Auch heute noch ist FILTROX bevorzugter Lieferant von Filtrationssystemen f\u00fcr unterschiedliche Lebensmittel- und Getr\u00e4nke-Hersteller von Wein, Bier, Spirituosen, Apfelwein, Tee, Fruchtsaft, Soft-Getr\u00e4nke. Nachfolgend die spezifischen Anwendungen in der Lebensmittel Getr\u00e4nke Filtration.<\/p>\n<h2><a href=\"https:\/\/www.filtrox.com\/ch\/anwendungen\/lebensmittel-und-getranke\/wein\/\">WEINFILTER<\/a><\/h2>\n<p>Unsere Filterschichten, die auch als Filterplatten bezeichnet werden, werden mit unterschiedlichen R\u00fcckhalteraten f\u00fcr die Weinfiltration eingesetzt. Das Angebot reicht von der Grobfiltration \u00fcber die Kl\u00e4rfiltration bis hin zur Sterilfiltration.<br class=\"clearall\" \/><br \/>\nZu den besonderen Entwicklungen geh\u00f6rt eine Tiefenfilterschicht zur Entfernung von TCA, TBA und TeCA aus Wein.<br class=\"clearall\" \/><br \/>\nHochwertige Schichtenfilter f\u00fcr die Filtration von Wein finden Sie bei uns in unterschiedlichen Ausf\u00fchrungen (z. B. NOVOX\u00ae-ST). F\u00fcr Kellereien, die geschlossene Filtersysteme bevorzugen, empfehlen wir Modul-Geh\u00e4use (DISCSTAR\u2122) f\u00fcr die Filtration mit Tiefenfilter-Modulen.<\/p>\n<p>Filterkerzen f\u00fcr die Filtration von Wein finden Sie \u00fcbrigens auch in unserem Sortiment.<\/p>\n<h2>BIERFILTER und Hard Seltzer Getr\u00e4nke<\/h2>\n<p>FILTROX ist in den Brauereien weltweit f\u00fcr die Bierfiltration bestens etabliert. Von stabilen, abwaschbaren St\u00fctzschichten (DUROFIL) \u00fcber Filterpressen bis hin zu voll geschlossenen Filter-Modulsystemen (DISCSTAR\u2122) und einem vollst\u00e4ndigen Sortiment an Filterkerzen (CLAROX\u00ae) bieten wir die komplette Palette von Filtermedien und medientragenden Apparaten f\u00fcr die Bierfiltration an.<br class=\"clearall\" \/><br \/>\n<br class=\"clearall\" \/><br \/>\nSind Sie dabei Ihre Produktion zu erweitern oder ziehen Sie Filtrationsprozesse in Betracht? Unsere Experten unterst\u00fctzen Sie gerne. Sie arbeiten t\u00e4glich mit kleinen handwerklichen Betrieben als auch mit grossen globalen Brauereien zusammen.<\/p>\n<h2>DESTILLIERTE PRODUKTE<\/h2>\n<p>Spirituosen wie zum Beispiel Whisky, Wodka oder Fruchtbr\u00e4nde und andere alkoholische L\u00f6sungen sind hoch komplexe Fl\u00fcssigkeiten, die sich aufgrund der eingesetzten Rohstoffe, der Fermentationsprozesse, der Destillationsmethoden, der Misch- und Reifeverfahren stark unterscheiden.<br class=\"clearall\" \/><br \/>\n<br class=\"clearall\" \/><br \/>\nIn der Produktion von Destillationsprodukten sind s\u00e4mtliche Arbeitsschritte mit gr\u00f6sster Sorgfalt auszuf\u00fchren. Dementsprechend wird die Produktion hier auch eher als Kunst denn als Wissenschaft verstanden und die Verfahren werden streng geheim gehalten. FILTROX ist stolz darauf, zahlreiche der f\u00fchrenden Produzenten der wertvollsten Spirituosen zu beliefern und zwar vor allem \u00fcber die eigene Fachmarke Carlson.<br class=\"clearall\" \/><br \/>\n<br class=\"clearall\" \/><br \/>\nDamit das Endprodukt m\u00f6glichst klar und stabil wird, werden Spirituosen\/alkoholische L\u00f6sungen h\u00e4ufig auf Temperaturen im Minus-Bereich heruntergek\u00fchlt. Je nach Produkt werden dann Sch\u00f6nungs- oder Verarbeitungszus\u00e4tze zugegeben. In dieser Phase kann auch Aktivkohle zugegeben werden.<\/p>\n<p>[\/vc_column_text][\/vc_column][\/vc_row]<\/p>\n<\/div>","protected":false},"excerpt":{"rendered":"<p>[vc_row][vc_column][vc_column_text css=&#8221;&#8221;] LEBENSMITTEL GETR\u00c4NKE FILTRATION Urspr\u00fcnglich wurden viele unserer Tiefenfiltrationsverfahren f\u00fcr Anwendungen in der Herstellung von Getr\u00e4nken entwickelt. Die Filtrationsschritte dienen zum Beispiel der Kl\u00e4rung, Reduktion von Bakterien, Sterilisation und Stabilisierung der Fl\u00fcssigkeiten. Auch heute noch ist FILTROX bevorzugter Lieferant von Filtrationssystemen f\u00fcr unterschiedliche Lebensmittel- und Getr\u00e4nke-Hersteller von Wein, Bier, Spirituosen, Apfelwein, Tee, Fruchtsaft, Soft-Getr\u00e4nke. &hellip; <a href=\"https:\/\/www.filtrox.com\/ch\/anwendungen\/lebensmittel-und-getranke\/\" class=\"more-link\">Continue reading <span class=\"screen-reader-text\">Lebensmittel &amp; Getr\u00e4nke<\/span> <span class=\"meta-nav\">&rarr;<\/span><\/a><\/p>\n","protected":false},"author":8,"featured_media":0,"parent":4912,"menu_order":170,"comment_status":"closed","ping_status":"closed","template":"template_application.php","meta":{"_acf_changed":false,"advgb_blocks_editor_width":"","advgb_blocks_columns_visual_guide":"","footnotes":""},"class_list":["post-4925","page","type-page","status-publish","hentry"],"acf":[],"yoast_head":"<!-- This site is optimized with the Yoast SEO plugin v26.3 - https:\/\/yoast.com\/wordpress\/plugins\/seo\/ -->\n<title>Getr\u00e4nke Filtration - FILTROX Tiefenfiltration<\/title>\n<meta name=\"description\" content=\"Lebensmittel Getr\u00e4nke Filtration. Hier finden Sie Anwendungsm\u00f6glichkeiten der Tiefenfilter in der Herstellung von Lebensmitteln, Getr\u00e4nken.\" \/>\n<meta name=\"robots\" content=\"index, follow, max-snippet:-1, max-image-preview:large, max-video-preview:-1\" \/>\n<link rel=\"canonical\" href=\"https:\/\/www.filtrox.com\/ch\/anwendungen\/lebensmittel-und-getranke\/\" \/>\n<meta property=\"og:locale\" content=\"de_DE\" \/>\n<meta property=\"og:type\" content=\"article\" \/>\n<meta property=\"og:title\" content=\"Getr\u00e4nke Filtration - FILTROX Tiefenfiltration\" \/>\n<meta property=\"og:description\" content=\"Lebensmittel Getr\u00e4nke Filtration. Hier finden Sie Anwendungsm\u00f6glichkeiten der Tiefenfilter in der Herstellung von Lebensmitteln, Getr\u00e4nken.\" \/>\n<meta property=\"og:url\" content=\"https:\/\/www.filtrox.com\/ch\/anwendungen\/lebensmittel-und-getranke\/\" \/>\n<meta property=\"og:site_name\" content=\"Filtrox\" \/>\n<meta property=\"article:publisher\" content=\"https:\/\/www.facebook.com\/Filtrox-AG-2091458717567633\" \/>\n<meta property=\"article:modified_time\" content=\"2026-03-31T11:45:27+00:00\" \/>\n<meta name=\"twitter:card\" content=\"summary_large_image\" \/>\n<meta name=\"twitter:site\" content=\"@FILTROX1\" \/>\n<meta name=\"twitter:label1\" content=\"Gesch\u00e4tzte Lesezeit\" \/>\n\t<meta name=\"twitter:data1\" content=\"2 Minuten\" \/>\n<script type=\"application\/ld+json\" class=\"yoast-schema-graph\">{\"@context\":\"https:\/\/schema.org\",\"@graph\":[{\"@type\":\"WebPage\",\"@id\":\"https:\/\/www.filtrox.com\/ch\/anwendungen\/lebensmittel-und-getranke\/\",\"url\":\"https:\/\/www.filtrox.com\/ch\/anwendungen\/lebensmittel-und-getranke\/\",\"name\":\"Getr\u00e4nke Filtration - FILTROX Tiefenfiltration\",\"isPartOf\":{\"@id\":\"https:\/\/www.filtrox.com\/#website\"},\"datePublished\":\"2015-02-17T05:47:34+00:00\",\"dateModified\":\"2026-03-31T11:45:27+00:00\",\"description\":\"Lebensmittel Getr\u00e4nke Filtration. Hier finden Sie Anwendungsm\u00f6glichkeiten der Tiefenfilter in der Herstellung von Lebensmitteln, Getr\u00e4nken.\",\"breadcrumb\":{\"@id\":\"https:\/\/www.filtrox.com\/ch\/anwendungen\/lebensmittel-und-getranke\/#breadcrumb\"},\"inLanguage\":\"de-CH\",\"potentialAction\":[{\"@type\":\"ReadAction\",\"target\":[\"https:\/\/www.filtrox.com\/ch\/anwendungen\/lebensmittel-und-getranke\/\"]}]},{\"@type\":\"BreadcrumbList\",\"@id\":\"https:\/\/www.filtrox.com\/ch\/anwendungen\/lebensmittel-und-getranke\/#breadcrumb\",\"itemListElement\":[{\"@type\":\"ListItem\",\"position\":1,\"name\":\"Home\",\"item\":\"https:\/\/www.filtrox.com\/ch\/\"},{\"@type\":\"ListItem\",\"position\":2,\"name\":\"Anwendungen\",\"item\":\"https:\/\/www.filtrox.com\/ch\/anwendungen\/\"},{\"@type\":\"ListItem\",\"position\":3,\"name\":\"Lebensmittel &amp; Getr\u00e4nke\"}]},{\"@type\":\"WebSite\",\"@id\":\"https:\/\/www.filtrox.com\/#website\",\"url\":\"https:\/\/www.filtrox.com\/\",\"name\":\"Filtrox\",\"description\":\"DEPTH FILTRATION FOR VALUABLE LIQUIDS.\",\"publisher\":{\"@id\":\"https:\/\/www.filtrox.com\/#organization\"},\"potentialAction\":[{\"@type\":\"SearchAction\",\"target\":{\"@type\":\"EntryPoint\",\"urlTemplate\":\"https:\/\/www.filtrox.com\/?s={search_term_string}\"},\"query-input\":{\"@type\":\"PropertyValueSpecification\",\"valueRequired\":true,\"valueName\":\"search_term_string\"}}],\"inLanguage\":\"de-CH\"},{\"@type\":\"Organization\",\"@id\":\"https:\/\/www.filtrox.com\/#organization\",\"name\":\"Filtrox\",\"alternateName\":\"FX\",\"url\":\"https:\/\/www.filtrox.com\/\",\"logo\":{\"@type\":\"ImageObject\",\"inLanguage\":\"de-CH\",\"@id\":\"https:\/\/www.filtrox.com\/#\/schema\/logo\/image\/\",\"url\":\"https:\/\/www.filtrox.com\/wp-content\/uploads\/2015\/02\/FX-Logo_RGB_0-74-153.jpg\",\"contentUrl\":\"https:\/\/www.filtrox.com\/wp-content\/uploads\/2015\/02\/FX-Logo_RGB_0-74-153.jpg\",\"width\":512,\"height\":512,\"caption\":\"Filtrox\"},\"image\":{\"@id\":\"https:\/\/www.filtrox.com\/#\/schema\/logo\/image\/\"},\"sameAs\":[\"https:\/\/www.facebook.com\/Filtrox-AG-2091458717567633\",\"https:\/\/x.com\/FILTROX1\",\"https:\/\/www.instagram.com\/filtroxag\/\",\"https:\/\/www.linkedin.com\/company\/34636121\/\",\"https:\/\/www.youtube.com\/channel\/UCi3A2_4M_c-CcEst9YJ4U9g\/featured?disable_polymer=1\"]}]}<\/script>\n<!-- \/ Yoast SEO plugin. -->","yoast_head_json":{"title":"Getr\u00e4nke Filtration - FILTROX Tiefenfiltration","description":"Lebensmittel Getr\u00e4nke Filtration. Hier finden Sie Anwendungsm\u00f6glichkeiten der Tiefenfilter in der Herstellung von Lebensmitteln, Getr\u00e4nken.","robots":{"index":"index","follow":"follow","max-snippet":"max-snippet:-1","max-image-preview":"max-image-preview:large","max-video-preview":"max-video-preview:-1"},"canonical":"https:\/\/www.filtrox.com\/ch\/anwendungen\/lebensmittel-und-getranke\/","og_locale":"de_DE","og_type":"article","og_title":"Getr\u00e4nke Filtration - FILTROX Tiefenfiltration","og_description":"Lebensmittel Getr\u00e4nke Filtration. Hier finden Sie Anwendungsm\u00f6glichkeiten der Tiefenfilter in der Herstellung von Lebensmitteln, Getr\u00e4nken.","og_url":"https:\/\/www.filtrox.com\/ch\/anwendungen\/lebensmittel-und-getranke\/","og_site_name":"Filtrox","article_publisher":"https:\/\/www.facebook.com\/Filtrox-AG-2091458717567633","article_modified_time":"2026-03-31T11:45:27+00:00","twitter_card":"summary_large_image","twitter_site":"@FILTROX1","twitter_misc":{"Gesch\u00e4tzte Lesezeit":"2 Minuten"},"schema":{"@context":"https:\/\/schema.org","@graph":[{"@type":"WebPage","@id":"https:\/\/www.filtrox.com\/ch\/anwendungen\/lebensmittel-und-getranke\/","url":"https:\/\/www.filtrox.com\/ch\/anwendungen\/lebensmittel-und-getranke\/","name":"Getr\u00e4nke Filtration - FILTROX Tiefenfiltration","isPartOf":{"@id":"https:\/\/www.filtrox.com\/#website"},"datePublished":"2015-02-17T05:47:34+00:00","dateModified":"2026-03-31T11:45:27+00:00","description":"Lebensmittel Getr\u00e4nke Filtration. Hier finden Sie Anwendungsm\u00f6glichkeiten der Tiefenfilter in der Herstellung von Lebensmitteln, Getr\u00e4nken.","breadcrumb":{"@id":"https:\/\/www.filtrox.com\/ch\/anwendungen\/lebensmittel-und-getranke\/#breadcrumb"},"inLanguage":"de-CH","potentialAction":[{"@type":"ReadAction","target":["https:\/\/www.filtrox.com\/ch\/anwendungen\/lebensmittel-und-getranke\/"]}]},{"@type":"BreadcrumbList","@id":"https:\/\/www.filtrox.com\/ch\/anwendungen\/lebensmittel-und-getranke\/#breadcrumb","itemListElement":[{"@type":"ListItem","position":1,"name":"Home","item":"https:\/\/www.filtrox.com\/ch\/"},{"@type":"ListItem","position":2,"name":"Anwendungen","item":"https:\/\/www.filtrox.com\/ch\/anwendungen\/"},{"@type":"ListItem","position":3,"name":"Lebensmittel &amp; Getr\u00e4nke"}]},{"@type":"WebSite","@id":"https:\/\/www.filtrox.com\/#website","url":"https:\/\/www.filtrox.com\/","name":"Filtrox","description":"DEPTH FILTRATION FOR VALUABLE LIQUIDS.","publisher":{"@id":"https:\/\/www.filtrox.com\/#organization"},"potentialAction":[{"@type":"SearchAction","target":{"@type":"EntryPoint","urlTemplate":"https:\/\/www.filtrox.com\/?s={search_term_string}"},"query-input":{"@type":"PropertyValueSpecification","valueRequired":true,"valueName":"search_term_string"}}],"inLanguage":"de-CH"},{"@type":"Organization","@id":"https:\/\/www.filtrox.com\/#organization","name":"Filtrox","alternateName":"FX","url":"https:\/\/www.filtrox.com\/","logo":{"@type":"ImageObject","inLanguage":"de-CH","@id":"https:\/\/www.filtrox.com\/#\/schema\/logo\/image\/","url":"https:\/\/www.filtrox.com\/wp-content\/uploads\/2015\/02\/FX-Logo_RGB_0-74-153.jpg","contentUrl":"https:\/\/www.filtrox.com\/wp-content\/uploads\/2015\/02\/FX-Logo_RGB_0-74-153.jpg","width":512,"height":512,"caption":"Filtrox"},"image":{"@id":"https:\/\/www.filtrox.com\/#\/schema\/logo\/image\/"},"sameAs":["https:\/\/www.facebook.com\/Filtrox-AG-2091458717567633","https:\/\/x.com\/FILTROX1","https:\/\/www.instagram.com\/filtroxag\/","https:\/\/www.linkedin.com\/company\/34636121\/","https:\/\/www.youtube.com\/channel\/UCi3A2_4M_c-CcEst9YJ4U9g\/featured?disable_polymer=1"]}]}},"coauthors":[],"author_meta":{"author_link":"https:\/\/www.filtrox.com\/ch\/blog\/author\/fosca-roman\/","display_name":"Fosca Roman"},"relative_dates":{"created":"Posted 11 Jahren ago","modified":"Updated 4 Wochen ago"},"absolute_dates":{"created":"Posted on Februar 17, 2015","modified":"Updated on M\u00e4rz 31, 2026"},"absolute_dates_time":{"created":"Posted on Februar 17, 2015 6:47 am","modified":"Updated on M\u00e4rz 31, 2026 12:45 pm"},"featured_img_caption":"","featured_img":false,"series_order":"","publishpress_future_action":{"enabled":false,"date":"2026-05-04 19:11:54","action":"change-status","newStatus":"draft","terms":[],"taxonomy":"translation_priority","extraData":[]},"publishpress_future_workflow_manual_trigger":{"enabledWorkflows":[]},"_links":{"self":[{"href":"https:\/\/www.filtrox.com\/ch\/wp-json\/wp\/v2\/pages\/4925","targetHints":{"allow":["GET"]}}],"collection":[{"href":"https:\/\/www.filtrox.com\/ch\/wp-json\/wp\/v2\/pages"}],"about":[{"href":"https:\/\/www.filtrox.com\/ch\/wp-json\/wp\/v2\/types\/page"}],"author":[{"embeddable":true,"href":"https:\/\/www.filtrox.com\/ch\/wp-json\/wp\/v2\/users\/8"}],"replies":[{"embeddable":true,"href":"https:\/\/www.filtrox.com\/ch\/wp-json\/wp\/v2\/comments?post=4925"}],"version-history":[{"count":37,"href":"https:\/\/www.filtrox.com\/ch\/wp-json\/wp\/v2\/pages\/4925\/revisions"}],"predecessor-version":[{"id":62779,"href":"https:\/\/www.filtrox.com\/ch\/wp-json\/wp\/v2\/pages\/4925\/revisions\/62779"}],"up":[{"embeddable":true,"href":"https:\/\/www.filtrox.com\/ch\/wp-json\/wp\/v2\/pages\/4912"}],"wp:attachment":[{"href":"https:\/\/www.filtrox.com\/ch\/wp-json\/wp\/v2\/media?parent=4925"}],"curies":[{"name":"wp","href":"https:\/\/api.w.org\/{rel}","templated":true}]}}