{"id":4930,"date":"2016-08-16T09:26:32","date_gmt":"2016-08-16T08:26:32","guid":{"rendered":"https:\/\/www.filtrox.com\/ch\/leistungen\/ersatzteile\/"},"modified":"2026-03-31T15:05:38","modified_gmt":"2026-03-31T14:05:38","slug":"ersatzteile","status":"publish","type":"page","link":"https:\/\/www.filtrox.com\/ch\/dienstleistungen\/ersatzteile\/","title":{"rendered":"Ersatzteile"},"content":{"rendered":"<h2>ERSATZTEILE<\/h2>\n<p>Wenn Sie Ersatzteile f\u00fcr einen unserer medientragenden Filterapparate ben\u00f6tigen, wie zum Beispiel die Modelle<\/p>\n<p>NOVOX\u00ae<br \/>DISCSTAR\u00ae<br \/>SECUROX\u00ae<\/p>\n<p>dann sind die Experten von STRASSBURGER FILTER GmbH + Co.KG gerne f\u00fcr Sie da. Sie helfen Ihnen, die passenden Teile zu identifizieren und zu beschaffen, damit Ihr Filtrationsprozess m\u00f6glichst ohne Unterbrechungen weiterlaufen kann. Egal, ob es sich um Filterplatten, Dichtungen oder andere spezifische Komponenten handelt \u2013 STRASSBURGER sorgt daf\u00fcr, dass Sie schnell und zuverl\u00e4ssig versorgt werden. Daf\u00fcr wenden Sie sich bitte an:<\/p>\n<p><strong>STRASSBURGER Filter GmbH + Co.KG<\/strong><br \/><strong>Osthofener Landstra\u00dfe 14<\/strong><br \/><strong>D-67593 Westhofen\/Rheinhessen<\/strong><\/p>\n<p>Tel: +49 (0) 62 44 \/ 90 800 \u2013 0<br \/>Fax: +49 (0) 62 44 \/ 90 800 \u2013 8<br \/>E-Mail: info@strassburger-filter.de<\/p>\n<p><a href=\"https:\/\/strassburger-filter.de\/service\" target=\"_blank\" rel=\"noopener\"><strong>Strassburger-filter-de\/service<\/strong><\/a><\/p>\n<hr \/>\n<p>F\u00fcr Ersatzteile f\u00fcr die folgenden Anlagen:<br \/>SYNOX\u00ae<br \/>SECUJET\u00ae<br \/>CERINOX\u00ae<br \/>FILTER-O-MAT\u00ae<br \/>wenden Sie sich bitte direkt an die Bucher Unipektin AG<br \/><a href=\"mailto:customer-service.ccf@bucherunipektin.com\">customer-service.ccf@bucherunipektin.com<\/a><br \/><a href=\"https:\/\/www.bucherunipektin.com\/\" target=\"_blank\" rel=\"noopener noreferrer\">www.bucherunipektin.com<\/a><\/p>\n\n\n<p><img decoding=\"async\" data-src=\"https:\/\/www.filtrox.com\/wp-content\/uploads\/2015\/02\/Filtrox-PRODUCTS-novox-od_PR.jpg\" alt=\"ersatzteile\" width=\"500\" height=\"315\" src=\"data:image\/svg+xml;base64,PHN2ZyB3aWR0aD0iMSIgaGVpZ2h0PSIxIiB4bWxucz0iaHR0cDovL3d3dy53My5vcmcvMjAwMC9zdmciPjwvc3ZnPg==\" class=\"lazyload\" style=\"--smush-placeholder-width: 500px; --smush-placeholder-aspect-ratio: 500\/315;\" \/><\/p>\n","protected":false},"excerpt":{"rendered":"<p>ERSATZTEILE Wenn Sie Ersatzteile f\u00fcr einen unserer medientragenden Filterapparate ben\u00f6tigen, wie zum Beispiel die Modelle NOVOX\u00aeDISCSTAR\u00aeSECUROX\u00ae dann sind die Experten von STRASSBURGER FILTER GmbH + Co.KG gerne f\u00fcr Sie da. Sie helfen Ihnen, die passenden Teile zu identifizieren und zu beschaffen, damit Ihr Filtrationsprozess m\u00f6glichst ohne Unterbrechungen weiterlaufen kann. Egal, ob es sich um Filterplatten, &hellip; <a href=\"https:\/\/www.filtrox.com\/ch\/dienstleistungen\/ersatzteile\/\" class=\"more-link\">Continue reading <span class=\"screen-reader-text\">Ersatzteile<\/span> <span class=\"meta-nav\">&rarr;<\/span><\/a><\/p>\n","protected":false},"author":8,"featured_media":0,"parent":4913,"menu_order":140,"comment_status":"closed","ping_status":"closed","template":"template_services.php","meta":{"_acf_changed":false,"advgb_blocks_editor_width":"","advgb_blocks_columns_visual_guide":"","footnotes":""},"class_list":["post-4930","page","type-page","status-publish","hentry"],"acf":[],"yoast_head":"<!-- This site is optimized with the Yoast SEO plugin v26.3 - https:\/\/yoast.com\/wordpress\/plugins\/seo\/ -->\n<title>Ersatzteile der FILTROX medientragenden Apparaten<\/title>\n<meta name=\"description\" content=\"Ben\u00f6tigen Sie Ersatzteile f\u00fcr unsere Apparate, z.B. NOVOX\u00ae oder DISCSTAR\u00ae, dann wenden Sie sich bitte direkt an service@filtrox.ch.\" \/>\n<meta name=\"robots\" content=\"index, follow, max-snippet:-1, max-image-preview:large, max-video-preview:-1\" \/>\n<link rel=\"canonical\" href=\"https:\/\/www.filtrox.com\/ch\/dienstleistungen\/ersatzteile\/\" \/>\n<meta property=\"og:locale\" content=\"de_DE\" \/>\n<meta property=\"og:type\" content=\"article\" \/>\n<meta property=\"og:title\" content=\"Ersatzteile der FILTROX medientragenden Apparaten\" \/>\n<meta property=\"og:description\" content=\"Ben\u00f6tigen Sie Ersatzteile f\u00fcr unsere Apparate, z.B. NOVOX\u00ae oder DISCSTAR\u00ae, dann wenden Sie sich bitte direkt an service@filtrox.ch.\" \/>\n<meta property=\"og:url\" content=\"https:\/\/www.filtrox.com\/ch\/dienstleistungen\/ersatzteile\/\" \/>\n<meta property=\"og:site_name\" content=\"Filtrox\" \/>\n<meta property=\"article:publisher\" content=\"https:\/\/www.facebook.com\/Filtrox-AG-2091458717567633\" \/>\n<meta property=\"article:modified_time\" content=\"2026-03-31T14:05:38+00:00\" \/>\n<meta property=\"og:image\" content=\"https:\/\/www.filtrox.com\/wp-content\/uploads\/2015\/02\/Filtrox-PRODUCTS-novox-od_PR.jpg\" \/>\n<meta name=\"twitter:card\" content=\"summary_large_image\" \/>\n<meta name=\"twitter:site\" content=\"@FILTROX1\" \/>\n<meta name=\"twitter:label1\" content=\"Gesch\u00e4tzte Lesezeit\" \/>\n\t<meta name=\"twitter:data1\" content=\"1 Minute\" \/>\n<script type=\"application\/ld+json\" class=\"yoast-schema-graph\">{\"@context\":\"https:\/\/schema.org\",\"@graph\":[{\"@type\":\"WebPage\",\"@id\":\"https:\/\/www.filtrox.com\/ch\/dienstleistungen\/ersatzteile\/\",\"url\":\"https:\/\/www.filtrox.com\/ch\/dienstleistungen\/ersatzteile\/\",\"name\":\"Ersatzteile der FILTROX medientragenden Apparaten\",\"isPartOf\":{\"@id\":\"https:\/\/www.filtrox.com\/#website\"},\"primaryImageOfPage\":{\"@id\":\"https:\/\/www.filtrox.com\/ch\/dienstleistungen\/ersatzteile\/#primaryimage\"},\"image\":{\"@id\":\"https:\/\/www.filtrox.com\/ch\/dienstleistungen\/ersatzteile\/#primaryimage\"},\"thumbnailUrl\":\"https:\/\/www.filtrox.com\/wp-content\/uploads\/2015\/02\/Filtrox-PRODUCTS-novox-od_PR.jpg\",\"datePublished\":\"2016-08-16T08:26:32+00:00\",\"dateModified\":\"2026-03-31T14:05:38+00:00\",\"description\":\"Ben\u00f6tigen Sie Ersatzteile f\u00fcr unsere Apparate, z.B. NOVOX\u00ae oder DISCSTAR\u00ae, dann wenden Sie sich bitte direkt an service@filtrox.ch.\",\"breadcrumb\":{\"@id\":\"https:\/\/www.filtrox.com\/ch\/dienstleistungen\/ersatzteile\/#breadcrumb\"},\"inLanguage\":\"de-CH\",\"potentialAction\":[{\"@type\":\"ReadAction\",\"target\":[\"https:\/\/www.filtrox.com\/ch\/dienstleistungen\/ersatzteile\/\"]}]},{\"@type\":\"ImageObject\",\"inLanguage\":\"de-CH\",\"@id\":\"https:\/\/www.filtrox.com\/ch\/dienstleistungen\/ersatzteile\/#primaryimage\",\"url\":\"https:\/\/www.filtrox.com\/wp-content\/uploads\/2015\/02\/Filtrox-PRODUCTS-novox-od_PR.jpg\",\"contentUrl\":\"https:\/\/www.filtrox.com\/wp-content\/uploads\/2015\/02\/Filtrox-PRODUCTS-novox-od_PR.jpg\"},{\"@type\":\"BreadcrumbList\",\"@id\":\"https:\/\/www.filtrox.com\/ch\/dienstleistungen\/ersatzteile\/#breadcrumb\",\"itemListElement\":[{\"@type\":\"ListItem\",\"position\":1,\"name\":\"Home\",\"item\":\"https:\/\/www.filtrox.com\/ch\/\"},{\"@type\":\"ListItem\",\"position\":2,\"name\":\"Leistungen\",\"item\":\"https:\/\/www.filtrox.com\/ch\/dienstleistungen\/\"},{\"@type\":\"ListItem\",\"position\":3,\"name\":\"Ersatzteile\"}]},{\"@type\":\"WebSite\",\"@id\":\"https:\/\/www.filtrox.com\/#website\",\"url\":\"https:\/\/www.filtrox.com\/\",\"name\":\"Filtrox\",\"description\":\"DEPTH FILTRATION FOR VALUABLE LIQUIDS.\",\"publisher\":{\"@id\":\"https:\/\/www.filtrox.com\/#organization\"},\"potentialAction\":[{\"@type\":\"SearchAction\",\"target\":{\"@type\":\"EntryPoint\",\"urlTemplate\":\"https:\/\/www.filtrox.com\/?s={search_term_string}\"},\"query-input\":{\"@type\":\"PropertyValueSpecification\",\"valueRequired\":true,\"valueName\":\"search_term_string\"}}],\"inLanguage\":\"de-CH\"},{\"@type\":\"Organization\",\"@id\":\"https:\/\/www.filtrox.com\/#organization\",\"name\":\"Filtrox\",\"alternateName\":\"FX\",\"url\":\"https:\/\/www.filtrox.com\/\",\"logo\":{\"@type\":\"ImageObject\",\"inLanguage\":\"de-CH\",\"@id\":\"https:\/\/www.filtrox.com\/#\/schema\/logo\/image\/\",\"url\":\"https:\/\/www.filtrox.com\/wp-content\/uploads\/2015\/02\/FX-Logo_RGB_0-74-153.jpg\",\"contentUrl\":\"https:\/\/www.filtrox.com\/wp-content\/uploads\/2015\/02\/FX-Logo_RGB_0-74-153.jpg\",\"width\":512,\"height\":512,\"caption\":\"Filtrox\"},\"image\":{\"@id\":\"https:\/\/www.filtrox.com\/#\/schema\/logo\/image\/\"},\"sameAs\":[\"https:\/\/www.facebook.com\/Filtrox-AG-2091458717567633\",\"https:\/\/x.com\/FILTROX1\",\"https:\/\/www.instagram.com\/filtroxag\/\",\"https:\/\/www.linkedin.com\/company\/34636121\/\",\"https:\/\/www.youtube.com\/channel\/UCi3A2_4M_c-CcEst9YJ4U9g\/featured?disable_polymer=1\"]}]}<\/script>\n<!-- \/ Yoast SEO plugin. -->","yoast_head_json":{"title":"Ersatzteile der FILTROX medientragenden Apparaten","description":"Ben\u00f6tigen Sie Ersatzteile f\u00fcr unsere Apparate, z.B. NOVOX\u00ae oder DISCSTAR\u00ae, dann wenden Sie sich bitte direkt an service@filtrox.ch.","robots":{"index":"index","follow":"follow","max-snippet":"max-snippet:-1","max-image-preview":"max-image-preview:large","max-video-preview":"max-video-preview:-1"},"canonical":"https:\/\/www.filtrox.com\/ch\/dienstleistungen\/ersatzteile\/","og_locale":"de_DE","og_type":"article","og_title":"Ersatzteile der FILTROX medientragenden Apparaten","og_description":"Ben\u00f6tigen Sie Ersatzteile f\u00fcr unsere Apparate, z.B. NOVOX\u00ae oder DISCSTAR\u00ae, dann wenden Sie sich bitte direkt an service@filtrox.ch.","og_url":"https:\/\/www.filtrox.com\/ch\/dienstleistungen\/ersatzteile\/","og_site_name":"Filtrox","article_publisher":"https:\/\/www.facebook.com\/Filtrox-AG-2091458717567633","article_modified_time":"2026-03-31T14:05:38+00:00","og_image":[{"url":"https:\/\/www.filtrox.com\/wp-content\/uploads\/2015\/02\/Filtrox-PRODUCTS-novox-od_PR.jpg","type":"","width":"","height":""}],"twitter_card":"summary_large_image","twitter_site":"@FILTROX1","twitter_misc":{"Gesch\u00e4tzte Lesezeit":"1 Minute"},"schema":{"@context":"https:\/\/schema.org","@graph":[{"@type":"WebPage","@id":"https:\/\/www.filtrox.com\/ch\/dienstleistungen\/ersatzteile\/","url":"https:\/\/www.filtrox.com\/ch\/dienstleistungen\/ersatzteile\/","name":"Ersatzteile der FILTROX medientragenden Apparaten","isPartOf":{"@id":"https:\/\/www.filtrox.com\/#website"},"primaryImageOfPage":{"@id":"https:\/\/www.filtrox.com\/ch\/dienstleistungen\/ersatzteile\/#primaryimage"},"image":{"@id":"https:\/\/www.filtrox.com\/ch\/dienstleistungen\/ersatzteile\/#primaryimage"},"thumbnailUrl":"https:\/\/www.filtrox.com\/wp-content\/uploads\/2015\/02\/Filtrox-PRODUCTS-novox-od_PR.jpg","datePublished":"2016-08-16T08:26:32+00:00","dateModified":"2026-03-31T14:05:38+00:00","description":"Ben\u00f6tigen Sie Ersatzteile f\u00fcr unsere Apparate, z.B. NOVOX\u00ae oder DISCSTAR\u00ae, dann wenden Sie sich bitte direkt an service@filtrox.ch.","breadcrumb":{"@id":"https:\/\/www.filtrox.com\/ch\/dienstleistungen\/ersatzteile\/#breadcrumb"},"inLanguage":"de-CH","potentialAction":[{"@type":"ReadAction","target":["https:\/\/www.filtrox.com\/ch\/dienstleistungen\/ersatzteile\/"]}]},{"@type":"ImageObject","inLanguage":"de-CH","@id":"https:\/\/www.filtrox.com\/ch\/dienstleistungen\/ersatzteile\/#primaryimage","url":"https:\/\/www.filtrox.com\/wp-content\/uploads\/2015\/02\/Filtrox-PRODUCTS-novox-od_PR.jpg","contentUrl":"https:\/\/www.filtrox.com\/wp-content\/uploads\/2015\/02\/Filtrox-PRODUCTS-novox-od_PR.jpg"},{"@type":"BreadcrumbList","@id":"https:\/\/www.filtrox.com\/ch\/dienstleistungen\/ersatzteile\/#breadcrumb","itemListElement":[{"@type":"ListItem","position":1,"name":"Home","item":"https:\/\/www.filtrox.com\/ch\/"},{"@type":"ListItem","position":2,"name":"Leistungen","item":"https:\/\/www.filtrox.com\/ch\/dienstleistungen\/"},{"@type":"ListItem","position":3,"name":"Ersatzteile"}]},{"@type":"WebSite","@id":"https:\/\/www.filtrox.com\/#website","url":"https:\/\/www.filtrox.com\/","name":"Filtrox","description":"DEPTH FILTRATION FOR VALUABLE LIQUIDS.","publisher":{"@id":"https:\/\/www.filtrox.com\/#organization"},"potentialAction":[{"@type":"SearchAction","target":{"@type":"EntryPoint","urlTemplate":"https:\/\/www.filtrox.com\/?s={search_term_string}"},"query-input":{"@type":"PropertyValueSpecification","valueRequired":true,"valueName":"search_term_string"}}],"inLanguage":"de-CH"},{"@type":"Organization","@id":"https:\/\/www.filtrox.com\/#organization","name":"Filtrox","alternateName":"FX","url":"https:\/\/www.filtrox.com\/","logo":{"@type":"ImageObject","inLanguage":"de-CH","@id":"https:\/\/www.filtrox.com\/#\/schema\/logo\/image\/","url":"https:\/\/www.filtrox.com\/wp-content\/uploads\/2015\/02\/FX-Logo_RGB_0-74-153.jpg","contentUrl":"https:\/\/www.filtrox.com\/wp-content\/uploads\/2015\/02\/FX-Logo_RGB_0-74-153.jpg","width":512,"height":512,"caption":"Filtrox"},"image":{"@id":"https:\/\/www.filtrox.com\/#\/schema\/logo\/image\/"},"sameAs":["https:\/\/www.facebook.com\/Filtrox-AG-2091458717567633","https:\/\/x.com\/FILTROX1","https:\/\/www.instagram.com\/filtroxag\/","https:\/\/www.linkedin.com\/company\/34636121\/","https:\/\/www.youtube.com\/channel\/UCi3A2_4M_c-CcEst9YJ4U9g\/featured?disable_polymer=1"]}]}},"coauthors":[],"author_meta":{"author_link":"https:\/\/www.filtrox.com\/ch\/blog\/author\/fosca-roman\/","display_name":"Fosca Roman"},"relative_dates":{"created":"Posted 10 Jahren ago","modified":"Updated 3 Wochen ago"},"absolute_dates":{"created":"Posted on August 16, 2016","modified":"Updated on M\u00e4rz 31, 2026"},"absolute_dates_time":{"created":"Posted on August 16, 2016 9:26 am","modified":"Updated on M\u00e4rz 31, 2026 3:05 pm"},"featured_img_caption":"","featured_img":false,"series_order":"","publishpress_future_action":{"enabled":false,"date":"2026-05-01 15:33:11","action":"change-status","newStatus":"draft","terms":[],"taxonomy":"translation_priority","extraData":[]},"publishpress_future_workflow_manual_trigger":{"enabledWorkflows":[]},"_links":{"self":[{"href":"https:\/\/www.filtrox.com\/ch\/wp-json\/wp\/v2\/pages\/4930","targetHints":{"allow":["GET"]}}],"collection":[{"href":"https:\/\/www.filtrox.com\/ch\/wp-json\/wp\/v2\/pages"}],"about":[{"href":"https:\/\/www.filtrox.com\/ch\/wp-json\/wp\/v2\/types\/page"}],"author":[{"embeddable":true,"href":"https:\/\/www.filtrox.com\/ch\/wp-json\/wp\/v2\/users\/8"}],"replies":[{"embeddable":true,"href":"https:\/\/www.filtrox.com\/ch\/wp-json\/wp\/v2\/comments?post=4930"}],"version-history":[{"count":11,"href":"https:\/\/www.filtrox.com\/ch\/wp-json\/wp\/v2\/pages\/4930\/revisions"}],"predecessor-version":[{"id":62800,"href":"https:\/\/www.filtrox.com\/ch\/wp-json\/wp\/v2\/pages\/4930\/revisions\/62800"}],"up":[{"embeddable":true,"href":"https:\/\/www.filtrox.com\/ch\/wp-json\/wp\/v2\/pages\/4913"}],"wp:attachment":[{"href":"https:\/\/www.filtrox.com\/ch\/wp-json\/wp\/v2\/media?parent=4930"}],"curies":[{"name":"wp","href":"https:\/\/api.w.org\/{rel}","templated":true}]}}