{"id":4931,"date":"2016-08-16T09:26:32","date_gmt":"2016-08-16T08:26:32","guid":{"rendered":"https:\/\/www.filtrox.com\/ch\/leistungen\/unterstuetzung-bei-der-validierung\/"},"modified":"2025-01-02T15:56:51","modified_gmt":"2025-01-02T14:56:51","slug":"unterstuetzung-bei-validierung","status":"publish","type":"page","link":"https:\/\/www.filtrox.com\/ch\/dienstleistungen\/unterstuetzung-bei-validierung\/","title":{"rendered":"Unterst\u00fctzung bei der Validierung"},"content":{"rendered":"<h1>UNTERST\u00dcTZUNG BEI DER VALIDIERUNG<\/h1>\n<div class=\"group\/conversation-turn relative flex w-full min-w-0 flex-col agent-turn\">\n<div class=\"flex-col gap-1 md:gap-3\">\n<div class=\"flex max-w-full flex-col flex-grow\">\n<div class=\"min-h-8 text-message flex w-full flex-col items-end gap-2 whitespace-normal break-words text-start [.text-message+&amp;]:mt-5\" dir=\"auto\" data-message-author-role=\"assistant\" data-message-id=\"5f930789-91a2-4dde-9a42-0c18d305f564\" data-message-model-slug=\"gpt-4o\">\n<div class=\"flex w-full flex-col gap-1 empty:hidden first:pt-[3px]\">\n<div class=\"markdown prose w-full break-words dark:prose-invert light\">\n<p>Viele Filtrationsverfahren m\u00fcssen von unseren Kunden validiert werden, insbesondere in Branchen wie der Pharma-, Lebensmittel- und Getr\u00e4nkeindustrie, wo h\u00f6chste Anforderungen an Sicherheit und Qualit\u00e4t gelten. Dieser Prozess der Validierung kann oft komplex, zeitaufw\u00e4ndig und kostspielig sein. Doch wir lassen Sie damit nicht allein!<\/p>\n<p>Unser erfahrenes Team unterst\u00fctzt Sie bei der Planung und Durchf\u00fchrung Ihrer Filtrations-Validierung und sorgt daf\u00fcr, dass Sie die Anforderungen Ihrer Branche effizient und erfolgreich erf\u00fcllen. Wir stellen sicher, dass unsere FILTROX-Produkte nahtlos in Ihre Prozesse integriert werden und bieten Ihnen fundierte Beratung, damit Ihre Validierungsprojekte reibungslos verlaufen.<\/p>\n<p>Auf Anfrage stellen wir Ihnen unsere umfassende Validation Guides zu unseren diversen Filtermedien zur Verf\u00fcgung. Diese enthalten detaillierte Informationen und Daten, um Ihnen den Validierungsprozess zu vereinfachen und die Einhaltung aller relevanten Standards zu gew\u00e4hrleisten. Sie sparen dadurch Zeit und Ressourcen und k\u00f6nnen sich darauf verlassen, dass Ihre Filtrationsprozesse zuverl\u00e4ssig funktionieren.<\/p>\n<p>Z\u00f6gern Sie nicht, uns zu kontaktieren! Unser Experten-Team steht Ihnen f\u00fcr Fragen und Unterst\u00fctzung jederzeit zur Verf\u00fcgung. Rufen Sie uns an oder senden Sie uns eine E-Mail an die unten stehende Adresse. Wir freuen uns darauf, Sie bei Ihrer Validierung zu begleiten und gemeinsam die besten Ergebnisse zu erzielen.<\/p>\n<\/div>\n<\/div>\n<\/div>\n<\/div>\n<\/div>\n<\/div>\n<p>q<!-- q@fi -->m@filt<!-- @abc.de -->rox.com<\/p>\n<p><span style=\"text-decoration: underline;\"><a href=\"https:\/\/www.filtrox.com\/ch\/kontakt\/\">Weitere Kontaktdaten unserer weltweiten Niederlassungen finden Sie hier \u2192<\/a><\/span><\/p>\n<p><img decoding=\"async\" data-src=\"https:\/\/www.filtrox.com\/wp-content\/uploads\/2021\/03\/DSC03467-Kopie_schmal_b.png\" alt=\"validierung\" width=\"1200\" height=\"478\" src=\"data:image\/svg+xml;base64,PHN2ZyB3aWR0aD0iMSIgaGVpZ2h0PSIxIiB4bWxucz0iaHR0cDovL3d3dy53My5vcmcvMjAwMC9zdmciPjwvc3ZnPg==\" class=\"lazyload\" style=\"--smush-placeholder-width: 1200px; --smush-placeholder-aspect-ratio: 1200\/478;\" \/><\/p>\n","protected":false},"excerpt":{"rendered":"<p>UNTERST\u00dcTZUNG BEI DER VALIDIERUNG Viele Filtrationsverfahren m\u00fcssen von unseren Kunden validiert werden, insbesondere in Branchen wie der Pharma-, Lebensmittel- und Getr\u00e4nkeindustrie, wo h\u00f6chste Anforderungen an Sicherheit und Qualit\u00e4t gelten. Dieser Prozess der Validierung kann oft komplex, zeitaufw\u00e4ndig und kostspielig sein. Doch wir lassen Sie damit nicht allein! Unser erfahrenes Team unterst\u00fctzt Sie bei der Planung &hellip; <a href=\"https:\/\/www.filtrox.com\/ch\/dienstleistungen\/unterstuetzung-bei-validierung\/\" class=\"more-link\">Continue reading <span class=\"screen-reader-text\">Unterst\u00fctzung bei der Validierung<\/span> <span class=\"meta-nav\">&rarr;<\/span><\/a><\/p>\n","protected":false},"author":8,"featured_media":0,"parent":4913,"menu_order":131,"comment_status":"closed","ping_status":"closed","template":"template_services.php","meta":{"_acf_changed":false,"advgb_blocks_editor_width":"","advgb_blocks_columns_visual_guide":"","footnotes":""},"class_list":["post-4931","page","type-page","status-publish","hentry"],"acf":[],"yoast_head":"<!-- This site is optimized with the Yoast SEO plugin v26.3 - https:\/\/yoast.com\/wordpress\/plugins\/seo\/ -->\n<title>Validierung - Unterst\u00fctzung bei Validierung des Filtrationsverfahrens<\/title>\n<meta name=\"description\" content=\"Wir unterst\u00fctzen Sie gerne bei der Validierung Ihren Filtrationsprozesses. Unsere Experten stehen Ihnen zur Seite.\" \/>\n<meta name=\"robots\" content=\"index, follow, max-snippet:-1, max-image-preview:large, max-video-preview:-1\" \/>\n<link rel=\"canonical\" href=\"https:\/\/www.filtrox.com\/ch\/dienstleistungen\/unterstuetzung-bei-validierung\/\" \/>\n<meta property=\"og:locale\" content=\"de_DE\" \/>\n<meta property=\"og:type\" content=\"article\" \/>\n<meta property=\"og:title\" content=\"Validierung - Unterst\u00fctzung bei Validierung des Filtrationsverfahrens\" \/>\n<meta property=\"og:description\" content=\"Wir unterst\u00fctzen Sie gerne bei der Validierung Ihren Filtrationsprozesses. Unsere Experten stehen Ihnen zur Seite.\" \/>\n<meta property=\"og:url\" content=\"https:\/\/www.filtrox.com\/ch\/dienstleistungen\/unterstuetzung-bei-validierung\/\" \/>\n<meta property=\"og:site_name\" content=\"Filtrox\" \/>\n<meta property=\"article:publisher\" content=\"https:\/\/www.facebook.com\/Filtrox-AG-2091458717567633\" \/>\n<meta property=\"article:modified_time\" content=\"2025-01-02T14:56:51+00:00\" \/>\n<meta property=\"og:image\" content=\"https:\/\/www.filtrox.com\/wp-content\/uploads\/2021\/03\/DSC03467-Kopie_schmal_b.png\" \/>\n<meta name=\"twitter:card\" content=\"summary_large_image\" \/>\n<meta name=\"twitter:site\" content=\"@FILTROX1\" \/>\n<meta name=\"twitter:label1\" content=\"Gesch\u00e4tzte Lesezeit\" \/>\n\t<meta name=\"twitter:data1\" content=\"2 Minuten\" \/>\n<script type=\"application\/ld+json\" class=\"yoast-schema-graph\">{\"@context\":\"https:\/\/schema.org\",\"@graph\":[{\"@type\":\"WebPage\",\"@id\":\"https:\/\/www.filtrox.com\/ch\/dienstleistungen\/unterstuetzung-bei-validierung\/\",\"url\":\"https:\/\/www.filtrox.com\/ch\/dienstleistungen\/unterstuetzung-bei-validierung\/\",\"name\":\"Validierung - Unterst\u00fctzung bei Validierung des Filtrationsverfahrens\",\"isPartOf\":{\"@id\":\"https:\/\/www.filtrox.com\/#website\"},\"primaryImageOfPage\":{\"@id\":\"https:\/\/www.filtrox.com\/ch\/dienstleistungen\/unterstuetzung-bei-validierung\/#primaryimage\"},\"image\":{\"@id\":\"https:\/\/www.filtrox.com\/ch\/dienstleistungen\/unterstuetzung-bei-validierung\/#primaryimage\"},\"thumbnailUrl\":\"https:\/\/www.filtrox.com\/wp-content\/uploads\/2021\/03\/DSC03467-Kopie_schmal_b.png\",\"datePublished\":\"2016-08-16T08:26:32+00:00\",\"dateModified\":\"2025-01-02T14:56:51+00:00\",\"description\":\"Wir unterst\u00fctzen Sie gerne bei der Validierung Ihren Filtrationsprozesses. Unsere Experten stehen Ihnen zur Seite.\",\"breadcrumb\":{\"@id\":\"https:\/\/www.filtrox.com\/ch\/dienstleistungen\/unterstuetzung-bei-validierung\/#breadcrumb\"},\"inLanguage\":\"de-CH\",\"potentialAction\":[{\"@type\":\"ReadAction\",\"target\":[\"https:\/\/www.filtrox.com\/ch\/dienstleistungen\/unterstuetzung-bei-validierung\/\"]}]},{\"@type\":\"ImageObject\",\"inLanguage\":\"de-CH\",\"@id\":\"https:\/\/www.filtrox.com\/ch\/dienstleistungen\/unterstuetzung-bei-validierung\/#primaryimage\",\"url\":\"https:\/\/www.filtrox.com\/wp-content\/uploads\/2021\/03\/DSC03467-Kopie_schmal_b.png\",\"contentUrl\":\"https:\/\/www.filtrox.com\/wp-content\/uploads\/2021\/03\/DSC03467-Kopie_schmal_b.png\"},{\"@type\":\"BreadcrumbList\",\"@id\":\"https:\/\/www.filtrox.com\/ch\/dienstleistungen\/unterstuetzung-bei-validierung\/#breadcrumb\",\"itemListElement\":[{\"@type\":\"ListItem\",\"position\":1,\"name\":\"Home\",\"item\":\"https:\/\/www.filtrox.com\/ch\/\"},{\"@type\":\"ListItem\",\"position\":2,\"name\":\"Leistungen\",\"item\":\"https:\/\/www.filtrox.com\/ch\/dienstleistungen\/\"},{\"@type\":\"ListItem\",\"position\":3,\"name\":\"Unterst\u00fctzung bei der Validierung\"}]},{\"@type\":\"WebSite\",\"@id\":\"https:\/\/www.filtrox.com\/#website\",\"url\":\"https:\/\/www.filtrox.com\/\",\"name\":\"Filtrox\",\"description\":\"DEPTH FILTRATION FOR VALUABLE LIQUIDS.\",\"publisher\":{\"@id\":\"https:\/\/www.filtrox.com\/#organization\"},\"potentialAction\":[{\"@type\":\"SearchAction\",\"target\":{\"@type\":\"EntryPoint\",\"urlTemplate\":\"https:\/\/www.filtrox.com\/?s={search_term_string}\"},\"query-input\":{\"@type\":\"PropertyValueSpecification\",\"valueRequired\":true,\"valueName\":\"search_term_string\"}}],\"inLanguage\":\"de-CH\"},{\"@type\":\"Organization\",\"@id\":\"https:\/\/www.filtrox.com\/#organization\",\"name\":\"Filtrox\",\"alternateName\":\"FX\",\"url\":\"https:\/\/www.filtrox.com\/\",\"logo\":{\"@type\":\"ImageObject\",\"inLanguage\":\"de-CH\",\"@id\":\"https:\/\/www.filtrox.com\/#\/schema\/logo\/image\/\",\"url\":\"https:\/\/www.filtrox.com\/wp-content\/uploads\/2015\/02\/FX-Logo_RGB_0-74-153.jpg\",\"contentUrl\":\"https:\/\/www.filtrox.com\/wp-content\/uploads\/2015\/02\/FX-Logo_RGB_0-74-153.jpg\",\"width\":512,\"height\":512,\"caption\":\"Filtrox\"},\"image\":{\"@id\":\"https:\/\/www.filtrox.com\/#\/schema\/logo\/image\/\"},\"sameAs\":[\"https:\/\/www.facebook.com\/Filtrox-AG-2091458717567633\",\"https:\/\/x.com\/FILTROX1\",\"https:\/\/www.instagram.com\/filtroxag\/\",\"https:\/\/www.linkedin.com\/company\/34636121\/\",\"https:\/\/www.youtube.com\/channel\/UCi3A2_4M_c-CcEst9YJ4U9g\/featured?disable_polymer=1\"]}]}<\/script>\n<!-- \/ Yoast SEO plugin. -->","yoast_head_json":{"title":"Validierung - Unterst\u00fctzung bei Validierung des Filtrationsverfahrens","description":"Wir unterst\u00fctzen Sie gerne bei der Validierung Ihren Filtrationsprozesses. Unsere Experten stehen Ihnen zur Seite.","robots":{"index":"index","follow":"follow","max-snippet":"max-snippet:-1","max-image-preview":"max-image-preview:large","max-video-preview":"max-video-preview:-1"},"canonical":"https:\/\/www.filtrox.com\/ch\/dienstleistungen\/unterstuetzung-bei-validierung\/","og_locale":"de_DE","og_type":"article","og_title":"Validierung - Unterst\u00fctzung bei Validierung des Filtrationsverfahrens","og_description":"Wir unterst\u00fctzen Sie gerne bei der Validierung Ihren Filtrationsprozesses. Unsere Experten stehen Ihnen zur Seite.","og_url":"https:\/\/www.filtrox.com\/ch\/dienstleistungen\/unterstuetzung-bei-validierung\/","og_site_name":"Filtrox","article_publisher":"https:\/\/www.facebook.com\/Filtrox-AG-2091458717567633","article_modified_time":"2025-01-02T14:56:51+00:00","og_image":[{"url":"https:\/\/www.filtrox.com\/wp-content\/uploads\/2021\/03\/DSC03467-Kopie_schmal_b.png","type":"","width":"","height":""}],"twitter_card":"summary_large_image","twitter_site":"@FILTROX1","twitter_misc":{"Gesch\u00e4tzte Lesezeit":"2 Minuten"},"schema":{"@context":"https:\/\/schema.org","@graph":[{"@type":"WebPage","@id":"https:\/\/www.filtrox.com\/ch\/dienstleistungen\/unterstuetzung-bei-validierung\/","url":"https:\/\/www.filtrox.com\/ch\/dienstleistungen\/unterstuetzung-bei-validierung\/","name":"Validierung - Unterst\u00fctzung bei Validierung des Filtrationsverfahrens","isPartOf":{"@id":"https:\/\/www.filtrox.com\/#website"},"primaryImageOfPage":{"@id":"https:\/\/www.filtrox.com\/ch\/dienstleistungen\/unterstuetzung-bei-validierung\/#primaryimage"},"image":{"@id":"https:\/\/www.filtrox.com\/ch\/dienstleistungen\/unterstuetzung-bei-validierung\/#primaryimage"},"thumbnailUrl":"https:\/\/www.filtrox.com\/wp-content\/uploads\/2021\/03\/DSC03467-Kopie_schmal_b.png","datePublished":"2016-08-16T08:26:32+00:00","dateModified":"2025-01-02T14:56:51+00:00","description":"Wir unterst\u00fctzen Sie gerne bei der Validierung Ihren Filtrationsprozesses. Unsere Experten stehen Ihnen zur Seite.","breadcrumb":{"@id":"https:\/\/www.filtrox.com\/ch\/dienstleistungen\/unterstuetzung-bei-validierung\/#breadcrumb"},"inLanguage":"de-CH","potentialAction":[{"@type":"ReadAction","target":["https:\/\/www.filtrox.com\/ch\/dienstleistungen\/unterstuetzung-bei-validierung\/"]}]},{"@type":"ImageObject","inLanguage":"de-CH","@id":"https:\/\/www.filtrox.com\/ch\/dienstleistungen\/unterstuetzung-bei-validierung\/#primaryimage","url":"https:\/\/www.filtrox.com\/wp-content\/uploads\/2021\/03\/DSC03467-Kopie_schmal_b.png","contentUrl":"https:\/\/www.filtrox.com\/wp-content\/uploads\/2021\/03\/DSC03467-Kopie_schmal_b.png"},{"@type":"BreadcrumbList","@id":"https:\/\/www.filtrox.com\/ch\/dienstleistungen\/unterstuetzung-bei-validierung\/#breadcrumb","itemListElement":[{"@type":"ListItem","position":1,"name":"Home","item":"https:\/\/www.filtrox.com\/ch\/"},{"@type":"ListItem","position":2,"name":"Leistungen","item":"https:\/\/www.filtrox.com\/ch\/dienstleistungen\/"},{"@type":"ListItem","position":3,"name":"Unterst\u00fctzung bei der Validierung"}]},{"@type":"WebSite","@id":"https:\/\/www.filtrox.com\/#website","url":"https:\/\/www.filtrox.com\/","name":"Filtrox","description":"DEPTH FILTRATION FOR VALUABLE LIQUIDS.","publisher":{"@id":"https:\/\/www.filtrox.com\/#organization"},"potentialAction":[{"@type":"SearchAction","target":{"@type":"EntryPoint","urlTemplate":"https:\/\/www.filtrox.com\/?s={search_term_string}"},"query-input":{"@type":"PropertyValueSpecification","valueRequired":true,"valueName":"search_term_string"}}],"inLanguage":"de-CH"},{"@type":"Organization","@id":"https:\/\/www.filtrox.com\/#organization","name":"Filtrox","alternateName":"FX","url":"https:\/\/www.filtrox.com\/","logo":{"@type":"ImageObject","inLanguage":"de-CH","@id":"https:\/\/www.filtrox.com\/#\/schema\/logo\/image\/","url":"https:\/\/www.filtrox.com\/wp-content\/uploads\/2015\/02\/FX-Logo_RGB_0-74-153.jpg","contentUrl":"https:\/\/www.filtrox.com\/wp-content\/uploads\/2015\/02\/FX-Logo_RGB_0-74-153.jpg","width":512,"height":512,"caption":"Filtrox"},"image":{"@id":"https:\/\/www.filtrox.com\/#\/schema\/logo\/image\/"},"sameAs":["https:\/\/www.facebook.com\/Filtrox-AG-2091458717567633","https:\/\/x.com\/FILTROX1","https:\/\/www.instagram.com\/filtroxag\/","https:\/\/www.linkedin.com\/company\/34636121\/","https:\/\/www.youtube.com\/channel\/UCi3A2_4M_c-CcEst9YJ4U9g\/featured?disable_polymer=1"]}]}},"coauthors":[],"author_meta":{"author_link":"https:\/\/www.filtrox.com\/ch\/blog\/author\/fosca-roman\/","display_name":"Fosca Roman"},"relative_dates":{"created":"Posted 10 Jahren ago","modified":"Updated 1 Jahr ago"},"absolute_dates":{"created":"Posted on August 16, 2016","modified":"Updated on Januar 2, 2025"},"absolute_dates_time":{"created":"Posted on August 16, 2016 9:26 am","modified":"Updated on Januar 2, 2025 3:56 pm"},"featured_img_caption":"","featured_img":false,"series_order":"","publishpress_future_action":{"enabled":false,"date":"2026-05-03 11:26:32","action":"change-status","newStatus":"draft","terms":[],"taxonomy":"translation_priority","extraData":[]},"publishpress_future_workflow_manual_trigger":{"enabledWorkflows":[]},"_links":{"self":[{"href":"https:\/\/www.filtrox.com\/ch\/wp-json\/wp\/v2\/pages\/4931","targetHints":{"allow":["GET"]}}],"collection":[{"href":"https:\/\/www.filtrox.com\/ch\/wp-json\/wp\/v2\/pages"}],"about":[{"href":"https:\/\/www.filtrox.com\/ch\/wp-json\/wp\/v2\/types\/page"}],"author":[{"embeddable":true,"href":"https:\/\/www.filtrox.com\/ch\/wp-json\/wp\/v2\/users\/8"}],"replies":[{"embeddable":true,"href":"https:\/\/www.filtrox.com\/ch\/wp-json\/wp\/v2\/comments?post=4931"}],"version-history":[{"count":9,"href":"https:\/\/www.filtrox.com\/ch\/wp-json\/wp\/v2\/pages\/4931\/revisions"}],"predecessor-version":[{"id":59963,"href":"https:\/\/www.filtrox.com\/ch\/wp-json\/wp\/v2\/pages\/4931\/revisions\/59963"}],"up":[{"embeddable":true,"href":"https:\/\/www.filtrox.com\/ch\/wp-json\/wp\/v2\/pages\/4913"}],"wp:attachment":[{"href":"https:\/\/www.filtrox.com\/ch\/wp-json\/wp\/v2\/media?parent=4931"}],"curies":[{"name":"wp","href":"https:\/\/api.w.org\/{rel}","templated":true}]}}