{"id":4936,"date":"2016-08-16T09:26:32","date_gmt":"2016-08-16T08:26:32","guid":{"rendered":"https:\/\/www.filtrox.com\/ch\/kontakt\/standorte\/"},"modified":"2025-01-31T14:23:13","modified_gmt":"2025-01-31T13:23:13","slug":"standorte","status":"publish","type":"page","link":"https:\/\/www.filtrox.com\/ch\/kontakt\/standorte\/","title":{"rendered":"Standorte"},"content":{"rendered":"\n<h3><strong>Standorte FILTROX weltweit<\/strong><\/h3>\n<p>Die FILTROX AG ist global pr\u00e4sent, um Ihnen erstklassige Filtrationsl\u00f6sungen und Service vor Ort zu bieten. Unsere Standorte in Europa, Nordamerika, Asien und weiteren Regionen stellen sicher, dass Sie weltweit von unserer Expertise profitieren. Finden Sie hier Ihr n\u00e4chstgelegenes FILTROX-B\u00fcro!<\/p>\n<p><img decoding=\"async\" class=\"alignnone lazyload\" title=\"Filtrox worldwide contacts\" data-src=\"https:\/\/www.filtrox.com\/wp-content\/uploads\/2017\/04\/Weltkarte_Homepage_Stand_12.04.2017-e1630481494282.jpg\" alt=\"Filtrox worldwide Standorte\" width=\"1200\" height=\"754\" src=\"data:image\/svg+xml;base64,PHN2ZyB3aWR0aD0iMSIgaGVpZ2h0PSIxIiB4bWxucz0iaHR0cDovL3d3dy53My5vcmcvMjAwMC9zdmciPjwvc3ZnPg==\" style=\"--smush-placeholder-width: 1200px; --smush-placeholder-aspect-ratio: 1200\/754;\" \/><\/p>\n\n\n\n<div class=\"wp-block-columns is-layout-flex wp-container-core-columns-is-layout-1 wp-block-columns-is-layout-flex\">\n<div class=\"wp-block-column is-layout-flow wp-block-column-is-layout-flow\">\n<h5><span style=\"font-size: 12pt;\">FILTROX AG (Hauptsitz)<\/span><\/h5>\n<p>Moosm\u00fchlestr. 6<br>CH-9001 St.Gallen \/ Schweiz<br>Telefon: +41 71 272 91 11<br><a href=\"mailto:sales(at)filtrox.com\">sales@filtrox.com<\/a><\/p>\n<\/div>\n\n\n\n<div class=\"wp-block-column is-layout-flow wp-block-column-is-layout-flow\">\n<h5><span style=\"font-size: 12pt;\"><strong>FILTROX France s.a.r.l.<\/strong><\/span><\/h5>\n<p>18 rue Buffon<br \/>F 21200 Beaune \/ France<br \/>Phone: +33 6 74 16 24 03<br \/><a href=\"mailto:france(at)filtrox.com\">france@filtrox.com<\/a><\/p>\n<p>\u00a0<\/p>\n<\/div>\n\n\n\n<div class=\"wp-block-column is-layout-flow wp-block-column-is-layout-flow\">\n<h5><span style=\"font-size: 12pt;\"><strong>FILTROX Carlson Ltd UK &amp; Northern Europe<\/strong><\/span><\/h5>\n<p>Butts Mill<br>Barnoldswick<br>Lancashire<br>BB18 5HP \/ United Kingdom<br>Telefon: +44 1282 811000<br>Fax: +44 1282 811001<br><a href=\"mailto:filtrox.UK(at)filtrox.com\">filtrox.UK@filtrox.com<\/a><\/p>\n<\/div>\n<\/div>\n\n\n\n<div class=\"wp-block-columns is-layout-flex wp-container-core-columns-is-layout-2 wp-block-columns-is-layout-flex\">\n<div class=\"wp-block-column is-layout-flow wp-block-column-is-layout-flow\">\n<h5><span style=\"font-size: 12pt;\"><strong>FILTROX&nbsp;Southern Europe<\/strong><\/span><\/h5>\n<p>Calle Can Vinyalets, 15<br>08130 Santa Perp\u00e8tua de Mogoda \/ Spanien<br>Telefon: +34 934 626 700<br><a href=\"mailto:filtrox@filtrox.es\" target=\"_blank\" rel=\"noopener noreferrer\">filtrox@filtrox.es<\/a><\/p>\n<\/div>\n\n\n\n<div class=\"wp-block-column is-layout-flow wp-block-column-is-layout-flow\">\n<h5><span style=\"font-size: 12pt;\"><strong>FILTROX North America, Inc<\/strong><\/span><\/h5>\n<p>5506 6<sup>th<\/sup>&nbsp;Ave S. Suite 107<br>Seattle, WA 98108 \/ USA<br>Phone: Toll free 800 473 4526<br>Telefon: +1 425 820 4850<br>Fax: +1 425 820 2816<br><a href=\"mailto:info(at)filtercorp.com\">info<\/a><a href=\"mailto:sales(at)filtrox.ch\">@<\/a><a href=\"mailto:info(at)filtroxnorthamerica.com\">filtroxnorthamerica.com<\/a><\/p>\n<\/div>\n\n\n\n<div class=\"wp-block-column is-layout-flow wp-block-column-is-layout-flow\">\n<h5><span style=\"font-size: 12pt;\"><strong>FILTROX Latinoamerica S.A. de C.V.<\/strong><\/span><\/h5>\n<p>Prolongaci\u00f3n Recursos Hidr\u00e1ulicos 22, Lote A<br>La Loma, Tlalnepantla de Baz, CP 54060<br>Estado de M\u00e9xcio \/ Mexiko<br>Telefon: +52 55 2628 1691<br><a href=\"mailto:info(at)filtrox.com.mx\">info@filtrox.com.mx<\/a><\/p>\n<\/div>\n<\/div>\n\n\n\n<div class=\"wp-block-columns is-layout-flex wp-container-core-columns-is-layout-3 wp-block-columns-is-layout-flex\">\n<div class=\"wp-block-column is-layout-flow wp-block-column-is-layout-flow\">\n<h5><span style=\"font-size: 12pt;\"><strong>FILTROX Asia-Pacific Pte Ltd<\/strong><\/span><\/h5>\n<p>25 International Business Park<br>#02-14 German Center<br>Singapore 609916 \/ Singapur<br>Telefon: +65 9880 1651<br><a href=\"mailto:sales_apac@filtrox.com\">sales_apac@filtrox.com<\/a><\/p>\n<\/div>\n\n\n\n<div class=\"wp-block-column is-layout-flow wp-block-column-is-layout-flow\">\n<h5><span style=\"font-size: 12pt;\"><strong>FILTROX (Shanghai) Filtration Systems Co., Ltd<\/strong><\/span><\/h5>\n<p>Room 406, Qinghewan Road #980<br>Qingpu district<br>Shanghai 201717 \/ P.R. China<br>Telefon: +86 021 5922 7601<br><a href=\"mailto:sales_apac(at)filtrox.com\">sales_apac@filtrox.com<\/a><\/p>\n<\/div>\n\n\n\n<div class=\"wp-block-column is-layout-flow wp-block-column-is-layout-flow\"><\/div>\n<\/div>\n\n\n","protected":false},"excerpt":{"rendered":"<p>Standorte FILTROX weltweit Die FILTROX AG ist global pr\u00e4sent, um Ihnen erstklassige Filtrationsl\u00f6sungen und Service vor Ort zu bieten. Unsere Standorte in Europa, Nordamerika, Asien und weiteren Regionen stellen sicher, dass Sie weltweit von unserer Expertise profitieren. Finden Sie hier Ihr n\u00e4chstgelegenes FILTROX-B\u00fcro!<\/p>\n","protected":false},"author":8,"featured_media":0,"parent":41012,"menu_order":126,"comment_status":"closed","ping_status":"closed","template":"template_contactofcial.php","meta":{"_acf_changed":false,"advgb_blocks_editor_width":"","advgb_blocks_columns_visual_guide":"","footnotes":""},"class_list":["post-4936","page","type-page","status-publish","hentry"],"acf":[],"yoast_head":"<!-- This site is optimized with the Yoast SEO plugin v26.3 - https:\/\/yoast.com\/wordpress\/plugins\/seo\/ -->\n<title>Standorte finden - Filtrox Niederlassungen weltweit<\/title>\n<meta name=\"description\" content=\"Die Tiefenfiltration von Fl\u00fcssigkeiten ist unsere Kernkompetenz. Hier finden Sie unsere weltweiten Standorte.\" \/>\n<meta name=\"robots\" content=\"index, follow, max-snippet:-1, max-image-preview:large, max-video-preview:-1\" \/>\n<link rel=\"canonical\" href=\"https:\/\/www.filtrox.com\/ch\/kontakt\/standorte\/\" \/>\n<meta property=\"og:locale\" content=\"de_DE\" \/>\n<meta property=\"og:type\" content=\"article\" \/>\n<meta property=\"og:title\" content=\"Standorte finden - Filtrox Niederlassungen weltweit\" \/>\n<meta property=\"og:description\" content=\"Die Tiefenfiltration von Fl\u00fcssigkeiten ist unsere Kernkompetenz. Hier finden Sie unsere weltweiten Standorte.\" \/>\n<meta property=\"og:url\" content=\"https:\/\/www.filtrox.com\/ch\/kontakt\/standorte\/\" \/>\n<meta property=\"og:site_name\" content=\"Filtrox\" \/>\n<meta property=\"article:publisher\" content=\"https:\/\/www.facebook.com\/Filtrox-AG-2091458717567633\" \/>\n<meta property=\"article:modified_time\" content=\"2025-01-31T13:23:13+00:00\" \/>\n<meta property=\"og:image\" content=\"https:\/\/www.filtrox.com\/wp-content\/uploads\/2017\/04\/Weltkarte_Homepage_Stand_12.04.2017-e1630481494282.jpg\" \/>\n<meta name=\"twitter:card\" content=\"summary_large_image\" \/>\n<meta name=\"twitter:site\" content=\"@FILTROX1\" \/>\n<meta name=\"twitter:label1\" content=\"Gesch\u00e4tzte Lesezeit\" \/>\n\t<meta name=\"twitter:data1\" content=\"1 Minute\" \/>\n<script type=\"application\/ld+json\" class=\"yoast-schema-graph\">{\"@context\":\"https:\/\/schema.org\",\"@graph\":[{\"@type\":\"WebPage\",\"@id\":\"https:\/\/www.filtrox.com\/ch\/kontakt\/standorte\/\",\"url\":\"https:\/\/www.filtrox.com\/ch\/kontakt\/standorte\/\",\"name\":\"Standorte finden - Filtrox Niederlassungen weltweit\",\"isPartOf\":{\"@id\":\"https:\/\/www.filtrox.com\/#website\"},\"primaryImageOfPage\":{\"@id\":\"https:\/\/www.filtrox.com\/ch\/kontakt\/standorte\/#primaryimage\"},\"image\":{\"@id\":\"https:\/\/www.filtrox.com\/ch\/kontakt\/standorte\/#primaryimage\"},\"thumbnailUrl\":\"https:\/\/www.filtrox.com\/wp-content\/uploads\/2017\/04\/Weltkarte_Homepage_Stand_12.04.2017-e1630481494282.jpg\",\"datePublished\":\"2016-08-16T08:26:32+00:00\",\"dateModified\":\"2025-01-31T13:23:13+00:00\",\"description\":\"Die Tiefenfiltration von Fl\u00fcssigkeiten ist unsere Kernkompetenz. Hier finden Sie unsere weltweiten Standorte.\",\"breadcrumb\":{\"@id\":\"https:\/\/www.filtrox.com\/ch\/kontakt\/standorte\/#breadcrumb\"},\"inLanguage\":\"de-CH\",\"potentialAction\":[{\"@type\":\"ReadAction\",\"target\":[\"https:\/\/www.filtrox.com\/ch\/kontakt\/standorte\/\"]}]},{\"@type\":\"ImageObject\",\"inLanguage\":\"de-CH\",\"@id\":\"https:\/\/www.filtrox.com\/ch\/kontakt\/standorte\/#primaryimage\",\"url\":\"https:\/\/www.filtrox.com\/wp-content\/uploads\/2017\/04\/Weltkarte_Homepage_Stand_12.04.2017-e1630481494282.jpg\",\"contentUrl\":\"https:\/\/www.filtrox.com\/wp-content\/uploads\/2017\/04\/Weltkarte_Homepage_Stand_12.04.2017-e1630481494282.jpg\"},{\"@type\":\"BreadcrumbList\",\"@id\":\"https:\/\/www.filtrox.com\/ch\/kontakt\/standorte\/#breadcrumb\",\"itemListElement\":[{\"@type\":\"ListItem\",\"position\":1,\"name\":\"Home\",\"item\":\"https:\/\/www.filtrox.com\/ch\/\"},{\"@type\":\"ListItem\",\"position\":2,\"name\":\"Kontakt\",\"item\":\"https:\/\/www.filtrox.com\/ch\/kontakt\/\"},{\"@type\":\"ListItem\",\"position\":3,\"name\":\"Standorte\"}]},{\"@type\":\"WebSite\",\"@id\":\"https:\/\/www.filtrox.com\/#website\",\"url\":\"https:\/\/www.filtrox.com\/\",\"name\":\"Filtrox\",\"description\":\"DEPTH FILTRATION FOR VALUABLE LIQUIDS.\",\"publisher\":{\"@id\":\"https:\/\/www.filtrox.com\/#organization\"},\"potentialAction\":[{\"@type\":\"SearchAction\",\"target\":{\"@type\":\"EntryPoint\",\"urlTemplate\":\"https:\/\/www.filtrox.com\/?s={search_term_string}\"},\"query-input\":{\"@type\":\"PropertyValueSpecification\",\"valueRequired\":true,\"valueName\":\"search_term_string\"}}],\"inLanguage\":\"de-CH\"},{\"@type\":\"Organization\",\"@id\":\"https:\/\/www.filtrox.com\/#organization\",\"name\":\"Filtrox\",\"alternateName\":\"FX\",\"url\":\"https:\/\/www.filtrox.com\/\",\"logo\":{\"@type\":\"ImageObject\",\"inLanguage\":\"de-CH\",\"@id\":\"https:\/\/www.filtrox.com\/#\/schema\/logo\/image\/\",\"url\":\"https:\/\/www.filtrox.com\/wp-content\/uploads\/2015\/02\/FX-Logo_RGB_0-74-153.jpg\",\"contentUrl\":\"https:\/\/www.filtrox.com\/wp-content\/uploads\/2015\/02\/FX-Logo_RGB_0-74-153.jpg\",\"width\":512,\"height\":512,\"caption\":\"Filtrox\"},\"image\":{\"@id\":\"https:\/\/www.filtrox.com\/#\/schema\/logo\/image\/\"},\"sameAs\":[\"https:\/\/www.facebook.com\/Filtrox-AG-2091458717567633\",\"https:\/\/x.com\/FILTROX1\",\"https:\/\/www.instagram.com\/filtroxag\/\",\"https:\/\/www.linkedin.com\/company\/34636121\/\",\"https:\/\/www.youtube.com\/channel\/UCi3A2_4M_c-CcEst9YJ4U9g\/featured?disable_polymer=1\"]}]}<\/script>\n<!-- \/ Yoast SEO plugin. -->","yoast_head_json":{"title":"Standorte finden - Filtrox Niederlassungen weltweit","description":"Die Tiefenfiltration von Fl\u00fcssigkeiten ist unsere Kernkompetenz. Hier finden Sie unsere weltweiten Standorte.","robots":{"index":"index","follow":"follow","max-snippet":"max-snippet:-1","max-image-preview":"max-image-preview:large","max-video-preview":"max-video-preview:-1"},"canonical":"https:\/\/www.filtrox.com\/ch\/kontakt\/standorte\/","og_locale":"de_DE","og_type":"article","og_title":"Standorte finden - Filtrox Niederlassungen weltweit","og_description":"Die Tiefenfiltration von Fl\u00fcssigkeiten ist unsere Kernkompetenz. Hier finden Sie unsere weltweiten Standorte.","og_url":"https:\/\/www.filtrox.com\/ch\/kontakt\/standorte\/","og_site_name":"Filtrox","article_publisher":"https:\/\/www.facebook.com\/Filtrox-AG-2091458717567633","article_modified_time":"2025-01-31T13:23:13+00:00","og_image":[{"url":"https:\/\/www.filtrox.com\/wp-content\/uploads\/2017\/04\/Weltkarte_Homepage_Stand_12.04.2017-e1630481494282.jpg","type":"","width":"","height":""}],"twitter_card":"summary_large_image","twitter_site":"@FILTROX1","twitter_misc":{"Gesch\u00e4tzte Lesezeit":"1 Minute"},"schema":{"@context":"https:\/\/schema.org","@graph":[{"@type":"WebPage","@id":"https:\/\/www.filtrox.com\/ch\/kontakt\/standorte\/","url":"https:\/\/www.filtrox.com\/ch\/kontakt\/standorte\/","name":"Standorte finden - Filtrox Niederlassungen weltweit","isPartOf":{"@id":"https:\/\/www.filtrox.com\/#website"},"primaryImageOfPage":{"@id":"https:\/\/www.filtrox.com\/ch\/kontakt\/standorte\/#primaryimage"},"image":{"@id":"https:\/\/www.filtrox.com\/ch\/kontakt\/standorte\/#primaryimage"},"thumbnailUrl":"https:\/\/www.filtrox.com\/wp-content\/uploads\/2017\/04\/Weltkarte_Homepage_Stand_12.04.2017-e1630481494282.jpg","datePublished":"2016-08-16T08:26:32+00:00","dateModified":"2025-01-31T13:23:13+00:00","description":"Die Tiefenfiltration von Fl\u00fcssigkeiten ist unsere Kernkompetenz. Hier finden Sie unsere weltweiten Standorte.","breadcrumb":{"@id":"https:\/\/www.filtrox.com\/ch\/kontakt\/standorte\/#breadcrumb"},"inLanguage":"de-CH","potentialAction":[{"@type":"ReadAction","target":["https:\/\/www.filtrox.com\/ch\/kontakt\/standorte\/"]}]},{"@type":"ImageObject","inLanguage":"de-CH","@id":"https:\/\/www.filtrox.com\/ch\/kontakt\/standorte\/#primaryimage","url":"https:\/\/www.filtrox.com\/wp-content\/uploads\/2017\/04\/Weltkarte_Homepage_Stand_12.04.2017-e1630481494282.jpg","contentUrl":"https:\/\/www.filtrox.com\/wp-content\/uploads\/2017\/04\/Weltkarte_Homepage_Stand_12.04.2017-e1630481494282.jpg"},{"@type":"BreadcrumbList","@id":"https:\/\/www.filtrox.com\/ch\/kontakt\/standorte\/#breadcrumb","itemListElement":[{"@type":"ListItem","position":1,"name":"Home","item":"https:\/\/www.filtrox.com\/ch\/"},{"@type":"ListItem","position":2,"name":"Kontakt","item":"https:\/\/www.filtrox.com\/ch\/kontakt\/"},{"@type":"ListItem","position":3,"name":"Standorte"}]},{"@type":"WebSite","@id":"https:\/\/www.filtrox.com\/#website","url":"https:\/\/www.filtrox.com\/","name":"Filtrox","description":"DEPTH FILTRATION FOR VALUABLE LIQUIDS.","publisher":{"@id":"https:\/\/www.filtrox.com\/#organization"},"potentialAction":[{"@type":"SearchAction","target":{"@type":"EntryPoint","urlTemplate":"https:\/\/www.filtrox.com\/?s={search_term_string}"},"query-input":{"@type":"PropertyValueSpecification","valueRequired":true,"valueName":"search_term_string"}}],"inLanguage":"de-CH"},{"@type":"Organization","@id":"https:\/\/www.filtrox.com\/#organization","name":"Filtrox","alternateName":"FX","url":"https:\/\/www.filtrox.com\/","logo":{"@type":"ImageObject","inLanguage":"de-CH","@id":"https:\/\/www.filtrox.com\/#\/schema\/logo\/image\/","url":"https:\/\/www.filtrox.com\/wp-content\/uploads\/2015\/02\/FX-Logo_RGB_0-74-153.jpg","contentUrl":"https:\/\/www.filtrox.com\/wp-content\/uploads\/2015\/02\/FX-Logo_RGB_0-74-153.jpg","width":512,"height":512,"caption":"Filtrox"},"image":{"@id":"https:\/\/www.filtrox.com\/#\/schema\/logo\/image\/"},"sameAs":["https:\/\/www.facebook.com\/Filtrox-AG-2091458717567633","https:\/\/x.com\/FILTROX1","https:\/\/www.instagram.com\/filtroxag\/","https:\/\/www.linkedin.com\/company\/34636121\/","https:\/\/www.youtube.com\/channel\/UCi3A2_4M_c-CcEst9YJ4U9g\/featured?disable_polymer=1"]}]}},"coauthors":[],"author_meta":{"author_link":"https:\/\/www.filtrox.com\/ch\/blog\/author\/fosca-roman\/","display_name":"Fosca Roman"},"relative_dates":{"created":"Posted 10 Jahren ago","modified":"Updated 1 Jahr ago"},"absolute_dates":{"created":"Posted on August 16, 2016","modified":"Updated on Januar 31, 2025"},"absolute_dates_time":{"created":"Posted on August 16, 2016 9:26 am","modified":"Updated on Januar 31, 2025 2:23 pm"},"featured_img_caption":"","featured_img":false,"series_order":"","publishpress_future_action":{"enabled":false,"date":"2026-05-06 15:49:02","action":"change-status","newStatus":"draft","terms":[],"taxonomy":"translation_priority","extraData":[]},"publishpress_future_workflow_manual_trigger":{"enabledWorkflows":[]},"_links":{"self":[{"href":"https:\/\/www.filtrox.com\/ch\/wp-json\/wp\/v2\/pages\/4936","targetHints":{"allow":["GET"]}}],"collection":[{"href":"https:\/\/www.filtrox.com\/ch\/wp-json\/wp\/v2\/pages"}],"about":[{"href":"https:\/\/www.filtrox.com\/ch\/wp-json\/wp\/v2\/types\/page"}],"author":[{"embeddable":true,"href":"https:\/\/www.filtrox.com\/ch\/wp-json\/wp\/v2\/users\/8"}],"replies":[{"embeddable":true,"href":"https:\/\/www.filtrox.com\/ch\/wp-json\/wp\/v2\/comments?post=4936"}],"version-history":[{"count":6,"href":"https:\/\/www.filtrox.com\/ch\/wp-json\/wp\/v2\/pages\/4936\/revisions"}],"predecessor-version":[{"id":59978,"href":"https:\/\/www.filtrox.com\/ch\/wp-json\/wp\/v2\/pages\/4936\/revisions\/59978"}],"up":[{"embeddable":true,"href":"https:\/\/www.filtrox.com\/ch\/wp-json\/wp\/v2\/pages\/41012"}],"wp:attachment":[{"href":"https:\/\/www.filtrox.com\/ch\/wp-json\/wp\/v2\/media?parent=4936"}],"curies":[{"name":"wp","href":"https:\/\/api.w.org\/{rel}","templated":true}]}}