{"id":4940,"date":"2015-02-17T07:25:27","date_gmt":"2015-02-17T06:25:27","guid":{"rendered":"https:\/\/www.filtrox.com\/ch\/homepage\/"},"modified":"2024-12-31T12:33:44","modified_gmt":"2024-12-31T11:33:44","slug":"fluessigkeiten-filtration-experten","status":"publish","type":"page","link":"https:\/\/www.filtrox.com\/ch\/","title":{"rendered":"Homepage"},"content":{"rendered":"<h1>Filtration f\u00fcr Fl\u00fcssigkeiten<\/h1>\n<p>Die Tiefenfiltration f\u00fcr wertvolle Fl\u00fcssigkeiten ist in vielen Produktionsprozessen und in Laboranwendungen zu finden. Unsere Entwicklungen f\u00fcr die Filtration werden f\u00fcr den Bereich der Mikrofiltration eingesetzt. Unsere Tiefenfilter finden Sie im Bereich Lebensmittel, Getr\u00e4nke, Pharma, Biotech und Chemie.<\/p>\n<p>Die Tiefenfiltration ist unsere Leidenschaft. Wir entwickeln L\u00f6sungen, die individuell f\u00fcr Ihre Bed\u00fcrfnisse angepasst werden k\u00f6nnen. Da wir der Meinung sind, dass nur das Beste gut genug f\u00fcr Sie ist, legen wir Wert auf h\u00f6chste Qualit\u00e4t bei Materialien und Verarbeitung.<\/p>\n<p>Mehr \u00fcber die breite Anwendungsvielfalt unserer Produkte finden Sie hier:&nbsp;<a href=\"https:\/\/www.filtrox.com\/ch\/anwendungen\/filtration-fur-life-sciences\/\">https:\/\/www.filtrox.com\/ch\/anwendungen\/filtration-fur-life-sciences\/<\/a><\/p>\n<p>Unsere Geschichte und Expertise reicht bis ins Jahr 1938 zur\u00fcck. Diese langj\u00e4hrige Erfahrung geben wir gerne an Sie weiter.<\/p>\n\n\n<h4>Tiefenfiltrationsl\u00f6sungen f\u00fcr wertvolle Fl\u00fcssigkeiten<\/h4>\n<p>Filtrox ist der weltweite Filtrationsexperte in der Tiefenfiltration. Seit 1938 entwickeln und fertigen wir sowohl Filtermedien als auch Filteranlagen. Wir entwickeln Tiefenfiltrationsl\u00f6sungen f\u00fcr Branchen wie Lebensmittel und Getr\u00e4nke, Life Science, Biotec, Pharma, Kosmetik und auch f\u00fcr die Chemie.<\/p>\n<p>Im Allgemeinen wird Mikrofiltration als ein Filtrationsverfahren definiert, das einen Porengr\u00f6\u00dfenbereich von 0,1 bis 10 Mikrometer verwendet. Mikrofiltration entfernt feine Feststoffe und Organismen wie Bakterien (Sterilfiltration).<\/p>\n<p>Die von uns gefilterten Fl\u00fcssigkeiten gelangen oft in den menschlichen K\u00f6rper. Dies kann in verschiedenen Formen wie Getr\u00e4nke, Lebensmittel, Pharmazeutika oder Kosmetika sein. Daher m\u00fcssen die strengsten Hygiene- und Herstellungsstandards eingehalten werden.<\/p>\n<h4>Jedes Filtrationsproblem ist anders<\/h4>\n<p>Das weltweite Netzwerk qualifizierter Filtrox-Vertriebsingenieure hilft Ihnen, die optimale L\u00f6sung zum Filtern Ihrer speziellen Fl\u00fcssigkeit zu finden. Zusammen mit unseren Labormitarbeitern f\u00fchren sie Filtrierbarkeitstests durch und bieten technischen Support, um sicherzustellen, dass Sie den richtigen Filtertyp kaufen.<\/p>\n<p>Unsere Ingenieure konstruieren Ihren individuellen Filter passend zu Ihrem Produktionsprozess. Sie unterst\u00fctzen Sie auch w\u00e4hrend der Installations- und Inbetriebnahmephase.<\/p>\n<p>Unsere Filter tragen entscheidend zur Qualit\u00e4t Ihres Endprodukts bei. Deshalb fertigen wir sowohl unsere Ger\u00e4te als auch unsere Filtermedien in unserem Werk in St.Gallen. Dies nach h\u00f6chsten internationalen Standards.<\/p>\n\n\n\n<figure class=\"wp-block-image size-large advgb-dyn-6f0873fd\"><img decoding=\"async\" width=\"1024\" height=\"682\" data-src=\"https:\/\/www.filtrox.com\/wp-content\/uploads\/2019\/05\/schichten-1-1024x682.jpg\" alt=\"FILTROX Filterschichten Herstellung f\u00fcr die Tiefenfiltration\" class=\"wp-image-23814 lazyload\" title=\"L\u00f6sungen in der Tiefenfiltration\" src=\"data:image\/svg+xml;base64,PHN2ZyB3aWR0aD0iMSIgaGVpZ2h0PSIxIiB4bWxucz0iaHR0cDovL3d3dy53My5vcmcvMjAwMC9zdmciPjwvc3ZnPg==\" style=\"--smush-placeholder-width: 1024px; --smush-placeholder-aspect-ratio: 1024\/682;\" \/><figcaption class=\"wp-element-caption\">FILTROX &#8211; Our focus on depth filtration<\/figcaption><\/figure>\n","protected":false},"excerpt":{"rendered":"<p>Filtration f\u00fcr Fl\u00fcssigkeiten Die Tiefenfiltration f\u00fcr wertvolle Fl\u00fcssigkeiten ist in vielen Produktionsprozessen und in Laboranwendungen zu finden. Unsere Entwicklungen f\u00fcr die Filtration werden f\u00fcr den Bereich der Mikrofiltration eingesetzt. Unsere Tiefenfilter finden Sie im Bereich Lebensmittel, Getr\u00e4nke, Pharma, Biotech und Chemie. Die Tiefenfiltration ist unsere Leidenschaft. Wir entwickeln L\u00f6sungen, die individuell f\u00fcr Ihre Bed\u00fcrfnisse angepasst &hellip; <a href=\"https:\/\/www.filtrox.com\/ch\/\" class=\"more-link\">Continue reading <span class=\"screen-reader-text\">Homepage<\/span> <span class=\"meta-nav\">&rarr;<\/span><\/a><\/p>\n","protected":false},"author":8,"featured_media":0,"parent":0,"menu_order":104,"comment_status":"closed","ping_status":"open","template":"tmp_home.php","meta":{"_acf_changed":false,"advgb_blocks_editor_width":"","advgb_blocks_columns_visual_guide":"","footnotes":""},"class_list":["post-4940","page","type-page","status-publish","hentry"],"acf":[],"yoast_head":"<!-- This site is optimized with the Yoast SEO plugin v26.3 - https:\/\/yoast.com\/wordpress\/plugins\/seo\/ -->\n<title>Tiefenfiltration f\u00fcr Fl\u00fcssigkeiten - Mikrofiltration - FILTROX<\/title>\n<meta name=\"description\" content=\"Tiefenfiltration f\u00fcr wertvolle Fl\u00fcssigkeiten. Unsere Entwicklungen in der Mikrofiltration erf\u00fcllen h\u00f6chste Anforderungen.\" \/>\n<meta name=\"robots\" content=\"index, follow, max-snippet:-1, max-image-preview:large, max-video-preview:-1\" \/>\n<link rel=\"canonical\" href=\"https:\/\/www.filtrox.com\/ch\/\" \/>\n<meta property=\"og:locale\" content=\"de_DE\" \/>\n<meta property=\"og:type\" content=\"article\" \/>\n<meta property=\"og:title\" content=\"Tiefenfiltration f\u00fcr Fl\u00fcssigkeiten - Mikrofiltration - FILTROX\" \/>\n<meta property=\"og:description\" content=\"Tiefenfiltration f\u00fcr wertvolle Fl\u00fcssigkeiten. Unsere Entwicklungen in der Mikrofiltration erf\u00fcllen h\u00f6chste Anforderungen.\" \/>\n<meta property=\"og:url\" content=\"https:\/\/www.filtrox.com\/ch\/\" \/>\n<meta property=\"og:site_name\" content=\"Filtrox\" \/>\n<meta property=\"article:publisher\" content=\"https:\/\/www.facebook.com\/Filtrox-AG-2091458717567633\" \/>\n<meta property=\"article:modified_time\" content=\"2024-12-31T11:33:44+00:00\" \/>\n<meta property=\"og:image\" content=\"https:\/\/www.filtrox.com\/wp-content\/uploads\/2019\/05\/schichten-1-e1558344330517.jpg\" \/>\n\t<meta property=\"og:image:width\" content=\"1181\" \/>\n\t<meta property=\"og:image:height\" content=\"787\" \/>\n\t<meta property=\"og:image:type\" content=\"image\/jpeg\" \/>\n<meta name=\"twitter:card\" content=\"summary_large_image\" \/>\n<meta name=\"twitter:site\" content=\"@FILTROX1\" \/>\n<meta name=\"twitter:label1\" content=\"Gesch\u00e4tzte Lesezeit\" \/>\n\t<meta name=\"twitter:data1\" content=\"2 Minuten\" \/>\n<script type=\"application\/ld+json\" class=\"yoast-schema-graph\">{\"@context\":\"https:\/\/schema.org\",\"@graph\":[{\"@type\":\"WebPage\",\"@id\":\"https:\/\/www.filtrox.com\/ch\/\",\"url\":\"https:\/\/www.filtrox.com\/ch\/\",\"name\":\"Tiefenfiltration f\u00fcr Fl\u00fcssigkeiten - Mikrofiltration - FILTROX\",\"isPartOf\":{\"@id\":\"https:\/\/www.filtrox.com\/#website\"},\"primaryImageOfPage\":{\"@id\":\"https:\/\/www.filtrox.com\/ch\/#primaryimage\"},\"image\":{\"@id\":\"https:\/\/www.filtrox.com\/ch\/#primaryimage\"},\"thumbnailUrl\":\"https:\/\/www.filtrox.com\/wp-content\/uploads\/2019\/05\/schichten-1-1024x682.jpg\",\"datePublished\":\"2015-02-17T06:25:27+00:00\",\"dateModified\":\"2024-12-31T11:33:44+00:00\",\"description\":\"Tiefenfiltration f\u00fcr wertvolle Fl\u00fcssigkeiten. Unsere Entwicklungen in der Mikrofiltration erf\u00fcllen h\u00f6chste Anforderungen.\",\"breadcrumb\":{\"@id\":\"https:\/\/www.filtrox.com\/ch\/#breadcrumb\"},\"inLanguage\":\"de-CH\",\"potentialAction\":[{\"@type\":\"ReadAction\",\"target\":[\"https:\/\/www.filtrox.com\/ch\/\"]}]},{\"@type\":\"ImageObject\",\"inLanguage\":\"de-CH\",\"@id\":\"https:\/\/www.filtrox.com\/ch\/#primaryimage\",\"url\":\"https:\/\/www.filtrox.com\/wp-content\/uploads\/2019\/05\/schichten-1-1024x682.jpg\",\"contentUrl\":\"https:\/\/www.filtrox.com\/wp-content\/uploads\/2019\/05\/schichten-1-1024x682.jpg\"},{\"@type\":\"BreadcrumbList\",\"@id\":\"https:\/\/www.filtrox.com\/ch\/#breadcrumb\",\"itemListElement\":[{\"@type\":\"ListItem\",\"position\":1,\"name\":\"Home\",\"item\":\"https:\/\/www.filtrox.com\/ch\/\"},{\"@type\":\"ListItem\",\"position\":2,\"name\":\"Homepage\"}]},{\"@type\":\"WebSite\",\"@id\":\"https:\/\/www.filtrox.com\/#website\",\"url\":\"https:\/\/www.filtrox.com\/\",\"name\":\"Filtrox\",\"description\":\"DEPTH FILTRATION FOR VALUABLE LIQUIDS.\",\"publisher\":{\"@id\":\"https:\/\/www.filtrox.com\/#organization\"},\"potentialAction\":[{\"@type\":\"SearchAction\",\"target\":{\"@type\":\"EntryPoint\",\"urlTemplate\":\"https:\/\/www.filtrox.com\/?s={search_term_string}\"},\"query-input\":{\"@type\":\"PropertyValueSpecification\",\"valueRequired\":true,\"valueName\":\"search_term_string\"}}],\"inLanguage\":\"de-CH\"},{\"@type\":\"Organization\",\"@id\":\"https:\/\/www.filtrox.com\/#organization\",\"name\":\"Filtrox\",\"alternateName\":\"FX\",\"url\":\"https:\/\/www.filtrox.com\/\",\"logo\":{\"@type\":\"ImageObject\",\"inLanguage\":\"de-CH\",\"@id\":\"https:\/\/www.filtrox.com\/#\/schema\/logo\/image\/\",\"url\":\"https:\/\/www.filtrox.com\/wp-content\/uploads\/2015\/02\/FX-Logo_RGB_0-74-153.jpg\",\"contentUrl\":\"https:\/\/www.filtrox.com\/wp-content\/uploads\/2015\/02\/FX-Logo_RGB_0-74-153.jpg\",\"width\":512,\"height\":512,\"caption\":\"Filtrox\"},\"image\":{\"@id\":\"https:\/\/www.filtrox.com\/#\/schema\/logo\/image\/\"},\"sameAs\":[\"https:\/\/www.facebook.com\/Filtrox-AG-2091458717567633\",\"https:\/\/x.com\/FILTROX1\",\"https:\/\/www.instagram.com\/filtroxag\/\",\"https:\/\/www.linkedin.com\/company\/34636121\/\",\"https:\/\/www.youtube.com\/channel\/UCi3A2_4M_c-CcEst9YJ4U9g\/featured?disable_polymer=1\"]}]}<\/script>\n<!-- \/ Yoast SEO plugin. -->","yoast_head_json":{"title":"Tiefenfiltration f\u00fcr Fl\u00fcssigkeiten - Mikrofiltration - FILTROX","description":"Tiefenfiltration f\u00fcr wertvolle Fl\u00fcssigkeiten. Unsere Entwicklungen in der Mikrofiltration erf\u00fcllen h\u00f6chste Anforderungen.","robots":{"index":"index","follow":"follow","max-snippet":"max-snippet:-1","max-image-preview":"max-image-preview:large","max-video-preview":"max-video-preview:-1"},"canonical":"https:\/\/www.filtrox.com\/ch\/","og_locale":"de_DE","og_type":"article","og_title":"Tiefenfiltration f\u00fcr Fl\u00fcssigkeiten - Mikrofiltration - FILTROX","og_description":"Tiefenfiltration f\u00fcr wertvolle Fl\u00fcssigkeiten. Unsere Entwicklungen in der Mikrofiltration erf\u00fcllen h\u00f6chste Anforderungen.","og_url":"https:\/\/www.filtrox.com\/ch\/","og_site_name":"Filtrox","article_publisher":"https:\/\/www.facebook.com\/Filtrox-AG-2091458717567633","article_modified_time":"2024-12-31T11:33:44+00:00","og_image":[{"width":1181,"height":787,"url":"https:\/\/www.filtrox.com\/wp-content\/uploads\/2019\/05\/schichten-1-e1558344330517.jpg","type":"image\/jpeg"}],"twitter_card":"summary_large_image","twitter_site":"@FILTROX1","twitter_misc":{"Gesch\u00e4tzte Lesezeit":"2 Minuten"},"schema":{"@context":"https:\/\/schema.org","@graph":[{"@type":"WebPage","@id":"https:\/\/www.filtrox.com\/ch\/","url":"https:\/\/www.filtrox.com\/ch\/","name":"Tiefenfiltration f\u00fcr Fl\u00fcssigkeiten - Mikrofiltration - FILTROX","isPartOf":{"@id":"https:\/\/www.filtrox.com\/#website"},"primaryImageOfPage":{"@id":"https:\/\/www.filtrox.com\/ch\/#primaryimage"},"image":{"@id":"https:\/\/www.filtrox.com\/ch\/#primaryimage"},"thumbnailUrl":"https:\/\/www.filtrox.com\/wp-content\/uploads\/2019\/05\/schichten-1-1024x682.jpg","datePublished":"2015-02-17T06:25:27+00:00","dateModified":"2024-12-31T11:33:44+00:00","description":"Tiefenfiltration f\u00fcr wertvolle Fl\u00fcssigkeiten. Unsere Entwicklungen in der Mikrofiltration erf\u00fcllen h\u00f6chste Anforderungen.","breadcrumb":{"@id":"https:\/\/www.filtrox.com\/ch\/#breadcrumb"},"inLanguage":"de-CH","potentialAction":[{"@type":"ReadAction","target":["https:\/\/www.filtrox.com\/ch\/"]}]},{"@type":"ImageObject","inLanguage":"de-CH","@id":"https:\/\/www.filtrox.com\/ch\/#primaryimage","url":"https:\/\/www.filtrox.com\/wp-content\/uploads\/2019\/05\/schichten-1-1024x682.jpg","contentUrl":"https:\/\/www.filtrox.com\/wp-content\/uploads\/2019\/05\/schichten-1-1024x682.jpg"},{"@type":"BreadcrumbList","@id":"https:\/\/www.filtrox.com\/ch\/#breadcrumb","itemListElement":[{"@type":"ListItem","position":1,"name":"Home","item":"https:\/\/www.filtrox.com\/ch\/"},{"@type":"ListItem","position":2,"name":"Homepage"}]},{"@type":"WebSite","@id":"https:\/\/www.filtrox.com\/#website","url":"https:\/\/www.filtrox.com\/","name":"Filtrox","description":"DEPTH FILTRATION FOR VALUABLE LIQUIDS.","publisher":{"@id":"https:\/\/www.filtrox.com\/#organization"},"potentialAction":[{"@type":"SearchAction","target":{"@type":"EntryPoint","urlTemplate":"https:\/\/www.filtrox.com\/?s={search_term_string}"},"query-input":{"@type":"PropertyValueSpecification","valueRequired":true,"valueName":"search_term_string"}}],"inLanguage":"de-CH"},{"@type":"Organization","@id":"https:\/\/www.filtrox.com\/#organization","name":"Filtrox","alternateName":"FX","url":"https:\/\/www.filtrox.com\/","logo":{"@type":"ImageObject","inLanguage":"de-CH","@id":"https:\/\/www.filtrox.com\/#\/schema\/logo\/image\/","url":"https:\/\/www.filtrox.com\/wp-content\/uploads\/2015\/02\/FX-Logo_RGB_0-74-153.jpg","contentUrl":"https:\/\/www.filtrox.com\/wp-content\/uploads\/2015\/02\/FX-Logo_RGB_0-74-153.jpg","width":512,"height":512,"caption":"Filtrox"},"image":{"@id":"https:\/\/www.filtrox.com\/#\/schema\/logo\/image\/"},"sameAs":["https:\/\/www.facebook.com\/Filtrox-AG-2091458717567633","https:\/\/x.com\/FILTROX1","https:\/\/www.instagram.com\/filtroxag\/","https:\/\/www.linkedin.com\/company\/34636121\/","https:\/\/www.youtube.com\/channel\/UCi3A2_4M_c-CcEst9YJ4U9g\/featured?disable_polymer=1"]}]}},"coauthors":[],"author_meta":{"author_link":"https:\/\/www.filtrox.com\/ch\/blog\/author\/fosca-roman\/","display_name":"Fosca Roman"},"relative_dates":{"created":"Posted 11 Jahren ago","modified":"Updated 1 Jahr ago"},"absolute_dates":{"created":"Posted on Februar 17, 2015","modified":"Updated on Dezember 31, 2024"},"absolute_dates_time":{"created":"Posted on Februar 17, 2015 7:25 am","modified":"Updated on Dezember 31, 2024 12:33 pm"},"featured_img_caption":"","featured_img":false,"series_order":"","publishpress_future_action":{"enabled":false,"date":"2026-05-01 11:47:11","action":"change-status","newStatus":"draft","terms":[],"taxonomy":"translation_priority","extraData":[]},"publishpress_future_workflow_manual_trigger":{"enabledWorkflows":[]},"_links":{"self":[{"href":"https:\/\/www.filtrox.com\/ch\/wp-json\/wp\/v2\/pages\/4940","targetHints":{"allow":["GET"]}}],"collection":[{"href":"https:\/\/www.filtrox.com\/ch\/wp-json\/wp\/v2\/pages"}],"about":[{"href":"https:\/\/www.filtrox.com\/ch\/wp-json\/wp\/v2\/types\/page"}],"author":[{"embeddable":true,"href":"https:\/\/www.filtrox.com\/ch\/wp-json\/wp\/v2\/users\/8"}],"replies":[{"embeddable":true,"href":"https:\/\/www.filtrox.com\/ch\/wp-json\/wp\/v2\/comments?post=4940"}],"version-history":[{"count":8,"href":"https:\/\/www.filtrox.com\/ch\/wp-json\/wp\/v2\/pages\/4940\/revisions"}],"predecessor-version":[{"id":54233,"href":"https:\/\/www.filtrox.com\/ch\/wp-json\/wp\/v2\/pages\/4940\/revisions\/54233"}],"wp:attachment":[{"href":"https:\/\/www.filtrox.com\/ch\/wp-json\/wp\/v2\/media?parent=4940"}],"curies":[{"name":"wp","href":"https:\/\/api.w.org\/{rel}","templated":true}]}}