{"id":52197,"date":"2023-07-01T13:18:49","date_gmt":"2023-07-01T12:18:49","guid":{"rendered":"https:\/\/www.filtrox.com\/?page_id=52197"},"modified":"2025-01-02T13:08:19","modified_gmt":"2025-01-02T12:08:19","slug":"ergaenzende-produkte","status":"publish","type":"page","link":"https:\/\/www.filtrox.com\/ch\/produkte-fuer-die-filtration\/ergaenzende-produkte\/","title":{"rendered":"Erg\u00e4nzende Produkte"},"content":{"rendered":"\n<h2>Erg\u00e4nzende Produkte<\/h2>\n<p>Wenn es um die Tiefenfiltration geht, gibt es mehrere erg\u00e4nzende Produkte, die Ihnen helfen k\u00f6nnen, den Prozess zu verbessern und bessere Ergebnisse zu erzielen. Neben unseren Filtermedien und Filterapparaten f\u00fchren wir auch St\u00fctzschichten f\u00fcr die Anschwemmfiltration, Filterkerzen und Filterhilfsmittel (Kieselgur) in unserem Sortiment.<\/p>\n\n\n\n<div style=\"height:10px\" aria-hidden=\"true\" class=\"wp-block-spacer\"><\/div>\n\n\n\n<p class=\"has-white-color has-cyan-bluish-gray-background-color has-text-color has-background has-large-font-size\">ST\u00dcTZSCHICHTEN<\/p>\n\n\n\n<div class=\"wp-block-media-text alignwide is-stacked-on-mobile\" style=\"grid-template-columns:24% auto\"><figure class=\"wp-block-media-text__media\"><img decoding=\"async\" width=\"1000\" height=\"667\" data-src=\"https:\/\/www.filtrox.com\/wp-content\/uploads\/2020\/04\/Durofil-s-plus_web_1000px.jpg\" alt=\"Durofil S Plus support sheet\" class=\"wp-image-30460 size-full lazyload\" data-srcset=\"https:\/\/www.filtrox.com\/wp-content\/uploads\/2020\/04\/Durofil-s-plus_web_1000px.jpg 1000w, https:\/\/www.filtrox.com\/wp-content\/uploads\/2020\/04\/Durofil-s-plus_web_1000px-300x200.jpg 300w, https:\/\/www.filtrox.com\/wp-content\/uploads\/2020\/04\/Durofil-s-plus_web_1000px-768x512.jpg 768w, https:\/\/www.filtrox.com\/wp-content\/uploads\/2020\/04\/Durofil-s-plus_web_1000px-24x16.jpg 24w, https:\/\/www.filtrox.com\/wp-content\/uploads\/2020\/04\/Durofil-s-plus_web_1000px-36x24.jpg 36w, https:\/\/www.filtrox.com\/wp-content\/uploads\/2020\/04\/Durofil-s-plus_web_1000px-48x32.jpg 48w\" data-sizes=\"(max-width: 1000px) 100vw, 1000px\" src=\"data:image\/svg+xml;base64,PHN2ZyB3aWR0aD0iMSIgaGVpZ2h0PSIxIiB4bWxucz0iaHR0cDovL3d3dy53My5vcmcvMjAwMC9zdmciPjwvc3ZnPg==\" style=\"--smush-placeholder-width: 1000px; --smush-placeholder-aspect-ratio: 1000\/667;\" \/><\/figure><div class=\"wp-block-media-text__content\">\n<h4 style=\"font-size: 30px;\">DUROFIL\u00ae<\/h4>\n\n\n\n<p>Die DUROFIL\u00ae St\u00fctzschicht wurde speziell f\u00fcr die Herausforderungen der Anschwemmfiltration in der Lebensmittel- und Getr\u00e4nkeindustrie entwickelt. Aufgrund ihrer einzigartigen Festigkeit halten die Schichten auch h\u00f6chsten Kr\u00e4ften \u00fcber einen langen Zeitraum stand.<\/p>\n\n\n\n<div class=\"wp-block-buttons is-content-justification-right is-layout-flex wp-container-core-buttons-is-layout-1 wp-block-buttons-is-layout-flex\">\n<div class=\"wp-block-button\"><a class=\"wp-block-button__link has-background wp-element-button\" href=\"https:\/\/www.filtrox.com\/ch\/produkte-fuer-die-filtration\/filterschichten-und-schichtenfilter\/durofil\/\" style=\"border-radius:0px;background-color:#666666\">Mehr erfahren &#8230;<\/a><\/div>\n<\/div>\n<\/div><\/div>\n\n\n\n<div style=\"height:5px\" aria-hidden=\"true\" class=\"wp-block-spacer\"><\/div>\n\n\n\n<div style=\"height:10px\" aria-hidden=\"true\" class=\"wp-block-spacer\"><\/div>\n\n\n\n<p class=\"has-white-color has-cyan-bluish-gray-background-color has-text-color has-background has-large-font-size\">FILTERKERZEN<\/p>\n\n\n\n<div class=\"wp-block-media-text alignwide is-stacked-on-mobile\" style=\"grid-template-columns:24% auto\"><figure class=\"wp-block-media-text__media\"><img decoding=\"async\" width=\"400\" height=\"418\" data-src=\"https:\/\/www.filtrox.com\/wp-content\/uploads\/2021\/03\/Adapter_Spitze_oben_B_klein.jpg\" alt=\"Clarox filter cartridge top\" class=\"wp-image-37085 size-full lazyload\" data-srcset=\"https:\/\/www.filtrox.com\/wp-content\/uploads\/2021\/03\/Adapter_Spitze_oben_B_klein.jpg 400w, https:\/\/www.filtrox.com\/wp-content\/uploads\/2021\/03\/Adapter_Spitze_oben_B_klein-287x300.jpg 287w, https:\/\/www.filtrox.com\/wp-content\/uploads\/2021\/03\/Adapter_Spitze_oben_B_klein-24x24.jpg 24w, https:\/\/www.filtrox.com\/wp-content\/uploads\/2021\/03\/Adapter_Spitze_oben_B_klein-34x36.jpg 34w, https:\/\/www.filtrox.com\/wp-content\/uploads\/2021\/03\/Adapter_Spitze_oben_B_klein-46x48.jpg 46w\" data-sizes=\"(max-width: 400px) 100vw, 400px\" src=\"data:image\/svg+xml;base64,PHN2ZyB3aWR0aD0iMSIgaGVpZ2h0PSIxIiB4bWxucz0iaHR0cDovL3d3dy53My5vcmcvMjAwMC9zdmciPjwvc3ZnPg==\" style=\"--smush-placeholder-width: 400px; --smush-placeholder-aspect-ratio: 400\/418;\" \/><\/figure><div class=\"wp-block-media-text__content\">\n<h4 style=\"font-size: 30px;\">CLAROX\u00ae PL und PL\/NR Filterkerzen<\/h4>\n\n\n\n<p>Die Filterkerzen PL und PL\/NR sind aus Polypropylen (PP) hergestellt. Das Filtermedium wird gro\u00dffl\u00e4chig, in gefalteter Form in die Filterkerzen eingebaut, wodurch sowohl die Filterfl\u00e4che als auch die R\u00fccksp\u00fclwirkung maximiert werden. Die Herstellungsmaterialien sind mit Chemikalien kompatibel und erm\u00f6glichen eine l\u00e4ngere Lebensdauer und Leistung dank Regenerations-\/Sterilisationszyklen. Die PL-Porengr\u00f6\u00dfen sind in absoluten Werten angegeben und die PL\/NR-Porengr\u00f6\u00dfen sind in nominalen Werten angegeben. Weitere technische Details finden Sie in den technischen Datenbl\u00e4ttern im <a href=\"https:\/\/www.filtrox.com\/ch\/downloads-dokumente\/\" target=\"_blank\" rel=\"noreferrer noopener\">Downloadbereich<\/a>.<\/p>\n\n\n\n<div class=\"wp-block-buttons is-content-justification-right is-layout-flex wp-container-core-buttons-is-layout-2 wp-block-buttons-is-layout-flex\">\n<div class=\"wp-block-button\"><a class=\"wp-block-button__link has-background wp-element-button\" href=\"https:\/\/www.filtrox.com\/ch\/kontakt\/anfragen\/\" style=\"border-radius:0px;background-color:#666666\">Anfrage senden<\/a><\/div>\n<\/div>\n<\/div><\/div>\n\n\n\n<div style=\"height:10px\" aria-hidden=\"true\" class=\"wp-block-spacer\"><\/div>\n\n\n\n<div class=\"wp-block-media-text alignwide is-stacked-on-mobile\" style=\"grid-template-columns:24% auto\"><figure class=\"wp-block-media-text__media\"><img decoding=\"async\" width=\"479\" height=\"500\" data-src=\"https:\/\/www.filtrox.com\/wp-content\/uploads\/2021\/03\/Adapter_Spitze_oben_klein.jpg\" alt=\"Clarox filter cartridge top\" class=\"wp-image-37070 size-full lazyload\" data-srcset=\"https:\/\/www.filtrox.com\/wp-content\/uploads\/2021\/03\/Adapter_Spitze_oben_klein.jpg 479w, https:\/\/www.filtrox.com\/wp-content\/uploads\/2021\/03\/Adapter_Spitze_oben_klein-287x300.jpg 287w, https:\/\/www.filtrox.com\/wp-content\/uploads\/2021\/03\/Adapter_Spitze_oben_klein-24x24.jpg 24w, https:\/\/www.filtrox.com\/wp-content\/uploads\/2021\/03\/Adapter_Spitze_oben_klein-34x36.jpg 34w, https:\/\/www.filtrox.com\/wp-content\/uploads\/2021\/03\/Adapter_Spitze_oben_klein-46x48.jpg 46w\" data-sizes=\"(max-width: 479px) 100vw, 479px\" src=\"data:image\/svg+xml;base64,PHN2ZyB3aWR0aD0iMSIgaGVpZ2h0PSIxIiB4bWxucz0iaHR0cDovL3d3dy53My5vcmcvMjAwMC9zdmciPjwvc3ZnPg==\" style=\"--smush-placeholder-width: 479px; --smush-placeholder-aspect-ratio: 479\/500;\" \/><\/figure><div class=\"wp-block-media-text__content\">\n<h4 style=\"font-size: 30px;\">CLAROX\u00ae MP\/W Membran-Filterkerzen<\/h4>\n\n\n\n<p>MP\/W Membranfilterkerzen bestehen aus hydrophilen Polyestersulfon (PES)-Medien. Das Filtermedium wird zur Maximierung der Filterfl\u00e4che mehrlagig plissiert in die Filterkerzen eingebaut. Die Herstellungsmaterialien sind mit Chemikalien kompatibel und erm\u00f6glichen eine l\u00e4ngere Lebensdauer und Leistung dank Regenerations- \/Sterilisationszyklen. Dieser Filterkerzentyp wird bei der Endfiltration von bereits vorgekl\u00e4rten Produkten eingesetzt, um die Entfernung sch\u00e4dlicher Mikroorganismen sicherzustellen. Es garantiert eine Sterilfiltration unmittelbar vor der Abf\u00fcllung und ist auf Integrit\u00e4t pr\u00fcfbar. Weitere technische Details finden Sie in den technischen Datenbl\u00e4ttern im <a href=\"https:\/\/www.filtrox.com\/ch\/downloads-dokumente\/\" target=\"_blank\" rel=\"noreferrer noopener\">Downloadbereich<\/a>. <\/p>\n\n\n\n<div class=\"wp-block-buttons is-content-justification-right is-layout-flex wp-container-core-buttons-is-layout-3 wp-block-buttons-is-layout-flex\">\n<div class=\"wp-block-button\"><a class=\"wp-block-button__link has-background wp-element-button\" href=\"https:\/\/www.filtrox.com\/ch\/kontakt\/anfragen\/\" style=\"border-radius:0px;background-color:#666666\">Anfrage senden<\/a><\/div>\n<\/div>\n<\/div><\/div>\n\n\n\n<div style=\"height:10px\" aria-hidden=\"true\" class=\"wp-block-spacer\"><\/div>\n\n\n\n<div class=\"wp-block-media-text alignwide is-stacked-on-mobile\" style=\"grid-template-columns:24% auto\"><figure class=\"wp-block-media-text__media\"><img decoding=\"async\" width=\"500\" height=\"522\" data-src=\"https:\/\/www.filtrox.com\/wp-content\/uploads\/2023\/06\/Filtrap_Schraege-Ansicht_500x522_web.jpg\" alt=\"Filtrap wound filter cartridge\" class=\"wp-image-54139 size-full lazyload\" data-srcset=\"https:\/\/www.filtrox.com\/wp-content\/uploads\/2023\/06\/Filtrap_Schraege-Ansicht_500x522_web.jpg 500w, https:\/\/www.filtrox.com\/wp-content\/uploads\/2023\/06\/Filtrap_Schraege-Ansicht_500x522_web-287x300.jpg 287w, https:\/\/www.filtrox.com\/wp-content\/uploads\/2023\/06\/Filtrap_Schraege-Ansicht_500x522_web-24x24.jpg 24w, https:\/\/www.filtrox.com\/wp-content\/uploads\/2023\/06\/Filtrap_Schraege-Ansicht_500x522_web-34x36.jpg 34w, https:\/\/www.filtrox.com\/wp-content\/uploads\/2023\/06\/Filtrap_Schraege-Ansicht_500x522_web-46x48.jpg 46w\" data-sizes=\"(max-width: 500px) 100vw, 500px\" src=\"data:image\/svg+xml;base64,PHN2ZyB3aWR0aD0iMSIgaGVpZ2h0PSIxIiB4bWxucz0iaHR0cDovL3d3dy53My5vcmcvMjAwMC9zdmciPjwvc3ZnPg==\" style=\"--smush-placeholder-width: 500px; --smush-placeholder-aspect-ratio: 500\/522;\" \/><\/figure><div class=\"wp-block-media-text__content\">\n<p style=\"font-size:30px\">FILTRAP FP \/ FPA Filterkerze<\/p>\n\n\n\n<p>Gewickelte Tiefenfilterkerze, entwickelt f\u00fcr den Sicherheitsfilter FILTRAP. Wird f\u00fcr die Bierfiltration und ein breites Anwendungsspektrum in der Getr\u00e4nkeindustrie verwendet. Weitere technische Details finden Sie in den technischen Datenbl\u00e4ttern im <a href=\"https:\/\/www.filtrox.com\/ch\/downloads-dokumente\/\" target=\"_blank\" rel=\"noreferrer noopener\">Downloadbereich<\/a>. <\/p>\n\n\n\n<div class=\"wp-block-buttons is-content-justification-right is-layout-flex wp-container-core-buttons-is-layout-4 wp-block-buttons-is-layout-flex\">\n<div class=\"wp-block-button\"><a class=\"wp-block-button__link has-background wp-element-button\" href=\"https:\/\/www.filtrox.com\/ch\/kontakt\/anfragen\/\" style=\"border-radius:0px;background-color:#666666\">Anfrage senden<\/a><\/div>\n<\/div>\n<\/div><\/div>\n\n\n\n<div style=\"height:10px\" aria-hidden=\"true\" class=\"wp-block-spacer\"><\/div>\n\n\n\n<p class=\"has-white-color has-cyan-bluish-gray-background-color has-text-color has-background has-large-font-size\">FILTERHILFSMITTEL<\/p>\n\n\n\n<div class=\"wp-block-media-text alignwide is-stacked-on-mobile\" style=\"grid-template-columns:24% auto\"><figure class=\"wp-block-media-text__media\"><img decoding=\"async\" width=\"500\" height=\"350\" data-src=\"https:\/\/www.filtrox.com\/wp-content\/uploads\/2020\/10\/Cellpure_500x350.jpg\" alt=\"Cellpure Filter Aid\" class=\"wp-image-34063 size-full lazyload\" data-srcset=\"https:\/\/www.filtrox.com\/wp-content\/uploads\/2020\/10\/Cellpure_500x350.jpg 500w, https:\/\/www.filtrox.com\/wp-content\/uploads\/2020\/10\/Cellpure_500x350-300x210.jpg 300w, https:\/\/www.filtrox.com\/wp-content\/uploads\/2020\/10\/Cellpure_500x350-24x17.jpg 24w, https:\/\/www.filtrox.com\/wp-content\/uploads\/2020\/10\/Cellpure_500x350-36x25.jpg 36w, https:\/\/www.filtrox.com\/wp-content\/uploads\/2020\/10\/Cellpure_500x350-48x34.jpg 48w\" data-sizes=\"(max-width: 500px) 100vw, 500px\" src=\"data:image\/svg+xml;base64,PHN2ZyB3aWR0aD0iMSIgaGVpZ2h0PSIxIiB4bWxucz0iaHR0cDovL3d3dy53My5vcmcvMjAwMC9zdmciPjwvc3ZnPg==\" style=\"--smush-placeholder-width: 500px; --smush-placeholder-aspect-ratio: 500\/350;\" \/><\/figure><div class=\"wp-block-media-text__content\">\n<h4 style=\"font-size: 30px;\">CELPURE\u00ae<\/h4>\n\n\n\n<p>CELPURE\u00ae wird aus Diatomeenerde hergestellt, bei der es sich um versteinerte \u00dcberreste hartschaliger Algen handelt. Es ist die ideale Wahl bei der Entwicklung neuer hochreiner Prozesse mit Diatomit-Filterhilfsmittel.<br>Viele Prozesse,&nbsp;wie z.&nbsp;B. Zellentfernung oder Plasmafraktionierung, ben\u00f6tigen Diatomeenerde (DE) als Filterhilfsmittel f\u00fcr die alluviale Filtration.<\/p>\n\n\n\n<div class=\"wp-block-buttons is-content-justification-right is-layout-flex wp-container-core-buttons-is-layout-5 wp-block-buttons-is-layout-flex\">\n<div class=\"wp-block-button\"><a class=\"wp-block-button__link has-background wp-element-button\" href=\"https:\/\/www.filtrox.com\/ch\/kontakt\/anfragen\/\" style=\"border-radius:0px;background-color:#666666\">Anfrage senden<\/a><\/div>\n<\/div>\n<\/div><\/div>\n\n\n\n<div style=\"height:10px\" aria-hidden=\"true\" class=\"wp-block-spacer\"><\/div>\n","protected":false},"excerpt":{"rendered":"<p>Erg\u00e4nzende Produkte Wenn es um die Tiefenfiltration geht, gibt es mehrere erg\u00e4nzende Produkte, die Ihnen helfen k\u00f6nnen, den Prozess zu verbessern und bessere Ergebnisse zu erzielen. Neben unseren Filtermedien und Filterapparaten f\u00fchren wir auch St\u00fctzschichten f\u00fcr die Anschwemmfiltration, Filterkerzen und Filterhilfsmittel (Kieselgur) in unserem Sortiment. ST\u00dcTZSCHICHTEN FILTERKERZEN FILTERHILFSMITTEL<\/p>\n","protected":false},"author":8,"featured_media":0,"parent":4911,"menu_order":0,"comment_status":"closed","ping_status":"closed","template":"template_products.php","meta":{"_acf_changed":false,"advgb_blocks_editor_width":"","advgb_blocks_columns_visual_guide":"","footnotes":""},"class_list":["post-52197","page","type-page","status-publish","hentry"],"acf":[],"yoast_head":"<!-- This site is optimized with the Yoast SEO plugin v26.3 - https:\/\/yoast.com\/wordpress\/plugins\/seo\/ -->\n<title>Erg\u00e4nzende Produkte - Filtrox<\/title>\n<meta name=\"description\" content=\"Wenn es um die Tiefenfiltration geht, gibt es erg\u00e4nzende Produkte, die helfen k\u00f6nnen, den Prozess und die Ergebnisse zu verbessern.\" \/>\n<meta name=\"robots\" content=\"index, follow, max-snippet:-1, max-image-preview:large, max-video-preview:-1\" \/>\n<link rel=\"canonical\" href=\"https:\/\/www.filtrox.com\/ch\/produkte-fuer-die-filtration\/ergaenzende-produkte\/\" \/>\n<meta property=\"og:locale\" content=\"de_DE\" \/>\n<meta property=\"og:type\" content=\"article\" \/>\n<meta property=\"og:title\" content=\"Erg\u00e4nzende Produkte - Filtrox\" \/>\n<meta property=\"og:description\" content=\"Wenn es um die Tiefenfiltration geht, gibt es erg\u00e4nzende Produkte, die helfen k\u00f6nnen, den Prozess und die Ergebnisse zu verbessern.\" \/>\n<meta property=\"og:url\" content=\"https:\/\/www.filtrox.com\/ch\/produkte-fuer-die-filtration\/ergaenzende-produkte\/\" \/>\n<meta property=\"og:site_name\" content=\"Filtrox\" \/>\n<meta property=\"article:publisher\" content=\"https:\/\/www.facebook.com\/Filtrox-AG-2091458717567633\" \/>\n<meta property=\"article:modified_time\" content=\"2025-01-02T12:08:19+00:00\" \/>\n<meta property=\"og:image\" content=\"https:\/\/www.filtrox.com\/wp-content\/uploads\/2020\/04\/Durofil-s-plus_web_1000px.jpg\" \/>\n\t<meta property=\"og:image:width\" content=\"1000\" \/>\n\t<meta property=\"og:image:height\" content=\"667\" \/>\n\t<meta property=\"og:image:type\" content=\"image\/jpeg\" \/>\n<meta name=\"twitter:card\" content=\"summary_large_image\" \/>\n<meta name=\"twitter:site\" content=\"@FILTROX1\" \/>\n<meta name=\"twitter:label1\" content=\"Gesch\u00e4tzte Lesezeit\" \/>\n\t<meta name=\"twitter:data1\" content=\"3 Minuten\" \/>\n<script type=\"application\/ld+json\" class=\"yoast-schema-graph\">{\"@context\":\"https:\/\/schema.org\",\"@graph\":[{\"@type\":\"WebPage\",\"@id\":\"https:\/\/www.filtrox.com\/ch\/produkte-fuer-die-filtration\/ergaenzende-produkte\/\",\"url\":\"https:\/\/www.filtrox.com\/ch\/produkte-fuer-die-filtration\/ergaenzende-produkte\/\",\"name\":\"Erg\u00e4nzende Produkte - Filtrox\",\"isPartOf\":{\"@id\":\"https:\/\/www.filtrox.com\/#website\"},\"primaryImageOfPage\":{\"@id\":\"https:\/\/www.filtrox.com\/ch\/produkte-fuer-die-filtration\/ergaenzende-produkte\/#primaryimage\"},\"image\":{\"@id\":\"https:\/\/www.filtrox.com\/ch\/produkte-fuer-die-filtration\/ergaenzende-produkte\/#primaryimage\"},\"thumbnailUrl\":\"https:\/\/www.filtrox.com\/wp-content\/uploads\/2020\/04\/Durofil-s-plus_web_1000px.jpg\",\"datePublished\":\"2023-07-01T12:18:49+00:00\",\"dateModified\":\"2025-01-02T12:08:19+00:00\",\"description\":\"Wenn es um die Tiefenfiltration geht, gibt es erg\u00e4nzende Produkte, die helfen k\u00f6nnen, den Prozess und die Ergebnisse zu verbessern.\",\"breadcrumb\":{\"@id\":\"https:\/\/www.filtrox.com\/ch\/produkte-fuer-die-filtration\/ergaenzende-produkte\/#breadcrumb\"},\"inLanguage\":\"de-CH\",\"potentialAction\":[{\"@type\":\"ReadAction\",\"target\":[\"https:\/\/www.filtrox.com\/ch\/produkte-fuer-die-filtration\/ergaenzende-produkte\/\"]}]},{\"@type\":\"ImageObject\",\"inLanguage\":\"de-CH\",\"@id\":\"https:\/\/www.filtrox.com\/ch\/produkte-fuer-die-filtration\/ergaenzende-produkte\/#primaryimage\",\"url\":\"https:\/\/www.filtrox.com\/wp-content\/uploads\/2020\/04\/Durofil-s-plus_web_1000px.jpg\",\"contentUrl\":\"https:\/\/www.filtrox.com\/wp-content\/uploads\/2020\/04\/Durofil-s-plus_web_1000px.jpg\"},{\"@type\":\"BreadcrumbList\",\"@id\":\"https:\/\/www.filtrox.com\/ch\/produkte-fuer-die-filtration\/ergaenzende-produkte\/#breadcrumb\",\"itemListElement\":[{\"@type\":\"ListItem\",\"position\":1,\"name\":\"Home\",\"item\":\"https:\/\/www.filtrox.com\/ch\/\"},{\"@type\":\"ListItem\",\"position\":2,\"name\":\"Produkte f\u00fcr die Filtration\",\"item\":\"https:\/\/www.filtrox.com\/ch\/produkte-fuer-die-filtration\/\"},{\"@type\":\"ListItem\",\"position\":3,\"name\":\"Erg\u00e4nzende Produkte\"}]},{\"@type\":\"WebSite\",\"@id\":\"https:\/\/www.filtrox.com\/#website\",\"url\":\"https:\/\/www.filtrox.com\/\",\"name\":\"Filtrox\",\"description\":\"DEPTH FILTRATION FOR VALUABLE LIQUIDS.\",\"publisher\":{\"@id\":\"https:\/\/www.filtrox.com\/#organization\"},\"potentialAction\":[{\"@type\":\"SearchAction\",\"target\":{\"@type\":\"EntryPoint\",\"urlTemplate\":\"https:\/\/www.filtrox.com\/?s={search_term_string}\"},\"query-input\":{\"@type\":\"PropertyValueSpecification\",\"valueRequired\":true,\"valueName\":\"search_term_string\"}}],\"inLanguage\":\"de-CH\"},{\"@type\":\"Organization\",\"@id\":\"https:\/\/www.filtrox.com\/#organization\",\"name\":\"Filtrox\",\"alternateName\":\"FX\",\"url\":\"https:\/\/www.filtrox.com\/\",\"logo\":{\"@type\":\"ImageObject\",\"inLanguage\":\"de-CH\",\"@id\":\"https:\/\/www.filtrox.com\/#\/schema\/logo\/image\/\",\"url\":\"https:\/\/www.filtrox.com\/wp-content\/uploads\/2015\/02\/FX-Logo_RGB_0-74-153.jpg\",\"contentUrl\":\"https:\/\/www.filtrox.com\/wp-content\/uploads\/2015\/02\/FX-Logo_RGB_0-74-153.jpg\",\"width\":512,\"height\":512,\"caption\":\"Filtrox\"},\"image\":{\"@id\":\"https:\/\/www.filtrox.com\/#\/schema\/logo\/image\/\"},\"sameAs\":[\"https:\/\/www.facebook.com\/Filtrox-AG-2091458717567633\",\"https:\/\/x.com\/FILTROX1\",\"https:\/\/www.instagram.com\/filtroxag\/\",\"https:\/\/www.linkedin.com\/company\/34636121\/\",\"https:\/\/www.youtube.com\/channel\/UCi3A2_4M_c-CcEst9YJ4U9g\/featured?disable_polymer=1\"]}]}<\/script>\n<!-- \/ Yoast SEO plugin. -->","yoast_head_json":{"title":"Erg\u00e4nzende Produkte - Filtrox","description":"Wenn es um die Tiefenfiltration geht, gibt es erg\u00e4nzende Produkte, die helfen k\u00f6nnen, den Prozess und die Ergebnisse zu verbessern.","robots":{"index":"index","follow":"follow","max-snippet":"max-snippet:-1","max-image-preview":"max-image-preview:large","max-video-preview":"max-video-preview:-1"},"canonical":"https:\/\/www.filtrox.com\/ch\/produkte-fuer-die-filtration\/ergaenzende-produkte\/","og_locale":"de_DE","og_type":"article","og_title":"Erg\u00e4nzende Produkte - Filtrox","og_description":"Wenn es um die Tiefenfiltration geht, gibt es erg\u00e4nzende Produkte, die helfen k\u00f6nnen, den Prozess und die Ergebnisse zu verbessern.","og_url":"https:\/\/www.filtrox.com\/ch\/produkte-fuer-die-filtration\/ergaenzende-produkte\/","og_site_name":"Filtrox","article_publisher":"https:\/\/www.facebook.com\/Filtrox-AG-2091458717567633","article_modified_time":"2025-01-02T12:08:19+00:00","og_image":[{"width":1000,"height":667,"url":"https:\/\/www.filtrox.com\/wp-content\/uploads\/2020\/04\/Durofil-s-plus_web_1000px.jpg","type":"image\/jpeg"}],"twitter_card":"summary_large_image","twitter_site":"@FILTROX1","twitter_misc":{"Gesch\u00e4tzte Lesezeit":"3 Minuten"},"schema":{"@context":"https:\/\/schema.org","@graph":[{"@type":"WebPage","@id":"https:\/\/www.filtrox.com\/ch\/produkte-fuer-die-filtration\/ergaenzende-produkte\/","url":"https:\/\/www.filtrox.com\/ch\/produkte-fuer-die-filtration\/ergaenzende-produkte\/","name":"Erg\u00e4nzende Produkte - Filtrox","isPartOf":{"@id":"https:\/\/www.filtrox.com\/#website"},"primaryImageOfPage":{"@id":"https:\/\/www.filtrox.com\/ch\/produkte-fuer-die-filtration\/ergaenzende-produkte\/#primaryimage"},"image":{"@id":"https:\/\/www.filtrox.com\/ch\/produkte-fuer-die-filtration\/ergaenzende-produkte\/#primaryimage"},"thumbnailUrl":"https:\/\/www.filtrox.com\/wp-content\/uploads\/2020\/04\/Durofil-s-plus_web_1000px.jpg","datePublished":"2023-07-01T12:18:49+00:00","dateModified":"2025-01-02T12:08:19+00:00","description":"Wenn es um die Tiefenfiltration geht, gibt es erg\u00e4nzende Produkte, die helfen k\u00f6nnen, den Prozess und die Ergebnisse zu verbessern.","breadcrumb":{"@id":"https:\/\/www.filtrox.com\/ch\/produkte-fuer-die-filtration\/ergaenzende-produkte\/#breadcrumb"},"inLanguage":"de-CH","potentialAction":[{"@type":"ReadAction","target":["https:\/\/www.filtrox.com\/ch\/produkte-fuer-die-filtration\/ergaenzende-produkte\/"]}]},{"@type":"ImageObject","inLanguage":"de-CH","@id":"https:\/\/www.filtrox.com\/ch\/produkte-fuer-die-filtration\/ergaenzende-produkte\/#primaryimage","url":"https:\/\/www.filtrox.com\/wp-content\/uploads\/2020\/04\/Durofil-s-plus_web_1000px.jpg","contentUrl":"https:\/\/www.filtrox.com\/wp-content\/uploads\/2020\/04\/Durofil-s-plus_web_1000px.jpg"},{"@type":"BreadcrumbList","@id":"https:\/\/www.filtrox.com\/ch\/produkte-fuer-die-filtration\/ergaenzende-produkte\/#breadcrumb","itemListElement":[{"@type":"ListItem","position":1,"name":"Home","item":"https:\/\/www.filtrox.com\/ch\/"},{"@type":"ListItem","position":2,"name":"Produkte f\u00fcr die Filtration","item":"https:\/\/www.filtrox.com\/ch\/produkte-fuer-die-filtration\/"},{"@type":"ListItem","position":3,"name":"Erg\u00e4nzende Produkte"}]},{"@type":"WebSite","@id":"https:\/\/www.filtrox.com\/#website","url":"https:\/\/www.filtrox.com\/","name":"Filtrox","description":"DEPTH FILTRATION FOR VALUABLE LIQUIDS.","publisher":{"@id":"https:\/\/www.filtrox.com\/#organization"},"potentialAction":[{"@type":"SearchAction","target":{"@type":"EntryPoint","urlTemplate":"https:\/\/www.filtrox.com\/?s={search_term_string}"},"query-input":{"@type":"PropertyValueSpecification","valueRequired":true,"valueName":"search_term_string"}}],"inLanguage":"de-CH"},{"@type":"Organization","@id":"https:\/\/www.filtrox.com\/#organization","name":"Filtrox","alternateName":"FX","url":"https:\/\/www.filtrox.com\/","logo":{"@type":"ImageObject","inLanguage":"de-CH","@id":"https:\/\/www.filtrox.com\/#\/schema\/logo\/image\/","url":"https:\/\/www.filtrox.com\/wp-content\/uploads\/2015\/02\/FX-Logo_RGB_0-74-153.jpg","contentUrl":"https:\/\/www.filtrox.com\/wp-content\/uploads\/2015\/02\/FX-Logo_RGB_0-74-153.jpg","width":512,"height":512,"caption":"Filtrox"},"image":{"@id":"https:\/\/www.filtrox.com\/#\/schema\/logo\/image\/"},"sameAs":["https:\/\/www.facebook.com\/Filtrox-AG-2091458717567633","https:\/\/x.com\/FILTROX1","https:\/\/www.instagram.com\/filtroxag\/","https:\/\/www.linkedin.com\/company\/34636121\/","https:\/\/www.youtube.com\/channel\/UCi3A2_4M_c-CcEst9YJ4U9g\/featured?disable_polymer=1"]}]}},"coauthors":[],"author_meta":{"author_link":"https:\/\/www.filtrox.com\/ch\/blog\/author\/fosca-roman\/","display_name":"Fosca Roman"},"relative_dates":{"created":"Posted 3 Jahren ago","modified":"Updated 1 Jahr ago"},"absolute_dates":{"created":"Posted on Juli 1, 2023","modified":"Updated on Januar 2, 2025"},"absolute_dates_time":{"created":"Posted on Juli 1, 2023 1:18 pm","modified":"Updated on Januar 2, 2025 1:08 pm"},"featured_img_caption":"","featured_img":false,"series_order":"","publishpress_future_action":{"enabled":false,"date":"2026-05-07 18:36:21","action":"change-status","newStatus":"draft","terms":[],"taxonomy":"translation_priority","extraData":[]},"publishpress_future_workflow_manual_trigger":{"enabledWorkflows":[]},"_links":{"self":[{"href":"https:\/\/www.filtrox.com\/ch\/wp-json\/wp\/v2\/pages\/52197","targetHints":{"allow":["GET"]}}],"collection":[{"href":"https:\/\/www.filtrox.com\/ch\/wp-json\/wp\/v2\/pages"}],"about":[{"href":"https:\/\/www.filtrox.com\/ch\/wp-json\/wp\/v2\/types\/page"}],"author":[{"embeddable":true,"href":"https:\/\/www.filtrox.com\/ch\/wp-json\/wp\/v2\/users\/8"}],"replies":[{"embeddable":true,"href":"https:\/\/www.filtrox.com\/ch\/wp-json\/wp\/v2\/comments?post=52197"}],"version-history":[{"count":16,"href":"https:\/\/www.filtrox.com\/ch\/wp-json\/wp\/v2\/pages\/52197\/revisions"}],"predecessor-version":[{"id":59883,"href":"https:\/\/www.filtrox.com\/ch\/wp-json\/wp\/v2\/pages\/52197\/revisions\/59883"}],"up":[{"embeddable":true,"href":"https:\/\/www.filtrox.com\/ch\/wp-json\/wp\/v2\/pages\/4911"}],"wp:attachment":[{"href":"https:\/\/www.filtrox.com\/ch\/wp-json\/wp\/v2\/media?parent=52197"}],"curies":[{"name":"wp","href":"https:\/\/api.w.org\/{rel}","templated":true}]}}