{"id":8739,"date":"2018-11-02T12:19:58","date_gmt":"2018-11-02T12:19:58","guid":{"rendered":"https:\/\/www.filtrox.com\/?page_id=8739"},"modified":"2025-01-02T16:15:56","modified_gmt":"2025-01-02T15:15:56","slug":"datenschutz","status":"publish","type":"page","link":"https:\/\/www.filtrox.com\/ch\/datenschutz\/","title":{"rendered":"Datenschutz"},"content":{"rendered":"<div class=\"wpb-content-wrapper\"><p>[vc_row][vc_column][vc_column_text]<\/p>\n<h4>DATENSCHUTZ<\/h4>\n<h4><strong>ALLGEMEINE DATENSCHUTZ-BESTIMMUNGEN UND EINWILLIGUNG ZUR DATENNUTZUNG DURCH FILTROX<\/strong><\/h4>\n<p>Die Firma FILTROX AG (nachfolgend FILTROX genannt) ist sich bewusst, dass es f\u00fcr Sie wichtig ist zu wissen, was mit Ihren Daten geschieht. Wir danken Ihnen f\u00fcr Ihr Vertrauen und respektieren Ihre Privat- und Pers\u00f6nlichkeitssph\u00e4re. Die Nutzung unserer Webseite ist in der Regel ohne Angabe personenbezogener Daten m\u00f6glich. Soweit auf unseren Seiten personenbezogene Daten (z.B. Name, E-Mail Adresse, Firma) \u00fcber ein Kontaktformular erhoben werden, erfolgt dies stets auf freiwilliger Basis. Pers\u00f6nliche Angaben, die auf dieser Webseite abgefragt werden, dienen ausschliesslich Ihrer pers\u00f6nlichen Betreuung. Bei der Verarbeitung Ihrer personenbezogenen Daten achten wir streng auf die gesetzlichen Datenschutz-Bestimmungen.<\/p>\n<p>Wir empfehlen Ihnen, die Datenschutzrichtlinien in regelm\u00e4ssigen Abst\u00e4nden durchzulesen. Wir behalten uns vor, bei Bedarf erforderliche Anpassungen dieser Datenschutzrichtlinien vorzunehmen.<\/p>\n<h4><strong>1. EINWILLIGUNG ZUR DATENNUTZUNG<\/strong><\/h4>\n<p>Durch Zustimmung der nachfolgenden Datenschutz-Bestimmungen, willigen Sie der Erhebung, Verarbeitung und Nutzung Ihrer personenbezogenen Daten ein, die Sie freiwillig in eines der Kontaktformulare auf unserer Webseite \u00a0eingetragen haben.<\/p>\n<p>Unter Personenbezogene Daten sind alle Einzelangaben \u00fcber pers\u00f6nliche und sachliche Verh\u00e4ltnisse einer bestimmten oder bestimmbaren nat\u00fcrlichen Person zu verstehen. Hierunter fallen beispielsweise der Name, Vorname, Anschrift, Geburtsdatum, die E-Mail-Adresse, Telefonnummer oder IP-Adresse. \u00a0<\/p>\n<h4><strong>\u00a0<\/strong><strong>2. WIDERRUF VON EINWILLIGUNGEN<\/strong><\/h4>\n<p>Die Einwilligung zur Erhebung, Verarbeitung, Speicherung und Nutzung Ihrer auf der Webseite erfassten personenbezogenen Daten kann gem\u00e4ss dieser Datenschutz-Bestimmungen jederzeit mit Wirkung f\u00fcr die Zukunft per E-Mail an info@filtrox.ch widerrufen werden.<\/p>\n<h4><strong>3. IHRE RECHTE<\/strong><\/h4>\n<p>3.1. Sie haben jederzeit das Recht auf unentgeltliche Auskunft \u00fcber Ihre gespeicherten personenbezogenen Daten, deren Herkunft, Empf\u00e4nger und den Zweck der Datenverarbeitung. Ausserdem haben Sie das Recht auf Berichtigung, Sperrung oder L\u00f6schung dieser Daten. Hierzu k\u00f6nnen Sie sich jederzeit unter der im Impressum angegebenen Adresse an uns wenden oder per Email an info@filtrox.ch.<\/p>\n<p>3.2. Sie haben das Recht, den Gebrauch bestimmter <u>Cookies (siehe 5.3.)<\/u> oder des <u>Webtrackings (siehe 5.2.)<\/u> abzulehnen.<\/p>\n<h4><strong>4. GELTUNGSBEREICH DER DATENSCHUTZERKL\u00c4RUNG\/ VERANTWORTLICHE STELLE<\/strong><\/h4>\n<p>4.1. Der Betreiber dieser Webseite ist die FILTROX AG. Unter FILTROX AG ist sowohl die Firma mit Hauptsitz in der Schweiz, wie auch die weiteren FILTROX Niederlassungen, z.B. in Frankreich, Spanien, UK, etc., zu verstehen.<\/p>\n<p>4.2. Auf dieser Website k\u00f6nnen sich Links zu oder von anderen Websites befinden. Bitte beachten Sie, dass diese Websites ihre eigenen Datenschutz-Bestimmungen haben und wir nicht f\u00fcr deren Inhalt und Bestimmungen haftbar gemacht oder zur Verantwortung gezogen werden k\u00f6nnen.<\/p>\n<h4><strong>5. DATENERHEBUNG<\/strong><\/h4>\n<p>Es besteht die M\u00f6glichkeit, dass wir auf der Webseite folgende personenbezogene Daten \u00fcber Sie erfassen und verarbeiten:<\/p>\n<p>5.1. Formulare:\u00a0Informationen, die Sie durch Ausf\u00fcllen von Formularen auf dieser Website freiwillig angeben. Das umfasst Angaben, die Sie zum Zeitpunkt der Kontaktanfrage zu Anwendungen oder Produkten (Anrede, Titel, Name, Vorname, Firma, Firmenadresse, Telefon, Email, Branche) bekanntgeben.<\/p>\n<p>5.2. Webtracking: Einzelheiten zu Ihren Besuchen auf dieser Website mit Google Analytics, anhand welcher Sie nicht pers\u00f6nlich identifiziert werden k\u00f6nnen. Anbieter ist die Google Inc., CA 94043, USA. Die statistischen Daten werden von Google Analytics in anonymisierter Form ausgewertet. Diese Daten unterliegen den Datenschutz-Bedingungen von Google, werden an Google weitergeleitet und auf Servern in den USA von Google gespeichert. Die Daten werden dann in unserem Auftrag von Google verarbeitet, um Ihre Nutzung der Website auszuwerten, um Berichte \u00fcber die Website-Aktivit\u00e4t zu erstellen und um andere Dienste, die mit Internetnutzung zu tun haben, anbieten zu k\u00f6nnen. Google wird Ihre IP-Adresse nicht mit anderen Daten verlinken, die von Google gespeichert werden.<\/p>\n<p>Solche Informationen werden in der Regel als \u201eTraffic\u201c-Daten erfasst und k\u00f6nnen bei jeder Interaktion mit dieser Website automatisch erfasst und gespeichert werden. Dabei handelt es sich zum Beispiel um die IP-Adresse und den Hostnamen Ihres Computers, Browser-Informationen und den Domainnamen der Referenz-Site, jedes Mal, wenn Sie die Website besuchen. Zus\u00e4tzlich k\u00f6nnen auch Erkenntnisse \u00fcber das Besucheraufkommen und -verhalten auf der Website gewonnen werden wie auch demografische Merkmale wie Alter, Geschlecht oder Interessen der Seitenbesucher. Diese Daten stammen aus interessenbezogener Werbung von Google sowie aus Besucherdaten von Drittanbietern. Alle diese Informationen enthalten jedoch keinesfalls Daten, mit denen Sie pers\u00f6nlich identifiziert werden k\u00f6nnten. Sie dienen der Analyse und Verbesserung dieser Website, um sie f\u00fcr unsere Kunden so benutzerfreundlich wie m\u00f6glich zu gestalten.<\/p>\n<h5 data-tadv-p=\"keep\">Google Analytics deaktivieren<\/h5>\n<p>Sie k\u00f6nnen die Erfassung Ihrer Daten durch Google Analytics verhindern, indem Sie auf den folgenden Link klicken. Es wird ein Opt-Out-Cookie gesetzt, der die Erfassung Ihrer Daten bei k\u00fcnftigen Besuchen dieser Webseite verhindert: <a title=\"google analytics deaktivieren\" href=\"https:\/\/tools.google.com\/dlpage\/gaoptout?hl=de\" target=\"_blank\" rel=\"noopener\">Google Analytics deaktivieren<\/a><\/p>\n<p>5.3. Cookies: FILTROX verwendet Cookies lediglich daf\u00fcr, um Statistiken im Zusammenhang mit der Webseite zu erstellen und um die Webseite zu optimieren. Ein Cookie ist eine kleine Textdatei, die von einem Web-Server an Ihren Computer gesendet wird. Cookies richten auf Ihrem Rechner keinen Schaden an und enthalten keine Viren. Sie dienen dazu, das Benutzerverhalten und weitere Informationen (IP-Adresse, Browser, Browsersprache etc.) zu speichern, welche die Websitenutzer jedoch nicht pers\u00f6nlich identifizierbar machen. FILTROX verwendet Cookies nur, um Statistiken im Zusammenhang mit der Webseite zu erstellen und um die Webseite zu optimieren. Die statistischen Daten werden von Google Analytics in anonymisierter Form ausgewertet. Falls Sie die Verwendung von Cookies nicht w\u00fcnschen, kann diese Funktion bei Ihrem Browser ausgeschaltet werden. Bei Deaktivierung von Cookies kann die Funktionalit\u00e4t dieser Webseite eingeschr\u00e4nkt sein.<\/p>\n<p><strong>Hinweis:<\/strong>\u00a0Sie k\u00f6nnen die Erfassung ihrer von Cookies erzeugten und auf Ihre Nutzung der Webseite bezogenen Daten (inkl. Ihrer IP-Adresse) durch Google sowie die Verarbeitung dieser Daten durch Google verhindern, indem Sie das unter dem folgenden Link verf\u00fcgbare Browser-Plugin herunterladen und installieren: <a title=\"google analytics deaktivieren\" href=\"https:\/\/tools.google.com\/dlpage\/gaoptout?hl=de\" target=\"_blank\" rel=\"noopener\">https:\/\/tools.google.com\/dlpage\/gaoptout?hl=de<\/a><\/p>\n<p>5.4. Server-Log-Files:\u00a0Der Provider der Seiten erhebt und speichert automatisch Informationen in so genannten Server-Log-Files, die Ihr Browser automatisch an uns \u00fcbermittelt. Dies sind Browsertyp und Browserversion, verwendetes Betriebssystem, Referrer URL, Hostname des zugreifenden Rechners und Uhrzeit der Serveranfrage.<\/p>\n<p>Diese Daten sind nicht bestimmten Personen zuordenbar. Eine Zusammenf\u00fchrung dieser Daten mit anderen Datenquellen wird nicht vorgenommen. Wir behalten uns vor, diese Daten nachtr\u00e4glich zu pr\u00fcfen, wenn uns konkrete Anhaltspunkte f\u00fcr eine rechtswidrige Nutzung bekannt werden.<\/p>\n<h4><strong>6. DATENVERARBEITUNG<\/strong><\/h4>\n<p>FILTROX verarbeitet oder nutzt zum Zweck der Nutzer- und Kundenbetreuung personenbezogene Daten ausschlie\u00dflich in nachfolgend beschriebenem Umfang.<\/p>\n<p>6.1. F\u00fcr die Dienstleistung der Applikationsunterst\u00fctzung wie auch f\u00fcr Produktanfragen werden folgende Pflichtangaben erhoben:<\/p>\n<ul>\n<li>Firma<\/li>\n<li>T\u00e4tigkeitsbereich<\/li>\n<li>Anrede<\/li>\n<li>Titel<\/li>\n<li>Vorname und Nachname<\/li>\n<li>Firmenadresse<\/li>\n<li>Branche<\/li>\n<li>Telefon<\/li>\n<li>Email<\/li>\n<\/ul>\n<h4>7. NUTZUNG DER DATEN<\/h4>\n<p>Wir nutzen gespeicherte Daten \u00fcber Sie auf folgende Weisen:<\/p>\n<p>7.1. F\u00fcr die Bereitstellung von Informationen, Produkten oder Dienstleistungen, die Sie bei uns anfordern oder f\u00fcr die Sie sich unserer Meinung nach interessieren k\u00f6nnten.<\/p>\n<p>7.2. Zur Sicherstellung, dass die Inhalte dieser Website auf eine Weise dargestellt werden, die f\u00fcr Sie und Ihren Computer am wirkungsvollsten ist.<\/p>\n<p>7.3. Um unseren Verpflichtungen nachzukommen, aufgrund von Vertr\u00e4gen, die zwischen Ihnen und uns abgeschlossen wurden.<\/p>\n<p>7.4. Zur Erm\u00f6glichung Ihrer Nutzung von interaktiven Dienstleistungen, falls Sie dies w\u00fcnschen.<\/p>\n<p>7.5 Zu Ihrer Benachrichtigung \u00fcber \u00c4nderungen unserer Dienstleistungen.<\/p>\n<p>7.6. Um unsere Systeme zu testen und zu verbessern, \u00fcber welche unsere Dienstleistungen erbracht werden.<\/p>\n<p>7.7. Um Missbrauch oder nicht konformer Gebrauch unserer Dienstleistungen zu verhindern.<\/p>\n<p>7.8. Wenn Sie ein bestehender Kunde sind, werden wir Sie auf elektronischem Wege (z.B. E-Mail) nur mit Informationen \u00fcber Waren und Dienstleistungen kontaktieren, welche denen \u00e4hnlich sind, die Sie bereits erworben haben.<\/p>\n<p>7.9. Wenn Sie ein Neukunde sind, kontaktieren wir Sie auf elektronischem Wege nur nach Ihrer vorherigen Zustimmung.<\/p>\n<h4><strong>8. SPEICHERORT IHRER DATEN<\/strong><\/h4>\n<p>8.1. Die von Ihnen eingegebenen Daten werden im Hauptsitz in der Schweiz, bzw. bei unserem Provider in Deutschland gespeichert und k\u00f6nnen an Niederlassungen der FILTROX innerhalb oder au\u00dferhalb der EU \u00fcbertragen und dort gespeichert werden.<\/p>\n<p>8.2. Alle Daten die Sie uns zur Verf\u00fcgung stellen werden auf unseren sicheren Servern gespeichert.<\/p>\n<p>8.3. Wir verf\u00fcgen \u00fcber technische und organisatorische Sicherheitsverfahren, um die Sicherheit Ihrer Personendaten zu wahren und Ihre Sitzungsdaten und Personendaten gegen unberechtigte oder unrechtm\u00e4ssige Bearbeitung und\/oder gegen unbeabsichtigten Verlust, Ver\u00e4nderung, Bekanntmachung oder Zugriff zu sch\u00fctzen. Sie sollten sich jedoch stets bewusst sein, dass die \u00dcbermittlung von Informationen \u00fcber das Internet und andere elektronische Mittel gewisse Sicherheitsrisiken birgt und dass wir f\u00fcr die Sicherheit von Informationen, die auf diese Weise \u00fcbermittelt werden, keine Garantie \u00fcbernehmen k\u00f6nnen.<\/p>\n<p>8.4. Sofern keine gesetzlichen Aufbewahrungspflichten bestehen, erfolgt die L\u00f6schung von personenbezogenen Daten dann, wenn ein L\u00f6schanspruch geltend gemacht wurde, wenn die Daten zur Erf\u00fcllung des verfolgten Zwecks nicht mehr erforderlich sind oder wenn die Speicherung aus sonstigen gesetzlichen Gr\u00fcnden unzul\u00e4ssig ist.<\/p>\n<h4><strong>9. DATENWEITERGABE AN DRITTE<\/strong><\/h4>\n<p>9.1. Es erfolgt keine Weitergabe von Daten an Dritte, ausser es besteht eine gesetzliche Verpflichtung \u00a0(z. B. Strafverfolgungsma\u00dfnahmen).<\/p>\n<p>9.2. Wir k\u00f6nnen Ihre personenbezogenen Daten unseren Tochtergesellschaften innerhalb und au\u00dferhalb der EU und der Schweiz weitergeben.<\/p>\n<p>Dar\u00fcber hinaus k\u00f6nnen wir Ihre Personendaten in folgenden F\u00e4llen Dritten bekannt geben:<\/p>\n<p>9.3. An Dienstleister, die unsere Website verwalten (z.B. unser Internet-Serviceprovider). Solche Dritte sind dazu verpflichtet, zu jedem Zeitpunkt das gleiche Ma\u00df an Sicherheit zum Schutz Ihrer pers\u00f6nlichen Daten zu gew\u00e4hrleisten. Diese Dienstleister werden von FILTROX sorgf\u00e4ltig ausgew\u00e4hlt. Sie sind an die Weisungen von FILTROX gebunden und werden regelm\u00e4\u00dfig kontrolliert. Die Dienstleister geben diese Daten nicht an Dritte weiter. Eine Datenverarbeitung durch Dienstleister erfolgt ausschlie\u00dflich innerhalb der EU und in der Schweiz.<\/p>\n<h4><strong>10. DATENSICHERHEIT<\/strong><\/h4>\n<p>FILTROX unterh\u00e4lt aktuelle technische Ma\u00dfnahmen zur Gew\u00e4hrleistung der Datensicherheit, insbesondere zum Schutz personenbezogener Daten vor Gefahren bei Daten\u00fcbertragungen sowie vor Kenntniserlangung durch Dritte. Um unberechtigte Zugriffe Dritter auf pers\u00f6nlichen Daten \u00a0zu verhindern, wird die Verbindung per SSL-Technik verschl\u00fcsselt. Unsere Sicherheitsvorkehrungen werden dem aktuellen Stand der Technik entsprechend jeweils angepasst.<\/p>\n<p>Datenschutz-Verantwortlicher:<\/p>\n<p>FILTROX AG, Moosm\u00fchlestrasse 6, 9001 St.Gallen, info@filtrox.ch<\/p>\n<hr \/>\n<p>Mai 2018<\/p>\n<p>[\/vc_column_text][\/vc_column][\/vc_row]<\/p>\n\n\n<figure class=\"wp-block-image size-large is-style-default\"><a href=\"https:\/\/www.filtrox.com\/wp-content\/uploads\/2015\/02\/Filtrox-ABOUT-US-title_PR.jpg\"><img decoding=\"async\" width=\"1024\" height=\"275\" data-src=\"https:\/\/www.filtrox.com\/wp-content\/uploads\/2015\/02\/Filtrox-ABOUT-US-title_PR-1024x275.jpg\" alt=\"FILTROX Hauptsitz in St.Gallen\" class=\"wp-image-9092 lazyload\" title=\"Datenschutz Hauptquartier\" data-srcset=\"https:\/\/www.filtrox.com\/wp-content\/uploads\/2015\/02\/Filtrox-ABOUT-US-title_PR-1024x275.jpg 1024w, https:\/\/www.filtrox.com\/wp-content\/uploads\/2015\/02\/Filtrox-ABOUT-US-title_PR-300x81.jpg 300w, https:\/\/www.filtrox.com\/wp-content\/uploads\/2015\/02\/Filtrox-ABOUT-US-title_PR-24x6.jpg 24w, https:\/\/www.filtrox.com\/wp-content\/uploads\/2015\/02\/Filtrox-ABOUT-US-title_PR-36x10.jpg 36w, https:\/\/www.filtrox.com\/wp-content\/uploads\/2015\/02\/Filtrox-ABOUT-US-title_PR-48x13.jpg 48w, https:\/\/www.filtrox.com\/wp-content\/uploads\/2015\/02\/Filtrox-ABOUT-US-title_PR.jpg 1200w\" data-sizes=\"(max-width: 1024px) 100vw, 1024px\" src=\"data:image\/svg+xml;base64,PHN2ZyB3aWR0aD0iMSIgaGVpZ2h0PSIxIiB4bWxucz0iaHR0cDovL3d3dy53My5vcmcvMjAwMC9zdmciPjwvc3ZnPg==\" style=\"--smush-placeholder-width: 1024px; --smush-placeholder-aspect-ratio: 1024\/275;\" \/><\/a><figcaption class=\"wp-element-caption\">Datenschutz \/ Hauptquartier in St.Gallen<\/figcaption><\/figure>\n<\/div>","protected":false},"excerpt":{"rendered":"<p>[vc_row][vc_column][vc_column_text] DATENSCHUTZ ALLGEMEINE DATENSCHUTZ-BESTIMMUNGEN UND EINWILLIGUNG ZUR DATENNUTZUNG DURCH FILTROX Die Firma FILTROX AG (nachfolgend FILTROX genannt) ist sich bewusst, dass es f\u00fcr Sie wichtig ist zu wissen, was mit Ihren Daten geschieht. Wir danken Ihnen f\u00fcr Ihr Vertrauen und respektieren Ihre Privat- und Pers\u00f6nlichkeitssph\u00e4re. Die Nutzung unserer Webseite ist in der Regel ohne Angabe &hellip; <a href=\"https:\/\/www.filtrox.com\/ch\/datenschutz\/\" class=\"more-link\">Continue reading <span class=\"screen-reader-text\">Datenschutz<\/span> <span class=\"meta-nav\">&rarr;<\/span><\/a><\/p>\n","protected":false},"author":8,"featured_media":0,"parent":0,"menu_order":88,"comment_status":"closed","ping_status":"closed","template":"","meta":{"_acf_changed":false,"advgb_blocks_editor_width":"","advgb_blocks_columns_visual_guide":"","footnotes":""},"class_list":["post-8739","page","type-page","status-publish","hentry"],"acf":[],"yoast_head":"<!-- This site is optimized with the Yoast SEO plugin v26.3 - https:\/\/yoast.com\/wordpress\/plugins\/seo\/ -->\n<title>Datenschutz Filtrox - Filtrox Privacy<\/title>\n<meta name=\"description\" content=\"Wir wissen, es ist wichtig f\u00fcr Sie zu wissen, was mit Ihren Daten geschieht. Wir achten streng auf die gesetzlichen Datenschutz-Bestimmungen.\" \/>\n<meta name=\"robots\" content=\"index, follow, max-snippet:-1, max-image-preview:large, max-video-preview:-1\" \/>\n<link rel=\"canonical\" href=\"https:\/\/www.filtrox.com\/ch\/datenschutz\/\" \/>\n<meta property=\"og:locale\" content=\"de_DE\" \/>\n<meta property=\"og:type\" content=\"article\" \/>\n<meta property=\"og:title\" content=\"Datenschutz Filtrox - Filtrox Privacy\" \/>\n<meta property=\"og:description\" content=\"Wir wissen, es ist wichtig f\u00fcr Sie zu wissen, was mit Ihren Daten geschieht. Wir achten streng auf die gesetzlichen Datenschutz-Bestimmungen.\" \/>\n<meta property=\"og:url\" content=\"https:\/\/www.filtrox.com\/ch\/datenschutz\/\" \/>\n<meta property=\"og:site_name\" content=\"Filtrox\" \/>\n<meta property=\"article:publisher\" content=\"https:\/\/www.facebook.com\/Filtrox-AG-2091458717567633\" \/>\n<meta property=\"article:modified_time\" content=\"2025-01-02T15:15:56+00:00\" \/>\n<meta property=\"og:image\" content=\"https:\/\/www.filtrox.com\/wp-content\/uploads\/2015\/02\/Filtrox-ABOUT-US-title_PR.jpg\" \/>\n\t<meta property=\"og:image:width\" content=\"1200\" \/>\n\t<meta property=\"og:image:height\" content=\"322\" \/>\n\t<meta property=\"og:image:type\" content=\"image\/jpeg\" \/>\n<meta name=\"twitter:card\" content=\"summary_large_image\" \/>\n<meta name=\"twitter:site\" content=\"@FILTROX1\" \/>\n<meta name=\"twitter:label1\" content=\"Gesch\u00e4tzte Lesezeit\" \/>\n\t<meta name=\"twitter:data1\" content=\"7 Minuten\" \/>\n<script type=\"application\/ld+json\" class=\"yoast-schema-graph\">{\"@context\":\"https:\/\/schema.org\",\"@graph\":[{\"@type\":\"WebPage\",\"@id\":\"https:\/\/www.filtrox.com\/ch\/datenschutz\/\",\"url\":\"https:\/\/www.filtrox.com\/ch\/datenschutz\/\",\"name\":\"Datenschutz Filtrox - Filtrox Privacy\",\"isPartOf\":{\"@id\":\"https:\/\/www.filtrox.com\/#website\"},\"primaryImageOfPage\":{\"@id\":\"https:\/\/www.filtrox.com\/ch\/datenschutz\/#primaryimage\"},\"image\":{\"@id\":\"https:\/\/www.filtrox.com\/ch\/datenschutz\/#primaryimage\"},\"thumbnailUrl\":\"https:\/\/www.filtrox.com\/wp-content\/uploads\/2015\/02\/Filtrox-ABOUT-US-title_PR-1024x275.jpg\",\"datePublished\":\"2018-11-02T12:19:58+00:00\",\"dateModified\":\"2025-01-02T15:15:56+00:00\",\"description\":\"Wir wissen, es ist wichtig f\u00fcr Sie zu wissen, was mit Ihren Daten geschieht. Wir achten streng auf die gesetzlichen Datenschutz-Bestimmungen.\",\"breadcrumb\":{\"@id\":\"https:\/\/www.filtrox.com\/ch\/datenschutz\/#breadcrumb\"},\"inLanguage\":\"de-CH\",\"potentialAction\":[{\"@type\":\"ReadAction\",\"target\":[\"https:\/\/www.filtrox.com\/ch\/datenschutz\/\"]}]},{\"@type\":\"ImageObject\",\"inLanguage\":\"de-CH\",\"@id\":\"https:\/\/www.filtrox.com\/ch\/datenschutz\/#primaryimage\",\"url\":\"https:\/\/www.filtrox.com\/wp-content\/uploads\/2015\/02\/Filtrox-ABOUT-US-title_PR-1024x275.jpg\",\"contentUrl\":\"https:\/\/www.filtrox.com\/wp-content\/uploads\/2015\/02\/Filtrox-ABOUT-US-title_PR-1024x275.jpg\"},{\"@type\":\"BreadcrumbList\",\"@id\":\"https:\/\/www.filtrox.com\/ch\/datenschutz\/#breadcrumb\",\"itemListElement\":[{\"@type\":\"ListItem\",\"position\":1,\"name\":\"Home\",\"item\":\"https:\/\/www.filtrox.com\/ch\/\"},{\"@type\":\"ListItem\",\"position\":2,\"name\":\"Datenschutz\"}]},{\"@type\":\"WebSite\",\"@id\":\"https:\/\/www.filtrox.com\/#website\",\"url\":\"https:\/\/www.filtrox.com\/\",\"name\":\"Filtrox\",\"description\":\"DEPTH FILTRATION FOR VALUABLE LIQUIDS.\",\"publisher\":{\"@id\":\"https:\/\/www.filtrox.com\/#organization\"},\"potentialAction\":[{\"@type\":\"SearchAction\",\"target\":{\"@type\":\"EntryPoint\",\"urlTemplate\":\"https:\/\/www.filtrox.com\/?s={search_term_string}\"},\"query-input\":{\"@type\":\"PropertyValueSpecification\",\"valueRequired\":true,\"valueName\":\"search_term_string\"}}],\"inLanguage\":\"de-CH\"},{\"@type\":\"Organization\",\"@id\":\"https:\/\/www.filtrox.com\/#organization\",\"name\":\"Filtrox\",\"alternateName\":\"FX\",\"url\":\"https:\/\/www.filtrox.com\/\",\"logo\":{\"@type\":\"ImageObject\",\"inLanguage\":\"de-CH\",\"@id\":\"https:\/\/www.filtrox.com\/#\/schema\/logo\/image\/\",\"url\":\"https:\/\/www.filtrox.com\/wp-content\/uploads\/2015\/02\/FX-Logo_RGB_0-74-153.jpg\",\"contentUrl\":\"https:\/\/www.filtrox.com\/wp-content\/uploads\/2015\/02\/FX-Logo_RGB_0-74-153.jpg\",\"width\":512,\"height\":512,\"caption\":\"Filtrox\"},\"image\":{\"@id\":\"https:\/\/www.filtrox.com\/#\/schema\/logo\/image\/\"},\"sameAs\":[\"https:\/\/www.facebook.com\/Filtrox-AG-2091458717567633\",\"https:\/\/x.com\/FILTROX1\",\"https:\/\/www.instagram.com\/filtroxag\/\",\"https:\/\/www.linkedin.com\/company\/34636121\/\",\"https:\/\/www.youtube.com\/channel\/UCi3A2_4M_c-CcEst9YJ4U9g\/featured?disable_polymer=1\"]}]}<\/script>\n<!-- \/ Yoast SEO plugin. -->","yoast_head_json":{"title":"Datenschutz Filtrox - Filtrox Privacy","description":"Wir wissen, es ist wichtig f\u00fcr Sie zu wissen, was mit Ihren Daten geschieht. Wir achten streng auf die gesetzlichen Datenschutz-Bestimmungen.","robots":{"index":"index","follow":"follow","max-snippet":"max-snippet:-1","max-image-preview":"max-image-preview:large","max-video-preview":"max-video-preview:-1"},"canonical":"https:\/\/www.filtrox.com\/ch\/datenschutz\/","og_locale":"de_DE","og_type":"article","og_title":"Datenschutz Filtrox - Filtrox Privacy","og_description":"Wir wissen, es ist wichtig f\u00fcr Sie zu wissen, was mit Ihren Daten geschieht. Wir achten streng auf die gesetzlichen Datenschutz-Bestimmungen.","og_url":"https:\/\/www.filtrox.com\/ch\/datenschutz\/","og_site_name":"Filtrox","article_publisher":"https:\/\/www.facebook.com\/Filtrox-AG-2091458717567633","article_modified_time":"2025-01-02T15:15:56+00:00","og_image":[{"width":1200,"height":322,"url":"https:\/\/www.filtrox.com\/wp-content\/uploads\/2015\/02\/Filtrox-ABOUT-US-title_PR.jpg","type":"image\/jpeg"}],"twitter_card":"summary_large_image","twitter_site":"@FILTROX1","twitter_misc":{"Gesch\u00e4tzte Lesezeit":"7 Minuten"},"schema":{"@context":"https:\/\/schema.org","@graph":[{"@type":"WebPage","@id":"https:\/\/www.filtrox.com\/ch\/datenschutz\/","url":"https:\/\/www.filtrox.com\/ch\/datenschutz\/","name":"Datenschutz Filtrox - Filtrox Privacy","isPartOf":{"@id":"https:\/\/www.filtrox.com\/#website"},"primaryImageOfPage":{"@id":"https:\/\/www.filtrox.com\/ch\/datenschutz\/#primaryimage"},"image":{"@id":"https:\/\/www.filtrox.com\/ch\/datenschutz\/#primaryimage"},"thumbnailUrl":"https:\/\/www.filtrox.com\/wp-content\/uploads\/2015\/02\/Filtrox-ABOUT-US-title_PR-1024x275.jpg","datePublished":"2018-11-02T12:19:58+00:00","dateModified":"2025-01-02T15:15:56+00:00","description":"Wir wissen, es ist wichtig f\u00fcr Sie zu wissen, was mit Ihren Daten geschieht. Wir achten streng auf die gesetzlichen Datenschutz-Bestimmungen.","breadcrumb":{"@id":"https:\/\/www.filtrox.com\/ch\/datenschutz\/#breadcrumb"},"inLanguage":"de-CH","potentialAction":[{"@type":"ReadAction","target":["https:\/\/www.filtrox.com\/ch\/datenschutz\/"]}]},{"@type":"ImageObject","inLanguage":"de-CH","@id":"https:\/\/www.filtrox.com\/ch\/datenschutz\/#primaryimage","url":"https:\/\/www.filtrox.com\/wp-content\/uploads\/2015\/02\/Filtrox-ABOUT-US-title_PR-1024x275.jpg","contentUrl":"https:\/\/www.filtrox.com\/wp-content\/uploads\/2015\/02\/Filtrox-ABOUT-US-title_PR-1024x275.jpg"},{"@type":"BreadcrumbList","@id":"https:\/\/www.filtrox.com\/ch\/datenschutz\/#breadcrumb","itemListElement":[{"@type":"ListItem","position":1,"name":"Home","item":"https:\/\/www.filtrox.com\/ch\/"},{"@type":"ListItem","position":2,"name":"Datenschutz"}]},{"@type":"WebSite","@id":"https:\/\/www.filtrox.com\/#website","url":"https:\/\/www.filtrox.com\/","name":"Filtrox","description":"DEPTH FILTRATION FOR VALUABLE LIQUIDS.","publisher":{"@id":"https:\/\/www.filtrox.com\/#organization"},"potentialAction":[{"@type":"SearchAction","target":{"@type":"EntryPoint","urlTemplate":"https:\/\/www.filtrox.com\/?s={search_term_string}"},"query-input":{"@type":"PropertyValueSpecification","valueRequired":true,"valueName":"search_term_string"}}],"inLanguage":"de-CH"},{"@type":"Organization","@id":"https:\/\/www.filtrox.com\/#organization","name":"Filtrox","alternateName":"FX","url":"https:\/\/www.filtrox.com\/","logo":{"@type":"ImageObject","inLanguage":"de-CH","@id":"https:\/\/www.filtrox.com\/#\/schema\/logo\/image\/","url":"https:\/\/www.filtrox.com\/wp-content\/uploads\/2015\/02\/FX-Logo_RGB_0-74-153.jpg","contentUrl":"https:\/\/www.filtrox.com\/wp-content\/uploads\/2015\/02\/FX-Logo_RGB_0-74-153.jpg","width":512,"height":512,"caption":"Filtrox"},"image":{"@id":"https:\/\/www.filtrox.com\/#\/schema\/logo\/image\/"},"sameAs":["https:\/\/www.facebook.com\/Filtrox-AG-2091458717567633","https:\/\/x.com\/FILTROX1","https:\/\/www.instagram.com\/filtroxag\/","https:\/\/www.linkedin.com\/company\/34636121\/","https:\/\/www.youtube.com\/channel\/UCi3A2_4M_c-CcEst9YJ4U9g\/featured?disable_polymer=1"]}]}},"coauthors":[],"author_meta":{"author_link":"https:\/\/www.filtrox.com\/ch\/blog\/author\/fosca-roman\/","display_name":"Fosca Roman"},"relative_dates":{"created":"Posted 7 Jahren ago","modified":"Updated 1 Jahr ago"},"absolute_dates":{"created":"Posted on November 2, 2018","modified":"Updated on Januar 2, 2025"},"absolute_dates_time":{"created":"Posted on November 2, 2018 12:19 pm","modified":"Updated on Januar 2, 2025 4:15 pm"},"featured_img_caption":"","featured_img":false,"series_order":"","publishpress_future_action":{"enabled":false,"date":"2026-05-07 17:05:29","action":"change-status","newStatus":"draft","terms":[],"taxonomy":"translation_priority","extraData":[]},"publishpress_future_workflow_manual_trigger":{"enabledWorkflows":[]},"_links":{"self":[{"href":"https:\/\/www.filtrox.com\/ch\/wp-json\/wp\/v2\/pages\/8739","targetHints":{"allow":["GET"]}}],"collection":[{"href":"https:\/\/www.filtrox.com\/ch\/wp-json\/wp\/v2\/pages"}],"about":[{"href":"https:\/\/www.filtrox.com\/ch\/wp-json\/wp\/v2\/types\/page"}],"author":[{"embeddable":true,"href":"https:\/\/www.filtrox.com\/ch\/wp-json\/wp\/v2\/users\/8"}],"replies":[{"embeddable":true,"href":"https:\/\/www.filtrox.com\/ch\/wp-json\/wp\/v2\/comments?post=8739"}],"version-history":[{"count":8,"href":"https:\/\/www.filtrox.com\/ch\/wp-json\/wp\/v2\/pages\/8739\/revisions"}],"predecessor-version":[{"id":59970,"href":"https:\/\/www.filtrox.com\/ch\/wp-json\/wp\/v2\/pages\/8739\/revisions\/59970"}],"wp:attachment":[{"href":"https:\/\/www.filtrox.com\/ch\/wp-json\/wp\/v2\/media?parent=8739"}],"curies":[{"name":"wp","href":"https:\/\/api.w.org\/{rel}","templated":true}]}}