{"id":11549,"date":"2015-02-17T06:41:55","date_gmt":"2015-02-17T05:41:55","guid":{"rendered":"https:\/\/www.filtrox.com\/about-us\/filtrox-group-company-profile\/"},"modified":"2025-01-06T09:49:51","modified_gmt":"2025-01-06T08:49:51","slug":"historia-de-filtrox","status":"publish","type":"page","link":"https:\/\/www.filtrox.com\/es\/quienes-somos\/historia-de-filtrox\/","title":{"rendered":"Historia de Filtrox"},"content":{"rendered":"<h2><strong>La Historia de FILTROX<\/strong><\/h2>\n<p>La historia de FILTROX comienza el 2 de septiembre de 1938, cuando Hans Schmid fund\u00f3 la peque\u00f1a empresa en St.Gallen. Con el tiempo, FILTROX se ha convertido en una compa\u00f1\u00eda internacionalmente consolidada con aproximadamente 300 empleados en todo el mundo. Adem\u00e1s de su sede en Suiza, FILTROX opera dos plantas de producci\u00f3n de medios filtrantes en el Inglaterra y M\u00e9xico.<\/p>\n<p>El crecimiento de la empresa no ha sido un proceso lineal. A \u00e9pocas de \u00e9xito les han seguido per\u00edodos de desaf\u00edos. Sin embargo, FILTROX siempre ha encontrado soluciones convincentes a los retos econ\u00f3micos de cada era.<\/p>\n<p>Hoy en d\u00eda, al igual que en el pasado, FILTROX cuenta con empleados altamente motivados y excelentemente cualificados, adem\u00e1s de un liderazgo con visi\u00f3n empresarial. Nuestro equipo se dedica a dar siempre lo mejor para esta empresa familiar. Nos especializamos en el nicho de la filtraci\u00f3n de profundidad de l\u00edquidos valiosos. Esto especialmente en sectores como alimentos y bebidas, farmac\u00e9utica, biotecnolog\u00eda, cosm\u00e9tica, extractos e incluso aceites de fre\u00edr en la industria de la hosteler\u00eda.<\/p>\n<p>Nuestro objetivo es encontrar siempre la mejor soluci\u00f3n de filtraci\u00f3n para nuestros clientes. Esto a menudo implica una serie de pruebas. Durante este proceso estamos encantados de asistir a nuestros clientes con d\u00e9cadas de experiencia. Ya sea solo con el medio filtrante o en combinaci\u00f3n con uno de nuestros sistemas de filtraci\u00f3n, colocamos las necesidades y los requisitos del cliente en el centro de nuestro proceso de consultor\u00eda. Esto puede implicar desarrollar soluciones de filtraci\u00f3n completamente nuevas para el cliente o mejorar un proceso de filtraci\u00f3n existente en todo el flujo de producci\u00f3n.<\/p>\n<p>La gran ventaja de la filtraci\u00f3n de profundidad es su escalabilidad. Esto significa que las pruebas exitosas en laboratorio pueden ampliarse a tama\u00f1o de producci\u00f3n para su implementaci\u00f3n.<\/p>\n","protected":false},"excerpt":{"rendered":"<p>La Historia de FILTROX La historia de FILTROX comienza el 2 de septiembre de 1938, cuando Hans Schmid fund\u00f3 la peque\u00f1a empresa en St.Gallen. Con el tiempo, FILTROX se ha convertido en una compa\u00f1\u00eda internacionalmente consolidada con aproximadamente 300 empleados en todo el mundo. Adem\u00e1s de su sede en Suiza, FILTROX opera dos plantas de &hellip; <a href=\"https:\/\/www.filtrox.com\/es\/quienes-somos\/historia-de-filtrox\/\" class=\"more-link\">Continue reading <span class=\"screen-reader-text\">Historia de Filtrox<\/span> <span class=\"meta-nav\">&rarr;<\/span><\/a><\/p>\n","protected":false},"author":8,"featured_media":11546,"parent":21368,"menu_order":249,"comment_status":"closed","ping_status":"closed","template":"template_comprofl.php","meta":{"_acf_changed":false,"advgb_blocks_editor_width":"","advgb_blocks_columns_visual_guide":"","footnotes":""},"class_list":["post-11549","page","type-page","status-publish","has-post-thumbnail","hentry"],"acf":[],"yoast_head":"<!-- This site is optimized with the Yoast SEO plugin v26.3 - https:\/\/yoast.com\/wordpress\/plugins\/seo\/ -->\n<title>Historia FILTROX - experto en filtraci\u00f3n de profundidad<\/title>\n<meta name=\"description\" content=\"Historia FILTROX. Como l\u00edder mundial en filtraci\u00f3n de profundidad, FILTROX ofrece soluciones para la filtraci\u00f3n de l\u00edquidos valiosos.\" \/>\n<meta name=\"robots\" content=\"index, follow, max-snippet:-1, max-image-preview:large, max-video-preview:-1\" \/>\n<link rel=\"canonical\" href=\"https:\/\/www.filtrox.com\/es\/quienes-somos\/historia-de-filtrox\/\" \/>\n<meta property=\"og:locale\" content=\"es_ES\" \/>\n<meta property=\"og:type\" content=\"article\" \/>\n<meta property=\"og:title\" content=\"Historia FILTROX - experto en filtraci\u00f3n de profundidad\" \/>\n<meta property=\"og:description\" content=\"Historia FILTROX. Como l\u00edder mundial en filtraci\u00f3n de profundidad, FILTROX ofrece soluciones para la filtraci\u00f3n de l\u00edquidos valiosos.\" \/>\n<meta property=\"og:url\" content=\"https:\/\/www.filtrox.com\/es\/quienes-somos\/historia-de-filtrox\/\" \/>\n<meta property=\"og:site_name\" content=\"Filtrox\" \/>\n<meta property=\"article:publisher\" content=\"https:\/\/www.facebook.com\/Filtrox-AG-2091458717567633\" \/>\n<meta property=\"article:modified_time\" content=\"2025-01-06T08:49:51+00:00\" \/>\n<meta property=\"og:image\" content=\"https:\/\/www.filtrox.com\/wp-content\/uploads\/2015\/02\/Filtrox-ABOUT-US-title_PR.jpg\" \/>\n\t<meta property=\"og:image:width\" content=\"1200\" \/>\n\t<meta property=\"og:image:height\" content=\"322\" \/>\n\t<meta property=\"og:image:type\" content=\"image\/jpeg\" \/>\n<meta name=\"twitter:card\" content=\"summary_large_image\" \/>\n<meta name=\"twitter:site\" content=\"@FILTROX1\" \/>\n<meta name=\"twitter:label1\" content=\"Tiempo de lectura\" \/>\n\t<meta name=\"twitter:data1\" content=\"2 minutos\" \/>\n<script type=\"application\/ld+json\" class=\"yoast-schema-graph\">{\"@context\":\"https:\/\/schema.org\",\"@graph\":[{\"@type\":\"WebPage\",\"@id\":\"https:\/\/www.filtrox.com\/es\/quienes-somos\/historia-de-filtrox\/\",\"url\":\"https:\/\/www.filtrox.com\/es\/quienes-somos\/historia-de-filtrox\/\",\"name\":\"Historia FILTROX - experto en filtraci\u00f3n de profundidad\",\"isPartOf\":{\"@id\":\"https:\/\/www.filtrox.com\/#website\"},\"primaryImageOfPage\":{\"@id\":\"https:\/\/www.filtrox.com\/es\/quienes-somos\/historia-de-filtrox\/#primaryimage\"},\"image\":{\"@id\":\"https:\/\/www.filtrox.com\/es\/quienes-somos\/historia-de-filtrox\/#primaryimage\"},\"thumbnailUrl\":\"https:\/\/www.filtrox.com\/wp-content\/uploads\/2015\/02\/Filtrox-ABOUT-US-title_PR.jpg\",\"datePublished\":\"2015-02-17T05:41:55+00:00\",\"dateModified\":\"2025-01-06T08:49:51+00:00\",\"description\":\"Historia FILTROX. Como l\u00edder mundial en filtraci\u00f3n de profundidad, FILTROX ofrece soluciones para la filtraci\u00f3n de l\u00edquidos valiosos.\",\"breadcrumb\":{\"@id\":\"https:\/\/www.filtrox.com\/es\/quienes-somos\/historia-de-filtrox\/#breadcrumb\"},\"inLanguage\":\"es\",\"potentialAction\":[{\"@type\":\"ReadAction\",\"target\":[\"https:\/\/www.filtrox.com\/es\/quienes-somos\/historia-de-filtrox\/\"]}]},{\"@type\":\"ImageObject\",\"inLanguage\":\"es\",\"@id\":\"https:\/\/www.filtrox.com\/es\/quienes-somos\/historia-de-filtrox\/#primaryimage\",\"url\":\"https:\/\/www.filtrox.com\/wp-content\/uploads\/2015\/02\/Filtrox-ABOUT-US-title_PR.jpg\",\"contentUrl\":\"https:\/\/www.filtrox.com\/wp-content\/uploads\/2015\/02\/Filtrox-ABOUT-US-title_PR.jpg\",\"width\":1200,\"height\":322,\"caption\":\"Sede en St.Gallen, Suiza\"},{\"@type\":\"BreadcrumbList\",\"@id\":\"https:\/\/www.filtrox.com\/es\/quienes-somos\/historia-de-filtrox\/#breadcrumb\",\"itemListElement\":[{\"@type\":\"ListItem\",\"position\":1,\"name\":\"Home\",\"item\":\"https:\/\/www.filtrox.com\/es\/\"},{\"@type\":\"ListItem\",\"position\":2,\"name\":\"Qui\u00e9nes somos\",\"item\":\"https:\/\/www.filtrox.com\/es\/quienes-somos\/\"},{\"@type\":\"ListItem\",\"position\":3,\"name\":\"Historia de Filtrox\"}]},{\"@type\":\"WebSite\",\"@id\":\"https:\/\/www.filtrox.com\/#website\",\"url\":\"https:\/\/www.filtrox.com\/\",\"name\":\"Filtrox\",\"description\":\"DEPTH FILTRATION FOR VALUABLE LIQUIDS.\",\"publisher\":{\"@id\":\"https:\/\/www.filtrox.com\/#organization\"},\"potentialAction\":[{\"@type\":\"SearchAction\",\"target\":{\"@type\":\"EntryPoint\",\"urlTemplate\":\"https:\/\/www.filtrox.com\/?s={search_term_string}\"},\"query-input\":{\"@type\":\"PropertyValueSpecification\",\"valueRequired\":true,\"valueName\":\"search_term_string\"}}],\"inLanguage\":\"es\"},{\"@type\":\"Organization\",\"@id\":\"https:\/\/www.filtrox.com\/#organization\",\"name\":\"Filtrox\",\"alternateName\":\"FX\",\"url\":\"https:\/\/www.filtrox.com\/\",\"logo\":{\"@type\":\"ImageObject\",\"inLanguage\":\"es\",\"@id\":\"https:\/\/www.filtrox.com\/#\/schema\/logo\/image\/\",\"url\":\"https:\/\/www.filtrox.com\/wp-content\/uploads\/2015\/02\/FX-Logo_RGB_0-74-153.jpg\",\"contentUrl\":\"https:\/\/www.filtrox.com\/wp-content\/uploads\/2015\/02\/FX-Logo_RGB_0-74-153.jpg\",\"width\":512,\"height\":512,\"caption\":\"Filtrox\"},\"image\":{\"@id\":\"https:\/\/www.filtrox.com\/#\/schema\/logo\/image\/\"},\"sameAs\":[\"https:\/\/www.facebook.com\/Filtrox-AG-2091458717567633\",\"https:\/\/x.com\/FILTROX1\",\"https:\/\/www.instagram.com\/filtroxag\/\",\"https:\/\/www.linkedin.com\/company\/34636121\/\",\"https:\/\/www.youtube.com\/channel\/UCi3A2_4M_c-CcEst9YJ4U9g\/featured?disable_polymer=1\"]}]}<\/script>\n<!-- \/ Yoast SEO plugin. -->","yoast_head_json":{"title":"Historia FILTROX - experto en filtraci\u00f3n de profundidad","description":"Historia FILTROX. Como l\u00edder mundial en filtraci\u00f3n de profundidad, FILTROX ofrece soluciones para la filtraci\u00f3n de l\u00edquidos valiosos.","robots":{"index":"index","follow":"follow","max-snippet":"max-snippet:-1","max-image-preview":"max-image-preview:large","max-video-preview":"max-video-preview:-1"},"canonical":"https:\/\/www.filtrox.com\/es\/quienes-somos\/historia-de-filtrox\/","og_locale":"es_ES","og_type":"article","og_title":"Historia FILTROX - experto en filtraci\u00f3n de profundidad","og_description":"Historia FILTROX. Como l\u00edder mundial en filtraci\u00f3n de profundidad, FILTROX ofrece soluciones para la filtraci\u00f3n de l\u00edquidos valiosos.","og_url":"https:\/\/www.filtrox.com\/es\/quienes-somos\/historia-de-filtrox\/","og_site_name":"Filtrox","article_publisher":"https:\/\/www.facebook.com\/Filtrox-AG-2091458717567633","article_modified_time":"2025-01-06T08:49:51+00:00","og_image":[{"width":1200,"height":322,"url":"https:\/\/www.filtrox.com\/wp-content\/uploads\/2015\/02\/Filtrox-ABOUT-US-title_PR.jpg","type":"image\/jpeg"}],"twitter_card":"summary_large_image","twitter_site":"@FILTROX1","twitter_misc":{"Tiempo de lectura":"2 minutos"},"schema":{"@context":"https:\/\/schema.org","@graph":[{"@type":"WebPage","@id":"https:\/\/www.filtrox.com\/es\/quienes-somos\/historia-de-filtrox\/","url":"https:\/\/www.filtrox.com\/es\/quienes-somos\/historia-de-filtrox\/","name":"Historia FILTROX - experto en filtraci\u00f3n de profundidad","isPartOf":{"@id":"https:\/\/www.filtrox.com\/#website"},"primaryImageOfPage":{"@id":"https:\/\/www.filtrox.com\/es\/quienes-somos\/historia-de-filtrox\/#primaryimage"},"image":{"@id":"https:\/\/www.filtrox.com\/es\/quienes-somos\/historia-de-filtrox\/#primaryimage"},"thumbnailUrl":"https:\/\/www.filtrox.com\/wp-content\/uploads\/2015\/02\/Filtrox-ABOUT-US-title_PR.jpg","datePublished":"2015-02-17T05:41:55+00:00","dateModified":"2025-01-06T08:49:51+00:00","description":"Historia FILTROX. Como l\u00edder mundial en filtraci\u00f3n de profundidad, FILTROX ofrece soluciones para la filtraci\u00f3n de l\u00edquidos valiosos.","breadcrumb":{"@id":"https:\/\/www.filtrox.com\/es\/quienes-somos\/historia-de-filtrox\/#breadcrumb"},"inLanguage":"es","potentialAction":[{"@type":"ReadAction","target":["https:\/\/www.filtrox.com\/es\/quienes-somos\/historia-de-filtrox\/"]}]},{"@type":"ImageObject","inLanguage":"es","@id":"https:\/\/www.filtrox.com\/es\/quienes-somos\/historia-de-filtrox\/#primaryimage","url":"https:\/\/www.filtrox.com\/wp-content\/uploads\/2015\/02\/Filtrox-ABOUT-US-title_PR.jpg","contentUrl":"https:\/\/www.filtrox.com\/wp-content\/uploads\/2015\/02\/Filtrox-ABOUT-US-title_PR.jpg","width":1200,"height":322,"caption":"Sede en St.Gallen, Suiza"},{"@type":"BreadcrumbList","@id":"https:\/\/www.filtrox.com\/es\/quienes-somos\/historia-de-filtrox\/#breadcrumb","itemListElement":[{"@type":"ListItem","position":1,"name":"Home","item":"https:\/\/www.filtrox.com\/es\/"},{"@type":"ListItem","position":2,"name":"Qui\u00e9nes somos","item":"https:\/\/www.filtrox.com\/es\/quienes-somos\/"},{"@type":"ListItem","position":3,"name":"Historia de Filtrox"}]},{"@type":"WebSite","@id":"https:\/\/www.filtrox.com\/#website","url":"https:\/\/www.filtrox.com\/","name":"Filtrox","description":"DEPTH FILTRATION FOR VALUABLE LIQUIDS.","publisher":{"@id":"https:\/\/www.filtrox.com\/#organization"},"potentialAction":[{"@type":"SearchAction","target":{"@type":"EntryPoint","urlTemplate":"https:\/\/www.filtrox.com\/?s={search_term_string}"},"query-input":{"@type":"PropertyValueSpecification","valueRequired":true,"valueName":"search_term_string"}}],"inLanguage":"es"},{"@type":"Organization","@id":"https:\/\/www.filtrox.com\/#organization","name":"Filtrox","alternateName":"FX","url":"https:\/\/www.filtrox.com\/","logo":{"@type":"ImageObject","inLanguage":"es","@id":"https:\/\/www.filtrox.com\/#\/schema\/logo\/image\/","url":"https:\/\/www.filtrox.com\/wp-content\/uploads\/2015\/02\/FX-Logo_RGB_0-74-153.jpg","contentUrl":"https:\/\/www.filtrox.com\/wp-content\/uploads\/2015\/02\/FX-Logo_RGB_0-74-153.jpg","width":512,"height":512,"caption":"Filtrox"},"image":{"@id":"https:\/\/www.filtrox.com\/#\/schema\/logo\/image\/"},"sameAs":["https:\/\/www.facebook.com\/Filtrox-AG-2091458717567633","https:\/\/x.com\/FILTROX1","https:\/\/www.instagram.com\/filtroxag\/","https:\/\/www.linkedin.com\/company\/34636121\/","https:\/\/www.youtube.com\/channel\/UCi3A2_4M_c-CcEst9YJ4U9g\/featured?disable_polymer=1"]}]}},"coauthors":[],"author_meta":{"author_link":"https:\/\/www.filtrox.com\/es\/blog\/author\/fosca-roman\/","display_name":"Fosca Roman"},"relative_dates":{"created":"Publicado 11 a\u00f1os hace","modified":"Actualizado 1 a\u00f1o hace"},"absolute_dates":{"created":"Publicado el febrero 17, 2015","modified":"Actualizado el enero 6, 2025"},"absolute_dates_time":{"created":"Publicado el febrero 17, 2015 6:41 am","modified":"Actualizado el enero 6, 2025 9:49 am"},"featured_img_caption":"Sede en St.Gallen, Suiza","featured_img":"https:\/\/www.filtrox.com\/wp-content\/uploads\/2015\/02\/Filtrox-ABOUT-US-title_PR-604x270.jpg","series_order":"","publishpress_future_action":{"enabled":false,"date":"2026-05-06 16:03:16","action":"change-status","newStatus":"draft","terms":[],"taxonomy":"translation_priority","extraData":[]},"publishpress_future_workflow_manual_trigger":{"enabledWorkflows":[]},"_links":{"self":[{"href":"https:\/\/www.filtrox.com\/es\/wp-json\/wp\/v2\/pages\/11549","targetHints":{"allow":["GET"]}}],"collection":[{"href":"https:\/\/www.filtrox.com\/es\/wp-json\/wp\/v2\/pages"}],"about":[{"href":"https:\/\/www.filtrox.com\/es\/wp-json\/wp\/v2\/types\/page"}],"author":[{"embeddable":true,"href":"https:\/\/www.filtrox.com\/es\/wp-json\/wp\/v2\/users\/8"}],"replies":[{"embeddable":true,"href":"https:\/\/www.filtrox.com\/es\/wp-json\/wp\/v2\/comments?post=11549"}],"version-history":[{"count":10,"href":"https:\/\/www.filtrox.com\/es\/wp-json\/wp\/v2\/pages\/11549\/revisions"}],"predecessor-version":[{"id":60279,"href":"https:\/\/www.filtrox.com\/es\/wp-json\/wp\/v2\/pages\/11549\/revisions\/60279"}],"up":[{"embeddable":true,"href":"https:\/\/www.filtrox.com\/es\/wp-json\/wp\/v2\/pages\/21368"}],"wp:featuredmedia":[{"embeddable":true,"href":"https:\/\/www.filtrox.com\/es\/wp-json\/wp\/v2\/media\/11546"}],"wp:attachment":[{"href":"https:\/\/www.filtrox.com\/es\/wp-json\/wp\/v2\/media?parent=11549"}],"curies":[{"name":"wp","href":"https:\/\/api.w.org\/{rel}","templated":true}]}}