{"id":11566,"date":"2019-01-23T13:01:36","date_gmt":"2019-01-23T12:01:36","guid":{"rendered":"https:\/\/www.filtrox.com\/about-us\/organization\/"},"modified":"2026-03-04T09:16:50","modified_gmt":"2026-03-04T08:16:50","slug":"organizacion","status":"publish","type":"page","link":"https:\/\/www.filtrox.com\/es\/quienes-somos\/organizacion\/","title":{"rendered":"Organizaci\u00f3n"},"content":{"rendered":"<h1>Organizaci\u00f3n<\/h1>\n<p>FILTROX es una empresa familiar e independiente. Nuestro tama\u00f1o comparativamente peque\u00f1o y nuestra organizaci\u00f3n esbelta nos permite satisfacer las necesidades de nuestros clientes individualmente. Construir relaciones personales con ellos nos ayuda a comprender sus tareas de filtraci\u00f3n. Adicionalmente podemos proporcionar sistemas de valor agregado para mejorar sus procesos y productos.<\/p>\n<p>La misi\u00f3n de FILTROX es clara: queremos ser el proveedor l\u00edder mundial de sistemas de filtraci\u00f3n profunda para l\u00edquidos altamente sensibles. Este nicho decididamente especializado en el mercado de la filtraci\u00f3n ha sido el foco de FILTROX desde su fundaci\u00f3n en 1938.<\/p>\n<p>El Grupo FILTROX tiene una estructura holding. El directorio del holding Grupo FILTROX es responsable de la direcci\u00f3n estrat\u00e9gica. Nombra a los miembros del Equipo de Liderazgo del Grupo. El Equipo de Liderazgo del Grupo (GLT) actualmente consta de cinco miembros. La junta del grupo de cinco miembros tambi\u00e9n.<\/p>\n\n\n<div class=\"wp-block-advgb-columns advgb-columns-wrapper\" id=\"advgb-cols-e0d2d2b1-0d9c-4faa-b000-b94f4cfa83dd\"><div class=\"advgb-columns-container\"><div class=\"advgb-columns advgb-columns-row advgb-is-mobile advgb-columns-3 layout-13-13-13 mbl-layout-stacked vgutter-10\">\n<div class=\"wp-block-advgb-column advgb-column advgb-is-one-third-tablet advgb-is-full-mobile\" id=\"advgb-col-4fd80a50-0f8a-4fb7-bc24-32a647fac883\"><div class=\"advgb-column-inner\" style=\"border-style:none;border-width:1px\">\n<h4><strong><span style=\"font-size: 14pt;\">SUCURSALES FILTROX<\/span><\/strong><\/h4>\n\n\n\n<div style=\"height:50px\" aria-hidden=\"true\" class=\"wp-block-spacer\"><\/div>\n<\/div><\/div>\n\n\n\n<div class=\"wp-block-advgb-column advgb-column advgb-is-one-third-tablet advgb-is-full-mobile\" id=\"advgb-col-fd6742a6-30b4-4944-8849-7b7323f7d71a\"><div class=\"advgb-column-inner\" style=\"border-style:none;border-width:1px\">\n<p>FILTROX AG<br>Moosm\u00fchlestr. 6<br>CH-9001 St.Gallen \/ Suiza<br>Tel\u00e9fono: +41 71 272 91 11<br><a href=\"mailto:sales(at)filtrox.ch\">sales@filtrox.ch<\/a><\/p>\n<p>FILTROX France s.a.r.l.<br>1 Rue du Claire Matin<br>F 21200 Beaune \/ Francia<br>Tel\u00e9fono: +33 380 222 915<br>Fax: +33 380 241 856<br><a href=\"mailto:contact(at)filtroxfrance.com\">contact<\/a><a href=\"mailto:sales(at)filtrox.ch\">@<\/a><a href=\"mailto:contact(at)filtroxfrance.com\">filtroxfrance.com<\/a><\/p>\n<p>FILTROX North America, Inc<br>5506 6<sup>th<\/sup>&nbsp;Ave S. Suite 107<br>Seattle, WA 98108 \/ USA<br>Phone: Toll free 800 473 4526<br>Tel\u00e9fono: +1 425 820 4850<br>Fax: +1 425 820 2816<br><a href=\"mailto:info(at)filtercorp.com\">info<\/a><a href=\"mailto:sales(at)filtrox.ch\">@<\/a><a href=\"mailto:info(at)filtroxnorthamerica.com\">filtroxnorthamerica.com<\/a><\/p>\n<p>FILTROX Latinoamerica S.A. de C.V.<br>Prolongaci\u00f3n Recursos Hidr\u00e1ulicos 22, Lote A<br>La Loma, Tlalnepantla de Baz, CP 54060<br>Estado de M\u00e9xcio \/ M\u00e9xico<br>Tel\u00e9fono: +52 55 2628 1691<br><a href=\"mailto:info(at)filtrox.com.mx\">info@filtrox.com.mx<\/a><\/p>\n<\/div><\/div>\n\n\n\n<div class=\"wp-block-advgb-column advgb-column advgb-is-one-third-tablet advgb-is-full-mobile\" id=\"advgb-col-838c4ce9-a224-4d94-ba1b-6787949b6679\"><div class=\"advgb-column-inner\" style=\"border-style:none;border-width:1px\">\n<p>FILTROX (Shanghai) Filtration Systems Co., Ltd<br \/>Room 406, Qinghewan Road #980<br \/>Qingpu district<br \/>Shanghai 201717 \/ P.R. China<br \/>Tel\u00e9fono: +86 021 5922 7601<br \/><a href=\"mailto:sales_apac(at)filtrox.com\">sales_apac@filtrox.com<\/a><\/p>\n<p>FILTROX Carlson Ltd UK &amp; Northern Europe<br \/>Butts Mill<br \/>Barnoldswick<br \/>Lancashire<br \/>BB18 5HP \/ Reino Unido<br \/>Tel\u00e9fono: +44 1282 811000<br \/>Fax: +44 1282 811001<br \/><a href=\"mailto:filtrox.UK(at)filtrox.com\">filtrox.UK@filtrox.com<\/a><\/p>\n<p>FILTROX\u00a0Southern Europe<br \/>Calle Can Vinyalets, 15<br \/>08130 Santa Perp\u00e8tua de Mogoda \/ Espa\u00f1a<br \/>Tel\u00e9fono: +34 934 626 700<br \/><a href=\"mailto:filtrox@filtrox.es\" target=\"_blank\" rel=\"noopener noreferrer\">filtrox@filtrox.es<\/a><\/p>\n<p>FILTROX Asia-Pacific Pte Ltd<br \/>25 International Business Park<br \/>#02-14 German Center<br \/>Singapur609916 \/ Singapore<br \/>Tel\u00e9fono: +65 9880 1651<br \/><a href=\"mailto:sales_apac@filtrox.com\">sales_apac@filtrox.com<\/a><\/p>\n<\/div><\/div>\n<\/div><\/div><\/div>\n<style class=\"advgb-styles-renderer\">#advgb-cols-e0d2d2b1-0d9c-4faa-b000-b94f4cfa83dd{}@media screen and (max-width: 1023px) {#advgb-cols-e0d2d2b1-0d9c-4faa-b000-b94f4cfa83dd{}}@media screen and (max-width: 767px) {#advgb-cols-e0d2d2b1-0d9c-4faa-b000-b94f4cfa83dd{}}#advgb-col-4fd80a50-0f8a-4fb7-bc24-32a647fac883>.advgb-column-inner{}@media screen and (max-width: 1023px) {#advgb-col-4fd80a50-0f8a-4fb7-bc24-32a647fac883>.advgb-column-inner{}}@media screen and (max-width: 767px) {#advgb-col-4fd80a50-0f8a-4fb7-bc24-32a647fac883>.advgb-column-inner{}}#advgb-col-fd6742a6-30b4-4944-8849-7b7323f7d71a>.advgb-column-inner{}@media screen and (max-width: 1023px) {#advgb-col-fd6742a6-30b4-4944-8849-7b7323f7d71a>.advgb-column-inner{}}@media screen and (max-width: 767px) {#advgb-col-fd6742a6-30b4-4944-8849-7b7323f7d71a>.advgb-column-inner{}}#advgb-col-838c4ce9-a224-4d94-ba1b-6787949b6679>.advgb-column-inner{}@media screen and (max-width: 1023px) {#advgb-col-838c4ce9-a224-4d94-ba1b-6787949b6679>.advgb-column-inner{}}@media screen and (max-width: 767px) {#advgb-col-838c4ce9-a224-4d94-ba1b-6787949b6679>.advgb-column-inner{}}<\/style>","protected":false},"excerpt":{"rendered":"<p>Organizaci\u00f3n FILTROX es una empresa familiar e independiente. Nuestro tama\u00f1o comparativamente peque\u00f1o y nuestra organizaci\u00f3n esbelta nos permite satisfacer las necesidades de nuestros clientes individualmente. Construir relaciones personales con ellos nos ayuda a comprender sus tareas de filtraci\u00f3n. Adicionalmente podemos proporcionar sistemas de valor agregado para mejorar sus procesos y productos. La misi\u00f3n de FILTROX &hellip; <a href=\"https:\/\/www.filtrox.com\/es\/quienes-somos\/organizacion\/\" class=\"more-link\">Continue reading <span class=\"screen-reader-text\">Organizaci\u00f3n<\/span> <span class=\"meta-nav\">&rarr;<\/span><\/a><\/p>\n","protected":false},"author":8,"featured_media":11546,"parent":21368,"menu_order":244,"comment_status":"closed","ping_status":"closed","template":"template_organizandourprocess.php","meta":{"_acf_changed":false,"advgb_blocks_editor_width":"","advgb_blocks_columns_visual_guide":"","footnotes":""},"class_list":["post-11566","page","type-page","status-publish","has-post-thumbnail","hentry"],"acf":[],"yoast_head":"<!-- This site is optimized with the Yoast SEO plugin v26.3 - https:\/\/yoast.com\/wordpress\/plugins\/seo\/ -->\n<title>Organizaci\u00f3n del grupo FILTROX -<\/title>\n<meta name=\"description\" content=\"El Grupo FILTROX tiene una organizaci\u00f3n de holding. Nuestras sucursales se encuentran en todo el mundo. La oficina central est\u00e0 en Suiza.\" \/>\n<meta name=\"robots\" content=\"index, follow, max-snippet:-1, max-image-preview:large, max-video-preview:-1\" \/>\n<link rel=\"canonical\" href=\"https:\/\/www.filtrox.com\/es\/quienes-somos\/organizacion\/\" \/>\n<meta property=\"og:locale\" content=\"es_ES\" \/>\n<meta property=\"og:type\" content=\"article\" \/>\n<meta property=\"og:title\" content=\"Organizaci\u00f3n del grupo FILTROX -\" \/>\n<meta property=\"og:description\" content=\"El Grupo FILTROX tiene una organizaci\u00f3n de holding. Nuestras sucursales se encuentran en todo el mundo. La oficina central est\u00e0 en Suiza.\" \/>\n<meta property=\"og:url\" content=\"https:\/\/www.filtrox.com\/es\/quienes-somos\/organizacion\/\" \/>\n<meta property=\"og:site_name\" content=\"Filtrox\" \/>\n<meta property=\"article:publisher\" content=\"https:\/\/www.facebook.com\/Filtrox-AG-2091458717567633\" \/>\n<meta property=\"article:modified_time\" content=\"2026-03-04T08:16:50+00:00\" \/>\n<meta property=\"og:image\" content=\"https:\/\/www.filtrox.com\/wp-content\/uploads\/2015\/02\/Filtrox-ABOUT-US-title_PR.jpg\" \/>\n\t<meta property=\"og:image:width\" content=\"1200\" \/>\n\t<meta property=\"og:image:height\" content=\"322\" \/>\n\t<meta property=\"og:image:type\" content=\"image\/jpeg\" \/>\n<meta name=\"twitter:card\" content=\"summary_large_image\" \/>\n<meta name=\"twitter:site\" content=\"@FILTROX1\" \/>\n<meta name=\"twitter:label1\" content=\"Tiempo de lectura\" \/>\n\t<meta name=\"twitter:data1\" content=\"2 minutos\" \/>\n<script type=\"application\/ld+json\" class=\"yoast-schema-graph\">{\"@context\":\"https:\/\/schema.org\",\"@graph\":[{\"@type\":\"WebPage\",\"@id\":\"https:\/\/www.filtrox.com\/es\/quienes-somos\/organizacion\/\",\"url\":\"https:\/\/www.filtrox.com\/es\/quienes-somos\/organizacion\/\",\"name\":\"Organizaci\u00f3n del grupo FILTROX -\",\"isPartOf\":{\"@id\":\"https:\/\/www.filtrox.com\/#website\"},\"primaryImageOfPage\":{\"@id\":\"https:\/\/www.filtrox.com\/es\/quienes-somos\/organizacion\/#primaryimage\"},\"image\":{\"@id\":\"https:\/\/www.filtrox.com\/es\/quienes-somos\/organizacion\/#primaryimage\"},\"thumbnailUrl\":\"https:\/\/www.filtrox.com\/wp-content\/uploads\/2015\/02\/Filtrox-ABOUT-US-title_PR.jpg\",\"datePublished\":\"2019-01-23T12:01:36+00:00\",\"dateModified\":\"2026-03-04T08:16:50+00:00\",\"description\":\"El Grupo FILTROX tiene una organizaci\u00f3n de holding. Nuestras sucursales se encuentran en todo el mundo. La oficina central est\u00e0 en Suiza.\",\"breadcrumb\":{\"@id\":\"https:\/\/www.filtrox.com\/es\/quienes-somos\/organizacion\/#breadcrumb\"},\"inLanguage\":\"es\",\"potentialAction\":[{\"@type\":\"ReadAction\",\"target\":[\"https:\/\/www.filtrox.com\/es\/quienes-somos\/organizacion\/\"]}]},{\"@type\":\"ImageObject\",\"inLanguage\":\"es\",\"@id\":\"https:\/\/www.filtrox.com\/es\/quienes-somos\/organizacion\/#primaryimage\",\"url\":\"https:\/\/www.filtrox.com\/wp-content\/uploads\/2015\/02\/Filtrox-ABOUT-US-title_PR.jpg\",\"contentUrl\":\"https:\/\/www.filtrox.com\/wp-content\/uploads\/2015\/02\/Filtrox-ABOUT-US-title_PR.jpg\",\"width\":1200,\"height\":322,\"caption\":\"Sede en St.Gallen, Suiza\"},{\"@type\":\"BreadcrumbList\",\"@id\":\"https:\/\/www.filtrox.com\/es\/quienes-somos\/organizacion\/#breadcrumb\",\"itemListElement\":[{\"@type\":\"ListItem\",\"position\":1,\"name\":\"Home\",\"item\":\"https:\/\/www.filtrox.com\/es\/\"},{\"@type\":\"ListItem\",\"position\":2,\"name\":\"Qui\u00e9nes somos\",\"item\":\"https:\/\/www.filtrox.com\/es\/quienes-somos\/\"},{\"@type\":\"ListItem\",\"position\":3,\"name\":\"Organizaci\u00f3n\"}]},{\"@type\":\"WebSite\",\"@id\":\"https:\/\/www.filtrox.com\/#website\",\"url\":\"https:\/\/www.filtrox.com\/\",\"name\":\"Filtrox\",\"description\":\"DEPTH FILTRATION FOR VALUABLE LIQUIDS.\",\"publisher\":{\"@id\":\"https:\/\/www.filtrox.com\/#organization\"},\"potentialAction\":[{\"@type\":\"SearchAction\",\"target\":{\"@type\":\"EntryPoint\",\"urlTemplate\":\"https:\/\/www.filtrox.com\/?s={search_term_string}\"},\"query-input\":{\"@type\":\"PropertyValueSpecification\",\"valueRequired\":true,\"valueName\":\"search_term_string\"}}],\"inLanguage\":\"es\"},{\"@type\":\"Organization\",\"@id\":\"https:\/\/www.filtrox.com\/#organization\",\"name\":\"Filtrox\",\"alternateName\":\"FX\",\"url\":\"https:\/\/www.filtrox.com\/\",\"logo\":{\"@type\":\"ImageObject\",\"inLanguage\":\"es\",\"@id\":\"https:\/\/www.filtrox.com\/#\/schema\/logo\/image\/\",\"url\":\"https:\/\/www.filtrox.com\/wp-content\/uploads\/2015\/02\/FX-Logo_RGB_0-74-153.jpg\",\"contentUrl\":\"https:\/\/www.filtrox.com\/wp-content\/uploads\/2015\/02\/FX-Logo_RGB_0-74-153.jpg\",\"width\":512,\"height\":512,\"caption\":\"Filtrox\"},\"image\":{\"@id\":\"https:\/\/www.filtrox.com\/#\/schema\/logo\/image\/\"},\"sameAs\":[\"https:\/\/www.facebook.com\/Filtrox-AG-2091458717567633\",\"https:\/\/x.com\/FILTROX1\",\"https:\/\/www.instagram.com\/filtroxag\/\",\"https:\/\/www.linkedin.com\/company\/34636121\/\",\"https:\/\/www.youtube.com\/channel\/UCi3A2_4M_c-CcEst9YJ4U9g\/featured?disable_polymer=1\"]}]}<\/script>\n<!-- \/ Yoast SEO plugin. -->","yoast_head_json":{"title":"Organizaci\u00f3n del grupo FILTROX -","description":"El Grupo FILTROX tiene una organizaci\u00f3n de holding. Nuestras sucursales se encuentran en todo el mundo. La oficina central est\u00e0 en Suiza.","robots":{"index":"index","follow":"follow","max-snippet":"max-snippet:-1","max-image-preview":"max-image-preview:large","max-video-preview":"max-video-preview:-1"},"canonical":"https:\/\/www.filtrox.com\/es\/quienes-somos\/organizacion\/","og_locale":"es_ES","og_type":"article","og_title":"Organizaci\u00f3n del grupo FILTROX -","og_description":"El Grupo FILTROX tiene una organizaci\u00f3n de holding. Nuestras sucursales se encuentran en todo el mundo. La oficina central est\u00e0 en Suiza.","og_url":"https:\/\/www.filtrox.com\/es\/quienes-somos\/organizacion\/","og_site_name":"Filtrox","article_publisher":"https:\/\/www.facebook.com\/Filtrox-AG-2091458717567633","article_modified_time":"2026-03-04T08:16:50+00:00","og_image":[{"width":1200,"height":322,"url":"https:\/\/www.filtrox.com\/wp-content\/uploads\/2015\/02\/Filtrox-ABOUT-US-title_PR.jpg","type":"image\/jpeg"}],"twitter_card":"summary_large_image","twitter_site":"@FILTROX1","twitter_misc":{"Tiempo de lectura":"2 minutos"},"schema":{"@context":"https:\/\/schema.org","@graph":[{"@type":"WebPage","@id":"https:\/\/www.filtrox.com\/es\/quienes-somos\/organizacion\/","url":"https:\/\/www.filtrox.com\/es\/quienes-somos\/organizacion\/","name":"Organizaci\u00f3n del grupo FILTROX -","isPartOf":{"@id":"https:\/\/www.filtrox.com\/#website"},"primaryImageOfPage":{"@id":"https:\/\/www.filtrox.com\/es\/quienes-somos\/organizacion\/#primaryimage"},"image":{"@id":"https:\/\/www.filtrox.com\/es\/quienes-somos\/organizacion\/#primaryimage"},"thumbnailUrl":"https:\/\/www.filtrox.com\/wp-content\/uploads\/2015\/02\/Filtrox-ABOUT-US-title_PR.jpg","datePublished":"2019-01-23T12:01:36+00:00","dateModified":"2026-03-04T08:16:50+00:00","description":"El Grupo FILTROX tiene una organizaci\u00f3n de holding. Nuestras sucursales se encuentran en todo el mundo. La oficina central est\u00e0 en Suiza.","breadcrumb":{"@id":"https:\/\/www.filtrox.com\/es\/quienes-somos\/organizacion\/#breadcrumb"},"inLanguage":"es","potentialAction":[{"@type":"ReadAction","target":["https:\/\/www.filtrox.com\/es\/quienes-somos\/organizacion\/"]}]},{"@type":"ImageObject","inLanguage":"es","@id":"https:\/\/www.filtrox.com\/es\/quienes-somos\/organizacion\/#primaryimage","url":"https:\/\/www.filtrox.com\/wp-content\/uploads\/2015\/02\/Filtrox-ABOUT-US-title_PR.jpg","contentUrl":"https:\/\/www.filtrox.com\/wp-content\/uploads\/2015\/02\/Filtrox-ABOUT-US-title_PR.jpg","width":1200,"height":322,"caption":"Sede en St.Gallen, Suiza"},{"@type":"BreadcrumbList","@id":"https:\/\/www.filtrox.com\/es\/quienes-somos\/organizacion\/#breadcrumb","itemListElement":[{"@type":"ListItem","position":1,"name":"Home","item":"https:\/\/www.filtrox.com\/es\/"},{"@type":"ListItem","position":2,"name":"Qui\u00e9nes somos","item":"https:\/\/www.filtrox.com\/es\/quienes-somos\/"},{"@type":"ListItem","position":3,"name":"Organizaci\u00f3n"}]},{"@type":"WebSite","@id":"https:\/\/www.filtrox.com\/#website","url":"https:\/\/www.filtrox.com\/","name":"Filtrox","description":"DEPTH FILTRATION FOR VALUABLE LIQUIDS.","publisher":{"@id":"https:\/\/www.filtrox.com\/#organization"},"potentialAction":[{"@type":"SearchAction","target":{"@type":"EntryPoint","urlTemplate":"https:\/\/www.filtrox.com\/?s={search_term_string}"},"query-input":{"@type":"PropertyValueSpecification","valueRequired":true,"valueName":"search_term_string"}}],"inLanguage":"es"},{"@type":"Organization","@id":"https:\/\/www.filtrox.com\/#organization","name":"Filtrox","alternateName":"FX","url":"https:\/\/www.filtrox.com\/","logo":{"@type":"ImageObject","inLanguage":"es","@id":"https:\/\/www.filtrox.com\/#\/schema\/logo\/image\/","url":"https:\/\/www.filtrox.com\/wp-content\/uploads\/2015\/02\/FX-Logo_RGB_0-74-153.jpg","contentUrl":"https:\/\/www.filtrox.com\/wp-content\/uploads\/2015\/02\/FX-Logo_RGB_0-74-153.jpg","width":512,"height":512,"caption":"Filtrox"},"image":{"@id":"https:\/\/www.filtrox.com\/#\/schema\/logo\/image\/"},"sameAs":["https:\/\/www.facebook.com\/Filtrox-AG-2091458717567633","https:\/\/x.com\/FILTROX1","https:\/\/www.instagram.com\/filtroxag\/","https:\/\/www.linkedin.com\/company\/34636121\/","https:\/\/www.youtube.com\/channel\/UCi3A2_4M_c-CcEst9YJ4U9g\/featured?disable_polymer=1"]}]}},"coauthors":[],"author_meta":{"author_link":"https:\/\/www.filtrox.com\/es\/blog\/author\/fosca-roman\/","display_name":"Fosca Roman"},"relative_dates":{"created":"Publicado 7 a\u00f1os hace","modified":"Actualizado 2 meses hace"},"absolute_dates":{"created":"Publicado el enero 23, 2019","modified":"Actualizado el marzo 4, 2026"},"absolute_dates_time":{"created":"Publicado el enero 23, 2019 1:01 pm","modified":"Actualizado el marzo 4, 2026 9:16 am"},"featured_img_caption":"Sede en St.Gallen, Suiza","featured_img":"https:\/\/www.filtrox.com\/wp-content\/uploads\/2015\/02\/Filtrox-ABOUT-US-title_PR-604x270.jpg","series_order":"","publishpress_future_action":{"enabled":false,"date":"2026-04-25 14:05:30","action":"change-status","newStatus":"draft","terms":[],"taxonomy":"translation_priority","extraData":[]},"publishpress_future_workflow_manual_trigger":{"enabledWorkflows":[]},"_links":{"self":[{"href":"https:\/\/www.filtrox.com\/es\/wp-json\/wp\/v2\/pages\/11566","targetHints":{"allow":["GET"]}}],"collection":[{"href":"https:\/\/www.filtrox.com\/es\/wp-json\/wp\/v2\/pages"}],"about":[{"href":"https:\/\/www.filtrox.com\/es\/wp-json\/wp\/v2\/types\/page"}],"author":[{"embeddable":true,"href":"https:\/\/www.filtrox.com\/es\/wp-json\/wp\/v2\/users\/8"}],"replies":[{"embeddable":true,"href":"https:\/\/www.filtrox.com\/es\/wp-json\/wp\/v2\/comments?post=11566"}],"version-history":[{"count":33,"href":"https:\/\/www.filtrox.com\/es\/wp-json\/wp\/v2\/pages\/11566\/revisions"}],"predecessor-version":[{"id":62594,"href":"https:\/\/www.filtrox.com\/es\/wp-json\/wp\/v2\/pages\/11566\/revisions\/62594"}],"up":[{"embeddable":true,"href":"https:\/\/www.filtrox.com\/es\/wp-json\/wp\/v2\/pages\/21368"}],"wp:featuredmedia":[{"embeddable":true,"href":"https:\/\/www.filtrox.com\/es\/wp-json\/wp\/v2\/media\/11546"}],"wp:attachment":[{"href":"https:\/\/www.filtrox.com\/es\/wp-json\/wp\/v2\/media?parent=11566"}],"curies":[{"name":"wp","href":"https:\/\/api.w.org\/{rel}","templated":true}]}}