{"id":11580,"date":"2015-02-17T07:25:27","date_gmt":"2015-02-17T07:25:27","guid":{"rendered":"https:\/\/www.filtrox.com\/home-page\/"},"modified":"2023-06-30T11:47:29","modified_gmt":"2023-06-30T10:47:29","slug":"filtracion-a-profundidad","status":"publish","type":"page","link":"https:\/\/www.filtrox.com\/es\/","title":{"rendered":"Home Page"},"content":{"rendered":"<h1>FILTROX soluciones de filtracion a profundidad<\/h1>\n<p>Filtrox es el experto en filtracion a profundidad en microfiltraci\u00f3n. Desde 1938 desarrollamos y fabricamos tanto medios como equipos de filtraci\u00f3n. Desarrollamos soluciones de filtraci\u00f3n a profundidad para industrias como alimentos y bebidas, ciencias de la vida, biotecnolog\u00eda, cosm\u00e9ticos y productos qu\u00edmicos.<\/p>\n<p>En general, la microfiltraci\u00f3n se define como un proceso de filtraci\u00f3n que utiliza un rango de tama\u00f1o de poro de 0,1 a 10 micrones. La microfiltraci\u00f3n elimina s\u00f3lidos finos y organismos tales como bacterias (filtraci\u00f3n est\u00e9ril).<\/p>\n<p>Los l\u00edquidos que filtramos a menudo terminan en el cuerpo humano. Esto puede ser en varias formas, tales como bebidas, alimentos, productos farmac\u00e9uticos o cosm\u00e9ticos. Por lo tanto, deben respetarse las normas sanitarias y de fabricaci\u00f3n m\u00e1s estrictas.<\/p>\n<h2>Cada problema de filtraci\u00f3n es diferente.<\/h2>\n<p>La red mundial de ingenieros de ventas calificados de Filtrox lo ayuda a encontrar la soluci\u00f3n \u00f3ptima para filtrar su l\u00edquido particular. Junto con nuestro personal de laboratorio, realizan pruebas de filtrabilidad y brindan asistencia t\u00e9cnica para garantizar que compre el tipo correcto de filtro.<\/p>\n<p>Nuestros ingenieros dise\u00f1an su filtro individual para adaptarse a su proceso de producci\u00f3n. Tambi\u00e9n le proporcionan asistencia durante la fase de instalaci\u00f3n y puesta en marcha.<\/p>\n<p>Nuestros filtros desempe\u00f1an un papel crucial en la calidad de su producto final. Es por eso que fabricamos nuestros equipos y nuestros medios de filtro en nuestra f\u00e1brica en St.Gallen. Esto, seg\u00fan los m\u00e1s altos est\u00e1ndares internacionales.<\/p>\n<h4 data-tadv-p=\"keep\"><strong>Sostenibilitdad: Piensa y act\u00faa de manera sostenible<\/strong><\/h4>\n<p>Nuestras vidas dependen del maravilloso planeta Tierra donde habitamos, y que utilizamos y aprovechamos de forma intensiva. Precisamente por eso, necesitamos utilizar los recursos de forma inteligente para estar seguros de que sigan estando disponibles para la siguiente generaci\u00f3n (y posteriores). Es el momento de que todos realicemos nuestra propia contribuci\u00f3n.<\/p>\n<p>Bas\u00e1ndose en el principio de no dejar a nadie atr\u00e1s, la ONU ha establecido 17 objetivos de sostenibilidad exigentes hasta el a\u00f1o 2030 para alcanzar el desarrollo ecol\u00f3gico, social y econ\u00f3mico. As\u00ed estaremos seguros de que las generaciones futuras tambi\u00e9n tengan la oportunidad de vivir una buena vida.<\/p>\n<p>Inspirados y motivados por este reto, en FILTROX seguimos objetivos individuales que hemos detallado en nuestro plan de sostenibilidad 2030. As\u00ed, hemos fijado objetivos ambiciosos en ocho \u00e1reas diferentes, que implementaremos paso a paso en colaboraci\u00f3n con nuestros socios. Entre otras cosas, estamos trabajando para reducir nuestro impacto negativo sobre el medio ambiente, y para ser un empleador seguro y sostenible, al tiempo que realizamos una contribuci\u00f3n comercial exitosa.<\/p>\n<p>Acomp\u00e1\u00f1enos. Nos encantar\u00eda mostrarle lo que hemos conseguido hasta ahora y en qu\u00e9 proyectos vamos a trabajar en el futuro.<\/p>\n\n\n<figure class=\"wp-block-image size-large advgb-dyn-74ba03c9\"><img decoding=\"async\" width=\"1024\" height=\"682\" data-src=\"https:\/\/www.filtrox.com\/wp-content\/uploads\/2019\/05\/schichten-1-1024x682.jpg\" alt=\"FILTROX producci\u00f3n de placas filtrantes para la filtraci\u00f3n a profundidad\" class=\"wp-image-23816 lazyload\" title=\"filtraci\u00f3n a profundidad para liquidos\" data-srcset=\"https:\/\/www.filtrox.com\/wp-content\/uploads\/2019\/05\/schichten-1-1024x682.jpg 1024w, https:\/\/www.filtrox.com\/wp-content\/uploads\/2019\/05\/schichten-1-300x200.jpg 300w, https:\/\/www.filtrox.com\/wp-content\/uploads\/2019\/05\/schichten-1-768x512.jpg 768w, https:\/\/www.filtrox.com\/wp-content\/uploads\/2019\/05\/schichten-1-24x16.jpg 24w, https:\/\/www.filtrox.com\/wp-content\/uploads\/2019\/05\/schichten-1-36x24.jpg 36w, https:\/\/www.filtrox.com\/wp-content\/uploads\/2019\/05\/schichten-1-48x32.jpg 48w, https:\/\/www.filtrox.com\/wp-content\/uploads\/2019\/05\/schichten-1.jpg 1181w\" data-sizes=\"(max-width: 1024px) 100vw, 1024px\" src=\"data:image\/svg+xml;base64,PHN2ZyB3aWR0aD0iMSIgaGVpZ2h0PSIxIiB4bWxucz0iaHR0cDovL3d3dy53My5vcmcvMjAwMC9zdmciPjwvc3ZnPg==\" style=\"--smush-placeholder-width: 1024px; --smush-placeholder-aspect-ratio: 1024\/682;\" \/><figcaption class=\"wp-element-caption\">Our focus on depth filtration<\/figcaption><\/figure>\n","protected":false},"excerpt":{"rendered":"<p>FILTROX soluciones de filtracion a profundidad Filtrox es el experto en filtracion a profundidad en microfiltraci\u00f3n. Desde 1938 desarrollamos y fabricamos tanto medios como equipos de filtraci\u00f3n. Desarrollamos soluciones de filtraci\u00f3n a profundidad para industrias como alimentos y bebidas, ciencias de la vida, biotecnolog\u00eda, cosm\u00e9ticos y productos qu\u00edmicos. En general, la microfiltraci\u00f3n se define como &hellip; <a href=\"https:\/\/www.filtrox.com\/es\/\" class=\"more-link\">Continue reading <span class=\"screen-reader-text\">Home Page<\/span> <span class=\"meta-nav\">&rarr;<\/span><\/a><\/p>\n","protected":false},"author":8,"featured_media":0,"parent":0,"menu_order":104,"comment_status":"closed","ping_status":"open","template":"tmp_home.php","meta":{"_acf_changed":false,"advgb_blocks_editor_width":"","advgb_blocks_columns_visual_guide":"","footnotes":""},"class_list":["post-11580","page","type-page","status-publish","hentry"],"acf":[],"yoast_head":"<!-- This site is optimized with the Yoast SEO plugin v26.3 - https:\/\/yoast.com\/wordpress\/plugins\/seo\/ -->\n<title>Filtracion a profundidad para liquidos valiosos - FILTROX<\/title>\n<meta name=\"description\" content=\"FILTROX es l\u00edder en filtracion a profundidad. Nuestras soluciones de filtraci\u00f3n cumplen con los m\u00e1s altos requisitos en microfiltraci\u00f3n.\" \/>\n<meta name=\"robots\" content=\"index, follow, max-snippet:-1, max-image-preview:large, max-video-preview:-1\" \/>\n<link rel=\"canonical\" href=\"https:\/\/www.filtrox.com\/es\/\" \/>\n<meta property=\"og:locale\" content=\"es_ES\" \/>\n<meta property=\"og:type\" content=\"article\" \/>\n<meta property=\"og:title\" content=\"Filtracion a profundidad para liquidos valiosos - FILTROX\" \/>\n<meta property=\"og:description\" content=\"FILTROX es l\u00edder en filtracion a profundidad. Nuestras soluciones de filtraci\u00f3n cumplen con los m\u00e1s altos requisitos en microfiltraci\u00f3n.\" \/>\n<meta property=\"og:url\" content=\"https:\/\/www.filtrox.com\/es\/\" \/>\n<meta property=\"og:site_name\" content=\"Filtrox\" \/>\n<meta property=\"article:publisher\" content=\"https:\/\/www.facebook.com\/Filtrox-AG-2091458717567633\" \/>\n<meta property=\"article:modified_time\" content=\"2023-06-30T10:47:29+00:00\" \/>\n<meta property=\"og:image\" content=\"https:\/\/www.filtrox.com\/wp-content\/uploads\/2019\/05\/schichten-1-1024x682.jpg\" \/>\n<meta name=\"twitter:card\" content=\"summary_large_image\" \/>\n<meta name=\"twitter:site\" content=\"@FILTROX1\" \/>\n<meta name=\"twitter:label1\" content=\"Tiempo de lectura\" \/>\n\t<meta name=\"twitter:data1\" content=\"3 minutos\" \/>\n<script type=\"application\/ld+json\" class=\"yoast-schema-graph\">{\"@context\":\"https:\/\/schema.org\",\"@graph\":[{\"@type\":\"WebPage\",\"@id\":\"https:\/\/www.filtrox.com\/es\/\",\"url\":\"https:\/\/www.filtrox.com\/es\/\",\"name\":\"Filtracion a profundidad para liquidos valiosos - FILTROX\",\"isPartOf\":{\"@id\":\"https:\/\/www.filtrox.com\/#website\"},\"primaryImageOfPage\":{\"@id\":\"https:\/\/www.filtrox.com\/es\/#primaryimage\"},\"image\":{\"@id\":\"https:\/\/www.filtrox.com\/es\/#primaryimage\"},\"thumbnailUrl\":\"https:\/\/www.filtrox.com\/wp-content\/uploads\/2019\/05\/schichten-1-1024x682.jpg\",\"datePublished\":\"2015-02-17T07:25:27+00:00\",\"dateModified\":\"2023-06-30T10:47:29+00:00\",\"description\":\"FILTROX es l\u00edder en filtracion a profundidad. Nuestras soluciones de filtraci\u00f3n cumplen con los m\u00e1s altos requisitos en microfiltraci\u00f3n.\",\"breadcrumb\":{\"@id\":\"https:\/\/www.filtrox.com\/es\/#breadcrumb\"},\"inLanguage\":\"es\",\"potentialAction\":[{\"@type\":\"ReadAction\",\"target\":[\"https:\/\/www.filtrox.com\/es\/\"]}]},{\"@type\":\"ImageObject\",\"inLanguage\":\"es\",\"@id\":\"https:\/\/www.filtrox.com\/es\/#primaryimage\",\"url\":\"https:\/\/www.filtrox.com\/wp-content\/uploads\/2019\/05\/schichten-1-1024x682.jpg\",\"contentUrl\":\"https:\/\/www.filtrox.com\/wp-content\/uploads\/2019\/05\/schichten-1-1024x682.jpg\"},{\"@type\":\"BreadcrumbList\",\"@id\":\"https:\/\/www.filtrox.com\/es\/#breadcrumb\",\"itemListElement\":[{\"@type\":\"ListItem\",\"position\":1,\"name\":\"Home\",\"item\":\"https:\/\/www.filtrox.com\/es\/\"},{\"@type\":\"ListItem\",\"position\":2,\"name\":\"Home Page\"}]},{\"@type\":\"WebSite\",\"@id\":\"https:\/\/www.filtrox.com\/#website\",\"url\":\"https:\/\/www.filtrox.com\/\",\"name\":\"Filtrox\",\"description\":\"DEPTH FILTRATION FOR VALUABLE LIQUIDS.\",\"publisher\":{\"@id\":\"https:\/\/www.filtrox.com\/#organization\"},\"potentialAction\":[{\"@type\":\"SearchAction\",\"target\":{\"@type\":\"EntryPoint\",\"urlTemplate\":\"https:\/\/www.filtrox.com\/?s={search_term_string}\"},\"query-input\":{\"@type\":\"PropertyValueSpecification\",\"valueRequired\":true,\"valueName\":\"search_term_string\"}}],\"inLanguage\":\"es\"},{\"@type\":\"Organization\",\"@id\":\"https:\/\/www.filtrox.com\/#organization\",\"name\":\"Filtrox\",\"alternateName\":\"FX\",\"url\":\"https:\/\/www.filtrox.com\/\",\"logo\":{\"@type\":\"ImageObject\",\"inLanguage\":\"es\",\"@id\":\"https:\/\/www.filtrox.com\/#\/schema\/logo\/image\/\",\"url\":\"https:\/\/www.filtrox.com\/wp-content\/uploads\/2015\/02\/FX-Logo_RGB_0-74-153.jpg\",\"contentUrl\":\"https:\/\/www.filtrox.com\/wp-content\/uploads\/2015\/02\/FX-Logo_RGB_0-74-153.jpg\",\"width\":512,\"height\":512,\"caption\":\"Filtrox\"},\"image\":{\"@id\":\"https:\/\/www.filtrox.com\/#\/schema\/logo\/image\/\"},\"sameAs\":[\"https:\/\/www.facebook.com\/Filtrox-AG-2091458717567633\",\"https:\/\/x.com\/FILTROX1\",\"https:\/\/www.instagram.com\/filtroxag\/\",\"https:\/\/www.linkedin.com\/company\/34636121\/\",\"https:\/\/www.youtube.com\/channel\/UCi3A2_4M_c-CcEst9YJ4U9g\/featured?disable_polymer=1\"]}]}<\/script>\n<!-- \/ Yoast SEO plugin. -->","yoast_head_json":{"title":"Filtracion a profundidad para liquidos valiosos - FILTROX","description":"FILTROX es l\u00edder en filtracion a profundidad. Nuestras soluciones de filtraci\u00f3n cumplen con los m\u00e1s altos requisitos en microfiltraci\u00f3n.","robots":{"index":"index","follow":"follow","max-snippet":"max-snippet:-1","max-image-preview":"max-image-preview:large","max-video-preview":"max-video-preview:-1"},"canonical":"https:\/\/www.filtrox.com\/es\/","og_locale":"es_ES","og_type":"article","og_title":"Filtracion a profundidad para liquidos valiosos - FILTROX","og_description":"FILTROX es l\u00edder en filtracion a profundidad. Nuestras soluciones de filtraci\u00f3n cumplen con los m\u00e1s altos requisitos en microfiltraci\u00f3n.","og_url":"https:\/\/www.filtrox.com\/es\/","og_site_name":"Filtrox","article_publisher":"https:\/\/www.facebook.com\/Filtrox-AG-2091458717567633","article_modified_time":"2023-06-30T10:47:29+00:00","og_image":[{"url":"https:\/\/www.filtrox.com\/wp-content\/uploads\/2019\/05\/schichten-1-1024x682.jpg","type":"","width":"","height":""}],"twitter_card":"summary_large_image","twitter_site":"@FILTROX1","twitter_misc":{"Tiempo de lectura":"3 minutos"},"schema":{"@context":"https:\/\/schema.org","@graph":[{"@type":"WebPage","@id":"https:\/\/www.filtrox.com\/es\/","url":"https:\/\/www.filtrox.com\/es\/","name":"Filtracion a profundidad para liquidos valiosos - FILTROX","isPartOf":{"@id":"https:\/\/www.filtrox.com\/#website"},"primaryImageOfPage":{"@id":"https:\/\/www.filtrox.com\/es\/#primaryimage"},"image":{"@id":"https:\/\/www.filtrox.com\/es\/#primaryimage"},"thumbnailUrl":"https:\/\/www.filtrox.com\/wp-content\/uploads\/2019\/05\/schichten-1-1024x682.jpg","datePublished":"2015-02-17T07:25:27+00:00","dateModified":"2023-06-30T10:47:29+00:00","description":"FILTROX es l\u00edder en filtracion a profundidad. Nuestras soluciones de filtraci\u00f3n cumplen con los m\u00e1s altos requisitos en microfiltraci\u00f3n.","breadcrumb":{"@id":"https:\/\/www.filtrox.com\/es\/#breadcrumb"},"inLanguage":"es","potentialAction":[{"@type":"ReadAction","target":["https:\/\/www.filtrox.com\/es\/"]}]},{"@type":"ImageObject","inLanguage":"es","@id":"https:\/\/www.filtrox.com\/es\/#primaryimage","url":"https:\/\/www.filtrox.com\/wp-content\/uploads\/2019\/05\/schichten-1-1024x682.jpg","contentUrl":"https:\/\/www.filtrox.com\/wp-content\/uploads\/2019\/05\/schichten-1-1024x682.jpg"},{"@type":"BreadcrumbList","@id":"https:\/\/www.filtrox.com\/es\/#breadcrumb","itemListElement":[{"@type":"ListItem","position":1,"name":"Home","item":"https:\/\/www.filtrox.com\/es\/"},{"@type":"ListItem","position":2,"name":"Home Page"}]},{"@type":"WebSite","@id":"https:\/\/www.filtrox.com\/#website","url":"https:\/\/www.filtrox.com\/","name":"Filtrox","description":"DEPTH FILTRATION FOR VALUABLE LIQUIDS.","publisher":{"@id":"https:\/\/www.filtrox.com\/#organization"},"potentialAction":[{"@type":"SearchAction","target":{"@type":"EntryPoint","urlTemplate":"https:\/\/www.filtrox.com\/?s={search_term_string}"},"query-input":{"@type":"PropertyValueSpecification","valueRequired":true,"valueName":"search_term_string"}}],"inLanguage":"es"},{"@type":"Organization","@id":"https:\/\/www.filtrox.com\/#organization","name":"Filtrox","alternateName":"FX","url":"https:\/\/www.filtrox.com\/","logo":{"@type":"ImageObject","inLanguage":"es","@id":"https:\/\/www.filtrox.com\/#\/schema\/logo\/image\/","url":"https:\/\/www.filtrox.com\/wp-content\/uploads\/2015\/02\/FX-Logo_RGB_0-74-153.jpg","contentUrl":"https:\/\/www.filtrox.com\/wp-content\/uploads\/2015\/02\/FX-Logo_RGB_0-74-153.jpg","width":512,"height":512,"caption":"Filtrox"},"image":{"@id":"https:\/\/www.filtrox.com\/#\/schema\/logo\/image\/"},"sameAs":["https:\/\/www.facebook.com\/Filtrox-AG-2091458717567633","https:\/\/x.com\/FILTROX1","https:\/\/www.instagram.com\/filtroxag\/","https:\/\/www.linkedin.com\/company\/34636121\/","https:\/\/www.youtube.com\/channel\/UCi3A2_4M_c-CcEst9YJ4U9g\/featured?disable_polymer=1"]}]}},"coauthors":[],"author_meta":{"author_link":"https:\/\/www.filtrox.com\/es\/blog\/author\/fosca-roman\/","display_name":"Fosca Roman"},"relative_dates":{"created":"Publicado 11 a\u00f1os hace","modified":"Actualizado 3 a\u00f1os hace"},"absolute_dates":{"created":"Publicado el febrero 17, 2015","modified":"Actualizado el junio 30, 2023"},"absolute_dates_time":{"created":"Publicado el febrero 17, 2015 7:25 am","modified":"Actualizado el junio 30, 2023 11:47 am"},"featured_img_caption":"","featured_img":false,"series_order":"","publishpress_future_action":{"enabled":false,"date":"2026-05-02 11:35:07","action":"change-status","newStatus":"draft","terms":[],"taxonomy":"translation_priority","extraData":[]},"publishpress_future_workflow_manual_trigger":{"enabledWorkflows":[]},"_links":{"self":[{"href":"https:\/\/www.filtrox.com\/es\/wp-json\/wp\/v2\/pages\/11580","targetHints":{"allow":["GET"]}}],"collection":[{"href":"https:\/\/www.filtrox.com\/es\/wp-json\/wp\/v2\/pages"}],"about":[{"href":"https:\/\/www.filtrox.com\/es\/wp-json\/wp\/v2\/types\/page"}],"author":[{"embeddable":true,"href":"https:\/\/www.filtrox.com\/es\/wp-json\/wp\/v2\/users\/8"}],"replies":[{"embeddable":true,"href":"https:\/\/www.filtrox.com\/es\/wp-json\/wp\/v2\/comments?post=11580"}],"version-history":[{"count":5,"href":"https:\/\/www.filtrox.com\/es\/wp-json\/wp\/v2\/pages\/11580\/revisions"}],"predecessor-version":[{"id":54235,"href":"https:\/\/www.filtrox.com\/es\/wp-json\/wp\/v2\/pages\/11580\/revisions\/54235"}],"wp:attachment":[{"href":"https:\/\/www.filtrox.com\/es\/wp-json\/wp\/v2\/media?parent=11580"}],"curies":[{"name":"wp","href":"https:\/\/api.w.org\/{rel}","templated":true}]}}