{"id":11593,"date":"2019-01-23T13:05:09","date_gmt":"2019-01-23T12:05:09","guid":{"rendered":"https:\/\/www.filtrox.com\/services\/"},"modified":"2025-01-06T10:44:12","modified_gmt":"2025-01-06T09:44:12","slug":"servicios-filtracion","status":"publish","type":"page","link":"https:\/\/www.filtrox.com\/es\/servicios-filtracion\/","title":{"rendered":"Servicios filtraci\u00f3n"},"content":{"rendered":"<h1>Servicios filtraci\u00f3n de FILTROX<\/h1>\n<p>En FILTROX, estamos encantados de apoyarle con nuestros amplios servicios para encontrar soluciones adecuadas o mejorar sus procesos de filtraci\u00f3n. Compartimos nuestra experiencia a trav\u00e9s de capacitaciones pr\u00e1cticas y seminarios donde puede descubrir las numerosas posibilidades que ofrece la filtraci\u00f3n profunda. Ya sea que necesite conocimientos b\u00e1sicos o aplicaciones espec\u00edficas, adaptamos los contenidos a sus necesidades individuales para que pueda aplicar este conocimiento directamente en sus procesos.<\/p>\n<p>\u00bfSe enfrenta a un desaf\u00edo de filtraci\u00f3n particularmente dif\u00edcil? \u00bfNecesita apoyo para validar un proceso de filtraci\u00f3n existente o nuevo? Nuestros expertos experimentados est\u00e1n listos para ayudarle en cada paso del camino. Analizamos sus requisitos, desarrollamos soluciones personalizadas y le acompa\u00f1amos durante la implementaci\u00f3n exitosa de su proyecto. Valoramos profundamente la colaboraci\u00f3n estrecha para garantizar que no solo alcance sus objetivos, sino que los supere a largo plazo.<\/p>\n<p>Adem\u00e1s, ofrecemos servicios integrales de consultor\u00eda para hacer que sus procesos sean m\u00e1s eficientes, seguros y rentables. Con a\u00f1os de experiencia, nuestros expertos le apoyan en todas las etapas del proyecto, desde la planificaci\u00f3n hasta la implementaci\u00f3n y la optimizaci\u00f3n continua. \u00a1Trabajemos juntos para llevar sus procesos de filtraci\u00f3n al siguiente nivel!<\/p>\n<h4><strong>Conocimiento en filtraci\u00f3n de FILTROX<\/strong><\/h4>\n<p>Desde nuestra fundaci\u00f3n hace m\u00e1s de 75 a\u00f1os, en FILTROX hemos acumulado una amplia experiencia en la microfiltraci\u00f3n de l\u00edquidos. Nos entusiasma compartir este conocimiento con usted. FILTROX ofrece cursos de filtraci\u00f3n, seminarios, auditor\u00edas y capacitaciones personalizadas. Ya sea que necesite conocimientos generales de filtraci\u00f3n, resolver problemas de aplicaci\u00f3n o optimizar sus procesos, nuestros cursos de filtraci\u00f3n proporcionan una plataforma adecuada para abordar sus inquietudes.<\/p>\n<h4><strong>Asesoramiento de aplicaciones<\/strong><\/h4>\n<p>Somos expertos en filtraci\u00f3n profunda de l\u00edquidos. \u00bfTiene un producto dif\u00edcil de filtrar o su proceso de filtraci\u00f3n no est\u00e1 dise\u00f1ado de manera \u00f3ptima? Nuestros ingenieros de aplicaciones pueden ayudarle a optimizar sus procesos de filtraci\u00f3n.<\/p>\n<p><strong>Soporte y validaci\u00f3n<\/strong><\/p>\n<p>Muchos procesos de filtraci\u00f3n necesitan ser validados por nuestros clientes. Nuestro equipo est\u00e1 a su disposici\u00f3n para apoyarle en la implementaci\u00f3n de su validaci\u00f3n utilizando los productos de FILTROX.<\/p>\n\n\n\n\n<figure class=\"wp-block-image size-large is-style-default\"><a href=\"https:\/\/www.filtrox.com\/wp-content\/uploads\/2019\/02\/schichten-abpacken-farbredukt_klein_sm_Ol_News_BLAU.jpg\"><img decoding=\"async\" width=\"1024\" height=\"454\" data-src=\"https:\/\/www.filtrox.com\/wp-content\/uploads\/2019\/02\/schichten-abpacken-farbredukt_klein_sm_Ol_News_BLAU-1024x454.jpg\" alt=\"Filtrox producci\u00f3n de placas filtrantes de alta calidad, servicios filtraci\u00f3n\" class=\"wp-image-20107 lazyload\" title=\"servicios filtraci\u00f3n\" data-srcset=\"https:\/\/www.filtrox.com\/wp-content\/uploads\/2019\/02\/schichten-abpacken-farbredukt_klein_sm_Ol_News_BLAU-1024x454.jpg 1024w, https:\/\/www.filtrox.com\/wp-content\/uploads\/2019\/02\/schichten-abpacken-farbredukt_klein_sm_Ol_News_BLAU-300x133.jpg 300w, https:\/\/www.filtrox.com\/wp-content\/uploads\/2019\/02\/schichten-abpacken-farbredukt_klein_sm_Ol_News_BLAU-768x341.jpg 768w, https:\/\/www.filtrox.com\/wp-content\/uploads\/2019\/02\/schichten-abpacken-farbredukt_klein_sm_Ol_News_BLAU-1320x585.jpg 1320w, https:\/\/www.filtrox.com\/wp-content\/uploads\/2019\/02\/schichten-abpacken-farbredukt_klein_sm_Ol_News_BLAU-24x11.jpg 24w, https:\/\/www.filtrox.com\/wp-content\/uploads\/2019\/02\/schichten-abpacken-farbredukt_klein_sm_Ol_News_BLAU-36x16.jpg 36w, https:\/\/www.filtrox.com\/wp-content\/uploads\/2019\/02\/schichten-abpacken-farbredukt_klein_sm_Ol_News_BLAU-48x21.jpg 48w, https:\/\/www.filtrox.com\/wp-content\/uploads\/2019\/02\/schichten-abpacken-farbredukt_klein_sm_Ol_News_BLAU.jpg 2048w\" data-sizes=\"(max-width: 1024px) 100vw, 1024px\" src=\"data:image\/svg+xml;base64,PHN2ZyB3aWR0aD0iMSIgaGVpZ2h0PSIxIiB4bWxucz0iaHR0cDovL3d3dy53My5vcmcvMjAwMC9zdmciPjwvc3ZnPg==\" style=\"--smush-placeholder-width: 1024px; --smush-placeholder-aspect-ratio: 1024\/454;\" \/><\/a><figcaption class=\"wp-element-caption\">Placas filtrantes de alta calidad<\/figcaption><\/figure>\n","protected":false},"excerpt":{"rendered":"<p>Servicios filtraci\u00f3n de FILTROX En FILTROX, estamos encantados de apoyarle con nuestros amplios servicios para encontrar soluciones adecuadas o mejorar sus procesos de filtraci\u00f3n. Compartimos nuestra experiencia a trav\u00e9s de capacitaciones pr\u00e1cticas y seminarios donde puede descubrir las numerosas posibilidades que ofrece la filtraci\u00f3n profunda. Ya sea que necesite conocimientos b\u00e1sicos o aplicaciones espec\u00edficas, adaptamos &hellip; <a href=\"https:\/\/www.filtrox.com\/es\/servicios-filtracion\/\" class=\"more-link\">Continue reading <span class=\"screen-reader-text\">Servicios filtraci\u00f3n<\/span> <span class=\"meta-nav\">&rarr;<\/span><\/a><\/p>\n","protected":false},"author":8,"featured_media":0,"parent":0,"menu_order":210,"comment_status":"closed","ping_status":"open","template":"template_services.php","meta":{"_acf_changed":false,"advgb_blocks_editor_width":"","advgb_blocks_columns_visual_guide":"","footnotes":""},"class_list":["post-11593","page","type-page","status-publish","hentry"],"acf":[],"yoast_head":"<!-- This site is optimized with the Yoast SEO plugin v26.3 - https:\/\/yoast.com\/wordpress\/plugins\/seo\/ -->\n<title>Servicios filtraci\u00f3n - Filtrox Soporte para su aplicaci\u00f3n de filtraci\u00f3n<\/title>\n<meta name=\"description\" content=\"Servicios filtraci\u00f3n. Desde consultor\u00eda de aplicaciones hasta soporte de validaci\u00f3n, nuestros expertos estar\u00e1n felices ayudarle.\" \/>\n<meta name=\"robots\" content=\"index, follow, max-snippet:-1, max-image-preview:large, max-video-preview:-1\" \/>\n<link rel=\"canonical\" href=\"https:\/\/www.filtrox.com\/es\/servicios-filtracion\/\" \/>\n<meta property=\"og:locale\" content=\"es_ES\" \/>\n<meta property=\"og:type\" content=\"article\" \/>\n<meta property=\"og:title\" content=\"Servicios filtraci\u00f3n - Filtrox Soporte para su aplicaci\u00f3n de filtraci\u00f3n\" \/>\n<meta property=\"og:description\" content=\"Servicios filtraci\u00f3n. Desde consultor\u00eda de aplicaciones hasta soporte de validaci\u00f3n, nuestros expertos estar\u00e1n felices ayudarle.\" \/>\n<meta property=\"og:url\" content=\"https:\/\/www.filtrox.com\/es\/servicios-filtracion\/\" \/>\n<meta property=\"og:site_name\" content=\"Filtrox\" \/>\n<meta property=\"article:publisher\" content=\"https:\/\/www.facebook.com\/Filtrox-AG-2091458717567633\" \/>\n<meta property=\"article:modified_time\" content=\"2025-01-06T09:44:12+00:00\" \/>\n<meta property=\"og:image\" content=\"https:\/\/www.filtrox.com\/wp-content\/uploads\/2019\/02\/schichten-abpacken-farbredukt_klein_sm_Ol_News_BLAU.jpg\" \/>\n\t<meta property=\"og:image:width\" content=\"2048\" \/>\n\t<meta property=\"og:image:height\" content=\"908\" \/>\n\t<meta property=\"og:image:type\" content=\"image\/jpeg\" \/>\n<meta name=\"twitter:card\" content=\"summary_large_image\" \/>\n<meta name=\"twitter:site\" content=\"@FILTROX1\" \/>\n<meta name=\"twitter:label1\" content=\"Tiempo de lectura\" \/>\n\t<meta name=\"twitter:data1\" content=\"2 minutos\" \/>\n<script type=\"application\/ld+json\" class=\"yoast-schema-graph\">{\"@context\":\"https:\/\/schema.org\",\"@graph\":[{\"@type\":\"WebPage\",\"@id\":\"https:\/\/www.filtrox.com\/es\/servicios-filtracion\/\",\"url\":\"https:\/\/www.filtrox.com\/es\/servicios-filtracion\/\",\"name\":\"Servicios filtraci\u00f3n - Filtrox Soporte para su aplicaci\u00f3n de filtraci\u00f3n\",\"isPartOf\":{\"@id\":\"https:\/\/www.filtrox.com\/#website\"},\"primaryImageOfPage\":{\"@id\":\"https:\/\/www.filtrox.com\/es\/servicios-filtracion\/#primaryimage\"},\"image\":{\"@id\":\"https:\/\/www.filtrox.com\/es\/servicios-filtracion\/#primaryimage\"},\"thumbnailUrl\":\"https:\/\/www.filtrox.com\/wp-content\/uploads\/2019\/02\/schichten-abpacken-farbredukt_klein_sm_Ol_News_BLAU-1024x454.jpg\",\"datePublished\":\"2019-01-23T12:05:09+00:00\",\"dateModified\":\"2025-01-06T09:44:12+00:00\",\"description\":\"Servicios filtraci\u00f3n. Desde consultor\u00eda de aplicaciones hasta soporte de validaci\u00f3n, nuestros expertos estar\u00e1n felices ayudarle.\",\"breadcrumb\":{\"@id\":\"https:\/\/www.filtrox.com\/es\/servicios-filtracion\/#breadcrumb\"},\"inLanguage\":\"es\",\"potentialAction\":[{\"@type\":\"ReadAction\",\"target\":[\"https:\/\/www.filtrox.com\/es\/servicios-filtracion\/\"]}]},{\"@type\":\"ImageObject\",\"inLanguage\":\"es\",\"@id\":\"https:\/\/www.filtrox.com\/es\/servicios-filtracion\/#primaryimage\",\"url\":\"https:\/\/www.filtrox.com\/wp-content\/uploads\/2019\/02\/schichten-abpacken-farbredukt_klein_sm_Ol_News_BLAU-1024x454.jpg\",\"contentUrl\":\"https:\/\/www.filtrox.com\/wp-content\/uploads\/2019\/02\/schichten-abpacken-farbredukt_klein_sm_Ol_News_BLAU-1024x454.jpg\"},{\"@type\":\"BreadcrumbList\",\"@id\":\"https:\/\/www.filtrox.com\/es\/servicios-filtracion\/#breadcrumb\",\"itemListElement\":[{\"@type\":\"ListItem\",\"position\":1,\"name\":\"Home\",\"item\":\"https:\/\/www.filtrox.com\/es\/\"},{\"@type\":\"ListItem\",\"position\":2,\"name\":\"Servicios filtraci\u00f3n\"}]},{\"@type\":\"WebSite\",\"@id\":\"https:\/\/www.filtrox.com\/#website\",\"url\":\"https:\/\/www.filtrox.com\/\",\"name\":\"Filtrox\",\"description\":\"DEPTH FILTRATION FOR VALUABLE LIQUIDS.\",\"publisher\":{\"@id\":\"https:\/\/www.filtrox.com\/#organization\"},\"potentialAction\":[{\"@type\":\"SearchAction\",\"target\":{\"@type\":\"EntryPoint\",\"urlTemplate\":\"https:\/\/www.filtrox.com\/?s={search_term_string}\"},\"query-input\":{\"@type\":\"PropertyValueSpecification\",\"valueRequired\":true,\"valueName\":\"search_term_string\"}}],\"inLanguage\":\"es\"},{\"@type\":\"Organization\",\"@id\":\"https:\/\/www.filtrox.com\/#organization\",\"name\":\"Filtrox\",\"alternateName\":\"FX\",\"url\":\"https:\/\/www.filtrox.com\/\",\"logo\":{\"@type\":\"ImageObject\",\"inLanguage\":\"es\",\"@id\":\"https:\/\/www.filtrox.com\/#\/schema\/logo\/image\/\",\"url\":\"https:\/\/www.filtrox.com\/wp-content\/uploads\/2015\/02\/FX-Logo_RGB_0-74-153.jpg\",\"contentUrl\":\"https:\/\/www.filtrox.com\/wp-content\/uploads\/2015\/02\/FX-Logo_RGB_0-74-153.jpg\",\"width\":512,\"height\":512,\"caption\":\"Filtrox\"},\"image\":{\"@id\":\"https:\/\/www.filtrox.com\/#\/schema\/logo\/image\/\"},\"sameAs\":[\"https:\/\/www.facebook.com\/Filtrox-AG-2091458717567633\",\"https:\/\/x.com\/FILTROX1\",\"https:\/\/www.instagram.com\/filtroxag\/\",\"https:\/\/www.linkedin.com\/company\/34636121\/\",\"https:\/\/www.youtube.com\/channel\/UCi3A2_4M_c-CcEst9YJ4U9g\/featured?disable_polymer=1\"]}]}<\/script>\n<!-- \/ Yoast SEO plugin. -->","yoast_head_json":{"title":"Servicios filtraci\u00f3n - Filtrox Soporte para su aplicaci\u00f3n de filtraci\u00f3n","description":"Servicios filtraci\u00f3n. Desde consultor\u00eda de aplicaciones hasta soporte de validaci\u00f3n, nuestros expertos estar\u00e1n felices ayudarle.","robots":{"index":"index","follow":"follow","max-snippet":"max-snippet:-1","max-image-preview":"max-image-preview:large","max-video-preview":"max-video-preview:-1"},"canonical":"https:\/\/www.filtrox.com\/es\/servicios-filtracion\/","og_locale":"es_ES","og_type":"article","og_title":"Servicios filtraci\u00f3n - Filtrox Soporte para su aplicaci\u00f3n de filtraci\u00f3n","og_description":"Servicios filtraci\u00f3n. Desde consultor\u00eda de aplicaciones hasta soporte de validaci\u00f3n, nuestros expertos estar\u00e1n felices ayudarle.","og_url":"https:\/\/www.filtrox.com\/es\/servicios-filtracion\/","og_site_name":"Filtrox","article_publisher":"https:\/\/www.facebook.com\/Filtrox-AG-2091458717567633","article_modified_time":"2025-01-06T09:44:12+00:00","og_image":[{"width":2048,"height":908,"url":"https:\/\/www.filtrox.com\/wp-content\/uploads\/2019\/02\/schichten-abpacken-farbredukt_klein_sm_Ol_News_BLAU.jpg","type":"image\/jpeg"}],"twitter_card":"summary_large_image","twitter_site":"@FILTROX1","twitter_misc":{"Tiempo de lectura":"2 minutos"},"schema":{"@context":"https:\/\/schema.org","@graph":[{"@type":"WebPage","@id":"https:\/\/www.filtrox.com\/es\/servicios-filtracion\/","url":"https:\/\/www.filtrox.com\/es\/servicios-filtracion\/","name":"Servicios filtraci\u00f3n - Filtrox Soporte para su aplicaci\u00f3n de filtraci\u00f3n","isPartOf":{"@id":"https:\/\/www.filtrox.com\/#website"},"primaryImageOfPage":{"@id":"https:\/\/www.filtrox.com\/es\/servicios-filtracion\/#primaryimage"},"image":{"@id":"https:\/\/www.filtrox.com\/es\/servicios-filtracion\/#primaryimage"},"thumbnailUrl":"https:\/\/www.filtrox.com\/wp-content\/uploads\/2019\/02\/schichten-abpacken-farbredukt_klein_sm_Ol_News_BLAU-1024x454.jpg","datePublished":"2019-01-23T12:05:09+00:00","dateModified":"2025-01-06T09:44:12+00:00","description":"Servicios filtraci\u00f3n. Desde consultor\u00eda de aplicaciones hasta soporte de validaci\u00f3n, nuestros expertos estar\u00e1n felices ayudarle.","breadcrumb":{"@id":"https:\/\/www.filtrox.com\/es\/servicios-filtracion\/#breadcrumb"},"inLanguage":"es","potentialAction":[{"@type":"ReadAction","target":["https:\/\/www.filtrox.com\/es\/servicios-filtracion\/"]}]},{"@type":"ImageObject","inLanguage":"es","@id":"https:\/\/www.filtrox.com\/es\/servicios-filtracion\/#primaryimage","url":"https:\/\/www.filtrox.com\/wp-content\/uploads\/2019\/02\/schichten-abpacken-farbredukt_klein_sm_Ol_News_BLAU-1024x454.jpg","contentUrl":"https:\/\/www.filtrox.com\/wp-content\/uploads\/2019\/02\/schichten-abpacken-farbredukt_klein_sm_Ol_News_BLAU-1024x454.jpg"},{"@type":"BreadcrumbList","@id":"https:\/\/www.filtrox.com\/es\/servicios-filtracion\/#breadcrumb","itemListElement":[{"@type":"ListItem","position":1,"name":"Home","item":"https:\/\/www.filtrox.com\/es\/"},{"@type":"ListItem","position":2,"name":"Servicios filtraci\u00f3n"}]},{"@type":"WebSite","@id":"https:\/\/www.filtrox.com\/#website","url":"https:\/\/www.filtrox.com\/","name":"Filtrox","description":"DEPTH FILTRATION FOR VALUABLE LIQUIDS.","publisher":{"@id":"https:\/\/www.filtrox.com\/#organization"},"potentialAction":[{"@type":"SearchAction","target":{"@type":"EntryPoint","urlTemplate":"https:\/\/www.filtrox.com\/?s={search_term_string}"},"query-input":{"@type":"PropertyValueSpecification","valueRequired":true,"valueName":"search_term_string"}}],"inLanguage":"es"},{"@type":"Organization","@id":"https:\/\/www.filtrox.com\/#organization","name":"Filtrox","alternateName":"FX","url":"https:\/\/www.filtrox.com\/","logo":{"@type":"ImageObject","inLanguage":"es","@id":"https:\/\/www.filtrox.com\/#\/schema\/logo\/image\/","url":"https:\/\/www.filtrox.com\/wp-content\/uploads\/2015\/02\/FX-Logo_RGB_0-74-153.jpg","contentUrl":"https:\/\/www.filtrox.com\/wp-content\/uploads\/2015\/02\/FX-Logo_RGB_0-74-153.jpg","width":512,"height":512,"caption":"Filtrox"},"image":{"@id":"https:\/\/www.filtrox.com\/#\/schema\/logo\/image\/"},"sameAs":["https:\/\/www.facebook.com\/Filtrox-AG-2091458717567633","https:\/\/x.com\/FILTROX1","https:\/\/www.instagram.com\/filtroxag\/","https:\/\/www.linkedin.com\/company\/34636121\/","https:\/\/www.youtube.com\/channel\/UCi3A2_4M_c-CcEst9YJ4U9g\/featured?disable_polymer=1"]}]}},"coauthors":[],"author_meta":{"author_link":"https:\/\/www.filtrox.com\/es\/blog\/author\/fosca-roman\/","display_name":"Fosca Roman"},"relative_dates":{"created":"Publicado 7 a\u00f1os hace","modified":"Actualizado 1 a\u00f1o hace"},"absolute_dates":{"created":"Publicado el enero 23, 2019","modified":"Actualizado el enero 6, 2025"},"absolute_dates_time":{"created":"Publicado el enero 23, 2019 1:05 pm","modified":"Actualizado el enero 6, 2025 10:44 am"},"featured_img_caption":"","featured_img":false,"series_order":"","publishpress_future_action":{"enabled":false,"date":"2026-05-02 14:35:16","action":"change-status","newStatus":"draft","terms":[],"taxonomy":"translation_priority","extraData":[]},"publishpress_future_workflow_manual_trigger":{"enabledWorkflows":[]},"_links":{"self":[{"href":"https:\/\/www.filtrox.com\/es\/wp-json\/wp\/v2\/pages\/11593","targetHints":{"allow":["GET"]}}],"collection":[{"href":"https:\/\/www.filtrox.com\/es\/wp-json\/wp\/v2\/pages"}],"about":[{"href":"https:\/\/www.filtrox.com\/es\/wp-json\/wp\/v2\/types\/page"}],"author":[{"embeddable":true,"href":"https:\/\/www.filtrox.com\/es\/wp-json\/wp\/v2\/users\/8"}],"replies":[{"embeddable":true,"href":"https:\/\/www.filtrox.com\/es\/wp-json\/wp\/v2\/comments?post=11593"}],"version-history":[{"count":7,"href":"https:\/\/www.filtrox.com\/es\/wp-json\/wp\/v2\/pages\/11593\/revisions"}],"predecessor-version":[{"id":60303,"href":"https:\/\/www.filtrox.com\/es\/wp-json\/wp\/v2\/pages\/11593\/revisions\/60303"}],"wp:attachment":[{"href":"https:\/\/www.filtrox.com\/es\/wp-json\/wp\/v2\/media?parent=11593"}],"curies":[{"name":"wp","href":"https:\/\/api.w.org\/{rel}","templated":true}]}}