{"id":11614,"date":"2019-01-23T13:13:27","date_gmt":"2019-01-23T12:13:27","guid":{"rendered":"https:\/\/www.filtrox.com\/applications\/life-sciences\/"},"modified":"2025-04-14T13:11:04","modified_gmt":"2025-04-14T12:11:04","slug":"ciencias-de-la-vida","status":"publish","type":"page","link":"https:\/\/www.filtrox.com\/es\/aplicaciones\/ciencias-de-la-vida\/","title":{"rendered":"Ciencias de la vida"},"content":{"rendered":"<h1>Filtraci\u00f3n Ciencias de la vida, Biotech, Pharma<\/h1>\n<p>El segmento de filtraci\u00f3n ciencias de la vida en FILTROX incluye todas las disciplinas de ciencias. Por ejemplo productos farmac\u00e9uticos, productos biol\u00f3gicos, cosm\u00e9ticos, extractos naturales, etc. Para obtener m\u00e1s informaci\u00f3n de la gama completa de productos FILTROX para \u00a0dichas aplicaciones, descargue nuestra descripci\u00f3n general del producto.<\/p>\n<h4>Biol\u00f3gicos<\/h4>\n<p>Cada vez se producen m\u00e1s medicamentos por fermentaci\u00f3n. FILTROX tiene una larga experiencia en la clarificaci\u00f3n de cultivos celulares con densidades celulares muy altas. Puradisc SU se ha desarrollado para cumplir estos requisitos y est\u00e1 dise\u00f1ado como un sistema de un solo uso totalmente desechable.<br \/>\n<a href=\"https:\/\/www.filtrox.com\/es\/aplicaciones\/ciencias-de-la-vida\/solo-uso\/\" target=\"_blank\" rel=\"noopener\">Saber m\u00e1s sobre las soluciones de filtraci\u00f3n para biotech<\/a><\/p>\n<p><img decoding=\"async\" data-src=\"https:\/\/www.filtrox.com\/wp-content\/uploads\/2015\/02\/Filtrox-APPLICA-biologics_PR.jpg\" alt=\"filtraci\u00f3n para biotech\" width=\"327\" height=\"206\" src=\"data:image\/svg+xml;base64,PHN2ZyB3aWR0aD0iMSIgaGVpZ2h0PSIxIiB4bWxucz0iaHR0cDovL3d3dy53My5vcmcvMjAwMC9zdmciPjwvc3ZnPg==\" class=\"lazyload\" style=\"--smush-placeholder-width: 327px; --smush-placeholder-aspect-ratio: 327\/206;\" \/><\/p>\n<h4>Plasma sangu\u00edneo<\/h4>\n<p>La demanda de prote\u00ednas derivadas de plasma ha aumentado dr\u00e1sticamente en los \u00faltimos a\u00f1os. FILTROX ofrece placas filtrantes para la industria del fraccionamiento de plasma, as\u00ed como sistemas de filtro de marco y placa de alta calidad (NOVOX\u00ae CP).<\/p>\n<p>Para m\u00e1s informaci\u00f3n sobre PF-P, consulte a nuestros expertos en ventas.<\/p>\n<h4>INGREDIENTES FARMAC\u00c9UTICOS ACTIVOS (API)<\/h4>\n<p>La fabricaci\u00f3n de API refleja uno de los procesos clave en la industria del cuidado de la salud. La gama de productos FILTROX, especialmente los medios con carb\u00f3n activo inmovilizado, ofrece un gran potencial para que los fabricantes de API de todo el mundo optimicen su proceso.<\/p>\n<h4>COSM\u00c9TICOS<\/h4>\n<p>Ingredientes activos para la industria cosm\u00e9tica o ingredientes a granel para su formulaci\u00f3n: FILTROX conoce la tecnolog\u00eda id\u00f3nea para la clarificaci\u00f3n y filtrado final de su producto. Como l\u00edder mundial en filtraci\u00f3n de cosm\u00e9ticos, podemos ofrecerle el producto adecuado.<\/p>\n<h2>SABORES Y FRAGANCIAS<\/h2>\n<p>FILTROX provee a un gran n\u00famero de fabricantes de sabores y fragancias en todo el mundo. Nuestro sistema\u00a0\u00a0NOVOX\u00ae OD\u00a0sin juntas as\u00ed como nuestras placas de calidad superior y de alto rendimiento se utilizan y son conocidas a nivel mundial. Estaremos encantados de optimizar tambi\u00e9n sus procesos.<\/p>\n<h2>EXTRACTOS NATURALES<\/h2>\n<p>Independientemente de lo que elija extraer de fuentes naturales como hierbas, flores, plantas o frutas, la filtraci\u00f3n en profundidad sigue siendo la soluci\u00f3n de filtraci\u00f3n m\u00e1s eficiente y econ\u00f3mica. Nuestros productos cumplen con todos los requisitos para cosm\u00e9ticos o productos farmac\u00e9uticos compatibles con procesos de producci\u00f3n GMP.<\/p>\n<h4>Aceite de ca\u00f1amo<\/h4>\n<p>Hay varias formas de extraer el aceite rico en CBD de las yemas secas y calientes. Los m\u00e9todos de extracci\u00f3n m\u00e1s comunes son la extracci\u00f3n de etanol y CO<sub>2<\/sub>. Para obtener m\u00e1s informaci\u00f3n sobre las posibilidades de filtraci\u00f3n,<\/p>\n","protected":false},"excerpt":{"rendered":"<p>Filtraci\u00f3n Ciencias de la vida, Biotech, Pharma El segmento de filtraci\u00f3n ciencias de la vida en FILTROX incluye todas las disciplinas de ciencias. Por ejemplo productos farmac\u00e9uticos, productos biol\u00f3gicos, cosm\u00e9ticos, extractos naturales, etc. Para obtener m\u00e1s informaci\u00f3n de la gama completa de productos FILTROX para \u00a0dichas aplicaciones, descargue nuestra descripci\u00f3n general del producto. Biol\u00f3gicos Cada &hellip; <a href=\"https:\/\/www.filtrox.com\/es\/aplicaciones\/ciencias-de-la-vida\/\" class=\"more-link\">Continue reading <span class=\"screen-reader-text\">Ciencias de la vida<\/span> <span class=\"meta-nav\">&rarr;<\/span><\/a><\/p>\n","protected":false},"author":8,"featured_media":0,"parent":11576,"menu_order":175,"comment_status":"closed","ping_status":"closed","template":"template_application.php","meta":{"_acf_changed":false,"advgb_blocks_editor_width":"","advgb_blocks_columns_visual_guide":"","footnotes":""},"class_list":["post-11614","page","type-page","status-publish","hentry"],"acf":[],"yoast_head":"<!-- This site is optimized with the Yoast SEO plugin v26.3 - https:\/\/yoast.com\/wordpress\/plugins\/seo\/ -->\n<title>Filtraci\u00f3n ciencias de la vida, biotech, pharma<\/title>\n<meta name=\"description\" content=\"Soluciones de filtraci\u00f3n en profundidad para ciencias de la vida como farmac\u00e9uticos, biol\u00f3gicos, cosm\u00e9ticos, extractos naturales, etc.\" \/>\n<meta name=\"robots\" content=\"index, follow, max-snippet:-1, max-image-preview:large, max-video-preview:-1\" \/>\n<link rel=\"canonical\" href=\"https:\/\/www.filtrox.com\/es\/aplicaciones\/ciencias-de-la-vida\/\" \/>\n<meta property=\"og:locale\" content=\"es_ES\" \/>\n<meta property=\"og:type\" content=\"article\" \/>\n<meta property=\"og:title\" content=\"Filtraci\u00f3n ciencias de la vida, biotech, pharma\" \/>\n<meta property=\"og:description\" content=\"Soluciones de filtraci\u00f3n en profundidad para ciencias de la vida como farmac\u00e9uticos, biol\u00f3gicos, cosm\u00e9ticos, extractos naturales, etc.\" \/>\n<meta property=\"og:url\" content=\"https:\/\/www.filtrox.com\/es\/aplicaciones\/ciencias-de-la-vida\/\" \/>\n<meta property=\"og:site_name\" content=\"Filtrox\" \/>\n<meta property=\"article:publisher\" content=\"https:\/\/www.facebook.com\/Filtrox-AG-2091458717567633\" \/>\n<meta property=\"article:modified_time\" content=\"2025-04-14T12:11:04+00:00\" \/>\n<meta property=\"og:image\" content=\"https:\/\/www.filtrox.com\/wp-content\/uploads\/2015\/02\/Filtrox-APPLICA-biologics_PR.jpg\" \/>\n<meta name=\"twitter:card\" content=\"summary_large_image\" \/>\n<meta name=\"twitter:site\" content=\"@FILTROX1\" \/>\n<meta name=\"twitter:label1\" content=\"Tiempo de lectura\" \/>\n\t<meta name=\"twitter:data1\" content=\"2 minutos\" \/>\n<script type=\"application\/ld+json\" class=\"yoast-schema-graph\">{\"@context\":\"https:\/\/schema.org\",\"@graph\":[{\"@type\":\"WebPage\",\"@id\":\"https:\/\/www.filtrox.com\/es\/aplicaciones\/ciencias-de-la-vida\/\",\"url\":\"https:\/\/www.filtrox.com\/es\/aplicaciones\/ciencias-de-la-vida\/\",\"name\":\"Filtraci\u00f3n ciencias de la vida, biotech, pharma\",\"isPartOf\":{\"@id\":\"https:\/\/www.filtrox.com\/#website\"},\"primaryImageOfPage\":{\"@id\":\"https:\/\/www.filtrox.com\/es\/aplicaciones\/ciencias-de-la-vida\/#primaryimage\"},\"image\":{\"@id\":\"https:\/\/www.filtrox.com\/es\/aplicaciones\/ciencias-de-la-vida\/#primaryimage\"},\"thumbnailUrl\":\"https:\/\/www.filtrox.com\/wp-content\/uploads\/2015\/02\/Filtrox-APPLICA-biologics_PR.jpg\",\"datePublished\":\"2019-01-23T12:13:27+00:00\",\"dateModified\":\"2025-04-14T12:11:04+00:00\",\"description\":\"Soluciones de filtraci\u00f3n en profundidad para ciencias de la vida como farmac\u00e9uticos, biol\u00f3gicos, cosm\u00e9ticos, extractos naturales, etc.\",\"breadcrumb\":{\"@id\":\"https:\/\/www.filtrox.com\/es\/aplicaciones\/ciencias-de-la-vida\/#breadcrumb\"},\"inLanguage\":\"es\",\"potentialAction\":[{\"@type\":\"ReadAction\",\"target\":[\"https:\/\/www.filtrox.com\/es\/aplicaciones\/ciencias-de-la-vida\/\"]}]},{\"@type\":\"ImageObject\",\"inLanguage\":\"es\",\"@id\":\"https:\/\/www.filtrox.com\/es\/aplicaciones\/ciencias-de-la-vida\/#primaryimage\",\"url\":\"https:\/\/www.filtrox.com\/wp-content\/uploads\/2015\/02\/Filtrox-APPLICA-biologics_PR.jpg\",\"contentUrl\":\"https:\/\/www.filtrox.com\/wp-content\/uploads\/2015\/02\/Filtrox-APPLICA-biologics_PR.jpg\"},{\"@type\":\"BreadcrumbList\",\"@id\":\"https:\/\/www.filtrox.com\/es\/aplicaciones\/ciencias-de-la-vida\/#breadcrumb\",\"itemListElement\":[{\"@type\":\"ListItem\",\"position\":1,\"name\":\"Home\",\"item\":\"https:\/\/www.filtrox.com\/es\/\"},{\"@type\":\"ListItem\",\"position\":2,\"name\":\"Aplicaciones\",\"item\":\"https:\/\/www.filtrox.com\/es\/aplicaciones\/\"},{\"@type\":\"ListItem\",\"position\":3,\"name\":\"Ciencias de la vida\"}]},{\"@type\":\"WebSite\",\"@id\":\"https:\/\/www.filtrox.com\/#website\",\"url\":\"https:\/\/www.filtrox.com\/\",\"name\":\"Filtrox\",\"description\":\"DEPTH FILTRATION FOR VALUABLE LIQUIDS.\",\"publisher\":{\"@id\":\"https:\/\/www.filtrox.com\/#organization\"},\"potentialAction\":[{\"@type\":\"SearchAction\",\"target\":{\"@type\":\"EntryPoint\",\"urlTemplate\":\"https:\/\/www.filtrox.com\/?s={search_term_string}\"},\"query-input\":{\"@type\":\"PropertyValueSpecification\",\"valueRequired\":true,\"valueName\":\"search_term_string\"}}],\"inLanguage\":\"es\"},{\"@type\":\"Organization\",\"@id\":\"https:\/\/www.filtrox.com\/#organization\",\"name\":\"Filtrox\",\"alternateName\":\"FX\",\"url\":\"https:\/\/www.filtrox.com\/\",\"logo\":{\"@type\":\"ImageObject\",\"inLanguage\":\"es\",\"@id\":\"https:\/\/www.filtrox.com\/#\/schema\/logo\/image\/\",\"url\":\"https:\/\/www.filtrox.com\/wp-content\/uploads\/2015\/02\/FX-Logo_RGB_0-74-153.jpg\",\"contentUrl\":\"https:\/\/www.filtrox.com\/wp-content\/uploads\/2015\/02\/FX-Logo_RGB_0-74-153.jpg\",\"width\":512,\"height\":512,\"caption\":\"Filtrox\"},\"image\":{\"@id\":\"https:\/\/www.filtrox.com\/#\/schema\/logo\/image\/\"},\"sameAs\":[\"https:\/\/www.facebook.com\/Filtrox-AG-2091458717567633\",\"https:\/\/x.com\/FILTROX1\",\"https:\/\/www.instagram.com\/filtroxag\/\",\"https:\/\/www.linkedin.com\/company\/34636121\/\",\"https:\/\/www.youtube.com\/channel\/UCi3A2_4M_c-CcEst9YJ4U9g\/featured?disable_polymer=1\"]}]}<\/script>\n<!-- \/ Yoast SEO plugin. -->","yoast_head_json":{"title":"Filtraci\u00f3n ciencias de la vida, biotech, pharma","description":"Soluciones de filtraci\u00f3n en profundidad para ciencias de la vida como farmac\u00e9uticos, biol\u00f3gicos, cosm\u00e9ticos, extractos naturales, etc.","robots":{"index":"index","follow":"follow","max-snippet":"max-snippet:-1","max-image-preview":"max-image-preview:large","max-video-preview":"max-video-preview:-1"},"canonical":"https:\/\/www.filtrox.com\/es\/aplicaciones\/ciencias-de-la-vida\/","og_locale":"es_ES","og_type":"article","og_title":"Filtraci\u00f3n ciencias de la vida, biotech, pharma","og_description":"Soluciones de filtraci\u00f3n en profundidad para ciencias de la vida como farmac\u00e9uticos, biol\u00f3gicos, cosm\u00e9ticos, extractos naturales, etc.","og_url":"https:\/\/www.filtrox.com\/es\/aplicaciones\/ciencias-de-la-vida\/","og_site_name":"Filtrox","article_publisher":"https:\/\/www.facebook.com\/Filtrox-AG-2091458717567633","article_modified_time":"2025-04-14T12:11:04+00:00","og_image":[{"url":"https:\/\/www.filtrox.com\/wp-content\/uploads\/2015\/02\/Filtrox-APPLICA-biologics_PR.jpg","type":"","width":"","height":""}],"twitter_card":"summary_large_image","twitter_site":"@FILTROX1","twitter_misc":{"Tiempo de lectura":"2 minutos"},"schema":{"@context":"https:\/\/schema.org","@graph":[{"@type":"WebPage","@id":"https:\/\/www.filtrox.com\/es\/aplicaciones\/ciencias-de-la-vida\/","url":"https:\/\/www.filtrox.com\/es\/aplicaciones\/ciencias-de-la-vida\/","name":"Filtraci\u00f3n ciencias de la vida, biotech, pharma","isPartOf":{"@id":"https:\/\/www.filtrox.com\/#website"},"primaryImageOfPage":{"@id":"https:\/\/www.filtrox.com\/es\/aplicaciones\/ciencias-de-la-vida\/#primaryimage"},"image":{"@id":"https:\/\/www.filtrox.com\/es\/aplicaciones\/ciencias-de-la-vida\/#primaryimage"},"thumbnailUrl":"https:\/\/www.filtrox.com\/wp-content\/uploads\/2015\/02\/Filtrox-APPLICA-biologics_PR.jpg","datePublished":"2019-01-23T12:13:27+00:00","dateModified":"2025-04-14T12:11:04+00:00","description":"Soluciones de filtraci\u00f3n en profundidad para ciencias de la vida como farmac\u00e9uticos, biol\u00f3gicos, cosm\u00e9ticos, extractos naturales, etc.","breadcrumb":{"@id":"https:\/\/www.filtrox.com\/es\/aplicaciones\/ciencias-de-la-vida\/#breadcrumb"},"inLanguage":"es","potentialAction":[{"@type":"ReadAction","target":["https:\/\/www.filtrox.com\/es\/aplicaciones\/ciencias-de-la-vida\/"]}]},{"@type":"ImageObject","inLanguage":"es","@id":"https:\/\/www.filtrox.com\/es\/aplicaciones\/ciencias-de-la-vida\/#primaryimage","url":"https:\/\/www.filtrox.com\/wp-content\/uploads\/2015\/02\/Filtrox-APPLICA-biologics_PR.jpg","contentUrl":"https:\/\/www.filtrox.com\/wp-content\/uploads\/2015\/02\/Filtrox-APPLICA-biologics_PR.jpg"},{"@type":"BreadcrumbList","@id":"https:\/\/www.filtrox.com\/es\/aplicaciones\/ciencias-de-la-vida\/#breadcrumb","itemListElement":[{"@type":"ListItem","position":1,"name":"Home","item":"https:\/\/www.filtrox.com\/es\/"},{"@type":"ListItem","position":2,"name":"Aplicaciones","item":"https:\/\/www.filtrox.com\/es\/aplicaciones\/"},{"@type":"ListItem","position":3,"name":"Ciencias de la vida"}]},{"@type":"WebSite","@id":"https:\/\/www.filtrox.com\/#website","url":"https:\/\/www.filtrox.com\/","name":"Filtrox","description":"DEPTH FILTRATION FOR VALUABLE LIQUIDS.","publisher":{"@id":"https:\/\/www.filtrox.com\/#organization"},"potentialAction":[{"@type":"SearchAction","target":{"@type":"EntryPoint","urlTemplate":"https:\/\/www.filtrox.com\/?s={search_term_string}"},"query-input":{"@type":"PropertyValueSpecification","valueRequired":true,"valueName":"search_term_string"}}],"inLanguage":"es"},{"@type":"Organization","@id":"https:\/\/www.filtrox.com\/#organization","name":"Filtrox","alternateName":"FX","url":"https:\/\/www.filtrox.com\/","logo":{"@type":"ImageObject","inLanguage":"es","@id":"https:\/\/www.filtrox.com\/#\/schema\/logo\/image\/","url":"https:\/\/www.filtrox.com\/wp-content\/uploads\/2015\/02\/FX-Logo_RGB_0-74-153.jpg","contentUrl":"https:\/\/www.filtrox.com\/wp-content\/uploads\/2015\/02\/FX-Logo_RGB_0-74-153.jpg","width":512,"height":512,"caption":"Filtrox"},"image":{"@id":"https:\/\/www.filtrox.com\/#\/schema\/logo\/image\/"},"sameAs":["https:\/\/www.facebook.com\/Filtrox-AG-2091458717567633","https:\/\/x.com\/FILTROX1","https:\/\/www.instagram.com\/filtroxag\/","https:\/\/www.linkedin.com\/company\/34636121\/","https:\/\/www.youtube.com\/channel\/UCi3A2_4M_c-CcEst9YJ4U9g\/featured?disable_polymer=1"]}]}},"coauthors":[],"author_meta":{"author_link":"https:\/\/www.filtrox.com\/es\/blog\/author\/fosca-roman\/","display_name":"Fosca Roman"},"relative_dates":{"created":"Publicado 7 a\u00f1os hace","modified":"Actualizado 1 a\u00f1o hace"},"absolute_dates":{"created":"Publicado el enero 23, 2019","modified":"Actualizado el abril 14, 2025"},"absolute_dates_time":{"created":"Publicado el enero 23, 2019 1:13 pm","modified":"Actualizado el abril 14, 2025 1:11 pm"},"featured_img_caption":"","featured_img":false,"series_order":"","publishpress_future_action":{"enabled":false,"date":"2026-04-24 20:36:00","action":"change-status","newStatus":"draft","terms":[],"taxonomy":"translation_priority","extraData":[]},"publishpress_future_workflow_manual_trigger":{"enabledWorkflows":[]},"_links":{"self":[{"href":"https:\/\/www.filtrox.com\/es\/wp-json\/wp\/v2\/pages\/11614","targetHints":{"allow":["GET"]}}],"collection":[{"href":"https:\/\/www.filtrox.com\/es\/wp-json\/wp\/v2\/pages"}],"about":[{"href":"https:\/\/www.filtrox.com\/es\/wp-json\/wp\/v2\/types\/page"}],"author":[{"embeddable":true,"href":"https:\/\/www.filtrox.com\/es\/wp-json\/wp\/v2\/users\/8"}],"replies":[{"embeddable":true,"href":"https:\/\/www.filtrox.com\/es\/wp-json\/wp\/v2\/comments?post=11614"}],"version-history":[{"count":58,"href":"https:\/\/www.filtrox.com\/es\/wp-json\/wp\/v2\/pages\/11614\/revisions"}],"predecessor-version":[{"id":61641,"href":"https:\/\/www.filtrox.com\/es\/wp-json\/wp\/v2\/pages\/11614\/revisions\/61641"}],"up":[{"embeddable":true,"href":"https:\/\/www.filtrox.com\/es\/wp-json\/wp\/v2\/pages\/11576"}],"wp:attachment":[{"href":"https:\/\/www.filtrox.com\/es\/wp-json\/wp\/v2\/media?parent=11614"}],"curies":[{"name":"wp","href":"https:\/\/api.w.org\/{rel}","templated":true}]}}