{"id":11625,"date":"2019-01-23T13:15:18","date_gmt":"2019-01-23T12:15:18","guid":{"rendered":"https:\/\/www.filtrox.com\/contact-us\/locations\/"},"modified":"2025-01-31T11:19:35","modified_gmt":"2025-01-31T10:19:35","slug":"sucursales","status":"publish","type":"page","link":"https:\/\/www.filtrox.com\/es\/contacto\/sucursales\/","title":{"rendered":"Sucursales"},"content":{"rendered":"\n<p><strong>Sucursales de FILTROX en todo el mundo<\/strong><\/p>\n<p>FILTROX AG tiene presencia global para ofrecerle soluciones de filtraci\u00f3n de primera clase y <a href=\"https:\/\/www.filtrox.com\/es\/servicios-filtracion\/asesoramiento-de-aplicacion\/\">soporte<\/a> local dondequiera que se encuentre. Nuestras sucursales en Europa, Am\u00e9rica del Norte, Asia y otras regiones aseguran que pueda beneficiarse de nuestra experiencia a nivel mundial. \u00a1Encuentre aqu\u00ed la oficina de FILTROX m\u00e1s cercana!<\/p>\n<p><img decoding=\"async\" class=\"alignnone lazyload\" title=\"Filtrox worldwide contacts\" data-src=\"https:\/\/www.filtrox.com\/wp-content\/uploads\/2017\/04\/Weltkarte_Homepage_Stand_12.04.2017-e1630481494282.jpg\" alt=\"Filtrox worldwide, sucursales\" width=\"1200\" height=\"754\" src=\"data:image\/svg+xml;base64,PHN2ZyB3aWR0aD0iMSIgaGVpZ2h0PSIxIiB4bWxucz0iaHR0cDovL3d3dy53My5vcmcvMjAwMC9zdmciPjwvc3ZnPg==\" style=\"--smush-placeholder-width: 1200px; --smush-placeholder-aspect-ratio: 1200\/754;\" \/><\/p>\n\n\n\n<div class=\"wp-block-columns is-layout-flex wp-container-core-columns-is-layout-1 wp-block-columns-is-layout-flex\">\n<div class=\"wp-block-column is-layout-flow wp-block-column-is-layout-flow\">\n<h5><span style=\"font-size: 12pt;\">FILTROX AG (Sede)<\/span><\/h5>\n<p>Moosm\u00fchlestr. 6<br>CH-9001 St.Gallen \/ Suiza<br>Tel\u00e9fono: +41 71 272 91 11<br><a href=\"mailto:sales(at)filtrox.com\">sales@filtrox.com<\/a><\/p>\n<\/div>\n\n\n\n<div class=\"wp-block-column is-layout-flow wp-block-column-is-layout-flow\">\n<h5><span style=\"font-size: 12pt;\"><strong>FILTROX France s.a.r.l.<\/strong><\/span><\/h5>\n<p>18 rue Buffon<br \/>F 21200 Beaune \/ France<br \/>Phone: +33 6 74 16 24 03<br \/><a href=\"mailto:france(at)filtrox.com\">france@filtrox.com<\/a><\/p>\n<\/div>\n\n\n\n<div class=\"wp-block-column is-layout-flow wp-block-column-is-layout-flow\">\n<h5><span style=\"font-size: 12pt;\">FILTROX Carlson Ltd UK &amp; Northern Europe<\/span><\/h5>\n<p>Butts Mill<br>Barnoldswick<br>Lancashire<br>BB18 5HP \/ Reino Unido<br>Tel\u00e9fono: +44 1282 811000<br>Fax: +44 1282 811001<br><a href=\"mailto:filtrox.UK(at)filtrox.com\">filtrox.UK@filtrox.com<\/a><\/p>\n<\/div>\n<\/div>\n\n\n\n<div class=\"wp-block-columns is-layout-flex wp-container-core-columns-is-layout-2 wp-block-columns-is-layout-flex\">\n<div class=\"wp-block-column is-layout-flow wp-block-column-is-layout-flow\">\n<h5><span style=\"font-size: 12pt;\">FILTROX Southern Europe<\/span><\/h5>\n<p>Calle Can Vinyalets, 15<br>08130 Santa Perp\u00e8tua de Mogoda \/ Espa\u00f1a<br>Tel\u00e9fono: +34 934 626 700<br><a href=\"mailto:filtrox@filtrox.es\" target=\"_blank\" rel=\"noopener noreferrer\">filtrox@filtrox.es<\/a><\/p>\n<\/div>\n\n\n\n<div class=\"wp-block-column is-layout-flow wp-block-column-is-layout-flow\">\n<h5><span style=\"font-size: 12pt;\">FILTROX North America, Inc<\/span><\/h5>\n<p>5506 6<sup>th<\/sup>&nbsp;Ave S. Suite 107<br>Seattle, WA 98108 \/ USA<br>Tel\u00e9fono: Toll free 800 473 4526<br>Tel\u00e9fono: +1 425 820 4850<br>Fax: +1 425 820 2816<br><a href=\"mailto:info(at)filtercorp.com\">info<\/a><a href=\"mailto:sales(at)filtrox.ch\">@<\/a><a href=\"mailto:info(at)filtroxnorthamerica.com\">filtroxnorthamerica.com<\/a><\/p>\n<\/div>\n\n\n\n<div class=\"wp-block-column is-layout-flow wp-block-column-is-layout-flow\">\n<h5><span style=\"font-size: 12pt;\">FILTROX Latinoamerica S.A. de C.V.<\/span><\/h5>\n<p><span style=\"font-size: 12pt;\">Prolongaci\u00f3n Recursos Hidr\u00e1ulicos<br><\/span>22, Lote A<br>La Loma, Tlalnepantla de Baz, CP 54060<br>Estado de M\u00e9xcio \/ M\u00e9xico<br>Tel\u00e9fono: +52 55 2628 1691<br><a href=\"mailto:info(at)filtrox.com.mx\">info@filtrox.com.mx<\/a><\/p>\n<\/div>\n<\/div>\n\n\n\n<div class=\"wp-block-columns is-layout-flex wp-container-core-columns-is-layout-3 wp-block-columns-is-layout-flex\">\n<div class=\"wp-block-column is-layout-flow wp-block-column-is-layout-flow\">\n<h5><span style=\"font-size: 12pt;\">FILTROX Asia-Pacific Pte Ltd<\/span><\/h5>\n<p>25 International Business Park<br>#02-14 German Center<br>Singapore 609916 \/ Singapore<br>Tel\u00e9fono: +65 9880 1651<br><a href=\"mailto:sales_apac@filtrox.com\">sales_apac@filtrox.com<\/a><\/p>\n<\/div>\n\n\n\n<div class=\"wp-block-column is-layout-flow wp-block-column-is-layout-flow\">\n<h5><span style=\"font-size: 12pt;\">FILTROX (Shanghai) Filtration Systems Co., Ltd<\/span><\/h5>\n<p>Room 406, Qinghewan Road #980<br>Qingpu district<br>Shanghai 201717 \/ P.R. China<br>Tel\u00e9fono: +86 021 5922 7601<br><a href=\"mailto:sales_apac(at)filtrox.com\">sales_apac@filtrox.com<\/a><\/p>\n<\/div>\n\n\n\n<div class=\"wp-block-column is-layout-flow wp-block-column-is-layout-flow\"><\/div>\n<\/div>\n\n\n","protected":false},"excerpt":{"rendered":"<p>Sucursales de FILTROX en todo el mundo FILTROX AG tiene presencia global para ofrecerle soluciones de filtraci\u00f3n de primera clase y soporte local dondequiera que se encuentre. Nuestras sucursales en Europa, Am\u00e9rica del Norte, Asia y otras regiones aseguran que pueda beneficiarse de nuestra experiencia a nivel mundial. \u00a1Encuentre aqu\u00ed la oficina de FILTROX m\u00e1s &hellip; <a href=\"https:\/\/www.filtrox.com\/es\/contacto\/sucursales\/\" class=\"more-link\">Continue reading <span class=\"screen-reader-text\">Sucursales<\/span> <span class=\"meta-nav\">&rarr;<\/span><\/a><\/p>\n","protected":false},"author":8,"featured_media":18685,"parent":41010,"menu_order":126,"comment_status":"closed","ping_status":"closed","template":"template_contactofcial.php","meta":{"_acf_changed":false,"advgb_blocks_editor_width":"","advgb_blocks_columns_visual_guide":"","footnotes":""},"class_list":["post-11625","page","type-page","status-publish","has-post-thumbnail","hentry"],"acf":[],"yoast_head":"<!-- This site is optimized with the Yoast SEO plugin v26.3 - https:\/\/yoast.com\/wordpress\/plugins\/seo\/ -->\n<title>Sucursales - Filtrox en todo el mundo a su disposici\u00f3n<\/title>\n<meta name=\"description\" content=\"Aqu\u00ed puede encontrar todas nuestras sucursales en todo el mundo. Nuestros expertos estar\u00e0n contentos de ayudarle.\" \/>\n<meta name=\"robots\" content=\"index, follow, max-snippet:-1, max-image-preview:large, max-video-preview:-1\" \/>\n<link rel=\"canonical\" href=\"https:\/\/www.filtrox.com\/es\/contacto\/sucursales\/\" \/>\n<meta property=\"og:locale\" content=\"es_ES\" \/>\n<meta property=\"og:type\" content=\"article\" \/>\n<meta property=\"og:title\" content=\"Sucursales - Filtrox en todo el mundo a su disposici\u00f3n\" \/>\n<meta property=\"og:description\" content=\"Aqu\u00ed puede encontrar todas nuestras sucursales en todo el mundo. Nuestros expertos estar\u00e0n contentos de ayudarle.\" \/>\n<meta property=\"og:url\" content=\"https:\/\/www.filtrox.com\/es\/contacto\/sucursales\/\" \/>\n<meta property=\"og:site_name\" content=\"Filtrox\" \/>\n<meta property=\"article:publisher\" content=\"https:\/\/www.facebook.com\/Filtrox-AG-2091458717567633\" \/>\n<meta property=\"article:modified_time\" content=\"2025-01-31T10:19:35+00:00\" \/>\n<meta property=\"og:image\" content=\"https:\/\/www.filtrox.com\/wp-content\/uploads\/2019\/01\/Filtrox-CONTACT-title_PR.jpg\" \/>\n\t<meta property=\"og:image:width\" content=\"1200\" \/>\n\t<meta property=\"og:image:height\" content=\"322\" \/>\n\t<meta property=\"og:image:type\" content=\"image\/jpeg\" \/>\n<meta name=\"twitter:card\" content=\"summary_large_image\" \/>\n<meta name=\"twitter:site\" content=\"@FILTROX1\" \/>\n<meta name=\"twitter:label1\" content=\"Tiempo de lectura\" \/>\n\t<meta name=\"twitter:data1\" content=\"2 minutos\" \/>\n<script type=\"application\/ld+json\" class=\"yoast-schema-graph\">{\"@context\":\"https:\/\/schema.org\",\"@graph\":[{\"@type\":\"WebPage\",\"@id\":\"https:\/\/www.filtrox.com\/es\/contacto\/sucursales\/\",\"url\":\"https:\/\/www.filtrox.com\/es\/contacto\/sucursales\/\",\"name\":\"Sucursales - Filtrox en todo el mundo a su disposici\u00f3n\",\"isPartOf\":{\"@id\":\"https:\/\/www.filtrox.com\/#website\"},\"primaryImageOfPage\":{\"@id\":\"https:\/\/www.filtrox.com\/es\/contacto\/sucursales\/#primaryimage\"},\"image\":{\"@id\":\"https:\/\/www.filtrox.com\/es\/contacto\/sucursales\/#primaryimage\"},\"thumbnailUrl\":\"https:\/\/www.filtrox.com\/wp-content\/uploads\/2019\/01\/Filtrox-CONTACT-title_PR.jpg\",\"datePublished\":\"2019-01-23T12:15:18+00:00\",\"dateModified\":\"2025-01-31T10:19:35+00:00\",\"description\":\"Aqu\u00ed puede encontrar todas nuestras sucursales en todo el mundo. Nuestros expertos estar\u00e0n contentos de ayudarle.\",\"breadcrumb\":{\"@id\":\"https:\/\/www.filtrox.com\/es\/contacto\/sucursales\/#breadcrumb\"},\"inLanguage\":\"es\",\"potentialAction\":[{\"@type\":\"ReadAction\",\"target\":[\"https:\/\/www.filtrox.com\/es\/contacto\/sucursales\/\"]}]},{\"@type\":\"ImageObject\",\"inLanguage\":\"es\",\"@id\":\"https:\/\/www.filtrox.com\/es\/contacto\/sucursales\/#primaryimage\",\"url\":\"https:\/\/www.filtrox.com\/wp-content\/uploads\/2019\/01\/Filtrox-CONTACT-title_PR.jpg\",\"contentUrl\":\"https:\/\/www.filtrox.com\/wp-content\/uploads\/2019\/01\/Filtrox-CONTACT-title_PR.jpg\",\"width\":1200,\"height\":322},{\"@type\":\"BreadcrumbList\",\"@id\":\"https:\/\/www.filtrox.com\/es\/contacto\/sucursales\/#breadcrumb\",\"itemListElement\":[{\"@type\":\"ListItem\",\"position\":1,\"name\":\"Home\",\"item\":\"https:\/\/www.filtrox.com\/es\/\"},{\"@type\":\"ListItem\",\"position\":2,\"name\":\"Contacto\",\"item\":\"https:\/\/www.filtrox.com\/es\/contacto\/\"},{\"@type\":\"ListItem\",\"position\":3,\"name\":\"Sucursales\"}]},{\"@type\":\"WebSite\",\"@id\":\"https:\/\/www.filtrox.com\/#website\",\"url\":\"https:\/\/www.filtrox.com\/\",\"name\":\"Filtrox\",\"description\":\"DEPTH FILTRATION FOR VALUABLE LIQUIDS.\",\"publisher\":{\"@id\":\"https:\/\/www.filtrox.com\/#organization\"},\"potentialAction\":[{\"@type\":\"SearchAction\",\"target\":{\"@type\":\"EntryPoint\",\"urlTemplate\":\"https:\/\/www.filtrox.com\/?s={search_term_string}\"},\"query-input\":{\"@type\":\"PropertyValueSpecification\",\"valueRequired\":true,\"valueName\":\"search_term_string\"}}],\"inLanguage\":\"es\"},{\"@type\":\"Organization\",\"@id\":\"https:\/\/www.filtrox.com\/#organization\",\"name\":\"Filtrox\",\"alternateName\":\"FX\",\"url\":\"https:\/\/www.filtrox.com\/\",\"logo\":{\"@type\":\"ImageObject\",\"inLanguage\":\"es\",\"@id\":\"https:\/\/www.filtrox.com\/#\/schema\/logo\/image\/\",\"url\":\"https:\/\/www.filtrox.com\/wp-content\/uploads\/2015\/02\/FX-Logo_RGB_0-74-153.jpg\",\"contentUrl\":\"https:\/\/www.filtrox.com\/wp-content\/uploads\/2015\/02\/FX-Logo_RGB_0-74-153.jpg\",\"width\":512,\"height\":512,\"caption\":\"Filtrox\"},\"image\":{\"@id\":\"https:\/\/www.filtrox.com\/#\/schema\/logo\/image\/\"},\"sameAs\":[\"https:\/\/www.facebook.com\/Filtrox-AG-2091458717567633\",\"https:\/\/x.com\/FILTROX1\",\"https:\/\/www.instagram.com\/filtroxag\/\",\"https:\/\/www.linkedin.com\/company\/34636121\/\",\"https:\/\/www.youtube.com\/channel\/UCi3A2_4M_c-CcEst9YJ4U9g\/featured?disable_polymer=1\"]}]}<\/script>\n<!-- \/ Yoast SEO plugin. -->","yoast_head_json":{"title":"Sucursales - Filtrox en todo el mundo a su disposici\u00f3n","description":"Aqu\u00ed puede encontrar todas nuestras sucursales en todo el mundo. Nuestros expertos estar\u00e0n contentos de ayudarle.","robots":{"index":"index","follow":"follow","max-snippet":"max-snippet:-1","max-image-preview":"max-image-preview:large","max-video-preview":"max-video-preview:-1"},"canonical":"https:\/\/www.filtrox.com\/es\/contacto\/sucursales\/","og_locale":"es_ES","og_type":"article","og_title":"Sucursales - Filtrox en todo el mundo a su disposici\u00f3n","og_description":"Aqu\u00ed puede encontrar todas nuestras sucursales en todo el mundo. Nuestros expertos estar\u00e0n contentos de ayudarle.","og_url":"https:\/\/www.filtrox.com\/es\/contacto\/sucursales\/","og_site_name":"Filtrox","article_publisher":"https:\/\/www.facebook.com\/Filtrox-AG-2091458717567633","article_modified_time":"2025-01-31T10:19:35+00:00","og_image":[{"width":1200,"height":322,"url":"https:\/\/www.filtrox.com\/wp-content\/uploads\/2019\/01\/Filtrox-CONTACT-title_PR.jpg","type":"image\/jpeg"}],"twitter_card":"summary_large_image","twitter_site":"@FILTROX1","twitter_misc":{"Tiempo de lectura":"2 minutos"},"schema":{"@context":"https:\/\/schema.org","@graph":[{"@type":"WebPage","@id":"https:\/\/www.filtrox.com\/es\/contacto\/sucursales\/","url":"https:\/\/www.filtrox.com\/es\/contacto\/sucursales\/","name":"Sucursales - Filtrox en todo el mundo a su disposici\u00f3n","isPartOf":{"@id":"https:\/\/www.filtrox.com\/#website"},"primaryImageOfPage":{"@id":"https:\/\/www.filtrox.com\/es\/contacto\/sucursales\/#primaryimage"},"image":{"@id":"https:\/\/www.filtrox.com\/es\/contacto\/sucursales\/#primaryimage"},"thumbnailUrl":"https:\/\/www.filtrox.com\/wp-content\/uploads\/2019\/01\/Filtrox-CONTACT-title_PR.jpg","datePublished":"2019-01-23T12:15:18+00:00","dateModified":"2025-01-31T10:19:35+00:00","description":"Aqu\u00ed puede encontrar todas nuestras sucursales en todo el mundo. Nuestros expertos estar\u00e0n contentos de ayudarle.","breadcrumb":{"@id":"https:\/\/www.filtrox.com\/es\/contacto\/sucursales\/#breadcrumb"},"inLanguage":"es","potentialAction":[{"@type":"ReadAction","target":["https:\/\/www.filtrox.com\/es\/contacto\/sucursales\/"]}]},{"@type":"ImageObject","inLanguage":"es","@id":"https:\/\/www.filtrox.com\/es\/contacto\/sucursales\/#primaryimage","url":"https:\/\/www.filtrox.com\/wp-content\/uploads\/2019\/01\/Filtrox-CONTACT-title_PR.jpg","contentUrl":"https:\/\/www.filtrox.com\/wp-content\/uploads\/2019\/01\/Filtrox-CONTACT-title_PR.jpg","width":1200,"height":322},{"@type":"BreadcrumbList","@id":"https:\/\/www.filtrox.com\/es\/contacto\/sucursales\/#breadcrumb","itemListElement":[{"@type":"ListItem","position":1,"name":"Home","item":"https:\/\/www.filtrox.com\/es\/"},{"@type":"ListItem","position":2,"name":"Contacto","item":"https:\/\/www.filtrox.com\/es\/contacto\/"},{"@type":"ListItem","position":3,"name":"Sucursales"}]},{"@type":"WebSite","@id":"https:\/\/www.filtrox.com\/#website","url":"https:\/\/www.filtrox.com\/","name":"Filtrox","description":"DEPTH FILTRATION FOR VALUABLE LIQUIDS.","publisher":{"@id":"https:\/\/www.filtrox.com\/#organization"},"potentialAction":[{"@type":"SearchAction","target":{"@type":"EntryPoint","urlTemplate":"https:\/\/www.filtrox.com\/?s={search_term_string}"},"query-input":{"@type":"PropertyValueSpecification","valueRequired":true,"valueName":"search_term_string"}}],"inLanguage":"es"},{"@type":"Organization","@id":"https:\/\/www.filtrox.com\/#organization","name":"Filtrox","alternateName":"FX","url":"https:\/\/www.filtrox.com\/","logo":{"@type":"ImageObject","inLanguage":"es","@id":"https:\/\/www.filtrox.com\/#\/schema\/logo\/image\/","url":"https:\/\/www.filtrox.com\/wp-content\/uploads\/2015\/02\/FX-Logo_RGB_0-74-153.jpg","contentUrl":"https:\/\/www.filtrox.com\/wp-content\/uploads\/2015\/02\/FX-Logo_RGB_0-74-153.jpg","width":512,"height":512,"caption":"Filtrox"},"image":{"@id":"https:\/\/www.filtrox.com\/#\/schema\/logo\/image\/"},"sameAs":["https:\/\/www.facebook.com\/Filtrox-AG-2091458717567633","https:\/\/x.com\/FILTROX1","https:\/\/www.instagram.com\/filtroxag\/","https:\/\/www.linkedin.com\/company\/34636121\/","https:\/\/www.youtube.com\/channel\/UCi3A2_4M_c-CcEst9YJ4U9g\/featured?disable_polymer=1"]}]}},"coauthors":[],"author_meta":{"author_link":"https:\/\/www.filtrox.com\/es\/blog\/author\/fosca-roman\/","display_name":"Fosca Roman"},"relative_dates":{"created":"Publicado 7 a\u00f1os hace","modified":"Actualizado 1 a\u00f1o hace"},"absolute_dates":{"created":"Publicado el enero 23, 2019","modified":"Actualizado el enero 31, 2025"},"absolute_dates_time":{"created":"Publicado el enero 23, 2019 1:15 pm","modified":"Actualizado el enero 31, 2025 11:19 am"},"featured_img_caption":"","featured_img":"https:\/\/www.filtrox.com\/wp-content\/uploads\/2019\/01\/Filtrox-CONTACT-title_PR-604x270.jpg","series_order":"","publishpress_future_action":{"enabled":false,"date":"2026-05-04 19:11:30","action":"change-status","newStatus":"draft","terms":[],"taxonomy":"translation_priority","extraData":[]},"publishpress_future_workflow_manual_trigger":{"enabledWorkflows":[]},"_links":{"self":[{"href":"https:\/\/www.filtrox.com\/es\/wp-json\/wp\/v2\/pages\/11625","targetHints":{"allow":["GET"]}}],"collection":[{"href":"https:\/\/www.filtrox.com\/es\/wp-json\/wp\/v2\/pages"}],"about":[{"href":"https:\/\/www.filtrox.com\/es\/wp-json\/wp\/v2\/types\/page"}],"author":[{"embeddable":true,"href":"https:\/\/www.filtrox.com\/es\/wp-json\/wp\/v2\/users\/8"}],"replies":[{"embeddable":true,"href":"https:\/\/www.filtrox.com\/es\/wp-json\/wp\/v2\/comments?post=11625"}],"version-history":[{"count":5,"href":"https:\/\/www.filtrox.com\/es\/wp-json\/wp\/v2\/pages\/11625\/revisions"}],"predecessor-version":[{"id":60315,"href":"https:\/\/www.filtrox.com\/es\/wp-json\/wp\/v2\/pages\/11625\/revisions\/60315"}],"up":[{"embeddable":true,"href":"https:\/\/www.filtrox.com\/es\/wp-json\/wp\/v2\/pages\/41010"}],"wp:featuredmedia":[{"embeddable":true,"href":"https:\/\/www.filtrox.com\/es\/wp-json\/wp\/v2\/media\/18685"}],"wp:attachment":[{"href":"https:\/\/www.filtrox.com\/es\/wp-json\/wp\/v2\/media?parent=11625"}],"curies":[{"name":"wp","href":"https:\/\/api.w.org\/{rel}","templated":true}]}}