{"id":18554,"date":"2019-01-23T14:07:23","date_gmt":"2019-01-23T13:07:23","guid":{"rendered":"https:\/\/www.filtrox.com\/applications\/food-beverage\/"},"modified":"2026-03-31T12:46:36","modified_gmt":"2026-03-31T11:46:36","slug":"filtracion-alimentos-y-bebidas","status":"publish","type":"page","link":"https:\/\/www.filtrox.com\/es\/aplicaciones\/filtracion-alimentos-y-bebidas\/","title":{"rendered":"Alimentos &amp; Bebidas"},"content":{"rendered":"<h1>ALIMENTOS BEBIDAS<\/h1>\n<p>Originalmente, muchos de nuestros procesos de filtraci\u00f3n se desarrollaron para aplicaciones de la produccion de bebidas y alimentos. Para la clarificaci\u00f3n, reducci\u00f3n de bacterias, esterilizaci\u00f3n y estabilizaci\u00f3n. FILTROX es reconocido como el proveedor l\u00edder de sistemas de filtraci\u00f3n en profundidad en muchos segmentos de bebidas, como vino, cerveza, destilados, sidra, t\u00e9, zumo de frutas y refrescos.<\/p>\n<p style=\"margin-top: -45px; margin-bottom: 55px;\">Descargar el folleto de Alimentos y Bebidas<\/p>\n<h2>FILTRACI\u00d3N DE <a href=\"https:\/\/www.filtrox.com\/es\/aplicaciones\/filtracion-alimentos-y-bebidas\/vino\/\">VINO<\/a><\/h2>\n<p>La filtraci\u00f3n de vino ha sido el objetivo principal de nuestras actividades desde la fundaci\u00f3n de nuestra empresa en 1938. FILTROX se enorgullece de ser proveedor de muchos de los productores de vino m\u00e1s reconocidos del mundo.<\/p>\n<p>Las placas filtrantes en profundidad se utilizan en un amplio rango de niveles de retenci\u00f3n para la filtraci\u00f3n del vino. La gama abarca la filtraci\u00f3n desbastante, clarificante y esterilizante.<\/p>\n<p>FILTROX ha desarrollado una placa filtrante en profundidad especial para la eliminaci\u00f3n de TCA, TBA y TeCA del vino.<\/p>\n<p>Ofrecemos una amplia variedad de filtros de placas y marcos de alta calidad para la filtraci\u00f3n de vino, por ejemplo el NOVOX\u00ae-ST. Para bodegas que prefieren sistemas de filtraci\u00f3n cerrados, ofrecemos campanas para m\u00f3dulos lenticulares (DISCSTAR\u2122).<\/p>\n<p>m\u00e1s sobre la filtraci\u00f3n de vino\u00a0\u2026<\/p>\n<h2>FILTRACI\u00d3N DE CERVEZA y Bebidas Hard Seltzer<\/h2>\n<p>El nombre FILTROX es bien conocido en cervecer\u00edas de todo el mundo. Desde placas de soporte lavables, pasando por filtros de placas y marcos hasta sistemas de m\u00f3dulos lenticulares completamente cerrados (DISCSTAR\u2122) y una gama completa de cartuchos filtrantes (CLAROX\u00ae). Ofrecemos una gama completa de medios filtrantes as\u00ed como equipos de filtraci\u00f3n para la filtraci\u00f3n de cerveza.<\/p>\n<p>\u00bfEst\u00e1 incrementando sus actividades y considera usar filtraci\u00f3n? Contacte nuestros expertos de FILTROX que trabajan a diario con cerveceros artesanales, as\u00ed como con productores regionales y globales.<\/p>\n<h2>PRODUCTOS DESTILADOS<\/h2>\n<p>Las bebidas como el whisky, el vodka o los licores de frutas y otras soluciones alcoh\u00f3licas son l\u00edquidos muy complejos. Se difieren en gran medida en funci\u00f3n de la materia prima utilizada, la fermentaci\u00f3n alcoh\u00f3lica, el m\u00e9todo de destilaci\u00f3n, la t\u00e9cnica de mezcla y maduraci\u00f3n empleada.<\/p>\n<p>En la producci\u00f3n de productos destilados se cuida mucho cada paso del proceso. La producci\u00f3n se considera m\u00e1s un arte que una ciencia y es a menudo un secreto bien guardado. El Grupo FILTROX se enorgullece de ser proveedor de muchos de los principales productores mundiales de licores.<\/p>\n<p>Para producir un producto final claro y estable los destilados \/ soluciones alcoh\u00f3licas a menudo se enfr\u00edan a temperaturas bajo cero. Dependiendo del producto se a\u00f1aden aditivos para el acabado o procesado. El carb\u00f3n activo (AC) tambi\u00e9n se puede introducir en esta etapa.<\/p>\n","protected":false},"excerpt":{"rendered":"<p>ALIMENTOS BEBIDAS Originalmente, muchos de nuestros procesos de filtraci\u00f3n se desarrollaron para aplicaciones de la produccion de bebidas y alimentos. Para la clarificaci\u00f3n, reducci\u00f3n de bacterias, esterilizaci\u00f3n y estabilizaci\u00f3n. FILTROX es reconocido como el proveedor l\u00edder de sistemas de filtraci\u00f3n en profundidad en muchos segmentos de bebidas, como vino, cerveza, destilados, sidra, t\u00e9, zumo de &hellip; <a href=\"https:\/\/www.filtrox.com\/es\/aplicaciones\/filtracion-alimentos-y-bebidas\/\" class=\"more-link\">Continue reading <span class=\"screen-reader-text\">Alimentos &amp; Bebidas<\/span> <span class=\"meta-nav\">&rarr;<\/span><\/a><\/p>\n","protected":false},"author":8,"featured_media":0,"parent":11576,"menu_order":170,"comment_status":"closed","ping_status":"closed","template":"template_application.php","meta":{"_acf_changed":false,"advgb_blocks_editor_width":"","advgb_blocks_columns_visual_guide":"","footnotes":""},"class_list":["post-18554","page","type-page","status-publish","hentry"],"acf":[],"yoast_head":"<!-- This site is optimized with the Yoast SEO plugin v26.3 - https:\/\/yoast.com\/wordpress\/plugins\/seo\/ -->\n<title>Filtraci\u00f3n para Alimentos &amp; Bebidas - Filtrox<\/title>\n<meta name=\"description\" content=\"Tecnolog\u00eda de filtraci\u00f3n para aplicaciones de alimentos bebidas como clarificaci\u00f3n, reducci\u00f3n de bacterias, esterilizaci\u00f3n y estabilizaci\u00f3n.\" \/>\n<meta name=\"robots\" content=\"index, follow, max-snippet:-1, max-image-preview:large, max-video-preview:-1\" \/>\n<link rel=\"canonical\" href=\"https:\/\/www.filtrox.com\/es\/aplicaciones\/filtracion-alimentos-y-bebidas\/\" \/>\n<meta property=\"og:locale\" content=\"es_ES\" \/>\n<meta property=\"og:type\" content=\"article\" \/>\n<meta property=\"og:title\" content=\"Filtraci\u00f3n para Alimentos &amp; Bebidas - Filtrox\" \/>\n<meta property=\"og:description\" content=\"Tecnolog\u00eda de filtraci\u00f3n para aplicaciones de alimentos bebidas como clarificaci\u00f3n, reducci\u00f3n de bacterias, esterilizaci\u00f3n y estabilizaci\u00f3n.\" \/>\n<meta property=\"og:url\" content=\"https:\/\/www.filtrox.com\/es\/aplicaciones\/filtracion-alimentos-y-bebidas\/\" \/>\n<meta property=\"og:site_name\" content=\"Filtrox\" \/>\n<meta property=\"article:publisher\" content=\"https:\/\/www.facebook.com\/Filtrox-AG-2091458717567633\" \/>\n<meta property=\"article:modified_time\" content=\"2026-03-31T11:46:36+00:00\" \/>\n<meta name=\"twitter:card\" content=\"summary_large_image\" \/>\n<meta name=\"twitter:site\" content=\"@FILTROX1\" \/>\n<meta name=\"twitter:label1\" content=\"Tiempo de lectura\" \/>\n\t<meta name=\"twitter:data1\" content=\"2 minutos\" \/>\n<script type=\"application\/ld+json\" class=\"yoast-schema-graph\">{\"@context\":\"https:\/\/schema.org\",\"@graph\":[{\"@type\":\"WebPage\",\"@id\":\"https:\/\/www.filtrox.com\/es\/aplicaciones\/filtracion-alimentos-y-bebidas\/\",\"url\":\"https:\/\/www.filtrox.com\/es\/aplicaciones\/filtracion-alimentos-y-bebidas\/\",\"name\":\"Filtraci\u00f3n para Alimentos &amp; Bebidas - Filtrox\",\"isPartOf\":{\"@id\":\"https:\/\/www.filtrox.com\/#website\"},\"datePublished\":\"2019-01-23T13:07:23+00:00\",\"dateModified\":\"2026-03-31T11:46:36+00:00\",\"description\":\"Tecnolog\u00eda de filtraci\u00f3n para aplicaciones de alimentos bebidas como clarificaci\u00f3n, reducci\u00f3n de bacterias, esterilizaci\u00f3n y estabilizaci\u00f3n.\",\"breadcrumb\":{\"@id\":\"https:\/\/www.filtrox.com\/es\/aplicaciones\/filtracion-alimentos-y-bebidas\/#breadcrumb\"},\"inLanguage\":\"es\",\"potentialAction\":[{\"@type\":\"ReadAction\",\"target\":[\"https:\/\/www.filtrox.com\/es\/aplicaciones\/filtracion-alimentos-y-bebidas\/\"]}]},{\"@type\":\"BreadcrumbList\",\"@id\":\"https:\/\/www.filtrox.com\/es\/aplicaciones\/filtracion-alimentos-y-bebidas\/#breadcrumb\",\"itemListElement\":[{\"@type\":\"ListItem\",\"position\":1,\"name\":\"Home\",\"item\":\"https:\/\/www.filtrox.com\/es\/\"},{\"@type\":\"ListItem\",\"position\":2,\"name\":\"Aplicaciones\",\"item\":\"https:\/\/www.filtrox.com\/es\/aplicaciones\/\"},{\"@type\":\"ListItem\",\"position\":3,\"name\":\"Alimentos &amp; Bebidas\"}]},{\"@type\":\"WebSite\",\"@id\":\"https:\/\/www.filtrox.com\/#website\",\"url\":\"https:\/\/www.filtrox.com\/\",\"name\":\"Filtrox\",\"description\":\"DEPTH FILTRATION FOR VALUABLE LIQUIDS.\",\"publisher\":{\"@id\":\"https:\/\/www.filtrox.com\/#organization\"},\"potentialAction\":[{\"@type\":\"SearchAction\",\"target\":{\"@type\":\"EntryPoint\",\"urlTemplate\":\"https:\/\/www.filtrox.com\/?s={search_term_string}\"},\"query-input\":{\"@type\":\"PropertyValueSpecification\",\"valueRequired\":true,\"valueName\":\"search_term_string\"}}],\"inLanguage\":\"es\"},{\"@type\":\"Organization\",\"@id\":\"https:\/\/www.filtrox.com\/#organization\",\"name\":\"Filtrox\",\"alternateName\":\"FX\",\"url\":\"https:\/\/www.filtrox.com\/\",\"logo\":{\"@type\":\"ImageObject\",\"inLanguage\":\"es\",\"@id\":\"https:\/\/www.filtrox.com\/#\/schema\/logo\/image\/\",\"url\":\"https:\/\/www.filtrox.com\/wp-content\/uploads\/2015\/02\/FX-Logo_RGB_0-74-153.jpg\",\"contentUrl\":\"https:\/\/www.filtrox.com\/wp-content\/uploads\/2015\/02\/FX-Logo_RGB_0-74-153.jpg\",\"width\":512,\"height\":512,\"caption\":\"Filtrox\"},\"image\":{\"@id\":\"https:\/\/www.filtrox.com\/#\/schema\/logo\/image\/\"},\"sameAs\":[\"https:\/\/www.facebook.com\/Filtrox-AG-2091458717567633\",\"https:\/\/x.com\/FILTROX1\",\"https:\/\/www.instagram.com\/filtroxag\/\",\"https:\/\/www.linkedin.com\/company\/34636121\/\",\"https:\/\/www.youtube.com\/channel\/UCi3A2_4M_c-CcEst9YJ4U9g\/featured?disable_polymer=1\"]}]}<\/script>\n<!-- \/ Yoast SEO plugin. -->","yoast_head_json":{"title":"Filtraci\u00f3n para Alimentos &amp; Bebidas - Filtrox","description":"Tecnolog\u00eda de filtraci\u00f3n para aplicaciones de alimentos bebidas como clarificaci\u00f3n, reducci\u00f3n de bacterias, esterilizaci\u00f3n y estabilizaci\u00f3n.","robots":{"index":"index","follow":"follow","max-snippet":"max-snippet:-1","max-image-preview":"max-image-preview:large","max-video-preview":"max-video-preview:-1"},"canonical":"https:\/\/www.filtrox.com\/es\/aplicaciones\/filtracion-alimentos-y-bebidas\/","og_locale":"es_ES","og_type":"article","og_title":"Filtraci\u00f3n para Alimentos &amp; Bebidas - Filtrox","og_description":"Tecnolog\u00eda de filtraci\u00f3n para aplicaciones de alimentos bebidas como clarificaci\u00f3n, reducci\u00f3n de bacterias, esterilizaci\u00f3n y estabilizaci\u00f3n.","og_url":"https:\/\/www.filtrox.com\/es\/aplicaciones\/filtracion-alimentos-y-bebidas\/","og_site_name":"Filtrox","article_publisher":"https:\/\/www.facebook.com\/Filtrox-AG-2091458717567633","article_modified_time":"2026-03-31T11:46:36+00:00","twitter_card":"summary_large_image","twitter_site":"@FILTROX1","twitter_misc":{"Tiempo de lectura":"2 minutos"},"schema":{"@context":"https:\/\/schema.org","@graph":[{"@type":"WebPage","@id":"https:\/\/www.filtrox.com\/es\/aplicaciones\/filtracion-alimentos-y-bebidas\/","url":"https:\/\/www.filtrox.com\/es\/aplicaciones\/filtracion-alimentos-y-bebidas\/","name":"Filtraci\u00f3n para Alimentos &amp; Bebidas - Filtrox","isPartOf":{"@id":"https:\/\/www.filtrox.com\/#website"},"datePublished":"2019-01-23T13:07:23+00:00","dateModified":"2026-03-31T11:46:36+00:00","description":"Tecnolog\u00eda de filtraci\u00f3n para aplicaciones de alimentos bebidas como clarificaci\u00f3n, reducci\u00f3n de bacterias, esterilizaci\u00f3n y estabilizaci\u00f3n.","breadcrumb":{"@id":"https:\/\/www.filtrox.com\/es\/aplicaciones\/filtracion-alimentos-y-bebidas\/#breadcrumb"},"inLanguage":"es","potentialAction":[{"@type":"ReadAction","target":["https:\/\/www.filtrox.com\/es\/aplicaciones\/filtracion-alimentos-y-bebidas\/"]}]},{"@type":"BreadcrumbList","@id":"https:\/\/www.filtrox.com\/es\/aplicaciones\/filtracion-alimentos-y-bebidas\/#breadcrumb","itemListElement":[{"@type":"ListItem","position":1,"name":"Home","item":"https:\/\/www.filtrox.com\/es\/"},{"@type":"ListItem","position":2,"name":"Aplicaciones","item":"https:\/\/www.filtrox.com\/es\/aplicaciones\/"},{"@type":"ListItem","position":3,"name":"Alimentos &amp; Bebidas"}]},{"@type":"WebSite","@id":"https:\/\/www.filtrox.com\/#website","url":"https:\/\/www.filtrox.com\/","name":"Filtrox","description":"DEPTH FILTRATION FOR VALUABLE LIQUIDS.","publisher":{"@id":"https:\/\/www.filtrox.com\/#organization"},"potentialAction":[{"@type":"SearchAction","target":{"@type":"EntryPoint","urlTemplate":"https:\/\/www.filtrox.com\/?s={search_term_string}"},"query-input":{"@type":"PropertyValueSpecification","valueRequired":true,"valueName":"search_term_string"}}],"inLanguage":"es"},{"@type":"Organization","@id":"https:\/\/www.filtrox.com\/#organization","name":"Filtrox","alternateName":"FX","url":"https:\/\/www.filtrox.com\/","logo":{"@type":"ImageObject","inLanguage":"es","@id":"https:\/\/www.filtrox.com\/#\/schema\/logo\/image\/","url":"https:\/\/www.filtrox.com\/wp-content\/uploads\/2015\/02\/FX-Logo_RGB_0-74-153.jpg","contentUrl":"https:\/\/www.filtrox.com\/wp-content\/uploads\/2015\/02\/FX-Logo_RGB_0-74-153.jpg","width":512,"height":512,"caption":"Filtrox"},"image":{"@id":"https:\/\/www.filtrox.com\/#\/schema\/logo\/image\/"},"sameAs":["https:\/\/www.facebook.com\/Filtrox-AG-2091458717567633","https:\/\/x.com\/FILTROX1","https:\/\/www.instagram.com\/filtroxag\/","https:\/\/www.linkedin.com\/company\/34636121\/","https:\/\/www.youtube.com\/channel\/UCi3A2_4M_c-CcEst9YJ4U9g\/featured?disable_polymer=1"]}]}},"coauthors":[],"author_meta":{"author_link":"https:\/\/www.filtrox.com\/es\/blog\/author\/fosca-roman\/","display_name":"Fosca Roman"},"relative_dates":{"created":"Publicado 7 a\u00f1os hace","modified":"Actualizado 4 semanas hace"},"absolute_dates":{"created":"Publicado el enero 23, 2019","modified":"Actualizado el marzo 31, 2026"},"absolute_dates_time":{"created":"Publicado el enero 23, 2019 2:07 pm","modified":"Actualizado el marzo 31, 2026 12:46 pm"},"featured_img_caption":"","featured_img":false,"series_order":"","publishpress_future_action":{"enabled":false,"date":"2026-05-06 11:12:32","action":"change-status","newStatus":"draft","terms":[],"taxonomy":"translation_priority","extraData":[]},"publishpress_future_workflow_manual_trigger":{"enabledWorkflows":[]},"_links":{"self":[{"href":"https:\/\/www.filtrox.com\/es\/wp-json\/wp\/v2\/pages\/18554","targetHints":{"allow":["GET"]}}],"collection":[{"href":"https:\/\/www.filtrox.com\/es\/wp-json\/wp\/v2\/pages"}],"about":[{"href":"https:\/\/www.filtrox.com\/es\/wp-json\/wp\/v2\/types\/page"}],"author":[{"embeddable":true,"href":"https:\/\/www.filtrox.com\/es\/wp-json\/wp\/v2\/users\/8"}],"replies":[{"embeddable":true,"href":"https:\/\/www.filtrox.com\/es\/wp-json\/wp\/v2\/comments?post=18554"}],"version-history":[{"count":29,"href":"https:\/\/www.filtrox.com\/es\/wp-json\/wp\/v2\/pages\/18554\/revisions"}],"predecessor-version":[{"id":62780,"href":"https:\/\/www.filtrox.com\/es\/wp-json\/wp\/v2\/pages\/18554\/revisions\/62780"}],"up":[{"embeddable":true,"href":"https:\/\/www.filtrox.com\/es\/wp-json\/wp\/v2\/pages\/11576"}],"wp:attachment":[{"href":"https:\/\/www.filtrox.com\/es\/wp-json\/wp\/v2\/media?parent=18554"}],"curies":[{"name":"wp","href":"https:\/\/api.w.org\/{rel}","templated":true}]}}