{"id":18758,"date":"2019-01-23T15:13:35","date_gmt":"2019-01-23T14:13:35","guid":{"rendered":"https:\/\/www.filtrox.com\/disclaimer\/"},"modified":"2025-01-06T10:45:26","modified_gmt":"2025-01-06T09:45:26","slug":"aviso-legal","status":"publish","type":"page","link":"https:\/\/www.filtrox.com\/es\/aviso-legal\/","title":{"rendered":"Aviso legal"},"content":{"rendered":"<p><span style=\"color: inherit; font-size: 2.44em; font-weight: 600;\">Aviso legal<\/span><\/p>\n<div class=\"page\" title=\"Page 1\">\n<div class=\"layoutArea\">\n<h4><strong>Area de aplicabilidad<\/strong><\/h4>\n<p>Este es el sitio web oficial de la FILTROX AG y tiene el prop\u00f3sito de proporcionar informaci\u00f3n al cliente. La informaci\u00f3n publicada en el sitio web y las declaraciones no constituyen una invitaci\u00f3n, una oferta o una recomendaci\u00f3n para comprar o vender servicios o para realizar otras transacciones. La informaci\u00f3n contenida en el sitio web es meramente descriptiva.<\/p>\n<h4>Propiedad intelectual y otros derechos<\/h4>\n<p>FILTROX AG es el propietario y operador de este sitio web. Todas las marcas, los nombres, t\u00edtulos, logotipos, im\u00e1genes, dise\u00f1os, textos y otros contenidos que aparecen en \u00e9l son propiedad de FILTROX AG. La invocaci\u00f3n, descarga o copia no confiere ning\u00fan derecho. La reproducci\u00f3n, ya sea total o parcialmente, la modificaci\u00f3n, la vinculaci\u00f3n o el uso del contenido del sitio web para fines p\u00fablicos o comerciales solo est\u00e1 permitida con la aprobaci\u00f3n previa por escrito de FILTROX AG.<\/p>\n<h4>Exclusi\u00f3n de responsabilidad<\/h4>\n<p>FILTROX excluye toda responsabilidad (incluida la negligencia) derivada del acceso o imposibilidad de acceder al sitio web o elementos individuales del mismo y su uso. No hay garant\u00eda de un funcionamiento, acceso y uso continuo y sin problemas del sitio web. Internet es una red abierta, accesible para todos y, por lo tanto, no puede considerarse un entorno seguro. Aunque los paquetes de datos individuales se transmiten generalmente en forma cifrada, esto no se aplica al remitente y al destinatario. Adem\u00e1s, los datos pueden transferirse al extranjero y, por lo tanto, a pa\u00edses en los que el est\u00e1ndar de protecci\u00f3n de datos es m\u00e1s bajo que en Suiza o en la UE.<\/p>\n<p>FILTROX excluye cualquier responsabilidad por la seguridad de los datos en tr\u00e1nsito a trav\u00e9s de Internet. Para los enlaces en el sitio web de FILTROX a sitios web de terceros, no se responsabiliza ni se responsabiliza por el contenido y el cumplimiento de la normativa de protecci\u00f3n de datos proporcionada.<\/p>\n<h4>Recopilaci\u00f3n y uso de informaci\u00f3n<\/h4>\n<p>Cuando se accede a nuestro sitio web, varios datos, p. Ej. Se almacenan la fecha y hora de acceso, la direcci\u00f3n IP, las p\u00e1ginas llamadas, etc. No se realizan evaluaciones relacionadas con la informaci\u00f3n personal. Los datos se eval\u00faan de forma an\u00f3nima. Por ejemplo, para determinar cu\u00e1ntas veces se accede al sitio web por d\u00eda, es decir, con fines estad\u00edsticos. Estos datos se tratan de forma confidencial y no se transmiten ni se ponen a disposici\u00f3n de terceros. A menos que as\u00ed lo exija la legislaci\u00f3n vigente y, en particular, las autoridades policiales responsables. Para obtener m\u00e1s informaci\u00f3n, visite nuestro sitio de normas de privacidad. <a href=\"https:\/\/www.filtrox.com\/es\/filtrox-privacidad\/\" target=\"_blank\" rel=\"noopener noreferrer\">M\u00e1s informaci\u00f3n sobre la privacidad.<\/a><\/p>\n<\/div>\n<\/div>\n\n\n\n\n<figure class=\"wp-block-image size-large is-style-default\"><a href=\"https:\/\/www.filtrox.com\/wp-content\/uploads\/2015\/02\/Filtrox-ABOUT-US-title_PR.jpg\"><img decoding=\"async\" width=\"1024\" height=\"275\" data-src=\"https:\/\/www.filtrox.com\/wp-content\/uploads\/2015\/02\/Filtrox-ABOUT-US-title_PR-1024x275.jpg\" alt=\"Sede en St.Gallen, Suiza\" class=\"wp-image-11546 lazyload\" data-srcset=\"https:\/\/www.filtrox.com\/wp-content\/uploads\/2015\/02\/Filtrox-ABOUT-US-title_PR-1024x275.jpg 1024w, https:\/\/www.filtrox.com\/wp-content\/uploads\/2015\/02\/Filtrox-ABOUT-US-title_PR-300x81.jpg 300w, https:\/\/www.filtrox.com\/wp-content\/uploads\/2015\/02\/Filtrox-ABOUT-US-title_PR-24x6.jpg 24w, https:\/\/www.filtrox.com\/wp-content\/uploads\/2015\/02\/Filtrox-ABOUT-US-title_PR-36x10.jpg 36w, https:\/\/www.filtrox.com\/wp-content\/uploads\/2015\/02\/Filtrox-ABOUT-US-title_PR-48x13.jpg 48w, https:\/\/www.filtrox.com\/wp-content\/uploads\/2015\/02\/Filtrox-ABOUT-US-title_PR.jpg 1200w\" data-sizes=\"(max-width: 1024px) 100vw, 1024px\" src=\"data:image\/svg+xml;base64,PHN2ZyB3aWR0aD0iMSIgaGVpZ2h0PSIxIiB4bWxucz0iaHR0cDovL3d3dy53My5vcmcvMjAwMC9zdmciPjwvc3ZnPg==\" style=\"--smush-placeholder-width: 1024px; --smush-placeholder-aspect-ratio: 1024\/275;\" \/><\/a><figcaption>Sede en St.Gallen, Suiza<\/figcaption><\/figure>\n","protected":false},"excerpt":{"rendered":"<p>Aviso legal Area de aplicabilidad Este es el sitio web oficial de la FILTROX AG y tiene el prop\u00f3sito de proporcionar informaci\u00f3n al cliente. La informaci\u00f3n publicada en el sitio web y las declaraciones no constituyen una invitaci\u00f3n, una oferta o una recomendaci\u00f3n para comprar o vender servicios o para realizar otras transacciones. La informaci\u00f3n &hellip; <a href=\"https:\/\/www.filtrox.com\/es\/aviso-legal\/\" class=\"more-link\">Continue reading <span class=\"screen-reader-text\">Aviso legal<\/span> <span class=\"meta-nav\">&rarr;<\/span><\/a><\/p>\n","protected":false},"author":8,"featured_media":0,"parent":0,"menu_order":100,"comment_status":"closed","ping_status":"open","template":"","meta":{"_acf_changed":false,"advgb_blocks_editor_width":"","advgb_blocks_columns_visual_guide":"","footnotes":""},"class_list":["post-18758","page","type-page","status-publish","hentry"],"acf":[],"yoast_head":"<!-- This site is optimized with the Yoast SEO plugin v26.3 - https:\/\/yoast.com\/wordpress\/plugins\/seo\/ -->\n<title>Aviso legal sito web de FILTROX - filtraci\u00f3n profunda<\/title>\n<meta name=\"description\" content=\"Aviso legal. Este es el sitio web de la FILTROX AG. Brindamos informaci\u00f3n sobre productos y nuestras soluciones de filtraci\u00f3n.\" \/>\n<meta name=\"robots\" content=\"index, follow, max-snippet:-1, max-image-preview:large, max-video-preview:-1\" \/>\n<link rel=\"canonical\" href=\"https:\/\/www.filtrox.com\/es\/aviso-legal\/\" \/>\n<meta property=\"og:locale\" content=\"es_ES\" \/>\n<meta property=\"og:type\" content=\"article\" \/>\n<meta property=\"og:title\" content=\"Aviso legal sito web de FILTROX - filtraci\u00f3n profunda\" \/>\n<meta property=\"og:description\" content=\"Aviso legal. Este es el sitio web de la FILTROX AG. Brindamos informaci\u00f3n sobre productos y nuestras soluciones de filtraci\u00f3n.\" \/>\n<meta property=\"og:url\" content=\"https:\/\/www.filtrox.com\/es\/aviso-legal\/\" \/>\n<meta property=\"og:site_name\" content=\"Filtrox\" \/>\n<meta property=\"article:publisher\" content=\"https:\/\/www.facebook.com\/Filtrox-AG-2091458717567633\" \/>\n<meta property=\"article:modified_time\" content=\"2025-01-06T09:45:26+00:00\" \/>\n<meta property=\"og:image\" content=\"https:\/\/www.filtrox.com\/wp-content\/uploads\/2015\/02\/Filtrox-ABOUT-US-title_PR.jpg\" \/>\n\t<meta property=\"og:image:width\" content=\"1200\" \/>\n\t<meta property=\"og:image:height\" content=\"322\" \/>\n\t<meta property=\"og:image:type\" content=\"image\/jpeg\" \/>\n<meta name=\"twitter:card\" content=\"summary_large_image\" \/>\n<meta name=\"twitter:site\" content=\"@FILTROX1\" \/>\n<meta name=\"twitter:label1\" content=\"Tiempo de lectura\" \/>\n\t<meta name=\"twitter:data1\" content=\"3 minutos\" \/>\n<script type=\"application\/ld+json\" class=\"yoast-schema-graph\">{\"@context\":\"https:\/\/schema.org\",\"@graph\":[{\"@type\":\"WebPage\",\"@id\":\"https:\/\/www.filtrox.com\/es\/aviso-legal\/\",\"url\":\"https:\/\/www.filtrox.com\/es\/aviso-legal\/\",\"name\":\"Aviso legal sito web de FILTROX - filtraci\u00f3n profunda\",\"isPartOf\":{\"@id\":\"https:\/\/www.filtrox.com\/#website\"},\"primaryImageOfPage\":{\"@id\":\"https:\/\/www.filtrox.com\/es\/aviso-legal\/#primaryimage\"},\"image\":{\"@id\":\"https:\/\/www.filtrox.com\/es\/aviso-legal\/#primaryimage\"},\"thumbnailUrl\":\"https:\/\/www.filtrox.com\/wp-content\/uploads\/2015\/02\/Filtrox-ABOUT-US-title_PR-1024x275.jpg\",\"datePublished\":\"2019-01-23T14:13:35+00:00\",\"dateModified\":\"2025-01-06T09:45:26+00:00\",\"description\":\"Aviso legal. Este es el sitio web de la FILTROX AG. Brindamos informaci\u00f3n sobre productos y nuestras soluciones de filtraci\u00f3n.\",\"breadcrumb\":{\"@id\":\"https:\/\/www.filtrox.com\/es\/aviso-legal\/#breadcrumb\"},\"inLanguage\":\"es\",\"potentialAction\":[{\"@type\":\"ReadAction\",\"target\":[\"https:\/\/www.filtrox.com\/es\/aviso-legal\/\"]}]},{\"@type\":\"ImageObject\",\"inLanguage\":\"es\",\"@id\":\"https:\/\/www.filtrox.com\/es\/aviso-legal\/#primaryimage\",\"url\":\"https:\/\/www.filtrox.com\/wp-content\/uploads\/2015\/02\/Filtrox-ABOUT-US-title_PR-1024x275.jpg\",\"contentUrl\":\"https:\/\/www.filtrox.com\/wp-content\/uploads\/2015\/02\/Filtrox-ABOUT-US-title_PR-1024x275.jpg\"},{\"@type\":\"BreadcrumbList\",\"@id\":\"https:\/\/www.filtrox.com\/es\/aviso-legal\/#breadcrumb\",\"itemListElement\":[{\"@type\":\"ListItem\",\"position\":1,\"name\":\"Home\",\"item\":\"https:\/\/www.filtrox.com\/es\/\"},{\"@type\":\"ListItem\",\"position\":2,\"name\":\"Aviso legal\"}]},{\"@type\":\"WebSite\",\"@id\":\"https:\/\/www.filtrox.com\/#website\",\"url\":\"https:\/\/www.filtrox.com\/\",\"name\":\"Filtrox\",\"description\":\"DEPTH FILTRATION FOR VALUABLE LIQUIDS.\",\"publisher\":{\"@id\":\"https:\/\/www.filtrox.com\/#organization\"},\"potentialAction\":[{\"@type\":\"SearchAction\",\"target\":{\"@type\":\"EntryPoint\",\"urlTemplate\":\"https:\/\/www.filtrox.com\/?s={search_term_string}\"},\"query-input\":{\"@type\":\"PropertyValueSpecification\",\"valueRequired\":true,\"valueName\":\"search_term_string\"}}],\"inLanguage\":\"es\"},{\"@type\":\"Organization\",\"@id\":\"https:\/\/www.filtrox.com\/#organization\",\"name\":\"Filtrox\",\"alternateName\":\"FX\",\"url\":\"https:\/\/www.filtrox.com\/\",\"logo\":{\"@type\":\"ImageObject\",\"inLanguage\":\"es\",\"@id\":\"https:\/\/www.filtrox.com\/#\/schema\/logo\/image\/\",\"url\":\"https:\/\/www.filtrox.com\/wp-content\/uploads\/2015\/02\/FX-Logo_RGB_0-74-153.jpg\",\"contentUrl\":\"https:\/\/www.filtrox.com\/wp-content\/uploads\/2015\/02\/FX-Logo_RGB_0-74-153.jpg\",\"width\":512,\"height\":512,\"caption\":\"Filtrox\"},\"image\":{\"@id\":\"https:\/\/www.filtrox.com\/#\/schema\/logo\/image\/\"},\"sameAs\":[\"https:\/\/www.facebook.com\/Filtrox-AG-2091458717567633\",\"https:\/\/x.com\/FILTROX1\",\"https:\/\/www.instagram.com\/filtroxag\/\",\"https:\/\/www.linkedin.com\/company\/34636121\/\",\"https:\/\/www.youtube.com\/channel\/UCi3A2_4M_c-CcEst9YJ4U9g\/featured?disable_polymer=1\"]}]}<\/script>\n<!-- \/ Yoast SEO plugin. -->","yoast_head_json":{"title":"Aviso legal sito web de FILTROX - filtraci\u00f3n profunda","description":"Aviso legal. Este es el sitio web de la FILTROX AG. Brindamos informaci\u00f3n sobre productos y nuestras soluciones de filtraci\u00f3n.","robots":{"index":"index","follow":"follow","max-snippet":"max-snippet:-1","max-image-preview":"max-image-preview:large","max-video-preview":"max-video-preview:-1"},"canonical":"https:\/\/www.filtrox.com\/es\/aviso-legal\/","og_locale":"es_ES","og_type":"article","og_title":"Aviso legal sito web de FILTROX - filtraci\u00f3n profunda","og_description":"Aviso legal. Este es el sitio web de la FILTROX AG. Brindamos informaci\u00f3n sobre productos y nuestras soluciones de filtraci\u00f3n.","og_url":"https:\/\/www.filtrox.com\/es\/aviso-legal\/","og_site_name":"Filtrox","article_publisher":"https:\/\/www.facebook.com\/Filtrox-AG-2091458717567633","article_modified_time":"2025-01-06T09:45:26+00:00","og_image":[{"width":1200,"height":322,"url":"https:\/\/www.filtrox.com\/wp-content\/uploads\/2015\/02\/Filtrox-ABOUT-US-title_PR.jpg","type":"image\/jpeg"}],"twitter_card":"summary_large_image","twitter_site":"@FILTROX1","twitter_misc":{"Tiempo de lectura":"3 minutos"},"schema":{"@context":"https:\/\/schema.org","@graph":[{"@type":"WebPage","@id":"https:\/\/www.filtrox.com\/es\/aviso-legal\/","url":"https:\/\/www.filtrox.com\/es\/aviso-legal\/","name":"Aviso legal sito web de FILTROX - filtraci\u00f3n profunda","isPartOf":{"@id":"https:\/\/www.filtrox.com\/#website"},"primaryImageOfPage":{"@id":"https:\/\/www.filtrox.com\/es\/aviso-legal\/#primaryimage"},"image":{"@id":"https:\/\/www.filtrox.com\/es\/aviso-legal\/#primaryimage"},"thumbnailUrl":"https:\/\/www.filtrox.com\/wp-content\/uploads\/2015\/02\/Filtrox-ABOUT-US-title_PR-1024x275.jpg","datePublished":"2019-01-23T14:13:35+00:00","dateModified":"2025-01-06T09:45:26+00:00","description":"Aviso legal. Este es el sitio web de la FILTROX AG. Brindamos informaci\u00f3n sobre productos y nuestras soluciones de filtraci\u00f3n.","breadcrumb":{"@id":"https:\/\/www.filtrox.com\/es\/aviso-legal\/#breadcrumb"},"inLanguage":"es","potentialAction":[{"@type":"ReadAction","target":["https:\/\/www.filtrox.com\/es\/aviso-legal\/"]}]},{"@type":"ImageObject","inLanguage":"es","@id":"https:\/\/www.filtrox.com\/es\/aviso-legal\/#primaryimage","url":"https:\/\/www.filtrox.com\/wp-content\/uploads\/2015\/02\/Filtrox-ABOUT-US-title_PR-1024x275.jpg","contentUrl":"https:\/\/www.filtrox.com\/wp-content\/uploads\/2015\/02\/Filtrox-ABOUT-US-title_PR-1024x275.jpg"},{"@type":"BreadcrumbList","@id":"https:\/\/www.filtrox.com\/es\/aviso-legal\/#breadcrumb","itemListElement":[{"@type":"ListItem","position":1,"name":"Home","item":"https:\/\/www.filtrox.com\/es\/"},{"@type":"ListItem","position":2,"name":"Aviso legal"}]},{"@type":"WebSite","@id":"https:\/\/www.filtrox.com\/#website","url":"https:\/\/www.filtrox.com\/","name":"Filtrox","description":"DEPTH FILTRATION FOR VALUABLE LIQUIDS.","publisher":{"@id":"https:\/\/www.filtrox.com\/#organization"},"potentialAction":[{"@type":"SearchAction","target":{"@type":"EntryPoint","urlTemplate":"https:\/\/www.filtrox.com\/?s={search_term_string}"},"query-input":{"@type":"PropertyValueSpecification","valueRequired":true,"valueName":"search_term_string"}}],"inLanguage":"es"},{"@type":"Organization","@id":"https:\/\/www.filtrox.com\/#organization","name":"Filtrox","alternateName":"FX","url":"https:\/\/www.filtrox.com\/","logo":{"@type":"ImageObject","inLanguage":"es","@id":"https:\/\/www.filtrox.com\/#\/schema\/logo\/image\/","url":"https:\/\/www.filtrox.com\/wp-content\/uploads\/2015\/02\/FX-Logo_RGB_0-74-153.jpg","contentUrl":"https:\/\/www.filtrox.com\/wp-content\/uploads\/2015\/02\/FX-Logo_RGB_0-74-153.jpg","width":512,"height":512,"caption":"Filtrox"},"image":{"@id":"https:\/\/www.filtrox.com\/#\/schema\/logo\/image\/"},"sameAs":["https:\/\/www.facebook.com\/Filtrox-AG-2091458717567633","https:\/\/x.com\/FILTROX1","https:\/\/www.instagram.com\/filtroxag\/","https:\/\/www.linkedin.com\/company\/34636121\/","https:\/\/www.youtube.com\/channel\/UCi3A2_4M_c-CcEst9YJ4U9g\/featured?disable_polymer=1"]}]}},"coauthors":[],"author_meta":{"author_link":"https:\/\/www.filtrox.com\/es\/blog\/author\/fosca-roman\/","display_name":"Fosca Roman"},"relative_dates":{"created":"Publicado 7 a\u00f1os hace","modified":"Actualizado 1 a\u00f1o hace"},"absolute_dates":{"created":"Publicado el enero 23, 2019","modified":"Actualizado el enero 6, 2025"},"absolute_dates_time":{"created":"Publicado el enero 23, 2019 3:13 pm","modified":"Actualizado el enero 6, 2025 10:45 am"},"featured_img_caption":"","featured_img":false,"series_order":"","publishpress_future_action":{"enabled":false,"date":"2026-05-07 18:14:01","action":"change-status","newStatus":"draft","terms":[],"taxonomy":"translation_priority","extraData":[]},"publishpress_future_workflow_manual_trigger":{"enabledWorkflows":[]},"_links":{"self":[{"href":"https:\/\/www.filtrox.com\/es\/wp-json\/wp\/v2\/pages\/18758","targetHints":{"allow":["GET"]}}],"collection":[{"href":"https:\/\/www.filtrox.com\/es\/wp-json\/wp\/v2\/pages"}],"about":[{"href":"https:\/\/www.filtrox.com\/es\/wp-json\/wp\/v2\/types\/page"}],"author":[{"embeddable":true,"href":"https:\/\/www.filtrox.com\/es\/wp-json\/wp\/v2\/users\/8"}],"replies":[{"embeddable":true,"href":"https:\/\/www.filtrox.com\/es\/wp-json\/wp\/v2\/comments?post=18758"}],"version-history":[{"count":2,"href":"https:\/\/www.filtrox.com\/es\/wp-json\/wp\/v2\/pages\/18758\/revisions"}],"predecessor-version":[{"id":46951,"href":"https:\/\/www.filtrox.com\/es\/wp-json\/wp\/v2\/pages\/18758\/revisions\/46951"}],"wp:attachment":[{"href":"https:\/\/www.filtrox.com\/es\/wp-json\/wp\/v2\/media?parent=18758"}],"curies":[{"name":"wp","href":"https:\/\/api.w.org\/{rel}","templated":true}]}}