{"id":18760,"date":"2019-01-23T15:13:49","date_gmt":"2019-01-23T14:13:49","guid":{"rendered":"https:\/\/www.filtrox.com\/impressum\/"},"modified":"2025-01-06T10:52:20","modified_gmt":"2025-01-06T09:52:20","slug":"imprenta","status":"publish","type":"page","link":"https:\/\/www.filtrox.com\/es\/imprenta\/","title":{"rendered":"Imprenta"},"content":{"rendered":"<p><strong>Imprenta: Operador del sitio web de FILTROX<\/strong><\/p>\n<p>FILTROX AG<br \/>Moosmuehlestr. 6<br \/>CH-9001 St. Gallen \/ Suiza<br \/>Tel\u00e9fono: +41 (0)71 272 91 11<br \/>Fax: +41 (0)71 272 91 00<br \/>Correo electr\u00f3nico: <a rel=\"noopener\">sales@filtrox.com<\/a><br \/>P\u00e1gina web: <a href=\"http:\/\/www.filtrox.com\" target=\"_new\" rel=\"noopener\">www.filtrox.com<\/a><\/p>\n<p><strong>Registro comercial:<\/strong><br \/>Registrado en el registro mercantil del cant\u00f3n de St. Gallen<br \/>N\u00famero de registro comercial: CH-320.3.001.477-8<\/p>\n<p>Fabricaci\u00f3n y distribuci\u00f3n de productos para la industria de bebidas, especialmente en el \u00e1mbito de la filtraci\u00f3n. La empresa puede participar en otras compa\u00f1\u00edas, adquirir, gestionar y vender propiedades, as\u00ed como establecer sucursales en el pa\u00eds y en el extranjero.<\/p>\n<p><strong>N\u00famero de identificaci\u00f3n fiscal:<\/strong><br \/>CHE-102.007.640 MWST<\/p>\n<p><strong>Avisos legales:<\/strong><br \/>El contenido de esta p\u00e1gina web ha sido creado con el m\u00e1ximo cuidado. Sin embargo, no asumimos responsabilidad por la exactitud, integridad y actualizaci\u00f3n de los contenidos.<\/p>\n<p><strong>Responsabilidad por los enlaces:<\/strong><br \/>Nuestra p\u00e1gina web contiene enlaces a p\u00e1ginas web externas de terceros, cuyo contenido no controlamos. Por lo tanto, no asumimos responsabilidad alguna por estos contenidos externos. El proveedor u operador de las p\u00e1ginas vinculadas es siempre responsable del contenido de las mismas.<\/p>\n<p><strong>Derechos de autor:<\/strong><br \/>Los contenidos y trabajos creados por FILTROX AG en esta p\u00e1gina web est\u00e1n protegidos por la legislaci\u00f3n suiza sobre derechos de autor. La reproducci\u00f3n, modificaci\u00f3n, distribuci\u00f3n y cualquier tipo de utilizaci\u00f3n fuera de los l\u00edmites del derecho de autor requiere el consentimiento escrito de FILTROX AG.<\/p>\n<p><strong>Protecci\u00f3n de datos:<\/strong><br \/>Para obtener m\u00e1s informaci\u00f3n sobre c\u00f3mo gestionamos los datos personales, consulte nuestra pol\u00edtica de privacidad.<\/p>\n<p>\u00a9 2025 FILTROX AG. Todos los derechos reservados.<\/p>\n<p><a title=\"Disclaimer\" href=\"https:\/\/www.filtrox.com\/disclaimer\/\">Aviso legal<\/a><\/p>\n\n\n<p><img decoding=\"async\" data-src=\"https:\/\/www.filtrox.com\/wp-content\/uploads\/2015\/02\/Filtrox-ABOUT-US-title_PR.jpg\" alt=\"imprenta\" width=\"1200\" height=\"322\" src=\"data:image\/svg+xml;base64,PHN2ZyB3aWR0aD0iMSIgaGVpZ2h0PSIxIiB4bWxucz0iaHR0cDovL3d3dy53My5vcmcvMjAwMC9zdmciPjwvc3ZnPg==\" class=\"lazyload\" style=\"--smush-placeholder-width: 1200px; --smush-placeholder-aspect-ratio: 1200\/322;\" \/><\/p>\n\n\n\n<p><em>Imprenta \/ Oficinas en Suiza, St. Gallen<\/em><\/p>\n","protected":false},"excerpt":{"rendered":"<p>Imprenta: Operador del sitio web de FILTROX FILTROX AGMoosmuehlestr. 6CH-9001 St. Gallen \/ SuizaTel\u00e9fono: +41 (0)71 272 91 11Fax: +41 (0)71 272 91 00Correo electr\u00f3nico: sales@filtrox.comP\u00e1gina web: www.filtrox.com Registro comercial:Registrado en el registro mercantil del cant\u00f3n de St. GallenN\u00famero de registro comercial: CH-320.3.001.477-8 Fabricaci\u00f3n y distribuci\u00f3n de productos para la industria de bebidas, especialmente en &hellip; <a href=\"https:\/\/www.filtrox.com\/es\/imprenta\/\" class=\"more-link\">Continue reading <span class=\"screen-reader-text\">Imprenta<\/span> <span class=\"meta-nav\">&rarr;<\/span><\/a><\/p>\n","protected":false},"author":8,"featured_media":0,"parent":0,"menu_order":96,"comment_status":"closed","ping_status":"open","template":"","meta":{"_acf_changed":false,"advgb_blocks_editor_width":"","advgb_blocks_columns_visual_guide":"","footnotes":""},"class_list":["post-18760","page","type-page","status-publish","hentry"],"acf":[],"yoast_head":"<!-- This site is optimized with the Yoast SEO plugin v26.3 - https:\/\/yoast.com\/wordpress\/plugins\/seo\/ -->\n<title>Imprenta - Responsabilidad del contenido en el Filtrox sito web<\/title>\n<meta name=\"description\" content=\"Imprenta: La responsabilidad del contenido del sitio web de FILTROX corresponde a la empresa Filtrox AG, 9001 St.Gallen, Suiza.\" \/>\n<meta name=\"robots\" content=\"index, follow, max-snippet:-1, max-image-preview:large, max-video-preview:-1\" \/>\n<link rel=\"canonical\" href=\"https:\/\/www.filtrox.com\/es\/imprenta\/\" \/>\n<meta property=\"og:locale\" content=\"es_ES\" \/>\n<meta property=\"og:type\" content=\"article\" \/>\n<meta property=\"og:title\" content=\"Imprenta - Responsabilidad del contenido en el Filtrox sito web\" \/>\n<meta property=\"og:description\" content=\"Imprenta: La responsabilidad del contenido del sitio web de FILTROX corresponde a la empresa Filtrox AG, 9001 St.Gallen, Suiza.\" \/>\n<meta property=\"og:url\" content=\"https:\/\/www.filtrox.com\/es\/imprenta\/\" \/>\n<meta property=\"og:site_name\" content=\"Filtrox\" \/>\n<meta property=\"article:publisher\" content=\"https:\/\/www.facebook.com\/Filtrox-AG-2091458717567633\" \/>\n<meta property=\"article:modified_time\" content=\"2025-01-06T09:52:20+00:00\" \/>\n<meta property=\"og:image\" content=\"https:\/\/www.filtrox.com\/wp-content\/uploads\/2015\/02\/Filtrox-ABOUT-US-title_PR.jpg\" \/>\n<meta name=\"twitter:card\" content=\"summary_large_image\" \/>\n<meta name=\"twitter:site\" content=\"@FILTROX1\" \/>\n<meta name=\"twitter:label1\" content=\"Tiempo de lectura\" \/>\n\t<meta name=\"twitter:data1\" content=\"2 minutos\" \/>\n<script type=\"application\/ld+json\" class=\"yoast-schema-graph\">{\"@context\":\"https:\/\/schema.org\",\"@graph\":[{\"@type\":\"WebPage\",\"@id\":\"https:\/\/www.filtrox.com\/es\/imprenta\/\",\"url\":\"https:\/\/www.filtrox.com\/es\/imprenta\/\",\"name\":\"Imprenta - Responsabilidad del contenido en el Filtrox sito web\",\"isPartOf\":{\"@id\":\"https:\/\/www.filtrox.com\/#website\"},\"primaryImageOfPage\":{\"@id\":\"https:\/\/www.filtrox.com\/es\/imprenta\/#primaryimage\"},\"image\":{\"@id\":\"https:\/\/www.filtrox.com\/es\/imprenta\/#primaryimage\"},\"thumbnailUrl\":\"https:\/\/www.filtrox.com\/wp-content\/uploads\/2015\/02\/Filtrox-ABOUT-US-title_PR.jpg\",\"datePublished\":\"2019-01-23T14:13:49+00:00\",\"dateModified\":\"2025-01-06T09:52:20+00:00\",\"description\":\"Imprenta: La responsabilidad del contenido del sitio web de FILTROX corresponde a la empresa Filtrox AG, 9001 St.Gallen, Suiza.\",\"breadcrumb\":{\"@id\":\"https:\/\/www.filtrox.com\/es\/imprenta\/#breadcrumb\"},\"inLanguage\":\"es\",\"potentialAction\":[{\"@type\":\"ReadAction\",\"target\":[\"https:\/\/www.filtrox.com\/es\/imprenta\/\"]}]},{\"@type\":\"ImageObject\",\"inLanguage\":\"es\",\"@id\":\"https:\/\/www.filtrox.com\/es\/imprenta\/#primaryimage\",\"url\":\"https:\/\/www.filtrox.com\/wp-content\/uploads\/2015\/02\/Filtrox-ABOUT-US-title_PR.jpg\",\"contentUrl\":\"https:\/\/www.filtrox.com\/wp-content\/uploads\/2015\/02\/Filtrox-ABOUT-US-title_PR.jpg\"},{\"@type\":\"BreadcrumbList\",\"@id\":\"https:\/\/www.filtrox.com\/es\/imprenta\/#breadcrumb\",\"itemListElement\":[{\"@type\":\"ListItem\",\"position\":1,\"name\":\"Home\",\"item\":\"https:\/\/www.filtrox.com\/es\/\"},{\"@type\":\"ListItem\",\"position\":2,\"name\":\"Imprenta\"}]},{\"@type\":\"WebSite\",\"@id\":\"https:\/\/www.filtrox.com\/#website\",\"url\":\"https:\/\/www.filtrox.com\/\",\"name\":\"Filtrox\",\"description\":\"DEPTH FILTRATION FOR VALUABLE LIQUIDS.\",\"publisher\":{\"@id\":\"https:\/\/www.filtrox.com\/#organization\"},\"potentialAction\":[{\"@type\":\"SearchAction\",\"target\":{\"@type\":\"EntryPoint\",\"urlTemplate\":\"https:\/\/www.filtrox.com\/?s={search_term_string}\"},\"query-input\":{\"@type\":\"PropertyValueSpecification\",\"valueRequired\":true,\"valueName\":\"search_term_string\"}}],\"inLanguage\":\"es\"},{\"@type\":\"Organization\",\"@id\":\"https:\/\/www.filtrox.com\/#organization\",\"name\":\"Filtrox\",\"alternateName\":\"FX\",\"url\":\"https:\/\/www.filtrox.com\/\",\"logo\":{\"@type\":\"ImageObject\",\"inLanguage\":\"es\",\"@id\":\"https:\/\/www.filtrox.com\/#\/schema\/logo\/image\/\",\"url\":\"https:\/\/www.filtrox.com\/wp-content\/uploads\/2015\/02\/FX-Logo_RGB_0-74-153.jpg\",\"contentUrl\":\"https:\/\/www.filtrox.com\/wp-content\/uploads\/2015\/02\/FX-Logo_RGB_0-74-153.jpg\",\"width\":512,\"height\":512,\"caption\":\"Filtrox\"},\"image\":{\"@id\":\"https:\/\/www.filtrox.com\/#\/schema\/logo\/image\/\"},\"sameAs\":[\"https:\/\/www.facebook.com\/Filtrox-AG-2091458717567633\",\"https:\/\/x.com\/FILTROX1\",\"https:\/\/www.instagram.com\/filtroxag\/\",\"https:\/\/www.linkedin.com\/company\/34636121\/\",\"https:\/\/www.youtube.com\/channel\/UCi3A2_4M_c-CcEst9YJ4U9g\/featured?disable_polymer=1\"]}]}<\/script>\n<!-- \/ Yoast SEO plugin. -->","yoast_head_json":{"title":"Imprenta - Responsabilidad del contenido en el Filtrox sito web","description":"Imprenta: La responsabilidad del contenido del sitio web de FILTROX corresponde a la empresa Filtrox AG, 9001 St.Gallen, Suiza.","robots":{"index":"index","follow":"follow","max-snippet":"max-snippet:-1","max-image-preview":"max-image-preview:large","max-video-preview":"max-video-preview:-1"},"canonical":"https:\/\/www.filtrox.com\/es\/imprenta\/","og_locale":"es_ES","og_type":"article","og_title":"Imprenta - Responsabilidad del contenido en el Filtrox sito web","og_description":"Imprenta: La responsabilidad del contenido del sitio web de FILTROX corresponde a la empresa Filtrox AG, 9001 St.Gallen, Suiza.","og_url":"https:\/\/www.filtrox.com\/es\/imprenta\/","og_site_name":"Filtrox","article_publisher":"https:\/\/www.facebook.com\/Filtrox-AG-2091458717567633","article_modified_time":"2025-01-06T09:52:20+00:00","og_image":[{"url":"https:\/\/www.filtrox.com\/wp-content\/uploads\/2015\/02\/Filtrox-ABOUT-US-title_PR.jpg","type":"","width":"","height":""}],"twitter_card":"summary_large_image","twitter_site":"@FILTROX1","twitter_misc":{"Tiempo de lectura":"2 minutos"},"schema":{"@context":"https:\/\/schema.org","@graph":[{"@type":"WebPage","@id":"https:\/\/www.filtrox.com\/es\/imprenta\/","url":"https:\/\/www.filtrox.com\/es\/imprenta\/","name":"Imprenta - Responsabilidad del contenido en el Filtrox sito web","isPartOf":{"@id":"https:\/\/www.filtrox.com\/#website"},"primaryImageOfPage":{"@id":"https:\/\/www.filtrox.com\/es\/imprenta\/#primaryimage"},"image":{"@id":"https:\/\/www.filtrox.com\/es\/imprenta\/#primaryimage"},"thumbnailUrl":"https:\/\/www.filtrox.com\/wp-content\/uploads\/2015\/02\/Filtrox-ABOUT-US-title_PR.jpg","datePublished":"2019-01-23T14:13:49+00:00","dateModified":"2025-01-06T09:52:20+00:00","description":"Imprenta: La responsabilidad del contenido del sitio web de FILTROX corresponde a la empresa Filtrox AG, 9001 St.Gallen, Suiza.","breadcrumb":{"@id":"https:\/\/www.filtrox.com\/es\/imprenta\/#breadcrumb"},"inLanguage":"es","potentialAction":[{"@type":"ReadAction","target":["https:\/\/www.filtrox.com\/es\/imprenta\/"]}]},{"@type":"ImageObject","inLanguage":"es","@id":"https:\/\/www.filtrox.com\/es\/imprenta\/#primaryimage","url":"https:\/\/www.filtrox.com\/wp-content\/uploads\/2015\/02\/Filtrox-ABOUT-US-title_PR.jpg","contentUrl":"https:\/\/www.filtrox.com\/wp-content\/uploads\/2015\/02\/Filtrox-ABOUT-US-title_PR.jpg"},{"@type":"BreadcrumbList","@id":"https:\/\/www.filtrox.com\/es\/imprenta\/#breadcrumb","itemListElement":[{"@type":"ListItem","position":1,"name":"Home","item":"https:\/\/www.filtrox.com\/es\/"},{"@type":"ListItem","position":2,"name":"Imprenta"}]},{"@type":"WebSite","@id":"https:\/\/www.filtrox.com\/#website","url":"https:\/\/www.filtrox.com\/","name":"Filtrox","description":"DEPTH FILTRATION FOR VALUABLE LIQUIDS.","publisher":{"@id":"https:\/\/www.filtrox.com\/#organization"},"potentialAction":[{"@type":"SearchAction","target":{"@type":"EntryPoint","urlTemplate":"https:\/\/www.filtrox.com\/?s={search_term_string}"},"query-input":{"@type":"PropertyValueSpecification","valueRequired":true,"valueName":"search_term_string"}}],"inLanguage":"es"},{"@type":"Organization","@id":"https:\/\/www.filtrox.com\/#organization","name":"Filtrox","alternateName":"FX","url":"https:\/\/www.filtrox.com\/","logo":{"@type":"ImageObject","inLanguage":"es","@id":"https:\/\/www.filtrox.com\/#\/schema\/logo\/image\/","url":"https:\/\/www.filtrox.com\/wp-content\/uploads\/2015\/02\/FX-Logo_RGB_0-74-153.jpg","contentUrl":"https:\/\/www.filtrox.com\/wp-content\/uploads\/2015\/02\/FX-Logo_RGB_0-74-153.jpg","width":512,"height":512,"caption":"Filtrox"},"image":{"@id":"https:\/\/www.filtrox.com\/#\/schema\/logo\/image\/"},"sameAs":["https:\/\/www.facebook.com\/Filtrox-AG-2091458717567633","https:\/\/x.com\/FILTROX1","https:\/\/www.instagram.com\/filtroxag\/","https:\/\/www.linkedin.com\/company\/34636121\/","https:\/\/www.youtube.com\/channel\/UCi3A2_4M_c-CcEst9YJ4U9g\/featured?disable_polymer=1"]}]}},"coauthors":[],"author_meta":{"author_link":"https:\/\/www.filtrox.com\/es\/blog\/author\/fosca-roman\/","display_name":"Fosca Roman"},"relative_dates":{"created":"Publicado 7 a\u00f1os hace","modified":"Actualizado 1 a\u00f1o hace"},"absolute_dates":{"created":"Publicado el enero 23, 2019","modified":"Actualizado el enero 6, 2025"},"absolute_dates_time":{"created":"Publicado el enero 23, 2019 3:13 pm","modified":"Actualizado el enero 6, 2025 10:52 am"},"featured_img_caption":"","featured_img":false,"series_order":"","publishpress_future_action":{"enabled":false,"date":"2026-05-08 10:57:35","action":"change-status","newStatus":"draft","terms":[],"taxonomy":"translation_priority","extraData":[]},"publishpress_future_workflow_manual_trigger":{"enabledWorkflows":[]},"_links":{"self":[{"href":"https:\/\/www.filtrox.com\/es\/wp-json\/wp\/v2\/pages\/18760","targetHints":{"allow":["GET"]}}],"collection":[{"href":"https:\/\/www.filtrox.com\/es\/wp-json\/wp\/v2\/pages"}],"about":[{"href":"https:\/\/www.filtrox.com\/es\/wp-json\/wp\/v2\/types\/page"}],"author":[{"embeddable":true,"href":"https:\/\/www.filtrox.com\/es\/wp-json\/wp\/v2\/users\/8"}],"replies":[{"embeddable":true,"href":"https:\/\/www.filtrox.com\/es\/wp-json\/wp\/v2\/comments?post=18760"}],"version-history":[{"count":4,"href":"https:\/\/www.filtrox.com\/es\/wp-json\/wp\/v2\/pages\/18760\/revisions"}],"predecessor-version":[{"id":60306,"href":"https:\/\/www.filtrox.com\/es\/wp-json\/wp\/v2\/pages\/18760\/revisions\/60306"}],"wp:attachment":[{"href":"https:\/\/www.filtrox.com\/es\/wp-json\/wp\/v2\/media?parent=18760"}],"curies":[{"name":"wp","href":"https:\/\/api.w.org\/{rel}","templated":true}]}}