{"id":18762,"date":"2019-01-23T15:14:04","date_gmt":"2019-01-23T14:14:04","guid":{"rendered":"https:\/\/www.filtrox.com\/privacy\/"},"modified":"2025-01-06T10:53:13","modified_gmt":"2025-01-06T09:53:13","slug":"privacidad","status":"publish","type":"page","link":"https:\/\/www.filtrox.com\/es\/privacidad\/","title":{"rendered":"Privacidad"},"content":{"rendered":"<h4 data-tadv-p=\"keep\"><span style=\"color: revert; font-size: 24pt; font-weight: revert;\">REGULACIONES DE PRIVACIDAD<\/span><\/h4>\n<div class=\"page\" title=\"Page 1\">\n<h4>REGULACIONES GENERALES DE PROTECCI\u00d3N DE DATOS Y CONSENTIMIENTO PARA EL USO DE DATOS POR FILTROX<\/h4>\n<p>FILTROX AG (en lo sucesivo, FILTROX) es consciente de la importancia de conocer qu\u00e9 sucede con sus datos. Le agradecemos su confianza y respetamos su privacidad. Generalmente, nuestro sitio web se puede utilizar sin proporcionar informaci\u00f3n personal. Esto siempre tiene lugar de forma voluntaria. Los datos personales proporcionados (por ejemplo, nombre, direcci\u00f3n de correo electr\u00f3nico, empresa) se recopilan en nuestras p\u00e1ginas a trav\u00e9s de un formulario de contacto. La informaci\u00f3n personal solicitada en este sitio web es \u00fanicamente para su apoyo personal. Prestamos especial atenci\u00f3n a las disposiciones legales al procesar sus datos personales.<\/p>\n<h4><strong>1. CONSENTIMIENTO DEL USO DE DATOS<\/strong><\/h4>\n<p>Al aceptar las siguientes normas de protecci\u00f3n de datos, usted acepta la recopilaci\u00f3n, el procesamiento y el uso de su informaci\u00f3n personal, que facilit\u00f3 voluntariamente en uno de los formularios de registro en nuestro sitio web.<\/p>\n<p>Los datos personales deben entenderse como detalles individuales sobre circunstancias personales y f\u00e1cticas de una persona f\u00edsica espec\u00edfica o identificable. Esto incluye, por ejemplo, el apellido, nombre, direcci\u00f3n, fecha de nacimiento, direcci\u00f3n de correo electr\u00f3nico, n\u00famero de tel\u00e9fono y direcci\u00f3n IP<span style=\"font-size: revert; color: initial;\">.<\/span><\/p>\n<h4><strong>2. RECHAZO DE CONSENTIMIENTO<\/strong><\/h4>\n<p>El consentimiento para la recopilaci\u00f3n, el procesamiento, el almacenamiento y el uso de sus datos personales recopilados en el sitio web se puede revocar de acuerdo con estas normas de protecci\u00f3n de datos en cualquier momento, con efecto en el futuro, enviando un correo electr\u00f3nico a <a href=\"mailto:info@filtrox.ch\">info@filtrox.ch<\/a><\/p>\n<h4><strong>3. SUS DERECHOS<\/strong><\/h4>\n<p>3.1. En cualquier momento tiene derecho a recibir informaci\u00f3n gratuita sobre sus datos personales almacenados, su origen, los destinatarios y el prop\u00f3sito del procesamiento de datos. Tambi\u00e9n tiene derecho a corregir, bloquear o eliminar estos datos. Puede comunicarse con nosotros en cualquier momento en la direcci\u00f3n que figura en la p\u00e1gina web o enviando un correo electr\u00f3nico a <a href=\"mailto:info@filtrox.ch\">info@filtrox.ch<\/a>.<\/p>\n<p>3.2. Tiene derecho a rechazar el uso de ciertas cookies (ver 5.3.) o el rastreo web (ver 5.2.).<\/p>\n<h4><strong>4. ALCANCE DEL REGLAMENTO DE PROTECCI\u00d3N DE DATOS \/ ORGANISMO RESPONSABLE DE PRIVACIDAD<\/strong><\/h4>\n<p>4.1. El operador de este sitio web es FILTROX AG. FILTROX se refiere tanto a la compa\u00f1\u00eda con sede en Suiza, como a las sucursales de FILTROX, por ejemplo, en Francia, Espa\u00f1a, Gran Breta\u00f1a, etc.<\/p>\n<p>4.2. Este sitio web puede contener enlaces hacia o desde otros sitios web. Tenga en cuenta que estos sitios web tienen sus propias normas de protecci\u00f3n de datos y no podemos hacernos responsables de su contenido y pol\u00edticas.<\/p>\n<h4><strong>5. RECOGIDA DE DATOS<\/strong><\/h4>\n<p>Es posible que recopilemos y procesemos en el sitio web los siguientes datos personales:<\/p>\n<p>5.1. Formularios: Informaci\u00f3nes que usted proporciona voluntariamente al cumplimentar formularios. Esto incluye la informaci\u00f3n que usted proporcione en el momento de inscribirse en consultas o soporte de aplicaciones (Tratamiento, nombre, apellidos, cargo, empresa, direcci\u00f3n, e-mail, n\u00famero de tel\u00e9fono, industria).<\/p>\n<p>5.2.\u00a0Rastreo web: detalles de sus visitas a este sitio utilizando Google Analytics que no permiten que usted sea identificado personalmente. El proveedor es Google Inc., CA 94043, EE.UU. Los datos estad\u00edsticos son evaluados por Google Analytics de forma an\u00f3nima. Estos datos est\u00e1n sujetos a las regulaciones de protecci\u00f3n de datos de Google, se env\u00edan a Google y se almacenan en sus servidores en los Estados Unidos. Posteriormente, Google procesar\u00e1 los datos en representaci\u00f3n nuestra para evaluar su uso del sitio web, proporcionar informes sobre la actividad del sitio web y proporcionar otros servicios relacionados con el uso de Internet. Google no vincular\u00e1 su direcci\u00f3n IP con otros datos almacenados por Google.<\/p>\n<p>Dicha informaci\u00f3n generalmente se recopila como datos de &#8220;tr\u00e1fico&#8221; y se puede recopilar y almacenar autom\u00e1ticamente cuando se interact\u00faa con este sitio web. Estas son, por ejemplo, la direcci\u00f3n IP y el nombre de <em>host<\/em> de su computadora, la informaci\u00f3n del navegador y el nombre de dominio del sitio de referencia cada vez que visita el sitio. Adem\u00e1s, se puede obtener informaci\u00f3n sobre la presencia y el comportamiento del visitante en el sitio web, as\u00ed como algunas caracter\u00edsticas demogr\u00e1ficas (edad, g\u00e9nero, intereses) de los visitantes del sitio. Estos datos provienen de publicidad basada en intereses de Google y datos de visitantes de terceros. Sin embargo, ninguno de estos datos contiene informaci\u00f3n que pueda identificarlo personalmente. Sirven para analizar y mejorar este sitio web para que su uso sea lo m\u00e1s f\u00e1cil posible para nuestros clientes.<\/p>\n<h3>Desactivaci\u00f3n de Google Analytics<\/h3>\n<p>Puede evitar que Google Analytics recopile sus datos haciendo clic en el siguiente enlace. Se establecer\u00e1 una cookie de desactivaci\u00f3n que evitar\u00e1 la recopilaci\u00f3n de sus datos en futuras visitas a este sitio web: Desactivaci\u00f3n de Google Analytics: <a title=\"deactivate Google\" href=\"https:\/\/tools.google.com\/dlpage\/gaoptout?hl=en\" target=\"_blank\" rel=\"noopener\">Deactivating Google Analytics<\/a><\/p>\n<p>5.3. Cookies:\u00a0Cookies: FILTROX utiliza cookies solo para compilar estad\u00edsticas relacionadas con el sitio web y para optimizarlo. Una cookie es un peque\u00f1o archivo de texto que se env\u00eda desde un servidor web a su ordenador. Las cookies no da\u00f1an su ordenador y no contienen virus. Se utilizan para almacenar el comportamiento del usuario y otra informaci\u00f3n (direcci\u00f3n IP, navegador, idioma del navegador, etc.) que, sin embargo, no identifican personalmente al usuario del sitio web. Utilizamos cookies solo para compilar estad\u00edsticas relacionadas con el sitio web y para optimizarlo. Los datos estad\u00edsticos son evaluados por Google Analytics de forma an\u00f3nima. Si no desea utilizar cookies, esta funci\u00f3n se puede desactivar en su navegador. Deshabilitar las cookies puede limitar la funcionalidad de este sitio web.<\/p>\n<h4><strong>Nota:<\/strong><\/h4>\n<p>Puede evitar que Google recopile su informaci\u00f3n generada por cookies y relacionada con la web (incluida su direcci\u00f3n IP) y que procese los datos de Google descargando e instalando el complemento del navegador disponible en el siguiente enlace: <span style=\"font-size: revert; color: initial;\">\u00a0<\/span><a style=\"font-size: revert;\" title=\"deactivate Google\" href=\"https:\/\/tools.google.com\/dlpage\/gaoptout?hl=en\" target=\"_blank\" rel=\"noopener\">https:\/\/tools.google.com\/dlpage\/gaoptout?hl=en<\/a><\/p>\n<p>5.4. Archivos de registro del servidor: el proveedor de las p\u00e1ginas recopila y almacena autom\u00e1ticamente la informaci\u00f3n en los llamados archivos de registro del servidor, que su navegador nos transmite autom\u00e1ticamente. Estos son el tipo de navegador y versi\u00f3n, sistema operativo utilizado, la URL de referencia, nombre de host del ordenador que accede y hora de la solicitud del servidor.<\/p>\n<p>Los datos no pueden ser asignados a personas espec\u00edficas. Estos datos no se fusionar\u00e1n con otras fuentes de datos. Nos reservamos el derecho de verificar estos datos de forma retrospectiva, si tenemos conocimiento de indicaciones espec\u00edficas para uso ilegal.<\/p>\n<h4><strong>6. TRATAMIENTO DE DATOS<\/strong><\/h4>\n<p>Procesamos o usamos datos personales con el \u00fanico fin de brindar atenci\u00f3n al usuario y al cliente, en los t\u00e9rminos descritos a continuaci\u00f3n.<\/p>\n<p>6.1. Para inscribirse en el soporte de aplicaciones o para consultas se requiere la siguiente informaci\u00f3n obligatoria:<\/p>\n<ul style=\"list-style-type: square;\">\n<li>Tratamiento<\/li>\n<li>Nombre y apellido<\/li>\n<li>Empresa<\/li>\n<li>E-Mail<\/li>\n<li>Industria<\/li>\n<\/ul>\n<h4><strong>7. USO DE LOS DATOS<\/strong><\/h4>\n<p>Usamos la informaci\u00f3n almacenada sobre usted de las siguientes maneras:<\/p>\n<p>7.1. Para proporcionar informaci\u00f3n, productos o servicios que nos solicite o para los que creemos que pueda estar interesado.<\/p>\n<p>7.2. Para garantizar que el contenido de este sitio web se muestre de la manera m\u00e1s efectiva para usted y su ordenador.<\/p>\n<p>7.3. Para cumplir con nuestras obligaciones en virtud de los contratos existentes entre usted y nosotros.<\/p>\n<p>7.4. Para habilitar el uso de servicios interactivos, si as\u00ed lo desea.<\/p>\n<p>7.5. Para notificarle sobre cambios en nuestros servicios.<\/p>\n<p>7.6. Para pruebas y mejoras en los sistemas a trav\u00e9s de los cuales se prestan nuestros servicios.<\/p>\n<p>7.7. Para evitar el mal uso o el uso no conforme de nuestros servicios.<\/p>\n<p>7.8. Si ya es cliente, nos pondremos en contacto con usted por medios electr\u00f3nicos (como el correo electr\u00f3nico) solo con informaci\u00f3n sobre bienes y servicios similares a los que ya compr\u00f3.<\/p>\n<p>7.9. Los nuevos clientes ser\u00e1n contactados por medios electr\u00f3nicos solo despu\u00e9s de su consentimiento previo.<\/p>\n<h4><strong>8. UBICACI\u00d3N DEL ALMACENAMIENTO DE SUS DATOS<\/strong><\/h4>\n<p>8.1. Los datos que introduzca se almacenar\u00e1n en nuestra sede central o en nuestro proveedor en Suiza, y se pueden transferir a sucursales de Filtrox dentro o fuera de la UE y ser almacenados all\u00ed.<\/p>\n<p><span style=\"font-size: revert; color: initial;\">8.2. Todos los datos que nos proporcione se almacenar\u00e1n en nuestros servidores seguros.<\/span><\/p>\n<p>8.3. Contamos con procedimientos de seguridad t\u00e9cnicos y organizativos para salvaguardar la seguridad de su informaci\u00f3n personal. Los datos de su sesi\u00f3n y sus datos personales est\u00e1n protegidos contra el procesamiento no autorizado o ilegal y\/o la p\u00e9rdida, alteraci\u00f3n, divulgaci\u00f3n o acceso accidentales. Sin embargo, siempre debe tener en cuenta que la transmisi\u00f3n de informaci\u00f3n a trav\u00e9s de Internet y otros medios electr\u00f3nicos conlleva ciertos riesgos de seguridad y que no podemos garantizar la seguridad de la informaci\u00f3n transmitida de esta manera.<\/p>\n<p>8.4. Si no hay obligaciones legales de almacenamiento, la eliminaci\u00f3n de los datos personales se produce si se ha presentado una reclamaci\u00f3n de eliminaci\u00f3n, si ya no se requieren los datos para cumplir con el prop\u00f3sito perseguido o si el almacenamiento es inadmisible por otras razones legales..<\/p>\n<h4><strong>9. DISTRIBUCI\u00d3N DE DATOS A TERCEROS<\/strong><\/h4>\n<p>9.1. No habr\u00e1 transferencia de datos a terceros, a menos que exista una obligaci\u00f3n legal (por ejemplo, medidas de cumplimiento de la ley).<\/p>\n<p>9.2. Podemos compartir su informaci\u00f3n personal con nuestros afiliados dentro y fuera de la UE y Suiza. Adem\u00e1s, podemos revelar su informaci\u00f3n personal a terceros en los siguientes casos:<\/p>\n<p>9.3. A los proveedores de servicios que administran nuestro sitio web (por ejemplo, nuestro proveedor de servicios de Internet). Dichos terceros deben garantizar el mismo nivel de seguridad en todo momento para proteger su informaci\u00f3n personal. Seleccionamos con cuidado estos proveedores de servicios, \u00e9stos est\u00e1n sujetos a las instrucciones de Filtrox y son inspeccionados regularmente. Los proveedores de servicios no transmiten estos datos a terceros. El procesamiento de datos por parte de los proveedores de servicios se realiza exclusivamente en la UE y en Suiza.<\/p>\n<h4><strong>10. SEGURIDAD DE DATOS<\/strong><\/h4>\n<p>Mantenemos las medidas t\u00e9cnicas actuales para garantizar la seguridad de los datos, en particular para proteger los datos personales contra los peligros en la transmisi\u00f3n de datos y el conocimiento por parte de terceros. Con el fin de evitar el acceso no autorizado por parte de terceros a los datos personales, la conexi\u00f3n se cifra usando la tecnolog\u00eda SSL. Nuestras medidas de seguridad est\u00e1n adaptadas al estado actual de la t\u00e9cnica.<\/p>\n<p>\u00a0<\/p>\n<p>Administrador de protecci\u00f3n de datos:<\/p>\n<p>FILTROX AG,\u00a0Moosm\u00fchlestrasse 6,\u00a09001 St.Gallen,\u00a0info@filtrox.ch<\/p>\n<hr \/>\n<p>Mayo 2018<\/p>\n<\/div>\n\n\n<figure class=\"wp-block-image size-large is-style-default\"><a href=\"https:\/\/www.filtrox.com\/wp-content\/uploads\/2015\/02\/Filtrox-ABOUT-US-title_PR.jpg\"><img decoding=\"async\" width=\"1024\" height=\"275\" data-src=\"https:\/\/www.filtrox.com\/wp-content\/uploads\/2015\/02\/Filtrox-ABOUT-US-title_PR-1024x275.jpg\" alt=\"Sede en St.Gallen, Suiza\" class=\"wp-image-11546 lazyload\" data-srcset=\"https:\/\/www.filtrox.com\/wp-content\/uploads\/2015\/02\/Filtrox-ABOUT-US-title_PR-1024x275.jpg 1024w, https:\/\/www.filtrox.com\/wp-content\/uploads\/2015\/02\/Filtrox-ABOUT-US-title_PR-300x81.jpg 300w, https:\/\/www.filtrox.com\/wp-content\/uploads\/2015\/02\/Filtrox-ABOUT-US-title_PR-24x6.jpg 24w, https:\/\/www.filtrox.com\/wp-content\/uploads\/2015\/02\/Filtrox-ABOUT-US-title_PR-36x10.jpg 36w, https:\/\/www.filtrox.com\/wp-content\/uploads\/2015\/02\/Filtrox-ABOUT-US-title_PR-48x13.jpg 48w, https:\/\/www.filtrox.com\/wp-content\/uploads\/2015\/02\/Filtrox-ABOUT-US-title_PR.jpg 1200w\" data-sizes=\"(max-width: 1024px) 100vw, 1024px\" src=\"data:image\/svg+xml;base64,PHN2ZyB3aWR0aD0iMSIgaGVpZ2h0PSIxIiB4bWxucz0iaHR0cDovL3d3dy53My5vcmcvMjAwMC9zdmciPjwvc3ZnPg==\" style=\"--smush-placeholder-width: 1024px; --smush-placeholder-aspect-ratio: 1024\/275;\" \/><\/a><figcaption class=\"wp-element-caption\">Sede en St.Gallen, Suiza<\/figcaption><\/figure>\n","protected":false},"excerpt":{"rendered":"<p>REGULACIONES DE PRIVACIDAD REGULACIONES GENERALES DE PROTECCI\u00d3N DE DATOS Y CONSENTIMIENTO PARA EL USO DE DATOS POR FILTROX FILTROX AG (en lo sucesivo, FILTROX) es consciente de la importancia de conocer qu\u00e9 sucede con sus datos. Le agradecemos su confianza y respetamos su privacidad. Generalmente, nuestro sitio web se puede utilizar sin proporcionar informaci\u00f3n personal. &hellip; <a href=\"https:\/\/www.filtrox.com\/es\/privacidad\/\" class=\"more-link\">Continue reading <span class=\"screen-reader-text\">Privacidad<\/span> <span class=\"meta-nav\">&rarr;<\/span><\/a><\/p>\n","protected":false},"author":8,"featured_media":0,"parent":0,"menu_order":88,"comment_status":"closed","ping_status":"closed","template":"","meta":{"_acf_changed":false,"advgb_blocks_editor_width":"","advgb_blocks_columns_visual_guide":"","footnotes":""},"class_list":["post-18762","page","type-page","status-publish","hentry"],"acf":[],"yoast_head":"<!-- This site is optimized with the Yoast SEO plugin v26.3 - https:\/\/yoast.com\/wordpress\/plugins\/seo\/ -->\n<title>Privacidad Regulaciones de FILTROX - Filtrox Privacidad<\/title>\n<meta name=\"description\" content=\"FILTROX es consciente de que es importante que usted sepa qu\u00e9 sucede con sus datos. Le agradecemos su confianza y respetamos su privacidad.\" \/>\n<meta name=\"robots\" content=\"index, follow, max-snippet:-1, max-image-preview:large, max-video-preview:-1\" \/>\n<link rel=\"canonical\" href=\"https:\/\/www.filtrox.com\/es\/privacidad\/\" \/>\n<meta property=\"og:locale\" content=\"es_ES\" \/>\n<meta property=\"og:type\" content=\"article\" \/>\n<meta property=\"og:title\" content=\"Privacidad Regulaciones de FILTROX - Filtrox Privacidad\" \/>\n<meta property=\"og:description\" content=\"FILTROX es consciente de que es importante que usted sepa qu\u00e9 sucede con sus datos. Le agradecemos su confianza y respetamos su privacidad.\" \/>\n<meta property=\"og:url\" content=\"https:\/\/www.filtrox.com\/es\/privacidad\/\" \/>\n<meta property=\"og:site_name\" content=\"Filtrox\" \/>\n<meta property=\"article:publisher\" content=\"https:\/\/www.facebook.com\/Filtrox-AG-2091458717567633\" \/>\n<meta property=\"article:modified_time\" content=\"2025-01-06T09:53:13+00:00\" \/>\n<meta property=\"og:image\" content=\"https:\/\/www.filtrox.com\/wp-content\/uploads\/2015\/02\/Filtrox-ABOUT-US-title_PR.jpg\" \/>\n\t<meta property=\"og:image:width\" content=\"1200\" \/>\n\t<meta property=\"og:image:height\" content=\"322\" \/>\n\t<meta property=\"og:image:type\" content=\"image\/jpeg\" \/>\n<meta name=\"twitter:card\" content=\"summary_large_image\" \/>\n<meta name=\"twitter:site\" content=\"@FILTROX1\" \/>\n<meta name=\"twitter:label1\" content=\"Tiempo de lectura\" \/>\n\t<meta name=\"twitter:data1\" content=\"8 minutos\" \/>\n<script type=\"application\/ld+json\" class=\"yoast-schema-graph\">{\"@context\":\"https:\/\/schema.org\",\"@graph\":[{\"@type\":\"WebPage\",\"@id\":\"https:\/\/www.filtrox.com\/es\/privacidad\/\",\"url\":\"https:\/\/www.filtrox.com\/es\/privacidad\/\",\"name\":\"Privacidad Regulaciones de FILTROX - Filtrox Privacidad\",\"isPartOf\":{\"@id\":\"https:\/\/www.filtrox.com\/#website\"},\"primaryImageOfPage\":{\"@id\":\"https:\/\/www.filtrox.com\/es\/privacidad\/#primaryimage\"},\"image\":{\"@id\":\"https:\/\/www.filtrox.com\/es\/privacidad\/#primaryimage\"},\"thumbnailUrl\":\"https:\/\/www.filtrox.com\/wp-content\/uploads\/2015\/02\/Filtrox-ABOUT-US-title_PR-1024x275.jpg\",\"datePublished\":\"2019-01-23T14:14:04+00:00\",\"dateModified\":\"2025-01-06T09:53:13+00:00\",\"description\":\"FILTROX es consciente de que es importante que usted sepa qu\u00e9 sucede con sus datos. Le agradecemos su confianza y respetamos su privacidad.\",\"breadcrumb\":{\"@id\":\"https:\/\/www.filtrox.com\/es\/privacidad\/#breadcrumb\"},\"inLanguage\":\"es\",\"potentialAction\":[{\"@type\":\"ReadAction\",\"target\":[\"https:\/\/www.filtrox.com\/es\/privacidad\/\"]}]},{\"@type\":\"ImageObject\",\"inLanguage\":\"es\",\"@id\":\"https:\/\/www.filtrox.com\/es\/privacidad\/#primaryimage\",\"url\":\"https:\/\/www.filtrox.com\/wp-content\/uploads\/2015\/02\/Filtrox-ABOUT-US-title_PR-1024x275.jpg\",\"contentUrl\":\"https:\/\/www.filtrox.com\/wp-content\/uploads\/2015\/02\/Filtrox-ABOUT-US-title_PR-1024x275.jpg\"},{\"@type\":\"BreadcrumbList\",\"@id\":\"https:\/\/www.filtrox.com\/es\/privacidad\/#breadcrumb\",\"itemListElement\":[{\"@type\":\"ListItem\",\"position\":1,\"name\":\"Home\",\"item\":\"https:\/\/www.filtrox.com\/es\/\"},{\"@type\":\"ListItem\",\"position\":2,\"name\":\"Privacidad\"}]},{\"@type\":\"WebSite\",\"@id\":\"https:\/\/www.filtrox.com\/#website\",\"url\":\"https:\/\/www.filtrox.com\/\",\"name\":\"Filtrox\",\"description\":\"DEPTH FILTRATION FOR VALUABLE LIQUIDS.\",\"publisher\":{\"@id\":\"https:\/\/www.filtrox.com\/#organization\"},\"potentialAction\":[{\"@type\":\"SearchAction\",\"target\":{\"@type\":\"EntryPoint\",\"urlTemplate\":\"https:\/\/www.filtrox.com\/?s={search_term_string}\"},\"query-input\":{\"@type\":\"PropertyValueSpecification\",\"valueRequired\":true,\"valueName\":\"search_term_string\"}}],\"inLanguage\":\"es\"},{\"@type\":\"Organization\",\"@id\":\"https:\/\/www.filtrox.com\/#organization\",\"name\":\"Filtrox\",\"alternateName\":\"FX\",\"url\":\"https:\/\/www.filtrox.com\/\",\"logo\":{\"@type\":\"ImageObject\",\"inLanguage\":\"es\",\"@id\":\"https:\/\/www.filtrox.com\/#\/schema\/logo\/image\/\",\"url\":\"https:\/\/www.filtrox.com\/wp-content\/uploads\/2015\/02\/FX-Logo_RGB_0-74-153.jpg\",\"contentUrl\":\"https:\/\/www.filtrox.com\/wp-content\/uploads\/2015\/02\/FX-Logo_RGB_0-74-153.jpg\",\"width\":512,\"height\":512,\"caption\":\"Filtrox\"},\"image\":{\"@id\":\"https:\/\/www.filtrox.com\/#\/schema\/logo\/image\/\"},\"sameAs\":[\"https:\/\/www.facebook.com\/Filtrox-AG-2091458717567633\",\"https:\/\/x.com\/FILTROX1\",\"https:\/\/www.instagram.com\/filtroxag\/\",\"https:\/\/www.linkedin.com\/company\/34636121\/\",\"https:\/\/www.youtube.com\/channel\/UCi3A2_4M_c-CcEst9YJ4U9g\/featured?disable_polymer=1\"]}]}<\/script>\n<!-- \/ Yoast SEO plugin. -->","yoast_head_json":{"title":"Privacidad Regulaciones de FILTROX - Filtrox Privacidad","description":"FILTROX es consciente de que es importante que usted sepa qu\u00e9 sucede con sus datos. Le agradecemos su confianza y respetamos su privacidad.","robots":{"index":"index","follow":"follow","max-snippet":"max-snippet:-1","max-image-preview":"max-image-preview:large","max-video-preview":"max-video-preview:-1"},"canonical":"https:\/\/www.filtrox.com\/es\/privacidad\/","og_locale":"es_ES","og_type":"article","og_title":"Privacidad Regulaciones de FILTROX - Filtrox Privacidad","og_description":"FILTROX es consciente de que es importante que usted sepa qu\u00e9 sucede con sus datos. Le agradecemos su confianza y respetamos su privacidad.","og_url":"https:\/\/www.filtrox.com\/es\/privacidad\/","og_site_name":"Filtrox","article_publisher":"https:\/\/www.facebook.com\/Filtrox-AG-2091458717567633","article_modified_time":"2025-01-06T09:53:13+00:00","og_image":[{"width":1200,"height":322,"url":"https:\/\/www.filtrox.com\/wp-content\/uploads\/2015\/02\/Filtrox-ABOUT-US-title_PR.jpg","type":"image\/jpeg"}],"twitter_card":"summary_large_image","twitter_site":"@FILTROX1","twitter_misc":{"Tiempo de lectura":"8 minutos"},"schema":{"@context":"https:\/\/schema.org","@graph":[{"@type":"WebPage","@id":"https:\/\/www.filtrox.com\/es\/privacidad\/","url":"https:\/\/www.filtrox.com\/es\/privacidad\/","name":"Privacidad Regulaciones de FILTROX - Filtrox Privacidad","isPartOf":{"@id":"https:\/\/www.filtrox.com\/#website"},"primaryImageOfPage":{"@id":"https:\/\/www.filtrox.com\/es\/privacidad\/#primaryimage"},"image":{"@id":"https:\/\/www.filtrox.com\/es\/privacidad\/#primaryimage"},"thumbnailUrl":"https:\/\/www.filtrox.com\/wp-content\/uploads\/2015\/02\/Filtrox-ABOUT-US-title_PR-1024x275.jpg","datePublished":"2019-01-23T14:14:04+00:00","dateModified":"2025-01-06T09:53:13+00:00","description":"FILTROX es consciente de que es importante que usted sepa qu\u00e9 sucede con sus datos. Le agradecemos su confianza y respetamos su privacidad.","breadcrumb":{"@id":"https:\/\/www.filtrox.com\/es\/privacidad\/#breadcrumb"},"inLanguage":"es","potentialAction":[{"@type":"ReadAction","target":["https:\/\/www.filtrox.com\/es\/privacidad\/"]}]},{"@type":"ImageObject","inLanguage":"es","@id":"https:\/\/www.filtrox.com\/es\/privacidad\/#primaryimage","url":"https:\/\/www.filtrox.com\/wp-content\/uploads\/2015\/02\/Filtrox-ABOUT-US-title_PR-1024x275.jpg","contentUrl":"https:\/\/www.filtrox.com\/wp-content\/uploads\/2015\/02\/Filtrox-ABOUT-US-title_PR-1024x275.jpg"},{"@type":"BreadcrumbList","@id":"https:\/\/www.filtrox.com\/es\/privacidad\/#breadcrumb","itemListElement":[{"@type":"ListItem","position":1,"name":"Home","item":"https:\/\/www.filtrox.com\/es\/"},{"@type":"ListItem","position":2,"name":"Privacidad"}]},{"@type":"WebSite","@id":"https:\/\/www.filtrox.com\/#website","url":"https:\/\/www.filtrox.com\/","name":"Filtrox","description":"DEPTH FILTRATION FOR VALUABLE LIQUIDS.","publisher":{"@id":"https:\/\/www.filtrox.com\/#organization"},"potentialAction":[{"@type":"SearchAction","target":{"@type":"EntryPoint","urlTemplate":"https:\/\/www.filtrox.com\/?s={search_term_string}"},"query-input":{"@type":"PropertyValueSpecification","valueRequired":true,"valueName":"search_term_string"}}],"inLanguage":"es"},{"@type":"Organization","@id":"https:\/\/www.filtrox.com\/#organization","name":"Filtrox","alternateName":"FX","url":"https:\/\/www.filtrox.com\/","logo":{"@type":"ImageObject","inLanguage":"es","@id":"https:\/\/www.filtrox.com\/#\/schema\/logo\/image\/","url":"https:\/\/www.filtrox.com\/wp-content\/uploads\/2015\/02\/FX-Logo_RGB_0-74-153.jpg","contentUrl":"https:\/\/www.filtrox.com\/wp-content\/uploads\/2015\/02\/FX-Logo_RGB_0-74-153.jpg","width":512,"height":512,"caption":"Filtrox"},"image":{"@id":"https:\/\/www.filtrox.com\/#\/schema\/logo\/image\/"},"sameAs":["https:\/\/www.facebook.com\/Filtrox-AG-2091458717567633","https:\/\/x.com\/FILTROX1","https:\/\/www.instagram.com\/filtroxag\/","https:\/\/www.linkedin.com\/company\/34636121\/","https:\/\/www.youtube.com\/channel\/UCi3A2_4M_c-CcEst9YJ4U9g\/featured?disable_polymer=1"]}]}},"coauthors":[],"author_meta":{"author_link":"https:\/\/www.filtrox.com\/es\/blog\/author\/fosca-roman\/","display_name":"Fosca Roman"},"relative_dates":{"created":"Publicado 7 a\u00f1os hace","modified":"Actualizado 1 a\u00f1o hace"},"absolute_dates":{"created":"Publicado el enero 23, 2019","modified":"Actualizado el enero 6, 2025"},"absolute_dates_time":{"created":"Publicado el enero 23, 2019 3:14 pm","modified":"Actualizado el enero 6, 2025 10:53 am"},"featured_img_caption":"","featured_img":false,"series_order":"","publishpress_future_action":{"enabled":false,"date":"2026-05-07 18:14:10","action":"change-status","newStatus":"draft","terms":[],"taxonomy":"translation_priority","extraData":[]},"publishpress_future_workflow_manual_trigger":{"enabledWorkflows":[]},"_links":{"self":[{"href":"https:\/\/www.filtrox.com\/es\/wp-json\/wp\/v2\/pages\/18762","targetHints":{"allow":["GET"]}}],"collection":[{"href":"https:\/\/www.filtrox.com\/es\/wp-json\/wp\/v2\/pages"}],"about":[{"href":"https:\/\/www.filtrox.com\/es\/wp-json\/wp\/v2\/types\/page"}],"author":[{"embeddable":true,"href":"https:\/\/www.filtrox.com\/es\/wp-json\/wp\/v2\/users\/8"}],"replies":[{"embeddable":true,"href":"https:\/\/www.filtrox.com\/es\/wp-json\/wp\/v2\/comments?post=18762"}],"version-history":[{"count":32,"href":"https:\/\/www.filtrox.com\/es\/wp-json\/wp\/v2\/pages\/18762\/revisions"}],"predecessor-version":[{"id":60308,"href":"https:\/\/www.filtrox.com\/es\/wp-json\/wp\/v2\/pages\/18762\/revisions\/60308"}],"wp:attachment":[{"href":"https:\/\/www.filtrox.com\/es\/wp-json\/wp\/v2\/media?parent=18762"}],"curies":[{"name":"wp","href":"https:\/\/api.w.org\/{rel}","templated":true}]}}