{"id":19975,"date":"2019-02-18T12:12:21","date_gmt":"2019-02-18T11:12:21","guid":{"rendered":"https:\/\/www.filtrox.com\/?page_id=19975"},"modified":"2025-01-06T10:57:18","modified_gmt":"2025-01-06T09:57:18","slug":"mapa-del-sito","status":"publish","type":"page","link":"https:\/\/www.filtrox.com\/es\/mapa-del-sito\/","title":{"rendered":"Mapa del sitio"},"content":{"rendered":"<h1>Mapa del sitio<\/h1>\n<p>Bienvenido al mapa del sitio de filtrox.com, su punto de partida central para toda la informaci\u00f3n relacionada con nuestros productos, servicios y soluciones en el \u00e1mbito de la filtraci\u00f3n profunda. Esta p\u00e1gina le ofrece una visi\u00f3n clara de la estructura de nuestro sitio web, para que pueda encontrar r\u00e1pida y f\u00e1cilmente el contenido que busca.<\/p>\n<p><strong>\u00c1reas clave:<\/strong><\/p>\n<p><strong>Productos:<\/strong> Descubra nuestra amplia gama de capas filtrantes, m\u00f3dulos de filtros y velas filtrantes. Ofrecemos soluciones de alta calidad para procesos de filtraci\u00f3n exigentes en diversas industrias, como la alimentaria, la de bebidas, la farmac\u00e9utica, la biotecnol\u00f3gica y la qu\u00edmica.<br \/><strong>Soluciones:<\/strong> Conozca nuestras soluciones de filtraci\u00f3n personalizadas y c\u00f3mo podemos ayudarle a optimizar sus procesos.<br \/><strong>Servicio y soporte:<\/strong> Nuestro equipo de expertos le ofrece asesor\u00eda, formaci\u00f3n y servicios t\u00e9cnicos para hacer que su proceso de filtraci\u00f3n sea eficiente y sostenible.<br \/><strong>Empresa:<\/strong> Conozca FILTROX AG, incluyendo nuestra historia, valores y nuestra red global.<\/p>\n<p><strong>Contenido adicional:<\/strong><\/p>\n<p><strong>Blog y noticias:<\/strong> Art\u00edculos actuales sobre innovaciones, casos de uso y tendencias en la industria de la filtraci\u00f3n.<br \/><strong>Carreras:<\/strong> \u00danase a nuestro equipo y ay\u00fadenos a dar forma al futuro de la filtraci\u00f3n.<br \/><strong>Contacto:<\/strong> Toda la informaci\u00f3n necesaria para ponerse en contacto con nosotros, incluidos los responsables y las ubicaciones.<br \/><strong>Aviso legal y protecci\u00f3n de datos:<\/strong> Informaci\u00f3n legal y sobre la protecci\u00f3n de sus datos.<\/p>\n<p>Utilice este mapa del sitio para optimizar su navegaci\u00f3n en filtrox.com. \u00a1Esperamos poder ofrecerle las mejores soluciones de filtraci\u00f3n y superar sus expectativas!<\/p>\n<div id=\"simple-sitemap-container-69f37b59289e2\" class=\"simple-sitemap-container simple-sitemap-container-69f37b59289e2 tab-disabled\"><div class=\"simple-sitemap-wrap\"><h3 class=\"post-type\">P\u00e1ginas<\/h3><ul class=\"simple-sitemap-page main\"><li class=\"sitemap-item page_item page-item-47898\"><a href=\"https:\/\/www.filtrox.com\/es\/portal-de-instrucciones-2\/\">Portal de instrucciones<\/a><\/li>\n<li class=\"sitemap-item page_item page-item-41010 page_item_has_children\"><a href=\"https:\/\/www.filtrox.com\/es\/contacto\/\">Contacto<\/a>\n<ul class='children'>\n\t<li class=\"sitemap-item page_item page-item-38941\"><a href=\"https:\/\/www.filtrox.com\/es\/contacto\/empleos\/\">Empleos<\/a><\/li>\n\t<li class=\"sitemap-item page_item page-item-18583\"><a href=\"https:\/\/www.filtrox.com\/es\/contacto\/pregunte-experto-filtrox\/\">Pregunte a un experto Filtrox<\/a><\/li>\n\t<li class=\"sitemap-item page_item page-item-18586\"><a href=\"https:\/\/www.filtrox.com\/es\/contacto\/solicitud\/\">Solicitud<\/a><\/li>\n\t<li class=\"sitemap-item page_item page-item-11625\"><a href=\"https:\/\/www.filtrox.com\/es\/contacto\/sucursales\/\">Sucursales<\/a><\/li>\n<\/ul>\n<\/li>\n<li class=\"sitemap-item page_item page-item-19975\"><a href=\"https:\/\/www.filtrox.com\/es\/mapa-del-sito\/\">Mapa del sitio<\/a><\/li>\n<li class=\"sitemap-item page_item page-item-18762\"><a href=\"https:\/\/www.filtrox.com\/es\/privacidad\/\">Privacidad<\/a><\/li>\n<li class=\"sitemap-item page_item page-item-18760\"><a href=\"https:\/\/www.filtrox.com\/es\/imprenta\/\">Imprenta<\/a><\/li>\n<li class=\"sitemap-item page_item page-item-18758\"><a href=\"https:\/\/www.filtrox.com\/es\/aviso-legal\/\">Aviso legal<\/a><\/li>\n<li class=\"sitemap-item page_item page-item-11580\"><a href=\"https:\/\/www.filtrox.com\/es\/\">Home Page<\/a><\/li>\n<li class=\"sitemap-item page_item page-item-11593 page_item_has_children\"><a href=\"https:\/\/www.filtrox.com\/es\/servicios-filtracion\/\">Servicios filtraci\u00f3n<\/a>\n<ul class='children'>\n\t<li class=\"sitemap-item page_item page-item-21446\"><a href=\"https:\/\/www.filtrox.com\/es\/servicios-filtracion\/filtracion-en-profundidad-2\/\">Filtraci\u00f3n en profundidad<\/a><\/li>\n\t<li class=\"sitemap-item page_item page-item-18571\"><a href=\"https:\/\/www.filtrox.com\/es\/servicios-filtracion\/soporte-de-validacion\/\">Soporte de validaci\u00f3n<\/a><\/li>\n\t<li class=\"sitemap-item page_item page-item-18570\"><a href=\"https:\/\/www.filtrox.com\/es\/servicios-filtracion\/piezas-de-recambio\/\">Piezas de recambio<\/a><\/li>\n\t<li class=\"sitemap-item page_item page-item-18566 page_item_has_children\"><a href=\"https:\/\/www.filtrox.com\/es\/servicios-filtracion\/conocimiento-filtracion\/\">Conocimiento de filtraci\u00f3n<\/a>\n\t<ul class='children'>\n\t\t<li class=\"sitemap-item page_item page-item-21434\"><a href=\"https:\/\/www.filtrox.com\/es\/servicios-filtracion\/conocimiento-filtracion\/microfiltracion\/\">Microfiltraci\u00f3n<\/a><\/li>\n\t\t<li class=\"sitemap-item page_item page-item-21471\"><a href=\"https:\/\/www.filtrox.com\/es\/servicios-filtracion\/conocimiento-filtracion\/filtracion-con-carbon-activo\/\">Filtraci\u00f3n en profundidad con carb\u00f3n activo<\/a><\/li>\n\t<\/ul>\n<\/li>\n\t<li class=\"sitemap-item page_item page-item-11621\"><a href=\"https:\/\/www.filtrox.com\/es\/servicios-filtracion\/asesoramiento-de-aplicacion\/\">Asesoramiento de aplicaci\u00f3n<\/a><\/li>\n<\/ul>\n<\/li>\n<li class=\"sitemap-item page_item page-item-11576 page_item_has_children\"><a href=\"https:\/\/www.filtrox.com\/es\/aplicaciones\/\">Aplicaciones<\/a>\n<ul class='children'>\n\t<li class=\"sitemap-item page_item page-item-41542\"><a href=\"https:\/\/www.filtrox.com\/es\/aplicaciones\/aceite-de-freir-2\/\">Aceite de fre\u00edr<\/a><\/li>\n\t<li class=\"sitemap-item page_item page-item-18554 page_item_has_children\"><a href=\"https:\/\/www.filtrox.com\/es\/aplicaciones\/filtracion-alimentos-y-bebidas\/\">Alimentos &amp; Bebidas<\/a>\n\t<ul class='children'>\n\t\t<li class=\"sitemap-item page_item page-item-31332\"><a href=\"https:\/\/www.filtrox.com\/es\/aplicaciones\/filtracion-alimentos-y-bebidas\/hard-seltzer\/\">Hard seltzer<\/a><\/li>\n\t\t<li class=\"sitemap-item page_item page-item-61320\"><a href=\"https:\/\/www.filtrox.com\/es\/aplicaciones\/filtracion-alimentos-y-bebidas\/bebidas-espirituosas-destiladas\/\">Bebidas espirituosas destiladas<\/a><\/li>\n\t\t<li class=\"sitemap-item page_item page-item-27907\"><a href=\"https:\/\/www.filtrox.com\/es\/aplicaciones\/filtracion-alimentos-y-bebidas\/cerveza\/\">Cerveza<\/a><\/li>\n\t\t<li class=\"sitemap-item page_item page-item-21370 page_item_has_children\"><a href=\"https:\/\/www.filtrox.com\/es\/aplicaciones\/filtracion-alimentos-y-bebidas\/vino\/\">Vino<\/a>\n\t\t<ul class='children'>\n\t\t\t<li class=\"sitemap-item page_item page-item-55560\"><a href=\"https:\/\/www.filtrox.com\/es\/aplicaciones\/filtracion-alimentos-y-bebidas\/vino\/librasorb-mx\/\">LIBRASORB MX<\/a><\/li>\n\t\t<\/ul>\n<\/li>\n\t<\/ul>\n<\/li>\n\t<li class=\"sitemap-item page_item page-item-11614 page_item_has_children\"><a href=\"https:\/\/www.filtrox.com\/es\/aplicaciones\/ciencias-de-la-vida\/\">Ciencias de la vida<\/a>\n\t<ul class='children'>\n\t\t<li class=\"sitemap-item page_item page-item-28958\"><a href=\"https:\/\/www.filtrox.com\/es\/aplicaciones\/ciencias-de-la-vida\/anticuerpos-monoclonales-2\/\">C\u00e9lulas de mam\u00edferos<\/a><\/li>\n\t\t<li class=\"sitemap-item page_item page-item-56753\"><a href=\"https:\/\/www.filtrox.com\/es\/aplicaciones\/ciencias-de-la-vida\/aromas-y-fragrancias\/\">Aromas &amp; Fragancias<\/a><\/li>\n\t\t<li class=\"sitemap-item page_item page-item-58605\"><a href=\"https:\/\/www.filtrox.com\/es\/aplicaciones\/ciencias-de-la-vida\/el-fraccionamiento-del-plasma-sanguineo\/\">El fraccionamiento del plasma sangu\u00edneo<\/a><\/li>\n\t\t<li class=\"sitemap-item page_item page-item-60528\"><a href=\"https:\/\/www.filtrox.com\/es\/aplicaciones\/ciencias-de-la-vida\/adn-plasmido\/\">ADN PL\u00c1SMIDO<\/a><\/li>\n\t\t<li class=\"sitemap-item page_item page-item-26632\"><a href=\"https:\/\/www.filtrox.com\/es\/aplicaciones\/ciencias-de-la-vida\/aceite-cbd\/\">Extracto de c\u00e1\u00f1amo<\/a><\/li>\n\t\t<li class=\"sitemap-item page_item page-item-60796\"><a href=\"https:\/\/www.filtrox.com\/es\/aplicaciones\/ciencias-de-la-vida\/solo-uso\/\">M\u00f3dulo filtrante de un solo uso<\/a><\/li>\n\t<\/ul>\n<\/li>\n<\/ul>\n<\/li>\n<li class=\"sitemap-item page_item page-item-11591 page_item_has_children\"><a href=\"https:\/\/www.filtrox.com\/es\/productos\/\">Productos<\/a>\n<ul class='children'>\n\t<li class=\"sitemap-item page_item page-item-52198\"><a href=\"https:\/\/www.filtrox.com\/es\/productos\/productos-complementarios\/\">Productos complementarios<\/a><\/li>\n\t<li class=\"sitemap-item page_item page-item-52227\"><a href=\"https:\/\/www.filtrox.com\/es\/productos\/filtros-2\/\">Filtros prensa y Carcasas<\/a><\/li>\n\t<li class=\"sitemap-item page_item page-item-52359 page_item_has_children\"><a href=\"https:\/\/www.filtrox.com\/es\/productos\/medios-filtrantes\/\">Medios filtrantes<\/a>\n\t<ul class='children'>\n\t\t<li class=\"sitemap-item page_item page-item-39429\"><a href=\"https:\/\/www.filtrox.com\/es\/productos\/medios-filtrantes\/durofil\/\">DUROFIL Placa de Soporte<\/a><\/li>\n\t<\/ul>\n<\/li>\n\t<li class=\"sitemap-item page_item page-item-53482\"><a href=\"https:\/\/www.filtrox.com\/es\/productos\/puraspin\/\">PURASPIN<\/a><\/li>\n\t<li class=\"sitemap-item page_item page-item-41546\"><a href=\"https:\/\/www.filtrox.com\/es\/productos\/equipo-de-filtracion-de-laboratorio\/\">equipo de filtraci\u00f3n de laboratorio<\/a><\/li>\n<\/ul>\n<\/li>\n<li class=\"sitemap-item page_item page-item-21368 page_item_has_children\"><a href=\"https:\/\/www.filtrox.com\/es\/quienes-somos\/\">Qui\u00e9nes somos<\/a>\n<ul class='children'>\n\t<li class=\"sitemap-item page_item page-item-39097\"><a href=\"https:\/\/www.filtrox.com\/es\/quienes-somos\/vision-filtrox\/\">Visi\u00f3n Filtrox<\/a><\/li>\n\t<li class=\"sitemap-item page_item page-item-36090\"><a href=\"https:\/\/www.filtrox.com\/es\/quienes-somos\/sostenibilidad-2\/\">Sostenibilidad<\/a><\/li>\n\t<li class=\"sitemap-item page_item page-item-11566\"><a href=\"https:\/\/www.filtrox.com\/es\/quienes-somos\/organizacion\/\">Organizaci\u00f3n<\/a><\/li>\n\t<li class=\"sitemap-item page_item page-item-11549\"><a href=\"https:\/\/www.filtrox.com\/es\/quienes-somos\/historia-de-filtrox\/\">Historia de Filtrox<\/a><\/li>\n<\/ul>\n<\/li>\n<li class=\"sitemap-item page_item page-item-51398\"><a href=\"https:\/\/www.filtrox.com\/es\/descargas\/\">Descargas y Documentos<\/a><\/li>\n<\/ul><\/div><\/div><br style=\"clear: both;\">\n\n\n<p><img decoding=\"async\" data-src=\"https:\/\/www.filtrox.com\/wp-content\/uploads\/2015\/02\/Filtrox-ABOUT-US-title_PR.jpg\" alt=\"mapa del sito filtrox\" width=\"1200\" height=\"322\" src=\"data:image\/svg+xml;base64,PHN2ZyB3aWR0aD0iMSIgaGVpZ2h0PSIxIiB4bWxucz0iaHR0cDovL3d3dy53My5vcmcvMjAwMC9zdmciPjwvc3ZnPg==\" class=\"lazyload\" style=\"--smush-placeholder-width: 1200px; --smush-placeholder-aspect-ratio: 1200\/322;\" \/><\/p>\n","protected":false},"excerpt":{"rendered":"<p>Mapa del sitio Bienvenido al mapa del sitio de filtrox.com, su punto de partida central para toda la informaci\u00f3n relacionada con nuestros productos, servicios y soluciones en el \u00e1mbito de la filtraci\u00f3n profunda. Esta p\u00e1gina le ofrece una visi\u00f3n clara de la estructura de nuestro sitio web, para que pueda encontrar r\u00e1pida y f\u00e1cilmente el &hellip; <a href=\"https:\/\/www.filtrox.com\/es\/mapa-del-sito\/\" class=\"more-link\">Continue reading <span class=\"screen-reader-text\">Mapa del sitio<\/span> <span class=\"meta-nav\">&rarr;<\/span><\/a><\/p>\n","protected":false},"author":6,"featured_media":0,"parent":0,"menu_order":79,"comment_status":"closed","ping_status":"closed","template":"","meta":{"_acf_changed":false,"advgb_blocks_editor_width":"","advgb_blocks_columns_visual_guide":"","footnotes":""},"class_list":["post-19975","page","type-page","status-publish","hentry"],"acf":[],"yoast_head":"<!-- This site is optimized with the Yoast SEO plugin v26.3 - https:\/\/yoast.com\/wordpress\/plugins\/seo\/ -->\n<title>Mapa del sitio - Filtrox soluci\u00f3nes de filtraci\u00f3n en profundidad<\/title>\n<meta name=\"description\" content=\"Este es el mapa del sitio web de FILTROX. La p\u00e1gina contiene informaci\u00f3n sobre la compa\u00f1\u00eda, as\u00ed como productos para filtraci\u00f3n profunda.\" \/>\n<meta name=\"robots\" content=\"index, follow, max-snippet:-1, max-image-preview:large, max-video-preview:-1\" \/>\n<link rel=\"canonical\" href=\"https:\/\/www.filtrox.com\/es\/mapa-del-sito\/\" \/>\n<meta property=\"og:locale\" content=\"es_ES\" \/>\n<meta property=\"og:type\" content=\"article\" \/>\n<meta property=\"og:title\" content=\"Mapa del sitio - Filtrox soluci\u00f3nes de filtraci\u00f3n en profundidad\" \/>\n<meta property=\"og:description\" content=\"Este es el mapa del sitio web de FILTROX. La p\u00e1gina contiene informaci\u00f3n sobre la compa\u00f1\u00eda, as\u00ed como productos para filtraci\u00f3n profunda.\" \/>\n<meta property=\"og:url\" content=\"https:\/\/www.filtrox.com\/es\/mapa-del-sito\/\" \/>\n<meta property=\"og:site_name\" content=\"Filtrox\" \/>\n<meta property=\"article:publisher\" content=\"https:\/\/www.facebook.com\/Filtrox-AG-2091458717567633\" \/>\n<meta property=\"article:modified_time\" content=\"2025-01-06T09:57:18+00:00\" \/>\n<meta property=\"og:image\" content=\"https:\/\/www.filtrox.com\/wp-content\/uploads\/2015\/02\/Filtrox-ABOUT-US-title_PR.jpg\" \/>\n<meta name=\"twitter:card\" content=\"summary_large_image\" \/>\n<meta name=\"twitter:site\" content=\"@FILTROX1\" \/>\n<meta name=\"twitter:label1\" content=\"Tiempo de lectura\" \/>\n\t<meta name=\"twitter:data1\" content=\"2 minutos\" \/>\n<script type=\"application\/ld+json\" class=\"yoast-schema-graph\">{\"@context\":\"https:\/\/schema.org\",\"@graph\":[{\"@type\":\"WebPage\",\"@id\":\"https:\/\/www.filtrox.com\/es\/mapa-del-sito\/\",\"url\":\"https:\/\/www.filtrox.com\/es\/mapa-del-sito\/\",\"name\":\"Mapa del sitio - Filtrox soluci\u00f3nes de filtraci\u00f3n en profundidad\",\"isPartOf\":{\"@id\":\"https:\/\/www.filtrox.com\/#website\"},\"primaryImageOfPage\":{\"@id\":\"https:\/\/www.filtrox.com\/es\/mapa-del-sito\/#primaryimage\"},\"image\":{\"@id\":\"https:\/\/www.filtrox.com\/es\/mapa-del-sito\/#primaryimage\"},\"thumbnailUrl\":\"https:\/\/www.filtrox.com\/wp-content\/uploads\/2015\/02\/Filtrox-ABOUT-US-title_PR.jpg\",\"datePublished\":\"2019-02-18T11:12:21+00:00\",\"dateModified\":\"2025-01-06T09:57:18+00:00\",\"description\":\"Este es el mapa del sitio web de FILTROX. La p\u00e1gina contiene informaci\u00f3n sobre la compa\u00f1\u00eda, as\u00ed como productos para filtraci\u00f3n profunda.\",\"breadcrumb\":{\"@id\":\"https:\/\/www.filtrox.com\/es\/mapa-del-sito\/#breadcrumb\"},\"inLanguage\":\"es\",\"potentialAction\":[{\"@type\":\"ReadAction\",\"target\":[\"https:\/\/www.filtrox.com\/es\/mapa-del-sito\/\"]}]},{\"@type\":\"ImageObject\",\"inLanguage\":\"es\",\"@id\":\"https:\/\/www.filtrox.com\/es\/mapa-del-sito\/#primaryimage\",\"url\":\"https:\/\/www.filtrox.com\/wp-content\/uploads\/2015\/02\/Filtrox-ABOUT-US-title_PR.jpg\",\"contentUrl\":\"https:\/\/www.filtrox.com\/wp-content\/uploads\/2015\/02\/Filtrox-ABOUT-US-title_PR.jpg\"},{\"@type\":\"BreadcrumbList\",\"@id\":\"https:\/\/www.filtrox.com\/es\/mapa-del-sito\/#breadcrumb\",\"itemListElement\":[{\"@type\":\"ListItem\",\"position\":1,\"name\":\"Home\",\"item\":\"https:\/\/www.filtrox.com\/es\/\"},{\"@type\":\"ListItem\",\"position\":2,\"name\":\"Mapa del sitio\"}]},{\"@type\":\"WebSite\",\"@id\":\"https:\/\/www.filtrox.com\/#website\",\"url\":\"https:\/\/www.filtrox.com\/\",\"name\":\"Filtrox\",\"description\":\"DEPTH FILTRATION FOR VALUABLE LIQUIDS.\",\"publisher\":{\"@id\":\"https:\/\/www.filtrox.com\/#organization\"},\"potentialAction\":[{\"@type\":\"SearchAction\",\"target\":{\"@type\":\"EntryPoint\",\"urlTemplate\":\"https:\/\/www.filtrox.com\/?s={search_term_string}\"},\"query-input\":{\"@type\":\"PropertyValueSpecification\",\"valueRequired\":true,\"valueName\":\"search_term_string\"}}],\"inLanguage\":\"es\"},{\"@type\":\"Organization\",\"@id\":\"https:\/\/www.filtrox.com\/#organization\",\"name\":\"Filtrox\",\"alternateName\":\"FX\",\"url\":\"https:\/\/www.filtrox.com\/\",\"logo\":{\"@type\":\"ImageObject\",\"inLanguage\":\"es\",\"@id\":\"https:\/\/www.filtrox.com\/#\/schema\/logo\/image\/\",\"url\":\"https:\/\/www.filtrox.com\/wp-content\/uploads\/2015\/02\/FX-Logo_RGB_0-74-153.jpg\",\"contentUrl\":\"https:\/\/www.filtrox.com\/wp-content\/uploads\/2015\/02\/FX-Logo_RGB_0-74-153.jpg\",\"width\":512,\"height\":512,\"caption\":\"Filtrox\"},\"image\":{\"@id\":\"https:\/\/www.filtrox.com\/#\/schema\/logo\/image\/\"},\"sameAs\":[\"https:\/\/www.facebook.com\/Filtrox-AG-2091458717567633\",\"https:\/\/x.com\/FILTROX1\",\"https:\/\/www.instagram.com\/filtroxag\/\",\"https:\/\/www.linkedin.com\/company\/34636121\/\",\"https:\/\/www.youtube.com\/channel\/UCi3A2_4M_c-CcEst9YJ4U9g\/featured?disable_polymer=1\"]}]}<\/script>\n<!-- \/ Yoast SEO plugin. -->","yoast_head_json":{"title":"Mapa del sitio - Filtrox soluci\u00f3nes de filtraci\u00f3n en profundidad","description":"Este es el mapa del sitio web de FILTROX. La p\u00e1gina contiene informaci\u00f3n sobre la compa\u00f1\u00eda, as\u00ed como productos para filtraci\u00f3n profunda.","robots":{"index":"index","follow":"follow","max-snippet":"max-snippet:-1","max-image-preview":"max-image-preview:large","max-video-preview":"max-video-preview:-1"},"canonical":"https:\/\/www.filtrox.com\/es\/mapa-del-sito\/","og_locale":"es_ES","og_type":"article","og_title":"Mapa del sitio - Filtrox soluci\u00f3nes de filtraci\u00f3n en profundidad","og_description":"Este es el mapa del sitio web de FILTROX. La p\u00e1gina contiene informaci\u00f3n sobre la compa\u00f1\u00eda, as\u00ed como productos para filtraci\u00f3n profunda.","og_url":"https:\/\/www.filtrox.com\/es\/mapa-del-sito\/","og_site_name":"Filtrox","article_publisher":"https:\/\/www.facebook.com\/Filtrox-AG-2091458717567633","article_modified_time":"2025-01-06T09:57:18+00:00","og_image":[{"url":"https:\/\/www.filtrox.com\/wp-content\/uploads\/2015\/02\/Filtrox-ABOUT-US-title_PR.jpg","type":"","width":"","height":""}],"twitter_card":"summary_large_image","twitter_site":"@FILTROX1","twitter_misc":{"Tiempo de lectura":"2 minutos"},"schema":{"@context":"https:\/\/schema.org","@graph":[{"@type":"WebPage","@id":"https:\/\/www.filtrox.com\/es\/mapa-del-sito\/","url":"https:\/\/www.filtrox.com\/es\/mapa-del-sito\/","name":"Mapa del sitio - Filtrox soluci\u00f3nes de filtraci\u00f3n en profundidad","isPartOf":{"@id":"https:\/\/www.filtrox.com\/#website"},"primaryImageOfPage":{"@id":"https:\/\/www.filtrox.com\/es\/mapa-del-sito\/#primaryimage"},"image":{"@id":"https:\/\/www.filtrox.com\/es\/mapa-del-sito\/#primaryimage"},"thumbnailUrl":"https:\/\/www.filtrox.com\/wp-content\/uploads\/2015\/02\/Filtrox-ABOUT-US-title_PR.jpg","datePublished":"2019-02-18T11:12:21+00:00","dateModified":"2025-01-06T09:57:18+00:00","description":"Este es el mapa del sitio web de FILTROX. La p\u00e1gina contiene informaci\u00f3n sobre la compa\u00f1\u00eda, as\u00ed como productos para filtraci\u00f3n profunda.","breadcrumb":{"@id":"https:\/\/www.filtrox.com\/es\/mapa-del-sito\/#breadcrumb"},"inLanguage":"es","potentialAction":[{"@type":"ReadAction","target":["https:\/\/www.filtrox.com\/es\/mapa-del-sito\/"]}]},{"@type":"ImageObject","inLanguage":"es","@id":"https:\/\/www.filtrox.com\/es\/mapa-del-sito\/#primaryimage","url":"https:\/\/www.filtrox.com\/wp-content\/uploads\/2015\/02\/Filtrox-ABOUT-US-title_PR.jpg","contentUrl":"https:\/\/www.filtrox.com\/wp-content\/uploads\/2015\/02\/Filtrox-ABOUT-US-title_PR.jpg"},{"@type":"BreadcrumbList","@id":"https:\/\/www.filtrox.com\/es\/mapa-del-sito\/#breadcrumb","itemListElement":[{"@type":"ListItem","position":1,"name":"Home","item":"https:\/\/www.filtrox.com\/es\/"},{"@type":"ListItem","position":2,"name":"Mapa del sitio"}]},{"@type":"WebSite","@id":"https:\/\/www.filtrox.com\/#website","url":"https:\/\/www.filtrox.com\/","name":"Filtrox","description":"DEPTH FILTRATION FOR VALUABLE LIQUIDS.","publisher":{"@id":"https:\/\/www.filtrox.com\/#organization"},"potentialAction":[{"@type":"SearchAction","target":{"@type":"EntryPoint","urlTemplate":"https:\/\/www.filtrox.com\/?s={search_term_string}"},"query-input":{"@type":"PropertyValueSpecification","valueRequired":true,"valueName":"search_term_string"}}],"inLanguage":"es"},{"@type":"Organization","@id":"https:\/\/www.filtrox.com\/#organization","name":"Filtrox","alternateName":"FX","url":"https:\/\/www.filtrox.com\/","logo":{"@type":"ImageObject","inLanguage":"es","@id":"https:\/\/www.filtrox.com\/#\/schema\/logo\/image\/","url":"https:\/\/www.filtrox.com\/wp-content\/uploads\/2015\/02\/FX-Logo_RGB_0-74-153.jpg","contentUrl":"https:\/\/www.filtrox.com\/wp-content\/uploads\/2015\/02\/FX-Logo_RGB_0-74-153.jpg","width":512,"height":512,"caption":"Filtrox"},"image":{"@id":"https:\/\/www.filtrox.com\/#\/schema\/logo\/image\/"},"sameAs":["https:\/\/www.facebook.com\/Filtrox-AG-2091458717567633","https:\/\/x.com\/FILTROX1","https:\/\/www.instagram.com\/filtroxag\/","https:\/\/www.linkedin.com\/company\/34636121\/","https:\/\/www.youtube.com\/channel\/UCi3A2_4M_c-CcEst9YJ4U9g\/featured?disable_polymer=1"]}]}},"coauthors":[],"author_meta":{"author_link":"https:\/\/www.filtrox.com\/es\/blog\/author\/marketing\/","display_name":"marketing"},"relative_dates":{"created":"Publicado 7 a\u00f1os hace","modified":"Actualizado 1 a\u00f1o hace"},"absolute_dates":{"created":"Publicado el febrero 18, 2019","modified":"Actualizado el enero 6, 2025"},"absolute_dates_time":{"created":"Publicado el febrero 18, 2019 12:12 pm","modified":"Actualizado el enero 6, 2025 10:57 am"},"featured_img_caption":"","featured_img":false,"series_order":"","publishpress_future_action":{"enabled":false,"date":"2026-05-07 16:55:05","action":"change-status","newStatus":"draft","terms":[],"taxonomy":"translation_priority","extraData":[]},"publishpress_future_workflow_manual_trigger":{"enabledWorkflows":[]},"_links":{"self":[{"href":"https:\/\/www.filtrox.com\/es\/wp-json\/wp\/v2\/pages\/19975","targetHints":{"allow":["GET"]}}],"collection":[{"href":"https:\/\/www.filtrox.com\/es\/wp-json\/wp\/v2\/pages"}],"about":[{"href":"https:\/\/www.filtrox.com\/es\/wp-json\/wp\/v2\/types\/page"}],"author":[{"embeddable":true,"href":"https:\/\/www.filtrox.com\/es\/wp-json\/wp\/v2\/users\/6"}],"replies":[{"embeddable":true,"href":"https:\/\/www.filtrox.com\/es\/wp-json\/wp\/v2\/comments?post=19975"}],"version-history":[{"count":5,"href":"https:\/\/www.filtrox.com\/es\/wp-json\/wp\/v2\/pages\/19975\/revisions"}],"predecessor-version":[{"id":60312,"href":"https:\/\/www.filtrox.com\/es\/wp-json\/wp\/v2\/pages\/19975\/revisions\/60312"}],"wp:attachment":[{"href":"https:\/\/www.filtrox.com\/es\/wp-json\/wp\/v2\/media?parent=19975"}],"curies":[{"name":"wp","href":"https:\/\/api.w.org\/{rel}","templated":true}]}}