{"id":21434,"date":"2019-04-09T13:42:32","date_gmt":"2019-04-09T13:42:32","guid":{"rendered":"https:\/\/www.filtrox.com\/?page_id=21434"},"modified":"2023-05-12T11:30:42","modified_gmt":"2023-05-12T10:30:42","slug":"microfiltracion","status":"publish","type":"page","link":"https:\/\/www.filtrox.com\/es\/servicios-filtracion\/conocimiento-filtracion\/microfiltracion\/","title":{"rendered":"Microfiltraci\u00f3n"},"content":{"rendered":"<div class=\"yoast-breadcrumbs\">\t&#8211;\n<span><span><a href=\"https:\/\/www.filtrox.com\/es\/\">Home<\/a><\/span> \u00bb <span><a href=\"https:\/\/www.filtrox.com\/es\/servicios-filtracion\/\">Servicios filtraci\u00f3n<\/a><\/span> \u00bb <span><a href=\"https:\/\/www.filtrox.com\/es\/servicios-filtracion\/conocimiento-filtracion\/\">Conocimiento de filtraci\u00f3n<\/a><\/span> \u00bb <span class=\"breadcrumb_last\" aria-current=\"page\"><strong>Microfiltraci\u00f3n<\/strong><\/span><\/span><\/div>\n\n\n<div style=\"height:10px\" aria-hidden=\"true\" class=\"wp-block-spacer\"><\/div>\n\n\n<table style=\"border-collapse: collapse; width: 100%;\" border=\"0\">\n<tbody>\n<tr>\n<td style=\"width: 70%;\">\n<h2>INTRODUCCI\u00d3N A LA MICROFILTRACI\u00d3N<\/h2>\n<p>El proceso de microfiltraci\u00f3n elimina contaminantes (por ejemplo, l\u00edquidos o gases) al fluir a trav\u00e9s de una membrana microporosa. Estos pueden ser s\u00f3lidos finos y organismos tales como bacterias que se recolectan en la etapa de filtraci\u00f3n est\u00e9ril. Este es un proceso de separaci\u00f3n puramente f\u00edsico (mec\u00e1nico). Los tama\u00f1os de poro de la membrana son de 0,1 a 10 micrones. Es decir, la membrana retiene cualquier part\u00edcula en el l\u00edquido o gas m\u00e1s grande que el tama\u00f1o de poro. Otras t\u00e9cnicas de filtraci\u00f3n habituales incluyen la microfiltraci\u00f3n, por ejemplo, ultrafiltraci\u00f3n (tama\u00f1o de poro &lt;0.1 \u03bcm) o nanofiltraci\u00f3n.<\/p>\n<p>El filtro o el medio filtrante pueden tener diferentes formas dependiendo de los requisitos o el proceso de la aplicaci\u00f3n. Las variantes m\u00e1s comunes son capas de filtro, filtros de vela, membranas planas, filtros de bolsillo o m\u00f3dulos de fibra hueca. Adem\u00e1s, la superficie del filtro puede consistir en materiales tales como acero inoxidable, pl\u00e1stico, cer\u00e1mica, tela textil. La fuerza impulsora en este proceso es la presi\u00f3n diferencial entre la entrada y la salida de la superficie del filtro, que est\u00e1 entre 0,1 y 10 bar.<\/p>\n<p>.<\/p>\n<h2>Aplicaciones<\/h2>\n<p>Las aplicaciones t\u00edpicas para este proceso de baja presi\u00f3n se pueden encontrar en el agua potable y en el tratamiento del agua para la industria de bebidas. En otras \u00e1reas, como la biotecnol\u00f3gica, se utiliza para la separaci\u00f3n de c\u00e9lulas de los caldos de fermentaci\u00f3n. Para operaciones industriales, la microfiltraci\u00f3n se utiliza en la separaci\u00f3n de aceite \/ agua o para la recuperaci\u00f3n de agentes de limpieza qu\u00edmicos. En otras palabras, estos tipos de filtros a menudo se usan donde se necesitan productos est\u00e9riles.<\/p>\n<\/td>\n<td style=\"width: 30%;\">\u00a0<\/td>\n<\/tr>\n<\/tbody>\n<\/table>\n<figure id=\"attachment_11151\" aria-describedby=\"caption-attachment-11151\" style=\"width: 650px\" class=\"wp-caption alignnone\"><a href=\"https:\/\/www.filtrox.com\/wp-content\/uploads\/2018\/12\/Mikrofiltration.gif\"><img decoding=\"async\" class=\"wp-image-11151 size-full lazyload\" data-src=\"https:\/\/www.filtrox.com\/wp-content\/uploads\/2018\/12\/Mikrofiltration.gif\" alt=\"Microfiltration basics: particle size range\" width=\"650\" height=\"195\" src=\"data:image\/svg+xml;base64,PHN2ZyB3aWR0aD0iMSIgaGVpZ2h0PSIxIiB4bWxucz0iaHR0cDovL3d3dy53My5vcmcvMjAwMC9zdmciPjwvc3ZnPg==\" style=\"--smush-placeholder-width: 650px; --smush-placeholder-aspect-ratio: 650\/195;\" \/><\/a><figcaption id=\"caption-attachment-11151\" class=\"wp-caption-text\">Rango de microfiltraci\u00f3n<\/figcaption><\/figure>","protected":false},"excerpt":{"rendered":"<p>INTRODUCCI\u00d3N A LA MICROFILTRACI\u00d3N El proceso de microfiltraci\u00f3n elimina contaminantes (por ejemplo, l\u00edquidos o gases) al fluir a trav\u00e9s de una membrana microporosa. Estos pueden ser s\u00f3lidos finos y organismos tales como bacterias que se recolectan en la etapa de filtraci\u00f3n est\u00e9ril. Este es un proceso de separaci\u00f3n puramente f\u00edsico (mec\u00e1nico). Los tama\u00f1os de poro &hellip; <a href=\"https:\/\/www.filtrox.com\/es\/servicios-filtracion\/conocimiento-filtracion\/microfiltracion\/\" class=\"more-link\">Continue reading <span class=\"screen-reader-text\">Microfiltraci\u00f3n<\/span> <span class=\"meta-nav\">&rarr;<\/span><\/a><\/p>\n","protected":false},"author":8,"featured_media":0,"parent":18566,"menu_order":66,"comment_status":"closed","ping_status":"open","template":"","meta":{"_acf_changed":false,"advgb_blocks_editor_width":"","advgb_blocks_columns_visual_guide":"","footnotes":""},"class_list":["post-21434","page","type-page","status-publish","hentry"],"acf":[],"yoast_head":"<!-- This site is optimized with the Yoast SEO plugin v26.3 - https:\/\/yoast.com\/wordpress\/plugins\/seo\/ -->\n<title>Microfiltraci\u00f3n - Filtrox basicos de microfiltraci\u00f3n<\/title>\n<meta name=\"description\" content=\"Conceptos basicos de microfiltraci\u00f3n. Diferentes clasificaciones de las t\u00e9cnicas de filtraci\u00f3n, microfiltraci\u00f3n, ultrafiltraci\u00f3n etc.\" \/>\n<meta name=\"robots\" content=\"index, follow, max-snippet:-1, max-image-preview:large, max-video-preview:-1\" \/>\n<link rel=\"canonical\" href=\"https:\/\/www.filtrox.com\/es\/servicios-filtracion\/conocimiento-filtracion\/microfiltracion\/\" \/>\n<meta property=\"og:locale\" content=\"es_ES\" \/>\n<meta property=\"og:type\" content=\"article\" \/>\n<meta property=\"og:title\" content=\"Microfiltraci\u00f3n - Filtrox basicos de microfiltraci\u00f3n\" \/>\n<meta property=\"og:description\" content=\"Conceptos basicos de microfiltraci\u00f3n. Diferentes clasificaciones de las t\u00e9cnicas de filtraci\u00f3n, microfiltraci\u00f3n, ultrafiltraci\u00f3n etc.\" \/>\n<meta property=\"og:url\" content=\"https:\/\/www.filtrox.com\/es\/servicios-filtracion\/conocimiento-filtracion\/microfiltracion\/\" \/>\n<meta property=\"og:site_name\" content=\"Filtrox\" \/>\n<meta property=\"article:publisher\" content=\"https:\/\/www.facebook.com\/Filtrox-AG-2091458717567633\" \/>\n<meta property=\"article:modified_time\" content=\"2023-05-12T10:30:42+00:00\" \/>\n<meta property=\"og:image\" content=\"https:\/\/www.filtrox.com\/wp-content\/uploads\/2018\/12\/Mikrofiltration.gif\" \/>\n<meta name=\"twitter:card\" content=\"summary_large_image\" \/>\n<meta name=\"twitter:site\" content=\"@FILTROX1\" \/>\n<meta name=\"twitter:label1\" content=\"Tiempo de lectura\" \/>\n\t<meta name=\"twitter:data1\" content=\"2 minutos\" \/>\n<script type=\"application\/ld+json\" class=\"yoast-schema-graph\">{\"@context\":\"https:\/\/schema.org\",\"@graph\":[{\"@type\":\"WebPage\",\"@id\":\"https:\/\/www.filtrox.com\/es\/servicios-filtracion\/conocimiento-filtracion\/microfiltracion\/\",\"url\":\"https:\/\/www.filtrox.com\/es\/servicios-filtracion\/conocimiento-filtracion\/microfiltracion\/\",\"name\":\"Microfiltraci\u00f3n - Filtrox basicos de microfiltraci\u00f3n\",\"isPartOf\":{\"@id\":\"https:\/\/www.filtrox.com\/#website\"},\"primaryImageOfPage\":{\"@id\":\"https:\/\/www.filtrox.com\/es\/servicios-filtracion\/conocimiento-filtracion\/microfiltracion\/#primaryimage\"},\"image\":{\"@id\":\"https:\/\/www.filtrox.com\/es\/servicios-filtracion\/conocimiento-filtracion\/microfiltracion\/#primaryimage\"},\"thumbnailUrl\":\"https:\/\/www.filtrox.com\/wp-content\/uploads\/2018\/12\/Mikrofiltration.gif\",\"datePublished\":\"2019-04-09T13:42:32+00:00\",\"dateModified\":\"2023-05-12T10:30:42+00:00\",\"description\":\"Conceptos basicos de microfiltraci\u00f3n. Diferentes clasificaciones de las t\u00e9cnicas de filtraci\u00f3n, microfiltraci\u00f3n, ultrafiltraci\u00f3n etc.\",\"breadcrumb\":{\"@id\":\"https:\/\/www.filtrox.com\/es\/servicios-filtracion\/conocimiento-filtracion\/microfiltracion\/#breadcrumb\"},\"inLanguage\":\"es\",\"potentialAction\":[{\"@type\":\"ReadAction\",\"target\":[\"https:\/\/www.filtrox.com\/es\/servicios-filtracion\/conocimiento-filtracion\/microfiltracion\/\"]}]},{\"@type\":\"ImageObject\",\"inLanguage\":\"es\",\"@id\":\"https:\/\/www.filtrox.com\/es\/servicios-filtracion\/conocimiento-filtracion\/microfiltracion\/#primaryimage\",\"url\":\"https:\/\/www.filtrox.com\/wp-content\/uploads\/2018\/12\/Mikrofiltration.gif\",\"contentUrl\":\"https:\/\/www.filtrox.com\/wp-content\/uploads\/2018\/12\/Mikrofiltration.gif\"},{\"@type\":\"BreadcrumbList\",\"@id\":\"https:\/\/www.filtrox.com\/es\/servicios-filtracion\/conocimiento-filtracion\/microfiltracion\/#breadcrumb\",\"itemListElement\":[{\"@type\":\"ListItem\",\"position\":1,\"name\":\"Home\",\"item\":\"https:\/\/www.filtrox.com\/es\/\"},{\"@type\":\"ListItem\",\"position\":2,\"name\":\"Servicios filtraci\u00f3n\",\"item\":\"https:\/\/www.filtrox.com\/es\/servicios-filtracion\/\"},{\"@type\":\"ListItem\",\"position\":3,\"name\":\"Conocimiento de filtraci\u00f3n\",\"item\":\"https:\/\/www.filtrox.com\/es\/servicios-filtracion\/conocimiento-filtracion\/\"},{\"@type\":\"ListItem\",\"position\":4,\"name\":\"Microfiltraci\u00f3n\"}]},{\"@type\":\"WebSite\",\"@id\":\"https:\/\/www.filtrox.com\/#website\",\"url\":\"https:\/\/www.filtrox.com\/\",\"name\":\"Filtrox\",\"description\":\"DEPTH FILTRATION FOR VALUABLE LIQUIDS.\",\"publisher\":{\"@id\":\"https:\/\/www.filtrox.com\/#organization\"},\"potentialAction\":[{\"@type\":\"SearchAction\",\"target\":{\"@type\":\"EntryPoint\",\"urlTemplate\":\"https:\/\/www.filtrox.com\/?s={search_term_string}\"},\"query-input\":{\"@type\":\"PropertyValueSpecification\",\"valueRequired\":true,\"valueName\":\"search_term_string\"}}],\"inLanguage\":\"es\"},{\"@type\":\"Organization\",\"@id\":\"https:\/\/www.filtrox.com\/#organization\",\"name\":\"Filtrox\",\"alternateName\":\"FX\",\"url\":\"https:\/\/www.filtrox.com\/\",\"logo\":{\"@type\":\"ImageObject\",\"inLanguage\":\"es\",\"@id\":\"https:\/\/www.filtrox.com\/#\/schema\/logo\/image\/\",\"url\":\"https:\/\/www.filtrox.com\/wp-content\/uploads\/2015\/02\/FX-Logo_RGB_0-74-153.jpg\",\"contentUrl\":\"https:\/\/www.filtrox.com\/wp-content\/uploads\/2015\/02\/FX-Logo_RGB_0-74-153.jpg\",\"width\":512,\"height\":512,\"caption\":\"Filtrox\"},\"image\":{\"@id\":\"https:\/\/www.filtrox.com\/#\/schema\/logo\/image\/\"},\"sameAs\":[\"https:\/\/www.facebook.com\/Filtrox-AG-2091458717567633\",\"https:\/\/x.com\/FILTROX1\",\"https:\/\/www.instagram.com\/filtroxag\/\",\"https:\/\/www.linkedin.com\/company\/34636121\/\",\"https:\/\/www.youtube.com\/channel\/UCi3A2_4M_c-CcEst9YJ4U9g\/featured?disable_polymer=1\"]}]}<\/script>\n<!-- \/ Yoast SEO plugin. -->","yoast_head_json":{"title":"Microfiltraci\u00f3n - Filtrox basicos de microfiltraci\u00f3n","description":"Conceptos basicos de microfiltraci\u00f3n. Diferentes clasificaciones de las t\u00e9cnicas de filtraci\u00f3n, microfiltraci\u00f3n, ultrafiltraci\u00f3n etc.","robots":{"index":"index","follow":"follow","max-snippet":"max-snippet:-1","max-image-preview":"max-image-preview:large","max-video-preview":"max-video-preview:-1"},"canonical":"https:\/\/www.filtrox.com\/es\/servicios-filtracion\/conocimiento-filtracion\/microfiltracion\/","og_locale":"es_ES","og_type":"article","og_title":"Microfiltraci\u00f3n - Filtrox basicos de microfiltraci\u00f3n","og_description":"Conceptos basicos de microfiltraci\u00f3n. Diferentes clasificaciones de las t\u00e9cnicas de filtraci\u00f3n, microfiltraci\u00f3n, ultrafiltraci\u00f3n etc.","og_url":"https:\/\/www.filtrox.com\/es\/servicios-filtracion\/conocimiento-filtracion\/microfiltracion\/","og_site_name":"Filtrox","article_publisher":"https:\/\/www.facebook.com\/Filtrox-AG-2091458717567633","article_modified_time":"2023-05-12T10:30:42+00:00","og_image":[{"url":"https:\/\/www.filtrox.com\/wp-content\/uploads\/2018\/12\/Mikrofiltration.gif","type":"","width":"","height":""}],"twitter_card":"summary_large_image","twitter_site":"@FILTROX1","twitter_misc":{"Tiempo de lectura":"2 minutos"},"schema":{"@context":"https:\/\/schema.org","@graph":[{"@type":"WebPage","@id":"https:\/\/www.filtrox.com\/es\/servicios-filtracion\/conocimiento-filtracion\/microfiltracion\/","url":"https:\/\/www.filtrox.com\/es\/servicios-filtracion\/conocimiento-filtracion\/microfiltracion\/","name":"Microfiltraci\u00f3n - Filtrox basicos de microfiltraci\u00f3n","isPartOf":{"@id":"https:\/\/www.filtrox.com\/#website"},"primaryImageOfPage":{"@id":"https:\/\/www.filtrox.com\/es\/servicios-filtracion\/conocimiento-filtracion\/microfiltracion\/#primaryimage"},"image":{"@id":"https:\/\/www.filtrox.com\/es\/servicios-filtracion\/conocimiento-filtracion\/microfiltracion\/#primaryimage"},"thumbnailUrl":"https:\/\/www.filtrox.com\/wp-content\/uploads\/2018\/12\/Mikrofiltration.gif","datePublished":"2019-04-09T13:42:32+00:00","dateModified":"2023-05-12T10:30:42+00:00","description":"Conceptos basicos de microfiltraci\u00f3n. Diferentes clasificaciones de las t\u00e9cnicas de filtraci\u00f3n, microfiltraci\u00f3n, ultrafiltraci\u00f3n etc.","breadcrumb":{"@id":"https:\/\/www.filtrox.com\/es\/servicios-filtracion\/conocimiento-filtracion\/microfiltracion\/#breadcrumb"},"inLanguage":"es","potentialAction":[{"@type":"ReadAction","target":["https:\/\/www.filtrox.com\/es\/servicios-filtracion\/conocimiento-filtracion\/microfiltracion\/"]}]},{"@type":"ImageObject","inLanguage":"es","@id":"https:\/\/www.filtrox.com\/es\/servicios-filtracion\/conocimiento-filtracion\/microfiltracion\/#primaryimage","url":"https:\/\/www.filtrox.com\/wp-content\/uploads\/2018\/12\/Mikrofiltration.gif","contentUrl":"https:\/\/www.filtrox.com\/wp-content\/uploads\/2018\/12\/Mikrofiltration.gif"},{"@type":"BreadcrumbList","@id":"https:\/\/www.filtrox.com\/es\/servicios-filtracion\/conocimiento-filtracion\/microfiltracion\/#breadcrumb","itemListElement":[{"@type":"ListItem","position":1,"name":"Home","item":"https:\/\/www.filtrox.com\/es\/"},{"@type":"ListItem","position":2,"name":"Servicios filtraci\u00f3n","item":"https:\/\/www.filtrox.com\/es\/servicios-filtracion\/"},{"@type":"ListItem","position":3,"name":"Conocimiento de filtraci\u00f3n","item":"https:\/\/www.filtrox.com\/es\/servicios-filtracion\/conocimiento-filtracion\/"},{"@type":"ListItem","position":4,"name":"Microfiltraci\u00f3n"}]},{"@type":"WebSite","@id":"https:\/\/www.filtrox.com\/#website","url":"https:\/\/www.filtrox.com\/","name":"Filtrox","description":"DEPTH FILTRATION FOR VALUABLE LIQUIDS.","publisher":{"@id":"https:\/\/www.filtrox.com\/#organization"},"potentialAction":[{"@type":"SearchAction","target":{"@type":"EntryPoint","urlTemplate":"https:\/\/www.filtrox.com\/?s={search_term_string}"},"query-input":{"@type":"PropertyValueSpecification","valueRequired":true,"valueName":"search_term_string"}}],"inLanguage":"es"},{"@type":"Organization","@id":"https:\/\/www.filtrox.com\/#organization","name":"Filtrox","alternateName":"FX","url":"https:\/\/www.filtrox.com\/","logo":{"@type":"ImageObject","inLanguage":"es","@id":"https:\/\/www.filtrox.com\/#\/schema\/logo\/image\/","url":"https:\/\/www.filtrox.com\/wp-content\/uploads\/2015\/02\/FX-Logo_RGB_0-74-153.jpg","contentUrl":"https:\/\/www.filtrox.com\/wp-content\/uploads\/2015\/02\/FX-Logo_RGB_0-74-153.jpg","width":512,"height":512,"caption":"Filtrox"},"image":{"@id":"https:\/\/www.filtrox.com\/#\/schema\/logo\/image\/"},"sameAs":["https:\/\/www.facebook.com\/Filtrox-AG-2091458717567633","https:\/\/x.com\/FILTROX1","https:\/\/www.instagram.com\/filtroxag\/","https:\/\/www.linkedin.com\/company\/34636121\/","https:\/\/www.youtube.com\/channel\/UCi3A2_4M_c-CcEst9YJ4U9g\/featured?disable_polymer=1"]}]}},"coauthors":[],"author_meta":{"author_link":"https:\/\/www.filtrox.com\/es\/blog\/author\/fosca-roman\/","display_name":"Fosca Roman"},"relative_dates":{"created":"Publicado 7 a\u00f1os hace","modified":"Actualizado 3 a\u00f1os hace"},"absolute_dates":{"created":"Publicado el abril 9, 2019","modified":"Actualizado el mayo 12, 2023"},"absolute_dates_time":{"created":"Publicado el abril 9, 2019 1:42 pm","modified":"Actualizado el mayo 12, 2023 11:30 am"},"featured_img_caption":"","featured_img":false,"series_order":"","publishpress_future_action":{"enabled":false,"date":"2026-05-06 11:10:07","action":"change-status","newStatus":"draft","terms":[],"taxonomy":"translation_priority","extraData":[]},"publishpress_future_workflow_manual_trigger":{"enabledWorkflows":[]},"_links":{"self":[{"href":"https:\/\/www.filtrox.com\/es\/wp-json\/wp\/v2\/pages\/21434","targetHints":{"allow":["GET"]}}],"collection":[{"href":"https:\/\/www.filtrox.com\/es\/wp-json\/wp\/v2\/pages"}],"about":[{"href":"https:\/\/www.filtrox.com\/es\/wp-json\/wp\/v2\/types\/page"}],"author":[{"embeddable":true,"href":"https:\/\/www.filtrox.com\/es\/wp-json\/wp\/v2\/users\/8"}],"replies":[{"embeddable":true,"href":"https:\/\/www.filtrox.com\/es\/wp-json\/wp\/v2\/comments?post=21434"}],"version-history":[{"count":3,"href":"https:\/\/www.filtrox.com\/es\/wp-json\/wp\/v2\/pages\/21434\/revisions"}],"predecessor-version":[{"id":52819,"href":"https:\/\/www.filtrox.com\/es\/wp-json\/wp\/v2\/pages\/21434\/revisions\/52819"}],"up":[{"embeddable":true,"href":"https:\/\/www.filtrox.com\/es\/wp-json\/wp\/v2\/pages\/18566"}],"wp:attachment":[{"href":"https:\/\/www.filtrox.com\/es\/wp-json\/wp\/v2\/media?parent=21434"}],"curies":[{"name":"wp","href":"https:\/\/api.w.org\/{rel}","templated":true}]}}