{"id":21446,"date":"2019-04-09T14:13:17","date_gmt":"2019-04-09T13:13:17","guid":{"rendered":"https:\/\/www.filtrox.com\/?page_id=21446"},"modified":"2025-01-06T10:38:06","modified_gmt":"2025-01-06T09:38:06","slug":"filtracion-en-profundidad-2","status":"publish","type":"page","link":"https:\/\/www.filtrox.com\/es\/servicios-filtracion\/filtracion-en-profundidad-2\/","title":{"rendered":"Filtraci\u00f3n en profundidad"},"content":{"rendered":"<div class=\"yoast-breadcrumbs\">\t&#8211;\n<span><span><a href=\"https:\/\/www.filtrox.com\/es\/\">Home<\/a><\/span> \u00bb <span><a href=\"https:\/\/www.filtrox.com\/es\/servicios-filtracion\/\">Servicios filtraci\u00f3n<\/a><\/span> \u00bb <span class=\"breadcrumb_last\" aria-current=\"page\"><strong>Filtraci\u00f3n en profundidad<\/strong><\/span><\/span><\/div>\n\n\n<div style=\"height:30px\" aria-hidden=\"true\" class=\"wp-block-spacer\"><\/div>\n\n\n\n<h2>FILTRACI\u00d3N EN PROFUNDIDAD<\/h2>\n<p>Los filtros en profundidad eliminan las part\u00edculas de un l\u00edquido. Esto significa que la filtraci\u00f3n de los l\u00edquidos puede ser clarificante, fina o esterilizante. Los medios filtrantes &#8220;gruesos&#8221; para la filtraci\u00f3n en profundidad tienen un grosor de entre 2,5 y 4,5 mm. Las part\u00edculas se retienen utilizando dos principios de filtraci\u00f3n:<\/p>\n<p>1. filtraci\u00f3n superficial<br \/>2. filtraci\u00f3n en profundidad.<\/p>\n<p>El l\u00edquido fluye a trav\u00e9s de una red tridimensional de fibras asim\u00e9tricas en el filtro de profundidad. Los efectos mec\u00e1nicos y electrocin\u00e9ticos retienen los componentes s\u00f3lidos. Esto aumenta significativamente la capacidad de entrada y adsorci\u00f3n. El objetivo de un proceso de filtraci\u00f3n es purificar un l\u00edquido (filtrado) o retener s\u00f3lidos (retenido). La filtraci\u00f3n en profundidad se concentra principalmente en la producci\u00f3n de l\u00edquido filtrado.<\/p>\n\n\n\n<h2>Placas filtrantes<\/h2>\n<p>Las placas filtrantes consisten en una combinaci\u00f3n de fibras especialmente receptivas (por ejemplo, celulosa) y ayudas de filtro anorg\u00e1nicas en polvo tales como kieselguhr y\/o perlita. Se puede especificar la tasa de retenci\u00f3n por el m\u00e9todo de molienda y el volumen y el tipo de material de base utilizado como ayuda de filtro. Peque\u00f1as cantidades a\u00f1adidas de resina polim\u00e9rica act\u00faan como agente de resistencia en h\u00famedo. Dependiendo del tipo de resina polim\u00e9rica, se produce una carga positiva menor o mayor, tambi\u00e9n llamada &#8220;potencial zeta&#8221;, al pasar a trav\u00e9s de la placa filtrante. La carga positiva mejora la adsorci\u00f3n de peque\u00f1as part\u00edculas o microorganismos cargados negativamente.<\/p>\n<p>El volumen de absorci\u00f3n interior de una placa filtrante en profundidad t\u00edpica es de hasta 4 l\/m<sup>2<\/sup> de la superficie del filtro. Un filtro de placas tiene varias placas filtrantes en profundidad, alineadas una tras otra. De esta manera, un espacio relativamente peque\u00f1o puede albergar una gran \u00e1rea de filtraci\u00f3n. Otro m\u00e9todo para usar las placas filtrantes en profundidad de una manera que requiera menos tiempo y esfuerzo es usar m\u00f3dulos lenticulares. Este m\u00e9todo consiste en una campana con m\u00f3dulos lenticulares en su interior. Los m\u00f3dulos se agotan cuando la matriz interna se llena con part\u00edculas en suspensi\u00f3n. Una indicaci\u00f3n de esto es la creciente diferencia en la presi\u00f3n entre la entrada (sin filtrar) y la salida (filtrado) y una menor tasa de flujo del l\u00edquido (1.5 bar para la filtraci\u00f3n est\u00e9ril; 2,5 &#8211; 3 bar para la filtraci\u00f3n clarificante). Bajo ciertas circunstancias es posible la regeneraci\u00f3n del m\u00f3dulo lenticular.<\/p>\n\n\n\n<h2>Ayudas filtrantes<\/h2>\n<p><br>Con altas cargas de part\u00edculas (aprox. 1,5%), los filtros en profundidad est\u00e1ndar pueden colmatarse r\u00e1pidamente. Mediante el uso de una ayuda como el kieselguhr (proceso de filtraci\u00f3n aluvional), se puede aumentar la capacidad. Con la filtraci\u00f3n aluvional, las ayudas de filtro est\u00e1n en suspensi\u00f3n en el l\u00edquido. Luego flotan sobre una hoja de soporte en un filtro de placa y marco para formar una torta filtrante. De esta manera, las hojas de soporte en s\u00ed mismas no funcionan como filtros, sino simplemente como un soporte para la torta filtrante, que es donde se lleva a cabo la eliminaci\u00f3n real de la mezcla.<\/p>\n<p>La separaci\u00f3n de part\u00edculas en este proceso utiliza un mecanismo similar al de las placas filtrantes. Al igual que con la filtraci\u00f3n de placas, un aumento en la presi\u00f3n diferencial indica el agotamiento de la placa filtrante. Como la torta filtrante suele ser m\u00e1s gruesa que las placas filtrantes, los filtros aluvionales tienen una vida \u00fatil m\u00e1s larga debido a su mayor capacidad de absorci\u00f3n de la suspensi\u00f3n. Dependiendo de la naturaleza de la suspensi\u00f3n, es posible la eliminaci\u00f3n y disposici\u00f3n de la torta filtrante.<\/p>\n\n\n\n<p><img decoding=\"async\" data-src=\"https:\/\/www.filtrox.com\/wp-content\/uploads\/2018\/12\/CarbonPadDiagramC-ot-e1544600874820.gif\" alt=\"filtraci\u00f3n aluvional\" width=\"200\" height=\"257\" src=\"data:image\/svg+xml;base64,PHN2ZyB3aWR0aD0iMSIgaGVpZ2h0PSIxIiB4bWxucz0iaHR0cDovL3d3dy53My5vcmcvMjAwMC9zdmciPjwvc3ZnPg==\" class=\"lazyload\" style=\"--smush-placeholder-width: 200px; --smush-placeholder-aspect-ratio: 200\/257;\" \/>\u00a0 \u00a0 \u00a0<img decoding=\"async\" data-src=\"https:\/\/www.filtrox.com\/wp-content\/uploads\/2018\/12\/CarbonPadDiagramB-ot-e1544600941481.gif\" alt=\"filtraci\u00f3n en profundidad\" width=\"200\" height=\"252\" src=\"data:image\/svg+xml;base64,PHN2ZyB3aWR0aD0iMSIgaGVpZ2h0PSIxIiB4bWxucz0iaHR0cDovL3d3dy53My5vcmcvMjAwMC9zdmciPjwvc3ZnPg==\" class=\"lazyload\" style=\"--smush-placeholder-width: 200px; --smush-placeholder-aspect-ratio: 200\/252;\" \/>\u00a0 \u00a0 \u00a0<img decoding=\"async\" data-src=\"https:\/\/www.filtrox.com\/wp-content\/uploads\/2018\/12\/CarbonPadDiagramA-ot-e1544600978518.gif\" alt=\"filtraci\u00f3n superficial\" width=\"200\" height=\"253\" src=\"data:image\/svg+xml;base64,PHN2ZyB3aWR0aD0iMSIgaGVpZ2h0PSIxIiB4bWxucz0iaHR0cDovL3d3dy53My5vcmcvMjAwMC9zdmciPjwvc3ZnPg==\" class=\"lazyload\" style=\"--smush-placeholder-width: 200px; --smush-placeholder-aspect-ratio: 200\/253;\" \/>\u00a0 \u00a0 \u00a0<img decoding=\"async\" data-src=\"https:\/\/www.filtrox.com\/wp-content\/uploads\/2018\/12\/CarbonPadDiagram_Legende.gif\" alt=\"legenda\" width=\"339\" height=\"163\" src=\"data:image\/svg+xml;base64,PHN2ZyB3aWR0aD0iMSIgaGVpZ2h0PSIxIiB4bWxucz0iaHR0cDovL3d3dy53My5vcmcvMjAwMC9zdmciPjwvc3ZnPg==\" class=\"lazyload\" style=\"--smush-placeholder-width: 339px; --smush-placeholder-aspect-ratio: 339\/163;\" \/><\/p>\n","protected":false},"excerpt":{"rendered":"<p>FILTRACI\u00d3N EN PROFUNDIDAD Los filtros en profundidad eliminan las part\u00edculas de un l\u00edquido. Esto significa que la filtraci\u00f3n de los l\u00edquidos puede ser clarificante, fina o esterilizante. Los medios filtrantes &#8220;gruesos&#8221; para la filtraci\u00f3n en profundidad tienen un grosor de entre 2,5 y 4,5 mm. Las part\u00edculas se retienen utilizando dos principios de filtraci\u00f3n: 1. &hellip; <a href=\"https:\/\/www.filtrox.com\/es\/servicios-filtracion\/filtracion-en-profundidad-2\/\" class=\"more-link\">Continue reading <span class=\"screen-reader-text\">Filtraci\u00f3n en profundidad<\/span> <span class=\"meta-nav\">&rarr;<\/span><\/a><\/p>\n","protected":false},"author":8,"featured_media":0,"parent":11593,"menu_order":83,"comment_status":"closed","ping_status":"closed","template":"template_services.php","meta":{"_acf_changed":false,"advgb_blocks_editor_width":"","advgb_blocks_columns_visual_guide":"","footnotes":""},"class_list":["post-21446","page","type-page","status-publish","hentry"],"acf":[],"yoast_head":"<!-- This site is optimized with the Yoast SEO plugin v26.3 - https:\/\/yoast.com\/wordpress\/plugins\/seo\/ -->\n<title>Filtraci\u00f3n en profundidad - Filtrox FILTROX - Soluciones de filtraci\u00f3n<\/title>\n<meta name=\"description\" content=\"La filtraci\u00f3n en profundidad elimina las part\u00edculas de un l\u00edquido. La filtraci\u00f3n de los l\u00edquidos puede ser clarificante, fina o esterilizante.\" \/>\n<meta name=\"robots\" content=\"index, follow, max-snippet:-1, max-image-preview:large, max-video-preview:-1\" \/>\n<link rel=\"canonical\" href=\"https:\/\/www.filtrox.com\/es\/servicios-filtracion\/filtracion-en-profundidad-2\/\" \/>\n<meta property=\"og:locale\" content=\"es_ES\" \/>\n<meta property=\"og:type\" content=\"article\" \/>\n<meta property=\"og:title\" content=\"Filtraci\u00f3n en profundidad - Filtrox FILTROX - Soluciones de filtraci\u00f3n\" \/>\n<meta property=\"og:description\" content=\"La filtraci\u00f3n en profundidad elimina las part\u00edculas de un l\u00edquido. La filtraci\u00f3n de los l\u00edquidos puede ser clarificante, fina o esterilizante.\" \/>\n<meta property=\"og:url\" content=\"https:\/\/www.filtrox.com\/es\/servicios-filtracion\/filtracion-en-profundidad-2\/\" \/>\n<meta property=\"og:site_name\" content=\"Filtrox\" \/>\n<meta property=\"article:publisher\" content=\"https:\/\/www.facebook.com\/Filtrox-AG-2091458717567633\" \/>\n<meta property=\"article:modified_time\" content=\"2025-01-06T09:38:06+00:00\" \/>\n<meta property=\"og:image\" content=\"https:\/\/www.filtrox.com\/wp-content\/uploads\/2018\/12\/CarbonPadDiagramC-ot-e1544600874820.gif\" \/>\n<meta name=\"twitter:card\" content=\"summary_large_image\" \/>\n<meta name=\"twitter:site\" content=\"@FILTROX1\" \/>\n<meta name=\"twitter:label1\" content=\"Tiempo de lectura\" \/>\n\t<meta name=\"twitter:data1\" content=\"4 minutos\" \/>\n<script type=\"application\/ld+json\" class=\"yoast-schema-graph\">{\"@context\":\"https:\/\/schema.org\",\"@graph\":[{\"@type\":\"WebPage\",\"@id\":\"https:\/\/www.filtrox.com\/es\/servicios-filtracion\/filtracion-en-profundidad-2\/\",\"url\":\"https:\/\/www.filtrox.com\/es\/servicios-filtracion\/filtracion-en-profundidad-2\/\",\"name\":\"Filtraci\u00f3n en profundidad - Filtrox FILTROX - Soluciones de filtraci\u00f3n\",\"isPartOf\":{\"@id\":\"https:\/\/www.filtrox.com\/#website\"},\"primaryImageOfPage\":{\"@id\":\"https:\/\/www.filtrox.com\/es\/servicios-filtracion\/filtracion-en-profundidad-2\/#primaryimage\"},\"image\":{\"@id\":\"https:\/\/www.filtrox.com\/es\/servicios-filtracion\/filtracion-en-profundidad-2\/#primaryimage\"},\"thumbnailUrl\":\"https:\/\/www.filtrox.com\/wp-content\/uploads\/2018\/12\/CarbonPadDiagramC-ot-e1544600874820.gif\",\"datePublished\":\"2019-04-09T13:13:17+00:00\",\"dateModified\":\"2025-01-06T09:38:06+00:00\",\"description\":\"La filtraci\u00f3n en profundidad elimina las part\u00edculas de un l\u00edquido. La filtraci\u00f3n de los l\u00edquidos puede ser clarificante, fina o esterilizante.\",\"breadcrumb\":{\"@id\":\"https:\/\/www.filtrox.com\/es\/servicios-filtracion\/filtracion-en-profundidad-2\/#breadcrumb\"},\"inLanguage\":\"es\",\"potentialAction\":[{\"@type\":\"ReadAction\",\"target\":[\"https:\/\/www.filtrox.com\/es\/servicios-filtracion\/filtracion-en-profundidad-2\/\"]}]},{\"@type\":\"ImageObject\",\"inLanguage\":\"es\",\"@id\":\"https:\/\/www.filtrox.com\/es\/servicios-filtracion\/filtracion-en-profundidad-2\/#primaryimage\",\"url\":\"https:\/\/www.filtrox.com\/wp-content\/uploads\/2018\/12\/CarbonPadDiagramC-ot-e1544600874820.gif\",\"contentUrl\":\"https:\/\/www.filtrox.com\/wp-content\/uploads\/2018\/12\/CarbonPadDiagramC-ot-e1544600874820.gif\"},{\"@type\":\"BreadcrumbList\",\"@id\":\"https:\/\/www.filtrox.com\/es\/servicios-filtracion\/filtracion-en-profundidad-2\/#breadcrumb\",\"itemListElement\":[{\"@type\":\"ListItem\",\"position\":1,\"name\":\"Home\",\"item\":\"https:\/\/www.filtrox.com\/es\/\"},{\"@type\":\"ListItem\",\"position\":2,\"name\":\"Servicios filtraci\u00f3n\",\"item\":\"https:\/\/www.filtrox.com\/es\/servicios-filtracion\/\"},{\"@type\":\"ListItem\",\"position\":3,\"name\":\"Filtraci\u00f3n en profundidad\"}]},{\"@type\":\"WebSite\",\"@id\":\"https:\/\/www.filtrox.com\/#website\",\"url\":\"https:\/\/www.filtrox.com\/\",\"name\":\"Filtrox\",\"description\":\"DEPTH FILTRATION FOR VALUABLE LIQUIDS.\",\"publisher\":{\"@id\":\"https:\/\/www.filtrox.com\/#organization\"},\"potentialAction\":[{\"@type\":\"SearchAction\",\"target\":{\"@type\":\"EntryPoint\",\"urlTemplate\":\"https:\/\/www.filtrox.com\/?s={search_term_string}\"},\"query-input\":{\"@type\":\"PropertyValueSpecification\",\"valueRequired\":true,\"valueName\":\"search_term_string\"}}],\"inLanguage\":\"es\"},{\"@type\":\"Organization\",\"@id\":\"https:\/\/www.filtrox.com\/#organization\",\"name\":\"Filtrox\",\"alternateName\":\"FX\",\"url\":\"https:\/\/www.filtrox.com\/\",\"logo\":{\"@type\":\"ImageObject\",\"inLanguage\":\"es\",\"@id\":\"https:\/\/www.filtrox.com\/#\/schema\/logo\/image\/\",\"url\":\"https:\/\/www.filtrox.com\/wp-content\/uploads\/2015\/02\/FX-Logo_RGB_0-74-153.jpg\",\"contentUrl\":\"https:\/\/www.filtrox.com\/wp-content\/uploads\/2015\/02\/FX-Logo_RGB_0-74-153.jpg\",\"width\":512,\"height\":512,\"caption\":\"Filtrox\"},\"image\":{\"@id\":\"https:\/\/www.filtrox.com\/#\/schema\/logo\/image\/\"},\"sameAs\":[\"https:\/\/www.facebook.com\/Filtrox-AG-2091458717567633\",\"https:\/\/x.com\/FILTROX1\",\"https:\/\/www.instagram.com\/filtroxag\/\",\"https:\/\/www.linkedin.com\/company\/34636121\/\",\"https:\/\/www.youtube.com\/channel\/UCi3A2_4M_c-CcEst9YJ4U9g\/featured?disable_polymer=1\"]}]}<\/script>\n<!-- \/ Yoast SEO plugin. -->","yoast_head_json":{"title":"Filtraci\u00f3n en profundidad - Filtrox FILTROX - Soluciones de filtraci\u00f3n","description":"La filtraci\u00f3n en profundidad elimina las part\u00edculas de un l\u00edquido. La filtraci\u00f3n de los l\u00edquidos puede ser clarificante, fina o esterilizante.","robots":{"index":"index","follow":"follow","max-snippet":"max-snippet:-1","max-image-preview":"max-image-preview:large","max-video-preview":"max-video-preview:-1"},"canonical":"https:\/\/www.filtrox.com\/es\/servicios-filtracion\/filtracion-en-profundidad-2\/","og_locale":"es_ES","og_type":"article","og_title":"Filtraci\u00f3n en profundidad - Filtrox FILTROX - Soluciones de filtraci\u00f3n","og_description":"La filtraci\u00f3n en profundidad elimina las part\u00edculas de un l\u00edquido. La filtraci\u00f3n de los l\u00edquidos puede ser clarificante, fina o esterilizante.","og_url":"https:\/\/www.filtrox.com\/es\/servicios-filtracion\/filtracion-en-profundidad-2\/","og_site_name":"Filtrox","article_publisher":"https:\/\/www.facebook.com\/Filtrox-AG-2091458717567633","article_modified_time":"2025-01-06T09:38:06+00:00","og_image":[{"url":"https:\/\/www.filtrox.com\/wp-content\/uploads\/2018\/12\/CarbonPadDiagramC-ot-e1544600874820.gif","type":"","width":"","height":""}],"twitter_card":"summary_large_image","twitter_site":"@FILTROX1","twitter_misc":{"Tiempo de lectura":"4 minutos"},"schema":{"@context":"https:\/\/schema.org","@graph":[{"@type":"WebPage","@id":"https:\/\/www.filtrox.com\/es\/servicios-filtracion\/filtracion-en-profundidad-2\/","url":"https:\/\/www.filtrox.com\/es\/servicios-filtracion\/filtracion-en-profundidad-2\/","name":"Filtraci\u00f3n en profundidad - Filtrox FILTROX - Soluciones de filtraci\u00f3n","isPartOf":{"@id":"https:\/\/www.filtrox.com\/#website"},"primaryImageOfPage":{"@id":"https:\/\/www.filtrox.com\/es\/servicios-filtracion\/filtracion-en-profundidad-2\/#primaryimage"},"image":{"@id":"https:\/\/www.filtrox.com\/es\/servicios-filtracion\/filtracion-en-profundidad-2\/#primaryimage"},"thumbnailUrl":"https:\/\/www.filtrox.com\/wp-content\/uploads\/2018\/12\/CarbonPadDiagramC-ot-e1544600874820.gif","datePublished":"2019-04-09T13:13:17+00:00","dateModified":"2025-01-06T09:38:06+00:00","description":"La filtraci\u00f3n en profundidad elimina las part\u00edculas de un l\u00edquido. La filtraci\u00f3n de los l\u00edquidos puede ser clarificante, fina o esterilizante.","breadcrumb":{"@id":"https:\/\/www.filtrox.com\/es\/servicios-filtracion\/filtracion-en-profundidad-2\/#breadcrumb"},"inLanguage":"es","potentialAction":[{"@type":"ReadAction","target":["https:\/\/www.filtrox.com\/es\/servicios-filtracion\/filtracion-en-profundidad-2\/"]}]},{"@type":"ImageObject","inLanguage":"es","@id":"https:\/\/www.filtrox.com\/es\/servicios-filtracion\/filtracion-en-profundidad-2\/#primaryimage","url":"https:\/\/www.filtrox.com\/wp-content\/uploads\/2018\/12\/CarbonPadDiagramC-ot-e1544600874820.gif","contentUrl":"https:\/\/www.filtrox.com\/wp-content\/uploads\/2018\/12\/CarbonPadDiagramC-ot-e1544600874820.gif"},{"@type":"BreadcrumbList","@id":"https:\/\/www.filtrox.com\/es\/servicios-filtracion\/filtracion-en-profundidad-2\/#breadcrumb","itemListElement":[{"@type":"ListItem","position":1,"name":"Home","item":"https:\/\/www.filtrox.com\/es\/"},{"@type":"ListItem","position":2,"name":"Servicios filtraci\u00f3n","item":"https:\/\/www.filtrox.com\/es\/servicios-filtracion\/"},{"@type":"ListItem","position":3,"name":"Filtraci\u00f3n en profundidad"}]},{"@type":"WebSite","@id":"https:\/\/www.filtrox.com\/#website","url":"https:\/\/www.filtrox.com\/","name":"Filtrox","description":"DEPTH FILTRATION FOR VALUABLE LIQUIDS.","publisher":{"@id":"https:\/\/www.filtrox.com\/#organization"},"potentialAction":[{"@type":"SearchAction","target":{"@type":"EntryPoint","urlTemplate":"https:\/\/www.filtrox.com\/?s={search_term_string}"},"query-input":{"@type":"PropertyValueSpecification","valueRequired":true,"valueName":"search_term_string"}}],"inLanguage":"es"},{"@type":"Organization","@id":"https:\/\/www.filtrox.com\/#organization","name":"Filtrox","alternateName":"FX","url":"https:\/\/www.filtrox.com\/","logo":{"@type":"ImageObject","inLanguage":"es","@id":"https:\/\/www.filtrox.com\/#\/schema\/logo\/image\/","url":"https:\/\/www.filtrox.com\/wp-content\/uploads\/2015\/02\/FX-Logo_RGB_0-74-153.jpg","contentUrl":"https:\/\/www.filtrox.com\/wp-content\/uploads\/2015\/02\/FX-Logo_RGB_0-74-153.jpg","width":512,"height":512,"caption":"Filtrox"},"image":{"@id":"https:\/\/www.filtrox.com\/#\/schema\/logo\/image\/"},"sameAs":["https:\/\/www.facebook.com\/Filtrox-AG-2091458717567633","https:\/\/x.com\/FILTROX1","https:\/\/www.instagram.com\/filtroxag\/","https:\/\/www.linkedin.com\/company\/34636121\/","https:\/\/www.youtube.com\/channel\/UCi3A2_4M_c-CcEst9YJ4U9g\/featured?disable_polymer=1"]}]}},"coauthors":[],"author_meta":{"author_link":"https:\/\/www.filtrox.com\/es\/blog\/author\/fosca-roman\/","display_name":"Fosca Roman"},"relative_dates":{"created":"Publicado 7 a\u00f1os hace","modified":"Actualizado 1 a\u00f1o hace"},"absolute_dates":{"created":"Publicado el abril 9, 2019","modified":"Actualizado el enero 6, 2025"},"absolute_dates_time":{"created":"Publicado el abril 9, 2019 2:13 pm","modified":"Actualizado el enero 6, 2025 10:38 am"},"featured_img_caption":"","featured_img":false,"series_order":"","publishpress_future_action":{"enabled":false,"date":"2026-05-02 12:52:13","action":"change-status","newStatus":"draft","terms":[],"taxonomy":"translation_priority","extraData":[]},"publishpress_future_workflow_manual_trigger":{"enabledWorkflows":[]},"_links":{"self":[{"href":"https:\/\/www.filtrox.com\/es\/wp-json\/wp\/v2\/pages\/21446","targetHints":{"allow":["GET"]}}],"collection":[{"href":"https:\/\/www.filtrox.com\/es\/wp-json\/wp\/v2\/pages"}],"about":[{"href":"https:\/\/www.filtrox.com\/es\/wp-json\/wp\/v2\/types\/page"}],"author":[{"embeddable":true,"href":"https:\/\/www.filtrox.com\/es\/wp-json\/wp\/v2\/users\/8"}],"replies":[{"embeddable":true,"href":"https:\/\/www.filtrox.com\/es\/wp-json\/wp\/v2\/comments?post=21446"}],"version-history":[{"count":3,"href":"https:\/\/www.filtrox.com\/es\/wp-json\/wp\/v2\/pages\/21446\/revisions"}],"predecessor-version":[{"id":60296,"href":"https:\/\/www.filtrox.com\/es\/wp-json\/wp\/v2\/pages\/21446\/revisions\/60296"}],"up":[{"embeddable":true,"href":"https:\/\/www.filtrox.com\/es\/wp-json\/wp\/v2\/pages\/11593"}],"wp:attachment":[{"href":"https:\/\/www.filtrox.com\/es\/wp-json\/wp\/v2\/media?parent=21446"}],"curies":[{"name":"wp","href":"https:\/\/api.w.org\/{rel}","templated":true}]}}