{"id":21471,"date":"2019-04-09T15:09:11","date_gmt":"2019-04-09T15:09:11","guid":{"rendered":"https:\/\/www.filtrox.com\/?page_id=21471"},"modified":"2025-01-06T10:13:27","modified_gmt":"2025-01-06T09:13:27","slug":"filtracion-con-carbon-activo","status":"publish","type":"page","link":"https:\/\/www.filtrox.com\/es\/servicios-filtracion\/conocimiento-filtracion\/filtracion-con-carbon-activo\/","title":{"rendered":"Filtraci\u00f3n en profundidad con carb\u00f3n activo"},"content":{"rendered":"<div class=\"yoast-breadcrumbs\">\t&#8211;\n<span><span><a href=\"https:\/\/www.filtrox.com\/es\/\">Home<\/a><\/span> \u00bb <span><a href=\"https:\/\/www.filtrox.com\/es\/servicios-filtracion\/\">Servicios filtraci\u00f3n<\/a><\/span> \u00bb <span><a href=\"https:\/\/www.filtrox.com\/es\/servicios-filtracion\/conocimiento-filtracion\/\">Conocimiento de filtraci\u00f3n<\/a><\/span> \u00bb <span class=\"breadcrumb_last\" aria-current=\"page\"><strong>Filtraci\u00f3n en profundidad con carb\u00f3n activo<\/strong><\/span><\/span><\/div>\n\n\n<p><img decoding=\"async\" class=\"alignnone lazyload\" title=\"Carbofil for decolorization of liquids with activated carbon\" data-src=\"https:\/\/www.filtrox.com\/wp-content\/uploads\/2021\/08\/Carbofil_header.jpg\" alt=\"filtraci\u00f3n con carb\u00f3n activo\" width=\"100%\" height=\"\" src=\"data:image\/svg+xml;base64,PHN2ZyB3aWR0aD0iMSIgaGVpZ2h0PSIxIiB4bWxucz0iaHR0cDovL3d3dy53My5vcmcvMjAwMC9zdmciPjwvc3ZnPg==\" style=\"--smush-placeholder-width: 800px; --smush-placeholder-aspect-ratio: 800\/200;\" \/><\/p>\n\n\n\n<h2>FILTRACI\u00d3N CON CARB\u00d3N ACTIVO<\/h2>\n\n\n\n<p>Los carbones activos en polvo (PAC) desempe\u00f1an un papel fundamental en una amplia gama de aplicaciones de filtraci\u00f3n con carb\u00f3n activo. La decoloraci\u00f3n, desodorizaci\u00f3n o la eliminaci\u00f3n de otras trazas de impurezas se encuentran entre las aplicaciones m\u00e1s comunes en las que los PAC se usan ampliamente en las industrias farmac\u00e9uticas, de alimentos y de bebidas. Debido a sus caracter\u00edsticas de adsorci\u00f3n \u00fanicas, los PAC tambi\u00e9n se utilizan en el procesamiento biotecnol\u00f3gico y la producci\u00f3n de productos qu\u00edmicos finos. Para satisfacer estas demandas hay una gran cantidad de carbones activos disponibles.\u00a0 Cada tipo ofrece diferentes niveles de activaci\u00f3n, estructura molecular y niveles de pureza. El uso de carb\u00f3n activo en forma inmovilizada (por ejemplo, en una placa filtrante de profundidad o m\u00f3dulo lenticular) ofrece importantes beneficios en el manejo, la limpieza y el tiempo (ahorro de costos), en comparaci\u00f3n con el uso de PAC.<\/p>\n<p>Los productos con carb\u00f3n activo ACTIVASORB\u00ae de FILTROX brindan todos los beneficios del carb\u00f3n activo inmovilizado versus el PAC. Adem\u00e1s, la eficiencia de adsorci\u00f3n del carb\u00f3n activo inmovilizado es mayor que con una cantidad equivalente de PAC en masa.<\/p>\n\n\n\n<div style=\"height:25px\" aria-hidden=\"true\" class=\"wp-block-spacer\"><\/div>\n\n\n\n<h2>Distribuci\u00f3n del tama\u00f1o de poro<\/h2>\n\n\n\n<div class=\"wp-block-columns is-layout-flex wp-container-core-columns-is-layout-1 wp-block-columns-is-layout-flex\">\n<div class=\"wp-block-column is-layout-flow wp-block-column-is-layout-flow\" style=\"flex-basis:33.33%\">\n\n\n<figure class=\"wp-block-image size-full\"><a href=\"https:\/\/www.filtrox.com\/wp-content\/uploads\/2023\/05\/Activasorb_graph_05-2023.gif\"><img decoding=\"async\" width=\"800\" height=\"480\" data-src=\"https:\/\/www.filtrox.com\/wp-content\/uploads\/2023\/05\/Activasorb_graph_05-2023.gif\" alt=\"pore size distribution of the Activasorb activaded carbon grades\" class=\"wp-image-53082 lazyload\" src=\"data:image\/svg+xml;base64,PHN2ZyB3aWR0aD0iMSIgaGVpZ2h0PSIxIiB4bWxucz0iaHR0cDovL3d3dy53My5vcmcvMjAwMC9zdmciPjwvc3ZnPg==\" style=\"--smush-placeholder-width: 800px; --smush-placeholder-aspect-ratio: 800\/480;\" \/><\/a><\/figure>\n<\/div>\n\n\n\n<div class=\"wp-block-column is-layout-flow wp-block-column-is-layout-flow\" style=\"flex-basis:66.66%\">\n<p>El carb\u00f3n activo es un material adsorbente altamente poroso. Los contaminantes org\u00e1nicos quedan atrapados dentro de los poros. Los tama\u00f1os de poro var\u00edan entre microporos, mesoporos y macroporos. Estos con diversos patrones de distribuci\u00f3n de tama\u00f1o de poro entre diferentes carbones activos, dependiendo del m\u00e9todo de activaci\u00f3n y la fuente del material involucrado. Ejemplo a la derecha: la distribuci\u00f3n del tama\u00f1o de poro de ACTIVASORB\u00ae y las \u00e1reas de aplicaci\u00f3n.<\/p>\n<\/div>\n<\/div>\n\n\n\n<div style=\"height:20px\" aria-hidden=\"true\" class=\"wp-block-spacer\"><\/div>\n\n\n<h2>Caracter\u00edsticas del carb\u00f3n activo<\/h2>\n<p>La distribuci\u00f3n del tama\u00f1o del poro de un cierto carb\u00f3n activo es responsable de su patr\u00f3n de adsorci\u00f3n espec\u00edfico. Este se caracteriza por el n\u00famero de yodo, la adsorci\u00f3n de azul de metileno y el n\u00famero de melazas.<\/p>\n<table style=\"border-collapse: collapse; width: 100%; height: 23px;\">\n<tbody>\n<tr style=\"height: 23px;\">\n<td style=\"width: 33.3333%; height: 23px;\">\n<figure style=\"width: 200px\" class=\"wp-caption alignnone\"><img decoding=\"async\" data-src=\"https:\/\/www.filtrox.com\/wp-content\/uploads\/2018\/12\/Activated_Carbon_Bild_03_03.gif\" alt=\"Molassis Index Macropore\" width=\"200\" height=\"211\" src=\"data:image\/svg+xml;base64,PHN2ZyB3aWR0aD0iMSIgaGVpZ2h0PSIxIiB4bWxucz0iaHR0cDovL3d3dy53My5vcmcvMjAwMC9zdmciPjwvc3ZnPg==\" class=\"lazyload\" style=\"--smush-placeholder-width: 200px; --smush-placeholder-aspect-ratio: 200\/211;\" \/><figcaption class=\"wp-caption-text\">Molasses Index Macropore (r &gt; 25 nm)<\/figcaption><\/figure>\n<\/td>\n<td style=\"width: 33.3333%; height: 23px;\">\n<figure style=\"width: 200px\" class=\"wp-caption alignnone\"><img decoding=\"async\" data-src=\"https:\/\/www.filtrox.com\/wp-content\/uploads\/2018\/12\/Activated_Carbon_Bild_02_03.gif\" alt=\"Methylene blue Index Mesopore\" width=\"200\" height=\"203\" src=\"data:image\/svg+xml;base64,PHN2ZyB3aWR0aD0iMSIgaGVpZ2h0PSIxIiB4bWxucz0iaHR0cDovL3d3dy53My5vcmcvMjAwMC9zdmciPjwvc3ZnPg==\" class=\"lazyload\" style=\"--smush-placeholder-width: 200px; --smush-placeholder-aspect-ratio: 200\/203;\" \/><figcaption class=\"wp-caption-text\">Methylene blue Mesopore (1 &lt; r &lt; 25 nm)<\/figcaption><\/figure>\n<\/td>\n<td style=\"width: 33.3333%; height: 23px;\">\n<figure style=\"width: 200px\" class=\"wp-caption alignnone\"><img decoding=\"async\" data-src=\"https:\/\/www.filtrox.com\/wp-content\/uploads\/2018\/12\/Activated_Carbon_Bild_01_03.gif\" alt=\"Iodine index Micropore\" width=\"200\" height=\"202\" src=\"data:image\/svg+xml;base64,PHN2ZyB3aWR0aD0iMSIgaGVpZ2h0PSIxIiB4bWxucz0iaHR0cDovL3d3dy53My5vcmcvMjAwMC9zdmciPjwvc3ZnPg==\" class=\"lazyload\" style=\"--smush-placeholder-width: 200px; --smush-placeholder-aspect-ratio: 200\/202;\" \/><figcaption class=\"wp-caption-text\">Iodine Index Micropore (r &lt; 1 nm)<\/figcaption><\/figure>\n<\/td>\n<\/tr>\n<\/tbody>\n<\/table>\n\n\n<h2>Videos<\/h2>\n\n\n\n<figure class=\"wp-block-embed aligncenter is-type-video is-provider-youtube wp-block-embed-youtube wp-embed-aspect-16-9 wp-has-aspect-ratio\"><div class=\"wp-block-embed__wrapper\">\n<iframe title=\"ACTIVASORB\u00ae, filtration with activated carbon - short - FILTROX 2023\" width=\"604\" height=\"340\" data-src=\"https:\/\/www.youtube.com\/embed\/twrHotb-jK8?feature=oembed\" frameborder=\"0\" allow=\"accelerometer; autoplay; clipboard-write; encrypted-media; gyroscope; picture-in-picture; web-share\" referrerpolicy=\"strict-origin-when-cross-origin\" allowfullscreen src=\"data:image\/svg+xml;base64,PHN2ZyB3aWR0aD0iMSIgaGVpZ2h0PSIxIiB4bWxucz0iaHR0cDovL3d3dy53My5vcmcvMjAwMC9zdmciPjwvc3ZnPg==\" class=\"lazyload\" data-load-mode=\"1\"><\/iframe>\n<\/div><\/figure>\n\n\n\n<figure class=\"wp-block-embed is-type-rich is-provider-gestor-del-servicio wp-block-embed-gestor-del-servicio wp-embed-aspect-16-9 wp-has-aspect-ratio\"><div class=\"wp-block-embed__wrapper\">\n<iframe title=\"Decolorization of liquids with ACTIVASORB\u00ae carbon pads\" width=\"604\" height=\"340\" data-src=\"https:\/\/www.youtube.com\/embed\/h6BsmhnPqHw?feature=oembed\" frameborder=\"0\" allow=\"accelerometer; autoplay; clipboard-write; encrypted-media; gyroscope; picture-in-picture; web-share\" referrerpolicy=\"strict-origin-when-cross-origin\" allowfullscreen src=\"data:image\/svg+xml;base64,PHN2ZyB3aWR0aD0iMSIgaGVpZ2h0PSIxIiB4bWxucz0iaHR0cDovL3d3dy53My5vcmcvMjAwMC9zdmciPjwvc3ZnPg==\" class=\"lazyload\" data-load-mode=\"1\"><\/iframe>\n<\/div><\/figure>\n\n\n\n<div style=\"height:20px\" aria-hidden=\"true\" class=\"wp-block-spacer\"><\/div>\n","protected":false},"excerpt":{"rendered":"<p>FILTRACI\u00d3N CON CARB\u00d3N ACTIVO Los carbones activos en polvo (PAC) desempe\u00f1an un papel fundamental en una amplia gama de aplicaciones de filtraci\u00f3n con carb\u00f3n activo. La decoloraci\u00f3n, desodorizaci\u00f3n o la eliminaci\u00f3n de otras trazas de impurezas se encuentran entre las aplicaciones m\u00e1s comunes en las que los PAC se usan ampliamente en las industrias farmac\u00e9uticas, &hellip; <a href=\"https:\/\/www.filtrox.com\/es\/servicios-filtracion\/conocimiento-filtracion\/filtracion-con-carbon-activo\/\" class=\"more-link\">Continue reading <span class=\"screen-reader-text\">Filtraci\u00f3n en profundidad con carb\u00f3n activo<\/span> <span class=\"meta-nav\">&rarr;<\/span><\/a><\/p>\n","protected":false},"author":8,"featured_media":0,"parent":18566,"menu_order":71,"comment_status":"closed","ping_status":"open","template":"","meta":{"_acf_changed":false,"advgb_blocks_editor_width":"","advgb_blocks_columns_visual_guide":"","footnotes":""},"class_list":["post-21471","page","type-page","status-publish","hentry"],"acf":[],"yoast_head":"<!-- This site is optimized with the Yoast SEO plugin v26.3 - https:\/\/yoast.com\/wordpress\/plugins\/seo\/ -->\n<title>Filtraci\u00f3n en profundidad con carb\u00f3n activo - Filtrox<\/title>\n<meta name=\"description\" content=\"Filtraci\u00f3n con carb\u00f3n activo. Aplicaciones de decoloraci\u00f3n, desodorizaci\u00f3n o la eliminaci\u00f3n de otras trazas de impurezas.\" \/>\n<meta name=\"robots\" content=\"index, follow, max-snippet:-1, max-image-preview:large, max-video-preview:-1\" \/>\n<link rel=\"canonical\" href=\"https:\/\/www.filtrox.com\/es\/servicios-filtracion\/conocimiento-filtracion\/filtracion-con-carbon-activo\/\" \/>\n<meta property=\"og:locale\" content=\"es_ES\" \/>\n<meta property=\"og:type\" content=\"article\" \/>\n<meta property=\"og:title\" content=\"Filtraci\u00f3n en profundidad con carb\u00f3n activo - Filtrox\" \/>\n<meta property=\"og:description\" content=\"Filtraci\u00f3n con carb\u00f3n activo. Aplicaciones de decoloraci\u00f3n, desodorizaci\u00f3n o la eliminaci\u00f3n de otras trazas de impurezas.\" \/>\n<meta property=\"og:url\" content=\"https:\/\/www.filtrox.com\/es\/servicios-filtracion\/conocimiento-filtracion\/filtracion-con-carbon-activo\/\" \/>\n<meta property=\"og:site_name\" content=\"Filtrox\" \/>\n<meta property=\"article:publisher\" content=\"https:\/\/www.facebook.com\/Filtrox-AG-2091458717567633\" \/>\n<meta property=\"article:modified_time\" content=\"2025-01-06T09:13:27+00:00\" \/>\n<meta property=\"og:image\" content=\"https:\/\/www.filtrox.com\/wp-content\/uploads\/2021\/08\/Carbofil_header.jpg\" \/>\n<meta name=\"twitter:card\" content=\"summary_large_image\" \/>\n<meta name=\"twitter:site\" content=\"@FILTROX1\" \/>\n<meta name=\"twitter:label1\" content=\"Tiempo de lectura\" \/>\n\t<meta name=\"twitter:data1\" content=\"3 minutos\" \/>\n<script type=\"application\/ld+json\" class=\"yoast-schema-graph\">{\"@context\":\"https:\/\/schema.org\",\"@graph\":[{\"@type\":\"WebPage\",\"@id\":\"https:\/\/www.filtrox.com\/es\/servicios-filtracion\/conocimiento-filtracion\/filtracion-con-carbon-activo\/\",\"url\":\"https:\/\/www.filtrox.com\/es\/servicios-filtracion\/conocimiento-filtracion\/filtracion-con-carbon-activo\/\",\"name\":\"Filtraci\u00f3n en profundidad con carb\u00f3n activo - Filtrox\",\"isPartOf\":{\"@id\":\"https:\/\/www.filtrox.com\/#website\"},\"primaryImageOfPage\":{\"@id\":\"https:\/\/www.filtrox.com\/es\/servicios-filtracion\/conocimiento-filtracion\/filtracion-con-carbon-activo\/#primaryimage\"},\"image\":{\"@id\":\"https:\/\/www.filtrox.com\/es\/servicios-filtracion\/conocimiento-filtracion\/filtracion-con-carbon-activo\/#primaryimage\"},\"thumbnailUrl\":\"https:\/\/www.filtrox.com\/wp-content\/uploads\/2021\/08\/Carbofil_header.jpg\",\"datePublished\":\"2019-04-09T15:09:11+00:00\",\"dateModified\":\"2025-01-06T09:13:27+00:00\",\"description\":\"Filtraci\u00f3n con carb\u00f3n activo. Aplicaciones de decoloraci\u00f3n, desodorizaci\u00f3n o la eliminaci\u00f3n de otras trazas de impurezas.\",\"breadcrumb\":{\"@id\":\"https:\/\/www.filtrox.com\/es\/servicios-filtracion\/conocimiento-filtracion\/filtracion-con-carbon-activo\/#breadcrumb\"},\"inLanguage\":\"es\",\"potentialAction\":[{\"@type\":\"ReadAction\",\"target\":[\"https:\/\/www.filtrox.com\/es\/servicios-filtracion\/conocimiento-filtracion\/filtracion-con-carbon-activo\/\"]}]},{\"@type\":\"ImageObject\",\"inLanguage\":\"es\",\"@id\":\"https:\/\/www.filtrox.com\/es\/servicios-filtracion\/conocimiento-filtracion\/filtracion-con-carbon-activo\/#primaryimage\",\"url\":\"https:\/\/www.filtrox.com\/wp-content\/uploads\/2021\/08\/Carbofil_header.jpg\",\"contentUrl\":\"https:\/\/www.filtrox.com\/wp-content\/uploads\/2021\/08\/Carbofil_header.jpg\"},{\"@type\":\"BreadcrumbList\",\"@id\":\"https:\/\/www.filtrox.com\/es\/servicios-filtracion\/conocimiento-filtracion\/filtracion-con-carbon-activo\/#breadcrumb\",\"itemListElement\":[{\"@type\":\"ListItem\",\"position\":1,\"name\":\"Home\",\"item\":\"https:\/\/www.filtrox.com\/es\/\"},{\"@type\":\"ListItem\",\"position\":2,\"name\":\"Servicios filtraci\u00f3n\",\"item\":\"https:\/\/www.filtrox.com\/es\/servicios-filtracion\/\"},{\"@type\":\"ListItem\",\"position\":3,\"name\":\"Conocimiento de filtraci\u00f3n\",\"item\":\"https:\/\/www.filtrox.com\/es\/servicios-filtracion\/conocimiento-filtracion\/\"},{\"@type\":\"ListItem\",\"position\":4,\"name\":\"Filtraci\u00f3n en profundidad con carb\u00f3n activo\"}]},{\"@type\":\"WebSite\",\"@id\":\"https:\/\/www.filtrox.com\/#website\",\"url\":\"https:\/\/www.filtrox.com\/\",\"name\":\"Filtrox\",\"description\":\"DEPTH FILTRATION FOR VALUABLE LIQUIDS.\",\"publisher\":{\"@id\":\"https:\/\/www.filtrox.com\/#organization\"},\"potentialAction\":[{\"@type\":\"SearchAction\",\"target\":{\"@type\":\"EntryPoint\",\"urlTemplate\":\"https:\/\/www.filtrox.com\/?s={search_term_string}\"},\"query-input\":{\"@type\":\"PropertyValueSpecification\",\"valueRequired\":true,\"valueName\":\"search_term_string\"}}],\"inLanguage\":\"es\"},{\"@type\":\"Organization\",\"@id\":\"https:\/\/www.filtrox.com\/#organization\",\"name\":\"Filtrox\",\"alternateName\":\"FX\",\"url\":\"https:\/\/www.filtrox.com\/\",\"logo\":{\"@type\":\"ImageObject\",\"inLanguage\":\"es\",\"@id\":\"https:\/\/www.filtrox.com\/#\/schema\/logo\/image\/\",\"url\":\"https:\/\/www.filtrox.com\/wp-content\/uploads\/2015\/02\/FX-Logo_RGB_0-74-153.jpg\",\"contentUrl\":\"https:\/\/www.filtrox.com\/wp-content\/uploads\/2015\/02\/FX-Logo_RGB_0-74-153.jpg\",\"width\":512,\"height\":512,\"caption\":\"Filtrox\"},\"image\":{\"@id\":\"https:\/\/www.filtrox.com\/#\/schema\/logo\/image\/\"},\"sameAs\":[\"https:\/\/www.facebook.com\/Filtrox-AG-2091458717567633\",\"https:\/\/x.com\/FILTROX1\",\"https:\/\/www.instagram.com\/filtroxag\/\",\"https:\/\/www.linkedin.com\/company\/34636121\/\",\"https:\/\/www.youtube.com\/channel\/UCi3A2_4M_c-CcEst9YJ4U9g\/featured?disable_polymer=1\"]}]}<\/script>\n<!-- \/ Yoast SEO plugin. -->","yoast_head_json":{"title":"Filtraci\u00f3n en profundidad con carb\u00f3n activo - Filtrox","description":"Filtraci\u00f3n con carb\u00f3n activo. Aplicaciones de decoloraci\u00f3n, desodorizaci\u00f3n o la eliminaci\u00f3n de otras trazas de impurezas.","robots":{"index":"index","follow":"follow","max-snippet":"max-snippet:-1","max-image-preview":"max-image-preview:large","max-video-preview":"max-video-preview:-1"},"canonical":"https:\/\/www.filtrox.com\/es\/servicios-filtracion\/conocimiento-filtracion\/filtracion-con-carbon-activo\/","og_locale":"es_ES","og_type":"article","og_title":"Filtraci\u00f3n en profundidad con carb\u00f3n activo - Filtrox","og_description":"Filtraci\u00f3n con carb\u00f3n activo. Aplicaciones de decoloraci\u00f3n, desodorizaci\u00f3n o la eliminaci\u00f3n de otras trazas de impurezas.","og_url":"https:\/\/www.filtrox.com\/es\/servicios-filtracion\/conocimiento-filtracion\/filtracion-con-carbon-activo\/","og_site_name":"Filtrox","article_publisher":"https:\/\/www.facebook.com\/Filtrox-AG-2091458717567633","article_modified_time":"2025-01-06T09:13:27+00:00","og_image":[{"url":"https:\/\/www.filtrox.com\/wp-content\/uploads\/2021\/08\/Carbofil_header.jpg","type":"","width":"","height":""}],"twitter_card":"summary_large_image","twitter_site":"@FILTROX1","twitter_misc":{"Tiempo de lectura":"3 minutos"},"schema":{"@context":"https:\/\/schema.org","@graph":[{"@type":"WebPage","@id":"https:\/\/www.filtrox.com\/es\/servicios-filtracion\/conocimiento-filtracion\/filtracion-con-carbon-activo\/","url":"https:\/\/www.filtrox.com\/es\/servicios-filtracion\/conocimiento-filtracion\/filtracion-con-carbon-activo\/","name":"Filtraci\u00f3n en profundidad con carb\u00f3n activo - Filtrox","isPartOf":{"@id":"https:\/\/www.filtrox.com\/#website"},"primaryImageOfPage":{"@id":"https:\/\/www.filtrox.com\/es\/servicios-filtracion\/conocimiento-filtracion\/filtracion-con-carbon-activo\/#primaryimage"},"image":{"@id":"https:\/\/www.filtrox.com\/es\/servicios-filtracion\/conocimiento-filtracion\/filtracion-con-carbon-activo\/#primaryimage"},"thumbnailUrl":"https:\/\/www.filtrox.com\/wp-content\/uploads\/2021\/08\/Carbofil_header.jpg","datePublished":"2019-04-09T15:09:11+00:00","dateModified":"2025-01-06T09:13:27+00:00","description":"Filtraci\u00f3n con carb\u00f3n activo. Aplicaciones de decoloraci\u00f3n, desodorizaci\u00f3n o la eliminaci\u00f3n de otras trazas de impurezas.","breadcrumb":{"@id":"https:\/\/www.filtrox.com\/es\/servicios-filtracion\/conocimiento-filtracion\/filtracion-con-carbon-activo\/#breadcrumb"},"inLanguage":"es","potentialAction":[{"@type":"ReadAction","target":["https:\/\/www.filtrox.com\/es\/servicios-filtracion\/conocimiento-filtracion\/filtracion-con-carbon-activo\/"]}]},{"@type":"ImageObject","inLanguage":"es","@id":"https:\/\/www.filtrox.com\/es\/servicios-filtracion\/conocimiento-filtracion\/filtracion-con-carbon-activo\/#primaryimage","url":"https:\/\/www.filtrox.com\/wp-content\/uploads\/2021\/08\/Carbofil_header.jpg","contentUrl":"https:\/\/www.filtrox.com\/wp-content\/uploads\/2021\/08\/Carbofil_header.jpg"},{"@type":"BreadcrumbList","@id":"https:\/\/www.filtrox.com\/es\/servicios-filtracion\/conocimiento-filtracion\/filtracion-con-carbon-activo\/#breadcrumb","itemListElement":[{"@type":"ListItem","position":1,"name":"Home","item":"https:\/\/www.filtrox.com\/es\/"},{"@type":"ListItem","position":2,"name":"Servicios filtraci\u00f3n","item":"https:\/\/www.filtrox.com\/es\/servicios-filtracion\/"},{"@type":"ListItem","position":3,"name":"Conocimiento de filtraci\u00f3n","item":"https:\/\/www.filtrox.com\/es\/servicios-filtracion\/conocimiento-filtracion\/"},{"@type":"ListItem","position":4,"name":"Filtraci\u00f3n en profundidad con carb\u00f3n activo"}]},{"@type":"WebSite","@id":"https:\/\/www.filtrox.com\/#website","url":"https:\/\/www.filtrox.com\/","name":"Filtrox","description":"DEPTH FILTRATION FOR VALUABLE LIQUIDS.","publisher":{"@id":"https:\/\/www.filtrox.com\/#organization"},"potentialAction":[{"@type":"SearchAction","target":{"@type":"EntryPoint","urlTemplate":"https:\/\/www.filtrox.com\/?s={search_term_string}"},"query-input":{"@type":"PropertyValueSpecification","valueRequired":true,"valueName":"search_term_string"}}],"inLanguage":"es"},{"@type":"Organization","@id":"https:\/\/www.filtrox.com\/#organization","name":"Filtrox","alternateName":"FX","url":"https:\/\/www.filtrox.com\/","logo":{"@type":"ImageObject","inLanguage":"es","@id":"https:\/\/www.filtrox.com\/#\/schema\/logo\/image\/","url":"https:\/\/www.filtrox.com\/wp-content\/uploads\/2015\/02\/FX-Logo_RGB_0-74-153.jpg","contentUrl":"https:\/\/www.filtrox.com\/wp-content\/uploads\/2015\/02\/FX-Logo_RGB_0-74-153.jpg","width":512,"height":512,"caption":"Filtrox"},"image":{"@id":"https:\/\/www.filtrox.com\/#\/schema\/logo\/image\/"},"sameAs":["https:\/\/www.facebook.com\/Filtrox-AG-2091458717567633","https:\/\/x.com\/FILTROX1","https:\/\/www.instagram.com\/filtroxag\/","https:\/\/www.linkedin.com\/company\/34636121\/","https:\/\/www.youtube.com\/channel\/UCi3A2_4M_c-CcEst9YJ4U9g\/featured?disable_polymer=1"]}]}},"coauthors":[],"author_meta":{"author_link":"https:\/\/www.filtrox.com\/es\/blog\/author\/fosca-roman\/","display_name":"Fosca Roman"},"relative_dates":{"created":"Publicado 7 a\u00f1os hace","modified":"Actualizado 1 a\u00f1o hace"},"absolute_dates":{"created":"Publicado el abril 9, 2019","modified":"Actualizado el enero 6, 2025"},"absolute_dates_time":{"created":"Publicado el abril 9, 2019 3:09 pm","modified":"Actualizado el enero 6, 2025 10:13 am"},"featured_img_caption":"","featured_img":false,"series_order":"","publishpress_future_action":{"enabled":false,"date":"2026-05-07 18:14:02","action":"change-status","newStatus":"draft","terms":[],"taxonomy":"translation_priority","extraData":[]},"publishpress_future_workflow_manual_trigger":{"enabledWorkflows":[]},"_links":{"self":[{"href":"https:\/\/www.filtrox.com\/es\/wp-json\/wp\/v2\/pages\/21471","targetHints":{"allow":["GET"]}}],"collection":[{"href":"https:\/\/www.filtrox.com\/es\/wp-json\/wp\/v2\/pages"}],"about":[{"href":"https:\/\/www.filtrox.com\/es\/wp-json\/wp\/v2\/types\/page"}],"author":[{"embeddable":true,"href":"https:\/\/www.filtrox.com\/es\/wp-json\/wp\/v2\/users\/8"}],"replies":[{"embeddable":true,"href":"https:\/\/www.filtrox.com\/es\/wp-json\/wp\/v2\/comments?post=21471"}],"version-history":[{"count":11,"href":"https:\/\/www.filtrox.com\/es\/wp-json\/wp\/v2\/pages\/21471\/revisions"}],"predecessor-version":[{"id":60282,"href":"https:\/\/www.filtrox.com\/es\/wp-json\/wp\/v2\/pages\/21471\/revisions\/60282"}],"up":[{"embeddable":true,"href":"https:\/\/www.filtrox.com\/es\/wp-json\/wp\/v2\/pages\/18566"}],"wp:attachment":[{"href":"https:\/\/www.filtrox.com\/es\/wp-json\/wp\/v2\/media?parent=21471"}],"curies":[{"name":"wp","href":"https:\/\/api.w.org\/{rel}","templated":true}]}}