{"id":38941,"date":"2021-06-16T15:37:20","date_gmt":"2021-06-16T14:37:20","guid":{"rendered":"https:\/\/www.filtrox.com\/?page_id=38941"},"modified":"2025-06-26T13:57:06","modified_gmt":"2025-06-26T12:57:06","slug":"empleos","status":"publish","type":"page","link":"https:\/\/www.filtrox.com\/es\/contacto\/empleos\/","title":{"rendered":"Empleos"},"content":{"rendered":"\n<h4><strong><span style=\"font-size: 24pt;\">Estas son las vacantes actuales de trabajo<\/span><\/strong><\/h4>\n<p>Grandes personas son la fuerza impulsora detr\u00e1s de nuestro negocio. Estamos orgullosos de tener un gran equipo de especialistas dedicados. Intentan ampliar los l\u00edmites de lo posible todos los d\u00edas.<\/p>\n<p>Buscamos constantemente nuevos talentos para fortalecer nuestro motivado equipo. \u00bfEst\u00e1 interesado en trabajar para un l\u00edder mundial en tecnolog\u00eda de filtraci\u00f3n profunda? \u00bfPor un nicho peque\u00f1o pero encantador? Entonces env\u00edenos su solicitud.<\/p>\n<p>Encuentra nuestras vacantes aqu\u00ed:<\/p>\n\n\n\n<hr class=\"wp-block-separator has-css-opacity is-style-wide\"\/>\n\n\n\n<p><strong>ATTUALMENTE\u00a0 NO HAY VACANTES.<\/strong><\/p>\n<p>\u00a0<\/p>\n<p>\u00a0<\/p>\n\n\n\n<hr class=\"wp-block-separator has-css-opacity is-style-wide\"\/>\n\n\n\n<p>Por favor, env\u00ede su solicitud para vacantes y empleos a:<\/p>\n<p>FILTROX AG<br>\nHuman Ressources<br>\nMoosmuehlestrasse 6<br>\n9001 St.Gallen<br>\nSwitzerland<br>\n<a href=\"mailto:jobs@filtrox.com\">jobs@filtrox.com<\/a><\/p>\n<div id=\"simple-translate\">&nbsp;<\/div>\n\n\n\n<div style=\"height:100px\" aria-hidden=\"true\" class=\"wp-block-spacer\"><\/div>\n\n\n\n<h4><span style=\"font-size: 24pt;\"><strong>EDUCACI\u00d3N<\/strong><\/span><\/h4>\n<p>Apoyamos la educaci\u00f3n y la formaci\u00f3n de j\u00f3venes profesionales y estamos orgullosos de ser miembro de las siguientes organizaciones:<\/p>\n<table style=\"width: 100%;\">\n<tbody>\n<tr>\n<td width=\"200\"><a href=\"\/wp-content\/uploads\/2015\/02\/^94FD3C46638A1BC7D1F5AE163F5C5FAF039C4CEEB9C0F7D05F^pimgpsh_fullsize_distr.png\"><img decoding=\"async\" class=\"alignnone wp-image-1653 size-full lazyload\" title=\"Il portale della formazione professionale e professionale svizzera. Trova documenti utili, link e un glossario. vacanti.\" data-src=\"https:\/\/www.filtrox.com\/wp-content\/uploads\/2015\/02\/^94FD3C46638A1BC7D1F5AE163F5C5FAF039C4CEEB9C0F7D05F^pimgpsh_fullsize_distr.png\" alt=\"Empleos: Il portale della formazione professionale e professionale svizzera. Trova documenti utili, link e un glossario.\" width=\"108\" height=\"108\" data-srcset=\"https:\/\/www.filtrox.com\/wp-content\/uploads\/2015\/02\/^94FD3C46638A1BC7D1F5AE163F5C5FAF039C4CEEB9C0F7D05F^pimgpsh_fullsize_distr.png 108w, https:\/\/www.filtrox.com\/wp-content\/uploads\/2015\/02\/^94FD3C46638A1BC7D1F5AE163F5C5FAF039C4CEEB9C0F7D05F^pimgpsh_fullsize_distr-24x24.png 24w, https:\/\/www.filtrox.com\/wp-content\/uploads\/2015\/02\/^94FD3C46638A1BC7D1F5AE163F5C5FAF039C4CEEB9C0F7D05F^pimgpsh_fullsize_distr-36x36.png 36w, https:\/\/www.filtrox.com\/wp-content\/uploads\/2015\/02\/^94FD3C46638A1BC7D1F5AE163F5C5FAF039C4CEEB9C0F7D05F^pimgpsh_fullsize_distr-48x48.png 48w\" data-sizes=\"(max-width: 108px) 100vw, 108px\" src=\"data:image\/svg+xml;base64,PHN2ZyB3aWR0aD0iMSIgaGVpZ2h0PSIxIiB4bWxucz0iaHR0cDovL3d3dy53My5vcmcvMjAwMC9zdmciPjwvc3ZnPg==\" style=\"--smush-placeholder-width: 108px; --smush-placeholder-aspect-ratio: 108\/108;\" \/><\/a><\/td>\n<td>\n<p>\u00a0<a title=\"website for vocational training\" href=\"http:\/\/berufsbildung.ch\" target=\"_blank\" rel=\"noopener noreferrer\">berufsbildung.ch<\/a><\/p>\n<p>The portal of Swiss Vocational and Professional Education and Training. Encuentre documentos \u00fatiles, enlaces y un glosario.<\/p>\n<\/td>\n<\/tr>\n<tr>\n<td><a href=\"\/wp-content\/uploads\/2015\/02\/Filtrox-ABOUT-US-tunostschweiz_PR-100x1001.gif\"><img decoding=\"async\" class=\"alignnone wp-image-2620 size-full lazyload\" title=\"Questo \u00e8 un laboratorio di ricerca e laboratorio di inventori. Vacanti.\" data-src=\"https:\/\/www.filtrox.com\/wp-content\/uploads\/2015\/02\/Filtrox-ABOUT-US-tunostschweiz_PR-100x1001.gif\" alt=\"Per vacanti. Questo \u00e8 un laboratorio di ricerca e laboratorio di inventori.\" width=\"100\" height=\"100\" data-srcset=\"https:\/\/www.filtrox.com\/wp-content\/uploads\/2015\/02\/Filtrox-ABOUT-US-tunostschweiz_PR-100x1001.gif 100w, https:\/\/www.filtrox.com\/wp-content\/uploads\/2015\/02\/Filtrox-ABOUT-US-tunostschweiz_PR-100x1001-24x24.gif 24w, https:\/\/www.filtrox.com\/wp-content\/uploads\/2015\/02\/Filtrox-ABOUT-US-tunostschweiz_PR-100x1001-36x36.gif 36w, https:\/\/www.filtrox.com\/wp-content\/uploads\/2015\/02\/Filtrox-ABOUT-US-tunostschweiz_PR-100x1001-48x48.gif 48w\" data-sizes=\"(max-width: 100px) 100vw, 100px\" src=\"data:image\/svg+xml;base64,PHN2ZyB3aWR0aD0iMSIgaGVpZ2h0PSIxIiB4bWxucz0iaHR0cDovL3d3dy53My5vcmcvMjAwMC9zdmciPjwvc3ZnPg==\" style=\"--smush-placeholder-width: 100px; --smush-placeholder-aspect-ratio: 100\/100;\" \/><\/a><\/td>\n<td>\n<p>\u00a0<a title=\"youth development in technology and natural sciences\" href=\"http:\/\/tunOstschweiz.ch\" target=\"_blank\" rel=\"noopener noreferrer\">tunOstschweiz.ch<\/a><\/p>\n<p>Este es un laboratorio de investigaci\u00f3n y taller de inventores. Los ni\u00f1os y adolescentes de 6 a 13 a\u00f1os pueden investigar, sorprenderse y descubrir lo que quieren. Debido a la sensibilizaci\u00f3n temprana, los ni\u00f1os, en el contexto de este proyecto extracurricular, est\u00e1n encantados con el fascinante mundo de los sujetos STEM.<\/p>\n<\/td>\n<\/tr>\n<tr>\n<td><a href=\"\/wp-content\/uploads\/2015\/02\/part_logo_04.png\"><img decoding=\"async\" class=\"alignnone wp-image-824 size-full lazyload\" title=\"Per vacanti futur. Triebwerk \u00e8 l'interfaccia tra scuola e impresa.\" data-src=\"https:\/\/www.filtrox.com\/wp-content\/uploads\/2015\/02\/part_logo_04.png\" alt=\"Triebwerk \u00e8 l'interfaccia tra scuola e impresa. Vacanti futuri.\" width=\"146\" height=\"38\" data-srcset=\"https:\/\/www.filtrox.com\/wp-content\/uploads\/2015\/02\/part_logo_04.png 146w, https:\/\/www.filtrox.com\/wp-content\/uploads\/2015\/02\/part_logo_04-24x6.png 24w, https:\/\/www.filtrox.com\/wp-content\/uploads\/2015\/02\/part_logo_04-36x9.png 36w, https:\/\/www.filtrox.com\/wp-content\/uploads\/2015\/02\/part_logo_04-48x12.png 48w\" data-sizes=\"(max-width: 146px) 100vw, 146px\" src=\"data:image\/svg+xml;base64,PHN2ZyB3aWR0aD0iMSIgaGVpZ2h0PSIxIiB4bWxucz0iaHR0cDovL3d3dy53My5vcmcvMjAwMC9zdmciPjwvc3ZnPg==\" style=\"--smush-placeholder-width: 146px; --smush-placeholder-aspect-ratio: 146\/38;\" \/><\/a><\/td>\n<td>\n<p>\u00a0<a title=\"platform for apprentices\" href=\"https:\/\/www.verein-triebwerk.ch\/\" target=\"_blank\" rel=\"noopener noreferrer\">triebwerk-sg.ch<\/a><\/p>\n<p>Triebwerk es la interfaz entre la escuela y las empresas. Esto significa que apoya a los docentes en el proceso de elecci\u00f3n de carrera, a los alumnos en su elecci\u00f3n laboral y a las empresas de formaci\u00f3n en su marketing de programas de pr\u00e1cticas.<\/p>\n<\/td>\n<\/tr>\n<\/tbody>\n<\/table>\n","protected":false},"excerpt":{"rendered":"<p>Estas son las vacantes actuales de trabajo Grandes personas son la fuerza impulsora detr\u00e1s de nuestro negocio. Estamos orgullosos de tener un gran equipo de especialistas dedicados. Intentan ampliar los l\u00edmites de lo posible todos los d\u00edas. Buscamos constantemente nuevos talentos para fortalecer nuestro motivado equipo. \u00bfEst\u00e1 interesado en trabajar para un l\u00edder mundial en &hellip; <a href=\"https:\/\/www.filtrox.com\/es\/contacto\/empleos\/\" class=\"more-link\">Continue reading <span class=\"screen-reader-text\">Empleos<\/span> <span class=\"meta-nav\">&rarr;<\/span><\/a><\/p>\n","protected":false},"author":8,"featured_media":0,"parent":41010,"menu_order":8,"comment_status":"closed","ping_status":"closed","template":"template_contactofcial.php","meta":{"_acf_changed":false,"advgb_blocks_editor_width":"","advgb_blocks_columns_visual_guide":"","footnotes":""},"class_list":["post-38941","page","type-page","status-publish","hentry"],"acf":[],"yoast_head":"<!-- This site is optimized with the Yoast SEO plugin v26.3 - https:\/\/yoast.com\/wordpress\/plugins\/seo\/ -->\n<title>Empleos - Filtrox soluciones de filtraci\u00f3n en profundidad para liquidos<\/title>\n<meta name=\"description\" content=\"Empleos. Buscamos constantemente nuevos talentos para fortalecer nuestro motivado equipo. Encuentra las vacantes de FILTROX aqu\u00ed.\" \/>\n<meta name=\"robots\" content=\"index, follow, max-snippet:-1, max-image-preview:large, max-video-preview:-1\" \/>\n<link rel=\"canonical\" href=\"https:\/\/www.filtrox.com\/es\/contacto\/empleos\/\" \/>\n<meta property=\"og:locale\" content=\"es_ES\" \/>\n<meta property=\"og:type\" content=\"article\" \/>\n<meta property=\"og:title\" content=\"Empleos - Filtrox soluciones de filtraci\u00f3n en profundidad para liquidos\" \/>\n<meta property=\"og:description\" content=\"Empleos. Buscamos constantemente nuevos talentos para fortalecer nuestro motivado equipo. Encuentra las vacantes de FILTROX aqu\u00ed.\" \/>\n<meta property=\"og:url\" content=\"https:\/\/www.filtrox.com\/es\/contacto\/empleos\/\" \/>\n<meta property=\"og:site_name\" content=\"Filtrox\" \/>\n<meta property=\"article:publisher\" content=\"https:\/\/www.facebook.com\/Filtrox-AG-2091458717567633\" \/>\n<meta property=\"article:modified_time\" content=\"2025-06-26T12:57:06+00:00\" \/>\n<meta property=\"og:image\" content=\"https:\/\/www.filtrox.com\/wp-content\/uploads\/2015\/02\/94FD3C46638A1BC7D1F5AE163F5C5FAF039C4CEEB9C0F7D05Fpimgpsh_fullsize_distr.png\" \/>\n\t<meta property=\"og:image:width\" content=\"108\" \/>\n\t<meta property=\"og:image:height\" content=\"108\" \/>\n\t<meta property=\"og:image:type\" content=\"image\/png\" \/>\n<meta name=\"twitter:card\" content=\"summary_large_image\" \/>\n<meta name=\"twitter:site\" content=\"@FILTROX1\" \/>\n<meta name=\"twitter:label1\" content=\"Tiempo de lectura\" \/>\n\t<meta name=\"twitter:data1\" content=\"2 minutos\" \/>\n<script type=\"application\/ld+json\" class=\"yoast-schema-graph\">{\"@context\":\"https:\/\/schema.org\",\"@graph\":[{\"@type\":\"WebPage\",\"@id\":\"https:\/\/www.filtrox.com\/es\/contacto\/empleos\/\",\"url\":\"https:\/\/www.filtrox.com\/es\/contacto\/empleos\/\",\"name\":\"Empleos - Filtrox soluciones de filtraci\u00f3n en profundidad para liquidos\",\"isPartOf\":{\"@id\":\"https:\/\/www.filtrox.com\/#website\"},\"primaryImageOfPage\":{\"@id\":\"https:\/\/www.filtrox.com\/es\/contacto\/empleos\/#primaryimage\"},\"image\":{\"@id\":\"https:\/\/www.filtrox.com\/es\/contacto\/empleos\/#primaryimage\"},\"thumbnailUrl\":\"https:\/\/www.filtrox.com\/wp-content\/uploads\/2015\/02\/^94FD3C46638A1BC7D1F5AE163F5C5FAF039C4CEEB9C0F7D05F^pimgpsh_fullsize_distr.png\",\"datePublished\":\"2021-06-16T14:37:20+00:00\",\"dateModified\":\"2025-06-26T12:57:06+00:00\",\"description\":\"Empleos. Buscamos constantemente nuevos talentos para fortalecer nuestro motivado equipo. Encuentra las vacantes de FILTROX aqu\u00ed.\",\"breadcrumb\":{\"@id\":\"https:\/\/www.filtrox.com\/es\/contacto\/empleos\/#breadcrumb\"},\"inLanguage\":\"es\",\"potentialAction\":[{\"@type\":\"ReadAction\",\"target\":[\"https:\/\/www.filtrox.com\/es\/contacto\/empleos\/\"]}]},{\"@type\":\"ImageObject\",\"inLanguage\":\"es\",\"@id\":\"https:\/\/www.filtrox.com\/es\/contacto\/empleos\/#primaryimage\",\"url\":\"https:\/\/www.filtrox.com\/wp-content\/uploads\/2015\/02\/^94FD3C46638A1BC7D1F5AE163F5C5FAF039C4CEEB9C0F7D05F^pimgpsh_fullsize_distr.png\",\"contentUrl\":\"https:\/\/www.filtrox.com\/wp-content\/uploads\/2015\/02\/^94FD3C46638A1BC7D1F5AE163F5C5FAF039C4CEEB9C0F7D05F^pimgpsh_fullsize_distr.png\"},{\"@type\":\"BreadcrumbList\",\"@id\":\"https:\/\/www.filtrox.com\/es\/contacto\/empleos\/#breadcrumb\",\"itemListElement\":[{\"@type\":\"ListItem\",\"position\":1,\"name\":\"Home\",\"item\":\"https:\/\/www.filtrox.com\/es\/\"},{\"@type\":\"ListItem\",\"position\":2,\"name\":\"Contacto\",\"item\":\"https:\/\/www.filtrox.com\/es\/contacto\/\"},{\"@type\":\"ListItem\",\"position\":3,\"name\":\"Empleos\"}]},{\"@type\":\"WebSite\",\"@id\":\"https:\/\/www.filtrox.com\/#website\",\"url\":\"https:\/\/www.filtrox.com\/\",\"name\":\"Filtrox\",\"description\":\"DEPTH FILTRATION FOR VALUABLE LIQUIDS.\",\"publisher\":{\"@id\":\"https:\/\/www.filtrox.com\/#organization\"},\"potentialAction\":[{\"@type\":\"SearchAction\",\"target\":{\"@type\":\"EntryPoint\",\"urlTemplate\":\"https:\/\/www.filtrox.com\/?s={search_term_string}\"},\"query-input\":{\"@type\":\"PropertyValueSpecification\",\"valueRequired\":true,\"valueName\":\"search_term_string\"}}],\"inLanguage\":\"es\"},{\"@type\":\"Organization\",\"@id\":\"https:\/\/www.filtrox.com\/#organization\",\"name\":\"Filtrox\",\"alternateName\":\"FX\",\"url\":\"https:\/\/www.filtrox.com\/\",\"logo\":{\"@type\":\"ImageObject\",\"inLanguage\":\"es\",\"@id\":\"https:\/\/www.filtrox.com\/#\/schema\/logo\/image\/\",\"url\":\"https:\/\/www.filtrox.com\/wp-content\/uploads\/2015\/02\/FX-Logo_RGB_0-74-153.jpg\",\"contentUrl\":\"https:\/\/www.filtrox.com\/wp-content\/uploads\/2015\/02\/FX-Logo_RGB_0-74-153.jpg\",\"width\":512,\"height\":512,\"caption\":\"Filtrox\"},\"image\":{\"@id\":\"https:\/\/www.filtrox.com\/#\/schema\/logo\/image\/\"},\"sameAs\":[\"https:\/\/www.facebook.com\/Filtrox-AG-2091458717567633\",\"https:\/\/x.com\/FILTROX1\",\"https:\/\/www.instagram.com\/filtroxag\/\",\"https:\/\/www.linkedin.com\/company\/34636121\/\",\"https:\/\/www.youtube.com\/channel\/UCi3A2_4M_c-CcEst9YJ4U9g\/featured?disable_polymer=1\"]}]}<\/script>\n<!-- \/ Yoast SEO plugin. -->","yoast_head_json":{"title":"Empleos - Filtrox soluciones de filtraci\u00f3n en profundidad para liquidos","description":"Empleos. Buscamos constantemente nuevos talentos para fortalecer nuestro motivado equipo. Encuentra las vacantes de FILTROX aqu\u00ed.","robots":{"index":"index","follow":"follow","max-snippet":"max-snippet:-1","max-image-preview":"max-image-preview:large","max-video-preview":"max-video-preview:-1"},"canonical":"https:\/\/www.filtrox.com\/es\/contacto\/empleos\/","og_locale":"es_ES","og_type":"article","og_title":"Empleos - Filtrox soluciones de filtraci\u00f3n en profundidad para liquidos","og_description":"Empleos. Buscamos constantemente nuevos talentos para fortalecer nuestro motivado equipo. Encuentra las vacantes de FILTROX aqu\u00ed.","og_url":"https:\/\/www.filtrox.com\/es\/contacto\/empleos\/","og_site_name":"Filtrox","article_publisher":"https:\/\/www.facebook.com\/Filtrox-AG-2091458717567633","article_modified_time":"2025-06-26T12:57:06+00:00","og_image":[{"width":108,"height":108,"url":"https:\/\/www.filtrox.com\/wp-content\/uploads\/2015\/02\/^94FD3C46638A1BC7D1F5AE163F5C5FAF039C4CEEB9C0F7D05F^pimgpsh_fullsize_distr.png","type":"image\/png"}],"twitter_card":"summary_large_image","twitter_site":"@FILTROX1","twitter_misc":{"Tiempo de lectura":"2 minutos"},"schema":{"@context":"https:\/\/schema.org","@graph":[{"@type":"WebPage","@id":"https:\/\/www.filtrox.com\/es\/contacto\/empleos\/","url":"https:\/\/www.filtrox.com\/es\/contacto\/empleos\/","name":"Empleos - Filtrox soluciones de filtraci\u00f3n en profundidad para liquidos","isPartOf":{"@id":"https:\/\/www.filtrox.com\/#website"},"primaryImageOfPage":{"@id":"https:\/\/www.filtrox.com\/es\/contacto\/empleos\/#primaryimage"},"image":{"@id":"https:\/\/www.filtrox.com\/es\/contacto\/empleos\/#primaryimage"},"thumbnailUrl":"https:\/\/www.filtrox.com\/wp-content\/uploads\/2015\/02\/^94FD3C46638A1BC7D1F5AE163F5C5FAF039C4CEEB9C0F7D05F^pimgpsh_fullsize_distr.png","datePublished":"2021-06-16T14:37:20+00:00","dateModified":"2025-06-26T12:57:06+00:00","description":"Empleos. Buscamos constantemente nuevos talentos para fortalecer nuestro motivado equipo. Encuentra las vacantes de FILTROX aqu\u00ed.","breadcrumb":{"@id":"https:\/\/www.filtrox.com\/es\/contacto\/empleos\/#breadcrumb"},"inLanguage":"es","potentialAction":[{"@type":"ReadAction","target":["https:\/\/www.filtrox.com\/es\/contacto\/empleos\/"]}]},{"@type":"ImageObject","inLanguage":"es","@id":"https:\/\/www.filtrox.com\/es\/contacto\/empleos\/#primaryimage","url":"https:\/\/www.filtrox.com\/wp-content\/uploads\/2015\/02\/^94FD3C46638A1BC7D1F5AE163F5C5FAF039C4CEEB9C0F7D05F^pimgpsh_fullsize_distr.png","contentUrl":"https:\/\/www.filtrox.com\/wp-content\/uploads\/2015\/02\/^94FD3C46638A1BC7D1F5AE163F5C5FAF039C4CEEB9C0F7D05F^pimgpsh_fullsize_distr.png"},{"@type":"BreadcrumbList","@id":"https:\/\/www.filtrox.com\/es\/contacto\/empleos\/#breadcrumb","itemListElement":[{"@type":"ListItem","position":1,"name":"Home","item":"https:\/\/www.filtrox.com\/es\/"},{"@type":"ListItem","position":2,"name":"Contacto","item":"https:\/\/www.filtrox.com\/es\/contacto\/"},{"@type":"ListItem","position":3,"name":"Empleos"}]},{"@type":"WebSite","@id":"https:\/\/www.filtrox.com\/#website","url":"https:\/\/www.filtrox.com\/","name":"Filtrox","description":"DEPTH FILTRATION FOR VALUABLE LIQUIDS.","publisher":{"@id":"https:\/\/www.filtrox.com\/#organization"},"potentialAction":[{"@type":"SearchAction","target":{"@type":"EntryPoint","urlTemplate":"https:\/\/www.filtrox.com\/?s={search_term_string}"},"query-input":{"@type":"PropertyValueSpecification","valueRequired":true,"valueName":"search_term_string"}}],"inLanguage":"es"},{"@type":"Organization","@id":"https:\/\/www.filtrox.com\/#organization","name":"Filtrox","alternateName":"FX","url":"https:\/\/www.filtrox.com\/","logo":{"@type":"ImageObject","inLanguage":"es","@id":"https:\/\/www.filtrox.com\/#\/schema\/logo\/image\/","url":"https:\/\/www.filtrox.com\/wp-content\/uploads\/2015\/02\/FX-Logo_RGB_0-74-153.jpg","contentUrl":"https:\/\/www.filtrox.com\/wp-content\/uploads\/2015\/02\/FX-Logo_RGB_0-74-153.jpg","width":512,"height":512,"caption":"Filtrox"},"image":{"@id":"https:\/\/www.filtrox.com\/#\/schema\/logo\/image\/"},"sameAs":["https:\/\/www.facebook.com\/Filtrox-AG-2091458717567633","https:\/\/x.com\/FILTROX1","https:\/\/www.instagram.com\/filtroxag\/","https:\/\/www.linkedin.com\/company\/34636121\/","https:\/\/www.youtube.com\/channel\/UCi3A2_4M_c-CcEst9YJ4U9g\/featured?disable_polymer=1"]}]}},"coauthors":[],"author_meta":{"author_link":"https:\/\/www.filtrox.com\/es\/blog\/author\/fosca-roman\/","display_name":"Fosca Roman"},"relative_dates":{"created":"Publicado 5 a\u00f1os hace","modified":"Actualizado 10 meses hace"},"absolute_dates":{"created":"Publicado el junio 16, 2021","modified":"Actualizado el junio 26, 2025"},"absolute_dates_time":{"created":"Publicado el junio 16, 2021 3:37 pm","modified":"Actualizado el junio 26, 2025 1:57 pm"},"featured_img_caption":"","featured_img":false,"series_order":"","publishpress_future_action":{"enabled":false,"date":"2026-05-06 17:09:31","action":"change-status","newStatus":"draft","terms":[],"taxonomy":"translation_priority","extraData":[]},"publishpress_future_workflow_manual_trigger":{"enabledWorkflows":[]},"_links":{"self":[{"href":"https:\/\/www.filtrox.com\/es\/wp-json\/wp\/v2\/pages\/38941","targetHints":{"allow":["GET"]}}],"collection":[{"href":"https:\/\/www.filtrox.com\/es\/wp-json\/wp\/v2\/pages"}],"about":[{"href":"https:\/\/www.filtrox.com\/es\/wp-json\/wp\/v2\/types\/page"}],"author":[{"embeddable":true,"href":"https:\/\/www.filtrox.com\/es\/wp-json\/wp\/v2\/users\/8"}],"replies":[{"embeddable":true,"href":"https:\/\/www.filtrox.com\/es\/wp-json\/wp\/v2\/comments?post=38941"}],"version-history":[{"count":25,"href":"https:\/\/www.filtrox.com\/es\/wp-json\/wp\/v2\/pages\/38941\/revisions"}],"predecessor-version":[{"id":62208,"href":"https:\/\/www.filtrox.com\/es\/wp-json\/wp\/v2\/pages\/38941\/revisions\/62208"}],"up":[{"embeddable":true,"href":"https:\/\/www.filtrox.com\/es\/wp-json\/wp\/v2\/pages\/41010"}],"wp:attachment":[{"href":"https:\/\/www.filtrox.com\/es\/wp-json\/wp\/v2\/media?parent=38941"}],"curies":[{"name":"wp","href":"https:\/\/api.w.org\/{rel}","templated":true}]}}