{"id":41010,"date":"2021-10-09T00:46:54","date_gmt":"2021-10-08T23:46:54","guid":{"rendered":"https:\/\/www.filtrox.com\/contacto\/"},"modified":"2025-01-06T11:43:05","modified_gmt":"2025-01-06T10:43:05","slug":"contacto","status":"publish","type":"page","link":"https:\/\/www.filtrox.com\/es\/contacto\/","title":{"rendered":"Contacto"},"content":{"rendered":"\n<h2>Contacto \u2013 Su conexi\u00f3n directa con FILTROX<\/h2>\n<p>\u00a1Bienvenido a nuestra p\u00e1gina de contacto! En FILTROX AG estamos a su disposici\u00f3n en todo el mundo como su socio competente para soluciones de filtraci\u00f3n. Ya sea que tenga preguntas sobre nuestros productos, servicios o soluciones de filtraci\u00f3n personalizadas, nuestro equipo de expertos est\u00e1 encantado de ayudarle.<\/p>\n<p><strong>C\u00f3mo contactarnos:<\/strong><\/p>\n<p>Tel\u00e9fono: Ll\u00e1menos directamente para obtener una respuesta r\u00e1pida a sus inquietudes. Correo electr\u00f3nico: Escr\u00edbanos a <a rel=\"noopener\">info@filtrox.com<\/a> y le responderemos a la brevedad. Formulario de contacto: Utilice nuestro formulario en l\u00ednea f\u00e1cil de usar para enviarnos su consulta.<\/p>\n<p><strong>Nuestros lugares de trabajo en todo el mundo.<\/strong> Con filiales en Europa, Am\u00e9rica del Norte, Asia y otras regiones, estamos presentes a nivel global. Visite nuestra p\u00e1gina de ubicaciones para encontrar la oficina FILTROX m\u00e1s cercana. Nuestros equipos locales le brindar\u00e1n asesor\u00eda en su idioma y le apoyar\u00e1n en sus proyectos.<\/p>\n<p><strong>Su preocupaci\u00f3n, nuestra misi\u00f3n.<\/strong> Ya sea para seleccionar las capas filtrantes adecuadas, optimizar sus procesos de filtraci\u00f3n o recibir asistencia t\u00e9cnica, nos tomamos el tiempo necesario para comprender sus necesidades individuales y desarrollar soluciones que se adapten perfectamente a sus requerimientos.<\/p>\n<p><strong>\u00bfPor qu\u00e9 contactar con FILTROX?<\/strong><\/p>\n<p>Informaci\u00f3n detallada de productos y asesoramiento.<\/p>\n<p>Apoyo en cuestiones t\u00e9cnicas y optimizaci\u00f3n de procesos.<\/p>\n<p>Capacitaci\u00f3n y seminarios sobre tecnolog\u00eda de filtraci\u00f3n de profundidad.<\/p>\n<p>Servicio de repuestos y mantenimiento de sus aparatos de filtraci\u00f3n.<\/p>\n<p><strong>Mant\u00e9ngase en contacto.<\/strong> S\u00edganos en nuestras redes sociales y mant\u00e9ngase al tanto de las \u00faltimas noticias, innovaciones y perspectivas sobre el mundo de la filtraci\u00f3n de profundidad.<\/p>\n<p>\u00a1Cont\u00e1ctenos hoy mismo! Estamos deseando ayudarle y desarrollar soluciones \u00f3ptimas para sus necesidades de filtraci\u00f3n.<\/p>\n\n\n\n<figure class=\"wp-block-image size-large is-style-default\"><a href=\"https:\/\/www.filtrox.com\/wp-content\/uploads\/2015\/02\/Filtrox-ABOUT-US-title_PR.jpg\"><img decoding=\"async\" width=\"1024\" height=\"275\" data-src=\"https:\/\/www.filtrox.com\/wp-content\/uploads\/2015\/02\/Filtrox-ABOUT-US-title_PR-1024x275.jpg\" alt=\"Sede en St.Gallen, Suiza. Contactos locales\" class=\"wp-image-11546 lazyload\" data-srcset=\"https:\/\/www.filtrox.com\/wp-content\/uploads\/2015\/02\/Filtrox-ABOUT-US-title_PR-1024x275.jpg 1024w, https:\/\/www.filtrox.com\/wp-content\/uploads\/2015\/02\/Filtrox-ABOUT-US-title_PR-300x81.jpg 300w, https:\/\/www.filtrox.com\/wp-content\/uploads\/2015\/02\/Filtrox-ABOUT-US-title_PR-24x6.jpg 24w, https:\/\/www.filtrox.com\/wp-content\/uploads\/2015\/02\/Filtrox-ABOUT-US-title_PR-36x10.jpg 36w, https:\/\/www.filtrox.com\/wp-content\/uploads\/2015\/02\/Filtrox-ABOUT-US-title_PR-48x13.jpg 48w, https:\/\/www.filtrox.com\/wp-content\/uploads\/2015\/02\/Filtrox-ABOUT-US-title_PR.jpg 1200w\" data-sizes=\"(max-width: 1024px) 100vw, 1024px\" src=\"data:image\/svg+xml;base64,PHN2ZyB3aWR0aD0iMSIgaGVpZ2h0PSIxIiB4bWxucz0iaHR0cDovL3d3dy53My5vcmcvMjAwMC9zdmciPjwvc3ZnPg==\" style=\"--smush-placeholder-width: 1024px; --smush-placeholder-aspect-ratio: 1024\/275;\" \/><\/a><figcaption class=\"wp-element-caption\">Sede en St.Gallen, Suiza<\/figcaption><\/figure>\n","protected":false},"excerpt":{"rendered":"<p>Contacto \u2013 Su conexi\u00f3n directa con FILTROX \u00a1Bienvenido a nuestra p\u00e1gina de contacto! En FILTROX AG estamos a su disposici\u00f3n en todo el mundo como su socio competente para soluciones de filtraci\u00f3n. Ya sea que tenga preguntas sobre nuestros productos, servicios o soluciones de filtraci\u00f3n personalizadas, nuestro equipo de expertos est\u00e1 encantado de ayudarle. C\u00f3mo &hellip; <a href=\"https:\/\/www.filtrox.com\/es\/contacto\/\" class=\"more-link\">Continue reading <span class=\"screen-reader-text\">Contacto<\/span> <span class=\"meta-nav\">&rarr;<\/span><\/a><\/p>\n","protected":false},"author":6,"featured_media":0,"parent":0,"menu_order":13,"comment_status":"closed","ping_status":"closed","template":"","meta":{"_acf_changed":false,"advgb_blocks_editor_width":"","advgb_blocks_columns_visual_guide":"","footnotes":""},"class_list":["post-41010","page","type-page","status-publish","hentry"],"acf":[],"yoast_head":"<!-- This site is optimized with the Yoast SEO plugin v26.3 - https:\/\/yoast.com\/wordpress\/plugins\/seo\/ -->\n<title>Contacto - Filtrox<\/title>\n<meta name=\"description\" content=\"Contacto FILTROX en todo el mundo. Estamos encantados de responder a sus preguntas y ayudarle con su filtraci\u00f3n.\" \/>\n<meta name=\"robots\" content=\"index, follow, max-snippet:-1, max-image-preview:large, max-video-preview:-1\" \/>\n<link rel=\"canonical\" href=\"https:\/\/www.filtrox.com\/es\/contacto\/\" \/>\n<meta property=\"og:locale\" content=\"es_ES\" \/>\n<meta property=\"og:type\" content=\"article\" \/>\n<meta property=\"og:title\" content=\"Contacto - Filtrox\" \/>\n<meta property=\"og:description\" content=\"Contacto FILTROX en todo el mundo. Estamos encantados de responder a sus preguntas y ayudarle con su filtraci\u00f3n.\" \/>\n<meta property=\"og:url\" content=\"https:\/\/www.filtrox.com\/es\/contacto\/\" \/>\n<meta property=\"og:site_name\" content=\"Filtrox\" \/>\n<meta property=\"article:publisher\" content=\"https:\/\/www.facebook.com\/Filtrox-AG-2091458717567633\" \/>\n<meta property=\"article:modified_time\" content=\"2025-01-06T10:43:05+00:00\" \/>\n<meta property=\"og:image\" content=\"https:\/\/www.filtrox.com\/wp-content\/uploads\/2015\/02\/Filtrox-ABOUT-US-title_PR.jpg\" \/>\n\t<meta property=\"og:image:width\" content=\"1200\" \/>\n\t<meta property=\"og:image:height\" content=\"322\" \/>\n\t<meta property=\"og:image:type\" content=\"image\/jpeg\" \/>\n<meta name=\"twitter:card\" content=\"summary_large_image\" \/>\n<meta name=\"twitter:site\" content=\"@FILTROX1\" \/>\n<meta name=\"twitter:label1\" content=\"Tiempo de lectura\" \/>\n\t<meta name=\"twitter:data1\" content=\"2 minutos\" \/>\n<script type=\"application\/ld+json\" class=\"yoast-schema-graph\">{\"@context\":\"https:\/\/schema.org\",\"@graph\":[{\"@type\":\"WebPage\",\"@id\":\"https:\/\/www.filtrox.com\/es\/contacto\/\",\"url\":\"https:\/\/www.filtrox.com\/es\/contacto\/\",\"name\":\"Contacto - Filtrox\",\"isPartOf\":{\"@id\":\"https:\/\/www.filtrox.com\/#website\"},\"primaryImageOfPage\":{\"@id\":\"https:\/\/www.filtrox.com\/es\/contacto\/#primaryimage\"},\"image\":{\"@id\":\"https:\/\/www.filtrox.com\/es\/contacto\/#primaryimage\"},\"thumbnailUrl\":\"https:\/\/www.filtrox.com\/wp-content\/uploads\/2015\/02\/Filtrox-ABOUT-US-title_PR-1024x275.jpg\",\"datePublished\":\"2021-10-08T23:46:54+00:00\",\"dateModified\":\"2025-01-06T10:43:05+00:00\",\"description\":\"Contacto FILTROX en todo el mundo. Estamos encantados de responder a sus preguntas y ayudarle con su filtraci\u00f3n.\",\"breadcrumb\":{\"@id\":\"https:\/\/www.filtrox.com\/es\/contacto\/#breadcrumb\"},\"inLanguage\":\"es\",\"potentialAction\":[{\"@type\":\"ReadAction\",\"target\":[\"https:\/\/www.filtrox.com\/es\/contacto\/\"]}]},{\"@type\":\"ImageObject\",\"inLanguage\":\"es\",\"@id\":\"https:\/\/www.filtrox.com\/es\/contacto\/#primaryimage\",\"url\":\"https:\/\/www.filtrox.com\/wp-content\/uploads\/2015\/02\/Filtrox-ABOUT-US-title_PR-1024x275.jpg\",\"contentUrl\":\"https:\/\/www.filtrox.com\/wp-content\/uploads\/2015\/02\/Filtrox-ABOUT-US-title_PR-1024x275.jpg\"},{\"@type\":\"BreadcrumbList\",\"@id\":\"https:\/\/www.filtrox.com\/es\/contacto\/#breadcrumb\",\"itemListElement\":[{\"@type\":\"ListItem\",\"position\":1,\"name\":\"Home\",\"item\":\"https:\/\/www.filtrox.com\/es\/\"},{\"@type\":\"ListItem\",\"position\":2,\"name\":\"Contacto\"}]},{\"@type\":\"WebSite\",\"@id\":\"https:\/\/www.filtrox.com\/#website\",\"url\":\"https:\/\/www.filtrox.com\/\",\"name\":\"Filtrox\",\"description\":\"DEPTH FILTRATION FOR VALUABLE LIQUIDS.\",\"publisher\":{\"@id\":\"https:\/\/www.filtrox.com\/#organization\"},\"potentialAction\":[{\"@type\":\"SearchAction\",\"target\":{\"@type\":\"EntryPoint\",\"urlTemplate\":\"https:\/\/www.filtrox.com\/?s={search_term_string}\"},\"query-input\":{\"@type\":\"PropertyValueSpecification\",\"valueRequired\":true,\"valueName\":\"search_term_string\"}}],\"inLanguage\":\"es\"},{\"@type\":\"Organization\",\"@id\":\"https:\/\/www.filtrox.com\/#organization\",\"name\":\"Filtrox\",\"alternateName\":\"FX\",\"url\":\"https:\/\/www.filtrox.com\/\",\"logo\":{\"@type\":\"ImageObject\",\"inLanguage\":\"es\",\"@id\":\"https:\/\/www.filtrox.com\/#\/schema\/logo\/image\/\",\"url\":\"https:\/\/www.filtrox.com\/wp-content\/uploads\/2015\/02\/FX-Logo_RGB_0-74-153.jpg\",\"contentUrl\":\"https:\/\/www.filtrox.com\/wp-content\/uploads\/2015\/02\/FX-Logo_RGB_0-74-153.jpg\",\"width\":512,\"height\":512,\"caption\":\"Filtrox\"},\"image\":{\"@id\":\"https:\/\/www.filtrox.com\/#\/schema\/logo\/image\/\"},\"sameAs\":[\"https:\/\/www.facebook.com\/Filtrox-AG-2091458717567633\",\"https:\/\/x.com\/FILTROX1\",\"https:\/\/www.instagram.com\/filtroxag\/\",\"https:\/\/www.linkedin.com\/company\/34636121\/\",\"https:\/\/www.youtube.com\/channel\/UCi3A2_4M_c-CcEst9YJ4U9g\/featured?disable_polymer=1\"]}]}<\/script>\n<!-- \/ Yoast SEO plugin. -->","yoast_head_json":{"title":"Contacto - Filtrox","description":"Contacto FILTROX en todo el mundo. Estamos encantados de responder a sus preguntas y ayudarle con su filtraci\u00f3n.","robots":{"index":"index","follow":"follow","max-snippet":"max-snippet:-1","max-image-preview":"max-image-preview:large","max-video-preview":"max-video-preview:-1"},"canonical":"https:\/\/www.filtrox.com\/es\/contacto\/","og_locale":"es_ES","og_type":"article","og_title":"Contacto - Filtrox","og_description":"Contacto FILTROX en todo el mundo. Estamos encantados de responder a sus preguntas y ayudarle con su filtraci\u00f3n.","og_url":"https:\/\/www.filtrox.com\/es\/contacto\/","og_site_name":"Filtrox","article_publisher":"https:\/\/www.facebook.com\/Filtrox-AG-2091458717567633","article_modified_time":"2025-01-06T10:43:05+00:00","og_image":[{"width":1200,"height":322,"url":"https:\/\/www.filtrox.com\/wp-content\/uploads\/2015\/02\/Filtrox-ABOUT-US-title_PR.jpg","type":"image\/jpeg"}],"twitter_card":"summary_large_image","twitter_site":"@FILTROX1","twitter_misc":{"Tiempo de lectura":"2 minutos"},"schema":{"@context":"https:\/\/schema.org","@graph":[{"@type":"WebPage","@id":"https:\/\/www.filtrox.com\/es\/contacto\/","url":"https:\/\/www.filtrox.com\/es\/contacto\/","name":"Contacto - Filtrox","isPartOf":{"@id":"https:\/\/www.filtrox.com\/#website"},"primaryImageOfPage":{"@id":"https:\/\/www.filtrox.com\/es\/contacto\/#primaryimage"},"image":{"@id":"https:\/\/www.filtrox.com\/es\/contacto\/#primaryimage"},"thumbnailUrl":"https:\/\/www.filtrox.com\/wp-content\/uploads\/2015\/02\/Filtrox-ABOUT-US-title_PR-1024x275.jpg","datePublished":"2021-10-08T23:46:54+00:00","dateModified":"2025-01-06T10:43:05+00:00","description":"Contacto FILTROX en todo el mundo. Estamos encantados de responder a sus preguntas y ayudarle con su filtraci\u00f3n.","breadcrumb":{"@id":"https:\/\/www.filtrox.com\/es\/contacto\/#breadcrumb"},"inLanguage":"es","potentialAction":[{"@type":"ReadAction","target":["https:\/\/www.filtrox.com\/es\/contacto\/"]}]},{"@type":"ImageObject","inLanguage":"es","@id":"https:\/\/www.filtrox.com\/es\/contacto\/#primaryimage","url":"https:\/\/www.filtrox.com\/wp-content\/uploads\/2015\/02\/Filtrox-ABOUT-US-title_PR-1024x275.jpg","contentUrl":"https:\/\/www.filtrox.com\/wp-content\/uploads\/2015\/02\/Filtrox-ABOUT-US-title_PR-1024x275.jpg"},{"@type":"BreadcrumbList","@id":"https:\/\/www.filtrox.com\/es\/contacto\/#breadcrumb","itemListElement":[{"@type":"ListItem","position":1,"name":"Home","item":"https:\/\/www.filtrox.com\/es\/"},{"@type":"ListItem","position":2,"name":"Contacto"}]},{"@type":"WebSite","@id":"https:\/\/www.filtrox.com\/#website","url":"https:\/\/www.filtrox.com\/","name":"Filtrox","description":"DEPTH FILTRATION FOR VALUABLE LIQUIDS.","publisher":{"@id":"https:\/\/www.filtrox.com\/#organization"},"potentialAction":[{"@type":"SearchAction","target":{"@type":"EntryPoint","urlTemplate":"https:\/\/www.filtrox.com\/?s={search_term_string}"},"query-input":{"@type":"PropertyValueSpecification","valueRequired":true,"valueName":"search_term_string"}}],"inLanguage":"es"},{"@type":"Organization","@id":"https:\/\/www.filtrox.com\/#organization","name":"Filtrox","alternateName":"FX","url":"https:\/\/www.filtrox.com\/","logo":{"@type":"ImageObject","inLanguage":"es","@id":"https:\/\/www.filtrox.com\/#\/schema\/logo\/image\/","url":"https:\/\/www.filtrox.com\/wp-content\/uploads\/2015\/02\/FX-Logo_RGB_0-74-153.jpg","contentUrl":"https:\/\/www.filtrox.com\/wp-content\/uploads\/2015\/02\/FX-Logo_RGB_0-74-153.jpg","width":512,"height":512,"caption":"Filtrox"},"image":{"@id":"https:\/\/www.filtrox.com\/#\/schema\/logo\/image\/"},"sameAs":["https:\/\/www.facebook.com\/Filtrox-AG-2091458717567633","https:\/\/x.com\/FILTROX1","https:\/\/www.instagram.com\/filtroxag\/","https:\/\/www.linkedin.com\/company\/34636121\/","https:\/\/www.youtube.com\/channel\/UCi3A2_4M_c-CcEst9YJ4U9g\/featured?disable_polymer=1"]}]}},"coauthors":[],"author_meta":{"author_link":"https:\/\/www.filtrox.com\/es\/blog\/author\/marketing\/","display_name":"marketing"},"relative_dates":{"created":"Publicado 5 a\u00f1os hace","modified":"Actualizado 1 a\u00f1o hace"},"absolute_dates":{"created":"Publicado el octubre 9, 2021","modified":"Actualizado el enero 6, 2025"},"absolute_dates_time":{"created":"Publicado el octubre 9, 2021 12:46 am","modified":"Actualizado el enero 6, 2025 11:43 am"},"featured_img_caption":"","featured_img":false,"series_order":"","publishpress_future_action":{"enabled":false,"date":"2026-05-07 18:11:03","action":"change-status","newStatus":"draft","terms":[],"taxonomy":"translation_priority","extraData":[]},"publishpress_future_workflow_manual_trigger":{"enabledWorkflows":[]},"_links":{"self":[{"href":"https:\/\/www.filtrox.com\/es\/wp-json\/wp\/v2\/pages\/41010","targetHints":{"allow":["GET"]}}],"collection":[{"href":"https:\/\/www.filtrox.com\/es\/wp-json\/wp\/v2\/pages"}],"about":[{"href":"https:\/\/www.filtrox.com\/es\/wp-json\/wp\/v2\/types\/page"}],"author":[{"embeddable":true,"href":"https:\/\/www.filtrox.com\/es\/wp-json\/wp\/v2\/users\/6"}],"replies":[{"embeddable":true,"href":"https:\/\/www.filtrox.com\/es\/wp-json\/wp\/v2\/comments?post=41010"}],"version-history":[{"count":4,"href":"https:\/\/www.filtrox.com\/es\/wp-json\/wp\/v2\/pages\/41010\/revisions"}],"predecessor-version":[{"id":60325,"href":"https:\/\/www.filtrox.com\/es\/wp-json\/wp\/v2\/pages\/41010\/revisions\/60325"}],"wp:attachment":[{"href":"https:\/\/www.filtrox.com\/es\/wp-json\/wp\/v2\/media?parent=41010"}],"curies":[{"name":"wp","href":"https:\/\/api.w.org\/{rel}","templated":true}]}}