{"id":52198,"date":"2023-07-01T13:19:10","date_gmt":"2023-07-01T12:19:10","guid":{"rendered":"https:\/\/www.filtrox.com\/?page_id=52198"},"modified":"2025-01-06T12:05:58","modified_gmt":"2025-01-06T11:05:58","slug":"productos-complementarios","status":"publish","type":"page","link":"https:\/\/www.filtrox.com\/es\/productos\/productos-complementarios\/","title":{"rendered":"Productos complementarios"},"content":{"rendered":"\n<h2>Productos complementarios<\/h2>\n<p>Cuando se trata de filtraci\u00f3n en profundidad, existen varios productos complementarios que pueden ayudarlo a mejorar el proceso y lograr mejores resultados. Adem\u00e1s de nuestros medios filtrantes y aparatos filtrantes, tambi\u00e9n ofrecemos placas de soporte para la filtraci\u00f3n de precapa, cartuchos filtrantes y ayudas filtrantes (tierra de diatomeas) en nuestra gama.<\/p>\n\n\n\n<div style=\"height:10px\" aria-hidden=\"true\" class=\"wp-block-spacer\"><\/div>\n\n\n\n<p class=\"has-white-color has-cyan-bluish-gray-background-color has-text-color has-background has-large-font-size\">PLACAS DE SOPORTE<\/p>\n\n\n\n<div class=\"wp-block-media-text alignwide is-stacked-on-mobile\" style=\"grid-template-columns:24% auto\"><figure class=\"wp-block-media-text__media\"><img decoding=\"async\" width=\"1000\" height=\"667\" data-src=\"https:\/\/www.filtrox.com\/wp-content\/uploads\/2020\/04\/Durofil-s-plus_web_1000px.jpg\" alt=\"Durofil S Plus support sheet\" class=\"wp-image-30460 size-full lazyload\" data-srcset=\"https:\/\/www.filtrox.com\/wp-content\/uploads\/2020\/04\/Durofil-s-plus_web_1000px.jpg 1000w, https:\/\/www.filtrox.com\/wp-content\/uploads\/2020\/04\/Durofil-s-plus_web_1000px-300x200.jpg 300w, https:\/\/www.filtrox.com\/wp-content\/uploads\/2020\/04\/Durofil-s-plus_web_1000px-768x512.jpg 768w, https:\/\/www.filtrox.com\/wp-content\/uploads\/2020\/04\/Durofil-s-plus_web_1000px-24x16.jpg 24w, https:\/\/www.filtrox.com\/wp-content\/uploads\/2020\/04\/Durofil-s-plus_web_1000px-36x24.jpg 36w, https:\/\/www.filtrox.com\/wp-content\/uploads\/2020\/04\/Durofil-s-plus_web_1000px-48x32.jpg 48w\" data-sizes=\"(max-width: 1000px) 100vw, 1000px\" src=\"data:image\/svg+xml;base64,PHN2ZyB3aWR0aD0iMSIgaGVpZ2h0PSIxIiB4bWxucz0iaHR0cDovL3d3dy53My5vcmcvMjAwMC9zdmciPjwvc3ZnPg==\" style=\"--smush-placeholder-width: 1000px; --smush-placeholder-aspect-ratio: 1000\/667;\" \/><\/figure><div class=\"wp-block-media-text__content\">\n<h4 style=\"font-size: 30px;\">DUROFIL\u00ae<\/h4>\n\n\n\n<p>La placa de soporte DUROFIL\u00ae ha sido dise\u00f1ada espec\u00edficamente para los desaf\u00edos de la filtraci\u00f3n de precapa en la industria de alimentos y bebidas. Debido a su fuerza \u00fanica, las placas soportan incluso las fuerzas m\u00e1s altas durante un extenso per\u00edodo de tiempo.<\/p>\n\n\n\n<div class=\"wp-block-buttons is-content-justification-right is-layout-flex wp-container-core-buttons-is-layout-1 wp-block-buttons-is-layout-flex\">\n<div class=\"wp-block-button\"><a class=\"wp-block-button__link has-background wp-element-button\" href=\"https:\/\/www.filtrox.com\/es\/productos\/placas-filtrantes-y-filtros\/durofil\/\" style=\"border-radius:0px;background-color:#666666\">M\u00e1s informaci\u00f3n &#8230;<\/a><\/div>\n<\/div>\n<\/div><\/div>\n\n\n\n<div style=\"height:5px\" aria-hidden=\"true\" class=\"wp-block-spacer\"><\/div>\n\n\n\n<div style=\"height:10px\" aria-hidden=\"true\" class=\"wp-block-spacer\"><\/div>\n\n\n\n<p class=\"has-white-color has-cyan-bluish-gray-background-color has-text-color has-background has-large-font-size\">CARTUCHOS FILTRANTES<\/p>\n\n\n\n<div class=\"wp-block-media-text alignwide is-stacked-on-mobile\" style=\"grid-template-columns:24% auto\"><figure class=\"wp-block-media-text__media\"><img decoding=\"async\" width=\"400\" height=\"418\" data-src=\"https:\/\/www.filtrox.com\/wp-content\/uploads\/2021\/03\/Adapter_Spitze_oben_B_klein.jpg\" alt=\"Clarox filter cartridge top\" class=\"wp-image-37085 size-full lazyload\" data-srcset=\"https:\/\/www.filtrox.com\/wp-content\/uploads\/2021\/03\/Adapter_Spitze_oben_B_klein.jpg 400w, https:\/\/www.filtrox.com\/wp-content\/uploads\/2021\/03\/Adapter_Spitze_oben_B_klein-287x300.jpg 287w, https:\/\/www.filtrox.com\/wp-content\/uploads\/2021\/03\/Adapter_Spitze_oben_B_klein-24x24.jpg 24w, https:\/\/www.filtrox.com\/wp-content\/uploads\/2021\/03\/Adapter_Spitze_oben_B_klein-34x36.jpg 34w, https:\/\/www.filtrox.com\/wp-content\/uploads\/2021\/03\/Adapter_Spitze_oben_B_klein-46x48.jpg 46w\" data-sizes=\"(max-width: 400px) 100vw, 400px\" src=\"data:image\/svg+xml;base64,PHN2ZyB3aWR0aD0iMSIgaGVpZ2h0PSIxIiB4bWxucz0iaHR0cDovL3d3dy53My5vcmcvMjAwMC9zdmciPjwvc3ZnPg==\" style=\"--smush-placeholder-width: 400px; --smush-placeholder-aspect-ratio: 400\/418;\" \/><\/figure><div class=\"wp-block-media-text__content\">\n<h4 style=\"font-size: 30px;\">CLAROX\u00ae Cartuchos filtrantes PL y PL\/NR<\/h4>\n\n\n\n<p>Los cartuchos filtrantes PL y PL\/NR est\u00e1n fabricados en polipropileno (PP). El medio filtrante se instala en los cartuchos de filtro en forma de pliegues grandes. Eso maximiza el \u00e1rea de superficie del filtro, as\u00ed como la efectividad del retrolavado. Los materiales de fabricaci\u00f3n son compatibles con los productos qu\u00edmicos, lo que permite una mayor vida \u00fatil y rendimiento gracias a los ciclos de regeneraci\u00f3n\/esterilizaci\u00f3n. Los tama\u00f1os de poro PL se dan en clasificaci\u00f3n absoluta y los tama\u00f1os de poro PL\/NR se dan en clasificaci\u00f3n nominal. Se pueden encontrar m\u00e1s detalles t\u00e9cnicos en las fichas t\u00e9cnicas en el <a href=\"https:\/\/www.filtrox.com\/es\/descargas\/\" target=\"_blank\" rel=\"noreferrer noopener\">\u00e1rea de descarga.<\/a><\/p>\n\n\n\n<div class=\"wp-block-buttons is-content-justification-right is-layout-flex wp-container-core-buttons-is-layout-2 wp-block-buttons-is-layout-flex\">\n<div class=\"wp-block-button\"><a class=\"wp-block-button__link has-background wp-element-button\" href=\"https:\/\/www.filtrox.com\/es\/contacto\/solicitud\/\" style=\"border-radius:0px;background-color:#666666\">Enviar consulta<\/a><\/div>\n<\/div>\n<\/div><\/div>\n\n\n\n<div style=\"height:10px\" aria-hidden=\"true\" class=\"wp-block-spacer\"><\/div>\n\n\n\n<div class=\"wp-block-media-text alignwide is-stacked-on-mobile\" style=\"grid-template-columns:24% auto\"><figure class=\"wp-block-media-text__media\"><img decoding=\"async\" width=\"479\" height=\"500\" data-src=\"https:\/\/www.filtrox.com\/wp-content\/uploads\/2021\/03\/Adapter_Spitze_oben_klein.jpg\" alt=\"Clarox filter cartridge top\" class=\"wp-image-37070 size-full lazyload\" data-srcset=\"https:\/\/www.filtrox.com\/wp-content\/uploads\/2021\/03\/Adapter_Spitze_oben_klein.jpg 479w, https:\/\/www.filtrox.com\/wp-content\/uploads\/2021\/03\/Adapter_Spitze_oben_klein-287x300.jpg 287w, https:\/\/www.filtrox.com\/wp-content\/uploads\/2021\/03\/Adapter_Spitze_oben_klein-24x24.jpg 24w, https:\/\/www.filtrox.com\/wp-content\/uploads\/2021\/03\/Adapter_Spitze_oben_klein-34x36.jpg 34w, https:\/\/www.filtrox.com\/wp-content\/uploads\/2021\/03\/Adapter_Spitze_oben_klein-46x48.jpg 46w\" data-sizes=\"(max-width: 479px) 100vw, 479px\" src=\"data:image\/svg+xml;base64,PHN2ZyB3aWR0aD0iMSIgaGVpZ2h0PSIxIiB4bWxucz0iaHR0cDovL3d3dy53My5vcmcvMjAwMC9zdmciPjwvc3ZnPg==\" style=\"--smush-placeholder-width: 479px; --smush-placeholder-aspect-ratio: 479\/500;\" \/><\/figure><div class=\"wp-block-media-text__content\">\n<h4 style=\"font-size: 30px;\">CLAROX\u00ae Cartuchos filtrantes de membrana MP\/W<\/h4>\n\n\n\n<p>Los cartuchos filtrantes de membrana MP\/W est\u00e1n hechos de medios de polietersulfona hidrof\u00edlica (PES). El medio filtrante se instala en los cartuchos en forma de pliegues multicapa para maximizar el \u00e1rea de superficie del filtro. Los materiales de fabricaci\u00f3n son compatibles con los productos qu\u00edmicos, lo que permite una mayor vida \u00fatil y rendimiento gracias a los ciclos de regeneraci\u00f3n \/ esterilizaci\u00f3n. Este tipo de cartucho filtrante se utiliza en la filtraci\u00f3n final de productos, que ya han sido preclarificados, para asegurar la eliminaci\u00f3n de microorganismos nocivos. Garantiza la filtraci\u00f3n est\u00e9ril inmediatamente antes del embotellado y su integridad es comprobable. Se pueden encontrar m\u00e1s detalles t\u00e9cnicos en las fichas t\u00e9cnicas en el <a href=\"https:\/\/www.filtrox.com\/es\/descargas\/\" target=\"_blank\" rel=\"noreferrer noopener\">\u00e1rea de descarga.<\/a><\/p>\n\n\n\n<div class=\"wp-block-buttons is-content-justification-right is-layout-flex wp-container-core-buttons-is-layout-3 wp-block-buttons-is-layout-flex\">\n<div class=\"wp-block-button\"><a class=\"wp-block-button__link has-background wp-element-button\" href=\"https:\/\/www.filtrox.com\/es\/contacto\/solicitud\/\" style=\"border-radius:0px;background-color:#666666\">Enviar consulta<\/a><\/div>\n<\/div>\n<\/div><\/div>\n\n\n\n<div style=\"height:10px\" aria-hidden=\"true\" class=\"wp-block-spacer\"><\/div>\n\n\n\n<div class=\"wp-block-media-text alignwide is-stacked-on-mobile\" style=\"grid-template-columns:24% auto\"><figure class=\"wp-block-media-text__media\"><img decoding=\"async\" width=\"500\" height=\"522\" data-src=\"https:\/\/www.filtrox.com\/wp-content\/uploads\/2023\/06\/Filtrap_Schraege-Ansicht_500x522_web.jpg\" alt=\"Filtrap wound filter cartridge\" class=\"wp-image-54138 size-full lazyload\" data-srcset=\"https:\/\/www.filtrox.com\/wp-content\/uploads\/2023\/06\/Filtrap_Schraege-Ansicht_500x522_web.jpg 500w, https:\/\/www.filtrox.com\/wp-content\/uploads\/2023\/06\/Filtrap_Schraege-Ansicht_500x522_web-287x300.jpg 287w, https:\/\/www.filtrox.com\/wp-content\/uploads\/2023\/06\/Filtrap_Schraege-Ansicht_500x522_web-24x24.jpg 24w, https:\/\/www.filtrox.com\/wp-content\/uploads\/2023\/06\/Filtrap_Schraege-Ansicht_500x522_web-34x36.jpg 34w, https:\/\/www.filtrox.com\/wp-content\/uploads\/2023\/06\/Filtrap_Schraege-Ansicht_500x522_web-46x48.jpg 46w\" data-sizes=\"(max-width: 500px) 100vw, 500px\" src=\"data:image\/svg+xml;base64,PHN2ZyB3aWR0aD0iMSIgaGVpZ2h0PSIxIiB4bWxucz0iaHR0cDovL3d3dy53My5vcmcvMjAwMC9zdmciPjwvc3ZnPg==\" style=\"--smush-placeholder-width: 500px; --smush-placeholder-aspect-ratio: 500\/522;\" \/><\/figure><div class=\"wp-block-media-text__content\">\n<h4 style=\"font-size: 30px;\">FILTRAP Cartuchos filtrantes FP \/ FPA<\/h4>\n\n\n\n<p>Cartucho filtrante de profundidad enrollado, desarrollado para el filtro de seguridad FILTRAP. Se utiliza para la filtraci\u00f3n de cerveza y una amplia gama de aplicaciones en la industria de las bebidas. Se pueden encontrar m\u00e1s detalles t\u00e9cnicos en las fichas t\u00e9cnicas en el <a href=\"https:\/\/www.filtrox.com\/es\/descargas\/\" target=\"_blank\" rel=\"noreferrer noopener\">\u00e1rea de descarga.<\/a><\/p>\n\n\n\n<div class=\"wp-block-buttons is-content-justification-right is-layout-flex wp-container-core-buttons-is-layout-4 wp-block-buttons-is-layout-flex\">\n<div class=\"wp-block-button\"><a class=\"wp-block-button__link has-background wp-element-button\" href=\"https:\/\/www.filtrox.com\/es\/contacto\/solicitud\/\" style=\"border-radius:0px;background-color:#666666\">Enviar consulta<\/a><\/div>\n<\/div>\n<\/div><\/div>\n\n\n\n<div style=\"height:10px\" aria-hidden=\"true\" class=\"wp-block-spacer\"><\/div>\n\n\n\n<p class=\"has-white-color has-cyan-bluish-gray-background-color has-text-color has-background has-large-font-size\">AYUDAS FILTRANTES<\/p>\n\n\n\n<div class=\"wp-block-media-text alignwide is-stacked-on-mobile\" style=\"grid-template-columns:24% auto\"><figure class=\"wp-block-media-text__media\"><img decoding=\"async\" width=\"500\" height=\"350\" data-src=\"https:\/\/www.filtrox.com\/wp-content\/uploads\/2020\/10\/Cellpure_500x350.jpg\" alt=\"Cellpure Filter Aid\" class=\"wp-image-34063 size-full lazyload\" data-srcset=\"https:\/\/www.filtrox.com\/wp-content\/uploads\/2020\/10\/Cellpure_500x350.jpg 500w, https:\/\/www.filtrox.com\/wp-content\/uploads\/2020\/10\/Cellpure_500x350-300x210.jpg 300w, https:\/\/www.filtrox.com\/wp-content\/uploads\/2020\/10\/Cellpure_500x350-24x17.jpg 24w, https:\/\/www.filtrox.com\/wp-content\/uploads\/2020\/10\/Cellpure_500x350-36x25.jpg 36w, https:\/\/www.filtrox.com\/wp-content\/uploads\/2020\/10\/Cellpure_500x350-48x34.jpg 48w\" data-sizes=\"(max-width: 500px) 100vw, 500px\" src=\"data:image\/svg+xml;base64,PHN2ZyB3aWR0aD0iMSIgaGVpZ2h0PSIxIiB4bWxucz0iaHR0cDovL3d3dy53My5vcmcvMjAwMC9zdmciPjwvc3ZnPg==\" style=\"--smush-placeholder-width: 500px; --smush-placeholder-aspect-ratio: 500\/350;\" \/><\/figure><div class=\"wp-block-media-text__content\">\n<h4 style=\"font-size: 30px;\">CELPURE\u00ae<\/h4>\n\n\n\n<p>CELPURE\u00ae est\u00e1 elaborado con tierra de diatomeas, que son restos fosilizados de algas de caparaz\u00f3n duro. Es la opci\u00f3n ideal cuando se desarrollan nuevos procesos de alta pureza con ayuda de filtraci\u00f3n de diatomeas.<br>Muchos procesos, p. eliminaci\u00f3n de c\u00e9lulas o fraccionamiento de plasma, requieren tierra de diatomeas (DE) como ayuda de filtraci\u00f3n para la filtraci\u00f3n aluvial.<\/p>\n\n\n\n<div class=\"wp-block-buttons is-content-justification-right is-layout-flex wp-container-core-buttons-is-layout-5 wp-block-buttons-is-layout-flex\">\n<div class=\"wp-block-button\"><a class=\"wp-block-button__link has-background wp-element-button\" href=\"https:\/\/www.filtrox.com\/es\/contacto\/solicitud\/\" style=\"border-radius:0px;background-color:#666666\">Enviar consulta<\/a><\/div>\n<\/div>\n<\/div><\/div>\n\n\n\n<div style=\"height:10px\" aria-hidden=\"true\" class=\"wp-block-spacer\"><\/div>\n","protected":false},"excerpt":{"rendered":"<p>Productos complementarios Cuando se trata de filtraci\u00f3n en profundidad, existen varios productos complementarios que pueden ayudarlo a mejorar el proceso y lograr mejores resultados. Adem\u00e1s de nuestros medios filtrantes y aparatos filtrantes, tambi\u00e9n ofrecemos placas de soporte para la filtraci\u00f3n de precapa, cartuchos filtrantes y ayudas filtrantes (tierra de diatomeas) en nuestra gama. PLACAS DE &hellip; <a href=\"https:\/\/www.filtrox.com\/es\/productos\/productos-complementarios\/\" class=\"more-link\">Continue reading <span class=\"screen-reader-text\">Productos complementarios<\/span> <span class=\"meta-nav\">&rarr;<\/span><\/a><\/p>\n","protected":false},"author":8,"featured_media":0,"parent":11591,"menu_order":0,"comment_status":"closed","ping_status":"closed","template":"template_products.php","meta":{"_acf_changed":false,"advgb_blocks_editor_width":"","advgb_blocks_columns_visual_guide":"","footnotes":""},"class_list":["post-52198","page","type-page","status-publish","hentry"],"acf":[],"yoast_head":"<!-- This site is optimized with the Yoast SEO plugin v26.3 - https:\/\/yoast.com\/wordpress\/plugins\/seo\/ -->\n<title>Productos complementarios - Filtrox<\/title>\n<meta name=\"description\" content=\"Cuando se trata de filtraci\u00f3n en profundidad, varios productos complementarios pueden mejorar el proceso y lograr mejores resultados.\" \/>\n<meta name=\"robots\" content=\"index, follow, max-snippet:-1, max-image-preview:large, max-video-preview:-1\" \/>\n<link rel=\"canonical\" href=\"https:\/\/www.filtrox.com\/es\/productos\/productos-complementarios\/\" \/>\n<meta property=\"og:locale\" content=\"es_ES\" \/>\n<meta property=\"og:type\" content=\"article\" \/>\n<meta property=\"og:title\" content=\"Productos complementarios - Filtrox\" \/>\n<meta property=\"og:description\" content=\"Cuando se trata de filtraci\u00f3n en profundidad, varios productos complementarios pueden mejorar el proceso y lograr mejores resultados.\" \/>\n<meta property=\"og:url\" content=\"https:\/\/www.filtrox.com\/es\/productos\/productos-complementarios\/\" \/>\n<meta property=\"og:site_name\" content=\"Filtrox\" \/>\n<meta property=\"article:publisher\" content=\"https:\/\/www.facebook.com\/Filtrox-AG-2091458717567633\" \/>\n<meta property=\"article:modified_time\" content=\"2025-01-06T11:05:58+00:00\" \/>\n<meta property=\"og:image\" content=\"https:\/\/www.filtrox.com\/wp-content\/uploads\/2020\/04\/Durofil-s-plus_web_1000px.jpg\" \/>\n\t<meta property=\"og:image:width\" content=\"1000\" \/>\n\t<meta property=\"og:image:height\" content=\"667\" \/>\n\t<meta property=\"og:image:type\" content=\"image\/jpeg\" \/>\n<meta name=\"twitter:card\" content=\"summary_large_image\" \/>\n<meta name=\"twitter:site\" content=\"@FILTROX1\" \/>\n<meta name=\"twitter:label1\" content=\"Tiempo de lectura\" \/>\n\t<meta name=\"twitter:data1\" content=\"3 minutos\" \/>\n<script type=\"application\/ld+json\" class=\"yoast-schema-graph\">{\"@context\":\"https:\/\/schema.org\",\"@graph\":[{\"@type\":\"WebPage\",\"@id\":\"https:\/\/www.filtrox.com\/es\/productos\/productos-complementarios\/\",\"url\":\"https:\/\/www.filtrox.com\/es\/productos\/productos-complementarios\/\",\"name\":\"Productos complementarios - Filtrox\",\"isPartOf\":{\"@id\":\"https:\/\/www.filtrox.com\/#website\"},\"primaryImageOfPage\":{\"@id\":\"https:\/\/www.filtrox.com\/es\/productos\/productos-complementarios\/#primaryimage\"},\"image\":{\"@id\":\"https:\/\/www.filtrox.com\/es\/productos\/productos-complementarios\/#primaryimage\"},\"thumbnailUrl\":\"https:\/\/www.filtrox.com\/wp-content\/uploads\/2020\/04\/Durofil-s-plus_web_1000px.jpg\",\"datePublished\":\"2023-07-01T12:19:10+00:00\",\"dateModified\":\"2025-01-06T11:05:58+00:00\",\"description\":\"Cuando se trata de filtraci\u00f3n en profundidad, varios productos complementarios pueden mejorar el proceso y lograr mejores resultados.\",\"breadcrumb\":{\"@id\":\"https:\/\/www.filtrox.com\/es\/productos\/productos-complementarios\/#breadcrumb\"},\"inLanguage\":\"es\",\"potentialAction\":[{\"@type\":\"ReadAction\",\"target\":[\"https:\/\/www.filtrox.com\/es\/productos\/productos-complementarios\/\"]}]},{\"@type\":\"ImageObject\",\"inLanguage\":\"es\",\"@id\":\"https:\/\/www.filtrox.com\/es\/productos\/productos-complementarios\/#primaryimage\",\"url\":\"https:\/\/www.filtrox.com\/wp-content\/uploads\/2020\/04\/Durofil-s-plus_web_1000px.jpg\",\"contentUrl\":\"https:\/\/www.filtrox.com\/wp-content\/uploads\/2020\/04\/Durofil-s-plus_web_1000px.jpg\"},{\"@type\":\"BreadcrumbList\",\"@id\":\"https:\/\/www.filtrox.com\/es\/productos\/productos-complementarios\/#breadcrumb\",\"itemListElement\":[{\"@type\":\"ListItem\",\"position\":1,\"name\":\"Home\",\"item\":\"https:\/\/www.filtrox.com\/es\/\"},{\"@type\":\"ListItem\",\"position\":2,\"name\":\"Productos complementarios\"}]},{\"@type\":\"WebSite\",\"@id\":\"https:\/\/www.filtrox.com\/#website\",\"url\":\"https:\/\/www.filtrox.com\/\",\"name\":\"Filtrox\",\"description\":\"DEPTH FILTRATION FOR VALUABLE LIQUIDS.\",\"publisher\":{\"@id\":\"https:\/\/www.filtrox.com\/#organization\"},\"potentialAction\":[{\"@type\":\"SearchAction\",\"target\":{\"@type\":\"EntryPoint\",\"urlTemplate\":\"https:\/\/www.filtrox.com\/?s={search_term_string}\"},\"query-input\":{\"@type\":\"PropertyValueSpecification\",\"valueRequired\":true,\"valueName\":\"search_term_string\"}}],\"inLanguage\":\"es\"},{\"@type\":\"Organization\",\"@id\":\"https:\/\/www.filtrox.com\/#organization\",\"name\":\"Filtrox\",\"alternateName\":\"FX\",\"url\":\"https:\/\/www.filtrox.com\/\",\"logo\":{\"@type\":\"ImageObject\",\"inLanguage\":\"es\",\"@id\":\"https:\/\/www.filtrox.com\/#\/schema\/logo\/image\/\",\"url\":\"https:\/\/www.filtrox.com\/wp-content\/uploads\/2015\/02\/FX-Logo_RGB_0-74-153.jpg\",\"contentUrl\":\"https:\/\/www.filtrox.com\/wp-content\/uploads\/2015\/02\/FX-Logo_RGB_0-74-153.jpg\",\"width\":512,\"height\":512,\"caption\":\"Filtrox\"},\"image\":{\"@id\":\"https:\/\/www.filtrox.com\/#\/schema\/logo\/image\/\"},\"sameAs\":[\"https:\/\/www.facebook.com\/Filtrox-AG-2091458717567633\",\"https:\/\/x.com\/FILTROX1\",\"https:\/\/www.instagram.com\/filtroxag\/\",\"https:\/\/www.linkedin.com\/company\/34636121\/\",\"https:\/\/www.youtube.com\/channel\/UCi3A2_4M_c-CcEst9YJ4U9g\/featured?disable_polymer=1\"]}]}<\/script>\n<!-- \/ Yoast SEO plugin. -->","yoast_head_json":{"title":"Productos complementarios - Filtrox","description":"Cuando se trata de filtraci\u00f3n en profundidad, varios productos complementarios pueden mejorar el proceso y lograr mejores resultados.","robots":{"index":"index","follow":"follow","max-snippet":"max-snippet:-1","max-image-preview":"max-image-preview:large","max-video-preview":"max-video-preview:-1"},"canonical":"https:\/\/www.filtrox.com\/es\/productos\/productos-complementarios\/","og_locale":"es_ES","og_type":"article","og_title":"Productos complementarios - Filtrox","og_description":"Cuando se trata de filtraci\u00f3n en profundidad, varios productos complementarios pueden mejorar el proceso y lograr mejores resultados.","og_url":"https:\/\/www.filtrox.com\/es\/productos\/productos-complementarios\/","og_site_name":"Filtrox","article_publisher":"https:\/\/www.facebook.com\/Filtrox-AG-2091458717567633","article_modified_time":"2025-01-06T11:05:58+00:00","og_image":[{"width":1000,"height":667,"url":"https:\/\/www.filtrox.com\/wp-content\/uploads\/2020\/04\/Durofil-s-plus_web_1000px.jpg","type":"image\/jpeg"}],"twitter_card":"summary_large_image","twitter_site":"@FILTROX1","twitter_misc":{"Tiempo de lectura":"3 minutos"},"schema":{"@context":"https:\/\/schema.org","@graph":[{"@type":"WebPage","@id":"https:\/\/www.filtrox.com\/es\/productos\/productos-complementarios\/","url":"https:\/\/www.filtrox.com\/es\/productos\/productos-complementarios\/","name":"Productos complementarios - Filtrox","isPartOf":{"@id":"https:\/\/www.filtrox.com\/#website"},"primaryImageOfPage":{"@id":"https:\/\/www.filtrox.com\/es\/productos\/productos-complementarios\/#primaryimage"},"image":{"@id":"https:\/\/www.filtrox.com\/es\/productos\/productos-complementarios\/#primaryimage"},"thumbnailUrl":"https:\/\/www.filtrox.com\/wp-content\/uploads\/2020\/04\/Durofil-s-plus_web_1000px.jpg","datePublished":"2023-07-01T12:19:10+00:00","dateModified":"2025-01-06T11:05:58+00:00","description":"Cuando se trata de filtraci\u00f3n en profundidad, varios productos complementarios pueden mejorar el proceso y lograr mejores resultados.","breadcrumb":{"@id":"https:\/\/www.filtrox.com\/es\/productos\/productos-complementarios\/#breadcrumb"},"inLanguage":"es","potentialAction":[{"@type":"ReadAction","target":["https:\/\/www.filtrox.com\/es\/productos\/productos-complementarios\/"]}]},{"@type":"ImageObject","inLanguage":"es","@id":"https:\/\/www.filtrox.com\/es\/productos\/productos-complementarios\/#primaryimage","url":"https:\/\/www.filtrox.com\/wp-content\/uploads\/2020\/04\/Durofil-s-plus_web_1000px.jpg","contentUrl":"https:\/\/www.filtrox.com\/wp-content\/uploads\/2020\/04\/Durofil-s-plus_web_1000px.jpg"},{"@type":"BreadcrumbList","@id":"https:\/\/www.filtrox.com\/es\/productos\/productos-complementarios\/#breadcrumb","itemListElement":[{"@type":"ListItem","position":1,"name":"Home","item":"https:\/\/www.filtrox.com\/es\/"},{"@type":"ListItem","position":2,"name":"Productos complementarios"}]},{"@type":"WebSite","@id":"https:\/\/www.filtrox.com\/#website","url":"https:\/\/www.filtrox.com\/","name":"Filtrox","description":"DEPTH FILTRATION FOR VALUABLE LIQUIDS.","publisher":{"@id":"https:\/\/www.filtrox.com\/#organization"},"potentialAction":[{"@type":"SearchAction","target":{"@type":"EntryPoint","urlTemplate":"https:\/\/www.filtrox.com\/?s={search_term_string}"},"query-input":{"@type":"PropertyValueSpecification","valueRequired":true,"valueName":"search_term_string"}}],"inLanguage":"es"},{"@type":"Organization","@id":"https:\/\/www.filtrox.com\/#organization","name":"Filtrox","alternateName":"FX","url":"https:\/\/www.filtrox.com\/","logo":{"@type":"ImageObject","inLanguage":"es","@id":"https:\/\/www.filtrox.com\/#\/schema\/logo\/image\/","url":"https:\/\/www.filtrox.com\/wp-content\/uploads\/2015\/02\/FX-Logo_RGB_0-74-153.jpg","contentUrl":"https:\/\/www.filtrox.com\/wp-content\/uploads\/2015\/02\/FX-Logo_RGB_0-74-153.jpg","width":512,"height":512,"caption":"Filtrox"},"image":{"@id":"https:\/\/www.filtrox.com\/#\/schema\/logo\/image\/"},"sameAs":["https:\/\/www.facebook.com\/Filtrox-AG-2091458717567633","https:\/\/x.com\/FILTROX1","https:\/\/www.instagram.com\/filtroxag\/","https:\/\/www.linkedin.com\/company\/34636121\/","https:\/\/www.youtube.com\/channel\/UCi3A2_4M_c-CcEst9YJ4U9g\/featured?disable_polymer=1"]}]}},"coauthors":[],"author_meta":{"author_link":"https:\/\/www.filtrox.com\/es\/blog\/author\/fosca-roman\/","display_name":"Fosca Roman"},"relative_dates":{"created":"Publicado 3 a\u00f1os hace","modified":"Actualizado 1 a\u00f1o hace"},"absolute_dates":{"created":"Publicado el julio 1, 2023","modified":"Actualizado el enero 6, 2025"},"absolute_dates_time":{"created":"Publicado el julio 1, 2023 1:19 pm","modified":"Actualizado el enero 6, 2025 12:05 pm"},"featured_img_caption":"","featured_img":false,"series_order":"","publishpress_future_action":{"enabled":false,"date":"2026-05-06 19:37:12","action":"change-status","newStatus":"draft","terms":[],"taxonomy":"translation_priority","extraData":[]},"publishpress_future_workflow_manual_trigger":{"enabledWorkflows":[]},"_links":{"self":[{"href":"https:\/\/www.filtrox.com\/es\/wp-json\/wp\/v2\/pages\/52198","targetHints":{"allow":["GET"]}}],"collection":[{"href":"https:\/\/www.filtrox.com\/es\/wp-json\/wp\/v2\/pages"}],"about":[{"href":"https:\/\/www.filtrox.com\/es\/wp-json\/wp\/v2\/types\/page"}],"author":[{"embeddable":true,"href":"https:\/\/www.filtrox.com\/es\/wp-json\/wp\/v2\/users\/8"}],"replies":[{"embeddable":true,"href":"https:\/\/www.filtrox.com\/es\/wp-json\/wp\/v2\/comments?post=52198"}],"version-history":[{"count":12,"href":"https:\/\/www.filtrox.com\/es\/wp-json\/wp\/v2\/pages\/52198\/revisions"}],"predecessor-version":[{"id":60334,"href":"https:\/\/www.filtrox.com\/es\/wp-json\/wp\/v2\/pages\/52198\/revisions\/60334"}],"up":[{"embeddable":true,"href":"https:\/\/www.filtrox.com\/es\/wp-json\/wp\/v2\/pages\/11591"}],"wp:attachment":[{"href":"https:\/\/www.filtrox.com\/es\/wp-json\/wp\/v2\/media?parent=52198"}],"curies":[{"name":"wp","href":"https:\/\/api.w.org\/{rel}","templated":true}]}}