{"id":31420,"date":"2015-11-09T10:46:20","date_gmt":"2015-11-09T10:46:20","guid":{"rendered":"https:\/\/www.filtrox.com\/imprint\/"},"modified":"2025-01-14T08:41:33","modified_gmt":"2025-01-14T07:41:33","slug":"imprint","status":"publish","type":"page","link":"https:\/\/www.filtrox.com\/it\/imprint\/","title":{"rendered":"Imprint"},"content":{"rendered":"<p><strong>Imprint:<\/strong><\/p>\n<p><strong>Operatore del sito web di FILTROX:<\/strong><\/p>\n<p>FILTROX AG<br \/>Moosmuehlestr. 6<br \/>CH-9001 St. Gallen \/ Svizzera<br \/>Telefono: +41 (0)71 272 91 11<br \/>Fax: +41 (0)71 272 91 00<br \/>Email: <a rel=\"noopener\">sales@filtrox.com<\/a><br \/>Sito web: <a href=\"http:\/\/www.filtrox.com\" target=\"_new\" rel=\"noopener\">www.filtrox.com<\/a><\/p>\n<p><strong>Iscrizione al registro commerciale:<\/strong><br \/>Registrato nel registro commerciale del Cantone di San Gallo<br \/>Numero di registro commerciale: CH-320.3.001.477-8<\/p>\n<p>Produzione e distribuzione di prodotti per l&#8217;industria delle bevande, in particolare nel campo della filtrazione. L&#8217;azienda pu\u00f2 partecipare ad altre attivit\u00e0, acquisire, gestire e vendere immobili, e stabilire filiali in Svizzera e all&#8217;estero.<\/p>\n<p><strong>Numero di identificazione IVA:<\/strong><br \/>CHE-102.007.640 MWST<\/p>\n<p><strong>Note legali:<\/strong><br \/>I contenuti di questo sito web sono creati con la massima cura. Tuttavia, non garantiamo l&#8217;accuratezza, la completezza o l&#8217;attualit\u00e0 dei contenuti.<\/p>\n<p><strong>Responsabilit\u00e0 per i link:<\/strong><br \/>Il nostro sito web contiene link a siti web esterni di terze parti, sui cui contenuti non abbiamo alcun controllo. Pertanto, non possiamo assumerci alcuna responsabilit\u00e0 per tali contenuti esterni. Il rispettivo fornitore o operatore delle pagine collegate \u00e8 sempre responsabile dei contenuti delle stesse.<\/p>\n<p><strong>Copyright:<\/strong><br \/>I contenuti e le opere creati da FILTROX AG su questo sito web sono soggetti alla legge sul diritto d&#8217;autore svizzera. La riproduzione, modifica, distribuzione e qualsiasi forma di utilizzo al di fuori dei limiti del diritto d&#8217;autore richiedono il consenso scritto di FILTROX AG.<\/p>\n<p><strong>Protezione dei dati:<\/strong><br \/>Per maggiori informazioni su come trattiamo i dati personali, si prega di consultare la nostra politica sulla privacy.<\/p>\n<p>\u00a9 2025 FILTROX AG. Tutti i diritti riservati. \/ Imprint<\/p>\n<p>\u00a0<\/p>\n<p><a title=\"Disclaimer\" href=\"https:\/\/www.filtrox.com\/disclaimer\/\">Disclaimer<\/a><\/p>\n<p>\u00a0<\/p>\n\n\n<figure class=\"wp-block-image size-large is-style-default\"><a href=\"https:\/\/www.filtrox.com\/wp-content\/uploads\/2015\/02\/Filtrox-ABOUT-US-title_PR.jpg\"><img decoding=\"async\" width=\"1024\" height=\"275\" data-src=\"https:\/\/www.filtrox.com\/wp-content\/uploads\/2015\/02\/Filtrox-ABOUT-US-title_PR-1024x275.jpg\" alt=\"Imprint : Veduta della sede centrale FILTROX AG a San Gallo\" class=\"wp-image-31433 lazyload\" title=\"imprint: sede Filtrox a san gallo\" data-srcset=\"https:\/\/www.filtrox.com\/wp-content\/uploads\/2015\/02\/Filtrox-ABOUT-US-title_PR-1024x275.jpg 1024w, https:\/\/www.filtrox.com\/wp-content\/uploads\/2015\/02\/Filtrox-ABOUT-US-title_PR-300x81.jpg 300w, https:\/\/www.filtrox.com\/wp-content\/uploads\/2015\/02\/Filtrox-ABOUT-US-title_PR-24x6.jpg 24w, https:\/\/www.filtrox.com\/wp-content\/uploads\/2015\/02\/Filtrox-ABOUT-US-title_PR-36x10.jpg 36w, https:\/\/www.filtrox.com\/wp-content\/uploads\/2015\/02\/Filtrox-ABOUT-US-title_PR-48x13.jpg 48w, https:\/\/www.filtrox.com\/wp-content\/uploads\/2015\/02\/Filtrox-ABOUT-US-title_PR.jpg 1200w\" data-sizes=\"(max-width: 1024px) 100vw, 1024px\" src=\"data:image\/svg+xml;base64,PHN2ZyB3aWR0aD0iMSIgaGVpZ2h0PSIxIiB4bWxucz0iaHR0cDovL3d3dy53My5vcmcvMjAwMC9zdmciPjwvc3ZnPg==\" style=\"--smush-placeholder-width: 1024px; --smush-placeholder-aspect-ratio: 1024\/275;\" \/><\/a><\/figure>\n\n\n","protected":false},"excerpt":{"rendered":"<p>Imprint: Operatore del sito web di FILTROX: FILTROX AGMoosmuehlestr. 6CH-9001 St. Gallen \/ SvizzeraTelefono: +41 (0)71 272 91 11Fax: +41 (0)71 272 91 00Email: sales@filtrox.comSito web: www.filtrox.com Iscrizione al registro commerciale:Registrato nel registro commerciale del Cantone di San GalloNumero di registro commerciale: CH-320.3.001.477-8 Produzione e distribuzione di prodotti per l&#8217;industria delle bevande, in particolare nel &hellip; <a href=\"https:\/\/www.filtrox.com\/it\/imprint\/\" class=\"more-link\">Continue reading <span class=\"screen-reader-text\">Imprint<\/span> <span class=\"meta-nav\">&rarr;<\/span><\/a><\/p>\n","protected":false},"author":8,"featured_media":0,"parent":0,"menu_order":96,"comment_status":"closed","ping_status":"open","template":"","meta":{"_acf_changed":false,"advgb_blocks_editor_width":"","advgb_blocks_columns_visual_guide":"","footnotes":""},"class_list":["post-31420","page","type-page","status-publish","hentry"],"acf":[],"yoast_head":"<!-- This site is optimized with the Yoast SEO plugin v26.3 - https:\/\/yoast.com\/wordpress\/plugins\/seo\/ -->\n<title>Imprint - Responsibility for the content on the Filtrox website<\/title>\n<meta name=\"description\" content=\"Imprint: La responsabilit\u00e0 per il contenuto del sito Web Filtrox \u00e8 della societ\u00e0 Filtrox AG, Moosm\u00fchlestrasse 6, 9001 San Gallo, Svizzera.\" \/>\n<meta name=\"robots\" content=\"index, follow, max-snippet:-1, max-image-preview:large, max-video-preview:-1\" \/>\n<link rel=\"canonical\" href=\"https:\/\/www.filtrox.com\/it\/imprint\/\" \/>\n<meta property=\"og:locale\" content=\"it_IT\" \/>\n<meta property=\"og:type\" content=\"article\" \/>\n<meta property=\"og:title\" content=\"Imprint - Responsibility for the content on the Filtrox website\" \/>\n<meta property=\"og:description\" content=\"Imprint: La responsabilit\u00e0 per il contenuto del sito Web Filtrox \u00e8 della societ\u00e0 Filtrox AG, Moosm\u00fchlestrasse 6, 9001 San Gallo, Svizzera.\" \/>\n<meta property=\"og:url\" content=\"https:\/\/www.filtrox.com\/it\/imprint\/\" \/>\n<meta property=\"og:site_name\" content=\"Filtrox\" \/>\n<meta property=\"article:publisher\" content=\"https:\/\/www.facebook.com\/Filtrox-AG-2091458717567633\" \/>\n<meta property=\"article:modified_time\" content=\"2025-01-14T07:41:33+00:00\" \/>\n<meta property=\"og:image\" content=\"https:\/\/www.filtrox.com\/wp-content\/uploads\/2015\/02\/Filtrox-ABOUT-US-title_PR.jpg\" \/>\n\t<meta property=\"og:image:width\" content=\"1200\" \/>\n\t<meta property=\"og:image:height\" content=\"322\" \/>\n\t<meta property=\"og:image:type\" content=\"image\/jpeg\" \/>\n<meta name=\"twitter:card\" content=\"summary_large_image\" \/>\n<meta name=\"twitter:site\" content=\"@FILTROX1\" \/>\n<meta name=\"twitter:label1\" content=\"Tempo di lettura stimato\" \/>\n\t<meta name=\"twitter:data1\" content=\"2 minuti\" \/>\n<script type=\"application\/ld+json\" class=\"yoast-schema-graph\">{\"@context\":\"https:\/\/schema.org\",\"@graph\":[{\"@type\":\"WebPage\",\"@id\":\"https:\/\/www.filtrox.com\/it\/imprint\/\",\"url\":\"https:\/\/www.filtrox.com\/it\/imprint\/\",\"name\":\"Imprint - Responsibility for the content on the Filtrox website\",\"isPartOf\":{\"@id\":\"https:\/\/www.filtrox.com\/#website\"},\"primaryImageOfPage\":{\"@id\":\"https:\/\/www.filtrox.com\/it\/imprint\/#primaryimage\"},\"image\":{\"@id\":\"https:\/\/www.filtrox.com\/it\/imprint\/#primaryimage\"},\"thumbnailUrl\":\"https:\/\/www.filtrox.com\/wp-content\/uploads\/2015\/02\/Filtrox-ABOUT-US-title_PR-1024x275.jpg\",\"datePublished\":\"2015-11-09T10:46:20+00:00\",\"dateModified\":\"2025-01-14T07:41:33+00:00\",\"description\":\"Imprint: La responsabilit\u00e0 per il contenuto del sito Web Filtrox \u00e8 della societ\u00e0 Filtrox AG, Moosm\u00fchlestrasse 6, 9001 San Gallo, Svizzera.\",\"breadcrumb\":{\"@id\":\"https:\/\/www.filtrox.com\/it\/imprint\/#breadcrumb\"},\"inLanguage\":\"it-IT\",\"potentialAction\":[{\"@type\":\"ReadAction\",\"target\":[\"https:\/\/www.filtrox.com\/it\/imprint\/\"]}]},{\"@type\":\"ImageObject\",\"inLanguage\":\"it-IT\",\"@id\":\"https:\/\/www.filtrox.com\/it\/imprint\/#primaryimage\",\"url\":\"https:\/\/www.filtrox.com\/wp-content\/uploads\/2015\/02\/Filtrox-ABOUT-US-title_PR-1024x275.jpg\",\"contentUrl\":\"https:\/\/www.filtrox.com\/wp-content\/uploads\/2015\/02\/Filtrox-ABOUT-US-title_PR-1024x275.jpg\"},{\"@type\":\"BreadcrumbList\",\"@id\":\"https:\/\/www.filtrox.com\/it\/imprint\/#breadcrumb\",\"itemListElement\":[{\"@type\":\"ListItem\",\"position\":1,\"name\":\"Home\",\"item\":\"https:\/\/www.filtrox.com\/it\/\"},{\"@type\":\"ListItem\",\"position\":2,\"name\":\"Imprint\"}]},{\"@type\":\"WebSite\",\"@id\":\"https:\/\/www.filtrox.com\/#website\",\"url\":\"https:\/\/www.filtrox.com\/\",\"name\":\"Filtrox\",\"description\":\"DEPTH FILTRATION FOR VALUABLE LIQUIDS.\",\"publisher\":{\"@id\":\"https:\/\/www.filtrox.com\/#organization\"},\"potentialAction\":[{\"@type\":\"SearchAction\",\"target\":{\"@type\":\"EntryPoint\",\"urlTemplate\":\"https:\/\/www.filtrox.com\/?s={search_term_string}\"},\"query-input\":{\"@type\":\"PropertyValueSpecification\",\"valueRequired\":true,\"valueName\":\"search_term_string\"}}],\"inLanguage\":\"it-IT\"},{\"@type\":\"Organization\",\"@id\":\"https:\/\/www.filtrox.com\/#organization\",\"name\":\"Filtrox\",\"alternateName\":\"FX\",\"url\":\"https:\/\/www.filtrox.com\/\",\"logo\":{\"@type\":\"ImageObject\",\"inLanguage\":\"it-IT\",\"@id\":\"https:\/\/www.filtrox.com\/#\/schema\/logo\/image\/\",\"url\":\"https:\/\/www.filtrox.com\/wp-content\/uploads\/2015\/02\/FX-Logo_RGB_0-74-153.jpg\",\"contentUrl\":\"https:\/\/www.filtrox.com\/wp-content\/uploads\/2015\/02\/FX-Logo_RGB_0-74-153.jpg\",\"width\":512,\"height\":512,\"caption\":\"Filtrox\"},\"image\":{\"@id\":\"https:\/\/www.filtrox.com\/#\/schema\/logo\/image\/\"},\"sameAs\":[\"https:\/\/www.facebook.com\/Filtrox-AG-2091458717567633\",\"https:\/\/x.com\/FILTROX1\",\"https:\/\/www.instagram.com\/filtroxag\/\",\"https:\/\/www.linkedin.com\/company\/34636121\/\",\"https:\/\/www.youtube.com\/channel\/UCi3A2_4M_c-CcEst9YJ4U9g\/featured?disable_polymer=1\"]}]}<\/script>\n<!-- \/ Yoast SEO plugin. -->","yoast_head_json":{"title":"Imprint - Responsibility for the content on the Filtrox website","description":"Imprint: La responsabilit\u00e0 per il contenuto del sito Web Filtrox \u00e8 della societ\u00e0 Filtrox AG, Moosm\u00fchlestrasse 6, 9001 San Gallo, Svizzera.","robots":{"index":"index","follow":"follow","max-snippet":"max-snippet:-1","max-image-preview":"max-image-preview:large","max-video-preview":"max-video-preview:-1"},"canonical":"https:\/\/www.filtrox.com\/it\/imprint\/","og_locale":"it_IT","og_type":"article","og_title":"Imprint - Responsibility for the content on the Filtrox website","og_description":"Imprint: La responsabilit\u00e0 per il contenuto del sito Web Filtrox \u00e8 della societ\u00e0 Filtrox AG, Moosm\u00fchlestrasse 6, 9001 San Gallo, Svizzera.","og_url":"https:\/\/www.filtrox.com\/it\/imprint\/","og_site_name":"Filtrox","article_publisher":"https:\/\/www.facebook.com\/Filtrox-AG-2091458717567633","article_modified_time":"2025-01-14T07:41:33+00:00","og_image":[{"width":1200,"height":322,"url":"https:\/\/www.filtrox.com\/wp-content\/uploads\/2015\/02\/Filtrox-ABOUT-US-title_PR.jpg","type":"image\/jpeg"}],"twitter_card":"summary_large_image","twitter_site":"@FILTROX1","twitter_misc":{"Tempo di lettura stimato":"2 minuti"},"schema":{"@context":"https:\/\/schema.org","@graph":[{"@type":"WebPage","@id":"https:\/\/www.filtrox.com\/it\/imprint\/","url":"https:\/\/www.filtrox.com\/it\/imprint\/","name":"Imprint - Responsibility for the content on the Filtrox website","isPartOf":{"@id":"https:\/\/www.filtrox.com\/#website"},"primaryImageOfPage":{"@id":"https:\/\/www.filtrox.com\/it\/imprint\/#primaryimage"},"image":{"@id":"https:\/\/www.filtrox.com\/it\/imprint\/#primaryimage"},"thumbnailUrl":"https:\/\/www.filtrox.com\/wp-content\/uploads\/2015\/02\/Filtrox-ABOUT-US-title_PR-1024x275.jpg","datePublished":"2015-11-09T10:46:20+00:00","dateModified":"2025-01-14T07:41:33+00:00","description":"Imprint: La responsabilit\u00e0 per il contenuto del sito Web Filtrox \u00e8 della societ\u00e0 Filtrox AG, Moosm\u00fchlestrasse 6, 9001 San Gallo, Svizzera.","breadcrumb":{"@id":"https:\/\/www.filtrox.com\/it\/imprint\/#breadcrumb"},"inLanguage":"it-IT","potentialAction":[{"@type":"ReadAction","target":["https:\/\/www.filtrox.com\/it\/imprint\/"]}]},{"@type":"ImageObject","inLanguage":"it-IT","@id":"https:\/\/www.filtrox.com\/it\/imprint\/#primaryimage","url":"https:\/\/www.filtrox.com\/wp-content\/uploads\/2015\/02\/Filtrox-ABOUT-US-title_PR-1024x275.jpg","contentUrl":"https:\/\/www.filtrox.com\/wp-content\/uploads\/2015\/02\/Filtrox-ABOUT-US-title_PR-1024x275.jpg"},{"@type":"BreadcrumbList","@id":"https:\/\/www.filtrox.com\/it\/imprint\/#breadcrumb","itemListElement":[{"@type":"ListItem","position":1,"name":"Home","item":"https:\/\/www.filtrox.com\/it\/"},{"@type":"ListItem","position":2,"name":"Imprint"}]},{"@type":"WebSite","@id":"https:\/\/www.filtrox.com\/#website","url":"https:\/\/www.filtrox.com\/","name":"Filtrox","description":"DEPTH FILTRATION FOR VALUABLE LIQUIDS.","publisher":{"@id":"https:\/\/www.filtrox.com\/#organization"},"potentialAction":[{"@type":"SearchAction","target":{"@type":"EntryPoint","urlTemplate":"https:\/\/www.filtrox.com\/?s={search_term_string}"},"query-input":{"@type":"PropertyValueSpecification","valueRequired":true,"valueName":"search_term_string"}}],"inLanguage":"it-IT"},{"@type":"Organization","@id":"https:\/\/www.filtrox.com\/#organization","name":"Filtrox","alternateName":"FX","url":"https:\/\/www.filtrox.com\/","logo":{"@type":"ImageObject","inLanguage":"it-IT","@id":"https:\/\/www.filtrox.com\/#\/schema\/logo\/image\/","url":"https:\/\/www.filtrox.com\/wp-content\/uploads\/2015\/02\/FX-Logo_RGB_0-74-153.jpg","contentUrl":"https:\/\/www.filtrox.com\/wp-content\/uploads\/2015\/02\/FX-Logo_RGB_0-74-153.jpg","width":512,"height":512,"caption":"Filtrox"},"image":{"@id":"https:\/\/www.filtrox.com\/#\/schema\/logo\/image\/"},"sameAs":["https:\/\/www.facebook.com\/Filtrox-AG-2091458717567633","https:\/\/x.com\/FILTROX1","https:\/\/www.instagram.com\/filtroxag\/","https:\/\/www.linkedin.com\/company\/34636121\/","https:\/\/www.youtube.com\/channel\/UCi3A2_4M_c-CcEst9YJ4U9g\/featured?disable_polymer=1"]}]}},"coauthors":[],"author_meta":{"author_link":"https:\/\/www.filtrox.com\/it\/blog\/author\/fosca-roman\/","display_name":"Fosca Roman"},"relative_dates":{"created":"Pubblicato 10 anni fa","modified":"Aggiornato 1 anno fa"},"absolute_dates":{"created":"Pubblicato il Novembre 9, 2015","modified":"Aggiornato il Gennaio 14, 2025"},"absolute_dates_time":{"created":"Pubblicato il Novembre 9, 2015 10:46 am","modified":"Aggiornato il Gennaio 14, 2025 8:41 am"},"featured_img_caption":"","featured_img":false,"series_order":"","publishpress_future_action":{"enabled":false,"date":"2026-05-06 14:39:09","action":"change-status","newStatus":"draft","terms":[],"taxonomy":"translation_priority","extraData":[]},"publishpress_future_workflow_manual_trigger":{"enabledWorkflows":[]},"_links":{"self":[{"href":"https:\/\/www.filtrox.com\/it\/wp-json\/wp\/v2\/pages\/31420","targetHints":{"allow":["GET"]}}],"collection":[{"href":"https:\/\/www.filtrox.com\/it\/wp-json\/wp\/v2\/pages"}],"about":[{"href":"https:\/\/www.filtrox.com\/it\/wp-json\/wp\/v2\/types\/page"}],"author":[{"embeddable":true,"href":"https:\/\/www.filtrox.com\/it\/wp-json\/wp\/v2\/users\/8"}],"replies":[{"embeddable":true,"href":"https:\/\/www.filtrox.com\/it\/wp-json\/wp\/v2\/comments?post=31420"}],"version-history":[{"count":7,"href":"https:\/\/www.filtrox.com\/it\/wp-json\/wp\/v2\/pages\/31420\/revisions"}],"predecessor-version":[{"id":60640,"href":"https:\/\/www.filtrox.com\/it\/wp-json\/wp\/v2\/pages\/31420\/revisions\/60640"}],"wp:attachment":[{"href":"https:\/\/www.filtrox.com\/it\/wp-json\/wp\/v2\/media?parent=31420"}],"curies":[{"name":"wp","href":"https:\/\/api.w.org\/{rel}","templated":true}]}}