{"id":31452,"date":"2019-01-23T11:45:22","date_gmt":"2019-01-23T11:45:22","guid":{"rendered":"https:\/\/www.filtrox.com\/?page_id=31452"},"modified":"2025-01-14T08:28:02","modified_gmt":"2025-01-14T07:28:02","slug":"sitemap","status":"publish","type":"page","link":"https:\/\/www.filtrox.com\/it\/sitemap\/","title":{"rendered":"Mappa del sito"},"content":{"rendered":"<h1>Mappa del sito<\/h1>\n<div class=\"flex-shrink-0 flex flex-col relative items-end\">\n<div>\n<div class=\"pt-0\">\n<div class=\"gizmo-bot-avatar flex h-8 w-8 items-center justify-center overflow-hidden rounded-full\">\n<div class=\"relative p-1 rounded-sm flex items-center justify-center bg-token-main-surface-primary text-token-text-primary h-8 w-8\">\u00a0<\/div>\n<\/div>\n<\/div>\n<\/div>\n<\/div>\n<div class=\"group\/conversation-turn relative flex w-full min-w-0 flex-col agent-turn\">\n<div class=\"flex-col gap-1 md:gap-3\">\n<div class=\"flex max-w-full flex-col flex-grow\">\n<div class=\"min-h-8 text-message flex w-full flex-col items-end gap-2 whitespace-normal break-words text-start [.text-message+&amp;]:mt-5\" dir=\"auto\" data-message-author-role=\"assistant\" data-message-id=\"787a6355-14ac-4c14-b27c-20abbcabb6d9\" data-message-model-slug=\"gpt-4o\">\n<div class=\"flex w-full flex-col gap-1 empty:hidden first:pt-[3px]\">\n<div class=\"markdown prose w-full break-words dark:prose-invert light\">\n<p><strong>Mappa del sito filtrox.com<\/strong><br \/>Benvenuto nella mappa del sito di filtrox.com, il tuo punto di partenza centrale per tutte le informazioni sui nostri prodotti, servizi e soluzioni nella filtrazione profonda. Questa pagina offre una panoramica chiara della struttura del nostro sito web, consentendoti di trovare rapidamente e facilmente i contenuti che stai cercando.<\/p>\n<p><strong>Le nostre aree principali:<\/strong><\/p>\n<ul>\n<li><strong>Prodotti:<\/strong> Esplora la nostra gamma completa di strati filtranti, moduli e cartucce. Offriamo soluzioni di alta qualit\u00e0 per processi di filtrazione esigenti nei settori alimentare e delle bevande, farmaceutico, biotecnologico e dell\u2019olio da frittura.<\/li>\n<li><strong>Soluzioni:<\/strong> Scopri di pi\u00f9 sulle nostre soluzioni di filtrazione personalizzate e su come possiamo supportarti nell&#8217;ottimizzazione dei tuoi processi.<\/li>\n<li><strong>Servizio e supporto:<\/strong> Il nostro team di esperti \u00e8 a tua disposizione per consulenze, formazione e servizi tecnici, garantendo un processo di filtrazione efficiente e sostenibile.<\/li>\n<li><strong>Azienda:<\/strong> Scopri di pi\u00f9 su FILTROX AG, inclusa la nostra storia, i nostri valori e la nostra rete globale.<\/li>\n<\/ul>\n<p><strong>Contenuti aggiuntivi:<\/strong><\/p>\n<ul>\n<li><strong>Blog e notizie:<\/strong> Rimani aggiornato sulle ultime innovazioni, case study e tendenze nel settore della filtrazione.<\/li>\n<li><strong>Carriere:<\/strong> Unisciti al nostro team e contribuisci a plasmare il futuro della filtrazione.<\/li>\n<li><strong>Contatti:<\/strong> Trova tutti i dettagli essenziali per entrare in contatto con noi, inclusi referenti e sedi degli uffici.<\/li>\n<li><strong>Impressum e Privacy:<\/strong> Informazioni legali e linee guida sulla protezione dei dati.<\/li>\n<\/ul>\n<p>Utilizza questa mappa del sito per migliorare la tua esperienza di navigazione su filtrox.com. Siamo pronti a offrirti le migliori soluzioni di filtrazione e a superare le tue aspettative!<\/p>\n<\/div>\n<\/div>\n<\/div>\n<\/div>\n<\/div>\n<\/div>\n<div id=\"simple-sitemap-container-69f209c93f8fc\" class=\"simple-sitemap-container simple-sitemap-container-69f209c93f8fc tab-disabled\"><div class=\"simple-sitemap-wrap\"><h3 class=\"post-type\">Pagine<\/h3><ul class=\"simple-sitemap-page main\"><li class=\"sitemap-item page_item page-item-47901\"><a href=\"https:\/\/www.filtrox.com\/it\/portale-di-istruzioni-2\/\">Portale di istruzioni<\/a><\/li>\n<li class=\"sitemap-item page_item page-item-41008 page_item_has_children\"><a href=\"https:\/\/www.filtrox.com\/it\/contatti\/\">Contatti<\/a>\n<ul class='children'>\n\t<li class=\"sitemap-item page_item page-item-38890\"><a href=\"https:\/\/www.filtrox.com\/it\/contatti\/lavoro\/\">Lavoro<\/a><\/li>\n\t<li class=\"sitemap-item page_item page-item-32954\"><a href=\"https:\/\/www.filtrox.com\/it\/contatti\/esperto-filtrox\/\">Chiedi a un esperto Filtrox<\/a><\/li>\n\t<li class=\"sitemap-item page_item page-item-32885\"><a href=\"https:\/\/www.filtrox.com\/it\/contatti\/richiesta\/\">Richiesta<\/a><\/li>\n\t<li class=\"sitemap-item page_item page-item-40716\"><a href=\"https:\/\/www.filtrox.com\/it\/contatti\/sedi\/\">Sedi<\/a><\/li>\n<\/ul>\n<\/li>\n<li class=\"sitemap-item page_item page-item-31452\"><a href=\"https:\/\/www.filtrox.com\/it\/sitemap\/\">Mappa del sito<\/a><\/li>\n<li class=\"sitemap-item page_item page-item-31455\"><a href=\"https:\/\/www.filtrox.com\/it\/privacy\/\">Privacy<\/a><\/li>\n<li class=\"sitemap-item page_item page-item-31420\"><a href=\"https:\/\/www.filtrox.com\/it\/imprint\/\">Imprint<\/a><\/li>\n<li class=\"sitemap-item page_item page-item-31754\"><a href=\"https:\/\/www.filtrox.com\/it\/avviso-legale\/\">Avviso legale<\/a><\/li>\n<li class=\"sitemap-item page_item page-item-31478\"><a href=\"https:\/\/www.filtrox.com\/it\/\">Home Page<\/a><\/li>\n<li class=\"sitemap-item page_item page-item-31443 page_item_has_children\"><a href=\"https:\/\/www.filtrox.com\/it\/servizi\/\">Servizi<\/a>\n<ul class='children'>\n\t<li class=\"sitemap-item page_item page-item-31769\"><a href=\"https:\/\/www.filtrox.com\/it\/servizi\/filtrazione-di-profondita\/\">Filtrazione di profondit\u00e0<\/a><\/li>\n\t<li class=\"sitemap-item page_item page-item-31663\"><a href=\"https:\/\/www.filtrox.com\/it\/servizi\/supporto-convalida\/\">Supporto Convalida<\/a><\/li>\n\t<li class=\"sitemap-item page_item page-item-31661\"><a href=\"https:\/\/www.filtrox.com\/it\/servizi\/pezzi-di-ricambio\/\">Pezzi di ricambio<\/a><\/li>\n\t<li class=\"sitemap-item page_item page-item-31655 page_item_has_children\"><a href=\"https:\/\/www.filtrox.com\/it\/servizi\/conoscenza-di-filtrazione\/\">Conoscenza della filtrazione<\/a>\n\t<ul class='children'>\n\t\t<li class=\"sitemap-item page_item page-item-31758\"><a href=\"https:\/\/www.filtrox.com\/it\/servizi\/conoscenza-di-filtrazione\/microfiltrazione\/\">Microfiltrazione<\/a><\/li>\n\t\t<li class=\"sitemap-item page_item page-item-31762\"><a href=\"https:\/\/www.filtrox.com\/it\/servizi\/conoscenza-di-filtrazione\/carbone-attivo\/\">Carbone attivo<\/a><\/li>\n\t<\/ul>\n<\/li>\n\t<li class=\"sitemap-item page_item page-item-31658\"><a href=\"https:\/\/www.filtrox.com\/it\/servizi\/consulenza-per-l-applicazione\/\">Consulenza per l'applicazione<\/a><\/li>\n<\/ul>\n<\/li>\n<li class=\"sitemap-item page_item page-item-31424 page_item_has_children\"><a href=\"https:\/\/www.filtrox.com\/it\/applicazioni\/\">Applicazioni<\/a>\n<ul class='children'>\n\t<li class=\"sitemap-item page_item page-item-41540\"><a href=\"https:\/\/www.filtrox.com\/it\/applicazioni\/filtrazione-per-olio-di-frittura-2\/\">Filtrazione per olio di frittura<\/a><\/li>\n\t<li class=\"sitemap-item page_item page-item-31510 page_item_has_children\"><a href=\"https:\/\/www.filtrox.com\/it\/applicazioni\/bevande-e-alimentari\/\">Bevande &amp; alimentari<\/a>\n\t<ul class='children'>\n\t\t<li class=\"sitemap-item page_item page-item-31646\"><a href=\"https:\/\/www.filtrox.com\/it\/applicazioni\/bevande-e-alimentari\/hard-seltzer\/\">Hard seltzer<\/a><\/li>\n\t\t<li class=\"sitemap-item page_item page-item-61321\"><a href=\"https:\/\/www.filtrox.com\/it\/applicazioni\/bevande-e-alimentari\/alcolici-distillati\/\">Alcolici distillati<\/a><\/li>\n\t\t<li class=\"sitemap-item page_item page-item-31641\"><a href=\"https:\/\/www.filtrox.com\/it\/applicazioni\/bevande-e-alimentari\/birra-filtrazione\/\">Birra<\/a><\/li>\n\t\t<li class=\"sitemap-item page_item page-item-31623 page_item_has_children\"><a href=\"https:\/\/www.filtrox.com\/it\/applicazioni\/bevande-e-alimentari\/vino\/\">Vino<\/a>\n\t\t<ul class='children'>\n\t\t\t<li class=\"sitemap-item page_item page-item-55581\"><a href=\"https:\/\/www.filtrox.com\/it\/applicazioni\/bevande-e-alimentari\/vino\/librasorb-mx\/\">LIBRASORB MX<\/a><\/li>\n\t\t<\/ul>\n<\/li>\n\t<\/ul>\n<\/li>\n\t<li class=\"sitemap-item page_item page-item-31537 page_item_has_children\"><a href=\"https:\/\/www.filtrox.com\/it\/applicazioni\/scienze-della-vita\/\">Scienze della vita<\/a>\n\t<ul class='children'>\n\t\t<li class=\"sitemap-item page_item page-item-34725\"><a href=\"https:\/\/www.filtrox.com\/it\/applicazioni\/scienze-della-vita\/cellule-di-mammifero-e-mabs-2-2\/\">Cellule di mammifero e mAb's<\/a><\/li>\n\t\t<li class=\"sitemap-item page_item page-item-56751\"><a href=\"https:\/\/www.filtrox.com\/it\/applicazioni\/scienze-della-vita\/aromi-e-fragranze\/\">Aromi &amp; Fragranze<\/a><\/li>\n\t\t<li class=\"sitemap-item page_item page-item-58397\"><a href=\"https:\/\/www.filtrox.com\/it\/applicazioni\/scienze-della-vita\/frazionamento-del-plasma\/\">Frazionamento del plasma sanguigno<\/a><\/li>\n\t\t<li class=\"sitemap-item page_item page-item-60526\"><a href=\"https:\/\/www.filtrox.com\/it\/applicazioni\/scienze-della-vita\/dna-plasmidico\/\">DNA PLASMIDICO<\/a><\/li>\n\t\t<li class=\"sitemap-item page_item page-item-31617\"><a href=\"https:\/\/www.filtrox.com\/it\/applicazioni\/scienze-della-vita\/olio-di-cbd\/\">Olio di CBD<\/a><\/li>\n\t\t<li class=\"sitemap-item page_item page-item-60797\"><a href=\"https:\/\/www.filtrox.com\/it\/applicazioni\/scienze-della-vita\/monouso\/\">Filtro monouso<\/a><\/li>\n\t<\/ul>\n<\/li>\n<\/ul>\n<\/li>\n<li class=\"sitemap-item page_item page-item-31428 page_item_has_children\"><a href=\"https:\/\/www.filtrox.com\/it\/prodotti\/\">Prodotti<\/a>\n<ul class='children'>\n\t<li class=\"sitemap-item page_item page-item-52199\"><a href=\"https:\/\/www.filtrox.com\/it\/prodotti\/prodotti-complementari\/\">Prodotti complementari<\/a><\/li>\n\t<li class=\"sitemap-item page_item page-item-52228\"><a href=\"https:\/\/www.filtrox.com\/it\/prodotti\/filtri-pressa-e-campane-2\/\">Filtri Pressa e Campane<\/a><\/li>\n\t<li class=\"sitemap-item page_item page-item-52374 page_item_has_children\"><a href=\"https:\/\/www.filtrox.com\/it\/prodotti\/strati-e-moduli-filtranti\/\">Media filtranti<\/a>\n\t<ul class='children'>\n\t\t<li class=\"sitemap-item page_item page-item-34715\"><a href=\"https:\/\/www.filtrox.com\/it\/prodotti\/strati-e-moduli-filtranti\/durofil\/\">DUROFIL Strato di Supporto<\/a><\/li>\n\t<\/ul>\n<\/li>\n\t<li class=\"sitemap-item page_item page-item-53483\"><a href=\"https:\/\/www.filtrox.com\/it\/prodotti\/puraspin\/\">PURASPIN<\/a><\/li>\n\t<li class=\"sitemap-item page_item page-item-41538\"><a href=\"https:\/\/www.filtrox.com\/it\/prodotti\/filtrazione-in-laboratorio\/\">Filtrazione in Laboratorio<\/a><\/li>\n<\/ul>\n<\/li>\n<li class=\"sitemap-item page_item page-item-31431 page_item_has_children\"><a href=\"https:\/\/www.filtrox.com\/it\/su-filtrox\/\">Su Filtrox<\/a>\n<ul class='children'>\n\t<li class=\"sitemap-item page_item page-item-39179\"><a href=\"https:\/\/www.filtrox.com\/it\/su-filtrox\/visione-filtrox\/\">Visione Filtrox<\/a><\/li>\n\t<li class=\"sitemap-item page_item page-item-36213\"><a href=\"https:\/\/www.filtrox.com\/it\/su-filtrox\/sostenibilita-2\/\">Sostenibilit\u00e0<\/a><\/li>\n\t<li class=\"sitemap-item page_item page-item-31581\"><a href=\"https:\/\/www.filtrox.com\/it\/su-filtrox\/organizzazione\/\">Organizzazione<\/a><\/li>\n\t<li class=\"sitemap-item page_item page-item-31588\"><a href=\"https:\/\/www.filtrox.com\/it\/su-filtrox\/storia-filtrox\/\">Storia Filtrox<\/a><\/li>\n<\/ul>\n<\/li>\n<li class=\"sitemap-item page_item page-item-51399\"><a href=\"https:\/\/www.filtrox.com\/it\/downloads-documenti\/\">Downloads e Documenti<\/a><\/li>\n<\/ul><\/div><\/div><br style=\"clear: both;\">\n\n\n\n\n<figure class=\"wp-block-image size-large is-style-default\"><a href=\"https:\/\/www.filtrox.com\/wp-content\/uploads\/2015\/02\/Filtrox-ABOUT-US-title_PR.jpg\"><img decoding=\"async\" width=\"1024\" height=\"275\" data-src=\"https:\/\/www.filtrox.com\/wp-content\/uploads\/2015\/02\/Filtrox-ABOUT-US-title_PR-1024x275.jpg\" alt=\"Veduta della sede centrale FILTROX AG a San Gallo\" class=\"wp-image-31433 lazyload\" title=\"mappa del sito Filtrox\" data-srcset=\"https:\/\/www.filtrox.com\/wp-content\/uploads\/2015\/02\/Filtrox-ABOUT-US-title_PR-1024x275.jpg 1024w, https:\/\/www.filtrox.com\/wp-content\/uploads\/2015\/02\/Filtrox-ABOUT-US-title_PR-300x81.jpg 300w, https:\/\/www.filtrox.com\/wp-content\/uploads\/2015\/02\/Filtrox-ABOUT-US-title_PR-24x6.jpg 24w, https:\/\/www.filtrox.com\/wp-content\/uploads\/2015\/02\/Filtrox-ABOUT-US-title_PR-36x10.jpg 36w, https:\/\/www.filtrox.com\/wp-content\/uploads\/2015\/02\/Filtrox-ABOUT-US-title_PR-48x13.jpg 48w, https:\/\/www.filtrox.com\/wp-content\/uploads\/2015\/02\/Filtrox-ABOUT-US-title_PR.jpg 1200w\" data-sizes=\"(max-width: 1024px) 100vw, 1024px\" src=\"data:image\/svg+xml;base64,PHN2ZyB3aWR0aD0iMSIgaGVpZ2h0PSIxIiB4bWxucz0iaHR0cDovL3d3dy53My5vcmcvMjAwMC9zdmciPjwvc3ZnPg==\" style=\"--smush-placeholder-width: 1024px; --smush-placeholder-aspect-ratio: 1024\/275;\" \/><\/a><\/figure>\n\n\n","protected":false},"excerpt":{"rendered":"<p>Mappa del sito \u00a0 Mappa del sito filtrox.comBenvenuto nella mappa del sito di filtrox.com, il tuo punto di partenza centrale per tutte le informazioni sui nostri prodotti, servizi e soluzioni nella filtrazione profonda. Questa pagina offre una panoramica chiara della struttura del nostro sito web, consentendoti di trovare rapidamente e facilmente i contenuti che stai &hellip; <a href=\"https:\/\/www.filtrox.com\/it\/sitemap\/\" class=\"more-link\">Continue reading <span class=\"screen-reader-text\">Mappa del sito<\/span> <span class=\"meta-nav\">&rarr;<\/span><\/a><\/p>\n","protected":false},"author":6,"featured_media":0,"parent":0,"menu_order":79,"comment_status":"closed","ping_status":"closed","template":"","meta":{"_acf_changed":false,"advgb_blocks_editor_width":"","advgb_blocks_columns_visual_guide":"","footnotes":""},"class_list":["post-31452","page","type-page","status-publish","hentry"],"acf":[],"yoast_head":"<!-- This site is optimized with the Yoast SEO plugin v26.3 - https:\/\/yoast.com\/wordpress\/plugins\/seo\/ -->\n<title>Mappa del sito - Filtrox Sito web per soluzioni di filtraggio di profondit\u00e0<\/title>\n<meta name=\"description\" content=\"Mappa del sito web di Filtrox. Filtrox gli esperti per la filtrazione di profondit\u00e0. Scopri di pi\u00f9 sul nostro sito web.\" \/>\n<meta name=\"robots\" content=\"index, follow, max-snippet:-1, max-image-preview:large, max-video-preview:-1\" \/>\n<link rel=\"canonical\" href=\"https:\/\/www.filtrox.com\/it\/sitemap\/\" \/>\n<meta property=\"og:locale\" content=\"it_IT\" \/>\n<meta property=\"og:type\" content=\"article\" \/>\n<meta property=\"og:title\" content=\"Mappa del sito - Filtrox Sito web per soluzioni di filtraggio di profondit\u00e0\" \/>\n<meta property=\"og:description\" content=\"Mappa del sito web di Filtrox. Filtrox gli esperti per la filtrazione di profondit\u00e0. Scopri di pi\u00f9 sul nostro sito web.\" \/>\n<meta property=\"og:url\" content=\"https:\/\/www.filtrox.com\/it\/sitemap\/\" \/>\n<meta property=\"og:site_name\" content=\"Filtrox\" \/>\n<meta property=\"article:publisher\" content=\"https:\/\/www.facebook.com\/Filtrox-AG-2091458717567633\" \/>\n<meta property=\"article:modified_time\" content=\"2025-01-14T07:28:02+00:00\" \/>\n<meta property=\"og:image\" content=\"https:\/\/www.filtrox.com\/wp-content\/uploads\/2015\/02\/Filtrox-ABOUT-US-title_PR.jpg\" \/>\n\t<meta property=\"og:image:width\" content=\"1200\" \/>\n\t<meta property=\"og:image:height\" content=\"322\" \/>\n\t<meta property=\"og:image:type\" content=\"image\/jpeg\" \/>\n<meta name=\"twitter:card\" content=\"summary_large_image\" \/>\n<meta name=\"twitter:site\" content=\"@FILTROX1\" \/>\n<meta name=\"twitter:label1\" content=\"Tempo di lettura stimato\" \/>\n\t<meta name=\"twitter:data1\" content=\"2 minuti\" \/>\n<script type=\"application\/ld+json\" class=\"yoast-schema-graph\">{\"@context\":\"https:\/\/schema.org\",\"@graph\":[{\"@type\":\"WebPage\",\"@id\":\"https:\/\/www.filtrox.com\/it\/sitemap\/\",\"url\":\"https:\/\/www.filtrox.com\/it\/sitemap\/\",\"name\":\"Mappa del sito - Filtrox Sito web per soluzioni di filtraggio di profondit\u00e0\",\"isPartOf\":{\"@id\":\"https:\/\/www.filtrox.com\/#website\"},\"primaryImageOfPage\":{\"@id\":\"https:\/\/www.filtrox.com\/it\/sitemap\/#primaryimage\"},\"image\":{\"@id\":\"https:\/\/www.filtrox.com\/it\/sitemap\/#primaryimage\"},\"thumbnailUrl\":\"https:\/\/www.filtrox.com\/wp-content\/uploads\/2015\/02\/Filtrox-ABOUT-US-title_PR-1024x275.jpg\",\"datePublished\":\"2019-01-23T11:45:22+00:00\",\"dateModified\":\"2025-01-14T07:28:02+00:00\",\"description\":\"Mappa del sito web di Filtrox. Filtrox gli esperti per la filtrazione di profondit\u00e0. Scopri di pi\u00f9 sul nostro sito web.\",\"breadcrumb\":{\"@id\":\"https:\/\/www.filtrox.com\/it\/sitemap\/#breadcrumb\"},\"inLanguage\":\"it-IT\",\"potentialAction\":[{\"@type\":\"ReadAction\",\"target\":[\"https:\/\/www.filtrox.com\/it\/sitemap\/\"]}]},{\"@type\":\"ImageObject\",\"inLanguage\":\"it-IT\",\"@id\":\"https:\/\/www.filtrox.com\/it\/sitemap\/#primaryimage\",\"url\":\"https:\/\/www.filtrox.com\/wp-content\/uploads\/2015\/02\/Filtrox-ABOUT-US-title_PR-1024x275.jpg\",\"contentUrl\":\"https:\/\/www.filtrox.com\/wp-content\/uploads\/2015\/02\/Filtrox-ABOUT-US-title_PR-1024x275.jpg\"},{\"@type\":\"BreadcrumbList\",\"@id\":\"https:\/\/www.filtrox.com\/it\/sitemap\/#breadcrumb\",\"itemListElement\":[{\"@type\":\"ListItem\",\"position\":1,\"name\":\"Home\",\"item\":\"https:\/\/www.filtrox.com\/it\/\"},{\"@type\":\"ListItem\",\"position\":2,\"name\":\"Mappa del sito\"}]},{\"@type\":\"WebSite\",\"@id\":\"https:\/\/www.filtrox.com\/#website\",\"url\":\"https:\/\/www.filtrox.com\/\",\"name\":\"Filtrox\",\"description\":\"DEPTH FILTRATION FOR VALUABLE LIQUIDS.\",\"publisher\":{\"@id\":\"https:\/\/www.filtrox.com\/#organization\"},\"potentialAction\":[{\"@type\":\"SearchAction\",\"target\":{\"@type\":\"EntryPoint\",\"urlTemplate\":\"https:\/\/www.filtrox.com\/?s={search_term_string}\"},\"query-input\":{\"@type\":\"PropertyValueSpecification\",\"valueRequired\":true,\"valueName\":\"search_term_string\"}}],\"inLanguage\":\"it-IT\"},{\"@type\":\"Organization\",\"@id\":\"https:\/\/www.filtrox.com\/#organization\",\"name\":\"Filtrox\",\"alternateName\":\"FX\",\"url\":\"https:\/\/www.filtrox.com\/\",\"logo\":{\"@type\":\"ImageObject\",\"inLanguage\":\"it-IT\",\"@id\":\"https:\/\/www.filtrox.com\/#\/schema\/logo\/image\/\",\"url\":\"https:\/\/www.filtrox.com\/wp-content\/uploads\/2015\/02\/FX-Logo_RGB_0-74-153.jpg\",\"contentUrl\":\"https:\/\/www.filtrox.com\/wp-content\/uploads\/2015\/02\/FX-Logo_RGB_0-74-153.jpg\",\"width\":512,\"height\":512,\"caption\":\"Filtrox\"},\"image\":{\"@id\":\"https:\/\/www.filtrox.com\/#\/schema\/logo\/image\/\"},\"sameAs\":[\"https:\/\/www.facebook.com\/Filtrox-AG-2091458717567633\",\"https:\/\/x.com\/FILTROX1\",\"https:\/\/www.instagram.com\/filtroxag\/\",\"https:\/\/www.linkedin.com\/company\/34636121\/\",\"https:\/\/www.youtube.com\/channel\/UCi3A2_4M_c-CcEst9YJ4U9g\/featured?disable_polymer=1\"]}]}<\/script>\n<!-- \/ Yoast SEO plugin. -->","yoast_head_json":{"title":"Mappa del sito - Filtrox Sito web per soluzioni di filtraggio di profondit\u00e0","description":"Mappa del sito web di Filtrox. Filtrox gli esperti per la filtrazione di profondit\u00e0. Scopri di pi\u00f9 sul nostro sito web.","robots":{"index":"index","follow":"follow","max-snippet":"max-snippet:-1","max-image-preview":"max-image-preview:large","max-video-preview":"max-video-preview:-1"},"canonical":"https:\/\/www.filtrox.com\/it\/sitemap\/","og_locale":"it_IT","og_type":"article","og_title":"Mappa del sito - Filtrox Sito web per soluzioni di filtraggio di profondit\u00e0","og_description":"Mappa del sito web di Filtrox. Filtrox gli esperti per la filtrazione di profondit\u00e0. Scopri di pi\u00f9 sul nostro sito web.","og_url":"https:\/\/www.filtrox.com\/it\/sitemap\/","og_site_name":"Filtrox","article_publisher":"https:\/\/www.facebook.com\/Filtrox-AG-2091458717567633","article_modified_time":"2025-01-14T07:28:02+00:00","og_image":[{"width":1200,"height":322,"url":"https:\/\/www.filtrox.com\/wp-content\/uploads\/2015\/02\/Filtrox-ABOUT-US-title_PR.jpg","type":"image\/jpeg"}],"twitter_card":"summary_large_image","twitter_site":"@FILTROX1","twitter_misc":{"Tempo di lettura stimato":"2 minuti"},"schema":{"@context":"https:\/\/schema.org","@graph":[{"@type":"WebPage","@id":"https:\/\/www.filtrox.com\/it\/sitemap\/","url":"https:\/\/www.filtrox.com\/it\/sitemap\/","name":"Mappa del sito - Filtrox Sito web per soluzioni di filtraggio di profondit\u00e0","isPartOf":{"@id":"https:\/\/www.filtrox.com\/#website"},"primaryImageOfPage":{"@id":"https:\/\/www.filtrox.com\/it\/sitemap\/#primaryimage"},"image":{"@id":"https:\/\/www.filtrox.com\/it\/sitemap\/#primaryimage"},"thumbnailUrl":"https:\/\/www.filtrox.com\/wp-content\/uploads\/2015\/02\/Filtrox-ABOUT-US-title_PR-1024x275.jpg","datePublished":"2019-01-23T11:45:22+00:00","dateModified":"2025-01-14T07:28:02+00:00","description":"Mappa del sito web di Filtrox. Filtrox gli esperti per la filtrazione di profondit\u00e0. Scopri di pi\u00f9 sul nostro sito web.","breadcrumb":{"@id":"https:\/\/www.filtrox.com\/it\/sitemap\/#breadcrumb"},"inLanguage":"it-IT","potentialAction":[{"@type":"ReadAction","target":["https:\/\/www.filtrox.com\/it\/sitemap\/"]}]},{"@type":"ImageObject","inLanguage":"it-IT","@id":"https:\/\/www.filtrox.com\/it\/sitemap\/#primaryimage","url":"https:\/\/www.filtrox.com\/wp-content\/uploads\/2015\/02\/Filtrox-ABOUT-US-title_PR-1024x275.jpg","contentUrl":"https:\/\/www.filtrox.com\/wp-content\/uploads\/2015\/02\/Filtrox-ABOUT-US-title_PR-1024x275.jpg"},{"@type":"BreadcrumbList","@id":"https:\/\/www.filtrox.com\/it\/sitemap\/#breadcrumb","itemListElement":[{"@type":"ListItem","position":1,"name":"Home","item":"https:\/\/www.filtrox.com\/it\/"},{"@type":"ListItem","position":2,"name":"Mappa del sito"}]},{"@type":"WebSite","@id":"https:\/\/www.filtrox.com\/#website","url":"https:\/\/www.filtrox.com\/","name":"Filtrox","description":"DEPTH FILTRATION FOR VALUABLE LIQUIDS.","publisher":{"@id":"https:\/\/www.filtrox.com\/#organization"},"potentialAction":[{"@type":"SearchAction","target":{"@type":"EntryPoint","urlTemplate":"https:\/\/www.filtrox.com\/?s={search_term_string}"},"query-input":{"@type":"PropertyValueSpecification","valueRequired":true,"valueName":"search_term_string"}}],"inLanguage":"it-IT"},{"@type":"Organization","@id":"https:\/\/www.filtrox.com\/#organization","name":"Filtrox","alternateName":"FX","url":"https:\/\/www.filtrox.com\/","logo":{"@type":"ImageObject","inLanguage":"it-IT","@id":"https:\/\/www.filtrox.com\/#\/schema\/logo\/image\/","url":"https:\/\/www.filtrox.com\/wp-content\/uploads\/2015\/02\/FX-Logo_RGB_0-74-153.jpg","contentUrl":"https:\/\/www.filtrox.com\/wp-content\/uploads\/2015\/02\/FX-Logo_RGB_0-74-153.jpg","width":512,"height":512,"caption":"Filtrox"},"image":{"@id":"https:\/\/www.filtrox.com\/#\/schema\/logo\/image\/"},"sameAs":["https:\/\/www.facebook.com\/Filtrox-AG-2091458717567633","https:\/\/x.com\/FILTROX1","https:\/\/www.instagram.com\/filtroxag\/","https:\/\/www.linkedin.com\/company\/34636121\/","https:\/\/www.youtube.com\/channel\/UCi3A2_4M_c-CcEst9YJ4U9g\/featured?disable_polymer=1"]}]}},"coauthors":[],"author_meta":{"author_link":"https:\/\/www.filtrox.com\/it\/blog\/author\/marketing\/","display_name":"marketing"},"relative_dates":{"created":"Pubblicato 7 anni fa","modified":"Aggiornato 1 anno fa"},"absolute_dates":{"created":"Pubblicato il Gennaio 23, 2019","modified":"Aggiornato il Gennaio 14, 2025"},"absolute_dates_time":{"created":"Pubblicato il Gennaio 23, 2019 11:45 am","modified":"Aggiornato il Gennaio 14, 2025 8:28 am"},"featured_img_caption":"","featured_img":false,"series_order":"","publishpress_future_action":{"enabled":false,"date":"2026-05-06 14:38:17","action":"change-status","newStatus":"draft","terms":[],"taxonomy":"translation_priority","extraData":[]},"publishpress_future_workflow_manual_trigger":{"enabledWorkflows":[]},"_links":{"self":[{"href":"https:\/\/www.filtrox.com\/it\/wp-json\/wp\/v2\/pages\/31452","targetHints":{"allow":["GET"]}}],"collection":[{"href":"https:\/\/www.filtrox.com\/it\/wp-json\/wp\/v2\/pages"}],"about":[{"href":"https:\/\/www.filtrox.com\/it\/wp-json\/wp\/v2\/types\/page"}],"author":[{"embeddable":true,"href":"https:\/\/www.filtrox.com\/it\/wp-json\/wp\/v2\/users\/6"}],"replies":[{"embeddable":true,"href":"https:\/\/www.filtrox.com\/it\/wp-json\/wp\/v2\/comments?post=31452"}],"version-history":[{"count":3,"href":"https:\/\/www.filtrox.com\/it\/wp-json\/wp\/v2\/pages\/31452\/revisions"}],"predecessor-version":[{"id":60637,"href":"https:\/\/www.filtrox.com\/it\/wp-json\/wp\/v2\/pages\/31452\/revisions\/60637"}],"wp:attachment":[{"href":"https:\/\/www.filtrox.com\/it\/wp-json\/wp\/v2\/media?parent=31452"}],"curies":[{"name":"wp","href":"https:\/\/api.w.org\/{rel}","templated":true}]}}