{"id":31455,"date":"2020-06-05T08:04:06","date_gmt":"2020-06-05T08:04:06","guid":{"rendered":"https:\/\/www.filtrox.com\/?page_id=31455"},"modified":"2025-01-13T09:02:04","modified_gmt":"2025-01-13T08:02:04","slug":"privacy","status":"publish","type":"page","link":"https:\/\/www.filtrox.com\/it\/privacy\/","title":{"rendered":"Privacy"},"content":{"rendered":"<h2><span style=\"color: revert; font-size: revert; font-weight: revert;\">REGOLAMENTO <\/span><span style=\"color: revert; font-size: revert; font-weight: revert;\">PRIV<\/span><span style=\"color: revert; font-size: revert; font-weight: revert;\">ACY, DATI PERSONALI<\/span><\/h2>\n<div class=\"page\" title=\"Page 1\">\n<h4><strong>NORME GENERALI SULLA PROTEZIONE DEI DATI E CONSENSO ALL&#8217;USO DEI DATI DA parte di FILTROX<\/strong><\/h4>\n<p>FILTROX AG (di seguito denominato FILTROX) \u00e8 consapevole che \u00e8 importante che tu sappia cosa succede ai tuoi dati. Ti ringraziamo per la fiducia e rispettiamo la tua privacy. In generale, il nostro sito Web pu\u00f2 essere utilizzato senza fornire informazioni personali. Ci\u00f2 pu\u00f2 avvenire sempre su base volontaria. Raccogliamo dati personali (ad esempio nome, indirizzo e-mail, azienda) sulle nostre pagine solo tramite un modulo di contatto. Le informazioni personali richieste su questo sito Web sono esclusivamente per il supporto personale. Prestiamo la massima attenzione alle disposizioni legali durante l&#8217;elaborazione dei dati personali.<\/p>\n<h4><strong>1. CONSENSO ALL&#8217;USO DEI DATI<\/strong><\/h4>\n<p>Accettando le seguenti norme sulla protezione dei dati, acconsenti alla raccolta, all&#8217;elaborazione e all&#8217;utilizzo delle tue informazioni personali, che hai volontariamente inserito in uno dei moduli di registrazione sul nostro sito Web.<\/p>\n<p>I dati personali devono essere intesi come tutti i dettagli individuali relativi alle circostanze personali e fattuali di una persona fisica specifica o identificabile. Ci\u00f2 include, ad esempio, cognome, nome, indirizzo, data di nascita, indirizzo e-mail, numero di telefono e indirizzo IP.<\/p>\n<h4><strong>2. RIFIUTO DEL CONSENSO<\/strong><\/h4>\n<p>Il consenso alla raccolta, elaborazione, archiviazione e utilizzo dei dati personali raccolti sul sito Web pu\u00f2 essere revocato in conformit\u00e0 alle presenti norme sulla protezione dei dati in qualsiasi momento con effetto per il futuro via e-mail a info@filtrox.ch.<\/p>\n<h4><strong>3. I TUOI DIRITTI<\/strong><\/h4>\n<p>3.1. In qualsiasi momento hai il diritto di conoscere le informazioni sui dati personali memorizzati, la loro origine, i destinatari e lo scopo del trattamento dei dati. Inoltre, hai anche il diritto di correggere, bloccare o eliminare questi dati. Potete contattarci in qualsiasi momento via e-mail a info@filtrox.ch.<\/p>\n<p>3.2. Hai il diritto di rifiutare l&#8217;uso di determinati <u>cookies (<\/u>vedi 5.3.<u>)<\/u> o <u>web tracking (<\/u>vedi 5.2.<u>)<\/u>.<\/p>\n<h4><strong>4. CAMPO DI APPLICAZIONE DEL REGOLAMENTO SULLA<\/strong><\/h4>\n<p>4.1. L&#8217;operatore di questo sito Web \u00e8 FILTROX. FILTROX indica sia la societ\u00e0 con sede in Svizzera, sia le altre filiali FILTROX, ad esempio in Francia, Spagna, Gran Bretagna, ecc.<\/p>\n<p>4.2. Questo sito Web pu\u00f2 contenere collegamenti a o da altri siti Web. Si noti che questi siti Web hanno le proprie normative sulla protezione dei dati e non possiamo essere ritenuti responsabili per i loro contenuti e politiche.<\/p>\n<h4><strong>5. RACCOLTA DATI<\/strong><\/h4>\n<p>\u00c8 possibile che vengano raccolti ed elaborati sul sito Web i seguenti dati su di te:<\/p>\n<p>5.1. Moduli: informazioni che ci fornite volontariamente compilando i moduli sul sito Web. Ci\u00f2 include le informazioni fornite al momento della registrazione per richieste o supporto per l&#8217;applicazione (ad es. Titolo, saluto, nome, cognome, titolo professionale, azienda, indirizzo dell&#8217;azienda, indirizzo e-mail, numero di telefono, settore).<\/p>\n<p>5.2. Tracciamento Web: ci\u00f2 significa che i dettagli durante le tue visite a questo sito vengono intercettati utilizzando Google Analytics. Nota importante: le informazioni monitorate non consentono di essere identificati personalmente. Il fornitore \u00e8 Google Inc., CA 94043, USA. Il sistema Google Analytics valuta i dati statistici in forma anonima. Questi dati sono soggetti alle normative sulla protezione dei dati di Google e vengono inoltrati a Google e archiviati sui suoi server negli Stati Uniti. I dati vengono elaborati da Google per nostro conto per valutare ad es. l&#8217;utilizzo del sito Web, fornire report sulle attivit\u00e0 del sito Web e fornire altri servizi relativi all&#8217;utilizzo di Internet. Google non collegher\u00e0 il tuo indirizzo IP ad altri dati memorizzati da Google.<\/p>\n<h4>Raccolta dati di Google Analytics<\/h4>\n<p>Google raccoglie tali informazioni, generalmente raccolte come dati di &#8220;traffico&#8221;, automaticamente e le memorizza ogni volta che interagisce con questo sito Web. Questi sono, ad esempio, l&#8217;indirizzo IP e il nome host del computer, le informazioni del browser e il nome di dominio del sito di riferimento ogni volta che si visita il sito. Inoltre, \u00e8 possibile ottenere informazioni sulla presenza e sul comportamento del visitatore sul sito Web, nonch\u00e9 caratteristiche demografiche quali et\u00e0, genere o interessi dei visitatori del sito. Questi dati provengono dalla pubblicit\u00e0 basata sugli interessi di Google e dai dati dei visitatori di terze parti. Tuttavia, nessuno di questi dati contiene informazioni che potrebbero identificarti personalmente. Servono per analizzare e migliorare questo sito Web al fine di renderlo il pi\u00f9 user-friendly possibile per i nostri clienti.<\/p>\n<h3>Disattivazione di Google Analytics<\/h3>\n<p>Puoi impedire la raccolta dei tuoi dati da parte di Google Analytics facendo clic sul seguente link. Un cookie di opt-out impedisce la raccolta dei tuoi dati nelle future visite a questo sito Web: <a title=\"deactivate Google\" href=\"https:\/\/tools.google.com\/dlpage\/gaoptout?hl=en\" target=\"_blank\" rel=\"noopener\">Deactivating Google Analytics<\/a><\/p>\n<p>5.3. Cookie: FILTROX utilizza i cookie solo per compilare statistiche relative al sito Web e per ottimizzarlo. Un cookie \u00e8 un piccolo file di testo che viene inviato da un server Web al tuo computer. I cookie non danneggiano il tuo computer e non contengono virus. Sono utilizzati per memorizzare il comportamento dell&#8217;utente e altre informazioni (indirizzo IP, browser, lingua del browser, ecc.), Che tuttavia non identificano personalmente l&#8217;utente del sito Web. Utilizziamo i cookie solo per compilare statistiche relative al sito Web e per ottimizzarlo. Per spiegare, Google Analytics valuta i dati statistici in forma anonima. Se non desideri utilizzare i cookie, disattiva questa funzione sul tuo browser. Ma tieni presente che la disabilitazione dei cookie pu\u00f2 limitare la funzionalit\u00e0 di questo sito Web.<\/p>\n<h3><strong>Nota privacy:<\/strong><\/h3>\n<p>Per impedire a Google di raccogliere le informazioni generate dai cookie e relative al Web (incluso il tuo indirizzo IP) e di elaborare i dati di Google, scarica e installa il plug-in del browser disponibile al seguente link: <a title=\"deactivate Google\" href=\"https:\/\/tools.google.com\/dlpage\/gaoptout?hl=en\" target=\"_blank\" rel=\"noopener\">https:\/\/tools.google.com\/dlpage\/gaoptout?hl=en<\/a><\/p>\n<p>5.4.\u00a0File di registro del server: il fornitore delle pagine raccoglie e archivia automaticamente le informazioni nei cosiddetti file di registro del server, che il browser ci trasmette di conseguenza. Questi sono ad esempio il tipo e la versione del browser, il sistema operativo utilizzato, l&#8217;URL del referrer, il nome host del computer che accede e l&#8217;ora della richiesta del server.<\/p>\n<p>Questi dati non possono essere assegnati a persone specifiche e non vengono uniti ad altre fonti di dati. Ci riserviamo il diritto di controllare questi dati in modo retrospettivo, se veniamo a conoscenza di indicazioni specifiche per l&#8217;uso illegale.<\/p>\n<h4><strong>6. TRATTAMENTO DEI DATI<\/strong><\/h4>\n<p>Elaboriamo o utilizziamo i dati personali esclusivamente ai fini dell&#8217;utente e dell&#8217;assistenza clienti, nella misura descritta di seguito.<\/p>\n<p>6.1. Per registrarsi per il supporto dell&#8217;applicazione o una richiesta, sono necessarie le seguenti informazioni obbligatorie.<\/p>\n<ul style=\"list-style-type: square;\">\n<li>Saluto<\/li>\n<li>Nome e cognome<\/li>\n<li>Azienda<\/li>\n<li>E-Mail<\/li>\n<li>Industria<\/li>\n<\/ul>\n<h4><strong>7. UTILIZZO DEI DATI<\/strong><\/h4>\n<p>Utilizziamo le informazioni archiviate su di te nei seguenti modi:<\/p>\n<p>7.1. Per fornire informazioni, prodotti o servizi richiesti da noi o per i quali riteniamo che potrebbero essere interessati.<\/p>\n<p>7.2. Assicurare di presentare il contenuto di questo sito Web in modo pi\u00f9 efficace per te e il tuo computer.<\/p>\n<p>7.3. Per adempiere ai nostri obblighi ai sensi di contratti stipulati tra te e noi.<\/p>\n<p>7.4. Per consentire l&#8217;utilizzo di servizi interattivi, se lo desideri.<\/p>\n<p>7.5. Per informarti di cambiamenti nei nostri servizi.<\/p>\n<p>7.6. Per test e miglioramenti sui sistemi attraverso i quali vengono forniti i nostri servizi.<\/p>\n<p>7.7. Per impedire l&#8217;uso improprio o non conforme dei nostri servizi.<\/p>\n<p>7.8. Se sei un cliente esistente, ti contatteremo per via elettronica (come l&#8217;e-mail) solo con informazioni su beni e servizi simili a quelli che hai gi\u00e0 acquistato.<\/p>\n<p>7.9. Contattiamo i nuovi clienti con mezzi elettronici solo previo consenso dell&#8217;utente.<\/p>\n<h4><strong>8. POSIZIONE DELLA MEMORIZZAZIONE DEI DATI<\/strong><\/h4>\n<p>8.1. Conserviamo i dati inseriti nella nostra sede in Svizzera o presso il nostro fornitore in Svizzera. Se necessario, trasferiamo i dati alle filiali FILTROX all&#8217;interno o all&#8217;esterno dell&#8217;UE.<\/p>\n<p>8.2. Archiviamo tutti i dati che ci fornisci sui nostri server sicuri.<\/p>\n<p>8.3. Abbiamo procedure di sicurezza tecniche e organizzative per salvaguardare la sicurezza delle tue informazioni personali, della tua privacy. Pertanto, proteggiamo i dati della sessione e i dati personali da elaborazioni non autorizzate o illegali e \/ o perdita accidentale, alterazione, divulgazione o accesso. Tuttavia, si deve sempre essere consapevoli del fatto che la trasmissione di informazioni via Internet e altri mezzi elettronici comporta alcuni rischi per la sicurezza e che non possiamo garantire la sicurezza delle informazioni trasmesse in questo modo.<\/p>\n<p>8.4. Se non vi sono obblighi legali di conservazione, la cancellazione dei dati personali avviene in particolare: se \u00e8 stata rivendicata una richiesta di cancellazione, se i dati non sono pi\u00f9 necessari per soddisfare lo scopo perseguito o se la conservazione \u00e8 inammissibile per altri motivi legali.<\/p>\n<h4><strong>9. DISTRIBUZIONE DEI DATI A TERZI<\/strong><\/h4>\n<p>9.1. Non ci sar\u00e0 alcun trasferimento di dati a terzi, a meno che non vi sia un obbligo legale (ad esempio, misure di contrasto).<\/p>\n<p>9.2. Potremmo condividere le tue informazioni personali con i nostri affiliati all&#8217;interno e all&#8217;esterno dell&#8217;UE e della Svizzera.<\/p>\n<p>Inoltre, potremmo divulgare le tue informazioni personali a terzi nei seguenti casi:<\/p>\n<p class=\"layoutArea\">9.3. Ai fornitori di servizi che gestiscono il nostro sito Web, ad esempio il nostro fornitore di servizi Internet. Allo stesso modo, tali terze parti sono tenute a garantire sempre lo stesso livello di sicurezza per proteggere le tue informazioni personali. Per questo motivo, selezioniamo attentamente questi fornitori di servizi. Naturalmente, sono vincolati dalle istruzioni di FILTROX e vengono regolarmente ispezionati. I fornitori di servizi non trasmettono questi dati a terzi. Il trattamento dei dati da parte dei fornitori di servizi avviene esclusivamente all&#8217;interno dell&#8217;UE e in Svizzera.<\/p>\n<h4><strong>10. SICUREZZA DEI DATI<\/strong><\/h4>\n<p>Manteniamo le attuali misure tecniche per garantire la sicurezza dei dati, della privacy, in particolare per proteggere i dati personali dai pericoli nella trasmissione e nella conoscenza dei dati da parte di terzi. Al fine di impedire l&#8217;accesso non autorizzato da parte di terzi ai dati personali, la connessione viene crittografata utilizzando la tecnologia SSL. Pertanto, utilizziamo precauzioni di sicurezza all&#8217;avanguardia .<\/p>\n<p><a href=\"https:\/\/www.filtrox.com\/it\/imprint\/\">Operatore del sito :<\/a><\/p>\n<p>FILTROX AG,\u00a0Moosm\u00fchlestrasse 6,\u00a09001 St.Gallen,\u00a0info@filtrox.ch<\/p>\n<hr \/>\n<p>Privacy \/ Maggio 2023<\/p>\n<\/div>\n","protected":false},"excerpt":{"rendered":"<p>REGOLAMENTO PRIVACY, DATI PERSONALI NORME GENERALI SULLA PROTEZIONE DEI DATI E CONSENSO ALL&#8217;USO DEI DATI DA parte di FILTROX FILTROX AG (di seguito denominato FILTROX) \u00e8 consapevole che \u00e8 importante che tu sappia cosa succede ai tuoi dati. Ti ringraziamo per la fiducia e rispettiamo la tua privacy. In generale, il nostro sito Web pu\u00f2 &hellip; <a href=\"https:\/\/www.filtrox.com\/it\/privacy\/\" class=\"more-link\">Continue reading <span class=\"screen-reader-text\">Privacy<\/span> <span class=\"meta-nav\">&rarr;<\/span><\/a><\/p>\n","protected":false},"author":8,"featured_media":0,"parent":0,"menu_order":88,"comment_status":"closed","ping_status":"closed","template":"","meta":{"_acf_changed":false,"advgb_blocks_editor_width":"","advgb_blocks_columns_visual_guide":"","footnotes":""},"class_list":["post-31455","page","type-page","status-publish","hentry"],"acf":[],"yoast_head":"<!-- This site is optimized with the Yoast SEO plugin v26.3 - https:\/\/yoast.com\/wordpress\/plugins\/seo\/ -->\n<title>Dati - Regolamenti sulla privacy Filtrox - Filtrox<\/title>\n<meta name=\"description\" content=\"Grzie per la fiducia e rispettiamo la tua privacy. In generale, il nostro sito Web pu\u00f2 essere utilizzato senza fornire dati personali.\" \/>\n<meta name=\"robots\" content=\"index, follow, max-snippet:-1, max-image-preview:large, max-video-preview:-1\" \/>\n<link rel=\"canonical\" href=\"https:\/\/www.filtrox.com\/it\/privacy\/\" \/>\n<meta property=\"og:locale\" content=\"it_IT\" \/>\n<meta property=\"og:type\" content=\"article\" \/>\n<meta property=\"og:title\" content=\"Dati - Regolamenti sulla privacy Filtrox - Filtrox\" \/>\n<meta property=\"og:description\" content=\"Grzie per la fiducia e rispettiamo la tua privacy. In generale, il nostro sito Web pu\u00f2 essere utilizzato senza fornire dati personali.\" \/>\n<meta property=\"og:url\" content=\"https:\/\/www.filtrox.com\/it\/privacy\/\" \/>\n<meta property=\"og:site_name\" content=\"Filtrox\" \/>\n<meta property=\"article:publisher\" content=\"https:\/\/www.facebook.com\/Filtrox-AG-2091458717567633\" \/>\n<meta property=\"article:modified_time\" content=\"2025-01-13T08:02:04+00:00\" \/>\n<meta name=\"twitter:card\" content=\"summary_large_image\" \/>\n<meta name=\"twitter:site\" content=\"@FILTROX1\" \/>\n<meta name=\"twitter:label1\" content=\"Tempo di lettura stimato\" \/>\n\t<meta name=\"twitter:data1\" content=\"8 minuti\" \/>\n<script type=\"application\/ld+json\" class=\"yoast-schema-graph\">{\"@context\":\"https:\/\/schema.org\",\"@graph\":[{\"@type\":\"WebPage\",\"@id\":\"https:\/\/www.filtrox.com\/it\/privacy\/\",\"url\":\"https:\/\/www.filtrox.com\/it\/privacy\/\",\"name\":\"Dati - Regolamenti sulla privacy Filtrox - Filtrox\",\"isPartOf\":{\"@id\":\"https:\/\/www.filtrox.com\/#website\"},\"datePublished\":\"2020-06-05T08:04:06+00:00\",\"dateModified\":\"2025-01-13T08:02:04+00:00\",\"description\":\"Grzie per la fiducia e rispettiamo la tua privacy. In generale, il nostro sito Web pu\u00f2 essere utilizzato senza fornire dati personali.\",\"breadcrumb\":{\"@id\":\"https:\/\/www.filtrox.com\/it\/privacy\/#breadcrumb\"},\"inLanguage\":\"it-IT\",\"potentialAction\":[{\"@type\":\"ReadAction\",\"target\":[\"https:\/\/www.filtrox.com\/it\/privacy\/\"]}]},{\"@type\":\"BreadcrumbList\",\"@id\":\"https:\/\/www.filtrox.com\/it\/privacy\/#breadcrumb\",\"itemListElement\":[{\"@type\":\"ListItem\",\"position\":1,\"name\":\"Home\",\"item\":\"https:\/\/www.filtrox.com\/it\/\"},{\"@type\":\"ListItem\",\"position\":2,\"name\":\"Privacy\"}]},{\"@type\":\"WebSite\",\"@id\":\"https:\/\/www.filtrox.com\/#website\",\"url\":\"https:\/\/www.filtrox.com\/\",\"name\":\"Filtrox\",\"description\":\"DEPTH FILTRATION FOR VALUABLE LIQUIDS.\",\"publisher\":{\"@id\":\"https:\/\/www.filtrox.com\/#organization\"},\"potentialAction\":[{\"@type\":\"SearchAction\",\"target\":{\"@type\":\"EntryPoint\",\"urlTemplate\":\"https:\/\/www.filtrox.com\/?s={search_term_string}\"},\"query-input\":{\"@type\":\"PropertyValueSpecification\",\"valueRequired\":true,\"valueName\":\"search_term_string\"}}],\"inLanguage\":\"it-IT\"},{\"@type\":\"Organization\",\"@id\":\"https:\/\/www.filtrox.com\/#organization\",\"name\":\"Filtrox\",\"alternateName\":\"FX\",\"url\":\"https:\/\/www.filtrox.com\/\",\"logo\":{\"@type\":\"ImageObject\",\"inLanguage\":\"it-IT\",\"@id\":\"https:\/\/www.filtrox.com\/#\/schema\/logo\/image\/\",\"url\":\"https:\/\/www.filtrox.com\/wp-content\/uploads\/2015\/02\/FX-Logo_RGB_0-74-153.jpg\",\"contentUrl\":\"https:\/\/www.filtrox.com\/wp-content\/uploads\/2015\/02\/FX-Logo_RGB_0-74-153.jpg\",\"width\":512,\"height\":512,\"caption\":\"Filtrox\"},\"image\":{\"@id\":\"https:\/\/www.filtrox.com\/#\/schema\/logo\/image\/\"},\"sameAs\":[\"https:\/\/www.facebook.com\/Filtrox-AG-2091458717567633\",\"https:\/\/x.com\/FILTROX1\",\"https:\/\/www.instagram.com\/filtroxag\/\",\"https:\/\/www.linkedin.com\/company\/34636121\/\",\"https:\/\/www.youtube.com\/channel\/UCi3A2_4M_c-CcEst9YJ4U9g\/featured?disable_polymer=1\"]}]}<\/script>\n<!-- \/ Yoast SEO plugin. -->","yoast_head_json":{"title":"Dati - Regolamenti sulla privacy Filtrox - Filtrox","description":"Grzie per la fiducia e rispettiamo la tua privacy. In generale, il nostro sito Web pu\u00f2 essere utilizzato senza fornire dati personali.","robots":{"index":"index","follow":"follow","max-snippet":"max-snippet:-1","max-image-preview":"max-image-preview:large","max-video-preview":"max-video-preview:-1"},"canonical":"https:\/\/www.filtrox.com\/it\/privacy\/","og_locale":"it_IT","og_type":"article","og_title":"Dati - Regolamenti sulla privacy Filtrox - Filtrox","og_description":"Grzie per la fiducia e rispettiamo la tua privacy. In generale, il nostro sito Web pu\u00f2 essere utilizzato senza fornire dati personali.","og_url":"https:\/\/www.filtrox.com\/it\/privacy\/","og_site_name":"Filtrox","article_publisher":"https:\/\/www.facebook.com\/Filtrox-AG-2091458717567633","article_modified_time":"2025-01-13T08:02:04+00:00","twitter_card":"summary_large_image","twitter_site":"@FILTROX1","twitter_misc":{"Tempo di lettura stimato":"8 minuti"},"schema":{"@context":"https:\/\/schema.org","@graph":[{"@type":"WebPage","@id":"https:\/\/www.filtrox.com\/it\/privacy\/","url":"https:\/\/www.filtrox.com\/it\/privacy\/","name":"Dati - Regolamenti sulla privacy Filtrox - Filtrox","isPartOf":{"@id":"https:\/\/www.filtrox.com\/#website"},"datePublished":"2020-06-05T08:04:06+00:00","dateModified":"2025-01-13T08:02:04+00:00","description":"Grzie per la fiducia e rispettiamo la tua privacy. In generale, il nostro sito Web pu\u00f2 essere utilizzato senza fornire dati personali.","breadcrumb":{"@id":"https:\/\/www.filtrox.com\/it\/privacy\/#breadcrumb"},"inLanguage":"it-IT","potentialAction":[{"@type":"ReadAction","target":["https:\/\/www.filtrox.com\/it\/privacy\/"]}]},{"@type":"BreadcrumbList","@id":"https:\/\/www.filtrox.com\/it\/privacy\/#breadcrumb","itemListElement":[{"@type":"ListItem","position":1,"name":"Home","item":"https:\/\/www.filtrox.com\/it\/"},{"@type":"ListItem","position":2,"name":"Privacy"}]},{"@type":"WebSite","@id":"https:\/\/www.filtrox.com\/#website","url":"https:\/\/www.filtrox.com\/","name":"Filtrox","description":"DEPTH FILTRATION FOR VALUABLE LIQUIDS.","publisher":{"@id":"https:\/\/www.filtrox.com\/#organization"},"potentialAction":[{"@type":"SearchAction","target":{"@type":"EntryPoint","urlTemplate":"https:\/\/www.filtrox.com\/?s={search_term_string}"},"query-input":{"@type":"PropertyValueSpecification","valueRequired":true,"valueName":"search_term_string"}}],"inLanguage":"it-IT"},{"@type":"Organization","@id":"https:\/\/www.filtrox.com\/#organization","name":"Filtrox","alternateName":"FX","url":"https:\/\/www.filtrox.com\/","logo":{"@type":"ImageObject","inLanguage":"it-IT","@id":"https:\/\/www.filtrox.com\/#\/schema\/logo\/image\/","url":"https:\/\/www.filtrox.com\/wp-content\/uploads\/2015\/02\/FX-Logo_RGB_0-74-153.jpg","contentUrl":"https:\/\/www.filtrox.com\/wp-content\/uploads\/2015\/02\/FX-Logo_RGB_0-74-153.jpg","width":512,"height":512,"caption":"Filtrox"},"image":{"@id":"https:\/\/www.filtrox.com\/#\/schema\/logo\/image\/"},"sameAs":["https:\/\/www.facebook.com\/Filtrox-AG-2091458717567633","https:\/\/x.com\/FILTROX1","https:\/\/www.instagram.com\/filtroxag\/","https:\/\/www.linkedin.com\/company\/34636121\/","https:\/\/www.youtube.com\/channel\/UCi3A2_4M_c-CcEst9YJ4U9g\/featured?disable_polymer=1"]}]}},"coauthors":[],"author_meta":{"author_link":"https:\/\/www.filtrox.com\/it\/blog\/author\/fosca-roman\/","display_name":"Fosca Roman"},"relative_dates":{"created":"Pubblicato 6 anni fa","modified":"Aggiornato 1 anno fa"},"absolute_dates":{"created":"Pubblicato il Giugno 5, 2020","modified":"Aggiornato il Gennaio 13, 2025"},"absolute_dates_time":{"created":"Pubblicato il Giugno 5, 2020 8:04 am","modified":"Aggiornato il Gennaio 13, 2025 9:02 am"},"featured_img_caption":"","featured_img":false,"series_order":"","publishpress_future_action":{"enabled":false,"date":"2026-05-06 14:37:18","action":"change-status","newStatus":"draft","terms":[],"taxonomy":"translation_priority","extraData":[]},"publishpress_future_workflow_manual_trigger":{"enabledWorkflows":[]},"_links":{"self":[{"href":"https:\/\/www.filtrox.com\/it\/wp-json\/wp\/v2\/pages\/31455","targetHints":{"allow":["GET"]}}],"collection":[{"href":"https:\/\/www.filtrox.com\/it\/wp-json\/wp\/v2\/pages"}],"about":[{"href":"https:\/\/www.filtrox.com\/it\/wp-json\/wp\/v2\/types\/page"}],"author":[{"embeddable":true,"href":"https:\/\/www.filtrox.com\/it\/wp-json\/wp\/v2\/users\/8"}],"replies":[{"embeddable":true,"href":"https:\/\/www.filtrox.com\/it\/wp-json\/wp\/v2\/comments?post=31455"}],"version-history":[{"count":11,"href":"https:\/\/www.filtrox.com\/it\/wp-json\/wp\/v2\/pages\/31455\/revisions"}],"predecessor-version":[{"id":60574,"href":"https:\/\/www.filtrox.com\/it\/wp-json\/wp\/v2\/pages\/31455\/revisions\/60574"}],"wp:attachment":[{"href":"https:\/\/www.filtrox.com\/it\/wp-json\/wp\/v2\/media?parent=31455"}],"curies":[{"name":"wp","href":"https:\/\/api.w.org\/{rel}","templated":true}]}}