{"id":31510,"date":"2020-06-05T10:19:52","date_gmt":"2020-06-05T09:19:52","guid":{"rendered":"https:\/\/www.filtrox.com\/?page_id=31510"},"modified":"2026-03-31T12:47:17","modified_gmt":"2026-03-31T11:47:17","slug":"bevande-e-alimentari","status":"publish","type":"page","link":"https:\/\/www.filtrox.com\/it\/applicazioni\/bevande-e-alimentari\/","title":{"rendered":"Bevande &amp; alimentari"},"content":{"rendered":"<h1>Filtrazione bevande alimentari<\/h1>\n<p>Supportiamo la produzione di bevande per <a href=\"https:\/\/www.filtrox.com\/it\/applicazioni\/bevande-e-alimentari\/vino\/\">vino<\/a>, birra, liquori, sidro, t\u00e8, succo di frutta e bibite con tecnologie di microfiltrazione. Pertanto, offriamo soluzioni di filtrazione di profondit\u00e0 per chiarimenti, riduzione dei batteri, sterilizzazione e stabilizzazione. Vi supportiamo per trovare la soluzione di filtrazione ottimale.<\/p>\n<p>Filtrox nasce inizialmente come societ\u00e0 di filtrazione di bevande. Pertanto, molte delle nostre tecnologie di filtrazione sono state inizialmente sviluppate per applicazioni nelle bevande. Oggi siamo riconosciuti come il principale fornitore di sistemi di filtraggio di profondit\u00e0 in molti segmenti di bevande.<\/p>\n<h3 data-tadv-p=\"keep\">Filtrazione bevande alimentari nel processo di fabbricazione<\/h3>\n<p>La maggior parte degli alimenti liquidi richiede la filtrazione durante il processo di fabbricazione. Molte delle principali aziende alimentari di tutto il mondo utilizzano le nostre tecnologie di filtrazione. I prodotti tipici per cui puoi usare i nostri filtri sono olio commestibile, zucchero, aceto, zuppe, condimenti o gelatina.<\/p>\n<p>I nostri strati filtranti Fibrafix si utilizzano per filtrazione bevande alimentari grossolana, filtrazione chiarificante, filtrazione fine, filtrazione per la riduzione dei germi o filtrazione sterile. Inoltre forniamo strati di supporto per la filtrazione alluvionale, strati filtranti con carbone attivo e strati filtranti funzionali.<\/p>\n<p>Molte delle nostre tecnologie di filtrazione sono state inizialmente sviluppate per applicazioni come chiarificazione, riduzione dei batteri, sterilizzazione e stabilizzazione. Oggi, FILTROX \u00e8 riconosciuto come il principale fornitore di sistemi di filtrazione in molti segmenti di bevande come vino, birra, liquori, sidro, t\u00e8, succo di frutta e bevande analcoliche.<\/p>\n<h3 data-tadv-p=\"keep\"><strong>Gli strati filtranti speciali.<\/strong><\/h3>\n<p>TX offrono una soluzione semplice per rimuovere questi aromi indesiderati, migliorare gli aspetti organolettici e conferire quindi un valore aggiunto al prodotto finale. Il trattamento con TX riduce i valori di TCA e TBA al di sotto della soglia di percezione gustativa senza alterare il profilo aromatico originale delle bevande. I viticoltori e i produttori di bevande di tutto il mondo utilizzano TX da oltre un decennio per eliminare il sapore di tappo e il sentore di muffa, aumentandone la freschezza riportando in risalto gli aromi primari e secondari del vino e delle bevande accrescendo il valore del prodotto trattato. In questi speciali strati filtranti di profondit\u00e0 \u00e8 incorporato un composto inorganico che consente l&#8217;assorbimento delle molecole di TCA e<br \/>\nTBA con il quale si legano saldamente.<\/p>\n","protected":false},"excerpt":{"rendered":"<p>Filtrazione bevande alimentari Supportiamo la produzione di bevande per vino, birra, liquori, sidro, t\u00e8, succo di frutta e bibite con tecnologie di microfiltrazione. Pertanto, offriamo soluzioni di filtrazione di profondit\u00e0 per chiarimenti, riduzione dei batteri, sterilizzazione e stabilizzazione. Vi supportiamo per trovare la soluzione di filtrazione ottimale. Filtrox nasce inizialmente come societ\u00e0 di filtrazione di &hellip; <a href=\"https:\/\/www.filtrox.com\/it\/applicazioni\/bevande-e-alimentari\/\" class=\"more-link\">Continue reading <span class=\"screen-reader-text\">Bevande &amp; alimentari<\/span> <span class=\"meta-nav\">&rarr;<\/span><\/a><\/p>\n","protected":false},"author":8,"featured_media":0,"parent":31424,"menu_order":170,"comment_status":"closed","ping_status":"closed","template":"template_application.php","meta":{"_acf_changed":false,"advgb_blocks_editor_width":"","advgb_blocks_columns_visual_guide":"","footnotes":""},"class_list":["post-31510","page","type-page","status-publish","hentry"],"acf":[],"yoast_head":"<!-- This site is optimized with the Yoast SEO plugin v26.3 - https:\/\/yoast.com\/wordpress\/plugins\/seo\/ -->\n<title>Filtrazione bevande alimentari - Filtrox filtrazione di profondit\u00e0<\/title>\n<meta name=\"description\" content=\"FILTROX \u00e8 fornitore di sistemi di filtrazione bevande alimentari come vino, birra, liquori, sidro, t\u00e8, succo di frutta ...\" \/>\n<meta name=\"robots\" content=\"index, follow, max-snippet:-1, max-image-preview:large, max-video-preview:-1\" \/>\n<link rel=\"canonical\" href=\"https:\/\/www.filtrox.com\/it\/applicazioni\/bevande-e-alimentari\/\" \/>\n<meta property=\"og:locale\" content=\"it_IT\" \/>\n<meta property=\"og:type\" content=\"article\" \/>\n<meta property=\"og:title\" content=\"Filtrazione bevande alimentari - Filtrox filtrazione di profondit\u00e0\" \/>\n<meta property=\"og:description\" content=\"FILTROX \u00e8 fornitore di sistemi di filtrazione bevande alimentari come vino, birra, liquori, sidro, t\u00e8, succo di frutta ...\" \/>\n<meta property=\"og:url\" content=\"https:\/\/www.filtrox.com\/it\/applicazioni\/bevande-e-alimentari\/\" \/>\n<meta property=\"og:site_name\" content=\"Filtrox\" \/>\n<meta property=\"article:publisher\" content=\"https:\/\/www.facebook.com\/Filtrox-AG-2091458717567633\" \/>\n<meta property=\"article:modified_time\" content=\"2026-03-31T11:47:17+00:00\" \/>\n<meta name=\"twitter:card\" content=\"summary_large_image\" \/>\n<meta name=\"twitter:site\" content=\"@FILTROX1\" \/>\n<meta name=\"twitter:label1\" content=\"Tempo di lettura stimato\" \/>\n\t<meta name=\"twitter:data1\" content=\"2 minuti\" \/>\n<script type=\"application\/ld+json\" class=\"yoast-schema-graph\">{\"@context\":\"https:\/\/schema.org\",\"@graph\":[{\"@type\":\"WebPage\",\"@id\":\"https:\/\/www.filtrox.com\/it\/applicazioni\/bevande-e-alimentari\/\",\"url\":\"https:\/\/www.filtrox.com\/it\/applicazioni\/bevande-e-alimentari\/\",\"name\":\"Filtrazione bevande alimentari - Filtrox filtrazione di profondit\u00e0\",\"isPartOf\":{\"@id\":\"https:\/\/www.filtrox.com\/#website\"},\"datePublished\":\"2020-06-05T09:19:52+00:00\",\"dateModified\":\"2026-03-31T11:47:17+00:00\",\"description\":\"FILTROX \u00e8 fornitore di sistemi di filtrazione bevande alimentari come vino, birra, liquori, sidro, t\u00e8, succo di frutta ...\",\"breadcrumb\":{\"@id\":\"https:\/\/www.filtrox.com\/it\/applicazioni\/bevande-e-alimentari\/#breadcrumb\"},\"inLanguage\":\"it-IT\",\"potentialAction\":[{\"@type\":\"ReadAction\",\"target\":[\"https:\/\/www.filtrox.com\/it\/applicazioni\/bevande-e-alimentari\/\"]}]},{\"@type\":\"BreadcrumbList\",\"@id\":\"https:\/\/www.filtrox.com\/it\/applicazioni\/bevande-e-alimentari\/#breadcrumb\",\"itemListElement\":[{\"@type\":\"ListItem\",\"position\":1,\"name\":\"Home\",\"item\":\"https:\/\/www.filtrox.com\/it\/\"},{\"@type\":\"ListItem\",\"position\":2,\"name\":\"Applicazioni\",\"item\":\"https:\/\/www.filtrox.com\/it\/applicazioni\/\"},{\"@type\":\"ListItem\",\"position\":3,\"name\":\"Bevande &amp; alimentari\"}]},{\"@type\":\"WebSite\",\"@id\":\"https:\/\/www.filtrox.com\/#website\",\"url\":\"https:\/\/www.filtrox.com\/\",\"name\":\"Filtrox\",\"description\":\"DEPTH FILTRATION FOR VALUABLE LIQUIDS.\",\"publisher\":{\"@id\":\"https:\/\/www.filtrox.com\/#organization\"},\"potentialAction\":[{\"@type\":\"SearchAction\",\"target\":{\"@type\":\"EntryPoint\",\"urlTemplate\":\"https:\/\/www.filtrox.com\/?s={search_term_string}\"},\"query-input\":{\"@type\":\"PropertyValueSpecification\",\"valueRequired\":true,\"valueName\":\"search_term_string\"}}],\"inLanguage\":\"it-IT\"},{\"@type\":\"Organization\",\"@id\":\"https:\/\/www.filtrox.com\/#organization\",\"name\":\"Filtrox\",\"alternateName\":\"FX\",\"url\":\"https:\/\/www.filtrox.com\/\",\"logo\":{\"@type\":\"ImageObject\",\"inLanguage\":\"it-IT\",\"@id\":\"https:\/\/www.filtrox.com\/#\/schema\/logo\/image\/\",\"url\":\"https:\/\/www.filtrox.com\/wp-content\/uploads\/2015\/02\/FX-Logo_RGB_0-74-153.jpg\",\"contentUrl\":\"https:\/\/www.filtrox.com\/wp-content\/uploads\/2015\/02\/FX-Logo_RGB_0-74-153.jpg\",\"width\":512,\"height\":512,\"caption\":\"Filtrox\"},\"image\":{\"@id\":\"https:\/\/www.filtrox.com\/#\/schema\/logo\/image\/\"},\"sameAs\":[\"https:\/\/www.facebook.com\/Filtrox-AG-2091458717567633\",\"https:\/\/x.com\/FILTROX1\",\"https:\/\/www.instagram.com\/filtroxag\/\",\"https:\/\/www.linkedin.com\/company\/34636121\/\",\"https:\/\/www.youtube.com\/channel\/UCi3A2_4M_c-CcEst9YJ4U9g\/featured?disable_polymer=1\"]}]}<\/script>\n<!-- \/ Yoast SEO plugin. -->","yoast_head_json":{"title":"Filtrazione bevande alimentari - Filtrox filtrazione di profondit\u00e0","description":"FILTROX \u00e8 fornitore di sistemi di filtrazione bevande alimentari come vino, birra, liquori, sidro, t\u00e8, succo di frutta ...","robots":{"index":"index","follow":"follow","max-snippet":"max-snippet:-1","max-image-preview":"max-image-preview:large","max-video-preview":"max-video-preview:-1"},"canonical":"https:\/\/www.filtrox.com\/it\/applicazioni\/bevande-e-alimentari\/","og_locale":"it_IT","og_type":"article","og_title":"Filtrazione bevande alimentari - Filtrox filtrazione di profondit\u00e0","og_description":"FILTROX \u00e8 fornitore di sistemi di filtrazione bevande alimentari come vino, birra, liquori, sidro, t\u00e8, succo di frutta ...","og_url":"https:\/\/www.filtrox.com\/it\/applicazioni\/bevande-e-alimentari\/","og_site_name":"Filtrox","article_publisher":"https:\/\/www.facebook.com\/Filtrox-AG-2091458717567633","article_modified_time":"2026-03-31T11:47:17+00:00","twitter_card":"summary_large_image","twitter_site":"@FILTROX1","twitter_misc":{"Tempo di lettura stimato":"2 minuti"},"schema":{"@context":"https:\/\/schema.org","@graph":[{"@type":"WebPage","@id":"https:\/\/www.filtrox.com\/it\/applicazioni\/bevande-e-alimentari\/","url":"https:\/\/www.filtrox.com\/it\/applicazioni\/bevande-e-alimentari\/","name":"Filtrazione bevande alimentari - Filtrox filtrazione di profondit\u00e0","isPartOf":{"@id":"https:\/\/www.filtrox.com\/#website"},"datePublished":"2020-06-05T09:19:52+00:00","dateModified":"2026-03-31T11:47:17+00:00","description":"FILTROX \u00e8 fornitore di sistemi di filtrazione bevande alimentari come vino, birra, liquori, sidro, t\u00e8, succo di frutta ...","breadcrumb":{"@id":"https:\/\/www.filtrox.com\/it\/applicazioni\/bevande-e-alimentari\/#breadcrumb"},"inLanguage":"it-IT","potentialAction":[{"@type":"ReadAction","target":["https:\/\/www.filtrox.com\/it\/applicazioni\/bevande-e-alimentari\/"]}]},{"@type":"BreadcrumbList","@id":"https:\/\/www.filtrox.com\/it\/applicazioni\/bevande-e-alimentari\/#breadcrumb","itemListElement":[{"@type":"ListItem","position":1,"name":"Home","item":"https:\/\/www.filtrox.com\/it\/"},{"@type":"ListItem","position":2,"name":"Applicazioni","item":"https:\/\/www.filtrox.com\/it\/applicazioni\/"},{"@type":"ListItem","position":3,"name":"Bevande &amp; alimentari"}]},{"@type":"WebSite","@id":"https:\/\/www.filtrox.com\/#website","url":"https:\/\/www.filtrox.com\/","name":"Filtrox","description":"DEPTH FILTRATION FOR VALUABLE LIQUIDS.","publisher":{"@id":"https:\/\/www.filtrox.com\/#organization"},"potentialAction":[{"@type":"SearchAction","target":{"@type":"EntryPoint","urlTemplate":"https:\/\/www.filtrox.com\/?s={search_term_string}"},"query-input":{"@type":"PropertyValueSpecification","valueRequired":true,"valueName":"search_term_string"}}],"inLanguage":"it-IT"},{"@type":"Organization","@id":"https:\/\/www.filtrox.com\/#organization","name":"Filtrox","alternateName":"FX","url":"https:\/\/www.filtrox.com\/","logo":{"@type":"ImageObject","inLanguage":"it-IT","@id":"https:\/\/www.filtrox.com\/#\/schema\/logo\/image\/","url":"https:\/\/www.filtrox.com\/wp-content\/uploads\/2015\/02\/FX-Logo_RGB_0-74-153.jpg","contentUrl":"https:\/\/www.filtrox.com\/wp-content\/uploads\/2015\/02\/FX-Logo_RGB_0-74-153.jpg","width":512,"height":512,"caption":"Filtrox"},"image":{"@id":"https:\/\/www.filtrox.com\/#\/schema\/logo\/image\/"},"sameAs":["https:\/\/www.facebook.com\/Filtrox-AG-2091458717567633","https:\/\/x.com\/FILTROX1","https:\/\/www.instagram.com\/filtroxag\/","https:\/\/www.linkedin.com\/company\/34636121\/","https:\/\/www.youtube.com\/channel\/UCi3A2_4M_c-CcEst9YJ4U9g\/featured?disable_polymer=1"]}]}},"coauthors":[],"author_meta":{"author_link":"https:\/\/www.filtrox.com\/it\/blog\/author\/fosca-roman\/","display_name":"Fosca Roman"},"relative_dates":{"created":"Pubblicato 6 anni fa","modified":"Aggiornato 1 mese fa"},"absolute_dates":{"created":"Pubblicato il Giugno 5, 2020","modified":"Aggiornato il Marzo 31, 2026"},"absolute_dates_time":{"created":"Pubblicato il Giugno 5, 2020 10:19 am","modified":"Aggiornato il Marzo 31, 2026 12:47 pm"},"featured_img_caption":"","featured_img":false,"series_order":"","publishpress_future_action":{"enabled":false,"date":"2026-05-08 12:05:04","action":"change-status","newStatus":"draft","terms":[],"taxonomy":"translation_priority","extraData":[]},"publishpress_future_workflow_manual_trigger":{"enabledWorkflows":[]},"_links":{"self":[{"href":"https:\/\/www.filtrox.com\/it\/wp-json\/wp\/v2\/pages\/31510","targetHints":{"allow":["GET"]}}],"collection":[{"href":"https:\/\/www.filtrox.com\/it\/wp-json\/wp\/v2\/pages"}],"about":[{"href":"https:\/\/www.filtrox.com\/it\/wp-json\/wp\/v2\/types\/page"}],"author":[{"embeddable":true,"href":"https:\/\/www.filtrox.com\/it\/wp-json\/wp\/v2\/users\/8"}],"replies":[{"embeddable":true,"href":"https:\/\/www.filtrox.com\/it\/wp-json\/wp\/v2\/comments?post=31510"}],"version-history":[{"count":35,"href":"https:\/\/www.filtrox.com\/it\/wp-json\/wp\/v2\/pages\/31510\/revisions"}],"predecessor-version":[{"id":62781,"href":"https:\/\/www.filtrox.com\/it\/wp-json\/wp\/v2\/pages\/31510\/revisions\/62781"}],"up":[{"embeddable":true,"href":"https:\/\/www.filtrox.com\/it\/wp-json\/wp\/v2\/pages\/31424"}],"wp:attachment":[{"href":"https:\/\/www.filtrox.com\/it\/wp-json\/wp\/v2\/media?parent=31510"}],"curies":[{"name":"wp","href":"https:\/\/api.w.org\/{rel}","templated":true}]}}