{"id":31581,"date":"2015-02-17T06:42:46","date_gmt":"2015-02-17T06:42:46","guid":{"rendered":"https:\/\/www.filtrox.com\/chi-siamo\/organization\/"},"modified":"2026-03-04T09:17:19","modified_gmt":"2026-03-04T08:17:19","slug":"organizzazione","status":"publish","type":"page","link":"https:\/\/www.filtrox.com\/it\/su-filtrox\/organizzazione\/","title":{"rendered":"Organizzazione"},"content":{"rendered":"<h1><strong>Organizzazione<\/strong><\/h1>\n<p>FILTROX \u00e8 un&#8217;azienda a conduzione familiare e indipendente. Le nostre dimensioni relativamente ridotte e la nostra organizzazione snella ci consentono di soddisfare individualmente le esigenze dei nostri clienti. Costruire relazioni personali con loro ci aiuta a capire i loro compiti di filtraggio. Inoltre possiamo fornire sistemi a valore aggiunto per migliorare i loro processi e prodotti.<\/p>\n<p>La missione di FILTROX \u00e8 chiara: vogliamo essere il fornitore leader mondiale di sistemi di filtrazione di profondit\u00e0 per liquidi altamente sensibili. Questa nicchia decisamente specializzata nel mercato della filtrazione \u00e8 stata al centro di FILTROX sin dalla sua fondazione nel 1938.<\/p>\n<p>Il Gruppo FILTROX ha una struttura holding. Il consiglio di amministrazione della holding FILTROX Group \u00e8 responsabile dell&#8217;indirizzo strategico. Nomina i membri del Group Leadership Team. Il Group Leadership Team (GLT) \u00e8 attualmente composto da cinque membri. Anche il consiglio del gruppo di cinque membri.<\/p>\n\n\n<div class=\"wp-block-advgb-columns advgb-columns-wrapper\" id=\"advgb-cols-62e1791a-b4dd-4904-a16d-eddd312d37d0\"><div class=\"advgb-columns-container\"><div class=\"advgb-columns advgb-columns-row advgb-is-mobile advgb-columns-3 layout-13-13-13 mbl-layout-stacked vgutter-10\">\n<div class=\"wp-block-advgb-column advgb-column advgb-is-one-third-tablet advgb-is-full-mobile\" id=\"advgb-col-7114ad62-bdee-4e24-ad0d-1bb23d8e0dde\"><div class=\"advgb-column-inner\" style=\"border-style:none;border-width:1px\">\n<h4><strong><span style=\"font-size: 14pt;\">SUCCURSALI FILTROX<\/span><\/strong><\/h4>\n\n\n\n<div style=\"height:50px\" aria-hidden=\"true\" class=\"wp-block-spacer\"><\/div>\n<\/div><\/div>\n\n\n\n<div class=\"wp-block-advgb-column advgb-column advgb-is-one-third-tablet advgb-is-full-mobile\" id=\"advgb-col-5a85645f-caef-4b39-8539-9553b563e878\"><div class=\"advgb-column-inner\" style=\"border-style:none;border-width:1px\">\n<p>FILTROX AG<br>Moosm\u00fchlestr. 6<br>CH-9001 St.Gallen \/ Svizzera<br>Telefono: +41 71 272 91 11<br><a href=\"mailto:sales(at)filtrox.ch\">sales@filtrox.ch<\/a><\/p>\n<p>FILTROX France s.a.r.l.<br>1 Rue du Claire Matin<br>F 21200 Beaune \/ Francia<br>Telefono: +33 380 222 915<br>Fax: +33 380 241 856<br><a href=\"mailto:contact(at)filtroxfrance.com\">contact<\/a><a href=\"mailto:sales(at)filtrox.ch\">@<\/a><a href=\"mailto:contact(at)filtroxfrance.com\">filtroxfrance.com<\/a><\/p>\n<p>FILTROX North America, Inc<br>5506 6<sup>th<\/sup>&nbsp;Ave S. Suite 107<br>Seattle, WA 98108 \/ USA<br>Phone: Toll free 800 473 4526<br>Telefono: +1 425 820 4850<br>Fax: +1 425 820 2816<br><a href=\"mailto:info(at)filtercorp.com\">info<\/a><a href=\"mailto:sales(at)filtrox.ch\">@<\/a><a href=\"mailto:info(at)filtroxnorthamerica.com\">filtroxnorthamerica.com<\/a><\/p>\n<p>FILTROX Latinoamerica S.A. de C.V.<br>Prolongaci\u00f3n Recursos Hidr\u00e1ulicos 22, Lote A<br>La Loma, Tlalnepantla de Baz, CP 54060<br>Estado de M\u00e9xcio \/ Messico<br>Telefono: +52 55 2628 1691<br><a href=\"mailto:info(at)filtrox.com.mx\">info@filtrox.com.mx<\/a><\/p>\n<\/div><\/div>\n\n\n\n<div class=\"wp-block-advgb-column advgb-column advgb-is-one-third-tablet advgb-is-full-mobile\" id=\"advgb-col-00c00ff2-f3de-4e16-ae4f-b7853f05f97f\"><div class=\"advgb-column-inner\" style=\"border-style:none;border-width:1px\">\n<p>FILTROX (Shanghai) Filtration Systems Co., Ltd<br \/>Room 406, Qinghewan Road #980<br \/>Qingpu district<br \/>Shanghai 201717 \/ P.R. Cina<br \/>Telefono: +86 021 5922 7601<br \/><a href=\"mailto:sales_apac(at)filtrox.com\">sales_apac@filtrox.com<\/a><\/p>\n<p>FILTROX Carlson Ltd UK &amp; Northern Europe<br \/>Butts Mill<br \/>Barnoldswick<br \/>Lancashire<br \/>BB18 5HP \/ Regno Unito<br \/>Telefono: +44 1282 811000<br \/>Fax: +44 1282 811001<br \/><a href=\"mailto:filtrox.UK(at)filtrox.com\">filtrox.UK@filtrox.com<\/a><\/p>\n<p>FILTROX\u00a0Southern Europe<br \/>Calle Can Vinyalets, 15<br \/>08130 Santa Perp\u00e8tua de Mogoda \/ Spagna<br \/>Telefono: +34 934 626 700<br \/><a href=\"mailto:filtrox@filtrox.es\" target=\"_blank\" rel=\"noopener noreferrer\">filtrox@filtrox.es<\/a><\/p>\n<p>FILTROX Asia-Pacific Pte Ltd<br \/>25 International Business Park<br \/>#02-14 German Center<br \/>Singapore 609916 \/ Singapore<br \/>Telefono: +65 9880 1651<br \/><a href=\"mailto:sales_apac@filtrox.com\">sales_apac@filtrox.com<\/a><\/p>\n<\/div><\/div>\n<\/div><\/div><\/div>\n<style class=\"advgb-styles-renderer\">#advgb-cols-62e1791a-b4dd-4904-a16d-eddd312d37d0{}@media screen and (max-width: 1023px) {#advgb-cols-62e1791a-b4dd-4904-a16d-eddd312d37d0{}}@media screen and (max-width: 767px) {#advgb-cols-62e1791a-b4dd-4904-a16d-eddd312d37d0{}}#advgb-col-7114ad62-bdee-4e24-ad0d-1bb23d8e0dde>.advgb-column-inner{}@media screen and (max-width: 1023px) {#advgb-col-7114ad62-bdee-4e24-ad0d-1bb23d8e0dde>.advgb-column-inner{}}@media screen and (max-width: 767px) {#advgb-col-7114ad62-bdee-4e24-ad0d-1bb23d8e0dde>.advgb-column-inner{}}#advgb-col-5a85645f-caef-4b39-8539-9553b563e878>.advgb-column-inner{}@media screen and (max-width: 1023px) {#advgb-col-5a85645f-caef-4b39-8539-9553b563e878>.advgb-column-inner{}}@media screen and (max-width: 767px) {#advgb-col-5a85645f-caef-4b39-8539-9553b563e878>.advgb-column-inner{}}#advgb-col-00c00ff2-f3de-4e16-ae4f-b7853f05f97f>.advgb-column-inner{}@media screen and (max-width: 1023px) {#advgb-col-00c00ff2-f3de-4e16-ae4f-b7853f05f97f>.advgb-column-inner{}}@media screen and (max-width: 767px) {#advgb-col-00c00ff2-f3de-4e16-ae4f-b7853f05f97f>.advgb-column-inner{}}<\/style>","protected":false},"excerpt":{"rendered":"<p>Organizzazione FILTROX \u00e8 un&#8217;azienda a conduzione familiare e indipendente. Le nostre dimensioni relativamente ridotte e la nostra organizzazione snella ci consentono di soddisfare individualmente le esigenze dei nostri clienti. Costruire relazioni personali con loro ci aiuta a capire i loro compiti di filtraggio. Inoltre possiamo fornire sistemi a valore aggiunto per migliorare i loro processi &hellip; <a href=\"https:\/\/www.filtrox.com\/it\/su-filtrox\/organizzazione\/\" class=\"more-link\">Continue reading <span class=\"screen-reader-text\">Organizzazione<\/span> <span class=\"meta-nav\">&rarr;<\/span><\/a><\/p>\n","protected":false},"author":8,"featured_media":31433,"parent":31431,"menu_order":244,"comment_status":"closed","ping_status":"closed","template":"template_organizandourprocess.php","meta":{"_acf_changed":false,"advgb_blocks_editor_width":"","advgb_blocks_columns_visual_guide":"","footnotes":""},"class_list":["post-31581","page","type-page","status-publish","has-post-thumbnail","hentry"],"acf":[],"yoast_head":"<!-- This site is optimized with the Yoast SEO plugin v26.3 - https:\/\/yoast.com\/wordpress\/plugins\/seo\/ -->\n<title>Organizzazione e gestione - Il gruppo Filtrox - Chi siamo?<\/title>\n<meta name=\"description\" content=\"FILTROX ha una organizzazione tipo holding. La sede principale si trova a San Gallo, Svizzera. Uffici sono presenti in tutto il mondo.\" \/>\n<meta name=\"robots\" content=\"index, follow, max-snippet:-1, max-image-preview:large, max-video-preview:-1\" \/>\n<link rel=\"canonical\" href=\"https:\/\/www.filtrox.com\/it\/su-filtrox\/organizzazione\/\" \/>\n<meta property=\"og:locale\" content=\"it_IT\" \/>\n<meta property=\"og:type\" content=\"article\" \/>\n<meta property=\"og:title\" content=\"Organizzazione e gestione - Il gruppo Filtrox - Chi siamo?\" \/>\n<meta property=\"og:description\" content=\"FILTROX ha una organizzazione tipo holding. La sede principale si trova a San Gallo, Svizzera. Uffici sono presenti in tutto il mondo.\" \/>\n<meta property=\"og:url\" content=\"https:\/\/www.filtrox.com\/it\/su-filtrox\/organizzazione\/\" \/>\n<meta property=\"og:site_name\" content=\"Filtrox\" \/>\n<meta property=\"article:publisher\" content=\"https:\/\/www.facebook.com\/Filtrox-AG-2091458717567633\" \/>\n<meta property=\"article:modified_time\" content=\"2026-03-04T08:17:19+00:00\" \/>\n<meta property=\"og:image\" content=\"https:\/\/www.filtrox.com\/wp-content\/uploads\/2015\/02\/Filtrox-ABOUT-US-title_PR.jpg\" \/>\n\t<meta property=\"og:image:width\" content=\"1200\" \/>\n\t<meta property=\"og:image:height\" content=\"322\" \/>\n\t<meta property=\"og:image:type\" content=\"image\/jpeg\" \/>\n<meta name=\"twitter:card\" content=\"summary_large_image\" \/>\n<meta name=\"twitter:site\" content=\"@FILTROX1\" \/>\n<meta name=\"twitter:label1\" content=\"Tempo di lettura stimato\" \/>\n\t<meta name=\"twitter:data1\" content=\"2 minuti\" \/>\n<script type=\"application\/ld+json\" class=\"yoast-schema-graph\">{\"@context\":\"https:\/\/schema.org\",\"@graph\":[{\"@type\":\"WebPage\",\"@id\":\"https:\/\/www.filtrox.com\/it\/su-filtrox\/organizzazione\/\",\"url\":\"https:\/\/www.filtrox.com\/it\/su-filtrox\/organizzazione\/\",\"name\":\"Organizzazione e gestione - Il gruppo Filtrox - Chi siamo?\",\"isPartOf\":{\"@id\":\"https:\/\/www.filtrox.com\/#website\"},\"primaryImageOfPage\":{\"@id\":\"https:\/\/www.filtrox.com\/it\/su-filtrox\/organizzazione\/#primaryimage\"},\"image\":{\"@id\":\"https:\/\/www.filtrox.com\/it\/su-filtrox\/organizzazione\/#primaryimage\"},\"thumbnailUrl\":\"https:\/\/www.filtrox.com\/wp-content\/uploads\/2015\/02\/Filtrox-ABOUT-US-title_PR.jpg\",\"datePublished\":\"2015-02-17T06:42:46+00:00\",\"dateModified\":\"2026-03-04T08:17:19+00:00\",\"description\":\"FILTROX ha una organizzazione tipo holding. La sede principale si trova a San Gallo, Svizzera. Uffici sono presenti in tutto il mondo.\",\"breadcrumb\":{\"@id\":\"https:\/\/www.filtrox.com\/it\/su-filtrox\/organizzazione\/#breadcrumb\"},\"inLanguage\":\"it-IT\",\"potentialAction\":[{\"@type\":\"ReadAction\",\"target\":[\"https:\/\/www.filtrox.com\/it\/su-filtrox\/organizzazione\/\"]}]},{\"@type\":\"ImageObject\",\"inLanguage\":\"it-IT\",\"@id\":\"https:\/\/www.filtrox.com\/it\/su-filtrox\/organizzazione\/#primaryimage\",\"url\":\"https:\/\/www.filtrox.com\/wp-content\/uploads\/2015\/02\/Filtrox-ABOUT-US-title_PR.jpg\",\"contentUrl\":\"https:\/\/www.filtrox.com\/wp-content\/uploads\/2015\/02\/Filtrox-ABOUT-US-title_PR.jpg\",\"width\":1200,\"height\":322,\"caption\":\"Sede en St.Gallen, Suiza\"},{\"@type\":\"BreadcrumbList\",\"@id\":\"https:\/\/www.filtrox.com\/it\/su-filtrox\/organizzazione\/#breadcrumb\",\"itemListElement\":[{\"@type\":\"ListItem\",\"position\":1,\"name\":\"Home\",\"item\":\"https:\/\/www.filtrox.com\/it\/\"},{\"@type\":\"ListItem\",\"position\":2,\"name\":\"Su Filtrox\",\"item\":\"https:\/\/www.filtrox.com\/it\/su-filtrox\/\"},{\"@type\":\"ListItem\",\"position\":3,\"name\":\"Organizzazione\"}]},{\"@type\":\"WebSite\",\"@id\":\"https:\/\/www.filtrox.com\/#website\",\"url\":\"https:\/\/www.filtrox.com\/\",\"name\":\"Filtrox\",\"description\":\"DEPTH FILTRATION FOR VALUABLE LIQUIDS.\",\"publisher\":{\"@id\":\"https:\/\/www.filtrox.com\/#organization\"},\"potentialAction\":[{\"@type\":\"SearchAction\",\"target\":{\"@type\":\"EntryPoint\",\"urlTemplate\":\"https:\/\/www.filtrox.com\/?s={search_term_string}\"},\"query-input\":{\"@type\":\"PropertyValueSpecification\",\"valueRequired\":true,\"valueName\":\"search_term_string\"}}],\"inLanguage\":\"it-IT\"},{\"@type\":\"Organization\",\"@id\":\"https:\/\/www.filtrox.com\/#organization\",\"name\":\"Filtrox\",\"alternateName\":\"FX\",\"url\":\"https:\/\/www.filtrox.com\/\",\"logo\":{\"@type\":\"ImageObject\",\"inLanguage\":\"it-IT\",\"@id\":\"https:\/\/www.filtrox.com\/#\/schema\/logo\/image\/\",\"url\":\"https:\/\/www.filtrox.com\/wp-content\/uploads\/2015\/02\/FX-Logo_RGB_0-74-153.jpg\",\"contentUrl\":\"https:\/\/www.filtrox.com\/wp-content\/uploads\/2015\/02\/FX-Logo_RGB_0-74-153.jpg\",\"width\":512,\"height\":512,\"caption\":\"Filtrox\"},\"image\":{\"@id\":\"https:\/\/www.filtrox.com\/#\/schema\/logo\/image\/\"},\"sameAs\":[\"https:\/\/www.facebook.com\/Filtrox-AG-2091458717567633\",\"https:\/\/x.com\/FILTROX1\",\"https:\/\/www.instagram.com\/filtroxag\/\",\"https:\/\/www.linkedin.com\/company\/34636121\/\",\"https:\/\/www.youtube.com\/channel\/UCi3A2_4M_c-CcEst9YJ4U9g\/featured?disable_polymer=1\"]}]}<\/script>\n<!-- \/ Yoast SEO plugin. -->","yoast_head_json":{"title":"Organizzazione e gestione - Il gruppo Filtrox - Chi siamo?","description":"FILTROX ha una organizzazione tipo holding. La sede principale si trova a San Gallo, Svizzera. Uffici sono presenti in tutto il mondo.","robots":{"index":"index","follow":"follow","max-snippet":"max-snippet:-1","max-image-preview":"max-image-preview:large","max-video-preview":"max-video-preview:-1"},"canonical":"https:\/\/www.filtrox.com\/it\/su-filtrox\/organizzazione\/","og_locale":"it_IT","og_type":"article","og_title":"Organizzazione e gestione - Il gruppo Filtrox - Chi siamo?","og_description":"FILTROX ha una organizzazione tipo holding. La sede principale si trova a San Gallo, Svizzera. Uffici sono presenti in tutto il mondo.","og_url":"https:\/\/www.filtrox.com\/it\/su-filtrox\/organizzazione\/","og_site_name":"Filtrox","article_publisher":"https:\/\/www.facebook.com\/Filtrox-AG-2091458717567633","article_modified_time":"2026-03-04T08:17:19+00:00","og_image":[{"width":1200,"height":322,"url":"https:\/\/www.filtrox.com\/wp-content\/uploads\/2015\/02\/Filtrox-ABOUT-US-title_PR.jpg","type":"image\/jpeg"}],"twitter_card":"summary_large_image","twitter_site":"@FILTROX1","twitter_misc":{"Tempo di lettura stimato":"2 minuti"},"schema":{"@context":"https:\/\/schema.org","@graph":[{"@type":"WebPage","@id":"https:\/\/www.filtrox.com\/it\/su-filtrox\/organizzazione\/","url":"https:\/\/www.filtrox.com\/it\/su-filtrox\/organizzazione\/","name":"Organizzazione e gestione - Il gruppo Filtrox - Chi siamo?","isPartOf":{"@id":"https:\/\/www.filtrox.com\/#website"},"primaryImageOfPage":{"@id":"https:\/\/www.filtrox.com\/it\/su-filtrox\/organizzazione\/#primaryimage"},"image":{"@id":"https:\/\/www.filtrox.com\/it\/su-filtrox\/organizzazione\/#primaryimage"},"thumbnailUrl":"https:\/\/www.filtrox.com\/wp-content\/uploads\/2015\/02\/Filtrox-ABOUT-US-title_PR.jpg","datePublished":"2015-02-17T06:42:46+00:00","dateModified":"2026-03-04T08:17:19+00:00","description":"FILTROX ha una organizzazione tipo holding. La sede principale si trova a San Gallo, Svizzera. Uffici sono presenti in tutto il mondo.","breadcrumb":{"@id":"https:\/\/www.filtrox.com\/it\/su-filtrox\/organizzazione\/#breadcrumb"},"inLanguage":"it-IT","potentialAction":[{"@type":"ReadAction","target":["https:\/\/www.filtrox.com\/it\/su-filtrox\/organizzazione\/"]}]},{"@type":"ImageObject","inLanguage":"it-IT","@id":"https:\/\/www.filtrox.com\/it\/su-filtrox\/organizzazione\/#primaryimage","url":"https:\/\/www.filtrox.com\/wp-content\/uploads\/2015\/02\/Filtrox-ABOUT-US-title_PR.jpg","contentUrl":"https:\/\/www.filtrox.com\/wp-content\/uploads\/2015\/02\/Filtrox-ABOUT-US-title_PR.jpg","width":1200,"height":322,"caption":"Sede en St.Gallen, Suiza"},{"@type":"BreadcrumbList","@id":"https:\/\/www.filtrox.com\/it\/su-filtrox\/organizzazione\/#breadcrumb","itemListElement":[{"@type":"ListItem","position":1,"name":"Home","item":"https:\/\/www.filtrox.com\/it\/"},{"@type":"ListItem","position":2,"name":"Su Filtrox","item":"https:\/\/www.filtrox.com\/it\/su-filtrox\/"},{"@type":"ListItem","position":3,"name":"Organizzazione"}]},{"@type":"WebSite","@id":"https:\/\/www.filtrox.com\/#website","url":"https:\/\/www.filtrox.com\/","name":"Filtrox","description":"DEPTH FILTRATION FOR VALUABLE LIQUIDS.","publisher":{"@id":"https:\/\/www.filtrox.com\/#organization"},"potentialAction":[{"@type":"SearchAction","target":{"@type":"EntryPoint","urlTemplate":"https:\/\/www.filtrox.com\/?s={search_term_string}"},"query-input":{"@type":"PropertyValueSpecification","valueRequired":true,"valueName":"search_term_string"}}],"inLanguage":"it-IT"},{"@type":"Organization","@id":"https:\/\/www.filtrox.com\/#organization","name":"Filtrox","alternateName":"FX","url":"https:\/\/www.filtrox.com\/","logo":{"@type":"ImageObject","inLanguage":"it-IT","@id":"https:\/\/www.filtrox.com\/#\/schema\/logo\/image\/","url":"https:\/\/www.filtrox.com\/wp-content\/uploads\/2015\/02\/FX-Logo_RGB_0-74-153.jpg","contentUrl":"https:\/\/www.filtrox.com\/wp-content\/uploads\/2015\/02\/FX-Logo_RGB_0-74-153.jpg","width":512,"height":512,"caption":"Filtrox"},"image":{"@id":"https:\/\/www.filtrox.com\/#\/schema\/logo\/image\/"},"sameAs":["https:\/\/www.facebook.com\/Filtrox-AG-2091458717567633","https:\/\/x.com\/FILTROX1","https:\/\/www.instagram.com\/filtroxag\/","https:\/\/www.linkedin.com\/company\/34636121\/","https:\/\/www.youtube.com\/channel\/UCi3A2_4M_c-CcEst9YJ4U9g\/featured?disable_polymer=1"]}]}},"coauthors":[],"author_meta":{"author_link":"https:\/\/www.filtrox.com\/it\/blog\/author\/fosca-roman\/","display_name":"Fosca Roman"},"relative_dates":{"created":"Pubblicato 11 anni fa","modified":"Aggiornato 2 mesi fa"},"absolute_dates":{"created":"Pubblicato il Febbraio 17, 2015","modified":"Aggiornato il Marzo 4, 2026"},"absolute_dates_time":{"created":"Pubblicato il Febbraio 17, 2015 6:42 am","modified":"Aggiornato il Marzo 4, 2026 9:17 am"},"featured_img_caption":"Sede en St.Gallen, Suiza","featured_img":"https:\/\/www.filtrox.com\/wp-content\/uploads\/2015\/02\/Filtrox-ABOUT-US-title_PR-604x270.jpg","series_order":"","publishpress_future_action":{"enabled":false,"date":"2026-04-25 14:11:49","action":"change-status","newStatus":"draft","terms":[],"taxonomy":"translation_priority","extraData":[]},"publishpress_future_workflow_manual_trigger":{"enabledWorkflows":[]},"_links":{"self":[{"href":"https:\/\/www.filtrox.com\/it\/wp-json\/wp\/v2\/pages\/31581","targetHints":{"allow":["GET"]}}],"collection":[{"href":"https:\/\/www.filtrox.com\/it\/wp-json\/wp\/v2\/pages"}],"about":[{"href":"https:\/\/www.filtrox.com\/it\/wp-json\/wp\/v2\/types\/page"}],"author":[{"embeddable":true,"href":"https:\/\/www.filtrox.com\/it\/wp-json\/wp\/v2\/users\/8"}],"replies":[{"embeddable":true,"href":"https:\/\/www.filtrox.com\/it\/wp-json\/wp\/v2\/comments?post=31581"}],"version-history":[{"count":27,"href":"https:\/\/www.filtrox.com\/it\/wp-json\/wp\/v2\/pages\/31581\/revisions"}],"predecessor-version":[{"id":62595,"href":"https:\/\/www.filtrox.com\/it\/wp-json\/wp\/v2\/pages\/31581\/revisions\/62595"}],"up":[{"embeddable":true,"href":"https:\/\/www.filtrox.com\/it\/wp-json\/wp\/v2\/pages\/31431"}],"wp:featuredmedia":[{"embeddable":true,"href":"https:\/\/www.filtrox.com\/it\/wp-json\/wp\/v2\/media\/31433"}],"wp:attachment":[{"href":"https:\/\/www.filtrox.com\/it\/wp-json\/wp\/v2\/media?parent=31581"}],"curies":[{"name":"wp","href":"https:\/\/api.w.org\/{rel}","templated":true}]}}