{"id":31661,"date":"2015-02-17T06:50:17","date_gmt":"2015-02-17T05:50:17","guid":{"rendered":"https:\/\/www.filtrox.com\/servizi\/spare-parts\/"},"modified":"2026-03-31T15:07:15","modified_gmt":"2026-03-31T14:07:15","slug":"pezzi-di-ricambio","status":"publish","type":"page","link":"https:\/\/www.filtrox.com\/it\/servizi\/pezzi-di-ricambio\/","title":{"rendered":"Pezzi di ricambio"},"content":{"rendered":"\n<p><span style=\"font-size: 24pt;\"><strong>PEZZI DI RICAMBIO<\/strong><\/span><\/p>\n<p>La manutenzione regolare e l\u2019uso di ricambi originali sono essenziali per prolungare la durata dei vostri sistemi di filtrazione. \u00a0Se avete bisogno di ricambi per uno dei nostri sistemi di filtrazione, come i modelli:<br \/><br \/>NOVOX\u00ae<br \/>DISCSTAR\u00ae<br \/>SECUROX\u00ae<\/p>\n<p>Gli esperti di STRASSBURGER FILTER GmbH + Co.KG saranno lieti di assistervi. Vi aiuteranno a identificare e procurarvi i componenti giusti, in modo che il vostro processo di filtrazione possa proseguire con il minor numero possibile di interruzioni. Che si tratti di piastre filtranti, guarnizioni o altri componenti specifici, STRASSBURGER vi garantisce una fornitura rapida e affidabile. Contattateci per ulteriori informazioni. P<strong>er favore contattaci a<br \/><\/strong><\/p>\n<p><strong>STRASSBURGER Filter GmbH + Co.KG<\/strong><br \/><strong>Osthofener Landstra\u00dfe 14<\/strong><br \/><strong>D-67593 Westhofen\/Rheinhessen<\/strong><\/p>\n<p>Tel: +49 (0) 62 44 \/ 90 800 \u2013 0<br \/>Fax: +49 (0) 62 44 \/ 90 800 \u2013 8<br \/>E-Mail: info@strassburger-filter.de<\/p>\n<p><a href=\"https:\/\/strassburger-filter.de\/en\/service\" target=\"_blank\" rel=\"noopener\"><strong>Strassburger-filter-de\/en\/service<\/strong><\/a><\/p>\n<hr \/>\n<p>Per pezzi di ricambio per uno dei seguenti apparecchiature o sistemi di filtrazione:<br \/>SYNOX\u00ae<br \/>SECUJET\u00ae<br \/>CERINOX\u00ae<br \/>FILTER-O-MAT\u00ae<\/p>\n<p>Si prega di contattare direttamente la societ\u00e0 responsabile per questi sistemi, Bucher Unipektin AG, o una delle sue sedi tramite e-mail o sul sito web:<br \/><a href=\"mailto:customer-service.ccf@bucherunipektin.com\">customer-service.ccf@bucherunipektin.com<\/a><br \/><a href=\"https:\/\/www.bucherunipektin.com\/\" target=\"_blank\" rel=\"noopener noreferrer\">www.bucherunipektin.com<\/a><\/p>\n<p>Per assistenza o ulteriori informazioni, non esitate a contattarci. FILTROX \u00e8 il vostro partner di fiducia per mantenere i pi\u00f9 alti standard di eccellenza nella filtrazione di profondit\u00e0.<\/p>\n\n\n\n<p><img decoding=\"async\" data-src=\"https:\/\/www.filtrox.com\/wp-content\/uploads\/2015\/02\/Filtrox-PRODUCTS-novox-od_PR.jpg\" alt=\"pezzi di ricambio\" width=\"500\" height=\"315\" src=\"data:image\/svg+xml;base64,PHN2ZyB3aWR0aD0iMSIgaGVpZ2h0PSIxIiB4bWxucz0iaHR0cDovL3d3dy53My5vcmcvMjAwMC9zdmciPjwvc3ZnPg==\" class=\"lazyload\" style=\"--smush-placeholder-width: 500px; --smush-placeholder-aspect-ratio: 500\/315;\" \/><\/p>\n<p><em>Filtro pressa del sistema NOVOX con piastre in acciaio inox<\/em><\/p>\n","protected":false},"excerpt":{"rendered":"<p>PEZZI DI RICAMBIO La manutenzione regolare e l\u2019uso di ricambi originali sono essenziali per prolungare la durata dei vostri sistemi di filtrazione. \u00a0Se avete bisogno di ricambi per uno dei nostri sistemi di filtrazione, come i modelli: NOVOX\u00aeDISCSTAR\u00aeSECUROX\u00ae Gli esperti di STRASSBURGER FILTER GmbH + Co.KG saranno lieti di assistervi. Vi aiuteranno a identificare e &hellip; <a href=\"https:\/\/www.filtrox.com\/it\/servizi\/pezzi-di-ricambio\/\" class=\"more-link\">Continue reading <span class=\"screen-reader-text\">Pezzi di ricambio<\/span> <span class=\"meta-nav\">&rarr;<\/span><\/a><\/p>\n","protected":false},"author":8,"featured_media":0,"parent":31443,"menu_order":140,"comment_status":"closed","ping_status":"closed","template":"template_services.php","meta":{"_acf_changed":false,"advgb_blocks_editor_width":"","advgb_blocks_columns_visual_guide":"","footnotes":""},"class_list":["post-31661","page","type-page","status-publish","hentry"],"acf":[],"yoast_head":"<!-- This site is optimized with the Yoast SEO plugin v26.3 - https:\/\/yoast.com\/wordpress\/plugins\/seo\/ -->\n<title>Pezzi di ricambio | FILTROX | Filtrazione in profondit\u00e0<\/title>\n<meta name=\"description\" content=\"PEZZI DI RICAMBIO. Se ha bisogno di pezzi di ricambio per uno dei nostri filtri come NOVOX, DISCSTAR o SECUROX contatti service@filtrox.com\" \/>\n<meta name=\"robots\" content=\"index, follow, max-snippet:-1, max-image-preview:large, max-video-preview:-1\" \/>\n<link rel=\"canonical\" href=\"https:\/\/www.filtrox.com\/it\/servizi\/pezzi-di-ricambio\/\" \/>\n<meta property=\"og:locale\" content=\"it_IT\" \/>\n<meta property=\"og:type\" content=\"article\" \/>\n<meta property=\"og:title\" content=\"Pezzi di ricambio | FILTROX | Filtrazione in profondit\u00e0\" \/>\n<meta property=\"og:description\" content=\"PEZZI DI RICAMBIO. Se ha bisogno di pezzi di ricambio per uno dei nostri filtri come NOVOX, DISCSTAR o SECUROX contatti service@filtrox.com\" \/>\n<meta property=\"og:url\" content=\"https:\/\/www.filtrox.com\/it\/servizi\/pezzi-di-ricambio\/\" \/>\n<meta property=\"og:site_name\" content=\"Filtrox\" \/>\n<meta property=\"article:publisher\" content=\"https:\/\/www.facebook.com\/Filtrox-AG-2091458717567633\" \/>\n<meta property=\"article:modified_time\" content=\"2026-03-31T14:07:15+00:00\" \/>\n<meta property=\"og:image\" content=\"https:\/\/www.filtrox.com\/wp-content\/uploads\/2015\/02\/Filtrox-PRODUCTS-novox-od_PR.jpg\" \/>\n<meta name=\"twitter:card\" content=\"summary_large_image\" \/>\n<meta name=\"twitter:site\" content=\"@FILTROX1\" \/>\n<meta name=\"twitter:label1\" content=\"Tempo di lettura stimato\" \/>\n\t<meta name=\"twitter:data1\" content=\"2 minuti\" \/>\n<script type=\"application\/ld+json\" class=\"yoast-schema-graph\">{\"@context\":\"https:\/\/schema.org\",\"@graph\":[{\"@type\":\"WebPage\",\"@id\":\"https:\/\/www.filtrox.com\/it\/servizi\/pezzi-di-ricambio\/\",\"url\":\"https:\/\/www.filtrox.com\/it\/servizi\/pezzi-di-ricambio\/\",\"name\":\"Pezzi di ricambio | FILTROX | Filtrazione in profondit\u00e0\",\"isPartOf\":{\"@id\":\"https:\/\/www.filtrox.com\/#website\"},\"primaryImageOfPage\":{\"@id\":\"https:\/\/www.filtrox.com\/it\/servizi\/pezzi-di-ricambio\/#primaryimage\"},\"image\":{\"@id\":\"https:\/\/www.filtrox.com\/it\/servizi\/pezzi-di-ricambio\/#primaryimage\"},\"thumbnailUrl\":\"https:\/\/www.filtrox.com\/wp-content\/uploads\/2015\/02\/Filtrox-PRODUCTS-novox-od_PR.jpg\",\"datePublished\":\"2015-02-17T05:50:17+00:00\",\"dateModified\":\"2026-03-31T14:07:15+00:00\",\"description\":\"PEZZI DI RICAMBIO. Se ha bisogno di pezzi di ricambio per uno dei nostri filtri come NOVOX, DISCSTAR o SECUROX contatti service@filtrox.com\",\"breadcrumb\":{\"@id\":\"https:\/\/www.filtrox.com\/it\/servizi\/pezzi-di-ricambio\/#breadcrumb\"},\"inLanguage\":\"it-IT\",\"potentialAction\":[{\"@type\":\"ReadAction\",\"target\":[\"https:\/\/www.filtrox.com\/it\/servizi\/pezzi-di-ricambio\/\"]}]},{\"@type\":\"ImageObject\",\"inLanguage\":\"it-IT\",\"@id\":\"https:\/\/www.filtrox.com\/it\/servizi\/pezzi-di-ricambio\/#primaryimage\",\"url\":\"https:\/\/www.filtrox.com\/wp-content\/uploads\/2015\/02\/Filtrox-PRODUCTS-novox-od_PR.jpg\",\"contentUrl\":\"https:\/\/www.filtrox.com\/wp-content\/uploads\/2015\/02\/Filtrox-PRODUCTS-novox-od_PR.jpg\"},{\"@type\":\"BreadcrumbList\",\"@id\":\"https:\/\/www.filtrox.com\/it\/servizi\/pezzi-di-ricambio\/#breadcrumb\",\"itemListElement\":[{\"@type\":\"ListItem\",\"position\":1,\"name\":\"Home\",\"item\":\"https:\/\/www.filtrox.com\/it\/\"},{\"@type\":\"ListItem\",\"position\":2,\"name\":\"Servizi\",\"item\":\"https:\/\/www.filtrox.com\/it\/servizi\/\"},{\"@type\":\"ListItem\",\"position\":3,\"name\":\"Pezzi di ricambio\"}]},{\"@type\":\"WebSite\",\"@id\":\"https:\/\/www.filtrox.com\/#website\",\"url\":\"https:\/\/www.filtrox.com\/\",\"name\":\"Filtrox\",\"description\":\"DEPTH FILTRATION FOR VALUABLE LIQUIDS.\",\"publisher\":{\"@id\":\"https:\/\/www.filtrox.com\/#organization\"},\"potentialAction\":[{\"@type\":\"SearchAction\",\"target\":{\"@type\":\"EntryPoint\",\"urlTemplate\":\"https:\/\/www.filtrox.com\/?s={search_term_string}\"},\"query-input\":{\"@type\":\"PropertyValueSpecification\",\"valueRequired\":true,\"valueName\":\"search_term_string\"}}],\"inLanguage\":\"it-IT\"},{\"@type\":\"Organization\",\"@id\":\"https:\/\/www.filtrox.com\/#organization\",\"name\":\"Filtrox\",\"alternateName\":\"FX\",\"url\":\"https:\/\/www.filtrox.com\/\",\"logo\":{\"@type\":\"ImageObject\",\"inLanguage\":\"it-IT\",\"@id\":\"https:\/\/www.filtrox.com\/#\/schema\/logo\/image\/\",\"url\":\"https:\/\/www.filtrox.com\/wp-content\/uploads\/2015\/02\/FX-Logo_RGB_0-74-153.jpg\",\"contentUrl\":\"https:\/\/www.filtrox.com\/wp-content\/uploads\/2015\/02\/FX-Logo_RGB_0-74-153.jpg\",\"width\":512,\"height\":512,\"caption\":\"Filtrox\"},\"image\":{\"@id\":\"https:\/\/www.filtrox.com\/#\/schema\/logo\/image\/\"},\"sameAs\":[\"https:\/\/www.facebook.com\/Filtrox-AG-2091458717567633\",\"https:\/\/x.com\/FILTROX1\",\"https:\/\/www.instagram.com\/filtroxag\/\",\"https:\/\/www.linkedin.com\/company\/34636121\/\",\"https:\/\/www.youtube.com\/channel\/UCi3A2_4M_c-CcEst9YJ4U9g\/featured?disable_polymer=1\"]}]}<\/script>\n<!-- \/ Yoast SEO plugin. -->","yoast_head_json":{"title":"Pezzi di ricambio | FILTROX | Filtrazione in profondit\u00e0","description":"PEZZI DI RICAMBIO. Se ha bisogno di pezzi di ricambio per uno dei nostri filtri come NOVOX, DISCSTAR o SECUROX contatti service@filtrox.com","robots":{"index":"index","follow":"follow","max-snippet":"max-snippet:-1","max-image-preview":"max-image-preview:large","max-video-preview":"max-video-preview:-1"},"canonical":"https:\/\/www.filtrox.com\/it\/servizi\/pezzi-di-ricambio\/","og_locale":"it_IT","og_type":"article","og_title":"Pezzi di ricambio | FILTROX | Filtrazione in profondit\u00e0","og_description":"PEZZI DI RICAMBIO. Se ha bisogno di pezzi di ricambio per uno dei nostri filtri come NOVOX, DISCSTAR o SECUROX contatti service@filtrox.com","og_url":"https:\/\/www.filtrox.com\/it\/servizi\/pezzi-di-ricambio\/","og_site_name":"Filtrox","article_publisher":"https:\/\/www.facebook.com\/Filtrox-AG-2091458717567633","article_modified_time":"2026-03-31T14:07:15+00:00","og_image":[{"url":"https:\/\/www.filtrox.com\/wp-content\/uploads\/2015\/02\/Filtrox-PRODUCTS-novox-od_PR.jpg","type":"","width":"","height":""}],"twitter_card":"summary_large_image","twitter_site":"@FILTROX1","twitter_misc":{"Tempo di lettura stimato":"2 minuti"},"schema":{"@context":"https:\/\/schema.org","@graph":[{"@type":"WebPage","@id":"https:\/\/www.filtrox.com\/it\/servizi\/pezzi-di-ricambio\/","url":"https:\/\/www.filtrox.com\/it\/servizi\/pezzi-di-ricambio\/","name":"Pezzi di ricambio | FILTROX | Filtrazione in profondit\u00e0","isPartOf":{"@id":"https:\/\/www.filtrox.com\/#website"},"primaryImageOfPage":{"@id":"https:\/\/www.filtrox.com\/it\/servizi\/pezzi-di-ricambio\/#primaryimage"},"image":{"@id":"https:\/\/www.filtrox.com\/it\/servizi\/pezzi-di-ricambio\/#primaryimage"},"thumbnailUrl":"https:\/\/www.filtrox.com\/wp-content\/uploads\/2015\/02\/Filtrox-PRODUCTS-novox-od_PR.jpg","datePublished":"2015-02-17T05:50:17+00:00","dateModified":"2026-03-31T14:07:15+00:00","description":"PEZZI DI RICAMBIO. Se ha bisogno di pezzi di ricambio per uno dei nostri filtri come NOVOX, DISCSTAR o SECUROX contatti service@filtrox.com","breadcrumb":{"@id":"https:\/\/www.filtrox.com\/it\/servizi\/pezzi-di-ricambio\/#breadcrumb"},"inLanguage":"it-IT","potentialAction":[{"@type":"ReadAction","target":["https:\/\/www.filtrox.com\/it\/servizi\/pezzi-di-ricambio\/"]}]},{"@type":"ImageObject","inLanguage":"it-IT","@id":"https:\/\/www.filtrox.com\/it\/servizi\/pezzi-di-ricambio\/#primaryimage","url":"https:\/\/www.filtrox.com\/wp-content\/uploads\/2015\/02\/Filtrox-PRODUCTS-novox-od_PR.jpg","contentUrl":"https:\/\/www.filtrox.com\/wp-content\/uploads\/2015\/02\/Filtrox-PRODUCTS-novox-od_PR.jpg"},{"@type":"BreadcrumbList","@id":"https:\/\/www.filtrox.com\/it\/servizi\/pezzi-di-ricambio\/#breadcrumb","itemListElement":[{"@type":"ListItem","position":1,"name":"Home","item":"https:\/\/www.filtrox.com\/it\/"},{"@type":"ListItem","position":2,"name":"Servizi","item":"https:\/\/www.filtrox.com\/it\/servizi\/"},{"@type":"ListItem","position":3,"name":"Pezzi di ricambio"}]},{"@type":"WebSite","@id":"https:\/\/www.filtrox.com\/#website","url":"https:\/\/www.filtrox.com\/","name":"Filtrox","description":"DEPTH FILTRATION FOR VALUABLE LIQUIDS.","publisher":{"@id":"https:\/\/www.filtrox.com\/#organization"},"potentialAction":[{"@type":"SearchAction","target":{"@type":"EntryPoint","urlTemplate":"https:\/\/www.filtrox.com\/?s={search_term_string}"},"query-input":{"@type":"PropertyValueSpecification","valueRequired":true,"valueName":"search_term_string"}}],"inLanguage":"it-IT"},{"@type":"Organization","@id":"https:\/\/www.filtrox.com\/#organization","name":"Filtrox","alternateName":"FX","url":"https:\/\/www.filtrox.com\/","logo":{"@type":"ImageObject","inLanguage":"it-IT","@id":"https:\/\/www.filtrox.com\/#\/schema\/logo\/image\/","url":"https:\/\/www.filtrox.com\/wp-content\/uploads\/2015\/02\/FX-Logo_RGB_0-74-153.jpg","contentUrl":"https:\/\/www.filtrox.com\/wp-content\/uploads\/2015\/02\/FX-Logo_RGB_0-74-153.jpg","width":512,"height":512,"caption":"Filtrox"},"image":{"@id":"https:\/\/www.filtrox.com\/#\/schema\/logo\/image\/"},"sameAs":["https:\/\/www.facebook.com\/Filtrox-AG-2091458717567633","https:\/\/x.com\/FILTROX1","https:\/\/www.instagram.com\/filtroxag\/","https:\/\/www.linkedin.com\/company\/34636121\/","https:\/\/www.youtube.com\/channel\/UCi3A2_4M_c-CcEst9YJ4U9g\/featured?disable_polymer=1"]}]}},"coauthors":[],"author_meta":{"author_link":"https:\/\/www.filtrox.com\/it\/blog\/author\/fosca-roman\/","display_name":"Fosca Roman"},"relative_dates":{"created":"Pubblicato 11 anni fa","modified":"Aggiornato 3 settimane fa"},"absolute_dates":{"created":"Pubblicato il Febbraio 17, 2015","modified":"Aggiornato il Marzo 31, 2026"},"absolute_dates_time":{"created":"Pubblicato il Febbraio 17, 2015 6:50 am","modified":"Aggiornato il Marzo 31, 2026 3:07 pm"},"featured_img_caption":"","featured_img":false,"series_order":"","publishpress_future_action":{"enabled":false,"date":"2026-05-01 15:08:00","action":"change-status","newStatus":"draft","terms":[],"taxonomy":"translation_priority","extraData":[]},"publishpress_future_workflow_manual_trigger":{"enabledWorkflows":[]},"_links":{"self":[{"href":"https:\/\/www.filtrox.com\/it\/wp-json\/wp\/v2\/pages\/31661","targetHints":{"allow":["GET"]}}],"collection":[{"href":"https:\/\/www.filtrox.com\/it\/wp-json\/wp\/v2\/pages"}],"about":[{"href":"https:\/\/www.filtrox.com\/it\/wp-json\/wp\/v2\/types\/page"}],"author":[{"embeddable":true,"href":"https:\/\/www.filtrox.com\/it\/wp-json\/wp\/v2\/users\/8"}],"replies":[{"embeddable":true,"href":"https:\/\/www.filtrox.com\/it\/wp-json\/wp\/v2\/comments?post=31661"}],"version-history":[{"count":16,"href":"https:\/\/www.filtrox.com\/it\/wp-json\/wp\/v2\/pages\/31661\/revisions"}],"predecessor-version":[{"id":62802,"href":"https:\/\/www.filtrox.com\/it\/wp-json\/wp\/v2\/pages\/31661\/revisions\/62802"}],"up":[{"embeddable":true,"href":"https:\/\/www.filtrox.com\/it\/wp-json\/wp\/v2\/pages\/31443"}],"wp:attachment":[{"href":"https:\/\/www.filtrox.com\/it\/wp-json\/wp\/v2\/media?parent=31661"}],"curies":[{"name":"wp","href":"https:\/\/api.w.org\/{rel}","templated":true}]}}