{"id":31663,"date":"2015-02-17T06:50:35","date_gmt":"2015-02-17T06:50:35","guid":{"rendered":"https:\/\/www.filtrox.com\/servizi\/validation-support\/"},"modified":"2025-01-13T14:37:29","modified_gmt":"2025-01-13T13:37:29","slug":"supporto-convalida","status":"publish","type":"page","link":"https:\/\/www.filtrox.com\/it\/servizi\/supporto-convalida\/","title":{"rendered":"Supporto Convalida"},"content":{"rendered":"<h2>SUPPORTO CONVALIDA<\/h2>\n<p>Molti processi di filtrazione devono essere validati dai nostri clienti.\u00a0 In particolare in settori come quello farmaceutico, alimentare e delle bevande, dove si applicano i pi\u00f9 alti standard di sicurezza e qualit\u00e0. Questo processo di validazione pu\u00f2 spesso essere complesso, richiedere molto tempo e risultare costoso. Ma il nostro team di supporto convalida non vi lascer\u00e0 affrontarlo da soli!<\/p>\n<p>Il nostro team esperto di supporto convalida vi supporta nella pianificazione e nell&#8217;esecuzione della vostra validazione di filtrazione, assicurandosi che soddisfiate in modo efficiente e con successo i requisiti del vostro settore. Garantiamo l&#8217;integrazione ottimale dei prodotti FILTROX nei vostri processi, offrendo supporto esperto per progetti di validazione efficienti e fluidi.<\/p>\n<p>Su richiesta, forniamo le nostre guide di validazione complete per diversi mezzi filtranti. Queste includono informazioni e dati dettagliati per semplificare il vostro processo di validazione e garantire la conformit\u00e0 a tutti gli standard pertinenti. Questo vi consente di risparmiare tempo e risorse, affidandovi alla certezza che i vostri processi di filtrazione funzionano in modo affidabile.<\/p>\n<p>Non esitate a contattarci! Il nostro team di esperti \u00e8 a disposizione per qualsiasi domanda o assistenza di cui possiate avere bisogno. Chiamateci o inviate un&#8217;email all&#8217;indirizzo indicato qui sotto. Siamo impazienti di supportarvi nella validazione e di raggiungere insieme i migliori risultati.<\/p>\n<p>Vi preghiamo di contattarci telefonicamente o tramite e-mail:<\/p>\n<p>Telefono: +41 (0)71 272 91 11<\/p>\n<p>q<!-- q@fi -->m@filt<!-- @abc.de -->rox.com<br \/><a href=\"https:\/\/www.filtrox.com\/it\/contatti\/\">Per ulteriori informazioni di contatto sui nostri uffici globali, cliccate qui \u2192<\/a><\/p>\n\n\n<p><img decoding=\"async\" data-src=\"https:\/\/www.filtrox.com\/wp-content\/uploads\/2021\/03\/DSC03467-Kopie_schmal_b.png\" alt=\"supporto convalida\" width=\"1200\" height=\"478\" src=\"data:image\/svg+xml;base64,PHN2ZyB3aWR0aD0iMSIgaGVpZ2h0PSIxIiB4bWxucz0iaHR0cDovL3d3dy53My5vcmcvMjAwMC9zdmciPjwvc3ZnPg==\" class=\"lazyload\" style=\"--smush-placeholder-width: 1200px; --smush-placeholder-aspect-ratio: 1200\/478;\" \/><\/p>\n","protected":false},"excerpt":{"rendered":"<p>SUPPORTO CONVALIDA Molti processi di filtrazione devono essere validati dai nostri clienti.\u00a0 In particolare in settori come quello farmaceutico, alimentare e delle bevande, dove si applicano i pi\u00f9 alti standard di sicurezza e qualit\u00e0. Questo processo di validazione pu\u00f2 spesso essere complesso, richiedere molto tempo e risultare costoso. Ma il nostro team di supporto convalida &hellip; <a href=\"https:\/\/www.filtrox.com\/it\/servizi\/supporto-convalida\/\" class=\"more-link\">Continue reading <span class=\"screen-reader-text\">Supporto Convalida<\/span> <span class=\"meta-nav\">&rarr;<\/span><\/a><\/p>\n","protected":false},"author":8,"featured_media":0,"parent":31443,"menu_order":131,"comment_status":"closed","ping_status":"closed","template":"template_services.php","meta":{"_acf_changed":false,"advgb_blocks_editor_width":"","advgb_blocks_columns_visual_guide":"","footnotes":""},"class_list":["post-31663","page","type-page","status-publish","hentry"],"acf":[],"yoast_head":"<!-- This site is optimized with the Yoast SEO plugin v26.3 - https:\/\/yoast.com\/wordpress\/plugins\/seo\/ -->\n<title>Supporto convalida per i processi di filtrazione di profondit\u00e0<\/title>\n<meta name=\"description\" content=\"Offriamo prodotti e soluzioni per la filtrazione di profondit\u00e0. Gli esperti del supporto di convalida di FILTROX sono lieti di assistervi.\" \/>\n<meta name=\"robots\" content=\"index, follow, max-snippet:-1, max-image-preview:large, max-video-preview:-1\" \/>\n<link rel=\"canonical\" href=\"https:\/\/www.filtrox.com\/it\/servizi\/supporto-convalida\/\" \/>\n<meta property=\"og:locale\" content=\"it_IT\" \/>\n<meta property=\"og:type\" content=\"article\" \/>\n<meta property=\"og:title\" content=\"Supporto convalida per i processi di filtrazione di profondit\u00e0\" \/>\n<meta property=\"og:description\" content=\"Offriamo prodotti e soluzioni per la filtrazione di profondit\u00e0. Gli esperti del supporto di convalida di FILTROX sono lieti di assistervi.\" \/>\n<meta property=\"og:url\" content=\"https:\/\/www.filtrox.com\/it\/servizi\/supporto-convalida\/\" \/>\n<meta property=\"og:site_name\" content=\"Filtrox\" \/>\n<meta property=\"article:publisher\" content=\"https:\/\/www.facebook.com\/Filtrox-AG-2091458717567633\" \/>\n<meta property=\"article:modified_time\" content=\"2025-01-13T13:37:29+00:00\" \/>\n<meta property=\"og:image\" content=\"https:\/\/www.filtrox.com\/wp-content\/uploads\/2021\/03\/DSC03467-Kopie_schmal_b.png\" \/>\n<meta name=\"twitter:card\" content=\"summary_large_image\" \/>\n<meta name=\"twitter:site\" content=\"@FILTROX1\" \/>\n<meta name=\"twitter:label1\" content=\"Tempo di lettura stimato\" \/>\n\t<meta name=\"twitter:data1\" content=\"2 minuti\" \/>\n<script type=\"application\/ld+json\" class=\"yoast-schema-graph\">{\"@context\":\"https:\/\/schema.org\",\"@graph\":[{\"@type\":\"WebPage\",\"@id\":\"https:\/\/www.filtrox.com\/it\/servizi\/supporto-convalida\/\",\"url\":\"https:\/\/www.filtrox.com\/it\/servizi\/supporto-convalida\/\",\"name\":\"Supporto convalida per i processi di filtrazione di profondit\u00e0\",\"isPartOf\":{\"@id\":\"https:\/\/www.filtrox.com\/#website\"},\"primaryImageOfPage\":{\"@id\":\"https:\/\/www.filtrox.com\/it\/servizi\/supporto-convalida\/#primaryimage\"},\"image\":{\"@id\":\"https:\/\/www.filtrox.com\/it\/servizi\/supporto-convalida\/#primaryimage\"},\"thumbnailUrl\":\"https:\/\/www.filtrox.com\/wp-content\/uploads\/2021\/03\/DSC03467-Kopie_schmal_b.png\",\"datePublished\":\"2015-02-17T06:50:35+00:00\",\"dateModified\":\"2025-01-13T13:37:29+00:00\",\"description\":\"Offriamo prodotti e soluzioni per la filtrazione di profondit\u00e0. Gli esperti del supporto di convalida di FILTROX sono lieti di assistervi.\",\"breadcrumb\":{\"@id\":\"https:\/\/www.filtrox.com\/it\/servizi\/supporto-convalida\/#breadcrumb\"},\"inLanguage\":\"it-IT\",\"potentialAction\":[{\"@type\":\"ReadAction\",\"target\":[\"https:\/\/www.filtrox.com\/it\/servizi\/supporto-convalida\/\"]}]},{\"@type\":\"ImageObject\",\"inLanguage\":\"it-IT\",\"@id\":\"https:\/\/www.filtrox.com\/it\/servizi\/supporto-convalida\/#primaryimage\",\"url\":\"https:\/\/www.filtrox.com\/wp-content\/uploads\/2021\/03\/DSC03467-Kopie_schmal_b.png\",\"contentUrl\":\"https:\/\/www.filtrox.com\/wp-content\/uploads\/2021\/03\/DSC03467-Kopie_schmal_b.png\"},{\"@type\":\"BreadcrumbList\",\"@id\":\"https:\/\/www.filtrox.com\/it\/servizi\/supporto-convalida\/#breadcrumb\",\"itemListElement\":[{\"@type\":\"ListItem\",\"position\":1,\"name\":\"Home\",\"item\":\"https:\/\/www.filtrox.com\/it\/\"},{\"@type\":\"ListItem\",\"position\":2,\"name\":\"Servizi\",\"item\":\"https:\/\/www.filtrox.com\/it\/servizi\/\"},{\"@type\":\"ListItem\",\"position\":3,\"name\":\"Supporto Convalida\"}]},{\"@type\":\"WebSite\",\"@id\":\"https:\/\/www.filtrox.com\/#website\",\"url\":\"https:\/\/www.filtrox.com\/\",\"name\":\"Filtrox\",\"description\":\"DEPTH FILTRATION FOR VALUABLE LIQUIDS.\",\"publisher\":{\"@id\":\"https:\/\/www.filtrox.com\/#organization\"},\"potentialAction\":[{\"@type\":\"SearchAction\",\"target\":{\"@type\":\"EntryPoint\",\"urlTemplate\":\"https:\/\/www.filtrox.com\/?s={search_term_string}\"},\"query-input\":{\"@type\":\"PropertyValueSpecification\",\"valueRequired\":true,\"valueName\":\"search_term_string\"}}],\"inLanguage\":\"it-IT\"},{\"@type\":\"Organization\",\"@id\":\"https:\/\/www.filtrox.com\/#organization\",\"name\":\"Filtrox\",\"alternateName\":\"FX\",\"url\":\"https:\/\/www.filtrox.com\/\",\"logo\":{\"@type\":\"ImageObject\",\"inLanguage\":\"it-IT\",\"@id\":\"https:\/\/www.filtrox.com\/#\/schema\/logo\/image\/\",\"url\":\"https:\/\/www.filtrox.com\/wp-content\/uploads\/2015\/02\/FX-Logo_RGB_0-74-153.jpg\",\"contentUrl\":\"https:\/\/www.filtrox.com\/wp-content\/uploads\/2015\/02\/FX-Logo_RGB_0-74-153.jpg\",\"width\":512,\"height\":512,\"caption\":\"Filtrox\"},\"image\":{\"@id\":\"https:\/\/www.filtrox.com\/#\/schema\/logo\/image\/\"},\"sameAs\":[\"https:\/\/www.facebook.com\/Filtrox-AG-2091458717567633\",\"https:\/\/x.com\/FILTROX1\",\"https:\/\/www.instagram.com\/filtroxag\/\",\"https:\/\/www.linkedin.com\/company\/34636121\/\",\"https:\/\/www.youtube.com\/channel\/UCi3A2_4M_c-CcEst9YJ4U9g\/featured?disable_polymer=1\"]}]}<\/script>\n<!-- \/ Yoast SEO plugin. -->","yoast_head_json":{"title":"Supporto convalida per i processi di filtrazione di profondit\u00e0","description":"Offriamo prodotti e soluzioni per la filtrazione di profondit\u00e0. Gli esperti del supporto di convalida di FILTROX sono lieti di assistervi.","robots":{"index":"index","follow":"follow","max-snippet":"max-snippet:-1","max-image-preview":"max-image-preview:large","max-video-preview":"max-video-preview:-1"},"canonical":"https:\/\/www.filtrox.com\/it\/servizi\/supporto-convalida\/","og_locale":"it_IT","og_type":"article","og_title":"Supporto convalida per i processi di filtrazione di profondit\u00e0","og_description":"Offriamo prodotti e soluzioni per la filtrazione di profondit\u00e0. Gli esperti del supporto di convalida di FILTROX sono lieti di assistervi.","og_url":"https:\/\/www.filtrox.com\/it\/servizi\/supporto-convalida\/","og_site_name":"Filtrox","article_publisher":"https:\/\/www.facebook.com\/Filtrox-AG-2091458717567633","article_modified_time":"2025-01-13T13:37:29+00:00","og_image":[{"url":"https:\/\/www.filtrox.com\/wp-content\/uploads\/2021\/03\/DSC03467-Kopie_schmal_b.png","type":"","width":"","height":""}],"twitter_card":"summary_large_image","twitter_site":"@FILTROX1","twitter_misc":{"Tempo di lettura stimato":"2 minuti"},"schema":{"@context":"https:\/\/schema.org","@graph":[{"@type":"WebPage","@id":"https:\/\/www.filtrox.com\/it\/servizi\/supporto-convalida\/","url":"https:\/\/www.filtrox.com\/it\/servizi\/supporto-convalida\/","name":"Supporto convalida per i processi di filtrazione di profondit\u00e0","isPartOf":{"@id":"https:\/\/www.filtrox.com\/#website"},"primaryImageOfPage":{"@id":"https:\/\/www.filtrox.com\/it\/servizi\/supporto-convalida\/#primaryimage"},"image":{"@id":"https:\/\/www.filtrox.com\/it\/servizi\/supporto-convalida\/#primaryimage"},"thumbnailUrl":"https:\/\/www.filtrox.com\/wp-content\/uploads\/2021\/03\/DSC03467-Kopie_schmal_b.png","datePublished":"2015-02-17T06:50:35+00:00","dateModified":"2025-01-13T13:37:29+00:00","description":"Offriamo prodotti e soluzioni per la filtrazione di profondit\u00e0. Gli esperti del supporto di convalida di FILTROX sono lieti di assistervi.","breadcrumb":{"@id":"https:\/\/www.filtrox.com\/it\/servizi\/supporto-convalida\/#breadcrumb"},"inLanguage":"it-IT","potentialAction":[{"@type":"ReadAction","target":["https:\/\/www.filtrox.com\/it\/servizi\/supporto-convalida\/"]}]},{"@type":"ImageObject","inLanguage":"it-IT","@id":"https:\/\/www.filtrox.com\/it\/servizi\/supporto-convalida\/#primaryimage","url":"https:\/\/www.filtrox.com\/wp-content\/uploads\/2021\/03\/DSC03467-Kopie_schmal_b.png","contentUrl":"https:\/\/www.filtrox.com\/wp-content\/uploads\/2021\/03\/DSC03467-Kopie_schmal_b.png"},{"@type":"BreadcrumbList","@id":"https:\/\/www.filtrox.com\/it\/servizi\/supporto-convalida\/#breadcrumb","itemListElement":[{"@type":"ListItem","position":1,"name":"Home","item":"https:\/\/www.filtrox.com\/it\/"},{"@type":"ListItem","position":2,"name":"Servizi","item":"https:\/\/www.filtrox.com\/it\/servizi\/"},{"@type":"ListItem","position":3,"name":"Supporto Convalida"}]},{"@type":"WebSite","@id":"https:\/\/www.filtrox.com\/#website","url":"https:\/\/www.filtrox.com\/","name":"Filtrox","description":"DEPTH FILTRATION FOR VALUABLE LIQUIDS.","publisher":{"@id":"https:\/\/www.filtrox.com\/#organization"},"potentialAction":[{"@type":"SearchAction","target":{"@type":"EntryPoint","urlTemplate":"https:\/\/www.filtrox.com\/?s={search_term_string}"},"query-input":{"@type":"PropertyValueSpecification","valueRequired":true,"valueName":"search_term_string"}}],"inLanguage":"it-IT"},{"@type":"Organization","@id":"https:\/\/www.filtrox.com\/#organization","name":"Filtrox","alternateName":"FX","url":"https:\/\/www.filtrox.com\/","logo":{"@type":"ImageObject","inLanguage":"it-IT","@id":"https:\/\/www.filtrox.com\/#\/schema\/logo\/image\/","url":"https:\/\/www.filtrox.com\/wp-content\/uploads\/2015\/02\/FX-Logo_RGB_0-74-153.jpg","contentUrl":"https:\/\/www.filtrox.com\/wp-content\/uploads\/2015\/02\/FX-Logo_RGB_0-74-153.jpg","width":512,"height":512,"caption":"Filtrox"},"image":{"@id":"https:\/\/www.filtrox.com\/#\/schema\/logo\/image\/"},"sameAs":["https:\/\/www.facebook.com\/Filtrox-AG-2091458717567633","https:\/\/x.com\/FILTROX1","https:\/\/www.instagram.com\/filtroxag\/","https:\/\/www.linkedin.com\/company\/34636121\/","https:\/\/www.youtube.com\/channel\/UCi3A2_4M_c-CcEst9YJ4U9g\/featured?disable_polymer=1"]}]}},"coauthors":[],"author_meta":{"author_link":"https:\/\/www.filtrox.com\/it\/blog\/author\/fosca-roman\/","display_name":"Fosca Roman"},"relative_dates":{"created":"Pubblicato 11 anni fa","modified":"Aggiornato 1 anno fa"},"absolute_dates":{"created":"Pubblicato il Febbraio 17, 2015","modified":"Aggiornato il Gennaio 13, 2025"},"absolute_dates_time":{"created":"Pubblicato il Febbraio 17, 2015 6:50 am","modified":"Aggiornato il Gennaio 13, 2025 2:37 pm"},"featured_img_caption":"","featured_img":false,"series_order":"","publishpress_future_action":{"enabled":false,"date":"2026-05-01 15:06:40","action":"change-status","newStatus":"draft","terms":[],"taxonomy":"translation_priority","extraData":[]},"publishpress_future_workflow_manual_trigger":{"enabledWorkflows":[]},"_links":{"self":[{"href":"https:\/\/www.filtrox.com\/it\/wp-json\/wp\/v2\/pages\/31663","targetHints":{"allow":["GET"]}}],"collection":[{"href":"https:\/\/www.filtrox.com\/it\/wp-json\/wp\/v2\/pages"}],"about":[{"href":"https:\/\/www.filtrox.com\/it\/wp-json\/wp\/v2\/types\/page"}],"author":[{"embeddable":true,"href":"https:\/\/www.filtrox.com\/it\/wp-json\/wp\/v2\/users\/8"}],"replies":[{"embeddable":true,"href":"https:\/\/www.filtrox.com\/it\/wp-json\/wp\/v2\/comments?post=31663"}],"version-history":[{"count":5,"href":"https:\/\/www.filtrox.com\/it\/wp-json\/wp\/v2\/pages\/31663\/revisions"}],"predecessor-version":[{"id":60629,"href":"https:\/\/www.filtrox.com\/it\/wp-json\/wp\/v2\/pages\/31663\/revisions\/60629"}],"up":[{"embeddable":true,"href":"https:\/\/www.filtrox.com\/it\/wp-json\/wp\/v2\/pages\/31443"}],"wp:attachment":[{"href":"https:\/\/www.filtrox.com\/it\/wp-json\/wp\/v2\/media?parent=31663"}],"curies":[{"name":"wp","href":"https:\/\/api.w.org\/{rel}","templated":true}]}}