{"id":31762,"date":"2019-04-09T14:50:30","date_gmt":"2019-04-09T14:50:30","guid":{"rendered":"https:\/\/www.filtrox.com\/servizi\/filtration-knowledge\/activated-carbon-filtration\/"},"modified":"2025-01-13T08:23:00","modified_gmt":"2025-01-13T07:23:00","slug":"carbone-attivo","status":"publish","type":"page","link":"https:\/\/www.filtrox.com\/it\/servizi\/conoscenza-di-filtrazione\/carbone-attivo\/","title":{"rendered":"Carbone attivo"},"content":{"rendered":"<div class=\"yoast-breadcrumbs\">\t&#8211;\n<span><span><a href=\"https:\/\/www.filtrox.com\/it\/\">Home<\/a><\/span> \u00bb <span><a href=\"https:\/\/www.filtrox.com\/it\/servizi\/\">Servizi<\/a><\/span> \u00bb <span><a href=\"https:\/\/www.filtrox.com\/it\/servizi\/conoscenza-di-filtrazione\/\">Conoscenza della filtrazione<\/a><\/span> \u00bb <span class=\"breadcrumb_last\" aria-current=\"page\"><strong>Carbone attivo<\/strong><\/span><\/span><\/div>\n\n\n<p><img decoding=\"async\" class=\"alignnone lazyload\" title=\"Carbofil for decolorization of liquids with activated carbon\" data-src=\"https:\/\/www.filtrox.com\/wp-content\/uploads\/2021\/08\/Carbofil_header.jpg\" alt=\"decolorization of liquids with activated carbon\" width=\"100%\" height=\"\" src=\"data:image\/svg+xml;base64,PHN2ZyB3aWR0aD0iMSIgaGVpZ2h0PSIxIiB4bWxucz0iaHR0cDovL3d3dy53My5vcmcvMjAwMC9zdmciPjwvc3ZnPg==\" style=\"--smush-placeholder-width: 800px; --smush-placeholder-aspect-ratio: 800\/200;\"><\/p>\n\n\n\n<h2>FILTRAZIONE DI PROFONDIT\u00c0 CON CARBONE ATTIVO<\/h2>\n\n\n\n<p>I carboni attivi in polvere (PAC) svolgono un ruolo fondamentale in una vasta e diversificata gamma di applicazioni. La decolorazione, la deodorizzazione o la rimozione di altre tracce di impurit\u00e0 sono tra le applicazioni pi\u00f9 comuni in cui il PAC \u00e8 ampiamente utilizzato. Le aree di applicazione sono nell&#8217;industria farmaceutica e nell&#8217;industria alimentare e delle bevande. Grazie alle loro caratteristiche di adsorbimento uniche, i PAC sono utilizzati anche nella lavorazione biotecnologica e nella produzione di prodotti chimici fini. Per soddisfare queste diverse esigenze, \u00e8 disponibile un gran numero di carboni attivi. Questi offrono diversi livelli di attivazione, struttura molecolare e livelli di purezza. L&#8217;utilizzo di carbone attivo per la filtrazione in una forma immobilizzata (ad es. in uno strato filtrante di profondit\u00e0 o in un modulo lenticolare) offre vantaggi significativi in termini di manipolazione, pulizia e tempo (risparmio sui costi).<\/p>\n<p>I prodotti ACTIVASORB\u00ae di FILTROX con carbone mettono in evidenza tutti i vantaggi del carbone attivo immobilizzato rispetto al PAC. Inoltre, l&#8217;efficienza di adsorbimento del carbone attivo immobilizzato \u00e8 superiore rispetto a una quantit\u00e0 equivalente di PAC sfuso.<\/p>\n\n\n\n<div style=\"height:25px\" aria-hidden=\"true\" class=\"wp-block-spacer\"><\/div>\n\n\n\n<h2>Distribuzione delle dimensioni dei pori<\/h2>\n\n\n\n<div class=\"wp-block-columns is-layout-flex wp-container-core-columns-is-layout-1 wp-block-columns-is-layout-flex\">\n<div class=\"wp-block-column is-layout-flow wp-block-column-is-layout-flow\" style=\"flex-basis:33.33%\">\n\n\n<figure class=\"wp-block-image size-full\"><a href=\"https:\/\/www.filtrox.com\/wp-content\/uploads\/2023\/05\/Activasorb_graph_05-2023.gif\"><img decoding=\"async\" width=\"800\" height=\"480\" data-src=\"https:\/\/www.filtrox.com\/wp-content\/uploads\/2023\/05\/Activasorb_graph_05-2023.gif\" alt=\"pore size distribution of the Activasorb carbone attivo\" class=\"wp-image-53084 lazyload\" src=\"data:image\/svg+xml;base64,PHN2ZyB3aWR0aD0iMSIgaGVpZ2h0PSIxIiB4bWxucz0iaHR0cDovL3d3dy53My5vcmcvMjAwMC9zdmciPjwvc3ZnPg==\" style=\"--smush-placeholder-width: 800px; --smush-placeholder-aspect-ratio: 800\/480;\" \/><\/a><\/figure>\n<\/div>\n\n\n\n<div class=\"wp-block-column is-layout-flow wp-block-column-is-layout-flow\" style=\"flex-basis:66.66%\">\n<p>Il carbone attivo \u00e8 un materiale adsorbente altamente poroso. Cos\u00ec, i numerosi pori intrappolano i contaminanti organici. Le dimensioni dei pori variano tra micropori, mesopori e macropori. Vari modelli di distribuzione delle dimensioni dei pori tra diversi carboni attivi, a seconda del metodo di attivazione e della fonte di materiale coinvolta. Esempio a destra: la distribuzione delle dimensioni dei pori di ACTIVASORB\u00ae e le aree di applicazione.<\/p>\n<\/div>\n<\/div>\n\n\n\n<div style=\"height:20px\" aria-hidden=\"true\" class=\"wp-block-spacer\"><\/div>\n\n\n<h2>Caratterizzazione dei carboni attivi<\/h2>\n<p>La distribuzione delle dimensioni dei pori di un certo carbone attivo \u00e8 responsabile del suo specifico modello di adsorbimento. Attributi ad es. numero di iodio, adsorbimento blu di metilene e numero di melassa caratterizzano il carbone attivo.\u00a0<\/p>\n<table style=\"border-collapse: collapse; width: 100%;\">\n<tbody>\n<tr>\n<td style=\"width: 33.3333%;\">\n<figure style=\"width: 200px\" class=\"wp-caption alignnone\"><img decoding=\"async\" data-src=\"https:\/\/www.filtrox.com\/wp-content\/uploads\/2018\/12\/Activated_Carbon_Bild_03_03.gif\" alt=\"&quot;Molasses, carbone attivo\" width=\"200\" height=\"211\" src=\"data:image\/svg+xml;base64,PHN2ZyB3aWR0aD0iMSIgaGVpZ2h0PSIxIiB4bWxucz0iaHR0cDovL3d3dy53My5vcmcvMjAwMC9zdmciPjwvc3ZnPg==\" class=\"lazyload\" style=\"--smush-placeholder-width: 200px; --smush-placeholder-aspect-ratio: 200\/211;\" \/><figcaption class=\"wp-caption-text\">Molasses Index Macropore (r &gt; 25 nm)<\/figcaption><\/figure>\n<\/td>\n<td style=\"width: 33.3333%;\">\n<figure style=\"width: 200px\" class=\"wp-caption alignnone\"><img decoding=\"async\" data-src=\"https:\/\/www.filtrox.com\/wp-content\/uploads\/2018\/12\/Activated_Carbon_Bild_02_03.gif\" alt=\"Methylene blue Mesopore (1 &lt; r &lt; 25 nm) carbone attivo\" width=\"200\" height=\"203\" src=\"data:image\/svg+xml;base64,PHN2ZyB3aWR0aD0iMSIgaGVpZ2h0PSIxIiB4bWxucz0iaHR0cDovL3d3dy53My5vcmcvMjAwMC9zdmciPjwvc3ZnPg==\" class=\"lazyload\" style=\"--smush-placeholder-width: 200px; --smush-placeholder-aspect-ratio: 200\/203;\" \/><figcaption class=\"wp-caption-text\">Methylene blue Mesopore (1 &lt; r &lt; 25 nm)<\/figcaption><\/figure>\n<\/td>\n<td style=\"width: 33.3333%;\">\n<figure style=\"width: 200px\" class=\"wp-caption alignnone\"><img decoding=\"async\" data-src=\"https:\/\/www.filtrox.com\/wp-content\/uploads\/2018\/12\/Activated_Carbon_Bild_01_03.gif\" alt=\"Iodine Index Micropore (r &lt; 1 nm) carbone attico\" width=\"200\" height=\"202\" src=\"data:image\/svg+xml;base64,PHN2ZyB3aWR0aD0iMSIgaGVpZ2h0PSIxIiB4bWxucz0iaHR0cDovL3d3dy53My5vcmcvMjAwMC9zdmciPjwvc3ZnPg==\" class=\"lazyload\" style=\"--smush-placeholder-width: 200px; --smush-placeholder-aspect-ratio: 200\/202;\" \/><figcaption class=\"wp-caption-text\">Iodine Index Micropore (r &lt; 1 nm)<\/figcaption><\/figure>\n<\/td>\n<\/tr>\n<\/tbody>\n<\/table>\n\n\n<h2>Videos<\/h2>\n\n\n\n<figure class=\"wp-block-embed aligncenter is-type-video is-provider-youtube wp-block-embed-youtube wp-embed-aspect-16-9 wp-has-aspect-ratio\"><div class=\"wp-block-embed__wrapper\">\n<iframe title=\"ACTIVASORB\u00ae, filtration with activated carbon - short - FILTROX 2023\" width=\"604\" height=\"340\" data-src=\"https:\/\/www.youtube.com\/embed\/twrHotb-jK8?feature=oembed\" frameborder=\"0\" allow=\"accelerometer; autoplay; clipboard-write; encrypted-media; gyroscope; picture-in-picture; web-share\" referrerpolicy=\"strict-origin-when-cross-origin\" allowfullscreen src=\"data:image\/svg+xml;base64,PHN2ZyB3aWR0aD0iMSIgaGVpZ2h0PSIxIiB4bWxucz0iaHR0cDovL3d3dy53My5vcmcvMjAwMC9zdmciPjwvc3ZnPg==\" class=\"lazyload\" data-load-mode=\"1\"><\/iframe>\n<\/div><\/figure>\n\n\n\n<figure class=\"wp-block-embed aligncenter is-type-video is-provider-youtube wp-block-embed-youtube wp-embed-aspect-16-9 wp-has-aspect-ratio\"><div class=\"wp-block-embed__wrapper\">\n<iframe title=\"Decolorization of liquids with ACTIVASORB\u00ae carbon pads\" width=\"604\" height=\"340\" data-src=\"https:\/\/www.youtube.com\/embed\/h6BsmhnPqHw?feature=oembed\" frameborder=\"0\" allow=\"accelerometer; autoplay; clipboard-write; encrypted-media; gyroscope; picture-in-picture; web-share\" referrerpolicy=\"strict-origin-when-cross-origin\" allowfullscreen src=\"data:image\/svg+xml;base64,PHN2ZyB3aWR0aD0iMSIgaGVpZ2h0PSIxIiB4bWxucz0iaHR0cDovL3d3dy53My5vcmcvMjAwMC9zdmciPjwvc3ZnPg==\" class=\"lazyload\" data-load-mode=\"1\"><\/iframe>\n<\/div><\/figure>\n\n\n\n<div style=\"height:20px\" aria-hidden=\"true\" class=\"wp-block-spacer\"><\/div>\n","protected":false},"excerpt":{"rendered":"<p>FILTRAZIONE DI PROFONDIT\u00c0 CON CARBONE ATTIVO I carboni attivi in polvere (PAC) svolgono un ruolo fondamentale in una vasta e diversificata gamma di applicazioni. La decolorazione, la deodorizzazione o la rimozione di altre tracce di impurit\u00e0 sono tra le applicazioni pi\u00f9 comuni in cui il PAC \u00e8 ampiamente utilizzato. Le aree di applicazione sono nell&#8217;industria &hellip; <a href=\"https:\/\/www.filtrox.com\/it\/servizi\/conoscenza-di-filtrazione\/carbone-attivo\/\" class=\"more-link\">Continue reading <span class=\"screen-reader-text\">Carbone attivo<\/span> <span class=\"meta-nav\">&rarr;<\/span><\/a><\/p>\n","protected":false},"author":8,"featured_media":0,"parent":31655,"menu_order":71,"comment_status":"closed","ping_status":"open","template":"","meta":{"_acf_changed":false,"advgb_blocks_editor_width":"","advgb_blocks_columns_visual_guide":"","footnotes":""},"class_list":["post-31762","page","type-page","status-publish","hentry"],"acf":[],"yoast_head":"<!-- This site is optimized with the Yoast SEO plugin v26.3 - https:\/\/yoast.com\/wordpress\/plugins\/seo\/ -->\n<title>Carbone attivo per la filtrazione in profondit\u00e0 di liquidi - FILTROX<\/title>\n<meta name=\"description\" content=\"La decolorazione, deodorizzazione o la rimozione di impurit\u00e0 in tracce sono le applicazioni di filtrazione pi\u00f9 comuni con carbone attivo.\" \/>\n<meta name=\"robots\" content=\"index, follow, max-snippet:-1, max-image-preview:large, max-video-preview:-1\" \/>\n<link rel=\"canonical\" href=\"https:\/\/www.filtrox.com\/it\/servizi\/conoscenza-di-filtrazione\/carbone-attivo\/\" \/>\n<meta property=\"og:locale\" content=\"it_IT\" \/>\n<meta property=\"og:type\" content=\"article\" \/>\n<meta property=\"og:title\" content=\"Carbone attivo per la filtrazione in profondit\u00e0 di liquidi - FILTROX\" \/>\n<meta property=\"og:description\" content=\"La decolorazione, deodorizzazione o la rimozione di impurit\u00e0 in tracce sono le applicazioni di filtrazione pi\u00f9 comuni con carbone attivo.\" \/>\n<meta property=\"og:url\" content=\"https:\/\/www.filtrox.com\/it\/servizi\/conoscenza-di-filtrazione\/carbone-attivo\/\" \/>\n<meta property=\"og:site_name\" content=\"Filtrox\" \/>\n<meta property=\"article:publisher\" content=\"https:\/\/www.facebook.com\/Filtrox-AG-2091458717567633\" \/>\n<meta property=\"article:modified_time\" content=\"2025-01-13T07:23:00+00:00\" \/>\n<meta property=\"og:image\" content=\"https:\/\/www.filtrox.com\/wp-content\/uploads\/2021\/08\/Carbofil_header.jpg\" \/>\n<meta name=\"twitter:card\" content=\"summary_large_image\" \/>\n<meta name=\"twitter:site\" content=\"@FILTROX1\" \/>\n<meta name=\"twitter:label1\" content=\"Tempo di lettura stimato\" \/>\n\t<meta name=\"twitter:data1\" content=\"3 minuti\" \/>\n<script type=\"application\/ld+json\" class=\"yoast-schema-graph\">{\"@context\":\"https:\/\/schema.org\",\"@graph\":[{\"@type\":\"WebPage\",\"@id\":\"https:\/\/www.filtrox.com\/it\/servizi\/conoscenza-di-filtrazione\/carbone-attivo\/\",\"url\":\"https:\/\/www.filtrox.com\/it\/servizi\/conoscenza-di-filtrazione\/carbone-attivo\/\",\"name\":\"Carbone attivo per la filtrazione in profondit\u00e0 di liquidi - FILTROX\",\"isPartOf\":{\"@id\":\"https:\/\/www.filtrox.com\/#website\"},\"primaryImageOfPage\":{\"@id\":\"https:\/\/www.filtrox.com\/it\/servizi\/conoscenza-di-filtrazione\/carbone-attivo\/#primaryimage\"},\"image\":{\"@id\":\"https:\/\/www.filtrox.com\/it\/servizi\/conoscenza-di-filtrazione\/carbone-attivo\/#primaryimage\"},\"thumbnailUrl\":\"https:\/\/www.filtrox.com\/wp-content\/uploads\/2021\/08\/Carbofil_header.jpg\",\"datePublished\":\"2019-04-09T14:50:30+00:00\",\"dateModified\":\"2025-01-13T07:23:00+00:00\",\"description\":\"La decolorazione, deodorizzazione o la rimozione di impurit\u00e0 in tracce sono le applicazioni di filtrazione pi\u00f9 comuni con carbone attivo.\",\"breadcrumb\":{\"@id\":\"https:\/\/www.filtrox.com\/it\/servizi\/conoscenza-di-filtrazione\/carbone-attivo\/#breadcrumb\"},\"inLanguage\":\"it-IT\",\"potentialAction\":[{\"@type\":\"ReadAction\",\"target\":[\"https:\/\/www.filtrox.com\/it\/servizi\/conoscenza-di-filtrazione\/carbone-attivo\/\"]}]},{\"@type\":\"ImageObject\",\"inLanguage\":\"it-IT\",\"@id\":\"https:\/\/www.filtrox.com\/it\/servizi\/conoscenza-di-filtrazione\/carbone-attivo\/#primaryimage\",\"url\":\"https:\/\/www.filtrox.com\/wp-content\/uploads\/2021\/08\/Carbofil_header.jpg\",\"contentUrl\":\"https:\/\/www.filtrox.com\/wp-content\/uploads\/2021\/08\/Carbofil_header.jpg\"},{\"@type\":\"BreadcrumbList\",\"@id\":\"https:\/\/www.filtrox.com\/it\/servizi\/conoscenza-di-filtrazione\/carbone-attivo\/#breadcrumb\",\"itemListElement\":[{\"@type\":\"ListItem\",\"position\":1,\"name\":\"Home\",\"item\":\"https:\/\/www.filtrox.com\/it\/\"},{\"@type\":\"ListItem\",\"position\":2,\"name\":\"Servizi\",\"item\":\"https:\/\/www.filtrox.com\/it\/servizi\/\"},{\"@type\":\"ListItem\",\"position\":3,\"name\":\"Conoscenza della filtrazione\",\"item\":\"https:\/\/www.filtrox.com\/it\/servizi\/conoscenza-di-filtrazione\/\"},{\"@type\":\"ListItem\",\"position\":4,\"name\":\"Carbone attivo\"}]},{\"@type\":\"WebSite\",\"@id\":\"https:\/\/www.filtrox.com\/#website\",\"url\":\"https:\/\/www.filtrox.com\/\",\"name\":\"Filtrox\",\"description\":\"DEPTH FILTRATION FOR VALUABLE LIQUIDS.\",\"publisher\":{\"@id\":\"https:\/\/www.filtrox.com\/#organization\"},\"potentialAction\":[{\"@type\":\"SearchAction\",\"target\":{\"@type\":\"EntryPoint\",\"urlTemplate\":\"https:\/\/www.filtrox.com\/?s={search_term_string}\"},\"query-input\":{\"@type\":\"PropertyValueSpecification\",\"valueRequired\":true,\"valueName\":\"search_term_string\"}}],\"inLanguage\":\"it-IT\"},{\"@type\":\"Organization\",\"@id\":\"https:\/\/www.filtrox.com\/#organization\",\"name\":\"Filtrox\",\"alternateName\":\"FX\",\"url\":\"https:\/\/www.filtrox.com\/\",\"logo\":{\"@type\":\"ImageObject\",\"inLanguage\":\"it-IT\",\"@id\":\"https:\/\/www.filtrox.com\/#\/schema\/logo\/image\/\",\"url\":\"https:\/\/www.filtrox.com\/wp-content\/uploads\/2015\/02\/FX-Logo_RGB_0-74-153.jpg\",\"contentUrl\":\"https:\/\/www.filtrox.com\/wp-content\/uploads\/2015\/02\/FX-Logo_RGB_0-74-153.jpg\",\"width\":512,\"height\":512,\"caption\":\"Filtrox\"},\"image\":{\"@id\":\"https:\/\/www.filtrox.com\/#\/schema\/logo\/image\/\"},\"sameAs\":[\"https:\/\/www.facebook.com\/Filtrox-AG-2091458717567633\",\"https:\/\/x.com\/FILTROX1\",\"https:\/\/www.instagram.com\/filtroxag\/\",\"https:\/\/www.linkedin.com\/company\/34636121\/\",\"https:\/\/www.youtube.com\/channel\/UCi3A2_4M_c-CcEst9YJ4U9g\/featured?disable_polymer=1\"]}]}<\/script>\n<!-- \/ Yoast SEO plugin. -->","yoast_head_json":{"title":"Carbone attivo per la filtrazione in profondit\u00e0 di liquidi - FILTROX","description":"La decolorazione, deodorizzazione o la rimozione di impurit\u00e0 in tracce sono le applicazioni di filtrazione pi\u00f9 comuni con carbone attivo.","robots":{"index":"index","follow":"follow","max-snippet":"max-snippet:-1","max-image-preview":"max-image-preview:large","max-video-preview":"max-video-preview:-1"},"canonical":"https:\/\/www.filtrox.com\/it\/servizi\/conoscenza-di-filtrazione\/carbone-attivo\/","og_locale":"it_IT","og_type":"article","og_title":"Carbone attivo per la filtrazione in profondit\u00e0 di liquidi - FILTROX","og_description":"La decolorazione, deodorizzazione o la rimozione di impurit\u00e0 in tracce sono le applicazioni di filtrazione pi\u00f9 comuni con carbone attivo.","og_url":"https:\/\/www.filtrox.com\/it\/servizi\/conoscenza-di-filtrazione\/carbone-attivo\/","og_site_name":"Filtrox","article_publisher":"https:\/\/www.facebook.com\/Filtrox-AG-2091458717567633","article_modified_time":"2025-01-13T07:23:00+00:00","og_image":[{"url":"https:\/\/www.filtrox.com\/wp-content\/uploads\/2021\/08\/Carbofil_header.jpg","type":"","width":"","height":""}],"twitter_card":"summary_large_image","twitter_site":"@FILTROX1","twitter_misc":{"Tempo di lettura stimato":"3 minuti"},"schema":{"@context":"https:\/\/schema.org","@graph":[{"@type":"WebPage","@id":"https:\/\/www.filtrox.com\/it\/servizi\/conoscenza-di-filtrazione\/carbone-attivo\/","url":"https:\/\/www.filtrox.com\/it\/servizi\/conoscenza-di-filtrazione\/carbone-attivo\/","name":"Carbone attivo per la filtrazione in profondit\u00e0 di liquidi - FILTROX","isPartOf":{"@id":"https:\/\/www.filtrox.com\/#website"},"primaryImageOfPage":{"@id":"https:\/\/www.filtrox.com\/it\/servizi\/conoscenza-di-filtrazione\/carbone-attivo\/#primaryimage"},"image":{"@id":"https:\/\/www.filtrox.com\/it\/servizi\/conoscenza-di-filtrazione\/carbone-attivo\/#primaryimage"},"thumbnailUrl":"https:\/\/www.filtrox.com\/wp-content\/uploads\/2021\/08\/Carbofil_header.jpg","datePublished":"2019-04-09T14:50:30+00:00","dateModified":"2025-01-13T07:23:00+00:00","description":"La decolorazione, deodorizzazione o la rimozione di impurit\u00e0 in tracce sono le applicazioni di filtrazione pi\u00f9 comuni con carbone attivo.","breadcrumb":{"@id":"https:\/\/www.filtrox.com\/it\/servizi\/conoscenza-di-filtrazione\/carbone-attivo\/#breadcrumb"},"inLanguage":"it-IT","potentialAction":[{"@type":"ReadAction","target":["https:\/\/www.filtrox.com\/it\/servizi\/conoscenza-di-filtrazione\/carbone-attivo\/"]}]},{"@type":"ImageObject","inLanguage":"it-IT","@id":"https:\/\/www.filtrox.com\/it\/servizi\/conoscenza-di-filtrazione\/carbone-attivo\/#primaryimage","url":"https:\/\/www.filtrox.com\/wp-content\/uploads\/2021\/08\/Carbofil_header.jpg","contentUrl":"https:\/\/www.filtrox.com\/wp-content\/uploads\/2021\/08\/Carbofil_header.jpg"},{"@type":"BreadcrumbList","@id":"https:\/\/www.filtrox.com\/it\/servizi\/conoscenza-di-filtrazione\/carbone-attivo\/#breadcrumb","itemListElement":[{"@type":"ListItem","position":1,"name":"Home","item":"https:\/\/www.filtrox.com\/it\/"},{"@type":"ListItem","position":2,"name":"Servizi","item":"https:\/\/www.filtrox.com\/it\/servizi\/"},{"@type":"ListItem","position":3,"name":"Conoscenza della filtrazione","item":"https:\/\/www.filtrox.com\/it\/servizi\/conoscenza-di-filtrazione\/"},{"@type":"ListItem","position":4,"name":"Carbone attivo"}]},{"@type":"WebSite","@id":"https:\/\/www.filtrox.com\/#website","url":"https:\/\/www.filtrox.com\/","name":"Filtrox","description":"DEPTH FILTRATION FOR VALUABLE LIQUIDS.","publisher":{"@id":"https:\/\/www.filtrox.com\/#organization"},"potentialAction":[{"@type":"SearchAction","target":{"@type":"EntryPoint","urlTemplate":"https:\/\/www.filtrox.com\/?s={search_term_string}"},"query-input":{"@type":"PropertyValueSpecification","valueRequired":true,"valueName":"search_term_string"}}],"inLanguage":"it-IT"},{"@type":"Organization","@id":"https:\/\/www.filtrox.com\/#organization","name":"Filtrox","alternateName":"FX","url":"https:\/\/www.filtrox.com\/","logo":{"@type":"ImageObject","inLanguage":"it-IT","@id":"https:\/\/www.filtrox.com\/#\/schema\/logo\/image\/","url":"https:\/\/www.filtrox.com\/wp-content\/uploads\/2015\/02\/FX-Logo_RGB_0-74-153.jpg","contentUrl":"https:\/\/www.filtrox.com\/wp-content\/uploads\/2015\/02\/FX-Logo_RGB_0-74-153.jpg","width":512,"height":512,"caption":"Filtrox"},"image":{"@id":"https:\/\/www.filtrox.com\/#\/schema\/logo\/image\/"},"sameAs":["https:\/\/www.facebook.com\/Filtrox-AG-2091458717567633","https:\/\/x.com\/FILTROX1","https:\/\/www.instagram.com\/filtroxag\/","https:\/\/www.linkedin.com\/company\/34636121\/","https:\/\/www.youtube.com\/channel\/UCi3A2_4M_c-CcEst9YJ4U9g\/featured?disable_polymer=1"]}]}},"coauthors":[],"author_meta":{"author_link":"https:\/\/www.filtrox.com\/it\/blog\/author\/fosca-roman\/","display_name":"Fosca Roman"},"relative_dates":{"created":"Pubblicato 7 anni fa","modified":"Aggiornato 1 anno fa"},"absolute_dates":{"created":"Pubblicato il Aprile 9, 2019","modified":"Aggiornato il Gennaio 13, 2025"},"absolute_dates_time":{"created":"Pubblicato il Aprile 9, 2019 2:50 pm","modified":"Aggiornato il Gennaio 13, 2025 8:23 am"},"featured_img_caption":"","featured_img":false,"series_order":"","publishpress_future_action":{"enabled":false,"date":"2026-05-05 19:14:57","action":"change-status","newStatus":"draft","terms":[],"taxonomy":"translation_priority","extraData":[]},"publishpress_future_workflow_manual_trigger":{"enabledWorkflows":[]},"_links":{"self":[{"href":"https:\/\/www.filtrox.com\/it\/wp-json\/wp\/v2\/pages\/31762","targetHints":{"allow":["GET"]}}],"collection":[{"href":"https:\/\/www.filtrox.com\/it\/wp-json\/wp\/v2\/pages"}],"about":[{"href":"https:\/\/www.filtrox.com\/it\/wp-json\/wp\/v2\/types\/page"}],"author":[{"embeddable":true,"href":"https:\/\/www.filtrox.com\/it\/wp-json\/wp\/v2\/users\/8"}],"replies":[{"embeddable":true,"href":"https:\/\/www.filtrox.com\/it\/wp-json\/wp\/v2\/comments?post=31762"}],"version-history":[{"count":11,"href":"https:\/\/www.filtrox.com\/it\/wp-json\/wp\/v2\/pages\/31762\/revisions"}],"predecessor-version":[{"id":60565,"href":"https:\/\/www.filtrox.com\/it\/wp-json\/wp\/v2\/pages\/31762\/revisions\/60565"}],"up":[{"embeddable":true,"href":"https:\/\/www.filtrox.com\/it\/wp-json\/wp\/v2\/pages\/31655"}],"wp:attachment":[{"href":"https:\/\/www.filtrox.com\/it\/wp-json\/wp\/v2\/media?parent=31762"}],"curies":[{"name":"wp","href":"https:\/\/api.w.org\/{rel}","templated":true}]}}