{"id":31769,"date":"2018-12-10T13:52:30","date_gmt":"2018-12-10T13:52:30","guid":{"rendered":"https:\/\/www.filtrox.com\/servizi\/filtration-knowledge\/filtrox-depth-filtration\/"},"modified":"2025-01-13T08:41:14","modified_gmt":"2025-01-13T07:41:14","slug":"filtrazione-di-profondita","status":"publish","type":"page","link":"https:\/\/www.filtrox.com\/it\/servizi\/filtrazione-di-profondita\/","title":{"rendered":"Filtrazione di profondit\u00e0"},"content":{"rendered":"<div class=\"yoast-breadcrumbs\">\t&#8211;\n<span><span><a href=\"https:\/\/www.filtrox.com\/it\/\">Home<\/a><\/span> \u00bb <span><a href=\"https:\/\/www.filtrox.com\/it\/servizi\/\">Servizi<\/a><\/span> \u00bb <span class=\"breadcrumb_last\" aria-current=\"page\"><strong>Filtrazione di profondit\u00e0<\/strong><\/span><\/span><\/div>\n\n\n<div style=\"height:30px\" aria-hidden=\"true\" class=\"wp-block-spacer\"><\/div>\n\n\n\n<h2>FILTRAZIONE DI PROFONDIT\u00c0<\/h2>\n<p>I filtri di profondit\u00e0 rimuovono le particelle da un liquido. In altre parole, i liquidi possono essere filtrati limpidi, fini o sterili. I media filtranti &#8220;spessi&#8221; per la filtrazione di profondit\u00e0 hanno uno spessore compreso tra 2,5 e 4,5 mm. Le particelle vengono trattenute utilizzando due principi di filtrazione:<\/p>\n<p>in primo luogo:\u00a0 filtrazione superficiale e<br \/>in secondo luogo: filtrazione di profondit\u00e0<\/p>\n<p>Il liquido scorre attraverso una rete di fibre asimmetriche tridimensionali nel filtro di profondit\u00e0. Gli effetti meccanici ed elettrocinetici trattengono i componenti solidi. Ci\u00f2 aumenta notevolmente la capacit\u00e0 di aspirazione e adsorbimento.<\/p>\n<p>Lo scopo di un processo di filtrazione \u00e8 purificare un liquido (filtrato) o trattenere i solidi (retentato). La filtrazione di profondit\u00e0 si concentra principalmente sulla produzione di filtrato liquido.<\/p>\n\n\n\n<h2>Strati filtranti<\/h2>\n<p>I strati filtranti sono costituiti da una combinazione di fibre particolarmente ricettive come la cellulosa e coadiuvanti filtranti polverosi e anorganici come farina fossile e\/o perlite. Si puo specificare il tasso di ritenzione in base al metodo di macinazione e al volume e al tipo di materiale di base utilizzato come ausilio per il filtro. Piccole quantit\u00e0 aggiunte di resina polimerica agiscono come un agente di resistenza all&#8217;umidit\u00e0. A seconda del tipo di resina polimerica, viene prodotta una carica positiva minore o maggiore, chiamata anche &#8220;potenziale zeta&#8221; \u2013 quando passa attraverso il foglio del filtro. La carica positiva migliora l&#8217;assorbimento di piccole particelle o microrganismi caricati negativamente.<\/p>\n<p>Il volume di assorbimento interno di un tipico strato filtrante di profondit\u00e0 \u00e8 fino a 4 l\/m<sup>2<\/sup> di superficie filtrante. Un filtro a strati contiene durante il processo di filtrazione pi\u00f9 strati filtranti di profondit\u00e0, allineati uno dopo l&#8217;altro. In questo modo uno spazio relativamente piccolo pu\u00f2 ospitare un&#8217;ampia area filtrante.<\/p>\n<p>Un altro metodo per utilizzare i strati filtranti di profondit\u00e0 in modo meno dispendioso in termini di tempo e pi\u00f9 semplice \u00e8 utilizzare i moduli di filtri di profondit\u00e0. Questo metodo consiste in un alloggiamento del filtro con un pacchetto di filtri precaricato. I moduli filtranti di profondit\u00e0 sono esauriti quando la matrice interna \u00e8 piena di particelle di liquami. Un&#8217;indicazione di ci\u00f2 \u00e8 la crescente differenza di pressione tra l&#8217;ingresso (non filtrato) e l&#8217;uscita (filtrato). Anche una portata inferiore del liquido (1,5 bar per la filtrazione sterile; 2,5 \u2013 3 bar per la filtrazione chiarificatrice) \u00e8 indice di esaurimento. In determinate circostanze \u00e8 possibile la rigenerazione del filtro.<\/p>\n\n\n\n<h2>Ausilari per la filtrazione<\/h2>\n<p>Con carichi di particelle elevati (circa 1,5%), i filtri di profondit\u00e0 standard possono accecare rapidamente. Utilizzando un coadiuvante di filtraggio come la farina fossile (processo di filtrazione alluvionale), \u00e8 possibile aumentare la capacit\u00e0. Con la filtrazione alluvionale, i coadiuvanti di filtrazione vengono sospesi in un liquido e quindi fatti galleggiare su un strato di supporto in un filtro a piastra e telaio per formare una torta filtrante. Quando si esegue questa operazione, i strati di supporto stessi non funzionano come filtri, ma semplicemente come supporto per i panelli filtranti, che \u00e8 il luogo in cui avviene l&#8217;effettiva rimozione del liquame.<\/p>\n<p>La separazione delle particelle in questo processo utilizza un meccanismo simile a quello con i strati filtranti. Allo stesso modo, come per la filtrazione a strati, un aumento della pressione differenziale indica l&#8217;esaurimento della configurazione del filtro.<\/p>\n<p>Poich\u00e9 la torta del filtro \u00e8 solitamente pi\u00f9 spessa dei strati filtranti, i filtri alluvionali hanno una durata maggiore grazie alla loro maggiore capacit\u00e0 di assorbimento. A seconda della natura dell&#8217;impasto liquido, \u00e8 possibile la rimozione e lo smaltimento del panello di filtrazione.<\/p>\n\n\n\n<p><img decoding=\"async\" data-src=\"https:\/\/www.filtrox.com\/wp-content\/uploads\/2018\/12\/CarbonPadDiagramC-ot-e1544600874820.gif\" alt=\"filtrazione aluvionale\" width=\"200\" height=\"257\" src=\"data:image\/svg+xml;base64,PHN2ZyB3aWR0aD0iMSIgaGVpZ2h0PSIxIiB4bWxucz0iaHR0cDovL3d3dy53My5vcmcvMjAwMC9zdmciPjwvc3ZnPg==\" class=\"lazyload\" style=\"--smush-placeholder-width: 200px; --smush-placeholder-aspect-ratio: 200\/257;\" \/>\u00a0 \u00a0 \u00a0<img decoding=\"async\" data-src=\"https:\/\/www.filtrox.com\/wp-content\/uploads\/2018\/12\/CarbonPadDiagramB-ot-e1544600941481.gif\" alt=\"filtrazione in profondit\u00e0\" width=\"200\" height=\"252\" src=\"data:image\/svg+xml;base64,PHN2ZyB3aWR0aD0iMSIgaGVpZ2h0PSIxIiB4bWxucz0iaHR0cDovL3d3dy53My5vcmcvMjAwMC9zdmciPjwvc3ZnPg==\" class=\"lazyload\" style=\"--smush-placeholder-width: 200px; --smush-placeholder-aspect-ratio: 200\/252;\" \/>\u00a0 \u00a0 \u00a0<img decoding=\"async\" data-src=\"https:\/\/www.filtrox.com\/wp-content\/uploads\/2018\/12\/CarbonPadDiagramA-ot-e1544600978518.gif\" alt=\"filtrazione di superficie\" width=\"200\" height=\"253\" src=\"data:image\/svg+xml;base64,PHN2ZyB3aWR0aD0iMSIgaGVpZ2h0PSIxIiB4bWxucz0iaHR0cDovL3d3dy53My5vcmcvMjAwMC9zdmciPjwvc3ZnPg==\" class=\"lazyload\" style=\"--smush-placeholder-width: 200px; --smush-placeholder-aspect-ratio: 200\/253;\" \/>\u00a0 \u00a0 \u00a0<img decoding=\"async\" data-src=\"https:\/\/www.filtrox.com\/wp-content\/uploads\/2018\/12\/CarbonPadDiagram_Legende.gif\" alt=\"legenda\" width=\"339\" height=\"163\" src=\"data:image\/svg+xml;base64,PHN2ZyB3aWR0aD0iMSIgaGVpZ2h0PSIxIiB4bWxucz0iaHR0cDovL3d3dy53My5vcmcvMjAwMC9zdmciPjwvc3ZnPg==\" class=\"lazyload\" style=\"--smush-placeholder-width: 339px; --smush-placeholder-aspect-ratio: 339\/163;\" \/><\/p>\n","protected":false},"excerpt":{"rendered":"<p>FILTRAZIONE DI PROFONDIT\u00c0 I filtri di profondit\u00e0 rimuovono le particelle da un liquido. In altre parole, i liquidi possono essere filtrati limpidi, fini o sterili. I media filtranti &#8220;spessi&#8221; per la filtrazione di profondit\u00e0 hanno uno spessore compreso tra 2,5 e 4,5 mm. Le particelle vengono trattenute utilizzando due principi di filtrazione: in primo luogo:\u00a0 &hellip; <a href=\"https:\/\/www.filtrox.com\/it\/servizi\/filtrazione-di-profondita\/\" class=\"more-link\">Continue reading <span class=\"screen-reader-text\">Filtrazione di profondit\u00e0<\/span> <span class=\"meta-nav\">&rarr;<\/span><\/a><\/p>\n","protected":false},"author":8,"featured_media":0,"parent":31443,"menu_order":83,"comment_status":"closed","ping_status":"closed","template":"template_services.php","meta":{"_acf_changed":false,"advgb_blocks_editor_width":"","advgb_blocks_columns_visual_guide":"","footnotes":""},"class_list":["post-31769","page","type-page","status-publish","hentry"],"acf":[],"yoast_head":"<!-- This site is optimized with the Yoast SEO plugin v26.3 - https:\/\/yoast.com\/wordpress\/plugins\/seo\/ -->\n<title>Filtrazione di profondit\u00e0 - FILTROX - per la filtrazione di liquidi<\/title>\n<meta name=\"description\" content=\"FILTRAZIONE DI PROFONDIT\u00c0 rimuove le particelle da un liquido. I liquidi possono essere filtrati limpidi, fini o sterili.\" \/>\n<meta name=\"robots\" content=\"index, follow, max-snippet:-1, max-image-preview:large, max-video-preview:-1\" \/>\n<link rel=\"canonical\" href=\"https:\/\/www.filtrox.com\/it\/servizi\/filtrazione-di-profondita\/\" \/>\n<meta property=\"og:locale\" content=\"it_IT\" \/>\n<meta property=\"og:type\" content=\"article\" \/>\n<meta property=\"og:title\" content=\"Filtrazione di profondit\u00e0 - FILTROX - per la filtrazione di liquidi\" \/>\n<meta property=\"og:description\" content=\"FILTRAZIONE DI PROFONDIT\u00c0 rimuove le particelle da un liquido. I liquidi possono essere filtrati limpidi, fini o sterili.\" \/>\n<meta property=\"og:url\" content=\"https:\/\/www.filtrox.com\/it\/servizi\/filtrazione-di-profondita\/\" \/>\n<meta property=\"og:site_name\" content=\"Filtrox\" \/>\n<meta property=\"article:publisher\" content=\"https:\/\/www.facebook.com\/Filtrox-AG-2091458717567633\" \/>\n<meta property=\"article:modified_time\" content=\"2025-01-13T07:41:14+00:00\" \/>\n<meta property=\"og:image\" content=\"https:\/\/www.filtrox.com\/wp-content\/uploads\/2018\/12\/CarbonPadDiagramC-ot-e1544600874820.gif\" \/>\n<meta name=\"twitter:card\" content=\"summary_large_image\" \/>\n<meta name=\"twitter:site\" content=\"@FILTROX1\" \/>\n<meta name=\"twitter:label1\" content=\"Tempo di lettura stimato\" \/>\n\t<meta name=\"twitter:data1\" content=\"4 minuti\" \/>\n<script type=\"application\/ld+json\" class=\"yoast-schema-graph\">{\"@context\":\"https:\/\/schema.org\",\"@graph\":[{\"@type\":\"WebPage\",\"@id\":\"https:\/\/www.filtrox.com\/it\/servizi\/filtrazione-di-profondita\/\",\"url\":\"https:\/\/www.filtrox.com\/it\/servizi\/filtrazione-di-profondita\/\",\"name\":\"Filtrazione di profondit\u00e0 - FILTROX - per la filtrazione di liquidi\",\"isPartOf\":{\"@id\":\"https:\/\/www.filtrox.com\/#website\"},\"primaryImageOfPage\":{\"@id\":\"https:\/\/www.filtrox.com\/it\/servizi\/filtrazione-di-profondita\/#primaryimage\"},\"image\":{\"@id\":\"https:\/\/www.filtrox.com\/it\/servizi\/filtrazione-di-profondita\/#primaryimage\"},\"thumbnailUrl\":\"https:\/\/www.filtrox.com\/wp-content\/uploads\/2018\/12\/CarbonPadDiagramC-ot-e1544600874820.gif\",\"datePublished\":\"2018-12-10T13:52:30+00:00\",\"dateModified\":\"2025-01-13T07:41:14+00:00\",\"description\":\"FILTRAZIONE DI PROFONDIT\u00c0 rimuove le particelle da un liquido. I liquidi possono essere filtrati limpidi, fini o sterili.\",\"breadcrumb\":{\"@id\":\"https:\/\/www.filtrox.com\/it\/servizi\/filtrazione-di-profondita\/#breadcrumb\"},\"inLanguage\":\"it-IT\",\"potentialAction\":[{\"@type\":\"ReadAction\",\"target\":[\"https:\/\/www.filtrox.com\/it\/servizi\/filtrazione-di-profondita\/\"]}]},{\"@type\":\"ImageObject\",\"inLanguage\":\"it-IT\",\"@id\":\"https:\/\/www.filtrox.com\/it\/servizi\/filtrazione-di-profondita\/#primaryimage\",\"url\":\"https:\/\/www.filtrox.com\/wp-content\/uploads\/2018\/12\/CarbonPadDiagramC-ot-e1544600874820.gif\",\"contentUrl\":\"https:\/\/www.filtrox.com\/wp-content\/uploads\/2018\/12\/CarbonPadDiagramC-ot-e1544600874820.gif\"},{\"@type\":\"BreadcrumbList\",\"@id\":\"https:\/\/www.filtrox.com\/it\/servizi\/filtrazione-di-profondita\/#breadcrumb\",\"itemListElement\":[{\"@type\":\"ListItem\",\"position\":1,\"name\":\"Home\",\"item\":\"https:\/\/www.filtrox.com\/it\/\"},{\"@type\":\"ListItem\",\"position\":2,\"name\":\"Servizi\",\"item\":\"https:\/\/www.filtrox.com\/it\/servizi\/\"},{\"@type\":\"ListItem\",\"position\":3,\"name\":\"Filtrazione di profondit\u00e0\"}]},{\"@type\":\"WebSite\",\"@id\":\"https:\/\/www.filtrox.com\/#website\",\"url\":\"https:\/\/www.filtrox.com\/\",\"name\":\"Filtrox\",\"description\":\"DEPTH FILTRATION FOR VALUABLE LIQUIDS.\",\"publisher\":{\"@id\":\"https:\/\/www.filtrox.com\/#organization\"},\"potentialAction\":[{\"@type\":\"SearchAction\",\"target\":{\"@type\":\"EntryPoint\",\"urlTemplate\":\"https:\/\/www.filtrox.com\/?s={search_term_string}\"},\"query-input\":{\"@type\":\"PropertyValueSpecification\",\"valueRequired\":true,\"valueName\":\"search_term_string\"}}],\"inLanguage\":\"it-IT\"},{\"@type\":\"Organization\",\"@id\":\"https:\/\/www.filtrox.com\/#organization\",\"name\":\"Filtrox\",\"alternateName\":\"FX\",\"url\":\"https:\/\/www.filtrox.com\/\",\"logo\":{\"@type\":\"ImageObject\",\"inLanguage\":\"it-IT\",\"@id\":\"https:\/\/www.filtrox.com\/#\/schema\/logo\/image\/\",\"url\":\"https:\/\/www.filtrox.com\/wp-content\/uploads\/2015\/02\/FX-Logo_RGB_0-74-153.jpg\",\"contentUrl\":\"https:\/\/www.filtrox.com\/wp-content\/uploads\/2015\/02\/FX-Logo_RGB_0-74-153.jpg\",\"width\":512,\"height\":512,\"caption\":\"Filtrox\"},\"image\":{\"@id\":\"https:\/\/www.filtrox.com\/#\/schema\/logo\/image\/\"},\"sameAs\":[\"https:\/\/www.facebook.com\/Filtrox-AG-2091458717567633\",\"https:\/\/x.com\/FILTROX1\",\"https:\/\/www.instagram.com\/filtroxag\/\",\"https:\/\/www.linkedin.com\/company\/34636121\/\",\"https:\/\/www.youtube.com\/channel\/UCi3A2_4M_c-CcEst9YJ4U9g\/featured?disable_polymer=1\"]}]}<\/script>\n<!-- \/ Yoast SEO plugin. -->","yoast_head_json":{"title":"Filtrazione di profondit\u00e0 - FILTROX - per la filtrazione di liquidi","description":"FILTRAZIONE DI PROFONDIT\u00c0 rimuove le particelle da un liquido. I liquidi possono essere filtrati limpidi, fini o sterili.","robots":{"index":"index","follow":"follow","max-snippet":"max-snippet:-1","max-image-preview":"max-image-preview:large","max-video-preview":"max-video-preview:-1"},"canonical":"https:\/\/www.filtrox.com\/it\/servizi\/filtrazione-di-profondita\/","og_locale":"it_IT","og_type":"article","og_title":"Filtrazione di profondit\u00e0 - FILTROX - per la filtrazione di liquidi","og_description":"FILTRAZIONE DI PROFONDIT\u00c0 rimuove le particelle da un liquido. I liquidi possono essere filtrati limpidi, fini o sterili.","og_url":"https:\/\/www.filtrox.com\/it\/servizi\/filtrazione-di-profondita\/","og_site_name":"Filtrox","article_publisher":"https:\/\/www.facebook.com\/Filtrox-AG-2091458717567633","article_modified_time":"2025-01-13T07:41:14+00:00","og_image":[{"url":"https:\/\/www.filtrox.com\/wp-content\/uploads\/2018\/12\/CarbonPadDiagramC-ot-e1544600874820.gif","type":"","width":"","height":""}],"twitter_card":"summary_large_image","twitter_site":"@FILTROX1","twitter_misc":{"Tempo di lettura stimato":"4 minuti"},"schema":{"@context":"https:\/\/schema.org","@graph":[{"@type":"WebPage","@id":"https:\/\/www.filtrox.com\/it\/servizi\/filtrazione-di-profondita\/","url":"https:\/\/www.filtrox.com\/it\/servizi\/filtrazione-di-profondita\/","name":"Filtrazione di profondit\u00e0 - FILTROX - per la filtrazione di liquidi","isPartOf":{"@id":"https:\/\/www.filtrox.com\/#website"},"primaryImageOfPage":{"@id":"https:\/\/www.filtrox.com\/it\/servizi\/filtrazione-di-profondita\/#primaryimage"},"image":{"@id":"https:\/\/www.filtrox.com\/it\/servizi\/filtrazione-di-profondita\/#primaryimage"},"thumbnailUrl":"https:\/\/www.filtrox.com\/wp-content\/uploads\/2018\/12\/CarbonPadDiagramC-ot-e1544600874820.gif","datePublished":"2018-12-10T13:52:30+00:00","dateModified":"2025-01-13T07:41:14+00:00","description":"FILTRAZIONE DI PROFONDIT\u00c0 rimuove le particelle da un liquido. I liquidi possono essere filtrati limpidi, fini o sterili.","breadcrumb":{"@id":"https:\/\/www.filtrox.com\/it\/servizi\/filtrazione-di-profondita\/#breadcrumb"},"inLanguage":"it-IT","potentialAction":[{"@type":"ReadAction","target":["https:\/\/www.filtrox.com\/it\/servizi\/filtrazione-di-profondita\/"]}]},{"@type":"ImageObject","inLanguage":"it-IT","@id":"https:\/\/www.filtrox.com\/it\/servizi\/filtrazione-di-profondita\/#primaryimage","url":"https:\/\/www.filtrox.com\/wp-content\/uploads\/2018\/12\/CarbonPadDiagramC-ot-e1544600874820.gif","contentUrl":"https:\/\/www.filtrox.com\/wp-content\/uploads\/2018\/12\/CarbonPadDiagramC-ot-e1544600874820.gif"},{"@type":"BreadcrumbList","@id":"https:\/\/www.filtrox.com\/it\/servizi\/filtrazione-di-profondita\/#breadcrumb","itemListElement":[{"@type":"ListItem","position":1,"name":"Home","item":"https:\/\/www.filtrox.com\/it\/"},{"@type":"ListItem","position":2,"name":"Servizi","item":"https:\/\/www.filtrox.com\/it\/servizi\/"},{"@type":"ListItem","position":3,"name":"Filtrazione di profondit\u00e0"}]},{"@type":"WebSite","@id":"https:\/\/www.filtrox.com\/#website","url":"https:\/\/www.filtrox.com\/","name":"Filtrox","description":"DEPTH FILTRATION FOR VALUABLE LIQUIDS.","publisher":{"@id":"https:\/\/www.filtrox.com\/#organization"},"potentialAction":[{"@type":"SearchAction","target":{"@type":"EntryPoint","urlTemplate":"https:\/\/www.filtrox.com\/?s={search_term_string}"},"query-input":{"@type":"PropertyValueSpecification","valueRequired":true,"valueName":"search_term_string"}}],"inLanguage":"it-IT"},{"@type":"Organization","@id":"https:\/\/www.filtrox.com\/#organization","name":"Filtrox","alternateName":"FX","url":"https:\/\/www.filtrox.com\/","logo":{"@type":"ImageObject","inLanguage":"it-IT","@id":"https:\/\/www.filtrox.com\/#\/schema\/logo\/image\/","url":"https:\/\/www.filtrox.com\/wp-content\/uploads\/2015\/02\/FX-Logo_RGB_0-74-153.jpg","contentUrl":"https:\/\/www.filtrox.com\/wp-content\/uploads\/2015\/02\/FX-Logo_RGB_0-74-153.jpg","width":512,"height":512,"caption":"Filtrox"},"image":{"@id":"https:\/\/www.filtrox.com\/#\/schema\/logo\/image\/"},"sameAs":["https:\/\/www.facebook.com\/Filtrox-AG-2091458717567633","https:\/\/x.com\/FILTROX1","https:\/\/www.instagram.com\/filtroxag\/","https:\/\/www.linkedin.com\/company\/34636121\/","https:\/\/www.youtube.com\/channel\/UCi3A2_4M_c-CcEst9YJ4U9g\/featured?disable_polymer=1"]}]}},"coauthors":[],"author_meta":{"author_link":"https:\/\/www.filtrox.com\/it\/blog\/author\/fosca-roman\/","display_name":"Fosca Roman"},"relative_dates":{"created":"Pubblicato 7 anni fa","modified":"Aggiornato 1 anno fa"},"absolute_dates":{"created":"Pubblicato il Dicembre 10, 2018","modified":"Aggiornato il Gennaio 13, 2025"},"absolute_dates_time":{"created":"Pubblicato il Dicembre 10, 2018 1:52 pm","modified":"Aggiornato il Gennaio 13, 2025 8:41 am"},"featured_img_caption":"","featured_img":false,"series_order":"","publishpress_future_action":{"enabled":false,"date":"2026-05-01 15:06:04","action":"change-status","newStatus":"draft","terms":[],"taxonomy":"translation_priority","extraData":[]},"publishpress_future_workflow_manual_trigger":{"enabledWorkflows":[]},"_links":{"self":[{"href":"https:\/\/www.filtrox.com\/it\/wp-json\/wp\/v2\/pages\/31769","targetHints":{"allow":["GET"]}}],"collection":[{"href":"https:\/\/www.filtrox.com\/it\/wp-json\/wp\/v2\/pages"}],"about":[{"href":"https:\/\/www.filtrox.com\/it\/wp-json\/wp\/v2\/types\/page"}],"author":[{"embeddable":true,"href":"https:\/\/www.filtrox.com\/it\/wp-json\/wp\/v2\/users\/8"}],"replies":[{"embeddable":true,"href":"https:\/\/www.filtrox.com\/it\/wp-json\/wp\/v2\/comments?post=31769"}],"version-history":[{"count":4,"href":"https:\/\/www.filtrox.com\/it\/wp-json\/wp\/v2\/pages\/31769\/revisions"}],"predecessor-version":[{"id":60569,"href":"https:\/\/www.filtrox.com\/it\/wp-json\/wp\/v2\/pages\/31769\/revisions\/60569"}],"up":[{"embeddable":true,"href":"https:\/\/www.filtrox.com\/it\/wp-json\/wp\/v2\/pages\/31443"}],"wp:attachment":[{"href":"https:\/\/www.filtrox.com\/it\/wp-json\/wp\/v2\/media?parent=31769"}],"curies":[{"name":"wp","href":"https:\/\/api.w.org\/{rel}","templated":true}]}}