{"id":38890,"date":"2021-06-16T14:48:47","date_gmt":"2021-06-16T13:48:47","guid":{"rendered":"https:\/\/www.filtrox.com\/?page_id=38890"},"modified":"2025-06-26T13:58:15","modified_gmt":"2025-06-26T12:58:15","slug":"lavoro","status":"publish","type":"page","link":"https:\/\/www.filtrox.com\/it\/contatti\/lavoro\/","title":{"rendered":"Lavoro"},"content":{"rendered":"\n<h4><strong><span style=\"font-size: 24pt;\">Lavoro e Posti vacanti<\/span><\/strong><\/h4>\n<p>Le grandi persone sono la forza trainante della nostra attivit\u00e0. Siamo orgogliosi di avere un grande team di specialisti dedicati. Cercano di espandere il limite di ci\u00f2 che \u00e8 possibile ogni giorno.&nbsp;<\/p>\n<p>Siamo costantemente alla ricerca di nuovi talenti per rafforzare il nostro team motivato. Sei interessato a lavorare per un leader tecnologico globale nella filtrazione in profondit\u00e0? Per una nicchia piccola ma affascinante? Quindi inviaci la tua candidatura.<\/p>\n<p>Trova qui le nostre offerte di lavoro, le vacanti:<\/p>\n\n\n\n<hr class=\"wp-block-separator has-css-opacity is-style-wide\"\/>\n\n\n\n<p><strong>ATTUALMENTE 0 POSTI VACANTI.<\/strong><\/p>\n<p>\u00a0<\/p>\n<p>\u00a0<\/p>\n\n\n\n<hr class=\"wp-block-separator has-css-opacity is-style-wide\"\/>\n\n\n\n<p>Si prega di inviare la propria candidatura a:<\/p>\n<p>FILTROX AG<br>Human Ressources<br>Moosmuehlestrasse 6<br>9001 St.Gallen<br>Switzerland<br><a href=\"mailto:jobs@filtrox.com\">jobs@filtrox.com<\/a><\/p>\n\n\n\n<div style=\"height:100px\" aria-hidden=\"true\" class=\"wp-block-spacer\"><\/div>\n\n\n\n<h4><span style=\"font-size: 24pt;\"><strong>Formazione scolastica<\/strong><\/span><\/h4>\n<p>Sosteniamo l&#8217;istruzione e la formazione di giovani professionisti e siamo orgogliosi membri delle seguenti organizzazioni:<\/p>\n<table style=\"width: 100%;\">\n<tbody>\n<tr>\n<td width=\"200\"><a href=\"\/wp-content\/uploads\/2015\/02\/^94FD3C46638A1BC7D1F5AE163F5C5FAF039C4CEEB9C0F7D05F^pimgpsh_fullsize_distr.png\"><img decoding=\"async\" class=\"alignnone wp-image-1653 size-full lazyload\" title=\"Il portale della formazione professionale e professionale svizzera. Trova documenti utili, link e un glossario. vacanti.\" data-src=\"https:\/\/www.filtrox.com\/wp-content\/uploads\/2015\/02\/^94FD3C46638A1BC7D1F5AE163F5C5FAF039C4CEEB9C0F7D05F^pimgpsh_fullsize_distr.png\" alt=\"Il portale della formazione professionale e professionale svizzera. Trova documenti utili, link e un glossario.\" width=\"108\" height=\"108\" data-srcset=\"https:\/\/www.filtrox.com\/wp-content\/uploads\/2015\/02\/^94FD3C46638A1BC7D1F5AE163F5C5FAF039C4CEEB9C0F7D05F^pimgpsh_fullsize_distr.png 108w, https:\/\/www.filtrox.com\/wp-content\/uploads\/2015\/02\/^94FD3C46638A1BC7D1F5AE163F5C5FAF039C4CEEB9C0F7D05F^pimgpsh_fullsize_distr-24x24.png 24w, https:\/\/www.filtrox.com\/wp-content\/uploads\/2015\/02\/^94FD3C46638A1BC7D1F5AE163F5C5FAF039C4CEEB9C0F7D05F^pimgpsh_fullsize_distr-36x36.png 36w, https:\/\/www.filtrox.com\/wp-content\/uploads\/2015\/02\/^94FD3C46638A1BC7D1F5AE163F5C5FAF039C4CEEB9C0F7D05F^pimgpsh_fullsize_distr-48x48.png 48w\" data-sizes=\"(max-width: 108px) 100vw, 108px\" src=\"data:image\/svg+xml;base64,PHN2ZyB3aWR0aD0iMSIgaGVpZ2h0PSIxIiB4bWxucz0iaHR0cDovL3d3dy53My5vcmcvMjAwMC9zdmciPjwvc3ZnPg==\" style=\"--smush-placeholder-width: 108px; --smush-placeholder-aspect-ratio: 108\/108;\" \/><\/a><\/td>\n<td>\n<p>\u00a0<a title=\"website for vocational training\" href=\"https:\/\/berufsbildung.ch\" target=\"_blank\" rel=\"noopener noreferrer\">berufsbildung.ch<\/a><\/p>\n<p>Il portale della formazione professionale e professionale svizzera. Trova documenti utili, link e un glossario.<\/p>\n<\/td>\n<\/tr>\n<tr>\n<td><a href=\"\/wp-content\/uploads\/2015\/02\/Filtrox-ABOUT-US-tunostschweiz_PR-100x1001.gif\"><img decoding=\"async\" class=\"alignnone wp-image-2620 size-full lazyload\" title=\"Questo \u00e8 un laboratorio di ricerca e laboratorio di inventori. Vacanti.\" data-src=\"https:\/\/www.filtrox.com\/wp-content\/uploads\/2015\/02\/Filtrox-ABOUT-US-tunostschweiz_PR-100x1001.gif\" alt=\"Per vacanti. Questo \u00e8 un laboratorio di ricerca e laboratorio di inventori.\" width=\"100\" height=\"100\" data-srcset=\"https:\/\/www.filtrox.com\/wp-content\/uploads\/2015\/02\/Filtrox-ABOUT-US-tunostschweiz_PR-100x1001.gif 100w, https:\/\/www.filtrox.com\/wp-content\/uploads\/2015\/02\/Filtrox-ABOUT-US-tunostschweiz_PR-100x1001-24x24.gif 24w, https:\/\/www.filtrox.com\/wp-content\/uploads\/2015\/02\/Filtrox-ABOUT-US-tunostschweiz_PR-100x1001-36x36.gif 36w, https:\/\/www.filtrox.com\/wp-content\/uploads\/2015\/02\/Filtrox-ABOUT-US-tunostschweiz_PR-100x1001-48x48.gif 48w\" data-sizes=\"(max-width: 100px) 100vw, 100px\" src=\"data:image\/svg+xml;base64,PHN2ZyB3aWR0aD0iMSIgaGVpZ2h0PSIxIiB4bWxucz0iaHR0cDovL3d3dy53My5vcmcvMjAwMC9zdmciPjwvc3ZnPg==\" style=\"--smush-placeholder-width: 100px; --smush-placeholder-aspect-ratio: 100\/100;\" \/><\/a><\/td>\n<td>\n<p>\u00a0<a title=\"youth development in technology and natural sciences\" href=\"https:\/\/tunOstschweiz.ch\" target=\"_blank\" rel=\"noopener noreferrer\">tunOstschweiz.ch<\/a><\/p>\n<p>Questo \u00e8 un laboratorio di ricerca e laboratorio di inventori. Bambini e adolescenti dai 6 ai 13 anni possono fare ricerca, stupirsi e scoprire quello che vogliono. A causa della sensibilizzazione precoce, i bambini, nell&#8217;ambito di questo progetto extracurricolare, sono entusiasti dell&#8217;affascinante mondo delle materie STEM.<\/p>\n<\/td>\n<\/tr>\n<tr>\n<td><a href=\"\/wp-content\/uploads\/2015\/02\/part_logo_04.png\"><img decoding=\"async\" class=\"alignnone wp-image-824 size-full lazyload\" title=\"Per vacanti futur. Triebwerk \u00e8 l'interfaccia tra scuola e impresa.\" data-src=\"https:\/\/www.filtrox.com\/wp-content\/uploads\/2015\/02\/part_logo_04.png\" alt=\"Triebwerk \u00e8 l'interfaccia tra scuola e impresa. Vacanti futuri.\" width=\"146\" height=\"38\" data-srcset=\"https:\/\/www.filtrox.com\/wp-content\/uploads\/2015\/02\/part_logo_04.png 146w, https:\/\/www.filtrox.com\/wp-content\/uploads\/2015\/02\/part_logo_04-24x6.png 24w, https:\/\/www.filtrox.com\/wp-content\/uploads\/2015\/02\/part_logo_04-36x9.png 36w, https:\/\/www.filtrox.com\/wp-content\/uploads\/2015\/02\/part_logo_04-48x12.png 48w\" data-sizes=\"(max-width: 146px) 100vw, 146px\" src=\"data:image\/svg+xml;base64,PHN2ZyB3aWR0aD0iMSIgaGVpZ2h0PSIxIiB4bWxucz0iaHR0cDovL3d3dy53My5vcmcvMjAwMC9zdmciPjwvc3ZnPg==\" style=\"--smush-placeholder-width: 146px; --smush-placeholder-aspect-ratio: 146\/38;\" \/><\/a><\/td>\n<td>\n<p>\u00a0<a title=\"platform for apprentices\" href=\"https:\/\/www.verein-triebwerk.ch\/\" target=\"_blank\" rel=\"noopener noreferrer\">triebwerk-sg.ch<\/a><\/p>\n<p>Triebwerk \u00e8 l&#8217;interfaccia tra scuola e impresa. Ci\u00f2 significa che supporta gli insegnanti nel processo di scelta della carriera, gli studenti nella loro scelta professionale e le aziende di formazione nel marketing dell&#8217;apprendistato.<\/p>\n<\/td>\n<\/tr>\n<\/tbody>\n<\/table>\n","protected":false},"excerpt":{"rendered":"<p>Lavoro e Posti vacanti Le grandi persone sono la forza trainante della nostra attivit\u00e0. Siamo orgogliosi di avere un grande team di specialisti dedicati. Cercano di espandere il limite di ci\u00f2 che \u00e8 possibile ogni giorno.&nbsp; Siamo costantemente alla ricerca di nuovi talenti per rafforzare il nostro team motivato. Sei interessato a lavorare per un &hellip; <a href=\"https:\/\/www.filtrox.com\/it\/contatti\/lavoro\/\" class=\"more-link\">Continue reading <span class=\"screen-reader-text\">Lavoro<\/span> <span class=\"meta-nav\">&rarr;<\/span><\/a><\/p>\n","protected":false},"author":8,"featured_media":0,"parent":41008,"menu_order":8,"comment_status":"closed","ping_status":"closed","template":"template_contactofcial.php","meta":{"_acf_changed":false,"advgb_blocks_editor_width":"","advgb_blocks_columns_visual_guide":"","footnotes":""},"class_list":["post-38890","page","type-page","status-publish","hentry"],"acf":[],"yoast_head":"<!-- This site is optimized with the Yoast SEO plugin v26.3 - https:\/\/yoast.com\/wordpress\/plugins\/seo\/ -->\n<title>Vacanti - Lavoro - Filtrox Soluzioni di filtrazione in profondit\u00e0<\/title>\n<meta name=\"description\" content=\"Siamo costantemente alla ricerca di nuovi talenti per rafforzare il nostro team motivato. Trova qui le vacanti da FILTROX.\" \/>\n<meta name=\"robots\" content=\"index, follow, max-snippet:-1, max-image-preview:large, max-video-preview:-1\" \/>\n<link rel=\"canonical\" href=\"https:\/\/www.filtrox.com\/it\/contatti\/lavoro\/\" \/>\n<meta property=\"og:locale\" content=\"it_IT\" \/>\n<meta property=\"og:type\" content=\"article\" \/>\n<meta property=\"og:title\" content=\"Vacanti - Lavoro - Filtrox Soluzioni di filtrazione in profondit\u00e0\" \/>\n<meta property=\"og:description\" content=\"Siamo costantemente alla ricerca di nuovi talenti per rafforzare il nostro team motivato. Trova qui le vacanti da FILTROX.\" \/>\n<meta property=\"og:url\" content=\"https:\/\/www.filtrox.com\/it\/contatti\/lavoro\/\" \/>\n<meta property=\"og:site_name\" content=\"Filtrox\" \/>\n<meta property=\"article:publisher\" content=\"https:\/\/www.facebook.com\/Filtrox-AG-2091458717567633\" \/>\n<meta property=\"article:modified_time\" content=\"2025-06-26T12:58:15+00:00\" \/>\n<meta property=\"og:image\" content=\"https:\/\/www.filtrox.com\/wp-content\/uploads\/2015\/02\/94FD3C46638A1BC7D1F5AE163F5C5FAF039C4CEEB9C0F7D05Fpimgpsh_fullsize_distr.png\" \/>\n\t<meta property=\"og:image:width\" content=\"108\" \/>\n\t<meta property=\"og:image:height\" content=\"108\" \/>\n\t<meta property=\"og:image:type\" content=\"image\/png\" \/>\n<meta name=\"twitter:card\" content=\"summary_large_image\" \/>\n<meta name=\"twitter:site\" content=\"@FILTROX1\" \/>\n<meta name=\"twitter:label1\" content=\"Tempo di lettura stimato\" \/>\n\t<meta name=\"twitter:data1\" content=\"2 minuti\" \/>\n<script type=\"application\/ld+json\" class=\"yoast-schema-graph\">{\"@context\":\"https:\/\/schema.org\",\"@graph\":[{\"@type\":\"WebPage\",\"@id\":\"https:\/\/www.filtrox.com\/it\/contatti\/lavoro\/\",\"url\":\"https:\/\/www.filtrox.com\/it\/contatti\/lavoro\/\",\"name\":\"Vacanti - Lavoro - Filtrox Soluzioni di filtrazione in profondit\u00e0\",\"isPartOf\":{\"@id\":\"https:\/\/www.filtrox.com\/#website\"},\"primaryImageOfPage\":{\"@id\":\"https:\/\/www.filtrox.com\/it\/contatti\/lavoro\/#primaryimage\"},\"image\":{\"@id\":\"https:\/\/www.filtrox.com\/it\/contatti\/lavoro\/#primaryimage\"},\"thumbnailUrl\":\"https:\/\/www.filtrox.com\/wp-content\/uploads\/2015\/02\/^94FD3C46638A1BC7D1F5AE163F5C5FAF039C4CEEB9C0F7D05F^pimgpsh_fullsize_distr.png\",\"datePublished\":\"2021-06-16T13:48:47+00:00\",\"dateModified\":\"2025-06-26T12:58:15+00:00\",\"description\":\"Siamo costantemente alla ricerca di nuovi talenti per rafforzare il nostro team motivato. Trova qui le vacanti da FILTROX.\",\"breadcrumb\":{\"@id\":\"https:\/\/www.filtrox.com\/it\/contatti\/lavoro\/#breadcrumb\"},\"inLanguage\":\"it-IT\",\"potentialAction\":[{\"@type\":\"ReadAction\",\"target\":[\"https:\/\/www.filtrox.com\/it\/contatti\/lavoro\/\"]}]},{\"@type\":\"ImageObject\",\"inLanguage\":\"it-IT\",\"@id\":\"https:\/\/www.filtrox.com\/it\/contatti\/lavoro\/#primaryimage\",\"url\":\"https:\/\/www.filtrox.com\/wp-content\/uploads\/2015\/02\/^94FD3C46638A1BC7D1F5AE163F5C5FAF039C4CEEB9C0F7D05F^pimgpsh_fullsize_distr.png\",\"contentUrl\":\"https:\/\/www.filtrox.com\/wp-content\/uploads\/2015\/02\/^94FD3C46638A1BC7D1F5AE163F5C5FAF039C4CEEB9C0F7D05F^pimgpsh_fullsize_distr.png\"},{\"@type\":\"BreadcrumbList\",\"@id\":\"https:\/\/www.filtrox.com\/it\/contatti\/lavoro\/#breadcrumb\",\"itemListElement\":[{\"@type\":\"ListItem\",\"position\":1,\"name\":\"Home\",\"item\":\"https:\/\/www.filtrox.com\/it\/\"},{\"@type\":\"ListItem\",\"position\":2,\"name\":\"Contatti\",\"item\":\"https:\/\/www.filtrox.com\/it\/contatti\/\"},{\"@type\":\"ListItem\",\"position\":3,\"name\":\"Lavoro\"}]},{\"@type\":\"WebSite\",\"@id\":\"https:\/\/www.filtrox.com\/#website\",\"url\":\"https:\/\/www.filtrox.com\/\",\"name\":\"Filtrox\",\"description\":\"DEPTH FILTRATION FOR VALUABLE LIQUIDS.\",\"publisher\":{\"@id\":\"https:\/\/www.filtrox.com\/#organization\"},\"potentialAction\":[{\"@type\":\"SearchAction\",\"target\":{\"@type\":\"EntryPoint\",\"urlTemplate\":\"https:\/\/www.filtrox.com\/?s={search_term_string}\"},\"query-input\":{\"@type\":\"PropertyValueSpecification\",\"valueRequired\":true,\"valueName\":\"search_term_string\"}}],\"inLanguage\":\"it-IT\"},{\"@type\":\"Organization\",\"@id\":\"https:\/\/www.filtrox.com\/#organization\",\"name\":\"Filtrox\",\"alternateName\":\"FX\",\"url\":\"https:\/\/www.filtrox.com\/\",\"logo\":{\"@type\":\"ImageObject\",\"inLanguage\":\"it-IT\",\"@id\":\"https:\/\/www.filtrox.com\/#\/schema\/logo\/image\/\",\"url\":\"https:\/\/www.filtrox.com\/wp-content\/uploads\/2015\/02\/FX-Logo_RGB_0-74-153.jpg\",\"contentUrl\":\"https:\/\/www.filtrox.com\/wp-content\/uploads\/2015\/02\/FX-Logo_RGB_0-74-153.jpg\",\"width\":512,\"height\":512,\"caption\":\"Filtrox\"},\"image\":{\"@id\":\"https:\/\/www.filtrox.com\/#\/schema\/logo\/image\/\"},\"sameAs\":[\"https:\/\/www.facebook.com\/Filtrox-AG-2091458717567633\",\"https:\/\/x.com\/FILTROX1\",\"https:\/\/www.instagram.com\/filtroxag\/\",\"https:\/\/www.linkedin.com\/company\/34636121\/\",\"https:\/\/www.youtube.com\/channel\/UCi3A2_4M_c-CcEst9YJ4U9g\/featured?disable_polymer=1\"]}]}<\/script>\n<!-- \/ Yoast SEO plugin. -->","yoast_head_json":{"title":"Vacanti - Lavoro - Filtrox Soluzioni di filtrazione in profondit\u00e0","description":"Siamo costantemente alla ricerca di nuovi talenti per rafforzare il nostro team motivato. Trova qui le vacanti da FILTROX.","robots":{"index":"index","follow":"follow","max-snippet":"max-snippet:-1","max-image-preview":"max-image-preview:large","max-video-preview":"max-video-preview:-1"},"canonical":"https:\/\/www.filtrox.com\/it\/contatti\/lavoro\/","og_locale":"it_IT","og_type":"article","og_title":"Vacanti - Lavoro - Filtrox Soluzioni di filtrazione in profondit\u00e0","og_description":"Siamo costantemente alla ricerca di nuovi talenti per rafforzare il nostro team motivato. Trova qui le vacanti da FILTROX.","og_url":"https:\/\/www.filtrox.com\/it\/contatti\/lavoro\/","og_site_name":"Filtrox","article_publisher":"https:\/\/www.facebook.com\/Filtrox-AG-2091458717567633","article_modified_time":"2025-06-26T12:58:15+00:00","og_image":[{"width":108,"height":108,"url":"https:\/\/www.filtrox.com\/wp-content\/uploads\/2015\/02\/^94FD3C46638A1BC7D1F5AE163F5C5FAF039C4CEEB9C0F7D05F^pimgpsh_fullsize_distr.png","type":"image\/png"}],"twitter_card":"summary_large_image","twitter_site":"@FILTROX1","twitter_misc":{"Tempo di lettura stimato":"2 minuti"},"schema":{"@context":"https:\/\/schema.org","@graph":[{"@type":"WebPage","@id":"https:\/\/www.filtrox.com\/it\/contatti\/lavoro\/","url":"https:\/\/www.filtrox.com\/it\/contatti\/lavoro\/","name":"Vacanti - Lavoro - Filtrox Soluzioni di filtrazione in profondit\u00e0","isPartOf":{"@id":"https:\/\/www.filtrox.com\/#website"},"primaryImageOfPage":{"@id":"https:\/\/www.filtrox.com\/it\/contatti\/lavoro\/#primaryimage"},"image":{"@id":"https:\/\/www.filtrox.com\/it\/contatti\/lavoro\/#primaryimage"},"thumbnailUrl":"https:\/\/www.filtrox.com\/wp-content\/uploads\/2015\/02\/^94FD3C46638A1BC7D1F5AE163F5C5FAF039C4CEEB9C0F7D05F^pimgpsh_fullsize_distr.png","datePublished":"2021-06-16T13:48:47+00:00","dateModified":"2025-06-26T12:58:15+00:00","description":"Siamo costantemente alla ricerca di nuovi talenti per rafforzare il nostro team motivato. Trova qui le vacanti da FILTROX.","breadcrumb":{"@id":"https:\/\/www.filtrox.com\/it\/contatti\/lavoro\/#breadcrumb"},"inLanguage":"it-IT","potentialAction":[{"@type":"ReadAction","target":["https:\/\/www.filtrox.com\/it\/contatti\/lavoro\/"]}]},{"@type":"ImageObject","inLanguage":"it-IT","@id":"https:\/\/www.filtrox.com\/it\/contatti\/lavoro\/#primaryimage","url":"https:\/\/www.filtrox.com\/wp-content\/uploads\/2015\/02\/^94FD3C46638A1BC7D1F5AE163F5C5FAF039C4CEEB9C0F7D05F^pimgpsh_fullsize_distr.png","contentUrl":"https:\/\/www.filtrox.com\/wp-content\/uploads\/2015\/02\/^94FD3C46638A1BC7D1F5AE163F5C5FAF039C4CEEB9C0F7D05F^pimgpsh_fullsize_distr.png"},{"@type":"BreadcrumbList","@id":"https:\/\/www.filtrox.com\/it\/contatti\/lavoro\/#breadcrumb","itemListElement":[{"@type":"ListItem","position":1,"name":"Home","item":"https:\/\/www.filtrox.com\/it\/"},{"@type":"ListItem","position":2,"name":"Contatti","item":"https:\/\/www.filtrox.com\/it\/contatti\/"},{"@type":"ListItem","position":3,"name":"Lavoro"}]},{"@type":"WebSite","@id":"https:\/\/www.filtrox.com\/#website","url":"https:\/\/www.filtrox.com\/","name":"Filtrox","description":"DEPTH FILTRATION FOR VALUABLE LIQUIDS.","publisher":{"@id":"https:\/\/www.filtrox.com\/#organization"},"potentialAction":[{"@type":"SearchAction","target":{"@type":"EntryPoint","urlTemplate":"https:\/\/www.filtrox.com\/?s={search_term_string}"},"query-input":{"@type":"PropertyValueSpecification","valueRequired":true,"valueName":"search_term_string"}}],"inLanguage":"it-IT"},{"@type":"Organization","@id":"https:\/\/www.filtrox.com\/#organization","name":"Filtrox","alternateName":"FX","url":"https:\/\/www.filtrox.com\/","logo":{"@type":"ImageObject","inLanguage":"it-IT","@id":"https:\/\/www.filtrox.com\/#\/schema\/logo\/image\/","url":"https:\/\/www.filtrox.com\/wp-content\/uploads\/2015\/02\/FX-Logo_RGB_0-74-153.jpg","contentUrl":"https:\/\/www.filtrox.com\/wp-content\/uploads\/2015\/02\/FX-Logo_RGB_0-74-153.jpg","width":512,"height":512,"caption":"Filtrox"},"image":{"@id":"https:\/\/www.filtrox.com\/#\/schema\/logo\/image\/"},"sameAs":["https:\/\/www.facebook.com\/Filtrox-AG-2091458717567633","https:\/\/x.com\/FILTROX1","https:\/\/www.instagram.com\/filtroxag\/","https:\/\/www.linkedin.com\/company\/34636121\/","https:\/\/www.youtube.com\/channel\/UCi3A2_4M_c-CcEst9YJ4U9g\/featured?disable_polymer=1"]}]}},"coauthors":[],"author_meta":{"author_link":"https:\/\/www.filtrox.com\/it\/blog\/author\/fosca-roman\/","display_name":"Fosca Roman"},"relative_dates":{"created":"Pubblicato 5 anni fa","modified":"Aggiornato 10 mesi fa"},"absolute_dates":{"created":"Pubblicato il Giugno 16, 2021","modified":"Aggiornato il Giugno 26, 2025"},"absolute_dates_time":{"created":"Pubblicato il Giugno 16, 2021 2:48 pm","modified":"Aggiornato il Giugno 26, 2025 1:58 pm"},"featured_img_caption":"","featured_img":false,"series_order":"","publishpress_future_action":{"enabled":false,"date":"2026-05-06 15:55:00","action":"change-status","newStatus":"draft","terms":[],"taxonomy":"translation_priority","extraData":[]},"publishpress_future_workflow_manual_trigger":{"enabledWorkflows":[]},"_links":{"self":[{"href":"https:\/\/www.filtrox.com\/it\/wp-json\/wp\/v2\/pages\/38890","targetHints":{"allow":["GET"]}}],"collection":[{"href":"https:\/\/www.filtrox.com\/it\/wp-json\/wp\/v2\/pages"}],"about":[{"href":"https:\/\/www.filtrox.com\/it\/wp-json\/wp\/v2\/types\/page"}],"author":[{"embeddable":true,"href":"https:\/\/www.filtrox.com\/it\/wp-json\/wp\/v2\/users\/8"}],"replies":[{"embeddable":true,"href":"https:\/\/www.filtrox.com\/it\/wp-json\/wp\/v2\/comments?post=38890"}],"version-history":[{"count":22,"href":"https:\/\/www.filtrox.com\/it\/wp-json\/wp\/v2\/pages\/38890\/revisions"}],"predecessor-version":[{"id":62209,"href":"https:\/\/www.filtrox.com\/it\/wp-json\/wp\/v2\/pages\/38890\/revisions\/62209"}],"up":[{"embeddable":true,"href":"https:\/\/www.filtrox.com\/it\/wp-json\/wp\/v2\/pages\/41008"}],"wp:attachment":[{"href":"https:\/\/www.filtrox.com\/it\/wp-json\/wp\/v2\/media?parent=38890"}],"curies":[{"name":"wp","href":"https:\/\/api.w.org\/{rel}","templated":true}]}}