{"id":40716,"date":"2021-09-01T11:20:20","date_gmt":"2021-09-01T10:20:20","guid":{"rendered":"https:\/\/www.filtrox.com\/?page_id=40716"},"modified":"2025-01-31T11:10:06","modified_gmt":"2025-01-31T10:10:06","slug":"sedi","status":"publish","type":"page","link":"https:\/\/www.filtrox.com\/it\/contatti\/sedi\/","title":{"rendered":"Sedi"},"content":{"rendered":"\n<p><img decoding=\"async\" class=\"alignnone lazyload\" title=\"Filtrox worldwide contacts\" data-src=\"https:\/\/www.filtrox.com\/wp-content\/uploads\/2017\/04\/Weltkarte_Homepage_Stand_12.04.2017-e1630481494282.jpg\" alt=\"Filtrox worldwide, sedi locali\" width=\"1200\" height=\"754\" src=\"data:image\/svg+xml;base64,PHN2ZyB3aWR0aD0iMSIgaGVpZ2h0PSIxIiB4bWxucz0iaHR0cDovL3d3dy53My5vcmcvMjAwMC9zdmciPjwvc3ZnPg==\" style=\"--smush-placeholder-width: 1200px; --smush-placeholder-aspect-ratio: 1200\/754;\" \/><\/p>\n<div class=\"flex-shrink-0 flex flex-col relative items-end\">\n<div>\n<div class=\"pt-0\">\n<div class=\"gizmo-bot-avatar flex h-8 w-8 items-center justify-center overflow-hidden rounded-full\">\n<div class=\"relative p-1 rounded-sm flex items-center justify-center bg-token-main-surface-primary text-token-text-primary h-8 w-8\">\u00a0<\/div>\n<\/div>\n<\/div>\n<\/div>\n<\/div>\n<div class=\"group\/conversation-turn relative flex w-full min-w-0 flex-col agent-turn\">\n<div class=\"flex-col gap-1 md:gap-3\">\n<div class=\"flex max-w-full flex-col flex-grow\">\n<div class=\"min-h-8 text-message flex w-full flex-col items-end gap-2 whitespace-normal break-words text-start [.text-message+&amp;]:mt-5\" dir=\"auto\" data-message-author-role=\"assistant\" data-message-id=\"1d56a6c6-3ea9-4f55-8be8-ef041cc15002\" data-message-model-slug=\"gpt-4o\">\n<div class=\"flex w-full flex-col gap-1 empty:hidden first:pt-[3px]\">\n<div class=\"markdown prose w-full break-words dark:prose-invert light\">\n<p><strong>FILTROX: Presenza Globale<\/strong><br \/>FILTROX AG ha una presenza globale con sedi in che coprono tutti i continenti per offrirti soluzioni di filtrazione di altissimo livello e supporto locale ovunque tu sia. Con sedi in Europa, Nord America, Asia e altre regioni, garantiamo che tu possa beneficiare della nostra competenza indipendentemente dalla posizione delle tue operazioni. I nostri uffici e stabilimenti di produzione strategicamente posizionati assicurano tempi di risposta rapidi, assistenza personalizzata e accesso alle nostre innovative tecnologie di filtrazione. Che tu operi nei settori alimentare e delle bevande, farmaceutico, biotecnologico o chimico, siamo qui per soddisfare le tue esigenze specifiche. Trova la sede FILTROX pi\u00f9 vicina e scopri l&#8217;eccellenza nella filtrazione!<\/p>\n<\/div>\n<\/div>\n<\/div>\n<\/div>\n<\/div>\n<\/div>\n\n\n\n<div class=\"wp-block-columns is-layout-flex wp-container-core-columns-is-layout-1 wp-block-columns-is-layout-flex\">\n<div class=\"wp-block-column is-layout-flow wp-block-column-is-layout-flow\">\n<h5><span style=\"font-size: 12pt;\">FILTROX AG (Sede centrale)<\/span><\/h5>\n<p>Moosm\u00fchlestr. 6<br>CH-9001 St.Gallen \/ Svizzera<br>Telefono: +41 71 272 91 11<br><a href=\"mailto:sales(at)filtrox.com\">sales@filtrox.com<\/a><\/p>\n<\/div>\n\n\n\n<div class=\"wp-block-column is-layout-flow wp-block-column-is-layout-flow\">\n<h5><span style=\"font-size: 12pt;\"><strong>FILTROX France s.a.r.l.<\/strong><\/span><\/h5>\n<p>18 rue Buffon<br \/>F 21200 Beaune \/ France<br \/>Phone: +33 6 74 16 24 03<br \/><a href=\"mailto:france(at)filtrox.com\">france@filtrox.com<\/a><\/p>\n<\/div>\n\n\n\n<div class=\"wp-block-column is-layout-flow wp-block-column-is-layout-flow\">\n<h5><span style=\"font-size: 12pt;\">FILTROX Carlson Ltd UK &amp; Northern Europe<\/span><\/h5>\n<p>Butts Mill<br>Barnoldswick<br>Lancashire<br>BB18 5HP \/ Regno Unito<br>Telefono: +44 1282 811000<br>Fax: +44 1282 811001<br><a href=\"mailto:filtrox.UK(at)filtrox.com\">filtrox.UK@filtrox.com<\/a><\/p>\n<\/div>\n<\/div>\n\n\n\n<div class=\"wp-block-columns is-layout-flex wp-container-core-columns-is-layout-2 wp-block-columns-is-layout-flex\">\n<div class=\"wp-block-column is-layout-flow wp-block-column-is-layout-flow\">\n<h5><span style=\"font-size: 12pt;\">FILTROX&nbsp;Southern Europe<\/span><\/h5>\n<p>Calle Can Vinyalets, 15<br>08130 Santa Perp\u00e8tua de Mogoda \/ Spagna<br>Telefono: +34 934 626 700<br><a href=\"mailto:filtrox@filtrox.es\" target=\"_blank\" rel=\"noopener noreferrer\">filtrox@filtrox.es<\/a><\/p>\n<\/div>\n\n\n\n<div class=\"wp-block-column is-layout-flow wp-block-column-is-layout-flow\">\n<h5><span style=\"font-size: 12pt;\">FILTROX North America, Inc<\/span><\/h5>\n<p>5506 6<sup>th<\/sup>&nbsp;Ave S. Suite 107<br>Seattle, WA 98108 \/ USA<br>Telefono: Toll free 800 473 4526<br>Telefono: +1 425 820 4850<br>Fax: +1 425 820 2816<br><a href=\"mailto:info(at)filtercorp.com\">info<\/a><a href=\"mailto:sales(at)filtrox.ch\">@<\/a><a href=\"mailto:info(at)filtroxnorthamerica.com\">filtroxnorthamerica.com<\/a><\/p>\n<\/div>\n\n\n\n<div class=\"wp-block-column is-layout-flow wp-block-column-is-layout-flow\">\n<h5><span style=\"font-size: 12pt;\">FILTROX Latinoamerica S.A. de C.V.<\/span><\/h5>\n<p>Prolongaci\u00f3n Recursos Hidr\u00e1ulicos 22, Lote A<br>La Loma, Tlalnepantla de Baz, CP 54060<br>Estado de M\u00e9xcio \/ Messico<br>Telefono: +52 55 2628 1691<br><a href=\"mailto:info(at)filtrox.com.mx\">info@filtrox.com.mx<\/a><\/p>\n<\/div>\n<\/div>\n\n\n\n<div class=\"wp-block-columns is-layout-flex wp-container-core-columns-is-layout-3 wp-block-columns-is-layout-flex\">\n<div class=\"wp-block-column is-layout-flow wp-block-column-is-layout-flow\">\n<h5><span style=\"font-size: 12pt;\">FILTROX Asia-Pacific Pte Ltd<\/span><\/h5>\n<p>25 International Business Park<br>#02-14 German Center<br>Singapore 609916 \/ Singapore<br>Telefono: +65 9880 1651<br><a href=\"mailto:sales_apac@filtrox.com\">sales_apac@filtrox.com<\/a><\/p>\n<\/div>\n\n\n\n<div class=\"wp-block-column is-layout-flow wp-block-column-is-layout-flow\">\n<h5><span style=\"font-size: 12pt;\">FILTROX (Shanghai) Filtration Systems Co., Ltd<\/span><\/h5>\n<p>Room 406, Qinghewan Road #980<br>Qingpu district<br>Shanghai 201717 \/ P.R. Cina<br>Telefono: +86 021 5922 7601<br><a href=\"mailto:sales_apac(at)filtrox.com\">sales_apac@filtrox.com<\/a><\/p>\n<\/div>\n\n\n\n<div class=\"wp-block-column is-layout-flow wp-block-column-is-layout-flow\"><\/div>\n<\/div>\n\n\n","protected":false},"excerpt":{"rendered":"<p>\u00a0 FILTROX: Presenza GlobaleFILTROX AG ha una presenza globale con sedi in che coprono tutti i continenti per offrirti soluzioni di filtrazione di altissimo livello e supporto locale ovunque tu sia. Con sedi in Europa, Nord America, Asia e altre regioni, garantiamo che tu possa beneficiare della nostra competenza indipendentemente dalla posizione delle tue operazioni. &hellip; <a href=\"https:\/\/www.filtrox.com\/it\/contatti\/sedi\/\" class=\"more-link\">Continue reading <span class=\"screen-reader-text\">Sedi<\/span> <span class=\"meta-nav\">&rarr;<\/span><\/a><\/p>\n","protected":false},"author":8,"featured_media":0,"parent":41008,"menu_order":126,"comment_status":"closed","ping_status":"closed","template":"template_contactofcial.php","meta":{"_acf_changed":false,"advgb_blocks_editor_width":"","advgb_blocks_columns_visual_guide":"","footnotes":""},"class_list":["post-40716","page","type-page","status-publish","hentry"],"acf":[],"yoast_head":"<!-- This site is optimized with the Yoast SEO plugin v26.3 - https:\/\/yoast.com\/wordpress\/plugins\/seo\/ -->\n<title>Sedi - FILTROX, le sedi in tutto il mondo - Anche vicino a te<\/title>\n<meta name=\"description\" content=\"Le nostre sedi. Il suo contatto in Italia per le soluzioni di filtrazione in profondit\u00e0 FILTROX. Siamo a sua disposizione per le sue domande.\" \/>\n<meta name=\"robots\" content=\"index, follow, max-snippet:-1, max-image-preview:large, max-video-preview:-1\" \/>\n<link rel=\"canonical\" href=\"https:\/\/www.filtrox.com\/it\/contatti\/sedi\/\" \/>\n<meta property=\"og:locale\" content=\"it_IT\" \/>\n<meta property=\"og:type\" content=\"article\" \/>\n<meta property=\"og:title\" content=\"Sedi - FILTROX, le sedi in tutto il mondo - Anche vicino a te\" \/>\n<meta property=\"og:description\" content=\"Le nostre sedi. Il suo contatto in Italia per le soluzioni di filtrazione in profondit\u00e0 FILTROX. Siamo a sua disposizione per le sue domande.\" \/>\n<meta property=\"og:url\" content=\"https:\/\/www.filtrox.com\/it\/contatti\/sedi\/\" \/>\n<meta property=\"og:site_name\" content=\"Filtrox\" \/>\n<meta property=\"article:publisher\" content=\"https:\/\/www.facebook.com\/Filtrox-AG-2091458717567633\" \/>\n<meta property=\"article:modified_time\" content=\"2025-01-31T10:10:06+00:00\" \/>\n<meta property=\"og:image\" content=\"https:\/\/www.filtrox.com\/wp-content\/uploads\/2017\/04\/Weltkarte_Homepage_Stand_12.04.2017-e1630481494282.jpg\" \/>\n<meta name=\"twitter:card\" content=\"summary_large_image\" \/>\n<meta name=\"twitter:site\" content=\"@FILTROX1\" \/>\n<meta name=\"twitter:label1\" content=\"Tempo di lettura stimato\" \/>\n\t<meta name=\"twitter:data1\" content=\"2 minuti\" \/>\n<script type=\"application\/ld+json\" class=\"yoast-schema-graph\">{\"@context\":\"https:\/\/schema.org\",\"@graph\":[{\"@type\":\"WebPage\",\"@id\":\"https:\/\/www.filtrox.com\/it\/contatti\/sedi\/\",\"url\":\"https:\/\/www.filtrox.com\/it\/contatti\/sedi\/\",\"name\":\"Sedi - FILTROX, le sedi in tutto il mondo - Anche vicino a te\",\"isPartOf\":{\"@id\":\"https:\/\/www.filtrox.com\/#website\"},\"primaryImageOfPage\":{\"@id\":\"https:\/\/www.filtrox.com\/it\/contatti\/sedi\/#primaryimage\"},\"image\":{\"@id\":\"https:\/\/www.filtrox.com\/it\/contatti\/sedi\/#primaryimage\"},\"thumbnailUrl\":\"https:\/\/www.filtrox.com\/wp-content\/uploads\/2017\/04\/Weltkarte_Homepage_Stand_12.04.2017-e1630481494282.jpg\",\"datePublished\":\"2021-09-01T10:20:20+00:00\",\"dateModified\":\"2025-01-31T10:10:06+00:00\",\"description\":\"Le nostre sedi. Il suo contatto in Italia per le soluzioni di filtrazione in profondit\u00e0 FILTROX. Siamo a sua disposizione per le sue domande.\",\"breadcrumb\":{\"@id\":\"https:\/\/www.filtrox.com\/it\/contatti\/sedi\/#breadcrumb\"},\"inLanguage\":\"it-IT\",\"potentialAction\":[{\"@type\":\"ReadAction\",\"target\":[\"https:\/\/www.filtrox.com\/it\/contatti\/sedi\/\"]}]},{\"@type\":\"ImageObject\",\"inLanguage\":\"it-IT\",\"@id\":\"https:\/\/www.filtrox.com\/it\/contatti\/sedi\/#primaryimage\",\"url\":\"https:\/\/www.filtrox.com\/wp-content\/uploads\/2017\/04\/Weltkarte_Homepage_Stand_12.04.2017-e1630481494282.jpg\",\"contentUrl\":\"https:\/\/www.filtrox.com\/wp-content\/uploads\/2017\/04\/Weltkarte_Homepage_Stand_12.04.2017-e1630481494282.jpg\"},{\"@type\":\"BreadcrumbList\",\"@id\":\"https:\/\/www.filtrox.com\/it\/contatti\/sedi\/#breadcrumb\",\"itemListElement\":[{\"@type\":\"ListItem\",\"position\":1,\"name\":\"Home\",\"item\":\"https:\/\/www.filtrox.com\/it\/\"},{\"@type\":\"ListItem\",\"position\":2,\"name\":\"Contatti\",\"item\":\"https:\/\/www.filtrox.com\/it\/contatti\/\"},{\"@type\":\"ListItem\",\"position\":3,\"name\":\"Sedi\"}]},{\"@type\":\"WebSite\",\"@id\":\"https:\/\/www.filtrox.com\/#website\",\"url\":\"https:\/\/www.filtrox.com\/\",\"name\":\"Filtrox\",\"description\":\"DEPTH FILTRATION FOR VALUABLE LIQUIDS.\",\"publisher\":{\"@id\":\"https:\/\/www.filtrox.com\/#organization\"},\"potentialAction\":[{\"@type\":\"SearchAction\",\"target\":{\"@type\":\"EntryPoint\",\"urlTemplate\":\"https:\/\/www.filtrox.com\/?s={search_term_string}\"},\"query-input\":{\"@type\":\"PropertyValueSpecification\",\"valueRequired\":true,\"valueName\":\"search_term_string\"}}],\"inLanguage\":\"it-IT\"},{\"@type\":\"Organization\",\"@id\":\"https:\/\/www.filtrox.com\/#organization\",\"name\":\"Filtrox\",\"alternateName\":\"FX\",\"url\":\"https:\/\/www.filtrox.com\/\",\"logo\":{\"@type\":\"ImageObject\",\"inLanguage\":\"it-IT\",\"@id\":\"https:\/\/www.filtrox.com\/#\/schema\/logo\/image\/\",\"url\":\"https:\/\/www.filtrox.com\/wp-content\/uploads\/2015\/02\/FX-Logo_RGB_0-74-153.jpg\",\"contentUrl\":\"https:\/\/www.filtrox.com\/wp-content\/uploads\/2015\/02\/FX-Logo_RGB_0-74-153.jpg\",\"width\":512,\"height\":512,\"caption\":\"Filtrox\"},\"image\":{\"@id\":\"https:\/\/www.filtrox.com\/#\/schema\/logo\/image\/\"},\"sameAs\":[\"https:\/\/www.facebook.com\/Filtrox-AG-2091458717567633\",\"https:\/\/x.com\/FILTROX1\",\"https:\/\/www.instagram.com\/filtroxag\/\",\"https:\/\/www.linkedin.com\/company\/34636121\/\",\"https:\/\/www.youtube.com\/channel\/UCi3A2_4M_c-CcEst9YJ4U9g\/featured?disable_polymer=1\"]}]}<\/script>\n<!-- \/ Yoast SEO plugin. -->","yoast_head_json":{"title":"Sedi - FILTROX, le sedi in tutto il mondo - Anche vicino a te","description":"Le nostre sedi. Il suo contatto in Italia per le soluzioni di filtrazione in profondit\u00e0 FILTROX. Siamo a sua disposizione per le sue domande.","robots":{"index":"index","follow":"follow","max-snippet":"max-snippet:-1","max-image-preview":"max-image-preview:large","max-video-preview":"max-video-preview:-1"},"canonical":"https:\/\/www.filtrox.com\/it\/contatti\/sedi\/","og_locale":"it_IT","og_type":"article","og_title":"Sedi - FILTROX, le sedi in tutto il mondo - Anche vicino a te","og_description":"Le nostre sedi. Il suo contatto in Italia per le soluzioni di filtrazione in profondit\u00e0 FILTROX. Siamo a sua disposizione per le sue domande.","og_url":"https:\/\/www.filtrox.com\/it\/contatti\/sedi\/","og_site_name":"Filtrox","article_publisher":"https:\/\/www.facebook.com\/Filtrox-AG-2091458717567633","article_modified_time":"2025-01-31T10:10:06+00:00","og_image":[{"url":"https:\/\/www.filtrox.com\/wp-content\/uploads\/2017\/04\/Weltkarte_Homepage_Stand_12.04.2017-e1630481494282.jpg","type":"","width":"","height":""}],"twitter_card":"summary_large_image","twitter_site":"@FILTROX1","twitter_misc":{"Tempo di lettura stimato":"2 minuti"},"schema":{"@context":"https:\/\/schema.org","@graph":[{"@type":"WebPage","@id":"https:\/\/www.filtrox.com\/it\/contatti\/sedi\/","url":"https:\/\/www.filtrox.com\/it\/contatti\/sedi\/","name":"Sedi - FILTROX, le sedi in tutto il mondo - Anche vicino a te","isPartOf":{"@id":"https:\/\/www.filtrox.com\/#website"},"primaryImageOfPage":{"@id":"https:\/\/www.filtrox.com\/it\/contatti\/sedi\/#primaryimage"},"image":{"@id":"https:\/\/www.filtrox.com\/it\/contatti\/sedi\/#primaryimage"},"thumbnailUrl":"https:\/\/www.filtrox.com\/wp-content\/uploads\/2017\/04\/Weltkarte_Homepage_Stand_12.04.2017-e1630481494282.jpg","datePublished":"2021-09-01T10:20:20+00:00","dateModified":"2025-01-31T10:10:06+00:00","description":"Le nostre sedi. Il suo contatto in Italia per le soluzioni di filtrazione in profondit\u00e0 FILTROX. Siamo a sua disposizione per le sue domande.","breadcrumb":{"@id":"https:\/\/www.filtrox.com\/it\/contatti\/sedi\/#breadcrumb"},"inLanguage":"it-IT","potentialAction":[{"@type":"ReadAction","target":["https:\/\/www.filtrox.com\/it\/contatti\/sedi\/"]}]},{"@type":"ImageObject","inLanguage":"it-IT","@id":"https:\/\/www.filtrox.com\/it\/contatti\/sedi\/#primaryimage","url":"https:\/\/www.filtrox.com\/wp-content\/uploads\/2017\/04\/Weltkarte_Homepage_Stand_12.04.2017-e1630481494282.jpg","contentUrl":"https:\/\/www.filtrox.com\/wp-content\/uploads\/2017\/04\/Weltkarte_Homepage_Stand_12.04.2017-e1630481494282.jpg"},{"@type":"BreadcrumbList","@id":"https:\/\/www.filtrox.com\/it\/contatti\/sedi\/#breadcrumb","itemListElement":[{"@type":"ListItem","position":1,"name":"Home","item":"https:\/\/www.filtrox.com\/it\/"},{"@type":"ListItem","position":2,"name":"Contatti","item":"https:\/\/www.filtrox.com\/it\/contatti\/"},{"@type":"ListItem","position":3,"name":"Sedi"}]},{"@type":"WebSite","@id":"https:\/\/www.filtrox.com\/#website","url":"https:\/\/www.filtrox.com\/","name":"Filtrox","description":"DEPTH FILTRATION FOR VALUABLE LIQUIDS.","publisher":{"@id":"https:\/\/www.filtrox.com\/#organization"},"potentialAction":[{"@type":"SearchAction","target":{"@type":"EntryPoint","urlTemplate":"https:\/\/www.filtrox.com\/?s={search_term_string}"},"query-input":{"@type":"PropertyValueSpecification","valueRequired":true,"valueName":"search_term_string"}}],"inLanguage":"it-IT"},{"@type":"Organization","@id":"https:\/\/www.filtrox.com\/#organization","name":"Filtrox","alternateName":"FX","url":"https:\/\/www.filtrox.com\/","logo":{"@type":"ImageObject","inLanguage":"it-IT","@id":"https:\/\/www.filtrox.com\/#\/schema\/logo\/image\/","url":"https:\/\/www.filtrox.com\/wp-content\/uploads\/2015\/02\/FX-Logo_RGB_0-74-153.jpg","contentUrl":"https:\/\/www.filtrox.com\/wp-content\/uploads\/2015\/02\/FX-Logo_RGB_0-74-153.jpg","width":512,"height":512,"caption":"Filtrox"},"image":{"@id":"https:\/\/www.filtrox.com\/#\/schema\/logo\/image\/"},"sameAs":["https:\/\/www.facebook.com\/Filtrox-AG-2091458717567633","https:\/\/x.com\/FILTROX1","https:\/\/www.instagram.com\/filtroxag\/","https:\/\/www.linkedin.com\/company\/34636121\/","https:\/\/www.youtube.com\/channel\/UCi3A2_4M_c-CcEst9YJ4U9g\/featured?disable_polymer=1"]}]}},"coauthors":[],"author_meta":{"author_link":"https:\/\/www.filtrox.com\/it\/blog\/author\/fosca-roman\/","display_name":"Fosca Roman"},"relative_dates":{"created":"Pubblicato 5 anni fa","modified":"Aggiornato 1 anno fa"},"absolute_dates":{"created":"Pubblicato il Settembre 1, 2021","modified":"Aggiornato il Gennaio 31, 2025"},"absolute_dates_time":{"created":"Pubblicato il Settembre 1, 2021 11:20 am","modified":"Aggiornato il Gennaio 31, 2025 11:10 am"},"featured_img_caption":"","featured_img":false,"series_order":"","publishpress_future_action":{"enabled":false,"date":"2026-05-06 14:38:43","action":"change-status","newStatus":"draft","terms":[],"taxonomy":"translation_priority","extraData":[]},"publishpress_future_workflow_manual_trigger":{"enabledWorkflows":[]},"_links":{"self":[{"href":"https:\/\/www.filtrox.com\/it\/wp-json\/wp\/v2\/pages\/40716","targetHints":{"allow":["GET"]}}],"collection":[{"href":"https:\/\/www.filtrox.com\/it\/wp-json\/wp\/v2\/pages"}],"about":[{"href":"https:\/\/www.filtrox.com\/it\/wp-json\/wp\/v2\/types\/page"}],"author":[{"embeddable":true,"href":"https:\/\/www.filtrox.com\/it\/wp-json\/wp\/v2\/users\/8"}],"replies":[{"embeddable":true,"href":"https:\/\/www.filtrox.com\/it\/wp-json\/wp\/v2\/comments?post=40716"}],"version-history":[{"count":3,"href":"https:\/\/www.filtrox.com\/it\/wp-json\/wp\/v2\/pages\/40716\/revisions"}],"predecessor-version":[{"id":60636,"href":"https:\/\/www.filtrox.com\/it\/wp-json\/wp\/v2\/pages\/40716\/revisions\/60636"}],"up":[{"embeddable":true,"href":"https:\/\/www.filtrox.com\/it\/wp-json\/wp\/v2\/pages\/41008"}],"wp:attachment":[{"href":"https:\/\/www.filtrox.com\/it\/wp-json\/wp\/v2\/media?parent=40716"}],"curies":[{"name":"wp","href":"https:\/\/api.w.org\/{rel}","templated":true}]}}